{"id":1145,"date":"2019-01-07T08:13:46","date_gmt":"2019-01-07T07:13:46","guid":{"rendered":"https:\/\/zero-max.dk\/?page_id=1145"},"modified":"2025-12-18T09:01:25","modified_gmt":"2025-12-18T08:01:25","slug":"composite-disc-floating-shaft-couplings","status":"publish","type":"page","link":"https:\/\/zero-max.dk\/en\/composite-disc-floating-shaft-couplings\/","title":{"rendered":"Floating Shaft Composite Disc Couplings"},"content":{"rendered":"<p>[et_pb_section fb_built=&#8221;1&#8243; _builder_version=&#8221;4.21.0&#8243; background_image=&#8221;https:\/\/zero-max.dk\/wp-content\/uploads\/2019\/01\/Float_Top.jpg&#8221; custom_padding=&#8221;11%||||false|false&#8221; animation_style=&#8221;zoom&#8221; custom_css_main_element=&#8221;height: 450px;&#8221; border_width_bottom=&#8221;1px&#8221; border_color_bottom=&#8221;#e5e5e5&#8243; global_colors_info=&#8221;{}&#8221;][et_pb_row custom_padding_last_edited=&#8221;on|tablet&#8221; _builder_version=&#8221;4.21.0&#8243; custom_margin=&#8221;||&#8221; custom_padding_tablet=&#8221;157px||||false|false&#8221; custom_padding_phone=&#8221;178px||||false|false&#8221; custom_css_main_element=&#8221;position:relative;||z-index:99;&#8221; global_colors_info=&#8221;{}&#8221;][et_pb_column type=&#8221;4_4&#8243; _builder_version=&#8221;4.16&#8243; custom_padding=&#8221;|||&#8221; global_colors_info=&#8221;{}&#8221; custom_padding__hover=&#8221;|||&#8221;][et_pb_text _builder_version=&#8221;4.21.0&#8243; text_font=&#8221;Oswald||||||||&#8221; text_text_color=&#8221;#013366&#8243; text_font_size=&#8221;26px&#8221; text_letter_spacing=&#8221;4px&#8221; text_line_height=&#8221;1.1em&#8221; text_orientation=&#8221;right&#8221; global_colors_info=&#8221;{}&#8221;]<\/p>\n<p>Zero-Max \u2013 Din prim\u00e6re kilde<\/p>\n<p>[\/et_pb_text][\/et_pb_column][\/et_pb_row][\/et_pb_section][et_pb_section fb_built=&#8221;1&#8243; disabled_on=&#8221;on|off|off&#8221; _builder_version=&#8221;4.16&#8243; background_color=&#8221;#ffffff&#8221; custom_padding=&#8221;20px||20px&#8221; global_colors_info=&#8221;{}&#8221;][et_pb_row column_structure=&#8221;1_2,1_2&#8243; _builder_version=&#8221;4.16&#8243; global_colors_info=&#8221;{}&#8221;][et_pb_column type=&#8221;1_2&#8243; _builder_version=&#8221;4.16&#8243; custom_padding=&#8221;|||&#8221; global_colors_info=&#8221;{}&#8221; custom_padding__hover=&#8221;|||&#8221;][et_pb_image src=&#8221;https:\/\/zero-max.dk\/wp-content\/uploads\/2019\/01\/steel_floating_shaft_setscrew_hubs-1.png&#8221; align=&#8221;center&#8221; align_tablet=&#8221;center&#8221; align_phone=&#8221;&#8221; align_last_edited=&#8221;on|desktop&#8221; _builder_version=&#8221;4.16&#8243; custom_margin=&#8221;64px||0px&#8221; custom_padding=&#8221;||0px&#8221; global_colors_info=&#8221;{}&#8221;]<br \/>\n[\/et_pb_image][\/et_pb_column][et_pb_column type=&#8221;1_2&#8243; _builder_version=&#8221;4.16&#8243; custom_padding=&#8221;|||&#8221; global_colors_info=&#8221;{}&#8221; custom_padding__hover=&#8221;|||&#8221;][et_pb_text _builder_version=&#8221;4.16&#8243; header_3_text_color=&#8221;#003366&#8243; global_colors_info=&#8221;{}&#8221;]<\/p>\n<h1>GENNEMTESTET TEKNOLOGI<\/h1>\n<h2><span class=\"textheading2 mobile-undersized-upper\">Floating Shaft<br \/><\/span><\/h2>\n<p>Denne komposit diskkobling har ingen tilbageslag og er en torsionel stiv afstandskobling, men giver alligevel en fremragende forskydningskapacitet. Dertil giver den patenterede komposit disk glimrende st\u00f8tte for den floating shaft komponent med meget sm\u00e5 radiale belastninger p\u00e5 det forbundne udstyr og rullelejer. Pr\u00e6cisionshardware og pr\u00e6cist maskineri sikrer en sikker og pr\u00e6cis brug af floating shaft afstandskobling.<\/p>\n<p>Withstand the punishment and stress of a servo motor. In comparison, other couplings may have high torsional stiffness specifications; however they can be too brittle to withstand the punishment of high speed reversing applications.<\/p>\n<p>The working part is made of high precision composite material. The Patented design has high torsional stiffness and yet allow for misalignment in high stress applications. Composite Disc Couplings have excellent Chemical and moisture resistance and oprate without maintenance in hostile environments.<\/p>\n<p>[\/et_pb_text][et_pb_button button_url=&#8221;https:\/\/zero-max.dk\/wp-content\/uploads\/2025\/12\/Zero-Max_CD_Couplings_A4.pdf&#8221; url_new_window=&#8221;on&#8221; button_text=&#8221;DOWNLOAD Katalog &#8211; Floating Shaft&#8221; _builder_version=&#8221;4.27.4&#8243; custom_button=&#8221;on&#8221; button_text_color=&#8221;#ffffff&#8221; button_bg_color=&#8221;#003366&#8243; button_border_width=&#8221;4px&#8221; button_border_color=&#8221;#003366&#8243; button_border_radius=&#8221;4px&#8221; hover_enabled=&#8221;0&#8243; global_colors_info=&#8221;{}&#8221; sticky_enabled=&#8221;0&#8243;]<br \/>\n[\/et_pb_button][\/et_pb_column][\/et_pb_row][\/et_pb_section][et_pb_section fb_built=&#8221;1&#8243; _builder_version=&#8221;4.16&#8243; background_color=&#8221;#003366&#8243; global_colors_info=&#8221;{}&#8221;][et_pb_row _builder_version=&#8221;4.16&#8243; global_colors_info=&#8221;{}&#8221;][et_pb_column type=&#8221;4_4&#8243; _builder_version=&#8221;4.16&#8243; custom_padding=&#8221;|||&#8221; global_colors_info=&#8221;{}&#8221; custom_padding__hover=&#8221;|||&#8221;][et_pb_text _builder_version=&#8221;4.16&#8243; text_text_color=&#8221;#ffffff&#8221; header_2_text_color=&#8221;#ffffff&#8221; header_3_text_color=&#8221;#003366&#8243; global_colors_info=&#8221;{}&#8221;]<\/p>\n<h2><span class=\"textheading2 mobile-undersized-upper\">EGENSKABER<\/span><\/h2>\n<h2><span class=\"textheading2 mobile-undersized-upper\">Flydende Aksel<\/span><\/h2>\n<p>[\/et_pb_text][\/et_pb_column][\/et_pb_row][et_pb_row column_structure=&#8221;1_2,1_2&#8243; _builder_version=&#8221;4.16&#8243; custom_padding=&#8221;0px||0px&#8221; global_colors_info=&#8221;{}&#8221;][et_pb_column type=&#8221;1_2&#8243; _builder_version=&#8221;4.16&#8243; custom_padding=&#8221;|||&#8221; global_colors_info=&#8221;{}&#8221; custom_padding__hover=&#8221;|||&#8221;][et_pb_text _builder_version=&#8221;4.16&#8243; text_text_color=&#8221;#ffffff&#8221; header_2_text_color=&#8221;#ffffff&#8221; header_3_text_color=&#8221;#003366&#8243; global_colors_info=&#8221;{}&#8221;]<\/p>\n<ul>\n<li>\n<p>Ingen tilbageslag<\/p>\n<\/li>\n<li>\n<p>Torsionel stivhed<\/p>\n<\/li>\n<li>\n<p>Glimrende til tunge l\u00e6s<\/p>\n<\/li>\n<li>\n<p>Meget hurtig reaktionstid<\/p>\n<\/li>\n<li>\n<p>Kan f\u00e5s b\u00e5de med pinolskrue og sp\u00e6nderingsnav<\/p>\n<\/li>\n<\/ul>\n<p>[\/et_pb_text][\/et_pb_column][et_pb_column type=&#8221;1_2&#8243; _builder_version=&#8221;4.16&#8243; custom_padding=&#8221;|||&#8221; global_colors_info=&#8221;{}&#8221; custom_padding__hover=&#8221;|||&#8221;][et_pb_text _builder_version=&#8221;4.16&#8243; text_text_color=&#8221;#ffffff&#8221; header_2_text_color=&#8221;#ffffff&#8221; header_3_text_color=&#8221;#003366&#8243; text_orientation=&#8221;center&#8221; global_colors_info=&#8221;{}&#8221;]<\/p>\n<h2>Dit f\u00f8rstevalg til innovative, p\u00e5lidelige komposit diskkoblinger<\/h2>\n<p>[\/et_pb_text][\/et_pb_column][\/et_pb_row][\/et_pb_section][et_pb_section fb_built=&#8221;1&#8243; _builder_version=&#8221;4.16&#8243; global_colors_info=&#8221;{}&#8221;][et_pb_row column_structure=&#8221;1_2,1_2&#8243; _builder_version=&#8221;4.21.0&#8243; width_tablet=&#8221;&#8221; width_phone=&#8221;90%&#8221; width_last_edited=&#8221;on|phone&#8221; global_colors_info=&#8221;{}&#8221;][et_pb_column type=&#8221;1_2&#8243; _builder_version=&#8221;4.16&#8243; custom_padding=&#8221;|||&#8221; global_colors_info=&#8221;{}&#8221; custom_padding__hover=&#8221;|||&#8221;][et_pb_text _builder_version=&#8221;4.16&#8243; header_3_text_color=&#8221;#003366&#8243; global_colors_info=&#8221;{}&#8221;]<\/p>\n<h2><span class=\"textheading2 mobile-undersized-upper\">FORDELE<\/span><\/h2>\n<h2><span class=\"textheading2 mobile-undersized-upper\">Floating Shaft<\/span><\/h2>\n<p>&nbsp;<\/p>\n<p><strong>Floating Shaft Afstands Koblinger<\/strong><\/p>\n<p>Til lange sp\u00e6nd mellem bev\u00e6gelseskomponenter kan Zero-Maxs floating shaft koblinger m\u00e5ske v\u00e6re svaret p\u00e5 dine udfordringer. Vi tilbyder afstandskoblinger i aluminium, st\u00e5l og rustfrit st\u00e5l med A, B og sp\u00e6deringsnav, hvilket g\u00f8r det nemt at finde den rigtige til din applikation.<\/p>\n<p>&nbsp;<\/p>\n<p><strong>Dynamisk Indregulering for Floating Shaft Koblinger<\/strong><\/p>\n<p>Den t\u00e6tte tolerance som vi producerer vores komposit floating Shaft koblinger sammen med komposit disk pakkerne selv g\u00f8r disse apparater s\u00e6rligt velegnede for h\u00f8j hastighed og\/eller applikationer med h\u00f8j fart eller stor r\u00e6kkevidde. Imidlertid kan dynamisk afbalancering af den flydende akselkobling undertiden v\u00e6re p\u00e5kr\u00e6vet.<\/p>\n<p>&nbsp;<\/p>\n<p><strong>Koblingsforskydelse<\/strong><\/p>\n<p>I de fleste tilf\u00e6lde er forskydningskapaciteten i vores komposit disk floating shaft koblinger relateret til den fart, som de opererer under og floating shafts v\u00e6gt (styret af dens diameter og l\u00e6ngde). Ved at reducere den tilladte forskydning og dermed diskens stress kan diskens pakke bedre st\u00f8tte og stabilisere floating shaft. Dette resulterer i sidste ende i, at den er nemmere at bruge, f\u00e6rre vibrationer i det dertil forbundne udstyr og at koblingen f\u00e5r en l\u00e6ngere levetid.<\/p>\n<p>&nbsp;<\/p>\n<p><strong>Kundespecifikke Floating Shaft Komposit Disk koblinger<\/strong><\/p>\n<p>For at im\u00f8dekomme dine unikke krav og \u00f8nsker til applikationer og ydeevne kan Zero-Max tilbyde kundespecifikke floating shaft koblinger og afstandskoblinger. Adskillige faktorer og krav kan skr\u00e6ddersyes til dine specifikke behov \u2013 huldiameter, torsionel stivhed, forskydningskapacitet og flere \u2013 for at give dig den perfekte kompositdisk kobling til din applikation, kontakt os da i dag for at diskutere dine specifikke behov i en kobling.<\/p>\n<p>[\/et_pb_text][\/et_pb_column][et_pb_column type=&#8221;1_2&#8243; _builder_version=&#8221;4.16&#8243; custom_padding=&#8221;3%|||&#8221; global_colors_info=&#8221;{}&#8221; custom_padding__hover=&#8221;|||&#8221;][et_pb_image src=&#8221;https:\/\/zero-max.dk\/wp-content\/uploads\/2019\/01\/steel_floating_shaft_setscrew_hubs-1.png&#8221; align=&#8221;center&#8221; align_tablet=&#8221;center&#8221; align_phone=&#8221;&#8221; align_last_edited=&#8221;on|desktop&#8221; _builder_version=&#8221;4.16&#8243; custom_margin=&#8221;||0px&#8221; custom_padding=&#8221;||0px&#8221; global_colors_info=&#8221;{}&#8221;]<br \/>\n[\/et_pb_image][et_pb_text _builder_version=&#8221;4.16&#8243; custom_padding=&#8221;0px||&#8221; global_colors_info=&#8221;{}&#8221;]<\/p>\n<p style=\"text-align: center;\">Pinolskrue type nav<\/p>\n<p>[\/et_pb_text][et_pb_image src=&#8221;https:\/\/zero-max.dk\/wp-content\/uploads\/2019\/01\/floating_shaft.png&#8221; align=&#8221;center&#8221; align_tablet=&#8221;center&#8221; align_phone=&#8221;&#8221; align_last_edited=&#8221;on|desktop&#8221; _builder_version=&#8221;4.16&#8243; global_colors_info=&#8221;{}&#8221;]<br \/>\n[\/et_pb_image][et_pb_text _builder_version=&#8221;4.16&#8243; custom_padding=&#8221;0px||&#8221; global_colors_info=&#8221;{}&#8221;]<\/p>\n<p style=\"text-align: center;\">Sp\u00e6nderings type nav<\/p>\n<p>[\/et_pb_text][\/et_pb_column][\/et_pb_row][\/et_pb_section][et_pb_section fb_built=&#8221;1&#8243; _builder_version=&#8221;4.16&#8243; background_color=&#8221;#003366&#8243; custom_padding=&#8221;0px||0px&#8221; global_colors_info=&#8221;{}&#8221;][et_pb_row column_structure=&#8221;1_3,1_3,1_3&#8243; _builder_version=&#8221;4.16&#8243; global_colors_info=&#8221;{}&#8221;][et_pb_column type=&#8221;1_3&#8243; _builder_version=&#8221;4.16&#8243; custom_padding=&#8221;|||&#8221; global_colors_info=&#8221;{}&#8221; custom_padding__hover=&#8221;|||&#8221;][et_pb_text _builder_version=&#8221;4.16&#8243; header_2_text_align=&#8221;center&#8221; header_2_text_color=&#8221;#99ccff&#8221; header_2_font_size=&#8221;14px&#8221; custom_margin=&#8221;0px||0px&#8221; custom_padding=&#8221;0px||0px&#8221; global_colors_info=&#8221;{}&#8221;]<\/p>\n<h2>Zero Max<\/h2>\n<p>[\/et_pb_text][et_pb_text _builder_version=&#8221;4.16&#8243; background_image=&#8221;https:\/\/zero-max.dk\/wp-content\/uploads\/2018\/12\/Boxes.jpg&#8221; text_orientation=&#8221;center&#8221; custom_margin=&#8221;0px||0px&#8221; custom_padding=&#8221;10px|20px|26px|20px&#8221; border_width_all=&#8221;1px&#8221; border_color_all=&#8221;#ffffff&#8221; global_colors_info=&#8221;{}&#8221;]<\/p>\n<p>Vores gobale perspektiv g\u00f8r det muligt at give vores kunde kvalitetsprodukter til konkurrencedygtige priser hvor som helst<\/p>\n<p>[\/et_pb_text][\/et_pb_column][et_pb_column type=&#8221;1_3&#8243; _builder_version=&#8221;4.16&#8243; custom_padding=&#8221;|||&#8221; global_colors_info=&#8221;{}&#8221; custom_padding__hover=&#8221;|||&#8221;][et_pb_text _builder_version=&#8221;4.16&#8243; header_2_text_align=&#8221;center&#8221; header_2_text_color=&#8221;#99ccff&#8221; header_2_font_size=&#8221;14px&#8221; custom_margin=&#8221;0px||0px&#8221; custom_padding=&#8221;0px||0px&#8221; global_colors_info=&#8221;{}&#8221;]<\/p>\n<h2>Verdensf\u00f8rende eksperter!<\/h2>\n<p>[\/et_pb_text][et_pb_text _builder_version=&#8221;4.16&#8243; background_image=&#8221;https:\/\/zero-max.dk\/wp-content\/uploads\/2018\/12\/Boxes.jpg&#8221; text_orientation=&#8221;center&#8221; custom_margin=&#8221;0px||0px&#8221; custom_padding=&#8221;10px|20px|25px|20px&#8221; border_width_all=&#8221;1px&#8221; border_color_all=&#8221;#ffffff&#8221; global_colors_info=&#8221;{}&#8221;]<\/p>\n<p>Zero-Max kombinerer \u00e5rtiers branchef\u00f8rende erfaring med uovertruffen ekspertise inden for servobev\u00e6gelseskontrolsystemer<\/p>\n<p>[\/et_pb_text][\/et_pb_column][et_pb_column type=&#8221;1_3&#8243; _builder_version=&#8221;4.16&#8243; custom_padding=&#8221;|||&#8221; global_colors_info=&#8221;{}&#8221; custom_padding__hover=&#8221;|||&#8221;][et_pb_text _builder_version=&#8221;4.16&#8243; header_2_text_align=&#8221;center&#8221; header_2_text_color=&#8221;#99ccff&#8221; header_2_font_size=&#8221;14px&#8221; custom_margin=&#8221;0px||0px&#8221; custom_padding=&#8221;0px||0px&#8221; global_colors_info=&#8221;{}&#8221;]<\/p>\n<h2>Kontakt os i dag!<\/h2>\n<p>[\/et_pb_text][et_pb_text _builder_version=&#8221;4.16&#8243; background_image=&#8221;https:\/\/zero-max.dk\/wp-content\/uploads\/2018\/12\/Boxes.jpg&#8221; text_orientation=&#8221;center&#8221; custom_margin=&#8221;0px||0px&#8221; custom_padding=&#8221;10px|10px|10px|10px&#8221; border_width_all=&#8221;1px&#8221; border_color_all=&#8221;#ffffff&#8221; global_colors_info=&#8221;{}&#8221;]<\/p>\n<p>Zero-Max A\/S<br \/>Mail: ext@zero-max.dk <br \/>Haarup Tv\u00e6rvej 1<br \/>DK &#8211; 8600 Silkeborg<\/p>\n<p>[\/et_pb_text][\/et_pb_column][\/et_pb_row][\/et_pb_section]<\/p>\n","protected":false},"excerpt":{"rendered":"<p>Zero-Max \u2013 Din prim\u00e6re kilde GENNEMTESTET TEKNOLOGIFloating ShaftDenne komposit diskkobling har ingen tilbageslag og er en torsionel stiv afstandskobling, men giver alligevel en fremragende forskydningskapacitet. Dertil giver den patenterede komposit disk glimrende st\u00f8tte for den floating shaft komponent med meget sm\u00e5 radiale belastninger p\u00e5 det forbundne udstyr og rullelejer. Pr\u00e6cisionshardware og pr\u00e6cist maskineri sikrer en [&hellip;]<\/p>\n","protected":false},"author":7,"featured_media":0,"parent":0,"menu_order":0,"comment_status":"closed","ping_status":"closed","template":"","meta":{"_et_pb_use_builder":"on","_et_pb_old_content":"","_et_gb_content_width":"","footnotes":""},"class_list":["post-1145","page","type-page","status-publish","hentry"],"yoast_head":"<!-- This site is optimized with the Yoast SEO plugin v27.5 - https:\/\/yoast.com\/product\/yoast-seo-wordpress\/ -->\n<title>Floating Shaft Komposit Diskkoblinger | Torsionsstiv &amp; H\u00f8j Forskydning \u2013 Zero-Max<\/title>\n<meta name=\"description\" content=\"Zero-Max floating shaft komposit diskkoblinger sikrer h\u00f8j torsionsstivhed og fremragende forskydningskapacitet. Ideelle til h\u00f8jhastighedsapplikationer og kr\u00e6vende milj\u00f8er.\" \/>\n<meta name=\"robots\" content=\"index, follow, max-snippet:-1, max-image-preview:large, max-video-preview:-1\" \/>\n<link rel=\"canonical\" href=\"https:\/\/zero-max.dk\/en\/composite-disc-floating-shaft-couplings\/\" \/>\n<meta property=\"og:locale\" content=\"en_GB\" \/>\n<meta property=\"og:type\" content=\"article\" \/>\n<meta property=\"og:title\" content=\"Floating Shaft Komposit Diskkoblinger | Torsionsstiv &amp; H\u00f8j Forskydning \u2013 Zero-Max\" \/>\n<meta property=\"og:description\" content=\"Zero-Max floating shaft komposit diskkoblinger sikrer h\u00f8j torsionsstivhed og fremragende forskydningskapacitet. Ideelle til h\u00f8jhastighedsapplikationer og kr\u00e6vende milj\u00f8er.\" \/>\n<meta property=\"og:url\" content=\"https:\/\/zero-max.dk\/en\/composite-disc-floating-shaft-couplings\/\" \/>\n<meta property=\"og:site_name\" content=\"Zero-Max A\/S\" \/>\n<meta property=\"article:modified_time\" content=\"2025-12-18T08:01:25+00:00\" \/>\n<meta name=\"twitter:card\" content=\"summary_large_image\" \/>\n<meta name=\"twitter:label1\" content=\"Estimated reading time\" \/>\n\t<meta name=\"twitter:data1\" content=\"3 minutes\" \/>\n<script type=\"application\/ld+json\" class=\"yoast-schema-graph\">{\"@context\":\"https:\\\/\\\/schema.org\",\"@graph\":[{\"@type\":\"WebPage\",\"@id\":\"https:\\\/\\\/zero-max.dk\\\/composite-disc-floating-shaft-couplings\\\/\",\"url\":\"https:\\\/\\\/zero-max.dk\\\/composite-disc-floating-shaft-couplings\\\/\",\"name\":\"Floating Shaft Komposit Diskkoblinger | Torsionsstiv & H\u00f8j Forskydning \u2013 Zero-Max\",\"isPartOf\":{\"@id\":\"https:\\\/\\\/zero-max.dk\\\/#website\"},\"datePublished\":\"2019-01-07T07:13:46+00:00\",\"dateModified\":\"2025-12-18T08:01:25+00:00\",\"description\":\"Zero-Max floating shaft komposit diskkoblinger sikrer h\u00f8j torsionsstivhed og fremragende forskydningskapacitet. Ideelle til h\u00f8jhastighedsapplikationer og kr\u00e6vende milj\u00f8er.\",\"breadcrumb\":{\"@id\":\"https:\\\/\\\/zero-max.dk\\\/composite-disc-floating-shaft-couplings\\\/#breadcrumb\"},\"inLanguage\":\"en-GB\",\"potentialAction\":[{\"@type\":\"ReadAction\",\"target\":[\"https:\\\/\\\/zero-max.dk\\\/composite-disc-floating-shaft-couplings\\\/\"]}]},{\"@type\":\"BreadcrumbList\",\"@id\":\"https:\\\/\\\/zero-max.dk\\\/composite-disc-floating-shaft-couplings\\\/#breadcrumb\",\"itemListElement\":[{\"@type\":\"ListItem\",\"position\":1,\"name\":\"Hjem\",\"item\":\"https:\\\/\\\/zero-max.dk\\\/\"},{\"@type\":\"ListItem\",\"position\":2,\"name\":\"Floating Shaft Komposit Diskkoblinger\"}]},{\"@type\":\"WebSite\",\"@id\":\"https:\\\/\\\/zero-max.dk\\\/#website\",\"url\":\"https:\\\/\\\/zero-max.dk\\\/\",\"name\":\"Zero-Max A\\\/S\",\"description\":\"\",\"potentialAction\":[{\"@type\":\"SearchAction\",\"target\":{\"@type\":\"EntryPoint\",\"urlTemplate\":\"https:\\\/\\\/zero-max.dk\\\/?s={search_term_string}\"},\"query-input\":{\"@type\":\"PropertyValueSpecification\",\"valueRequired\":true,\"valueName\":\"search_term_string\"}}],\"inLanguage\":\"en-GB\"}]}<\/script>\n<!-- \/ Yoast SEO plugin. -->","yoast_head_json":{"title":"Floating Shaft Composite Disc Couplings | Torsionally Rigid &amp; High Shear - Zero-Max","description":"Zero-Max floating shaft composite disc couplings ensure high torsional stiffness and excellent shear capacity. Ideal for high-speed applications and demanding environments.","robots":{"index":"index","follow":"follow","max-snippet":"max-snippet:-1","max-image-preview":"max-image-preview:large","max-video-preview":"max-video-preview:-1"},"canonical":"https:\/\/zero-max.dk\/en\/composite-disc-floating-shaft-couplings\/","og_locale":"en_GB","og_type":"article","og_title":"Floating Shaft Komposit Diskkoblinger | Torsionsstiv & H\u00f8j Forskydning \u2013 Zero-Max","og_description":"Zero-Max floating shaft komposit diskkoblinger sikrer h\u00f8j torsionsstivhed og fremragende forskydningskapacitet. Ideelle til h\u00f8jhastighedsapplikationer og kr\u00e6vende milj\u00f8er.","og_url":"https:\/\/zero-max.dk\/en\/composite-disc-floating-shaft-couplings\/","og_site_name":"Zero-Max A\/S","article_modified_time":"2025-12-18T08:01:25+00:00","twitter_card":"summary_large_image","twitter_misc":{"Estimated reading time":"3 minutes"},"schema":{"@context":"https:\/\/schema.org","@graph":[{"@type":"WebPage","@id":"https:\/\/zero-max.dk\/composite-disc-floating-shaft-couplings\/","url":"https:\/\/zero-max.dk\/composite-disc-floating-shaft-couplings\/","name":"Floating Shaft Composite Disc Couplings | Torsionally Rigid &amp; High Shear - Zero-Max","isPartOf":{"@id":"https:\/\/zero-max.dk\/#website"},"datePublished":"2019-01-07T07:13:46+00:00","dateModified":"2025-12-18T08:01:25+00:00","description":"Zero-Max floating shaft composite disc couplings ensure high torsional stiffness and excellent shear capacity. Ideal for high-speed applications and demanding environments.","breadcrumb":{"@id":"https:\/\/zero-max.dk\/composite-disc-floating-shaft-couplings\/#breadcrumb"},"inLanguage":"en-GB","potentialAction":[{"@type":"ReadAction","target":["https:\/\/zero-max.dk\/composite-disc-floating-shaft-couplings\/"]}]},{"@type":"BreadcrumbList","@id":"https:\/\/zero-max.dk\/composite-disc-floating-shaft-couplings\/#breadcrumb","itemListElement":[{"@type":"ListItem","position":1,"name":"Hjem","item":"https:\/\/zero-max.dk\/"},{"@type":"ListItem","position":2,"name":"Floating Shaft Komposit Diskkoblinger"}]},{"@type":"WebSite","@id":"https:\/\/zero-max.dk\/#website","url":"https:\/\/zero-max.dk\/","name":"Zero-Max A\/S","description":"","potentialAction":[{"@type":"SearchAction","target":{"@type":"EntryPoint","urlTemplate":"https:\/\/zero-max.dk\/?s={search_term_string}"},"query-input":{"@type":"PropertyValueSpecification","valueRequired":true,"valueName":"search_term_string"}}],"inLanguage":"en-GB"}]}},"_links":{"self":[{"href":"https:\/\/zero-max.dk\/en\/wp-json\/wp\/v2\/pages\/1145","targetHints":{"allow":["GET"]}}],"collection":[{"href":"https:\/\/zero-max.dk\/en\/wp-json\/wp\/v2\/pages"}],"about":[{"href":"https:\/\/zero-max.dk\/en\/wp-json\/wp\/v2\/types\/page"}],"author":[{"embeddable":true,"href":"https:\/\/zero-max.dk\/en\/wp-json\/wp\/v2\/users\/7"}],"replies":[{"embeddable":true,"href":"https:\/\/zero-max.dk\/en\/wp-json\/wp\/v2\/comments?post=1145"}],"version-history":[{"count":17,"href":"https:\/\/zero-max.dk\/en\/wp-json\/wp\/v2\/pages\/1145\/revisions"}],"predecessor-version":[{"id":6420,"href":"https:\/\/zero-max.dk\/en\/wp-json\/wp\/v2\/pages\/1145\/revisions\/6420"}],"wp:attachment":[{"href":"https:\/\/zero-max.dk\/en\/wp-json\/wp\/v2\/media?parent=1145"}],"curies":[{"name":"wp","href":"https:\/\/api.w.org\/{rel}","templated":true}]}}