{"id":2588,"date":"2020-05-04T11:37:25","date_gmt":"2020-05-04T09:37:25","guid":{"rendered":"https:\/\/zero-max.dk\/?page_id=2588"},"modified":"2025-04-07T22:37:53","modified_gmt":"2025-04-07T20:37:53","slug":"slewing-bearings","status":"publish","type":"page","link":"https:\/\/zero-max.dk\/en\/svingelejer\/","title":{"rendered":"Spherical Bearings"},"content":{"rendered":"<p>[et_pb_section fb_built=&#8221;1&#8243; _builder_version=&#8221;4.16&#8243; global_colors_info=&#8221;{}&#8221;][et_pb_row _builder_version=&#8221;4.16&#8243; global_colors_info=&#8221;{}&#8221;][et_pb_column type=&#8221;4_4&#8243; _builder_version=&#8221;4.16&#8243; global_colors_info=&#8221;{}&#8221;][et_pb_text _builder_version=&#8221;4.27.4&#8243; text_font_size=&#8221;19px&#8221; text_line_height=&#8221;1.4em&#8221; hover_enabled=&#8221;0&#8243; global_colors_info=&#8221;{}&#8221; sticky_enabled=&#8221;0&#8243;]<\/p>\n<h1>Svingelejer<\/h1>\n<p>I vores produktsortiment fremg\u00e5r de forskellige svingelejer vi har tilg\u00e6ngelige. De fremg\u00e5r b\u00e5de som standard men ogs\u00e5 flange designs. Der er ogs\u00e5 special l\u00f8sninger for dette produkt.<\/p>\n<p><a href=\"https:\/\/zero-max.dk\/wp-content\/uploads\/2020\/05\/4.pdf\" target=\"_blank\" rel=\"noopener noreferrer\">Katalog Svingelejer<\/a><\/p>\n<p>[\/et_pb_text][\/et_pb_column][\/et_pb_row][et_pb_row column_structure=&#8221;1_3,1_3,1_3&#8243; _builder_version=&#8221;4.21.0&#8243; animation_style=&#8221;zoom&#8221; global_colors_info=&#8221;{}&#8221;][et_pb_column type=&#8221;1_3&#8243; _builder_version=&#8221;4.16&#8243; global_colors_info=&#8221;{}&#8221;][et_pb_image src=&#8221;https:\/\/zero-max.dk\/wp-content\/uploads\/2020\/05\/1.jpg&#8221; _builder_version=&#8221;4.16&#8243; global_colors_info=&#8221;{}&#8221;][\/et_pb_image][et_pb_text _builder_version=&#8221;4.16&#8243; link_option_url_new_window=&#8221;on&#8221; global_colors_info=&#8221;{}&#8221;]<\/p>\n<p><strong>Svingelejer\u00a0 \u00a0 \u00a0 \u00a0 \u00a0 \u00a0 \u00a0 \u00a0 \u00a0 \u00a0 \u00a0 \u00a0 \u00a0 \u00a0 \u00a0 \u00a0 \u00a0 \u00a0 \u00a0 \u00a0 \u00a0 \u00a0 <a href=\"https:\/\/zero-max.dk\/wp-content\/uploads\/2020\/05\/1.pdf\" target=\"_blank\" rel=\"noopener noreferrer\">PDF Download\u00a0<\/a><\/strong><\/p>\n<p>Single-row, Flange Bearing<\/p>\n<p>[\/et_pb_text][\/et_pb_column][et_pb_column type=&#8221;1_3&#8243; _builder_version=&#8221;4.16&#8243; global_colors_info=&#8221;{}&#8221;][et_pb_image src=&#8221;https:\/\/zero-max.dk\/wp-content\/uploads\/2020\/05\/2.jpg&#8221; _builder_version=&#8221;4.16&#8243; global_colors_info=&#8221;{}&#8221;][\/et_pb_image][et_pb_text _builder_version=&#8221;4.16&#8243; global_colors_info=&#8221;{}&#8221;]<\/p>\n<p><strong>Svingelejer\u00a0 \u00a0 \u00a0 \u00a0 \u00a0 \u00a0 \u00a0 \u00a0 \u00a0 \u00a0 \u00a0 \u00a0 \u00a0 \u00a0 \u00a0 \u00a0 \u00a0 \u00a0 \u00a0 \u00a0 \u00a0 \u00a0 <a href=\"https:\/\/zero-max.dk\/wp-content\/uploads\/2020\/05\/2.pdf\" target=\"_blank\" rel=\"noopener noreferrer\">PDF Download<\/a>\u00a0<\/strong><\/p>\n<p>Single-row, Four Point Contact Bearing<\/p>\n<p>[\/et_pb_text][\/et_pb_column][et_pb_column type=&#8221;1_3&#8243; _builder_version=&#8221;4.16&#8243; global_colors_info=&#8221;{}&#8221;][et_pb_image src=&#8221;https:\/\/zero-max.dk\/wp-content\/uploads\/2020\/05\/3.jpg&#8221; _builder_version=&#8221;4.16&#8243; global_colors_info=&#8221;{}&#8221;][\/et_pb_image][et_pb_text _builder_version=&#8221;4.16&#8243; global_colors_info=&#8221;{}&#8221;]<\/p>\n<p><strong>Svingelejer\u00a0 \u00a0 \u00a0 \u00a0 \u00a0 \u00a0 \u00a0 \u00a0 \u00a0 \u00a0 \u00a0 \u00a0 \u00a0 \u00a0 \u00a0 \u00a0 \u00a0 \u00a0 \u00a0 \u00a0 \u00a0 \u00a0 <a href=\"https:\/\/zero-max.dk\/wp-content\/uploads\/2020\/05\/3.pdf\" target=\"_blank\" rel=\"noopener noreferrer\">PDF Download<\/a>\u00a0<\/strong><\/p>\n<p>Single-row<\/p>\n<p>[\/et_pb_text][\/et_pb_column][\/et_pb_row][\/et_pb_section]<\/p>\n","protected":false},"excerpt":{"rendered":"<p>Svingelejer I vores produktsortiment fremg\u00e5r de forskellige svingelejer vi har tilg\u00e6ngelige. De fremg\u00e5r b\u00e5de som standard men ogs\u00e5 flange designs. Der er ogs\u00e5 special l\u00f8sninger for dette produkt. Katalog SvingelejerSvingelejer\u00a0 \u00a0 \u00a0 \u00a0 \u00a0 \u00a0 \u00a0 \u00a0 \u00a0 \u00a0 \u00a0 \u00a0 \u00a0 \u00a0 \u00a0 \u00a0 \u00a0 \u00a0 \u00a0 \u00a0 \u00a0 \u00a0 PDF Download\u00a0 Single-row, Flange [&hellip;]<\/p>\n","protected":false},"author":7,"featured_media":0,"parent":0,"menu_order":0,"comment_status":"closed","ping_status":"closed","template":"","meta":{"_et_pb_use_builder":"on","_et_pb_old_content":"","_et_gb_content_width":"","footnotes":""},"class_list":["post-2588","page","type-page","status-publish","hentry"],"yoast_head":"<!-- This site is optimized with the Yoast SEO plugin v27.5 - https:\/\/yoast.com\/product\/yoast-seo-wordpress\/ -->\n<title>Svingelejer i standard og flange-designs | Zero-Max A\/S<\/title>\n<meta name=\"description\" content=\"Se vores udvalg af svingelejer \u2013 b\u00e5de standard og flange-udf\u00f8relser. Vi tilbyder ogs\u00e5 speciall\u00f8sninger tilpasset dine behov. H\u00f8j kvalitet og fleksibilitet.\" \/>\n<meta name=\"robots\" content=\"index, follow, max-snippet:-1, max-image-preview:large, max-video-preview:-1\" \/>\n<link rel=\"canonical\" href=\"https:\/\/zero-max.dk\/en\/slewing-bearings\/\" \/>\n<meta property=\"og:locale\" content=\"en_GB\" \/>\n<meta property=\"og:type\" content=\"article\" \/>\n<meta property=\"og:title\" content=\"Svingelejer i standard og flange-designs | Zero-Max A\/S\" \/>\n<meta property=\"og:description\" content=\"Se vores udvalg af svingelejer \u2013 b\u00e5de standard og flange-udf\u00f8relser. Vi tilbyder ogs\u00e5 speciall\u00f8sninger tilpasset dine behov. H\u00f8j kvalitet og fleksibilitet.\" \/>\n<meta property=\"og:url\" content=\"https:\/\/zero-max.dk\/en\/slewing-bearings\/\" \/>\n<meta property=\"og:site_name\" content=\"Zero-Max A\/S\" \/>\n<meta property=\"article:modified_time\" content=\"2025-04-07T20:37:53+00:00\" \/>\n<meta name=\"twitter:card\" content=\"summary_large_image\" \/>\n<meta name=\"twitter:label1\" content=\"Estimated reading time\" \/>\n\t<meta name=\"twitter:data1\" content=\"1 minute\" \/>\n<script type=\"application\/ld+json\" class=\"yoast-schema-graph\">{\"@context\":\"https:\\\/\\\/schema.org\",\"@graph\":[{\"@type\":\"WebPage\",\"@id\":\"https:\\\/\\\/zero-max.dk\\\/svingelejer\\\/\",\"url\":\"https:\\\/\\\/zero-max.dk\\\/svingelejer\\\/\",\"name\":\"Svingelejer i standard og flange-designs | Zero-Max A\\\/S\",\"isPartOf\":{\"@id\":\"https:\\\/\\\/zero-max.dk\\\/#website\"},\"datePublished\":\"2020-05-04T09:37:25+00:00\",\"dateModified\":\"2025-04-07T20:37:53+00:00\",\"description\":\"Se vores udvalg af svingelejer \u2013 b\u00e5de standard og flange-udf\u00f8relser. Vi tilbyder ogs\u00e5 speciall\u00f8sninger tilpasset dine behov. H\u00f8j kvalitet og fleksibilitet.\",\"breadcrumb\":{\"@id\":\"https:\\\/\\\/zero-max.dk\\\/svingelejer\\\/#breadcrumb\"},\"inLanguage\":\"en-GB\",\"potentialAction\":[{\"@type\":\"ReadAction\",\"target\":[\"https:\\\/\\\/zero-max.dk\\\/svingelejer\\\/\"]}]},{\"@type\":\"BreadcrumbList\",\"@id\":\"https:\\\/\\\/zero-max.dk\\\/svingelejer\\\/#breadcrumb\",\"itemListElement\":[{\"@type\":\"ListItem\",\"position\":1,\"name\":\"Hjem\",\"item\":\"https:\\\/\\\/zero-max.dk\\\/\"},{\"@type\":\"ListItem\",\"position\":2,\"name\":\"Svingelejer\"}]},{\"@type\":\"WebSite\",\"@id\":\"https:\\\/\\\/zero-max.dk\\\/#website\",\"url\":\"https:\\\/\\\/zero-max.dk\\\/\",\"name\":\"Zero-Max A\\\/S\",\"description\":\"\",\"potentialAction\":[{\"@type\":\"SearchAction\",\"target\":{\"@type\":\"EntryPoint\",\"urlTemplate\":\"https:\\\/\\\/zero-max.dk\\\/?s={search_term_string}\"},\"query-input\":{\"@type\":\"PropertyValueSpecification\",\"valueRequired\":true,\"valueName\":\"search_term_string\"}}],\"inLanguage\":\"en-GB\"}]}<\/script>\n<!-- \/ Yoast SEO plugin. -->","yoast_head_json":{"title":"Slewing bearings in standard and flange designs | Zero-Max A\/S","description":"See our range of slewing bearings - both standard and flanged versions. We also offer customised solutions tailored to your needs. High quality and flexibility.","robots":{"index":"index","follow":"follow","max-snippet":"max-snippet:-1","max-image-preview":"max-image-preview:large","max-video-preview":"max-video-preview:-1"},"canonical":"https:\/\/zero-max.dk\/en\/slewing-bearings\/","og_locale":"en_GB","og_type":"article","og_title":"Svingelejer i standard og flange-designs | Zero-Max A\/S","og_description":"Se vores udvalg af svingelejer \u2013 b\u00e5de standard og flange-udf\u00f8relser. Vi tilbyder ogs\u00e5 speciall\u00f8sninger tilpasset dine behov. H\u00f8j kvalitet og fleksibilitet.","og_url":"https:\/\/zero-max.dk\/en\/slewing-bearings\/","og_site_name":"Zero-Max A\/S","article_modified_time":"2025-04-07T20:37:53+00:00","twitter_card":"summary_large_image","twitter_misc":{"Estimated reading time":"1 minute"},"schema":{"@context":"https:\/\/schema.org","@graph":[{"@type":"WebPage","@id":"https:\/\/zero-max.dk\/svingelejer\/","url":"https:\/\/zero-max.dk\/svingelejer\/","name":"Slewing bearings in standard and flange designs | Zero-Max A\/S","isPartOf":{"@id":"https:\/\/zero-max.dk\/#website"},"datePublished":"2020-05-04T09:37:25+00:00","dateModified":"2025-04-07T20:37:53+00:00","description":"See our range of slewing bearings - both standard and flanged versions. We also offer customised solutions tailored to your needs. High quality and flexibility.","breadcrumb":{"@id":"https:\/\/zero-max.dk\/svingelejer\/#breadcrumb"},"inLanguage":"en-GB","potentialAction":[{"@type":"ReadAction","target":["https:\/\/zero-max.dk\/svingelejer\/"]}]},{"@type":"BreadcrumbList","@id":"https:\/\/zero-max.dk\/svingelejer\/#breadcrumb","itemListElement":[{"@type":"ListItem","position":1,"name":"Hjem","item":"https:\/\/zero-max.dk\/"},{"@type":"ListItem","position":2,"name":"Svingelejer"}]},{"@type":"WebSite","@id":"https:\/\/zero-max.dk\/#website","url":"https:\/\/zero-max.dk\/","name":"Zero-Max A\/S","description":"","potentialAction":[{"@type":"SearchAction","target":{"@type":"EntryPoint","urlTemplate":"https:\/\/zero-max.dk\/?s={search_term_string}"},"query-input":{"@type":"PropertyValueSpecification","valueRequired":true,"valueName":"search_term_string"}}],"inLanguage":"en-GB"}]}},"_links":{"self":[{"href":"https:\/\/zero-max.dk\/en\/wp-json\/wp\/v2\/pages\/2588","targetHints":{"allow":["GET"]}}],"collection":[{"href":"https:\/\/zero-max.dk\/en\/wp-json\/wp\/v2\/pages"}],"about":[{"href":"https:\/\/zero-max.dk\/en\/wp-json\/wp\/v2\/types\/page"}],"author":[{"embeddable":true,"href":"https:\/\/zero-max.dk\/en\/wp-json\/wp\/v2\/users\/7"}],"replies":[{"embeddable":true,"href":"https:\/\/zero-max.dk\/en\/wp-json\/wp\/v2\/comments?post=2588"}],"version-history":[{"count":8,"href":"https:\/\/zero-max.dk\/en\/wp-json\/wp\/v2\/pages\/2588\/revisions"}],"predecessor-version":[{"id":6303,"href":"https:\/\/zero-max.dk\/en\/wp-json\/wp\/v2\/pages\/2588\/revisions\/6303"}],"wp:attachment":[{"href":"https:\/\/zero-max.dk\/en\/wp-json\/wp\/v2\/media?parent=2588"}],"curies":[{"name":"wp","href":"https:\/\/api.w.org\/{rel}","templated":true}]}}