{"id":3031,"date":"2020-05-12T11:38:30","date_gmt":"2020-05-12T09:38:30","guid":{"rendered":"https:\/\/zero-max.dk\/?page_id=3031"},"modified":"2025-04-08T04:01:18","modified_gmt":"2025-04-08T02:01:18","slug":"linear-drives-2","status":"publish","type":"page","link":"https:\/\/zero-max.dk\/en\/lineaer-drives\/","title":{"rendered":"Linear Drives"},"content":{"rendered":"<p>[et_pb_section fb_built=&#8221;1&#8243; _builder_version=&#8221;4.16&#8243; global_colors_info=&#8221;{}&#8221;][et_pb_row _builder_version=&#8221;4.16&#8243; global_colors_info=&#8221;{}&#8221;][et_pb_column type=&#8221;4_4&#8243; _builder_version=&#8221;4.16&#8243; global_colors_info=&#8221;{}&#8221;][et_pb_text _builder_version=&#8221;4.27.4&#8243; text_font_size=&#8221;19px&#8221; text_line_height=&#8221;1.3em&#8221; hover_enabled=&#8221;0&#8243; global_colors_info=&#8221;{}&#8221; sticky_enabled=&#8221;0&#8243;]<\/p>\n<h1>Line\u00e6r Drives<\/h1>\n<p>Vi kan tilbyde line\u00e6r guideways til forskellige driftsforhold,\u00a0 positions systemer, og forskellige line\u00e6r motor.<\/p>\n<p><a href=\"https:\/\/zero-max.dk\/wp-content\/uploads\/2020\/05\/13.pdf\">Katalog Line\u00e6r Drives<\/a><\/p>\n<p>[\/et_pb_text][\/et_pb_column][\/et_pb_row][et_pb_row column_structure=&#8221;1_3,1_3,1_3&#8243; _builder_version=&#8221;4.21.0&#8243; animation_style=&#8221;zoom&#8221; global_colors_info=&#8221;{}&#8221;][et_pb_column type=&#8221;1_3&#8243; _builder_version=&#8221;4.16&#8243; global_colors_info=&#8221;{}&#8221;][et_pb_image src=&#8221;https:\/\/zero-max.dk\/wp-content\/uploads\/2020\/05\/1-15.jpg&#8221; _builder_version=&#8221;4.16&#8243; global_colors_info=&#8221;{}&#8221;][\/et_pb_image][et_pb_text _builder_version=&#8221;4.16&#8243; global_colors_info=&#8221;{}&#8221;]<\/p>\n<p><strong>Tandstangs Guideway<\/strong>\u00a0 \u00a0 \u00a0 \u00a0 \u00a0 \u00a0 \u00a0 \u00a0 \u00a0 \u00a0 \u00a0 \u00a0 <a href=\"https:\/\/zero-max.dk\/wp-content\/uploads\/2020\/05\/1-14.pdf\">PDF Download<\/a><\/p>\n<p>GUR Series<\/p>\n<p>[\/et_pb_text][\/et_pb_column][et_pb_column type=&#8221;1_3&#8243; _builder_version=&#8221;4.16&#8243; global_colors_info=&#8221;{}&#8221;][et_pb_image src=&#8221;https:\/\/zero-max.dk\/wp-content\/uploads\/2020\/05\/2-14.jpg&#8221; _builder_version=&#8221;4.16&#8243; global_colors_info=&#8221;{}&#8221;][\/et_pb_image][et_pb_text _builder_version=&#8221;4.16&#8243; global_colors_info=&#8221;{}&#8221;]<\/p>\n<p><strong>Tandstangs Guideway<\/strong>\u00a0 \u00a0 \u00a0 \u00a0 \u00a0 \u00a0 \u00a0 \u00a0 \u00a0 \u00a0 \u00a0 \u00a0 <a href=\"https:\/\/zero-max.dk\/wp-content\/uploads\/2020\/05\/2-14.pdf\">PDF Download<\/a><\/p>\n<p>Z Series<\/p>\n<p>[\/et_pb_text][\/et_pb_column][et_pb_column type=&#8221;1_3&#8243; _builder_version=&#8221;4.16&#8243; global_colors_info=&#8221;{}&#8221;][et_pb_image src=&#8221;https:\/\/zero-max.dk\/wp-content\/uploads\/2020\/05\/3-14.jpg&#8221; _builder_version=&#8221;4.16&#8243; global_colors_info=&#8221;{}&#8221;][\/et_pb_image][et_pb_text _builder_version=&#8221;4.16&#8243; global_colors_info=&#8221;{}&#8221;]<\/p>\n<p><strong>Line\u00e6r Guideway<\/strong>\u00a0 \u00a0 \u00a0 \u00a0 \u00a0 \u00a0 \u00a0 \u00a0 \u00a0 \u00a0 \u00a0 \u00a0 \u00a0 \u00a0 \u00a0 \u00a0 \u00a0 <a href=\"https:\/\/zero-max.dk\/wp-content\/uploads\/2020\/05\/3-14.pdf\">PDF Download<\/a><\/p>\n<p>HG Series<\/p>\n<p>[\/et_pb_text][\/et_pb_column][\/et_pb_row][et_pb_row column_structure=&#8221;1_3,1_3,1_3&#8243; _builder_version=&#8221;4.16&#8243; global_colors_info=&#8221;{}&#8221;][et_pb_column type=&#8221;1_3&#8243; _builder_version=&#8221;4.16&#8243; global_colors_info=&#8221;{}&#8221;][et_pb_image src=&#8221;https:\/\/zero-max.dk\/wp-content\/uploads\/2020\/05\/4-12.jpg&#8221; _builder_version=&#8221;4.16&#8243; global_colors_info=&#8221;{}&#8221;][\/et_pb_image][et_pb_text _builder_version=&#8221;4.16&#8243; global_colors_info=&#8221;{}&#8221;]<\/p>\n<p><strong>Line\u00e6r Guideway<\/strong>\u00a0 \u00a0 \u00a0 \u00a0 \u00a0 \u00a0 \u00a0 \u00a0 \u00a0 \u00a0 \u00a0 \u00a0 \u00a0 \u00a0 \u00a0 \u00a0 \u00a0 <a href=\"https:\/\/zero-max.dk\/wp-content\/uploads\/2020\/05\/4-14.pdf\">PDF Download<\/a><\/p>\n<p>EG Series<\/p>\n<p>[\/et_pb_text][\/et_pb_column][et_pb_column type=&#8221;1_3&#8243; _builder_version=&#8221;4.16&#8243; global_colors_info=&#8221;{}&#8221;][et_pb_image src=&#8221;https:\/\/zero-max.dk\/wp-content\/uploads\/2020\/05\/5-11.jpg&#8221; _builder_version=&#8221;4.16&#8243; global_colors_info=&#8221;{}&#8221;][\/et_pb_image][et_pb_text _builder_version=&#8221;4.16&#8243; global_colors_info=&#8221;{}&#8221;]<\/p>\n<p><strong>Line\u00e6r Guideway<\/strong>\u00a0 \u00a0 \u00a0 \u00a0 \u00a0 \u00a0 \u00a0 \u00a0 \u00a0 \u00a0 \u00a0 \u00a0 \u00a0 \u00a0 \u00a0 \u00a0 \u00a0<a href=\"https:\/\/zero-max.dk\/wp-content\/uploads\/2020\/05\/5-12.pdf\"> PDF Download<\/a><\/p>\n<p>QH\/QE Series<\/p>\n<p>[\/et_pb_text][\/et_pb_column][et_pb_column type=&#8221;1_3&#8243; _builder_version=&#8221;4.16&#8243; global_colors_info=&#8221;{}&#8221;][et_pb_image src=&#8221;https:\/\/zero-max.dk\/wp-content\/uploads\/2020\/05\/6-11.jpg&#8221; _builder_version=&#8221;4.16&#8243; global_colors_info=&#8221;{}&#8221;][\/et_pb_image][et_pb_text _builder_version=&#8221;4.16&#8243; global_colors_info=&#8221;{}&#8221;]<\/p>\n<p><strong>Line\u00e6r Guideway<\/strong>\u00a0 \u00a0 \u00a0 \u00a0 \u00a0 \u00a0 \u00a0 \u00a0 \u00a0 \u00a0 \u00a0 \u00a0 \u00a0 \u00a0 \u00a0 \u00a0 \u00a0 <a href=\"https:\/\/zero-max.dk\/wp-content\/uploads\/2020\/05\/6-10.pdf\">PDF Download<\/a><\/p>\n<p>WE Series<\/p>\n<p>[\/et_pb_text][\/et_pb_column][\/et_pb_row][et_pb_row column_structure=&#8221;1_3,1_3,1_3&#8243; _builder_version=&#8221;4.16&#8243; global_colors_info=&#8221;{}&#8221;][et_pb_column type=&#8221;1_3&#8243; _builder_version=&#8221;4.16&#8243; global_colors_info=&#8221;{}&#8221;][et_pb_image src=&#8221;https:\/\/zero-max.dk\/wp-content\/uploads\/2020\/05\/7-9.jpg&#8221; _builder_version=&#8221;4.16&#8243; global_colors_info=&#8221;{}&#8221;][\/et_pb_image][et_pb_text _builder_version=&#8221;4.16&#8243; global_colors_info=&#8221;{}&#8221;]<\/p>\n<p><strong>Line\u00e6r Guideway<\/strong>\u00a0 \u00a0 \u00a0 \u00a0 \u00a0 \u00a0 \u00a0 \u00a0 \u00a0 \u00a0 \u00a0 \u00a0 \u00a0 \u00a0 \u00a0 \u00a0 \u00a0 <a href=\"https:\/\/zero-max.dk\/wp-content\/uploads\/2020\/05\/7-10.pdf\">PDF Download<\/a><\/p>\n<p>MG Series<\/p>\n<p>[\/et_pb_text][\/et_pb_column][et_pb_column type=&#8221;1_3&#8243; _builder_version=&#8221;4.16&#8243; global_colors_info=&#8221;{}&#8221;][et_pb_image src=&#8221;https:\/\/zero-max.dk\/wp-content\/uploads\/2020\/05\/8-2.jpg&#8221; _builder_version=&#8221;4.16&#8243; global_colors_info=&#8221;{}&#8221;][\/et_pb_image][et_pb_text _builder_version=&#8221;4.16&#8243; global_colors_info=&#8221;{}&#8221;]<\/p>\n<p><strong>Line\u00e6r Guideway<\/strong>\u00a0 \u00a0 \u00a0 \u00a0 \u00a0 \u00a0 \u00a0 \u00a0 \u00a0 \u00a0 \u00a0 \u00a0 \u00a0 \u00a0 \u00a0 \u00a0 \u00a0 <a href=\"https:\/\/zero-max.dk\/wp-content\/uploads\/2020\/05\/8-8.pdf\">PDF Download<\/a><\/p>\n<p>RG Series<\/p>\n<p>[\/et_pb_text][\/et_pb_column][et_pb_column type=&#8221;1_3&#8243; _builder_version=&#8221;4.16&#8243; global_colors_info=&#8221;{}&#8221;][et_pb_image src=&#8221;https:\/\/zero-max.dk\/wp-content\/uploads\/2020\/05\/9-2.jpg&#8221; _builder_version=&#8221;4.16&#8243; global_colors_info=&#8221;{}&#8221;][\/et_pb_image][et_pb_text _builder_version=&#8221;4.16&#8243; global_colors_info=&#8221;{}&#8221;]<\/p>\n<p><b>Positions System\u00a0<\/b>\u00a0 \u00a0 \u00a0 \u00a0 \u00a0 \u00a0 \u00a0 \u00a0 \u00a0 \u00a0 \u00a0 \u00a0 \u00a0 \u00a0 \u00a0 \u00a0 \u00a0 <a href=\"https:\/\/zero-max.dk\/wp-content\/uploads\/2020\/05\/9-2.pdf\">PDF Download<\/a><\/p>\n<p>Line\u00e6r Akse<\/p>\n<p>[\/et_pb_text][\/et_pb_column][\/et_pb_row][et_pb_row column_structure=&#8221;1_3,1_3,1_3&#8243; _builder_version=&#8221;4.16&#8243; global_colors_info=&#8221;{}&#8221;][et_pb_column type=&#8221;1_3&#8243; _builder_version=&#8221;4.16&#8243; global_colors_info=&#8221;{}&#8221;][et_pb_image src=&#8221;https:\/\/zero-max.dk\/wp-content\/uploads\/2020\/05\/10.jpg&#8221; _builder_version=&#8221;4.16&#8243; global_colors_info=&#8221;{}&#8221;][\/et_pb_image][et_pb_text _builder_version=&#8221;4.16&#8243; global_colors_info=&#8221;{}&#8221;]<\/p>\n<p><b>Positions System\u00a0<\/b>\u00a0 \u00a0 \u00a0 \u00a0 \u00a0 \u00a0 \u00a0 \u00a0 \u00a0 \u00a0 \u00a0 \u00a0 \u00a0 \u00a0 \u00a0 \u00a0 \u00a0 <a href=\"https:\/\/zero-max.dk\/wp-content\/uploads\/2020\/05\/10-3.pdf\">PDF Download<\/a><\/p>\n<p>Line\u00e6r Motor Akse<\/p>\n<p>[\/et_pb_text][\/et_pb_column][et_pb_column type=&#8221;1_3&#8243; _builder_version=&#8221;4.16&#8243; global_colors_info=&#8221;{}&#8221;][et_pb_image src=&#8221;https:\/\/zero-max.dk\/wp-content\/uploads\/2020\/05\/11.jpg&#8221; _builder_version=&#8221;4.16&#8243; global_colors_info=&#8221;{}&#8221;][\/et_pb_image][et_pb_text _builder_version=&#8221;4.16&#8243; global_colors_info=&#8221;{}&#8221;]<\/p>\n<p><b>Positions System\u00a0<\/b>\u00a0 \u00a0 \u00a0 \u00a0 \u00a0 \u00a0 \u00a0 \u00a0 \u00a0 \u00a0 \u00a0 \u00a0 \u00a0 \u00a0 \u00a0 \u00a0 \u00a0 <a href=\"https:\/\/zero-max.dk\/wp-content\/uploads\/2020\/05\/11.pdf\">PDF Download<\/a><\/p>\n<p>Drejeborde og Torque Motor<\/p>\n<p>[\/et_pb_text][\/et_pb_column][et_pb_column type=&#8221;1_3&#8243; _builder_version=&#8221;4.16&#8243; global_colors_info=&#8221;{}&#8221;][et_pb_image src=&#8221;https:\/\/zero-max.dk\/wp-content\/uploads\/2020\/05\/12.jpg&#8221; _builder_version=&#8221;4.16&#8243; global_colors_info=&#8221;{}&#8221;][\/et_pb_image][et_pb_text _builder_version=&#8221;4.16&#8243; global_colors_info=&#8221;{}&#8221;]<\/p>\n<p><b>Line\u00e6re Aktuatorer<\/b>\u00a0 \u00a0 \u00a0 \u00a0 \u00a0 \u00a0 \u00a0 \u00a0 \u00a0 \u00a0 \u00a0 \u00a0 \u00a0 \u00a0 \u00a0<a href=\"https:\/\/zero-max.dk\/wp-content\/uploads\/2020\/05\/12.pdf\">PDF Download<\/a><\/p>\n<p>&nbsp;<\/p>\n<p>[\/et_pb_text][\/et_pb_column][\/et_pb_row][\/et_pb_section]<\/p>\n","protected":false},"excerpt":{"rendered":"<p>Line\u00e6r Drives Vi kan tilbyde line\u00e6r guideways til forskellige driftsforhold,\u00a0 positions systemer, og forskellige line\u00e6r motor. Katalog Line\u00e6r DrivesTandstangs Guideway\u00a0 \u00a0 \u00a0 \u00a0 \u00a0 \u00a0 \u00a0 \u00a0 \u00a0 \u00a0 \u00a0 \u00a0 PDF Download GUR SeriesTandstangs Guideway\u00a0 \u00a0 \u00a0 \u00a0 \u00a0 \u00a0 \u00a0 \u00a0 \u00a0 \u00a0 \u00a0 \u00a0 PDF Download Z SeriesLine\u00e6r Guideway\u00a0 \u00a0 \u00a0 \u00a0 [&hellip;]<\/p>\n","protected":false},"author":7,"featured_media":0,"parent":0,"menu_order":0,"comment_status":"closed","ping_status":"closed","template":"","meta":{"_et_pb_use_builder":"on","_et_pb_old_content":"","_et_gb_content_width":"","footnotes":""},"class_list":["post-3031","page","type-page","status-publish","hentry"],"yoast_head":"<!-- This site is optimized with the Yoast SEO plugin v27.5 - https:\/\/yoast.com\/product\/yoast-seo-wordpress\/ -->\n<title>Line\u00e6re Drives og Guideways til Pr\u00e6cis Bev\u00e6gelseskontrol | Zero-Max A\/S<\/title>\n<meta name=\"description\" content=\"Se vores udvalg af line\u00e6re guideways, aktuatorer og positionssystemer til n\u00f8jagtig line\u00e6r bev\u00e6gelse i industrielle applikationer.\" \/>\n<meta name=\"robots\" content=\"index, follow, max-snippet:-1, max-image-preview:large, max-video-preview:-1\" \/>\n<link rel=\"canonical\" href=\"https:\/\/zero-max.dk\/en\/linear-drives-2\/\" \/>\n<meta property=\"og:locale\" content=\"en_GB\" \/>\n<meta property=\"og:type\" content=\"article\" \/>\n<meta property=\"og:title\" content=\"Line\u00e6re Drives og Guideways til Pr\u00e6cis Bev\u00e6gelseskontrol | Zero-Max A\/S\" \/>\n<meta property=\"og:description\" content=\"Se vores udvalg af line\u00e6re guideways, aktuatorer og positionssystemer til n\u00f8jagtig line\u00e6r bev\u00e6gelse i industrielle applikationer.\" \/>\n<meta property=\"og:url\" content=\"https:\/\/zero-max.dk\/en\/linear-drives-2\/\" \/>\n<meta property=\"og:site_name\" content=\"Zero-Max A\/S\" \/>\n<meta property=\"article:modified_time\" content=\"2025-04-08T02:01:18+00:00\" \/>\n<meta name=\"twitter:card\" content=\"summary_large_image\" \/>\n<meta name=\"twitter:label1\" content=\"Estimated reading time\" \/>\n\t<meta name=\"twitter:data1\" content=\"3 minutes\" \/>\n<script type=\"application\/ld+json\" class=\"yoast-schema-graph\">{\"@context\":\"https:\\\/\\\/schema.org\",\"@graph\":[{\"@type\":\"WebPage\",\"@id\":\"https:\\\/\\\/zero-max.dk\\\/lineaer-drives\\\/\",\"url\":\"https:\\\/\\\/zero-max.dk\\\/lineaer-drives\\\/\",\"name\":\"Line\u00e6re Drives og Guideways til Pr\u00e6cis Bev\u00e6gelseskontrol | Zero-Max A\\\/S\",\"isPartOf\":{\"@id\":\"https:\\\/\\\/zero-max.dk\\\/#website\"},\"datePublished\":\"2020-05-12T09:38:30+00:00\",\"dateModified\":\"2025-04-08T02:01:18+00:00\",\"description\":\"Se vores udvalg af line\u00e6re guideways, aktuatorer og positionssystemer til n\u00f8jagtig line\u00e6r bev\u00e6gelse i industrielle applikationer.\",\"breadcrumb\":{\"@id\":\"https:\\\/\\\/zero-max.dk\\\/lineaer-drives\\\/#breadcrumb\"},\"inLanguage\":\"en-GB\",\"potentialAction\":[{\"@type\":\"ReadAction\",\"target\":[\"https:\\\/\\\/zero-max.dk\\\/lineaer-drives\\\/\"]}]},{\"@type\":\"BreadcrumbList\",\"@id\":\"https:\\\/\\\/zero-max.dk\\\/lineaer-drives\\\/#breadcrumb\",\"itemListElement\":[{\"@type\":\"ListItem\",\"position\":1,\"name\":\"Hjem\",\"item\":\"https:\\\/\\\/zero-max.dk\\\/\"},{\"@type\":\"ListItem\",\"position\":2,\"name\":\"Line\u00e6r Drives\"}]},{\"@type\":\"WebSite\",\"@id\":\"https:\\\/\\\/zero-max.dk\\\/#website\",\"url\":\"https:\\\/\\\/zero-max.dk\\\/\",\"name\":\"Zero-Max A\\\/S\",\"description\":\"\",\"potentialAction\":[{\"@type\":\"SearchAction\",\"target\":{\"@type\":\"EntryPoint\",\"urlTemplate\":\"https:\\\/\\\/zero-max.dk\\\/?s={search_term_string}\"},\"query-input\":{\"@type\":\"PropertyValueSpecification\",\"valueRequired\":true,\"valueName\":\"search_term_string\"}}],\"inLanguage\":\"en-GB\"}]}<\/script>\n<!-- \/ Yoast SEO plugin. -->","yoast_head_json":{"title":"Linear Drives and Guideways for Precise Motion Control | Zero-Max A\/S","description":"See our range of linear guideways, actuators and positioning systems for precise linear motion in industrial applications.","robots":{"index":"index","follow":"follow","max-snippet":"max-snippet:-1","max-image-preview":"max-image-preview:large","max-video-preview":"max-video-preview:-1"},"canonical":"https:\/\/zero-max.dk\/en\/linear-drives-2\/","og_locale":"en_GB","og_type":"article","og_title":"Line\u00e6re Drives og Guideways til Pr\u00e6cis Bev\u00e6gelseskontrol | Zero-Max A\/S","og_description":"Se vores udvalg af line\u00e6re guideways, aktuatorer og positionssystemer til n\u00f8jagtig line\u00e6r bev\u00e6gelse i industrielle applikationer.","og_url":"https:\/\/zero-max.dk\/en\/linear-drives-2\/","og_site_name":"Zero-Max A\/S","article_modified_time":"2025-04-08T02:01:18+00:00","twitter_card":"summary_large_image","twitter_misc":{"Estimated reading time":"3 minutes"},"schema":{"@context":"https:\/\/schema.org","@graph":[{"@type":"WebPage","@id":"https:\/\/zero-max.dk\/lineaer-drives\/","url":"https:\/\/zero-max.dk\/lineaer-drives\/","name":"Linear Drives and Guideways for Precise Motion Control | Zero-Max A\/S","isPartOf":{"@id":"https:\/\/zero-max.dk\/#website"},"datePublished":"2020-05-12T09:38:30+00:00","dateModified":"2025-04-08T02:01:18+00:00","description":"See our range of linear guideways, actuators and positioning systems for precise linear motion in industrial applications.","breadcrumb":{"@id":"https:\/\/zero-max.dk\/lineaer-drives\/#breadcrumb"},"inLanguage":"en-GB","potentialAction":[{"@type":"ReadAction","target":["https:\/\/zero-max.dk\/lineaer-drives\/"]}]},{"@type":"BreadcrumbList","@id":"https:\/\/zero-max.dk\/lineaer-drives\/#breadcrumb","itemListElement":[{"@type":"ListItem","position":1,"name":"Hjem","item":"https:\/\/zero-max.dk\/"},{"@type":"ListItem","position":2,"name":"Line\u00e6r Drives"}]},{"@type":"WebSite","@id":"https:\/\/zero-max.dk\/#website","url":"https:\/\/zero-max.dk\/","name":"Zero-Max A\/S","description":"","potentialAction":[{"@type":"SearchAction","target":{"@type":"EntryPoint","urlTemplate":"https:\/\/zero-max.dk\/?s={search_term_string}"},"query-input":{"@type":"PropertyValueSpecification","valueRequired":true,"valueName":"search_term_string"}}],"inLanguage":"en-GB"}]}},"_links":{"self":[{"href":"https:\/\/zero-max.dk\/en\/wp-json\/wp\/v2\/pages\/3031","targetHints":{"allow":["GET"]}}],"collection":[{"href":"https:\/\/zero-max.dk\/en\/wp-json\/wp\/v2\/pages"}],"about":[{"href":"https:\/\/zero-max.dk\/en\/wp-json\/wp\/v2\/types\/page"}],"author":[{"embeddable":true,"href":"https:\/\/zero-max.dk\/en\/wp-json\/wp\/v2\/users\/7"}],"replies":[{"embeddable":true,"href":"https:\/\/zero-max.dk\/en\/wp-json\/wp\/v2\/comments?post=3031"}],"version-history":[{"count":9,"href":"https:\/\/zero-max.dk\/en\/wp-json\/wp\/v2\/pages\/3031\/revisions"}],"predecessor-version":[{"id":6321,"href":"https:\/\/zero-max.dk\/en\/wp-json\/wp\/v2\/pages\/3031\/revisions\/6321"}],"wp:attachment":[{"href":"https:\/\/zero-max.dk\/en\/wp-json\/wp\/v2\/media?parent=3031"}],"curies":[{"name":"wp","href":"https:\/\/api.w.org\/{rel}","templated":true}]}}