{"id":4213,"date":"2020-08-20T08:06:34","date_gmt":"2020-08-20T06:06:34","guid":{"rendered":"https:\/\/zero-max.dk\/?page_id=4213"},"modified":"2025-04-07T11:42:00","modified_gmt":"2025-04-07T09:42:00","slug":"crown-gear-ip65-gearboxes","status":"publish","type":"page","link":"https:\/\/zero-max.dk\/en\/crown-gear-ip65-gearkasser\/","title":{"rendered":"Crown Gear IP65 Gearboxes"},"content":{"rendered":"<p>[et_pb_section fb_built=&#8221;1&#8243; _builder_version=&#8221;4.21.0&#8243; background_image=&#8221;https:\/\/zero-max.dk\/wp-content\/uploads\/2020\/08\/Udklip.png&#8221; custom_padding=&#8221;||250px||false|false&#8221; animation_style=&#8221;zoom&#8221; global_colors_info=&#8221;{}&#8221;][\/et_pb_section][et_pb_section fb_built=&#8221;1&#8243; _builder_version=&#8221;4.16&#8243; global_colors_info=&#8221;{}&#8221;][et_pb_row column_structure=&#8221;1_2,1_2&#8243; _builder_version=&#8221;4.21.0&#8243; custom_padding=&#8221;||54px||false|false&#8221; global_colors_info=&#8221;{}&#8221;][et_pb_column type=&#8221;1_2&#8243; _builder_version=&#8221;4.16&#8243; global_colors_info=&#8221;{}&#8221;][et_pb_image src=&#8221;https:\/\/zero-max.dk\/wp-content\/uploads\/2020\/08\/Hjemmeside-2.png&#8221; align=&#8221;center&#8221; _builder_version=&#8221;4.16&#8243; global_colors_info=&#8221;{}&#8221;][\/et_pb_image][\/et_pb_column][et_pb_column type=&#8221;1_2&#8243; _builder_version=&#8221;4.16&#8243; global_colors_info=&#8221;{}&#8221;][et_pb_text _builder_version=&#8221;4.16&#8243; global_colors_info=&#8221;{}&#8221;]<\/p>\n<h1>GENNEMTESTET TEKNOLOGI<\/h1>\n<h2><span class=\"textheading2 mobile-undersized-upper\">IP65 Crown Gear<\/span><\/h2>\n<p>Vores IP65-klassificerede gearkasser tilbyder en effektiv og kompakt l\u00f8sning, hvor Ingress Protection eller korrosionsbeskyttelse er n\u00f8dvendigt. (f.eks. F\u00f8devarerelaterede eller andre applikationer, der kr\u00e6ver rensning). Vores IP65 model har en indgangsaksel og to udgangsaksler for at give en let 90-graders drejning af kraftoverf\u00f8rslen. Disse IP65-nominelle gearkasser har aksler i rustfrit st\u00e5l, akselt\u00e6tninger og et forniklet aluminiumshus for korrosionsbestandighed.<\/p>\n<p>\u00a0IP65 modellen tilbydes i mange st\u00f8rrelser og specifikationer. Designet er et low backlash design og tilbydes i ratioer 1:1, 2:1. Aksel st\u00f8rrelser som den tilbydes i er 3\/8, 1\/2. 5\/8, 3\/4 og 1&#8243;.\u00a0<\/p>\n<p>&nbsp;<\/p>\n<p>[\/et_pb_text][et_pb_button button_url=&#8221;https:\/\/zero-max.dk\/wp-content\/uploads\/2020\/08\/Zero-Max-Crown-Gear-Catalog-Rev2.01W.pdf&#8221; url_new_window=&#8221;on&#8221; button_text=&#8221;Download Katalog &#8211; IP65 Crown Gear. &#8221; button_alignment=&#8221;center&#8221; _builder_version=&#8221;4.16&#8243; custom_button=&#8221;on&#8221; button_bg_color=&#8221;#003366&#8243; global_colors_info=&#8221;{}&#8221;][\/et_pb_button][\/et_pb_column][\/et_pb_row][\/et_pb_section][et_pb_section fb_built=&#8221;1&#8243; _builder_version=&#8221;4.16&#8243; background_color=&#8221;#003366&#8243; min_height=&#8221;428px&#8221; custom_padding=&#8221;||0px|||&#8221; global_colors_info=&#8221;{}&#8221;][et_pb_row column_structure=&#8221;1_2,1_2&#8243; _builder_version=&#8221;4.16&#8243; global_colors_info=&#8221;{}&#8221;][et_pb_column type=&#8221;1_2&#8243; _builder_version=&#8221;4.16&#8243; global_colors_info=&#8221;{}&#8221;][et_pb_text _builder_version=&#8221;4.16&#8243; text_text_color=&#8221;#ffffff&#8221; global_colors_info=&#8221;{}&#8221;]<\/p>\n<h2><span class=\"textheading2 mobile-undersized-upper\" style=\"color: #ffffff;\">EGENSKABER<\/span><\/h2>\n<h2><span style=\"color: #ffffff;\">Crown Gear<\/span><\/h2>\n<ul>\n<li>Crown Gear har dobbeltforseglede rullelejer, der holder sm\u00f8ringen inde og snavs ude.<\/li>\n<li>H\u00e5rdere pr\u00e6cisionen og ground ball rullelejer for en nem, st\u00f8jsvag og lang levetid.<\/li>\n<li>Ikke magnetiske aksler af rustfrit st\u00e5l er modstandsdygtige over for korrosion og kr\u00e6ver kun minimal vedligeholdelse.<\/li>\n<li>Hus af aluminiumslegering med en lav v\u00e6gt for maksimal styrke og varmespredning.<\/li>\n<li>Nikkelbel\u00e6gning p\u00e5 aluminumshuset, for mere beskyttelse.<\/li>\n<li>Mange standardtyper og st\u00f8rrelser samt specialaksler. F\u00e5 lige den model der passer perfekt til dine applikationsbehov.<\/li>\n<li>Mange monteringspositioner, hvilket g\u00f8r overvejelserne omkring design meget enkle.<\/li>\n<\/ul>\n<p>[\/et_pb_text][\/et_pb_column][et_pb_column type=&#8221;1_2&#8243; _builder_version=&#8221;4.16&#8243; global_colors_info=&#8221;{}&#8221;][et_pb_image src=&#8221;https:\/\/zero-max.dk\/wp-content\/uploads\/2020\/08\/Udklip-1.png&#8221; _builder_version=&#8221;4.16&#8243; global_colors_info=&#8221;{}&#8221;][\/et_pb_image][\/et_pb_column][\/et_pb_row][\/et_pb_section][et_pb_section fb_built=&#8221;1&#8243; _builder_version=&#8221;4.16&#8243; global_colors_info=&#8221;{}&#8221;][et_pb_row _builder_version=&#8221;4.16&#8243; global_colors_info=&#8221;{}&#8221;][et_pb_column type=&#8221;4_4&#8243; _builder_version=&#8221;4.16&#8243; global_colors_info=&#8221;{}&#8221;][et_pb_text _builder_version=&#8221;4.16&#8243; global_colors_info=&#8221;{}&#8221;]<\/p>\n<h2>FORDELE<\/h2>\n<h2>IP65 Crown Gear<\/h2>\n<p>Crown Gear to- og trevejs retvinklede gearkasser overf\u00f8rer kr\u00e6fter med stille og p\u00e5lidelige spiral bevel gears.<\/p>\n<p>Crown Gear retvinklede gearkasser har en h\u00e5rd spiral bevel gears og ikke-magnetiske aksler af rustfrit st\u00e5l. De er kompakte og giver adskillige muligheder for montering. Det fuldst\u00e6ndigt lukkede design sikrer at det indre gear ikke kan komme ud af sporingen, sidde i klemme eller blive skadet af rester.<\/p>\n<p>Nikkelbel\u00e6gnings huset p\u00e5 disse retvinklede gearkasser er designet for maksimal styrke og varmespredning. Driverne kan f\u00e5s med aksler med en diameter p\u00e5 3\/8, \u00bd, 5\/8 og \u00be tommer og i enheder p\u00e5 to og tre vej, begge i det relative forhold 1:1 og 2:1. Trevejsenheder i 1:1 og 2:1 kan f\u00e5s med aksler p\u00e5 1 tomme.<\/p>\n<p>Ved IP65 modellen har vi fokuseret p\u00e5 levetiden og ekstra korrosionsbeskyttelsen. Dette produkt kan klare det h\u00e5rde milj\u00f8 som konstante nedvaskninger og meget mere.<\/p>\n<p>[\/et_pb_text][\/et_pb_column][\/et_pb_row][\/et_pb_section]<\/p>\n","protected":false},"excerpt":{"rendered":"<p>GENNEMTESTET TEKNOLOGI IP65 Crown Gear Vores IP65-klassificerede gearkasser tilbyder en effektiv og kompakt l\u00f8sning, hvor Ingress Protection eller korrosionsbeskyttelse er n\u00f8dvendigt. (f.eks. F\u00f8devarerelaterede eller andre applikationer, der kr\u00e6ver rensning). Vores IP65 model har en indgangsaksel og to udgangsaksler for at give en let 90-graders drejning af kraftoverf\u00f8rslen. Disse IP65-nominelle gearkasser har aksler i rustfrit st\u00e5l, [&hellip;]<\/p>\n","protected":false},"author":7,"featured_media":0,"parent":0,"menu_order":0,"comment_status":"closed","ping_status":"closed","template":"","meta":{"_et_pb_use_builder":"on","_et_pb_old_content":"","_et_gb_content_width":"","footnotes":""},"class_list":["post-4213","page","type-page","status-publish","hentry"],"yoast_head":"<!-- This site is optimized with the Yoast SEO plugin v27.5 - https:\/\/yoast.com\/product\/yoast-seo-wordpress\/ -->\n<title>IP65 Crown Gear \u2013 Korrosionssikre Retvinklede Gearkasser | Zero-Max A\/S<\/title>\n<meta name=\"description\" content=\"IP65 Crown Gear med rustfri aksler og forniklet hus \u2013 ideel til f\u00f8devareindustri og v\u00e5de milj\u00f8er. Kompakt 90\u00b0 gearkasse med lav backlash og h\u00f8j driftssikkerhed.\" \/>\n<meta name=\"robots\" content=\"index, follow, max-snippet:-1, max-image-preview:large, max-video-preview:-1\" \/>\n<link rel=\"canonical\" href=\"https:\/\/zero-max.dk\/en\/crown-gear-ip65-gearboxes\/\" \/>\n<meta property=\"og:locale\" content=\"en_GB\" \/>\n<meta property=\"og:type\" content=\"article\" \/>\n<meta property=\"og:title\" content=\"IP65 Crown Gear \u2013 Korrosionssikre Retvinklede Gearkasser | Zero-Max A\/S\" \/>\n<meta property=\"og:description\" content=\"IP65 Crown Gear med rustfri aksler og forniklet hus \u2013 ideel til f\u00f8devareindustri og v\u00e5de milj\u00f8er. Kompakt 90\u00b0 gearkasse med lav backlash og h\u00f8j driftssikkerhed.\" \/>\n<meta property=\"og:url\" content=\"https:\/\/zero-max.dk\/en\/crown-gear-ip65-gearboxes\/\" \/>\n<meta property=\"og:site_name\" content=\"Zero-Max A\/S\" \/>\n<meta property=\"article:modified_time\" content=\"2025-04-07T09:42:00+00:00\" \/>\n<meta name=\"twitter:card\" content=\"summary_large_image\" \/>\n<meta name=\"twitter:label1\" content=\"Estimated reading time\" \/>\n\t<meta name=\"twitter:data1\" content=\"2 minutes\" \/>\n<script type=\"application\/ld+json\" class=\"yoast-schema-graph\">{\"@context\":\"https:\\\/\\\/schema.org\",\"@graph\":[{\"@type\":\"WebPage\",\"@id\":\"https:\\\/\\\/zero-max.dk\\\/crown-gear-ip65-gearkasser\\\/\",\"url\":\"https:\\\/\\\/zero-max.dk\\\/crown-gear-ip65-gearkasser\\\/\",\"name\":\"IP65 Crown Gear \u2013 Korrosionssikre Retvinklede Gearkasser | Zero-Max A\\\/S\",\"isPartOf\":{\"@id\":\"https:\\\/\\\/zero-max.dk\\\/#website\"},\"datePublished\":\"2020-08-20T06:06:34+00:00\",\"dateModified\":\"2025-04-07T09:42:00+00:00\",\"description\":\"IP65 Crown Gear med rustfri aksler og forniklet hus \u2013 ideel til f\u00f8devareindustri og v\u00e5de milj\u00f8er. Kompakt 90\u00b0 gearkasse med lav backlash og h\u00f8j driftssikkerhed.\",\"breadcrumb\":{\"@id\":\"https:\\\/\\\/zero-max.dk\\\/crown-gear-ip65-gearkasser\\\/#breadcrumb\"},\"inLanguage\":\"en-GB\",\"potentialAction\":[{\"@type\":\"ReadAction\",\"target\":[\"https:\\\/\\\/zero-max.dk\\\/crown-gear-ip65-gearkasser\\\/\"]}]},{\"@type\":\"BreadcrumbList\",\"@id\":\"https:\\\/\\\/zero-max.dk\\\/crown-gear-ip65-gearkasser\\\/#breadcrumb\",\"itemListElement\":[{\"@type\":\"ListItem\",\"position\":1,\"name\":\"Hjem\",\"item\":\"https:\\\/\\\/zero-max.dk\\\/\"},{\"@type\":\"ListItem\",\"position\":2,\"name\":\"Crown Gear IP65 Gearkasser\"}]},{\"@type\":\"WebSite\",\"@id\":\"https:\\\/\\\/zero-max.dk\\\/#website\",\"url\":\"https:\\\/\\\/zero-max.dk\\\/\",\"name\":\"Zero-Max A\\\/S\",\"description\":\"\",\"potentialAction\":[{\"@type\":\"SearchAction\",\"target\":{\"@type\":\"EntryPoint\",\"urlTemplate\":\"https:\\\/\\\/zero-max.dk\\\/?s={search_term_string}\"},\"query-input\":{\"@type\":\"PropertyValueSpecification\",\"valueRequired\":true,\"valueName\":\"search_term_string\"}}],\"inLanguage\":\"en-GB\"}]}<\/script>\n<!-- \/ Yoast SEO plugin. -->","yoast_head_json":{"title":"IP65 Crown Gear - Corrosion resistant right angle gearboxes | Zero-Max A\/S","description":"IP65 Crown Gear with stainless steel shafts and nickel-plated housing - ideal for food industry and wet environments. Compact 90\u00b0 gearbox with low backlash and high reliability.","robots":{"index":"index","follow":"follow","max-snippet":"max-snippet:-1","max-image-preview":"max-image-preview:large","max-video-preview":"max-video-preview:-1"},"canonical":"https:\/\/zero-max.dk\/en\/crown-gear-ip65-gearboxes\/","og_locale":"en_GB","og_type":"article","og_title":"IP65 Crown Gear \u2013 Korrosionssikre Retvinklede Gearkasser | Zero-Max A\/S","og_description":"IP65 Crown Gear med rustfri aksler og forniklet hus \u2013 ideel til f\u00f8devareindustri og v\u00e5de milj\u00f8er. Kompakt 90\u00b0 gearkasse med lav backlash og h\u00f8j driftssikkerhed.","og_url":"https:\/\/zero-max.dk\/en\/crown-gear-ip65-gearboxes\/","og_site_name":"Zero-Max A\/S","article_modified_time":"2025-04-07T09:42:00+00:00","twitter_card":"summary_large_image","twitter_misc":{"Estimated reading time":"2 minutes"},"schema":{"@context":"https:\/\/schema.org","@graph":[{"@type":"WebPage","@id":"https:\/\/zero-max.dk\/crown-gear-ip65-gearkasser\/","url":"https:\/\/zero-max.dk\/crown-gear-ip65-gearkasser\/","name":"IP65 Crown Gear - Corrosion resistant right angle gearboxes | Zero-Max A\/S","isPartOf":{"@id":"https:\/\/zero-max.dk\/#website"},"datePublished":"2020-08-20T06:06:34+00:00","dateModified":"2025-04-07T09:42:00+00:00","description":"IP65 Crown Gear with stainless steel shafts and nickel-plated housing - ideal for food industry and wet environments. Compact 90\u00b0 gearbox with low backlash and high reliability.","breadcrumb":{"@id":"https:\/\/zero-max.dk\/crown-gear-ip65-gearkasser\/#breadcrumb"},"inLanguage":"en-GB","potentialAction":[{"@type":"ReadAction","target":["https:\/\/zero-max.dk\/crown-gear-ip65-gearkasser\/"]}]},{"@type":"BreadcrumbList","@id":"https:\/\/zero-max.dk\/crown-gear-ip65-gearkasser\/#breadcrumb","itemListElement":[{"@type":"ListItem","position":1,"name":"Hjem","item":"https:\/\/zero-max.dk\/"},{"@type":"ListItem","position":2,"name":"Crown Gear IP65 Gearkasser"}]},{"@type":"WebSite","@id":"https:\/\/zero-max.dk\/#website","url":"https:\/\/zero-max.dk\/","name":"Zero-Max A\/S","description":"","potentialAction":[{"@type":"SearchAction","target":{"@type":"EntryPoint","urlTemplate":"https:\/\/zero-max.dk\/?s={search_term_string}"},"query-input":{"@type":"PropertyValueSpecification","valueRequired":true,"valueName":"search_term_string"}}],"inLanguage":"en-GB"}]}},"_links":{"self":[{"href":"https:\/\/zero-max.dk\/en\/wp-json\/wp\/v2\/pages\/4213","targetHints":{"allow":["GET"]}}],"collection":[{"href":"https:\/\/zero-max.dk\/en\/wp-json\/wp\/v2\/pages"}],"about":[{"href":"https:\/\/zero-max.dk\/en\/wp-json\/wp\/v2\/types\/page"}],"author":[{"embeddable":true,"href":"https:\/\/zero-max.dk\/en\/wp-json\/wp\/v2\/users\/7"}],"replies":[{"embeddable":true,"href":"https:\/\/zero-max.dk\/en\/wp-json\/wp\/v2\/comments?post=4213"}],"version-history":[{"count":12,"href":"https:\/\/zero-max.dk\/en\/wp-json\/wp\/v2\/pages\/4213\/revisions"}],"predecessor-version":[{"id":6255,"href":"https:\/\/zero-max.dk\/en\/wp-json\/wp\/v2\/pages\/4213\/revisions\/6255"}],"wp:attachment":[{"href":"https:\/\/zero-max.dk\/en\/wp-json\/wp\/v2\/media?parent=4213"}],"curies":[{"name":"wp","href":"https:\/\/api.w.org\/{rel}","templated":true}]}}