{"id":6519,"date":"2026-02-12T11:24:11","date_gmt":"2026-02-12T10:24:11","guid":{"rendered":"https:\/\/zero-max.dk\/?page_id=6519"},"modified":"2026-03-04T14:34:19","modified_gmt":"2026-03-04T13:34:19","slug":"servoclass-single-element-couplings","status":"publish","type":"page","link":"https:\/\/zero-max.dk\/en\/servoclass-enkeltelement-koblinger\/","title":{"rendered":"ServoClass single element couplings"},"content":{"rendered":"<p>[et_pb_section fb_built=&#8221;1&#8243; _builder_version=&#8221;4.27.5&#8243; background_image=&#8221;https:\/\/zero-max.dk\/wp-content\/uploads\/2026\/02\/DSC_0473t-big-bore-bb.jpg&#8221; background_size=&#8221;custom&#8221; background_image_width=&#8221;45%&#8221; background_position=&#8221;center_right&#8221; background_horizontal_offset=&#8221;12%&#8221; custom_padding=&#8221;8%||&#8221; animation_style=&#8221;zoom&#8221; custom_css_main_element=&#8221;height:450px;&#8221; border_width_bottom=&#8221;1px&#8221; border_color_bottom=&#8221;#dddddd&#8221; global_colors_info=&#8221;{}&#8221;][et_pb_row custom_padding_last_edited=&#8221;on|tablet&#8221; _builder_version=&#8221;4.21.0&#8243; width_tablet=&#8221;62%&#8221; width_phone=&#8221;62%&#8221; width_last_edited=&#8221;on|tablet&#8221; module_alignment=&#8221;center&#8221; custom_padding_tablet=&#8221;|||36px|false|false&#8221; custom_padding_phone=&#8221;|||36px|false|false&#8221; module_alignment_tablet=&#8221;left&#8221; module_alignment_phone=&#8221;left&#8221; module_alignment_last_edited=&#8221;on|phone&#8221; global_colors_info=&#8221;{}&#8221;][et_pb_column type=&#8221;4_4&#8243; _builder_version=&#8221;4.16&#8243; custom_padding=&#8221;|||&#8221; global_colors_info=&#8221;{}&#8221; custom_padding__hover=&#8221;|||&#8221;][et_pb_text _builder_version=&#8221;4.27.5&#8243; text_font=&#8221;Oswald||||||||&#8221; text_text_color=&#8221;#013366&#8243; text_font_size=&#8221;26px&#8221; text_letter_spacing=&#8221;4px&#8221; text_line_height_tablet=&#8221;1.3em&#8221; text_line_height_phone=&#8221;1.3em&#8221; text_line_height_last_edited=&#8221;on|tablet&#8221; global_colors_info=&#8221;{}&#8221;]<\/p>\n<p>ServoClass enkelt-element kobling<\/p>\n<p>[\/et_pb_text][\/et_pb_column][\/et_pb_row][\/et_pb_section][et_pb_section fb_built=&#8221;1&#8243; disabled_on=&#8221;on|off|off&#8221; _builder_version=&#8221;4.16&#8243; background_color=&#8221;#ffffff&#8221; custom_padding=&#8221;20px||20px&#8221; global_colors_info=&#8221;{}&#8221;][et_pb_row column_structure=&#8221;1_3,1_3,1_3&#8243; _builder_version=&#8221;4.16&#8243; global_colors_info=&#8221;{}&#8221;][et_pb_column type=&#8221;1_3&#8243; _builder_version=&#8221;4.27.6&#8243; _module_preset=&#8221;default&#8221; global_colors_info=&#8221;{}&#8221;][\/et_pb_column][et_pb_column type=&#8221;1_3&#8243; _builder_version=&#8221;4.16&#8243; custom_padding=&#8221;|||&#8221; global_colors_info=&#8221;{}&#8221; custom_padding__hover=&#8221;|||&#8221;][et_pb_image src=&#8221;https:\/\/zero-max.dk\/wp-content\/uploads\/2026\/02\/SD_C_0859.jpg&#8221; title_text=&#8221;SD_C_0859&#8243; _builder_version=&#8221;4.27.6&#8243; _module_preset=&#8221;default&#8221; global_colors_info=&#8221;{}&#8221;][\/et_pb_image][\/et_pb_column][et_pb_column type=&#8221;1_3&#8243; _builder_version=&#8221;4.16&#8243; custom_padding=&#8221;|||&#8221; global_colors_info=&#8221;{}&#8221; custom_padding__hover=&#8221;|||&#8221;][et_pb_text _builder_version=&#8221;4.27.5&#8243; header_3_text_color=&#8221;#003366&#8243; global_colors_info=&#8221;{}&#8221;]<\/p>\n<h1>Til h\u00f8jtydende servomotorer og kr\u00e6vende motion control-applikationer<\/h1>\n<p>&nbsp;<\/p>\n<h2>ServoClass enkelt-element kobling<\/h2>\n<p>ServoClass Enkelt element koblinger er designet til pr\u00e6cisionskr\u00e6vende applikationer, hvor h\u00f8j ydeevne, n\u00f8jagtighed og driftssikkerhed er afg\u00f8rende.<\/p>\n<p>&nbsp;<\/p>\n<p>[\/et_pb_text][\/et_pb_column][\/et_pb_row][\/et_pb_section][et_pb_section fb_built=&#8221;1&#8243; _builder_version=&#8221;4.16&#8243; global_colors_info=&#8221;{}&#8221;][et_pb_row column_structure=&#8221;1_2,1_2&#8243; _builder_version=&#8221;4.21.0&#8243; width_tablet=&#8221;&#8221; width_phone=&#8221;90%&#8221; width_last_edited=&#8221;on|phone&#8221; global_colors_info=&#8221;{}&#8221;][et_pb_column type=&#8221;1_2&#8243; _builder_version=&#8221;4.16&#8243; custom_padding=&#8221;|||&#8221; global_colors_info=&#8221;{}&#8221; custom_padding__hover=&#8221;|||&#8221;][et_pb_text _builder_version=&#8221;4.27.5&#8243; header_2_font=&#8221;|||on|||||&#8221; header_3_text_color=&#8221;#003366&#8243; global_colors_info=&#8221;{}&#8221;]<\/p>\n<h2><span class=\"textheading2 mobile-undersized-upper\">Egenskaber og FORDELE<\/span><\/h2>\n<p>&#x2705;\u00a0<span>H\u00f8j torsionsstivhed \u2013 ideel til pr\u00e6cis positionering<\/span><\/p>\n<p>&#x2705;\u00a0Nul sl\u00f8r og lav hysterese tab for gentagelsesn\u00f8jagtig bev\u00e6gelse<\/p>\n<p>&#x2705; Lav inertimasse \u2013 velegnet til h\u00f8jhastighedsapplikationer<\/p>\n<p>&#x2705; Milj\u00f8venligt design i overensstemmelse med RoHS-direktivet<\/p>\n<p>&#x2705; Optimeret til servo- og pr\u00e6cisionsdrev<\/p>\n<p>&#x2705; Enkelt element giver maksimal torsions stivhed<\/p>\n<p>[\/et_pb_text][\/et_pb_column][et_pb_column type=&#8221;1_2&#8243; _builder_version=&#8221;4.16&#8243; custom_padding=&#8221;|||&#8221; global_colors_info=&#8221;{}&#8221; custom_padding__hover=&#8221;|||&#8221;][et_pb_image src=&#8221;https:\/\/zero-max.dk\/wp-content\/uploads\/2026\/02\/SD_B_0859_ALT2.png&#8221; _builder_version=&#8221;4.27.6&#8243; _module_preset=&#8221;default&#8221; title_text=&#8221;SD_B_0859_ALT2&#8243; hover_enabled=&#8221;0&#8243; sticky_enabled=&#8221;0&#8243;][\/et_pb_image][\/et_pb_column][\/et_pb_row][et_pb_row column_structure=&#8221;1_2,1_2&#8243; _builder_version=&#8221;4.21.0&#8243; width_tablet=&#8221;&#8221; width_phone=&#8221;90%&#8221; width_last_edited=&#8221;on|phone&#8221; global_colors_info=&#8221;{}&#8221;][et_pb_column type=&#8221;1_2&#8243; _builder_version=&#8221;4.16&#8243; custom_padding=&#8221;|||&#8221; global_colors_info=&#8221;{}&#8221; custom_padding__hover=&#8221;|||&#8221;][et_pb_image src=&#8221;https:\/\/zero-max.dk\/wp-content\/uploads\/2026\/02\/SD_C_0859.jpg&#8221; _builder_version=&#8221;4.27.6&#8243; _module_preset=&#8221;default&#8221; title_text=&#8221;SD_C_0859&#8243; hover_enabled=&#8221;0&#8243; sticky_enabled=&#8221;0&#8243;][\/et_pb_image][\/et_pb_column][et_pb_column type=&#8221;1_2&#8243; _builder_version=&#8221;4.16&#8243; custom_padding=&#8221;|||&#8221; global_colors_info=&#8221;{}&#8221; custom_padding__hover=&#8221;|||&#8221;][et_pb_text _builder_version=&#8221;4.27.5&#8243; header_2_font=&#8221;|||on|||||&#8221; header_3_text_color=&#8221;#003366&#8243; global_colors_info=&#8221;{}&#8221;]<\/p>\n<h2><span class=\"textheading2 mobile-undersized-upper\">Anvendelsesomr\u00e5der<\/span><\/h2>\n<p>&#x2705;\u00a0Emballage- og pakkemaskiner<\/p>\n<p>&#x2705; CNC-maskinv\u00e6rkt\u00f8jer<\/p>\n<p>&#x2705; Tryk- og printudstyr<\/p>\n<p>&#x2705; Servomotor drevne maskiner<\/p>\n<p>&#x2705; Vindenergi, skov- og entrepren\u00f8rmaskiner<\/p>\n<p>&nbsp;<\/p>\n<p>[\/et_pb_text][\/et_pb_column][\/et_pb_row][et_pb_row _builder_version=&#8221;4.27.5&#8243; _module_preset=&#8221;default&#8221; global_colors_info=&#8221;{}&#8221;][et_pb_column type=&#8221;4_4&#8243; _builder_version=&#8221;4.27.5&#8243; _module_preset=&#8221;default&#8221; global_colors_info=&#8221;{}&#8221;][et_pb_text _builder_version=&#8221;4.27.5&#8243; _module_preset=&#8221;default&#8221; global_colors_info=&#8221;{}&#8221;]<\/p>\n<p>Zero-Max er en f\u00f8rende global producent af pr\u00e6cisionskoblinger og motion control-l\u00f8sninger. Med mange \u00e5rs erfaring leverer vi driftssikre komponenter til en bred vifte af industrier. Vores fokus er kontinuerlig produktudvikling, h\u00f8j kvalitet, hurtig levering og kundeservice i topklasse.<\/p>\n<p>[\/et_pb_text][et_pb_text _builder_version=&#8221;4.27.5&#8243; _module_preset=&#8221;default&#8221; text_orientation=&#8221;center&#8221; global_colors_info=&#8221;{}&#8221;]<\/p>\n<p><strong>Kontakt os i dag for r\u00e5dgivning eller et uforpligtende tilbud, eller se katalog her:<\/strong><\/p>\n<p>[\/et_pb_text][\/et_pb_column][\/et_pb_row][et_pb_row _builder_version=&#8221;4.27.5&#8243; _module_preset=&#8221;default&#8221; custom_padding=&#8221;0px||||false|false&#8221; locked=&#8221;off&#8221; global_colors_info=&#8221;{}&#8221;][et_pb_column type=&#8221;4_4&#8243; _builder_version=&#8221;4.27.4&#8243; _module_preset=&#8221;default&#8221; global_colors_info=&#8221;{}&#8221;][et_pb_button button_url=&#8221;\/wp-content\/uploads\/2026\/02\/Servo-Class-Couplings-Catalog.pdf&#8221; button_text=&#8221;DOWNLOAD Katalog &#8211; Servo Class Koblinger&#8221; button_alignment=&#8221;center&#8221; _builder_version=&#8221;4.27.5&#8243; custom_button=&#8221;on&#8221; button_text_color=&#8221;#ffffff&#8221; button_bg_color=&#8221;#003366&#8243; button_border_width=&#8221;4px&#8221; button_border_color=&#8221;#003366&#8243; button_border_radius=&#8221;4px&#8221; custom_margin=&#8221;0px||||false|false&#8221; custom_padding=&#8221;0px||||false|false&#8221; global_colors_info=&#8221;{}&#8221;]<br \/>\n[\/et_pb_button][\/et_pb_column][\/et_pb_row][\/et_pb_section]<\/p>\n","protected":false},"excerpt":{"rendered":"<p>ServoClass enkelt-element koblingTil h\u00f8jtydende servomotorer og kr\u00e6vende motion control-applikationer &nbsp; ServoClass enkelt-element kobling ServoClass Enkelt element koblinger er designet til pr\u00e6cisionskr\u00e6vende applikationer, hvor h\u00f8j ydeevne, n\u00f8jagtighed og driftssikkerhed er afg\u00f8rende. &nbsp;Egenskaber og FORDELE &#x2705;\u00a0H\u00f8j torsionsstivhed \u2013 ideel til pr\u00e6cis positionering &#x2705;\u00a0Nul sl\u00f8r og lav hysterese tab for gentagelsesn\u00f8jagtig bev\u00e6gelse &#x2705; Lav inertimasse \u2013 velegnet til [&hellip;]<\/p>\n","protected":false},"author":9,"featured_media":0,"parent":0,"menu_order":0,"comment_status":"closed","ping_status":"closed","template":"","meta":{"_et_pb_use_builder":"on","_et_pb_old_content":"","_et_gb_content_width":"","footnotes":""},"class_list":["post-6519","page","type-page","status-publish","hentry"],"yoast_head":"<!-- This site is optimized with the Yoast SEO plugin v27.5 - https:\/\/yoast.com\/product\/yoast-seo-wordpress\/ -->\n<title>ServoClass enkeltelement koblinger - Zero-Max A\/S<\/title>\n<meta name=\"robots\" content=\"index, follow, max-snippet:-1, max-image-preview:large, max-video-preview:-1\" \/>\n<link rel=\"canonical\" href=\"https:\/\/zero-max.dk\/en\/servoclass-single-element-couplings\/\" \/>\n<meta property=\"og:locale\" content=\"en_GB\" \/>\n<meta property=\"og:type\" content=\"article\" \/>\n<meta property=\"og:title\" content=\"ServoClass enkeltelement koblinger - Zero-Max A\/S\" \/>\n<meta property=\"og:description\" content=\"ServoClass enkelt-element koblingTil h\u00f8jtydende servomotorer og kr\u00e6vende motion control-applikationer &nbsp; ServoClass enkelt-element kobling ServoClass Enkelt element koblinger er designet til pr\u00e6cisionskr\u00e6vende applikationer, hvor h\u00f8j ydeevne, n\u00f8jagtighed og driftssikkerhed er afg\u00f8rende. &nbsp;Egenskaber og FORDELE &#x2705;\u00a0H\u00f8j torsionsstivhed \u2013 ideel til pr\u00e6cis positionering &#x2705;\u00a0Nul sl\u00f8r og lav hysterese tab for gentagelsesn\u00f8jagtig bev\u00e6gelse &#x2705; Lav inertimasse \u2013 velegnet til [&hellip;]\" \/>\n<meta property=\"og:url\" content=\"https:\/\/zero-max.dk\/en\/servoclass-single-element-couplings\/\" \/>\n<meta property=\"og:site_name\" content=\"Zero-Max A\/S\" \/>\n<meta property=\"article:modified_time\" content=\"2026-03-04T13:34:19+00:00\" \/>\n<meta name=\"twitter:card\" content=\"summary_large_image\" \/>\n<meta name=\"twitter:label1\" content=\"Estimated reading time\" \/>\n\t<meta name=\"twitter:data1\" content=\"2 minutes\" \/>\n<script type=\"application\/ld+json\" class=\"yoast-schema-graph\">{\"@context\":\"https:\\\/\\\/schema.org\",\"@graph\":[{\"@type\":\"WebPage\",\"@id\":\"https:\\\/\\\/zero-max.dk\\\/servoclass-enkeltelement-koblinger\\\/\",\"url\":\"https:\\\/\\\/zero-max.dk\\\/servoclass-enkeltelement-koblinger\\\/\",\"name\":\"ServoClass enkeltelement koblinger - Zero-Max A\\\/S\",\"isPartOf\":{\"@id\":\"https:\\\/\\\/zero-max.dk\\\/#website\"},\"datePublished\":\"2026-02-12T10:24:11+00:00\",\"dateModified\":\"2026-03-04T13:34:19+00:00\",\"breadcrumb\":{\"@id\":\"https:\\\/\\\/zero-max.dk\\\/servoclass-enkeltelement-koblinger\\\/#breadcrumb\"},\"inLanguage\":\"en-GB\",\"potentialAction\":[{\"@type\":\"ReadAction\",\"target\":[\"https:\\\/\\\/zero-max.dk\\\/servoclass-enkeltelement-koblinger\\\/\"]}]},{\"@type\":\"BreadcrumbList\",\"@id\":\"https:\\\/\\\/zero-max.dk\\\/servoclass-enkeltelement-koblinger\\\/#breadcrumb\",\"itemListElement\":[{\"@type\":\"ListItem\",\"position\":1,\"name\":\"Hjem\",\"item\":\"https:\\\/\\\/zero-max.dk\\\/\"},{\"@type\":\"ListItem\",\"position\":2,\"name\":\"ServoClass enkeltelement koblinger\"}]},{\"@type\":\"WebSite\",\"@id\":\"https:\\\/\\\/zero-max.dk\\\/#website\",\"url\":\"https:\\\/\\\/zero-max.dk\\\/\",\"name\":\"Zero-Max A\\\/S\",\"description\":\"\",\"potentialAction\":[{\"@type\":\"SearchAction\",\"target\":{\"@type\":\"EntryPoint\",\"urlTemplate\":\"https:\\\/\\\/zero-max.dk\\\/?s={search_term_string}\"},\"query-input\":{\"@type\":\"PropertyValueSpecification\",\"valueRequired\":true,\"valueName\":\"search_term_string\"}}],\"inLanguage\":\"en-GB\"}]}<\/script>\n<!-- \/ Yoast SEO plugin. -->","yoast_head_json":{"title":"ServoClass single element couplings - Zero-Max A\/S","robots":{"index":"index","follow":"follow","max-snippet":"max-snippet:-1","max-image-preview":"max-image-preview:large","max-video-preview":"max-video-preview:-1"},"canonical":"https:\/\/zero-max.dk\/en\/servoclass-single-element-couplings\/","og_locale":"en_GB","og_type":"article","og_title":"ServoClass enkeltelement koblinger - Zero-Max A\/S","og_description":"ServoClass enkelt-element koblingTil h\u00f8jtydende servomotorer og kr\u00e6vende motion control-applikationer &nbsp; ServoClass enkelt-element kobling ServoClass Enkelt element koblinger er designet til pr\u00e6cisionskr\u00e6vende applikationer, hvor h\u00f8j ydeevne, n\u00f8jagtighed og driftssikkerhed er afg\u00f8rende. &nbsp;Egenskaber og FORDELE &#x2705;\u00a0H\u00f8j torsionsstivhed \u2013 ideel til pr\u00e6cis positionering &#x2705;\u00a0Nul sl\u00f8r og lav hysterese tab for gentagelsesn\u00f8jagtig bev\u00e6gelse &#x2705; Lav inertimasse \u2013 velegnet til [&hellip;]","og_url":"https:\/\/zero-max.dk\/en\/servoclass-single-element-couplings\/","og_site_name":"Zero-Max A\/S","article_modified_time":"2026-03-04T13:34:19+00:00","twitter_card":"summary_large_image","twitter_misc":{"Estimated reading time":"2 minutes"},"schema":{"@context":"https:\/\/schema.org","@graph":[{"@type":"WebPage","@id":"https:\/\/zero-max.dk\/servoclass-enkeltelement-koblinger\/","url":"https:\/\/zero-max.dk\/servoclass-enkeltelement-koblinger\/","name":"ServoClass single element couplings - Zero-Max A\/S","isPartOf":{"@id":"https:\/\/zero-max.dk\/#website"},"datePublished":"2026-02-12T10:24:11+00:00","dateModified":"2026-03-04T13:34:19+00:00","breadcrumb":{"@id":"https:\/\/zero-max.dk\/servoclass-enkeltelement-koblinger\/#breadcrumb"},"inLanguage":"en-GB","potentialAction":[{"@type":"ReadAction","target":["https:\/\/zero-max.dk\/servoclass-enkeltelement-koblinger\/"]}]},{"@type":"BreadcrumbList","@id":"https:\/\/zero-max.dk\/servoclass-enkeltelement-koblinger\/#breadcrumb","itemListElement":[{"@type":"ListItem","position":1,"name":"Hjem","item":"https:\/\/zero-max.dk\/"},{"@type":"ListItem","position":2,"name":"ServoClass enkeltelement koblinger"}]},{"@type":"WebSite","@id":"https:\/\/zero-max.dk\/#website","url":"https:\/\/zero-max.dk\/","name":"Zero-Max A\/S","description":"","potentialAction":[{"@type":"SearchAction","target":{"@type":"EntryPoint","urlTemplate":"https:\/\/zero-max.dk\/?s={search_term_string}"},"query-input":{"@type":"PropertyValueSpecification","valueRequired":true,"valueName":"search_term_string"}}],"inLanguage":"en-GB"}]}},"_links":{"self":[{"href":"https:\/\/zero-max.dk\/en\/wp-json\/wp\/v2\/pages\/6519","targetHints":{"allow":["GET"]}}],"collection":[{"href":"https:\/\/zero-max.dk\/en\/wp-json\/wp\/v2\/pages"}],"about":[{"href":"https:\/\/zero-max.dk\/en\/wp-json\/wp\/v2\/types\/page"}],"author":[{"embeddable":true,"href":"https:\/\/zero-max.dk\/en\/wp-json\/wp\/v2\/users\/9"}],"replies":[{"embeddable":true,"href":"https:\/\/zero-max.dk\/en\/wp-json\/wp\/v2\/comments?post=6519"}],"version-history":[{"count":11,"href":"https:\/\/zero-max.dk\/en\/wp-json\/wp\/v2\/pages\/6519\/revisions"}],"predecessor-version":[{"id":6662,"href":"https:\/\/zero-max.dk\/en\/wp-json\/wp\/v2\/pages\/6519\/revisions\/6662"}],"wp:attachment":[{"href":"https:\/\/zero-max.dk\/en\/wp-json\/wp\/v2\/media?parent=6519"}],"curies":[{"name":"wp","href":"https:\/\/api.w.org\/{rel}","templated":true}]}}