{"id":6673,"date":"2026-03-04T15:05:27","date_gmt":"2026-03-04T14:05:27","guid":{"rendered":"https:\/\/zero-max.dk\/?page_id=6673"},"modified":"2026-03-09T12:06:47","modified_gmt":"2026-03-09T11:06:47","slug":"double-flex-cd-power-series-couplings","status":"publish","type":"page","link":"https:\/\/zero-max.dk\/en\/double-flex-cd-power-serie-koblinger\/","title":{"rendered":"Double-Flex CD Power Series couplers"},"content":{"rendered":"<p>[et_pb_section fb_built=&#8221;1&#8243; _builder_version=&#8221;4.27.6&#8243; background_image=&#8221;https:\/\/zero-max.dk\/wp-content\/uploads\/2026\/03\/Billede-3.png&#8221; background_size=&#8221;custom&#8221; background_image_width=&#8221;45%&#8221; background_position=&#8221;center_right&#8221; background_horizontal_offset=&#8221;12%&#8221; custom_padding=&#8221;8%||&#8221; animation_style=&#8221;zoom&#8221; hover_enabled=&#8221;0&#8243; custom_css_main_element=&#8221;height:450px;&#8221; border_width_bottom=&#8221;1px&#8221; border_color_bottom=&#8221;#dddddd&#8221; global_colors_info=&#8221;{}&#8221; title_text=&#8221;Billede 3&#8243; sticky_enabled=&#8221;0&#8243;][et_pb_row custom_padding_last_edited=&#8221;on|tablet&#8221; _builder_version=&#8221;4.21.0&#8243; width_tablet=&#8221;62%&#8221; width_phone=&#8221;62%&#8221; width_last_edited=&#8221;on|tablet&#8221; module_alignment=&#8221;center&#8221; custom_padding_tablet=&#8221;|||36px|false|false&#8221; custom_padding_phone=&#8221;|||36px|false|false&#8221; module_alignment_tablet=&#8221;left&#8221; module_alignment_phone=&#8221;left&#8221; module_alignment_last_edited=&#8221;on|phone&#8221; global_colors_info=&#8221;{}&#8221;][et_pb_column type=&#8221;4_4&#8243; _builder_version=&#8221;4.16&#8243; custom_padding=&#8221;|||&#8221; global_colors_info=&#8221;{}&#8221; custom_padding__hover=&#8221;|||&#8221;][et_pb_text _builder_version=&#8221;4.27.6&#8243; text_font=&#8221;Oswald||||||||&#8221; text_text_color=&#8221;#013366&#8243; text_font_size=&#8221;26px&#8221; text_letter_spacing=&#8221;4px&#8221; text_line_height_tablet=&#8221;1.3em&#8221; text_line_height_phone=&#8221;1.3em&#8221; text_line_height_last_edited=&#8221;on|tablet&#8221; global_colors_info=&#8221;{}&#8221;]<\/p>\n<p>Dobbelt-Flex CD Power-Serie Koblinger<\/p>\n<p>[\/et_pb_text][\/et_pb_column][\/et_pb_row][\/et_pb_section][et_pb_section fb_built=&#8221;1&#8243; _builder_version=&#8221;4.27.6&#8243; _module_preset=&#8221;default&#8221; global_colors_info=&#8221;{}&#8221;][et_pb_row _builder_version=&#8221;4.27.6&#8243; _module_preset=&#8221;default&#8221; global_colors_info=&#8221;{}&#8221;][et_pb_column type=&#8221;4_4&#8243; _builder_version=&#8221;4.27.6&#8243; _module_preset=&#8221;default&#8221; global_colors_info=&#8221;{}&#8221;][et_pb_text _builder_version=&#8221;4.27.6&#8243; _module_preset=&#8221;default&#8221; global_colors_info=&#8221;{}&#8221;]<\/p>\n<h1>Dobbelt-Flex CD Power-Serie Koblinger<\/h1>\n<p>CD Power Serie er den nyeste tilf\u00f8jelse til Zero-Max\u2019 f\u00f8rende sortiment af Composite Disc Couplings (CD\u00ae Koblinger). Power Serie designet maksimerer effektt\u00e6theden og giver dermed h\u00f8jere momentkapacitet i en mere kompakt l\u00f8sning end de traditionelle CD-koblinger. Power Serie er et naturligt supplement til den etablerede CD koblingsserie, som OEM-kunder verden over er afh\u00e6ngige af. Applikationer, der kr\u00e6ver st\u00f8rre akselfejljustering, kan fortsat have fordel af den traditionelle CD-koblingsserie. Kontakt producenten med dine specifikke krav.<\/p>\n<p>Power-Serie \u00a0Dobbelt-Flex kompositskivekoblinger tilbyder en premiuml\u00f8sning til applikationer, der kr\u00e6ver b\u00e5de h\u00f8j momentoverf\u00f8rsel og pr\u00e6cis ydeevne. Dobbelt-flex-designet giver \u00f8get kapacitet for akselfejljustering sammenlignet med single-flex-koblinger, samtidig med at den h\u00f8je torsionsstivhed bevares, som er n\u00f8dvendig for j\u00e6vn og n\u00f8jagtig drift i kr\u00e6vende applikationer. Power-Serie-koblingerne er vedligeholdelsesfri og er et fremragende valg til aggressive bev\u00e6gelsesprofiler s\u00e5som reverserende belastninger, hyppig start\/stop, indeksering m.m. Koblingerne arbejder fuldst\u00e6ndigt sl\u00f8rfrit (zero backlash), hvilket eliminerer tabt bev\u00e6gelse og fjerner problemer med udmattelse, gnidningsslitage (fretting corrosion) og for tidlig slitage, som ofte forekommer i metaldiskkoblinger.<\/p>\n<p>Zero-Max tilbyder produkter og service i absolut topklasse, herunder hurtig levering og vilje til at levere kundetilpassede l\u00f8sninger, der opfylder dine specifikationer. Kontakt os for at h\u00f8re mere. Power Serie f\u00e5s ogs\u00e5 i en single-flex-udf\u00f8relse, som giver endnu h\u00f8jere torsionsstivhed.<\/p>\n<p>[\/et_pb_text][\/et_pb_column][\/et_pb_row][\/et_pb_section][et_pb_section fb_built=&#8221;1&#8243; _builder_version=&#8221;4.27.6&#8243; _module_preset=&#8221;default&#8221; global_colors_info=&#8221;{}&#8221;][et_pb_row column_structure=&#8221;1_3,1_3,1_3&#8243; _builder_version=&#8221;4.27.6&#8243; _module_preset=&#8221;e48a043d-0a2a-4309-a991-92fd51086eb7&#8243; global_colors_info=&#8221;{}&#8221;][et_pb_column type=&#8221;1_3&#8243; _builder_version=&#8221;4.27.6&#8243; _module_preset=&#8221;default&#8221; global_colors_info=&#8221;{}&#8221;][et_pb_image src=&#8221;https:\/\/zero-max.dk\/wp-content\/uploads\/2026\/03\/Billede-3.png&#8221; title_text=&#8221;Billede 3&#8243; _builder_version=&#8221;4.27.6&#8243; _module_preset=&#8221;2859c940-92aa-484f-a305-3c7a7469dfe9&#8243; hover_enabled=&#8221;0&#8243; global_colors_info=&#8221;{}&#8221; sticky_enabled=&#8221;0&#8243;][\/et_pb_image][et_pb_button button_text=&#8221;Single-Flex CD Power-Serie&#8221; _builder_version=&#8221;4.27.6&#8243; _module_preset=&#8221;03c5cead-f7bc-4357-a551-fa6d5ccdd82e&#8221; global_colors_info=&#8221;{}&#8221; disabled_on=&#8221;on|on|on&#8221; disabled=&#8221;on&#8221;][\/et_pb_button][et_pb_text _builder_version=&#8221;4.27.6&#8243; _module_preset=&#8221;372c4a77-c2ec-48f3-a2da-b3b83381463b&#8221; hover_enabled=&#8221;0&#8243; sticky_enabled=&#8221;0&#8243;]<\/p>\n<p>Power-Serie Double Flex Clamp Hub x Clamp Hub<\/p>\n<p>[\/et_pb_text][\/et_pb_column][et_pb_column type=&#8221;1_3&#8243; _builder_version=&#8221;4.27.6&#8243; _module_preset=&#8221;default&#8221; global_colors_info=&#8221;{}&#8221;][et_pb_image src=&#8221;https:\/\/zero-max.dk\/wp-content\/uploads\/2026\/03\/Billede-8.jpg&#8221; title_text=&#8221;Billede 8&#8243; _builder_version=&#8221;4.27.6&#8243; _module_preset=&#8221;2859c940-92aa-484f-a305-3c7a7469dfe9&#8243; hover_enabled=&#8221;0&#8243; global_colors_info=&#8221;{}&#8221; sticky_enabled=&#8221;0&#8243;][\/et_pb_image][et_pb_button button_text=&#8221;Single-Flex CD Power-Serie x Adapter&#8221; _builder_version=&#8221;4.27.6&#8243; _module_preset=&#8221;03c5cead-f7bc-4357-a551-fa6d5ccdd82e&#8221; global_colors_info=&#8221;{}&#8221; disabled_on=&#8221;on|on|on&#8221; disabled=&#8221;on&#8221;][\/et_pb_button][et_pb_text _builder_version=&#8221;4.27.6&#8243; _module_preset=&#8221;372c4a77-c2ec-48f3-a2da-b3b83381463b&#8221; hover_enabled=&#8221;0&#8243; sticky_enabled=&#8221;0&#8243;]<\/p>\n<p>Power-Serie Double Flex Clamp Hub x Adaptor<\/p>\n<p>[\/et_pb_text][\/et_pb_column][et_pb_column type=&#8221;1_3&#8243; _builder_version=&#8221;4.27.6&#8243; _module_preset=&#8221;default&#8221; global_colors_info=&#8221;{}&#8221;][et_pb_image src=&#8221;https:\/\/zero-max.dk\/wp-content\/uploads\/2026\/03\/Billede-9.jpg&#8221; title_text=&#8221;Billede 9&#8243; _builder_version=&#8221;4.27.6&#8243; _module_preset=&#8221;2859c940-92aa-484f-a305-3c7a7469dfe9&#8243; hover_enabled=&#8221;0&#8243; global_colors_info=&#8221;{}&#8221; sticky_enabled=&#8221;0&#8243;][\/et_pb_image][et_pb_button button_text=&#8221;Single-Flex CD Power-Serie flangenav-konfiguration&#8221; _builder_version=&#8221;4.27.6&#8243; _module_preset=&#8221;03c5cead-f7bc-4357-a551-fa6d5ccdd82e&#8221; global_colors_info=&#8221;{}&#8221; disabled_on=&#8221;on|on|on&#8221; disabled=&#8221;on&#8221;][\/et_pb_button][et_pb_text _builder_version=&#8221;4.27.6&#8243; _module_preset=&#8221;372c4a77-c2ec-48f3-a2da-b3b83381463b&#8221; hover_enabled=&#8221;0&#8243; sticky_enabled=&#8221;0&#8243;]<\/p>\n<p>Power-Serie Double Flex Flange Hub Configuration<\/p>\n<p>[\/et_pb_text][\/et_pb_column][\/et_pb_row][et_pb_row column_structure=&#8221;1_3,1_3,1_3&#8243; _builder_version=&#8221;4.27.6&#8243; _module_preset=&#8221;e48a043d-0a2a-4309-a991-92fd51086eb7&#8243; global_colors_info=&#8221;{}&#8221;][et_pb_column type=&#8221;1_3&#8243; _builder_version=&#8221;4.27.6&#8243; _module_preset=&#8221;default&#8221; global_colors_info=&#8221;{}&#8221;][et_pb_image src=&#8221;https:\/\/zero-max.dk\/wp-content\/uploads\/2026\/03\/Billede-4.jpg&#8221; title_text=&#8221;Billede 4&#8243; _builder_version=&#8221;4.27.6&#8243; _module_preset=&#8221;2859c940-92aa-484f-a305-3c7a7469dfe9&#8243; hover_enabled=&#8221;0&#8243; global_colors_info=&#8221;{}&#8221; sticky_enabled=&#8221;0&#8243;][\/et_pb_image][et_pb_button button_text=&#8221;Specialfremstillede CD-koblinger&#8221; _builder_version=&#8221;4.27.6&#8243; _module_preset=&#8221;03c5cead-f7bc-4357-a551-fa6d5ccdd82e&#8221; global_colors_info=&#8221;{}&#8221; disabled_on=&#8221;on|on|on&#8221; disabled=&#8221;on&#8221;][\/et_pb_button][et_pb_text _builder_version=&#8221;4.27.6&#8243; _module_preset=&#8221;372c4a77-c2ec-48f3-a2da-b3b83381463b&#8221; hover_enabled=&#8221;0&#8243; sticky_enabled=&#8221;0&#8243;]<\/p>\n<p>Specialfremstillede CD Koblinger<\/p>\n<p>[\/et_pb_text][\/et_pb_column][et_pb_column type=&#8221;1_3&#8243; _builder_version=&#8221;4.27.6&#8243; _module_preset=&#8221;default&#8221; global_colors_info=&#8221;{}&#8221;][\/et_pb_column][et_pb_column type=&#8221;1_3&#8243; _builder_version=&#8221;4.27.6&#8243; _module_preset=&#8221;default&#8221; global_colors_info=&#8221;{}&#8221;][\/et_pb_column][\/et_pb_row][\/et_pb_section][et_pb_section fb_built=&#8221;1&#8243; _builder_version=&#8221;4.16&#8243; global_colors_info=&#8221;{}&#8221;][et_pb_row _builder_version=&#8221;4.27.5&#8243; _module_preset=&#8221;default&#8221; custom_padding=&#8221;0px||||false|false&#8221; locked=&#8221;off&#8221; global_colors_info=&#8221;{}&#8221;][et_pb_column type=&#8221;4_4&#8243; _builder_version=&#8221;4.27.4&#8243; _module_preset=&#8221;default&#8221; global_colors_info=&#8221;{}&#8221;][et_pb_button button_url=&#8221;\/wp-content\/uploads\/2026\/02\/Servo-Class-Couplings-Catalog.pdf&#8221; button_text=&#8221;DOWNLOAD Katalog &#8211; CD Koblinger Power-Serie&#8221; button_alignment=&#8221;center&#8221; _builder_version=&#8221;4.27.6&#8243; custom_button=&#8221;on&#8221; button_text_color=&#8221;#ffffff&#8221; button_bg_color=&#8221;#003366&#8243; button_border_width=&#8221;4px&#8221; button_border_color=&#8221;#003366&#8243; button_border_radius=&#8221;4px&#8221; custom_margin=&#8221;0px||||false|false&#8221; custom_padding=&#8221;0px||||false|false&#8221; global_colors_info=&#8221;{}&#8221;]<br \/>\n[\/et_pb_button][\/et_pb_column][\/et_pb_row][\/et_pb_section]<\/p>\n","protected":false},"excerpt":{"rendered":"<p>Dobbelt-Flex CD Power-Serie KoblingerDobbelt-Flex CD Power-Serie Koblinger CD Power Serie er den nyeste tilf\u00f8jelse til Zero-Max\u2019 f\u00f8rende sortiment af Composite Disc Couplings (CD\u00ae Koblinger). Power Serie designet maksimerer effektt\u00e6theden og giver dermed h\u00f8jere momentkapacitet i en mere kompakt l\u00f8sning end de traditionelle CD-koblinger. Power Serie er et naturligt supplement til den etablerede CD koblingsserie, som [&hellip;]<\/p>\n","protected":false},"author":9,"featured_media":0,"parent":0,"menu_order":0,"comment_status":"closed","ping_status":"closed","template":"","meta":{"_et_pb_use_builder":"on","_et_pb_old_content":"","_et_gb_content_width":"","footnotes":""},"class_list":["post-6673","page","type-page","status-publish","hentry"],"yoast_head":"<!-- This site is optimized with the Yoast SEO plugin v27.5 - https:\/\/yoast.com\/product\/yoast-seo-wordpress\/ -->\n<title>Double-Flex CD Power-Serie Koblinger - Zero-Max A\/S<\/title>\n<meta name=\"robots\" content=\"index, follow, max-snippet:-1, max-image-preview:large, max-video-preview:-1\" \/>\n<link rel=\"canonical\" href=\"https:\/\/zero-max.dk\/en\/double-flex-cd-power-series-couplings\/\" \/>\n<meta property=\"og:locale\" content=\"en_GB\" \/>\n<meta property=\"og:type\" content=\"article\" \/>\n<meta property=\"og:title\" content=\"Double-Flex CD Power-Serie Koblinger - Zero-Max A\/S\" \/>\n<meta property=\"og:description\" content=\"Dobbelt-Flex CD Power-Serie KoblingerDobbelt-Flex CD Power-Serie Koblinger CD Power Serie er den nyeste tilf\u00f8jelse til Zero-Max\u2019 f\u00f8rende sortiment af Composite Disc Couplings (CD\u00ae Koblinger). Power Serie designet maksimerer effektt\u00e6theden og giver dermed h\u00f8jere momentkapacitet i en mere kompakt l\u00f8sning end de traditionelle CD-koblinger. Power Serie er et naturligt supplement til den etablerede CD koblingsserie, som [&hellip;]\" \/>\n<meta property=\"og:url\" content=\"https:\/\/zero-max.dk\/en\/double-flex-cd-power-series-couplings\/\" \/>\n<meta property=\"og:site_name\" content=\"Zero-Max A\/S\" \/>\n<meta property=\"article:modified_time\" content=\"2026-03-09T11:06:47+00:00\" \/>\n<meta name=\"twitter:card\" content=\"summary_large_image\" \/>\n<meta name=\"twitter:label1\" content=\"Estimated reading time\" \/>\n\t<meta name=\"twitter:data1\" content=\"2 minutes\" \/>\n<script type=\"application\/ld+json\" class=\"yoast-schema-graph\">{\"@context\":\"https:\\\/\\\/schema.org\",\"@graph\":[{\"@type\":\"WebPage\",\"@id\":\"https:\\\/\\\/zero-max.dk\\\/double-flex-cd-power-serie-koblinger\\\/\",\"url\":\"https:\\\/\\\/zero-max.dk\\\/double-flex-cd-power-serie-koblinger\\\/\",\"name\":\"Double-Flex CD Power-Serie Koblinger - Zero-Max A\\\/S\",\"isPartOf\":{\"@id\":\"https:\\\/\\\/zero-max.dk\\\/#website\"},\"datePublished\":\"2026-03-04T14:05:27+00:00\",\"dateModified\":\"2026-03-09T11:06:47+00:00\",\"breadcrumb\":{\"@id\":\"https:\\\/\\\/zero-max.dk\\\/double-flex-cd-power-serie-koblinger\\\/#breadcrumb\"},\"inLanguage\":\"en-GB\",\"potentialAction\":[{\"@type\":\"ReadAction\",\"target\":[\"https:\\\/\\\/zero-max.dk\\\/double-flex-cd-power-serie-koblinger\\\/\"]}]},{\"@type\":\"BreadcrumbList\",\"@id\":\"https:\\\/\\\/zero-max.dk\\\/double-flex-cd-power-serie-koblinger\\\/#breadcrumb\",\"itemListElement\":[{\"@type\":\"ListItem\",\"position\":1,\"name\":\"Hjem\",\"item\":\"https:\\\/\\\/zero-max.dk\\\/\"},{\"@type\":\"ListItem\",\"position\":2,\"name\":\"Double-Flex CD Power-Serie Koblinger\"}]},{\"@type\":\"WebSite\",\"@id\":\"https:\\\/\\\/zero-max.dk\\\/#website\",\"url\":\"https:\\\/\\\/zero-max.dk\\\/\",\"name\":\"Zero-Max A\\\/S\",\"description\":\"\",\"potentialAction\":[{\"@type\":\"SearchAction\",\"target\":{\"@type\":\"EntryPoint\",\"urlTemplate\":\"https:\\\/\\\/zero-max.dk\\\/?s={search_term_string}\"},\"query-input\":{\"@type\":\"PropertyValueSpecification\",\"valueRequired\":true,\"valueName\":\"search_term_string\"}}],\"inLanguage\":\"en-GB\"}]}<\/script>\n<!-- \/ Yoast SEO plugin. -->","yoast_head_json":{"title":"Double-Flex CD Power Series Couplings - Zero-Max A\/S","robots":{"index":"index","follow":"follow","max-snippet":"max-snippet:-1","max-image-preview":"max-image-preview:large","max-video-preview":"max-video-preview:-1"},"canonical":"https:\/\/zero-max.dk\/en\/double-flex-cd-power-series-couplings\/","og_locale":"en_GB","og_type":"article","og_title":"Double-Flex CD Power-Serie Koblinger - Zero-Max A\/S","og_description":"Dobbelt-Flex CD Power-Serie KoblingerDobbelt-Flex CD Power-Serie Koblinger CD Power Serie er den nyeste tilf\u00f8jelse til Zero-Max\u2019 f\u00f8rende sortiment af Composite Disc Couplings (CD\u00ae Koblinger). Power Serie designet maksimerer effektt\u00e6theden og giver dermed h\u00f8jere momentkapacitet i en mere kompakt l\u00f8sning end de traditionelle CD-koblinger. Power Serie er et naturligt supplement til den etablerede CD koblingsserie, som [&hellip;]","og_url":"https:\/\/zero-max.dk\/en\/double-flex-cd-power-series-couplings\/","og_site_name":"Zero-Max A\/S","article_modified_time":"2026-03-09T11:06:47+00:00","twitter_card":"summary_large_image","twitter_misc":{"Estimated reading time":"2 minutes"},"schema":{"@context":"https:\/\/schema.org","@graph":[{"@type":"WebPage","@id":"https:\/\/zero-max.dk\/double-flex-cd-power-serie-koblinger\/","url":"https:\/\/zero-max.dk\/double-flex-cd-power-serie-koblinger\/","name":"Double-Flex CD Power Series Couplings - Zero-Max A\/S","isPartOf":{"@id":"https:\/\/zero-max.dk\/#website"},"datePublished":"2026-03-04T14:05:27+00:00","dateModified":"2026-03-09T11:06:47+00:00","breadcrumb":{"@id":"https:\/\/zero-max.dk\/double-flex-cd-power-serie-koblinger\/#breadcrumb"},"inLanguage":"en-GB","potentialAction":[{"@type":"ReadAction","target":["https:\/\/zero-max.dk\/double-flex-cd-power-serie-koblinger\/"]}]},{"@type":"BreadcrumbList","@id":"https:\/\/zero-max.dk\/double-flex-cd-power-serie-koblinger\/#breadcrumb","itemListElement":[{"@type":"ListItem","position":1,"name":"Hjem","item":"https:\/\/zero-max.dk\/"},{"@type":"ListItem","position":2,"name":"Double-Flex CD Power-Serie Koblinger"}]},{"@type":"WebSite","@id":"https:\/\/zero-max.dk\/#website","url":"https:\/\/zero-max.dk\/","name":"Zero-Max A\/S","description":"","potentialAction":[{"@type":"SearchAction","target":{"@type":"EntryPoint","urlTemplate":"https:\/\/zero-max.dk\/?s={search_term_string}"},"query-input":{"@type":"PropertyValueSpecification","valueRequired":true,"valueName":"search_term_string"}}],"inLanguage":"en-GB"}]}},"_links":{"self":[{"href":"https:\/\/zero-max.dk\/en\/wp-json\/wp\/v2\/pages\/6673","targetHints":{"allow":["GET"]}}],"collection":[{"href":"https:\/\/zero-max.dk\/en\/wp-json\/wp\/v2\/pages"}],"about":[{"href":"https:\/\/zero-max.dk\/en\/wp-json\/wp\/v2\/types\/page"}],"author":[{"embeddable":true,"href":"https:\/\/zero-max.dk\/en\/wp-json\/wp\/v2\/users\/9"}],"replies":[{"embeddable":true,"href":"https:\/\/zero-max.dk\/en\/wp-json\/wp\/v2\/comments?post=6673"}],"version-history":[{"count":5,"href":"https:\/\/zero-max.dk\/en\/wp-json\/wp\/v2\/pages\/6673\/revisions"}],"predecessor-version":[{"id":6725,"href":"https:\/\/zero-max.dk\/en\/wp-json\/wp\/v2\/pages\/6673\/revisions\/6725"}],"wp:attachment":[{"href":"https:\/\/zero-max.dk\/en\/wp-json\/wp\/v2\/media?parent=6673"}],"curies":[{"name":"wp","href":"https:\/\/api.w.org\/{rel}","templated":true}]}}