{"id":857,"date":"2019-01-02T17:12:23","date_gmt":"2019-01-02T16:12:23","guid":{"rendered":"https:\/\/zero-max.dk\/?page_id=857"},"modified":"2025-03-19T12:19:46","modified_gmt":"2025-03-19T11:19:46","slug":"clutches-da","status":"publish","type":"page","link":"https:\/\/zero-max.dk\/en\/clutches-da\/","title":{"rendered":"Clutches and Brakes"},"content":{"rendered":"<p>[et_pb_section fb_built=&#8221;1&#8243; _builder_version=&#8221;4.21.0&#8243; background_image=&#8221;https:\/\/zero-max.dk\/wp-content\/uploads\/2018\/12\/Clutches_tops.jpg&#8221; background_size=&#8221;contain&#8221; height_tablet=&#8221;&#8221; height_phone=&#8221;468px&#8221; height_last_edited=&#8221;on|phone&#8221; animation_style=&#8221;zoom&#8221; custom_css_main_element=&#8221;height:450px;&#8221; border_width_bottom=&#8221;1px&#8221; border_color_bottom=&#8221;#eeeeee&#8221; locked=&#8221;off&#8221; global_colors_info=&#8221;{}&#8221;][et_pb_row _builder_version=&#8221;4.21.0&#8243; custom_margin=&#8221;16%||&#8221; custom_margin_tablet=&#8221;1%||||false|false&#8221; custom_margin_phone=&#8221;-13%||||false|false&#8221; custom_margin_last_edited=&#8221;on|tablet&#8221; global_colors_info=&#8221;{}&#8221;][et_pb_column type=&#8221;4_4&#8243; _builder_version=&#8221;4.16&#8243; custom_padding=&#8221;|||&#8221; global_colors_info=&#8221;{}&#8221; custom_padding__hover=&#8221;|||&#8221;][et_pb_text _builder_version=&#8221;4.21.0&#8243; text_font=&#8221;Oswald||||||||&#8221; text_text_color=&#8221;#013366&#8243; text_font_size=&#8221;26px&#8221; text_letter_spacing=&#8221;4px&#8221; text_line_height=&#8221;1.1em&#8221; text_orientation=&#8221;center&#8221; custom_margin_tablet=&#8221;115px||||false|false&#8221; custom_margin_phone=&#8221;-35px||||false|false&#8221; custom_margin_last_edited=&#8221;on|tablet&#8221; custom_padding_tablet=&#8221;50px||||false|false&#8221; custom_padding_phone=&#8221;50px||||false|false&#8221; custom_padding_last_edited=&#8221;on|tablet&#8221; global_colors_info=&#8221;{}&#8221;]<\/p>\n<p>Your specialist for pressure monitoring and transmission technology.<\/p>\n<p>[\/et_pb_text][\/et_pb_column][\/et_pb_row][\/et_pb_section][et_pb_section fb_built=&#8221;1&#8243; disabled_on=&#8221;on|off|off&#8221; _builder_version=&#8221;4.16&#8243; background_color=&#8221;#ffffff&#8221; custom_padding=&#8221;20px||20px&#8221; global_colors_info=&#8221;{}&#8221;][et_pb_row column_structure=&#8221;1_2,1_2&#8243; custom_padding_last_edited=&#8221;on|phone&#8221; _builder_version=&#8221;4.21.0&#8243; custom_margin_tablet=&#8221;&#8221; custom_margin_phone=&#8221;-87px||||false|false&#8221; custom_margin_last_edited=&#8221;on|phone&#8221; custom_padding_tablet=&#8221;&#8221; custom_padding_phone=&#8221;0px||||false|false&#8221; global_colors_info=&#8221;{}&#8221;][et_pb_column type=&#8221;1_2&#8243; _builder_version=&#8221;4.16&#8243; custom_padding=&#8221;55px|||&#8221; global_colors_info=&#8221;{}&#8221; custom_padding__hover=&#8221;|||&#8221;][et_pb_image src=&#8221;https:\/\/zero-max.dk\/wp-content\/uploads\/2018\/12\/Clu_produkt.jpg&#8221; align=&#8221;center&#8221; align_tablet=&#8221;center&#8221; align_phone=&#8221;center&#8221; align_last_edited=&#8221;on|desktop&#8221; _builder_version=&#8221;4.16&#8243; global_colors_info=&#8221;{}&#8221;]<br \/>\n[\/et_pb_image][\/et_pb_column][et_pb_column type=&#8221;1_2&#8243; _builder_version=&#8221;4.16&#8243; custom_padding=&#8221;|||&#8221; global_colors_info=&#8221;{}&#8221; custom_padding__hover=&#8221;|||&#8221;][et_pb_text _builder_version=&#8221;4.16&#8243; header_font=&#8221;||||||||&#8221; header_3_font=&#8221;||||||||&#8221; header_3_text_color=&#8221;#003366&#8243; global_colors_info=&#8221;{}&#8221;]<\/p>\n<h1>GENNEMTESTET TEKNOLOGI<\/h1>\n<h2>Koblinger<\/h2>\n<p><strong>SUCO<\/strong> \u2013 Din specialist i trykoverv\u00e5gning og transmissionsteknologi.<\/p>\n<p>SUCO Robert Scheuffele GmbH &amp; Co. Kg, bedre kendt under handelsnavnet SUCO, er en veletableret specialist i produkter til v\u00e6sketeknologi og energioverf\u00f8rsel. Trykoverv\u00e5gning af hydrauliske eller pneumatiske systemer sikres af et stort produktsortiment. Trykm\u00e5ling og vakuum afbrydere, skr\u00e6ddersyede versioner med stiks eller kabler har if\u00f8lge det nye ATEX-direktiv f\u00e5et et glimrende ry over hele verden.<\/p>\n<p>I SUCOS produktsortiment findes ogs\u00e5 elektroniske trykafbrydere, transmitterer og sensorer.<\/p>\n<p>I produktsortimentet for transmissionsteknologi er der adskillige centrifugalkoblinger og bremser, elektromagnetiske aksler og bremser samt kombinationer med anden elementer af transmissionsteknologi for et komplet system.<\/p>\n<p>[\/et_pb_text][et_pb_button button_url=&#8221;https:\/\/zero-max.dk\/wp-content\/uploads\/2019\/01\/Antriebstechnik_Broschuere_English_2016.pdf&#8221; url_new_window=&#8221;on&#8221; button_text=&#8221;DOWNLOAD Katalog &#8211; Clutches&#8221; _builder_version=&#8221;4.16&#8243; custom_button=&#8221;on&#8221; button_text_color=&#8221;#ffffff&#8221; button_bg_color=&#8221;#003366&#8243; button_border_width=&#8221;4px&#8221; button_border_color=&#8221;#003366&#8243; button_border_radius=&#8221;4px&#8221; button_font=&#8221;||||||||&#8221; global_colors_info=&#8221;{}&#8221;]<br \/>\n[\/et_pb_button][\/et_pb_column][\/et_pb_row][\/et_pb_section][et_pb_section fb_built=&#8221;1&#8243; _builder_version=&#8221;4.16&#8243; background_color=&#8221;#003366&#8243; global_colors_info=&#8221;{}&#8221;][et_pb_row column_structure=&#8221;1_2,1_2&#8243; _builder_version=&#8221;4.16&#8243; global_colors_info=&#8221;{}&#8221;][et_pb_column type=&#8221;1_2&#8243; _builder_version=&#8221;4.16&#8243; custom_padding=&#8221;|||&#8221; global_colors_info=&#8221;{}&#8221; custom_padding__hover=&#8221;|||&#8221;][et_pb_button button_url=&#8221;https:\/\/www.suco.de\/en\/transmission-technology\/centrifugal-clutches-and-brakes\/&#8221; url_new_window=&#8221;on&#8221; button_text=&#8221;Centrifugalkoblinger og bremser&#8221; button_alignment=&#8221;center&#8221; _builder_version=&#8221;4.16&#8243; custom_button=&#8221;on&#8221; button_bg_color=&#8221;#99ccff&#8221; button_border_width=&#8221;4px&#8221; button_border_color=&#8221;#99ccff&#8221; button_font=&#8221;||||||||&#8221; global_colors_info=&#8221;{}&#8221;]<br \/>\n[\/et_pb_button][et_pb_image src=&#8221;https:\/\/zero-max.dk\/wp-content\/uploads\/2018\/12\/customer-support.png&#8221; align=&#8221;center&#8221; align_tablet=&#8221;center&#8221; align_phone=&#8221;center&#8221; align_last_edited=&#8221;on|desktop&#8221; _builder_version=&#8221;4.16&#8243; global_colors_info=&#8221;{}&#8221;]<br \/>\n[\/et_pb_image][et_pb_button button_url=&#8221;https:\/\/www.suco.de\/en\/transmission-technology\/customized-solutions\/&#8221; url_new_window=&#8221;on&#8221; button_text=&#8221;Specialdesignede l\u00f8sninger&#8221; button_alignment=&#8221;center&#8221; _builder_version=&#8221;4.16&#8243; custom_button=&#8221;on&#8221; button_bg_color=&#8221;#99ccff&#8221; button_border_width=&#8221;4px&#8221; button_border_color=&#8221;#99ccff&#8221; button_font=&#8221;||||||||&#8221; global_colors_info=&#8221;{}&#8221;]<br \/>\n[\/et_pb_button][\/et_pb_column][et_pb_column type=&#8221;1_2&#8243; _builder_version=&#8221;4.16&#8243; custom_padding=&#8221;|||&#8221; global_colors_info=&#8221;{}&#8221; custom_padding__hover=&#8221;|||&#8221;][et_pb_button button_url=&#8221;https:\/\/www.suco.de\/en\/transmission-technology\/electromagnetic-clutches-and-brakes\/&#8221; url_new_window=&#8221;on&#8221; button_text=&#8221;Elektromagnetiske aksler og bremser&#8221; button_alignment=&#8221;center&#8221; _builder_version=&#8221;4.16&#8243; custom_button=&#8221;on&#8221; button_bg_color=&#8221;#99ccff&#8221; button_border_width=&#8221;4px&#8221; button_border_color=&#8221;#99ccff&#8221; button_font=&#8221;||||||||&#8221; global_colors_info=&#8221;{}&#8221;]<br \/>\n[\/et_pb_button][et_pb_image src=&#8221;https:\/\/zero-max.dk\/wp-content\/uploads\/2018\/12\/settings-gears.png&#8221; align=&#8221;center&#8221; align_tablet=&#8221;center&#8221; align_phone=&#8221;center&#8221; align_last_edited=&#8221;on|desktop&#8221; _builder_version=&#8221;4.16&#8243; global_colors_info=&#8221;{}&#8221;]<br \/>\n[\/et_pb_image][et_pb_button button_url=&#8221;https:\/\/www.suco.de\/en\/transmission-technology\/product-configurator\/&#8221; url_new_window=&#8221;on&#8221; button_text=&#8221;Produktkonfigurator&#8221; button_alignment=&#8221;center&#8221; _builder_version=&#8221;4.16&#8243; custom_button=&#8221;on&#8221; button_bg_color=&#8221;#99ccff&#8221; button_border_width=&#8221;4px&#8221; button_border_color=&#8221;#99ccff&#8221; button_font=&#8221;||||||||&#8221; global_colors_info=&#8221;{}&#8221;]<br \/>\n[\/et_pb_button][\/et_pb_column][\/et_pb_row][\/et_pb_section][et_pb_section fb_built=&#8221;1&#8243; _builder_version=&#8221;4.16&#8243; global_colors_info=&#8221;{}&#8221;][et_pb_row _builder_version=&#8221;4.16&#8243; global_colors_info=&#8221;{}&#8221;][et_pb_column type=&#8221;4_4&#8243; _builder_version=&#8221;4.16&#8243; custom_padding=&#8221;|||&#8221; global_colors_info=&#8221;{}&#8221; custom_padding__hover=&#8221;|||&#8221;][et_pb_text _builder_version=&#8221;4.16&#8243; header_font=&#8221;||||||||&#8221; header_3_font=&#8221;||||||||&#8221; header_3_text_color=&#8221;#003366&#8243; global_colors_info=&#8221;{}&#8221;]<\/p>\n<h2>FORDELE OG EGENSKABER<\/h2>\n<h2>Aksler<\/h2>\n<p><strong>Centrifugalkoblinger og bremser:<br \/><\/strong>Centrifugalkoblinger og bremser bruges n\u00e5r input- og outputsiden skal v\u00e6re adskilt under et stop, og outputsiden skal arbejde fartafh\u00e6ngigt. Fordele ved centrifugalkoblinger er belastnings- og glidefri momenttransmission ved driftshastighed. Centrifugalbremser bruges ofte som n\u00f8dbremsesystemer. De kan s\u00e6nke farten eller nedbringe belastningen til en bestemt hastighed.<\/p>\n<p><strong>Elektromagnetiske aksler og bremser<br \/><\/strong><span style=\"font-size: 14px;\">Elektromagnetiske aksler og bremser from SUCO er kendte for deres enkle design og deres enkle installation. Ligesom centrifugalkoblinger kan elektromagnetiske koblinger og bremser kun bruges til pr\u00f8vek\u00f8rsel. Der er garanteret momenttransmission uden resterende moment. N\u00e5r den er aktiveret, skaber feltspolens elektromagnetik en magnetisk felt uden at bruge samleringen. Det magnetiske felt tiltr\u00e6kker den k\u00f8rende side mod inputdriverhubbet.<\/span><\/p>\n<p><strong>Kundespecifikke, specialdesignede l\u00f8sninger:<br \/><\/strong>SUCO designer og fremstiller individuelle og kundespecifikke l\u00f8sninger, n\u00e5r man ikke kan bruge standardmodeller. Vores ingeni\u00f8rer unders\u00f8ger foresp\u00f8rgsler for at sikre at de er mulige at gennemf\u00f8re og at produktets design lever op til kundens \u00f8nsker.<\/p>\n<p>[\/et_pb_text][\/et_pb_column][\/et_pb_row][\/et_pb_section][et_pb_section fb_built=&#8221;1&#8243; disabled_on=&#8221;on|on|on&#8221; _builder_version=&#8221;4.21.0&#8243; background_color=&#8221;#003366&#8243; custom_padding=&#8221;0px||0px&#8221; disabled=&#8221;on&#8221; global_module=&#8221;1102&#8243; saved_tabs=&#8221;all&#8221; global_colors_info=&#8221;{}&#8221;][et_pb_row column_structure=&#8221;1_3,1_3,1_3&#8243; _builder_version=&#8221;4.16&#8243; global_colors_info=&#8221;{}&#8221;][et_pb_column type=&#8221;1_3&#8243; _builder_version=&#8221;4.16&#8243; custom_padding=&#8221;|||&#8221; global_colors_info=&#8221;{}&#8221; custom_padding__hover=&#8221;|||&#8221;][et_pb_text admin_label=&#8221;Tekst&#8221; _builder_version=&#8221;4.16&#8243; header_2_text_align=&#8221;center&#8221; header_2_text_color=&#8221;#99ccff&#8221; header_2_font_size=&#8221;14px&#8221; custom_margin=&#8221;0px||0px&#8221; custom_padding=&#8221;0px||0px&#8221; global_colors_info=&#8221;{}&#8221;]<\/p>\n<h2>Zero Max &#8211; Industri<\/h2>\n<p>[\/et_pb_text][et_pb_text _builder_version=&#8221;4.16&#8243; background_image=&#8221;https:\/\/zero-max.dk\/wp-content\/uploads\/2018\/12\/Boxes.jpg&#8221; text_orientation=&#8221;center&#8221; custom_margin=&#8221;0px||0px&#8221; custom_padding=&#8221;10px|20px|26px|20px&#8221; border_width_all=&#8221;1px&#8221; border_color_all=&#8221;#ffffff&#8221; global_colors_info=&#8221;{}&#8221;]<\/p>\n<p>Hurtighed, pr\u00e6cision og driftssikkerhed? Overvej en l\u00f8sning fra Zero-Max<\/p>\n<p>[\/et_pb_text][\/et_pb_column][et_pb_column type=&#8221;1_3&#8243; _builder_version=&#8221;4.16&#8243; custom_padding=&#8221;|||&#8221; global_colors_info=&#8221;{}&#8221; custom_padding__hover=&#8221;|||&#8221;][et_pb_text _builder_version=&#8221;4.16&#8243; header_2_text_align=&#8221;center&#8221; header_2_text_color=&#8221;#99ccff&#8221; header_2_font_size=&#8221;14px&#8221; custom_margin=&#8221;0px||0px&#8221; custom_padding=&#8221;0px||0px&#8221; global_colors_info=&#8221;{}&#8221;]<\/p>\n<h2>Zero Max \u2013 Landbrug<\/h2>\n<p>[\/et_pb_text][et_pb_text _builder_version=&#8221;4.16&#8243; background_image=&#8221;https:\/\/zero-max.dk\/wp-content\/uploads\/2018\/12\/Boxes.jpg&#8221; text_orientation=&#8221;center&#8221; custom_margin=&#8221;0px||0px&#8221; custom_padding=&#8221;10px|20px|25px|20px&#8221; border_width_all=&#8221;1px&#8221; border_color_all=&#8221;#ffffff&#8221; global_colors_info=&#8221;{}&#8221;]<\/p>\n<p>St\u00f8rre, tungere, hurtigere? Driftssikker?<br \/>Kundespecifikt designet hos Zero-Max!<\/p>\n<p>[\/et_pb_text][\/et_pb_column][et_pb_column type=&#8221;1_3&#8243; _builder_version=&#8221;4.16&#8243; custom_padding=&#8221;|||&#8221; global_colors_info=&#8221;{}&#8221; custom_padding__hover=&#8221;|||&#8221;][et_pb_text _builder_version=&#8221;4.16&#8243; header_2_text_align=&#8221;center&#8221; header_2_text_color=&#8221;#99ccff&#8221; header_2_font_size=&#8221;14px&#8221; custom_margin=&#8221;0px||0px&#8221; custom_padding=&#8221;0px||0px&#8221; global_colors_info=&#8221;{}&#8221;]<\/p>\n<h2>Zero Max \u2013 Energi<\/h2>\n<p>[\/et_pb_text][et_pb_text admin_label=&#8221;Text&#8221; _builder_version=&#8221;4.16&#8243; background_image=&#8221;https:\/\/zero-max.dk\/wp-content\/uploads\/2018\/12\/Boxes.jpg&#8221; text_orientation=&#8221;center&#8221; custom_margin=&#8221;0px||0px&#8221; custom_padding=&#8221;10px|10px|10px|10px&#8221; border_width_all=&#8221;1px&#8221; border_color_all=&#8221;#ffffff&#8221; global_colors_info=&#8221;{}&#8221;]<\/p>\n<p>St\u00e6rk ydeevne i ekstrem vind? <br \/>Skiftende klimabetingelserne?<br \/>Zero-Max skaber l\u00f8sningen for dig!<\/p>\n<p>[\/et_pb_text][\/et_pb_column][\/et_pb_row][\/et_pb_section]<\/p>\n","protected":false},"excerpt":{"rendered":"<p>Your specialist for pressure monitoring and transmission technology. GENNEMTESTET TEKNOLOGI Koblinger SUCO \u2013 Din specialist i trykoverv\u00e5gning og transmissionsteknologi. SUCO Robert Scheuffele GmbH &amp; Co. Kg, bedre kendt under handelsnavnet SUCO, er en veletableret specialist i produkter til v\u00e6sketeknologi og energioverf\u00f8rsel. Trykoverv\u00e5gning af hydrauliske eller pneumatiske systemer sikres af et stort produktsortiment. Trykm\u00e5ling og vakuum [&hellip;]<\/p>\n","protected":false},"author":7,"featured_media":0,"parent":0,"menu_order":0,"comment_status":"closed","ping_status":"closed","template":"","meta":{"_et_pb_use_builder":"on","_et_pb_old_content":"","_et_gb_content_width":"","footnotes":""},"class_list":["post-857","page","type-page","status-publish","hentry"],"yoast_head":"<!-- This site is optimized with the Yoast SEO plugin v27.5 - https:\/\/yoast.com\/product\/yoast-seo-wordpress\/ -->\n<title>Fleksible Koblinger | Industri &amp; Servomotorer | Zero-Max<\/title>\n<meta name=\"description\" content=\"Find fleksible koblinger til servomotorer og industri. H\u00f8j pr\u00e6cision, torsionsstivhed og holdbarhed. Se vores udvalg og find den rette l\u00f8sning!\" \/>\n<meta name=\"robots\" content=\"index, follow, max-snippet:-1, max-image-preview:large, max-video-preview:-1\" \/>\n<link rel=\"canonical\" href=\"https:\/\/zero-max.dk\/en\/clutches-da\/\" \/>\n<meta property=\"og:locale\" content=\"en_GB\" \/>\n<meta property=\"og:type\" content=\"article\" \/>\n<meta property=\"og:title\" content=\"Fleksible Koblinger | Industri &amp; Servomotorer | Zero-Max\" \/>\n<meta property=\"og:description\" content=\"Find fleksible koblinger til servomotorer og industri. H\u00f8j pr\u00e6cision, torsionsstivhed og holdbarhed. Se vores udvalg og find den rette l\u00f8sning!\" \/>\n<meta property=\"og:url\" content=\"https:\/\/zero-max.dk\/en\/clutches-da\/\" \/>\n<meta property=\"og:site_name\" content=\"Zero-Max A\/S\" \/>\n<meta property=\"article:modified_time\" content=\"2025-03-19T11:19:46+00:00\" \/>\n<meta name=\"twitter:card\" content=\"summary_large_image\" \/>\n<meta name=\"twitter:label1\" content=\"Estimated reading time\" \/>\n\t<meta name=\"twitter:data1\" content=\"2 minutes\" \/>\n<script type=\"application\/ld+json\" class=\"yoast-schema-graph\">{\"@context\":\"https:\\\/\\\/schema.org\",\"@graph\":[{\"@type\":\"WebPage\",\"@id\":\"https:\\\/\\\/zero-max.dk\\\/clutches-da\\\/\",\"url\":\"https:\\\/\\\/zero-max.dk\\\/clutches-da\\\/\",\"name\":\"Fleksible Koblinger | Industri & Servomotorer | Zero-Max\",\"isPartOf\":{\"@id\":\"https:\\\/\\\/zero-max.dk\\\/#website\"},\"datePublished\":\"2019-01-02T16:12:23+00:00\",\"dateModified\":\"2025-03-19T11:19:46+00:00\",\"description\":\"Find fleksible koblinger til servomotorer og industri. H\u00f8j pr\u00e6cision, torsionsstivhed og holdbarhed. Se vores udvalg og find den rette l\u00f8sning!\",\"breadcrumb\":{\"@id\":\"https:\\\/\\\/zero-max.dk\\\/clutches-da\\\/#breadcrumb\"},\"inLanguage\":\"en-GB\",\"potentialAction\":[{\"@type\":\"ReadAction\",\"target\":[\"https:\\\/\\\/zero-max.dk\\\/clutches-da\\\/\"]}]},{\"@type\":\"BreadcrumbList\",\"@id\":\"https:\\\/\\\/zero-max.dk\\\/clutches-da\\\/#breadcrumb\",\"itemListElement\":[{\"@type\":\"ListItem\",\"position\":1,\"name\":\"Hjem\",\"item\":\"https:\\\/\\\/zero-max.dk\\\/\"},{\"@type\":\"ListItem\",\"position\":2,\"name\":\"Koblinger\"}]},{\"@type\":\"WebSite\",\"@id\":\"https:\\\/\\\/zero-max.dk\\\/#website\",\"url\":\"https:\\\/\\\/zero-max.dk\\\/\",\"name\":\"Zero-Max A\\\/S\",\"description\":\"\",\"potentialAction\":[{\"@type\":\"SearchAction\",\"target\":{\"@type\":\"EntryPoint\",\"urlTemplate\":\"https:\\\/\\\/zero-max.dk\\\/?s={search_term_string}\"},\"query-input\":{\"@type\":\"PropertyValueSpecification\",\"valueRequired\":true,\"valueName\":\"search_term_string\"}}],\"inLanguage\":\"en-GB\"}]}<\/script>\n<!-- \/ Yoast SEO plugin. -->","yoast_head_json":{"title":"Flexible Couplings | Industry &amp; Servomotors | Zero-Max","description":"Find flexible couplings for servo motors and industry. High precision, torsional stiffness and durability. Check out our selection and find the right solution!","robots":{"index":"index","follow":"follow","max-snippet":"max-snippet:-1","max-image-preview":"max-image-preview:large","max-video-preview":"max-video-preview:-1"},"canonical":"https:\/\/zero-max.dk\/en\/clutches-da\/","og_locale":"en_GB","og_type":"article","og_title":"Fleksible Koblinger | Industri & Servomotorer | Zero-Max","og_description":"Find fleksible koblinger til servomotorer og industri. H\u00f8j pr\u00e6cision, torsionsstivhed og holdbarhed. Se vores udvalg og find den rette l\u00f8sning!","og_url":"https:\/\/zero-max.dk\/en\/clutches-da\/","og_site_name":"Zero-Max A\/S","article_modified_time":"2025-03-19T11:19:46+00:00","twitter_card":"summary_large_image","twitter_misc":{"Estimated reading time":"2 minutes"},"schema":{"@context":"https:\/\/schema.org","@graph":[{"@type":"WebPage","@id":"https:\/\/zero-max.dk\/clutches-da\/","url":"https:\/\/zero-max.dk\/clutches-da\/","name":"Flexible Couplings | Industry &amp; Servomotors | Zero-Max","isPartOf":{"@id":"https:\/\/zero-max.dk\/#website"},"datePublished":"2019-01-02T16:12:23+00:00","dateModified":"2025-03-19T11:19:46+00:00","description":"Find flexible couplings for servo motors and industry. High precision, torsional stiffness and durability. Check out our selection and find the right solution!","breadcrumb":{"@id":"https:\/\/zero-max.dk\/clutches-da\/#breadcrumb"},"inLanguage":"en-GB","potentialAction":[{"@type":"ReadAction","target":["https:\/\/zero-max.dk\/clutches-da\/"]}]},{"@type":"BreadcrumbList","@id":"https:\/\/zero-max.dk\/clutches-da\/#breadcrumb","itemListElement":[{"@type":"ListItem","position":1,"name":"Hjem","item":"https:\/\/zero-max.dk\/"},{"@type":"ListItem","position":2,"name":"Koblinger"}]},{"@type":"WebSite","@id":"https:\/\/zero-max.dk\/#website","url":"https:\/\/zero-max.dk\/","name":"Zero-Max A\/S","description":"","potentialAction":[{"@type":"SearchAction","target":{"@type":"EntryPoint","urlTemplate":"https:\/\/zero-max.dk\/?s={search_term_string}"},"query-input":{"@type":"PropertyValueSpecification","valueRequired":true,"valueName":"search_term_string"}}],"inLanguage":"en-GB"}]}},"_links":{"self":[{"href":"https:\/\/zero-max.dk\/en\/wp-json\/wp\/v2\/pages\/857","targetHints":{"allow":["GET"]}}],"collection":[{"href":"https:\/\/zero-max.dk\/en\/wp-json\/wp\/v2\/pages"}],"about":[{"href":"https:\/\/zero-max.dk\/en\/wp-json\/wp\/v2\/types\/page"}],"author":[{"embeddable":true,"href":"https:\/\/zero-max.dk\/en\/wp-json\/wp\/v2\/users\/7"}],"replies":[{"embeddable":true,"href":"https:\/\/zero-max.dk\/en\/wp-json\/wp\/v2\/comments?post=857"}],"version-history":[{"count":11,"href":"https:\/\/zero-max.dk\/en\/wp-json\/wp\/v2\/pages\/857\/revisions"}],"predecessor-version":[{"id":6110,"href":"https:\/\/zero-max.dk\/en\/wp-json\/wp\/v2\/pages\/857\/revisions\/6110"}],"wp:attachment":[{"href":"https:\/\/zero-max.dk\/en\/wp-json\/wp\/v2\/media?parent=857"}],"curies":[{"name":"wp","href":"https:\/\/api.w.org\/{rel}","templated":true}]}}