{"id":875,"date":"2019-01-02T17:18:38","date_gmt":"2019-01-02T16:18:38","guid":{"rendered":"https:\/\/zero-max.dk\/?page_id=875"},"modified":"2025-04-07T22:51:53","modified_gmt":"2025-04-07T20:51:53","slug":"customised-solutions-da","status":"publish","type":"page","link":"https:\/\/zero-max.dk\/en\/customized-solutions-da\/","title":{"rendered":"Custom Solutions"},"content":{"rendered":"<p>[et_pb_section fb_built=&#8221;1&#8243; _builder_version=&#8221;4.21.0&#8243; background_image=&#8221;https:\/\/zero-max.dk\/wp-content\/uploads\/2018\/12\/1152-Seeder-Top.jpg&#8221; custom_padding=&#8221;2%||&#8221; animation_style=&#8221;zoom&#8221; custom_css_main_element=&#8221;height: 450px;&#8221; border_width_bottom=&#8221;1px&#8221; border_color_bottom=&#8221;#e5e5e5&#8243; global_colors_info=&#8221;{}&#8221;][et_pb_row _builder_version=&#8221;4.21.0&#8243; global_colors_info=&#8221;{}&#8221;][et_pb_column type=&#8221;4_4&#8243; _builder_version=&#8221;4.16&#8243; custom_padding=&#8221;|||&#8221; global_colors_info=&#8221;{}&#8221; custom_padding__hover=&#8221;|||&#8221;][et_pb_text _builder_version=&#8221;4.21.0&#8243; text_font=&#8221;Oswald||||||||&#8221; text_text_color=&#8221;#ffffff&#8221; text_font_size=&#8221;26px&#8221; text_letter_spacing=&#8221;4px&#8221; text_line_height=&#8221;1.1em&#8221; text_orientation=&#8221;center&#8221; custom_margin_tablet=&#8221;&#8221; custom_margin_phone=&#8221;|||-61px|false|false&#8221; custom_margin_last_edited=&#8221;on|phone&#8221; custom_padding=&#8221;|||68px|false|false&#8221; global_colors_info=&#8221;{}&#8221;]<\/p>\n<p>Specialdesignede l\u00f8sninger efter dine \u00f8nsker.<\/p>\n<p>[\/et_pb_text][\/et_pb_column][\/et_pb_row][\/et_pb_section][et_pb_section fb_built=&#8221;1&#8243; disabled_on=&#8221;on|off|off&#8221; _builder_version=&#8221;4.16&#8243; background_color=&#8221;#ffffff&#8221; custom_padding=&#8221;20px||20px&#8221; global_colors_info=&#8221;{}&#8221;][et_pb_row column_structure=&#8221;1_2,1_2&#8243; _builder_version=&#8221;4.16&#8243; global_colors_info=&#8221;{}&#8221;][et_pb_column type=&#8221;1_2&#8243; _builder_version=&#8221;4.16&#8243; custom_padding=&#8221;|||&#8221; global_colors_info=&#8221;{}&#8221; custom_padding__hover=&#8221;|||&#8221;][et_pb_image src=&#8221;https:\/\/zero-max.dk\/wp-content\/uploads\/2018\/12\/Seeder-Feeder_Area.jpg&#8221; align=&#8221;center&#8221; align_tablet=&#8221;center&#8221; align_phone=&#8221;center&#8221; align_last_edited=&#8221;on|desktop&#8221; _builder_version=&#8221;4.16&#8243; custom_margin=&#8221;||&#8221; global_colors_info=&#8221;{}&#8221;]<br \/>\n[\/et_pb_image][\/et_pb_column][et_pb_column type=&#8221;1_2&#8243; _builder_version=&#8221;4.16&#8243; custom_padding=&#8221;6%|||&#8221; global_colors_info=&#8221;{}&#8221; custom_padding__hover=&#8221;|||&#8221;][et_pb_text disabled_on=&#8221;on|on|on&#8221; _builder_version=&#8221;4.16&#8243; header_3_text_color=&#8221;#003366&#8243; disabled=&#8221;on&#8221; global_colors_info=&#8221;{}&#8221;]<\/p>\n<h1>Gennemtestet teknologi<\/h1>\n<h2>Drev til s\u00e5maskiner og foderautomater<\/h2>\n<p>Anvendelse: Air Cart.<\/p>\n<p>Vi har produceret denne enhed i 15 \u00e5r og har over 15.000 enheder i drift allerede.<\/p>\n<p>Produktet har v\u00e6ret s\u00e5 godt som problemfri.<\/p>\n<p>[\/et_pb_text][et_pb_text _builder_version=&#8221;4.27.4&#8243; _module_preset=&#8221;default&#8221; hover_enabled=&#8221;0&#8243; global_colors_info=&#8221;{}&#8221; sticky_enabled=&#8221;0&#8243;]<\/p>\n<h1 data-start=\"111\" data-end=\"162\">Skr\u00e6ddersyede l\u00f8sninger til dine unikke behov<\/h1>\n<p data-start=\"163\" data-end=\"491\" class=\"\">Hos Zero-Max A\/S udvikler vi kundespecifikke drevl\u00f8sninger, der er skabt til at levere maksimal p\u00e5lidelighed og ydeevne \u2013 selv under kr\u00e6vende forhold. Vores specialdesignede justerbare hastighedsdrev er et resultat af t\u00e6t samarbejde med branchens frontl\u00f8bere og er testet gennem \u00e5rtiers drift i bl.a. landbrug og automatisering.<\/p>\n<p data-start=\"493\" data-end=\"760\" class=\"\">Et godt eksempel er vores specialudviklede <strong data-start=\"536\" data-end=\"589\">drev til s\u00e5maskiner og foderautomater (Air Carts)<\/strong>. Denne l\u00f8sning har v\u00e6ret i kontinuerlig produktion i mere end 15 \u00e5r og har allerede <strong data-start=\"674\" data-end=\"705\">over 15.000 enheder i drift<\/strong> \u2013 med dokumenteret driftssikkerhed og minimal nedetid.<\/p>\n<p data-start=\"762\" data-end=\"919\" class=\"\">\u2705 Tilpasset dine applikationer<br data-start=\"792\" data-end=\"795\" \/>\u2705 Gennemtestet og velafpr\u00f8vet teknologi<br data-start=\"834\" data-end=\"837\" \/>\u2705 H\u00f8j ydeevne og lang levetid<br data-start=\"866\" data-end=\"869\" \/>\u2705 Problemfri integration i eksisterende systemer<\/p>\n<p data-start=\"921\" data-end=\"1009\" class=\"\"><strong data-start=\"921\" data-end=\"947\">Download vores katalog<\/strong> og kontakt os for en l\u00f8sning, der matcher pr\u00e6cis din maskine!<\/p>\n<p>[\/et_pb_text][et_pb_button button_url=&#8221;\/wp-content\/uploads\/2024\/08\/Seeder-Drive-new.pdf&#8221; url_new_window=&#8221;on&#8221; button_text=&#8221;DOWNLOAD kataloget &#8216;Seeder\/Feeder Drives&#8217; her!&#8221; _builder_version=&#8221;4.25.0&#8243; custom_button=&#8221;on&#8221; button_text_size=&#8221;19px&#8221; button_text_color=&#8221;#ffffff&#8221; button_bg_color=&#8221;#003366&#8243; button_border_width=&#8221;4px&#8221; button_border_color=&#8221;#003366&#8243; button_border_radius=&#8221;4px&#8221; button_font=&#8221;||||||||&#8221; global_colors_info=&#8221;{}&#8221;]<br \/>\n[\/et_pb_button][\/et_pb_column][\/et_pb_row][\/et_pb_section][et_pb_section fb_built=&#8221;1&#8243; _builder_version=&#8221;4.16&#8243; background_color=&#8221;#003366&#8243; global_colors_info=&#8221;{}&#8221;][et_pb_row column_structure=&#8221;1_2,1_2&#8243; _builder_version=&#8221;4.16&#8243; global_colors_info=&#8221;{}&#8221;][et_pb_column type=&#8221;1_2&#8243; _builder_version=&#8221;4.16&#8243; custom_padding=&#8221;|||&#8221; global_colors_info=&#8221;{}&#8221; custom_padding__hover=&#8221;|||&#8221;][et_pb_text _builder_version=&#8221;4.16&#8243; text_text_color=&#8221;#ffffff&#8221; header_2_text_color=&#8221;#ffffff&#8221; header_3_text_color=&#8221;#003366&#8243; global_colors_info=&#8221;{}&#8221;]<\/p>\n<h2><span class=\"textheading2 mobile-undersized-upper\">Drev til s\u00e5maskiner og foddermaskiner<\/span><\/h2>\n<p>Beskrivelsen og specifikationerne for denne variant af drev til s\u00e5maskine er:<\/p>\n<ul>\n<li>0\u2010300 rpm input hastighed<\/li>\n<li>Op til 1:1 forholdet mellem indgang og udgangshastighed<\/li>\n<li>200 in\u2010lb momentvurdering, h\u00f8jere momentkapacitetsenheder kan bygges.<\/li>\n<\/ul>\n<p>[\/et_pb_text][\/et_pb_column][et_pb_column type=&#8221;1_2&#8243; _builder_version=&#8221;4.16&#8243; custom_padding=&#8221;|||&#8221; global_colors_info=&#8221;{}&#8221; custom_padding__hover=&#8221;|||&#8221;][et_pb_blurb image=&#8221;https:\/\/zero-max.dk\/wp-content\/uploads\/2018\/12\/customer-support-1.png&#8221; image_icon_width=&#8221;77%&#8221; _builder_version=&#8221;4.16&#8243; header_level=&#8221;h3&#8243; header_text_align=&#8221;center&#8221; header_text_color=&#8221;#ffffff&#8221; text_orientation=&#8221;center&#8221; image_max_width=&#8221;77%&#8221; global_colors_info=&#8221;{}&#8221;]<\/p>\n<h2><span class=\"textheading2 mobile-undersized-upper\" style=\"color: #ffffff;\">Speciallavede l\u00f8sninger<\/span><\/h2>\n<p>[\/et_pb_blurb][\/et_pb_column][\/et_pb_row][\/et_pb_section][et_pb_section fb_built=&#8221;1&#8243; _builder_version=&#8221;4.16&#8243; global_colors_info=&#8221;{}&#8221;][et_pb_row _builder_version=&#8221;4.16&#8243; global_colors_info=&#8221;{}&#8221;][et_pb_column type=&#8221;4_4&#8243; _builder_version=&#8221;4.16&#8243; custom_padding=&#8221;|||&#8221; global_colors_info=&#8221;{}&#8221; custom_padding__hover=&#8221;|||&#8221;][et_pb_text _builder_version=&#8221;4.25.0&#8243; text_text_color=&#8221;#000000&#8243; header_2_text_color=&#8221;#000000&#8243; header_3_text_color=&#8221;#003366&#8243; global_colors_info=&#8221;{}&#8221;]<\/p>\n<h2>FORDELE<\/h2>\n<h2><span class=\"textheading2 mobile-undersized-upper\">Seeder \/ Feeder Drives<\/span><\/h2>\n<ul>\n<li>Aluminiumshus (beh\u00f8ver ikke at blive malet, hvis kunden ikke vil male det, s\u00e5 det passer til farverne p\u00e5 deres Air Cart. Den typisk ops\u00e6tning for disse s\u00e5maskine-enheder best\u00e5r af:<\/li>\n<li>En forbedret k\u00e6de fra grundhjulene til s\u00e5maskinens inputaksels drevenhed.<\/li>\n<li>En elektrisk kobling i enden af inputakslen for at afbryde rotationen til inputakslen n\u00e5r den bugseres mellem marker eller for at lukke ned for drevet.<\/li>\n<li>To eller tre k\u00e6dehjul p\u00e5 den udg\u00e5ende aksel giver forskellige forhold ud over s\u00e5maskinens drevenhed. De forskellige forhold giver alsidighed for forskellige typer fr\u00f8 eller g\u00f8dninger, der m\u00e5ske kan bruges.<\/li>\n<li>Et mekanisk eller elektrisk drev til at kontrollere s\u00e5maskinens forhold. S\u00e5 vidt som kontrollen g\u00e5r, har vi en mekanisk skruekontroldesign, som vi tilbyder som en mulighed.De fleste af vores OEM-kunder tilf\u00f8jer elektriske line\u00e6re aktuatorer til kontrolakslen p\u00e5 s\u00e5maskinen og bruger det for at give en variabel hastighed. De fleste af disse applikationer bruges for nuv\u00e6rende tidspunkt en trykknap i traktorens f\u00f8rerhus for at justere s\u00e5maskinens hastighed, og nogle bruger GPS feedback for at kontrollere fartjusteringen.<\/li>\n<li>Vertikal montering: For en vertikal montering er centerlinjen mellem input og den udg\u00e5ende aksel vertikal med jorden.<br \/>Horisontal montering: For en vertikal montering er centerlinjen mellem input og den udg\u00e5ende aksel parallel med jorden. Grunden til at vi laver denne skelnen er m\u00e6ngden af oliep\u00e5fyldninger i enheden og hvor olier\u00f8rene sidder.<\/li>\n<li>Akseloutputl\u00e6ngder. Afh\u00e6ngigt af hvor mange k\u00e6dehjul man \u00f8nsker at have. Horisontalt output til forskellige forhold vil man m\u00e5ske have en l\u00e6ngere eller kortere aksel.<\/li>\n<li>R\u00f8rsp\u00e6ndestifter vs. Notgang p\u00e5 den udg\u00e5ende aksel. De fleste kunder bruger k\u00e6dehjul p\u00e5 den udg\u00e5ende aksel, hvor de s\u00e5 bruger en udg\u00e5ende aksel med notgang. Vi har kunder der f\u00e5r en udg\u00e5ende aksel med et kors boret i, og de monterer et hult r\u00f8r over den udg\u00e5ende aksel og forbinder akslen og slangen med en r\u00f8rsp\u00e6ndestifter. De styrer deres udg\u00e5ende aksel for deres applikationer lige gennem AirCart for at drive en vridbor.<\/li>\n<li>Udg\u00e5ende aksler lige efter dine \u00f8nsker.<\/li>\n<li>Anmod om en vurdering, og vi vil komme med et tilbud til dig ud af fra en vurdering af hvilken enhed eller kombination af egenskaber fra de forskellige enheder, du \u00f8nsker.<\/li>\n<\/ul>\n<p>[\/et_pb_text][\/et_pb_column][\/et_pb_row][\/et_pb_section][et_pb_section fb_built=&#8221;1&#8243; disabled_on=&#8221;on|on|on&#8221; _builder_version=&#8221;4.21.0&#8243; background_color=&#8221;#003366&#8243; custom_padding=&#8221;0px||0px&#8221; disabled=&#8221;on&#8221; global_module=&#8221;1102&#8243; saved_tabs=&#8221;all&#8221; global_colors_info=&#8221;{}&#8221;][et_pb_row column_structure=&#8221;1_3,1_3,1_3&#8243; _builder_version=&#8221;4.16&#8243; global_colors_info=&#8221;{}&#8221;][et_pb_column type=&#8221;1_3&#8243; _builder_version=&#8221;4.16&#8243; custom_padding=&#8221;|||&#8221; global_colors_info=&#8221;{}&#8221; custom_padding__hover=&#8221;|||&#8221;][et_pb_text admin_label=&#8221;Tekst&#8221; _builder_version=&#8221;4.16&#8243; header_2_text_align=&#8221;center&#8221; header_2_text_color=&#8221;#99ccff&#8221; header_2_font_size=&#8221;14px&#8221; custom_margin=&#8221;0px||0px&#8221; custom_padding=&#8221;0px||0px&#8221; global_colors_info=&#8221;{}&#8221;]<\/p>\n<h2>Zero Max &#8211; Industri<\/h2>\n<p>[\/et_pb_text][et_pb_text _builder_version=&#8221;4.16&#8243; background_image=&#8221;https:\/\/zero-max.dk\/wp-content\/uploads\/2018\/12\/Boxes.jpg&#8221; text_orientation=&#8221;center&#8221; custom_margin=&#8221;0px||0px&#8221; custom_padding=&#8221;10px|20px|26px|20px&#8221; border_width_all=&#8221;1px&#8221; border_color_all=&#8221;#ffffff&#8221; global_colors_info=&#8221;{}&#8221;]<\/p>\n<p>Hurtighed, pr\u00e6cision og driftssikkerhed? Overvej en l\u00f8sning fra Zero-Max<\/p>\n<p>[\/et_pb_text][\/et_pb_column][et_pb_column type=&#8221;1_3&#8243; _builder_version=&#8221;4.16&#8243; custom_padding=&#8221;|||&#8221; global_colors_info=&#8221;{}&#8221; custom_padding__hover=&#8221;|||&#8221;][et_pb_text _builder_version=&#8221;4.16&#8243; header_2_text_align=&#8221;center&#8221; header_2_text_color=&#8221;#99ccff&#8221; header_2_font_size=&#8221;14px&#8221; custom_margin=&#8221;0px||0px&#8221; custom_padding=&#8221;0px||0px&#8221; global_colors_info=&#8221;{}&#8221;]<\/p>\n<h2>Zero Max \u2013 Landbrug<\/h2>\n<p>[\/et_pb_text][et_pb_text _builder_version=&#8221;4.16&#8243; background_image=&#8221;https:\/\/zero-max.dk\/wp-content\/uploads\/2018\/12\/Boxes.jpg&#8221; text_orientation=&#8221;center&#8221; custom_margin=&#8221;0px||0px&#8221; custom_padding=&#8221;10px|20px|25px|20px&#8221; border_width_all=&#8221;1px&#8221; border_color_all=&#8221;#ffffff&#8221; global_colors_info=&#8221;{}&#8221;]<\/p>\n<p>St\u00f8rre, tungere, hurtigere? Driftssikker?<br \/>Kundespecifikt designet hos Zero-Max!<\/p>\n<p>[\/et_pb_text][\/et_pb_column][et_pb_column type=&#8221;1_3&#8243; _builder_version=&#8221;4.16&#8243; custom_padding=&#8221;|||&#8221; global_colors_info=&#8221;{}&#8221; custom_padding__hover=&#8221;|||&#8221;][et_pb_text _builder_version=&#8221;4.16&#8243; header_2_text_align=&#8221;center&#8221; header_2_text_color=&#8221;#99ccff&#8221; header_2_font_size=&#8221;14px&#8221; custom_margin=&#8221;0px||0px&#8221; custom_padding=&#8221;0px||0px&#8221; global_colors_info=&#8221;{}&#8221;]<\/p>\n<h2>Zero Max \u2013 Energi<\/h2>\n<p>[\/et_pb_text][et_pb_text admin_label=&#8221;Text&#8221; _builder_version=&#8221;4.16&#8243; background_image=&#8221;https:\/\/zero-max.dk\/wp-content\/uploads\/2018\/12\/Boxes.jpg&#8221; text_orientation=&#8221;center&#8221; custom_margin=&#8221;0px||0px&#8221; custom_padding=&#8221;10px|10px|10px|10px&#8221; border_width_all=&#8221;1px&#8221; border_color_all=&#8221;#ffffff&#8221; global_colors_info=&#8221;{}&#8221;]<\/p>\n<p>St\u00e6rk ydeevne i ekstrem vind? <br \/>Skiftende klimabetingelserne?<br \/>Zero-Max skaber l\u00f8sningen for dig!<\/p>\n<p>[\/et_pb_text][\/et_pb_column][\/et_pb_row][\/et_pb_section]<\/p>\n","protected":false},"excerpt":{"rendered":"<p>Specialdesignede l\u00f8sninger efter dine \u00f8nsker. Gennemtestet teknologi Drev til s\u00e5maskiner og foderautomater Anvendelse: Air Cart. Vi har produceret denne enhed i 15 \u00e5r og har over 15.000 enheder i drift allerede. Produktet har v\u00e6ret s\u00e5 godt som problemfri. Skr\u00e6ddersyede l\u00f8sninger til dine unikke behov Hos Zero-Max A\/S udvikler vi kundespecifikke drevl\u00f8sninger, der er skabt til [&hellip;]<\/p>\n","protected":false},"author":7,"featured_media":0,"parent":0,"menu_order":0,"comment_status":"closed","ping_status":"closed","template":"","meta":{"_et_pb_use_builder":"on","_et_pb_old_content":"","_et_gb_content_width":"","footnotes":""},"class_list":["post-875","page","type-page","status-publish","hentry"],"yoast_head":"<!-- This site is optimized with the Yoast SEO plugin v27.5 - https:\/\/yoast.com\/product\/yoast-seo-wordpress\/ -->\n<title>Specialdesignede justerbare drev til maskiner | Zero-Max A\/S<\/title>\n<meta name=\"description\" content=\"Vi leverer kundespecifikke l\u00f8sninger til bl.a. s\u00e5maskiner og foderautomater. 15+ \u00e5rs erfaring og over 15.000 enheder i drift. Kontakt os i dag.\" \/>\n<meta name=\"robots\" content=\"index, follow, max-snippet:-1, max-image-preview:large, max-video-preview:-1\" \/>\n<link rel=\"canonical\" href=\"https:\/\/zero-max.dk\/en\/customised-solutions-da\/\" \/>\n<meta property=\"og:locale\" content=\"en_GB\" \/>\n<meta property=\"og:type\" content=\"article\" \/>\n<meta property=\"og:title\" content=\"Specialdesignede justerbare drev til maskiner | Zero-Max A\/S\" \/>\n<meta property=\"og:description\" content=\"Vi leverer kundespecifikke l\u00f8sninger til bl.a. s\u00e5maskiner og foderautomater. 15+ \u00e5rs erfaring og over 15.000 enheder i drift. Kontakt os i dag.\" \/>\n<meta property=\"og:url\" content=\"https:\/\/zero-max.dk\/en\/customised-solutions-da\/\" \/>\n<meta property=\"og:site_name\" content=\"Zero-Max A\/S\" \/>\n<meta property=\"article:modified_time\" content=\"2025-04-07T20:51:53+00:00\" \/>\n<meta name=\"twitter:card\" content=\"summary_large_image\" \/>\n<meta name=\"twitter:label1\" content=\"Estimated reading time\" \/>\n\t<meta name=\"twitter:data1\" content=\"3 minutes\" \/>\n<script type=\"application\/ld+json\" class=\"yoast-schema-graph\">{\"@context\":\"https:\\\/\\\/schema.org\",\"@graph\":[{\"@type\":\"WebPage\",\"@id\":\"https:\\\/\\\/zero-max.dk\\\/customized-solutions-da\\\/\",\"url\":\"https:\\\/\\\/zero-max.dk\\\/customized-solutions-da\\\/\",\"name\":\"Specialdesignede justerbare drev til maskiner | Zero-Max A\\\/S\",\"isPartOf\":{\"@id\":\"https:\\\/\\\/zero-max.dk\\\/#website\"},\"datePublished\":\"2019-01-02T16:18:38+00:00\",\"dateModified\":\"2025-04-07T20:51:53+00:00\",\"description\":\"Vi leverer kundespecifikke l\u00f8sninger til bl.a. s\u00e5maskiner og foderautomater. 15+ \u00e5rs erfaring og over 15.000 enheder i drift. Kontakt os i dag.\",\"breadcrumb\":{\"@id\":\"https:\\\/\\\/zero-max.dk\\\/customized-solutions-da\\\/#breadcrumb\"},\"inLanguage\":\"en-GB\",\"potentialAction\":[{\"@type\":\"ReadAction\",\"target\":[\"https:\\\/\\\/zero-max.dk\\\/customized-solutions-da\\\/\"]}]},{\"@type\":\"BreadcrumbList\",\"@id\":\"https:\\\/\\\/zero-max.dk\\\/customized-solutions-da\\\/#breadcrumb\",\"itemListElement\":[{\"@type\":\"ListItem\",\"position\":1,\"name\":\"Hjem\",\"item\":\"https:\\\/\\\/zero-max.dk\\\/\"},{\"@type\":\"ListItem\",\"position\":2,\"name\":\"Kundespecifikke l\u00f8sninger\"}]},{\"@type\":\"WebSite\",\"@id\":\"https:\\\/\\\/zero-max.dk\\\/#website\",\"url\":\"https:\\\/\\\/zero-max.dk\\\/\",\"name\":\"Zero-Max A\\\/S\",\"description\":\"\",\"potentialAction\":[{\"@type\":\"SearchAction\",\"target\":{\"@type\":\"EntryPoint\",\"urlTemplate\":\"https:\\\/\\\/zero-max.dk\\\/?s={search_term_string}\"},\"query-input\":{\"@type\":\"PropertyValueSpecification\",\"valueRequired\":true,\"valueName\":\"search_term_string\"}}],\"inLanguage\":\"en-GB\"}]}<\/script>\n<!-- \/ Yoast SEO plugin. -->","yoast_head_json":{"title":"Customised adjustable drives for machines | Zero-Max A\/S","description":"We provide customised solutions for seeders, feeders and more. 15+ years of experience and over 15,000 units in operation. Contact us today.","robots":{"index":"index","follow":"follow","max-snippet":"max-snippet:-1","max-image-preview":"max-image-preview:large","max-video-preview":"max-video-preview:-1"},"canonical":"https:\/\/zero-max.dk\/en\/customised-solutions-da\/","og_locale":"en_GB","og_type":"article","og_title":"Specialdesignede justerbare drev til maskiner | Zero-Max A\/S","og_description":"Vi leverer kundespecifikke l\u00f8sninger til bl.a. s\u00e5maskiner og foderautomater. 15+ \u00e5rs erfaring og over 15.000 enheder i drift. Kontakt os i dag.","og_url":"https:\/\/zero-max.dk\/en\/customised-solutions-da\/","og_site_name":"Zero-Max A\/S","article_modified_time":"2025-04-07T20:51:53+00:00","twitter_card":"summary_large_image","twitter_misc":{"Estimated reading time":"3 minutes"},"schema":{"@context":"https:\/\/schema.org","@graph":[{"@type":"WebPage","@id":"https:\/\/zero-max.dk\/customized-solutions-da\/","url":"https:\/\/zero-max.dk\/customized-solutions-da\/","name":"Customised adjustable drives for machines | Zero-Max A\/S","isPartOf":{"@id":"https:\/\/zero-max.dk\/#website"},"datePublished":"2019-01-02T16:18:38+00:00","dateModified":"2025-04-07T20:51:53+00:00","description":"We provide customised solutions for seeders, feeders and more. 15+ years of experience and over 15,000 units in operation. Contact us today.","breadcrumb":{"@id":"https:\/\/zero-max.dk\/customized-solutions-da\/#breadcrumb"},"inLanguage":"en-GB","potentialAction":[{"@type":"ReadAction","target":["https:\/\/zero-max.dk\/customized-solutions-da\/"]}]},{"@type":"BreadcrumbList","@id":"https:\/\/zero-max.dk\/customized-solutions-da\/#breadcrumb","itemListElement":[{"@type":"ListItem","position":1,"name":"Hjem","item":"https:\/\/zero-max.dk\/"},{"@type":"ListItem","position":2,"name":"Kundespecifikke l\u00f8sninger"}]},{"@type":"WebSite","@id":"https:\/\/zero-max.dk\/#website","url":"https:\/\/zero-max.dk\/","name":"Zero-Max A\/S","description":"","potentialAction":[{"@type":"SearchAction","target":{"@type":"EntryPoint","urlTemplate":"https:\/\/zero-max.dk\/?s={search_term_string}"},"query-input":{"@type":"PropertyValueSpecification","valueRequired":true,"valueName":"search_term_string"}}],"inLanguage":"en-GB"}]}},"_links":{"self":[{"href":"https:\/\/zero-max.dk\/en\/wp-json\/wp\/v2\/pages\/875","targetHints":{"allow":["GET"]}}],"collection":[{"href":"https:\/\/zero-max.dk\/en\/wp-json\/wp\/v2\/pages"}],"about":[{"href":"https:\/\/zero-max.dk\/en\/wp-json\/wp\/v2\/types\/page"}],"author":[{"embeddable":true,"href":"https:\/\/zero-max.dk\/en\/wp-json\/wp\/v2\/users\/7"}],"replies":[{"embeddable":true,"href":"https:\/\/zero-max.dk\/en\/wp-json\/wp\/v2\/comments?post=875"}],"version-history":[{"count":34,"href":"https:\/\/zero-max.dk\/en\/wp-json\/wp\/v2\/pages\/875\/revisions"}],"predecessor-version":[{"id":6316,"href":"https:\/\/zero-max.dk\/en\/wp-json\/wp\/v2\/pages\/875\/revisions\/6316"}],"wp:attachment":[{"href":"https:\/\/zero-max.dk\/en\/wp-json\/wp\/v2\/media?parent=875"}],"curies":[{"name":"wp","href":"https:\/\/api.w.org\/{rel}","templated":true}]}}