{"id":889,"date":"2019-01-02T17:24:27","date_gmt":"2019-01-02T16:24:27","guid":{"rendered":"https:\/\/zero-max.dk\/?page_id=889"},"modified":"2025-04-07T11:15:18","modified_gmt":"2025-04-07T09:15:18","slug":"end-of-shaft-mount-type-s-da","status":"publish","type":"page","link":"https:\/\/zero-max.dk\/en\/end-of-shaft-mount-type-s-da\/","title":{"rendered":"End of axle mounting - Type S"},"content":{"rendered":"<p>[et_pb_section fb_built=&#8221;1&#8243; _builder_version=&#8221;4.21.0&#8243; background_image=&#8221;https:\/\/zero-max.dk\/wp-content\/uploads\/2018\/12\/Overloadsafety_Tops-1.jpg&#8221; custom_padding=&#8221;||&#8221; animation_style=&#8221;zoom&#8221; custom_css_main_element=&#8221;height: 450px;&#8221; border_width_bottom=&#8221;1px&#8221; border_color_bottom=&#8221;#e5e5e5&#8243; global_colors_info=&#8221;{}&#8221;][et_pb_row custom_padding_last_edited=&#8221;on|tablet&#8221; _builder_version=&#8221;4.21.0&#8243; width_tablet=&#8221;100%&#8221; width_phone=&#8221;100%&#8221; width_last_edited=&#8221;on|tablet&#8221; module_alignment=&#8221;center&#8221; custom_margin=&#8221;21%||||false|false&#8221; custom_margin_tablet=&#8221;21%||||false|false&#8221; custom_margin_phone=&#8221;21%||||false|false&#8221; custom_margin_last_edited=&#8221;on|desktop&#8221; custom_padding=&#8221;0px||0px&#8221; custom_padding_tablet=&#8221;181px||0px||false|false&#8221; custom_padding_phone=&#8221;225px||||false|false&#8221; global_colors_info=&#8221;{}&#8221;][et_pb_column type=&#8221;4_4&#8243; _builder_version=&#8221;4.16&#8243; custom_padding=&#8221;|||&#8221; global_colors_info=&#8221;{}&#8221; custom_padding__hover=&#8221;|||&#8221;][et_pb_text _builder_version=&#8221;4.21.0&#8243; text_font=&#8221;Oswald||||||||&#8221; text_text_color=&#8221;#013366&#8243; text_font_size=&#8221;26px&#8221; text_letter_spacing=&#8221;4px&#8221; text_line_height=&#8221;1.1em&#8221; text_orientation=&#8221;center&#8221; text_font_size_tablet=&#8221;22px&#8221; text_font_size_phone=&#8221;22px&#8221; text_font_size_last_edited=&#8221;on|tablet&#8221; text_line_height_last_edited=&#8221;off|phone&#8221; global_colors_info=&#8221;{}&#8221;]<\/p>\n<p>Udviklet til at kunne bruges i en r\u00e6kke forskellige milj\u00f8er.<\/p>\n<p>[\/et_pb_text][\/et_pb_column][\/et_pb_row][\/et_pb_section][et_pb_section fb_built=&#8221;1&#8243; disabled_on=&#8221;on|off|off&#8221; _builder_version=&#8221;4.16&#8243; background_color=&#8221;#ffffff&#8221; custom_padding=&#8221;20px||20px&#8221; global_colors_info=&#8221;{}&#8221;][et_pb_row _builder_version=&#8221;4.21.0&#8243; width_tablet=&#8221;&#8221; width_phone=&#8221;95%&#8221; width_last_edited=&#8221;on|phone&#8221; global_colors_info=&#8221;{}&#8221;][et_pb_column type=&#8221;4_4&#8243; _builder_version=&#8221;4.16&#8243; custom_padding=&#8221;|||&#8221; global_colors_info=&#8221;{}&#8221; custom_padding__hover=&#8221;|||&#8221;][et_pb_text _builder_version=&#8221;4.21.0&#8243; header_text_align=&#8221;center&#8221; header_2_text_align=&#8221;center&#8221; header_3_text_color=&#8221;#003366&#8243; header_font_size_tablet=&#8221;&#8221; header_font_size_phone=&#8221;15px&#8221; header_font_size_last_edited=&#8221;on|phone&#8221; global_colors_info=&#8221;{}&#8221;]<\/p>\n<h1>OVERBESLASTNINGSBESKYTTELSE<\/h1>\n<h2>Type S<\/h2>\n<p>[\/et_pb_text][\/et_pb_column][\/et_pb_row][et_pb_row column_structure=&#8221;1_3,1_3,1_3&#8243; _builder_version=&#8221;4.16&#8243; global_colors_info=&#8221;{}&#8221;][et_pb_column type=&#8221;1_3&#8243; _builder_version=&#8221;4.16&#8243; custom_padding=&#8221;|||&#8221; global_colors_info=&#8221;{}&#8221; custom_padding__hover=&#8221;|||&#8221;][et_pb_blurb image=&#8221;https:\/\/zero-max.dk\/wp-content\/uploads\/2018\/12\/type1_s_thumb-1.jpg&#8221; _builder_version=&#8221;4.16&#8243; header_level=&#8221;h2&#8243; global_colors_info=&#8221;{}&#8221;]<\/p>\n<p><strong>Enden p\u00e5 akselmontering\u00a0&#8211; Type S\u00a0<\/strong>\u00a0<\/p>\n<p>Enden p\u00e5 akselmontering Type S bruges i applikationer hvor drevaksler ikke er lange\u00a0nok til at n\u00e5 det radiale l\u00e6s. Type S modellen er udviklet til at montere type B eller C type hub til k\u00e6dehjul og taljer. Modellen kan f\u00e5s i 4 st\u00f8rrelser: TT1X-S, TT2-S, TT2X-S, og TT3-S\u00a0<\/p>\n<p>[\/et_pb_blurb][\/et_pb_column][et_pb_column type=&#8221;1_3&#8243; _builder_version=&#8221;4.16&#8243; custom_padding=&#8221;|||&#8221; global_colors_info=&#8221;{}&#8221; custom_padding__hover=&#8221;|||&#8221;][et_pb_blurb image=&#8221;https:\/\/zero-max.dk\/wp-content\/uploads\/2018\/12\/type_sd_thumb.jpg&#8221; _builder_version=&#8221;4.16&#8243; header_level=&#8221;h2&#8243; global_colors_info=&#8221;{}&#8221;]<\/p>\n<p><strong>Enden p\u00e5 akselmontering Drejningsmoment\u00a0med anbragt disk\u00a0&#8211; Type SD\u00a0<\/strong>\u00a0<\/p>\n<p>[\/et_pb_blurb][\/et_pb_column][et_pb_column type=&#8221;1_3&#8243; _builder_version=&#8221;4.16&#8243; custom_padding=&#8221;|||&#8221; global_colors_info=&#8221;{}&#8221; custom_padding__hover=&#8221;|||&#8221;][et_pb_blurb image=&#8221;https:\/\/zero-max.dk\/wp-content\/uploads\/2018\/12\/type_sp_thumb.jpg&#8221; _builder_version=&#8221;4.16&#8243; header_level=&#8221;h2&#8243; global_colors_info=&#8221;{}&#8221;]<\/p>\n<p><strong>Enden p\u00e5 akselmontering Drejningsmoment med anbragt\u00a0stift\u00a0&#8211; Type SP\u00a0<\/strong><\/p>\n<p>[\/et_pb_blurb][\/et_pb_column][\/et_pb_row][\/et_pb_section][et_pb_section fb_built=&#8221;1&#8243; disabled_on=&#8221;on|on|on&#8221; _builder_version=&#8221;4.21.0&#8243; background_color=&#8221;#003366&#8243; custom_padding=&#8221;0px||0px&#8221; disabled=&#8221;on&#8221; global_module=&#8221;1102&#8243; saved_tabs=&#8221;all&#8221; global_colors_info=&#8221;{}&#8221;][et_pb_row column_structure=&#8221;1_3,1_3,1_3&#8243; _builder_version=&#8221;4.16&#8243; global_colors_info=&#8221;{}&#8221;][et_pb_column type=&#8221;1_3&#8243; _builder_version=&#8221;4.16&#8243; custom_padding=&#8221;|||&#8221; global_colors_info=&#8221;{}&#8221; custom_padding__hover=&#8221;|||&#8221;][et_pb_text admin_label=&#8221;Tekst&#8221; _builder_version=&#8221;4.16&#8243; header_2_text_align=&#8221;center&#8221; header_2_text_color=&#8221;#99ccff&#8221; header_2_font_size=&#8221;14px&#8221; custom_margin=&#8221;0px||0px&#8221; custom_padding=&#8221;0px||0px&#8221; global_colors_info=&#8221;{}&#8221;]<\/p>\n<h2>Zero Max &#8211; Industri<\/h2>\n<p>[\/et_pb_text][et_pb_text _builder_version=&#8221;4.16&#8243; background_image=&#8221;https:\/\/zero-max.dk\/wp-content\/uploads\/2018\/12\/Boxes.jpg&#8221; text_orientation=&#8221;center&#8221; custom_margin=&#8221;0px||0px&#8221; custom_padding=&#8221;10px|20px|26px|20px&#8221; border_width_all=&#8221;1px&#8221; border_color_all=&#8221;#ffffff&#8221; global_colors_info=&#8221;{}&#8221;]<\/p>\n<p>Hurtighed, pr\u00e6cision og driftssikkerhed? Overvej en l\u00f8sning fra Zero-Max<\/p>\n<p>[\/et_pb_text][\/et_pb_column][et_pb_column type=&#8221;1_3&#8243; _builder_version=&#8221;4.16&#8243; custom_padding=&#8221;|||&#8221; global_colors_info=&#8221;{}&#8221; custom_padding__hover=&#8221;|||&#8221;][et_pb_text _builder_version=&#8221;4.16&#8243; header_2_text_align=&#8221;center&#8221; header_2_text_color=&#8221;#99ccff&#8221; header_2_font_size=&#8221;14px&#8221; custom_margin=&#8221;0px||0px&#8221; custom_padding=&#8221;0px||0px&#8221; global_colors_info=&#8221;{}&#8221;]<\/p>\n<h2>Zero Max \u2013 Landbrug<\/h2>\n<p>[\/et_pb_text][et_pb_text _builder_version=&#8221;4.16&#8243; background_image=&#8221;https:\/\/zero-max.dk\/wp-content\/uploads\/2018\/12\/Boxes.jpg&#8221; text_orientation=&#8221;center&#8221; custom_margin=&#8221;0px||0px&#8221; custom_padding=&#8221;10px|20px|25px|20px&#8221; border_width_all=&#8221;1px&#8221; border_color_all=&#8221;#ffffff&#8221; global_colors_info=&#8221;{}&#8221;]<\/p>\n<p>St\u00f8rre, tungere, hurtigere? Driftssikker?<br \/>Kundespecifikt designet hos Zero-Max!<\/p>\n<p>[\/et_pb_text][\/et_pb_column][et_pb_column type=&#8221;1_3&#8243; _builder_version=&#8221;4.16&#8243; custom_padding=&#8221;|||&#8221; global_colors_info=&#8221;{}&#8221; custom_padding__hover=&#8221;|||&#8221;][et_pb_text _builder_version=&#8221;4.16&#8243; header_2_text_align=&#8221;center&#8221; header_2_text_color=&#8221;#99ccff&#8221; header_2_font_size=&#8221;14px&#8221; custom_margin=&#8221;0px||0px&#8221; custom_padding=&#8221;0px||0px&#8221; global_colors_info=&#8221;{}&#8221;]<\/p>\n<h2>Zero Max \u2013 Energi<\/h2>\n<p>[\/et_pb_text][et_pb_text admin_label=&#8221;Text&#8221; _builder_version=&#8221;4.16&#8243; background_image=&#8221;https:\/\/zero-max.dk\/wp-content\/uploads\/2018\/12\/Boxes.jpg&#8221; text_orientation=&#8221;center&#8221; custom_margin=&#8221;0px||0px&#8221; custom_padding=&#8221;10px|10px|10px|10px&#8221; border_width_all=&#8221;1px&#8221; border_color_all=&#8221;#ffffff&#8221; global_colors_info=&#8221;{}&#8221;]<\/p>\n<p>St\u00e6rk ydeevne i ekstrem vind? <br \/>Skiftende klimabetingelserne?<br \/>Zero-Max skaber l\u00f8sningen for dig!<\/p>\n<p>[\/et_pb_text][\/et_pb_column][\/et_pb_row][\/et_pb_section]<\/p>\n","protected":false},"excerpt":{"rendered":"<p>Udviklet til at kunne bruges i en r\u00e6kke forskellige milj\u00f8er.OVERBESLASTNINGSBESKYTTELSE Type SEnden p\u00e5 akselmontering\u00a0&#8211; Type S\u00a0\u00a0Enden p\u00e5 akselmontering Type S bruges i applikationer hvor drevaksler ikke er lange\u00a0nok til at n\u00e5 det radiale l\u00e6s. Type S modellen er udviklet til at montere type B eller C type hub til k\u00e6dehjul og taljer. Modellen kan f\u00e5s [&hellip;]<\/p>\n","protected":false},"author":7,"featured_media":0,"parent":0,"menu_order":0,"comment_status":"closed","ping_status":"closed","template":"","meta":{"_et_pb_use_builder":"on","_et_pb_old_content":"","_et_gb_content_width":"","footnotes":""},"class_list":["post-889","page","type-page","status-publish","hentry"],"yoast_head":"<!-- This site is optimized with the Yoast SEO plugin v27.5 - https:\/\/yoast.com\/product\/yoast-seo-wordpress\/ -->\n<title>Overbelastningsbeskyttelse \u2013 Type S | Kompakt l\u00f8sning til korte aksler Zero-Max A\/S<\/title>\n<meta name=\"description\" content=\"Type S momentbegr\u00e6nsere er ideelle til applikationer med korte aksler og radiale belastninger. Monteres med Type B\/C nav. F\u00e5s i modellerne TT1X-S til TT3-S samt som SD og SP.\" \/>\n<meta name=\"robots\" content=\"index, follow, max-snippet:-1, max-image-preview:large, max-video-preview:-1\" \/>\n<link rel=\"canonical\" href=\"https:\/\/zero-max.dk\/en\/end-of-shaft-mount-type-s-da\/\" \/>\n<meta property=\"og:locale\" content=\"en_GB\" \/>\n<meta property=\"og:type\" content=\"article\" \/>\n<meta property=\"og:title\" content=\"Overbelastningsbeskyttelse \u2013 Type S | Kompakt l\u00f8sning til korte aksler Zero-Max A\/S\" \/>\n<meta property=\"og:description\" content=\"Type S momentbegr\u00e6nsere er ideelle til applikationer med korte aksler og radiale belastninger. Monteres med Type B\/C nav. F\u00e5s i modellerne TT1X-S til TT3-S samt som SD og SP.\" \/>\n<meta property=\"og:url\" content=\"https:\/\/zero-max.dk\/en\/end-of-shaft-mount-type-s-da\/\" \/>\n<meta property=\"og:site_name\" content=\"Zero-Max A\/S\" \/>\n<meta property=\"article:modified_time\" content=\"2025-04-07T09:15:18+00:00\" \/>\n<meta name=\"twitter:card\" content=\"summary_large_image\" \/>\n<meta name=\"twitter:label1\" content=\"Estimated reading time\" \/>\n\t<meta name=\"twitter:data1\" content=\"1 minute\" \/>\n<script type=\"application\/ld+json\" class=\"yoast-schema-graph\">{\"@context\":\"https:\\\/\\\/schema.org\",\"@graph\":[{\"@type\":\"WebPage\",\"@id\":\"https:\\\/\\\/zero-max.dk\\\/end-of-shaft-mount-type-s-da\\\/\",\"url\":\"https:\\\/\\\/zero-max.dk\\\/end-of-shaft-mount-type-s-da\\\/\",\"name\":\"Overbelastningsbeskyttelse \u2013 Type S | Kompakt l\u00f8sning til korte aksler Zero-Max A\\\/S\",\"isPartOf\":{\"@id\":\"https:\\\/\\\/zero-max.dk\\\/#website\"},\"datePublished\":\"2019-01-02T16:24:27+00:00\",\"dateModified\":\"2025-04-07T09:15:18+00:00\",\"description\":\"Type S momentbegr\u00e6nsere er ideelle til applikationer med korte aksler og radiale belastninger. Monteres med Type B\\\/C nav. F\u00e5s i modellerne TT1X-S til TT3-S samt som SD og SP.\",\"breadcrumb\":{\"@id\":\"https:\\\/\\\/zero-max.dk\\\/end-of-shaft-mount-type-s-da\\\/#breadcrumb\"},\"inLanguage\":\"en-GB\",\"potentialAction\":[{\"@type\":\"ReadAction\",\"target\":[\"https:\\\/\\\/zero-max.dk\\\/end-of-shaft-mount-type-s-da\\\/\"]}]},{\"@type\":\"BreadcrumbList\",\"@id\":\"https:\\\/\\\/zero-max.dk\\\/end-of-shaft-mount-type-s-da\\\/#breadcrumb\",\"itemListElement\":[{\"@type\":\"ListItem\",\"position\":1,\"name\":\"Hjem\",\"item\":\"https:\\\/\\\/zero-max.dk\\\/\"},{\"@type\":\"ListItem\",\"position\":2,\"name\":\"Enden p\u00e5 akselmontering &#8211; Type S\"}]},{\"@type\":\"WebSite\",\"@id\":\"https:\\\/\\\/zero-max.dk\\\/#website\",\"url\":\"https:\\\/\\\/zero-max.dk\\\/\",\"name\":\"Zero-Max A\\\/S\",\"description\":\"\",\"potentialAction\":[{\"@type\":\"SearchAction\",\"target\":{\"@type\":\"EntryPoint\",\"urlTemplate\":\"https:\\\/\\\/zero-max.dk\\\/?s={search_term_string}\"},\"query-input\":{\"@type\":\"PropertyValueSpecification\",\"valueRequired\":true,\"valueName\":\"search_term_string\"}}],\"inLanguage\":\"en-GB\"}]}<\/script>\n<!-- \/ Yoast SEO plugin. -->","yoast_head_json":{"title":"Overload protection - Type S | Compact solution for short shafts Zero-Max A\/S","description":"Type S torque limiters are ideal for applications with short shafts and radial loads. Mounted with Type B\/C hubs. Available in models TT1X-S to TT3-S and as SD and SP.","robots":{"index":"index","follow":"follow","max-snippet":"max-snippet:-1","max-image-preview":"max-image-preview:large","max-video-preview":"max-video-preview:-1"},"canonical":"https:\/\/zero-max.dk\/en\/end-of-shaft-mount-type-s-da\/","og_locale":"en_GB","og_type":"article","og_title":"Overbelastningsbeskyttelse \u2013 Type S | Kompakt l\u00f8sning til korte aksler Zero-Max A\/S","og_description":"Type S momentbegr\u00e6nsere er ideelle til applikationer med korte aksler og radiale belastninger. Monteres med Type B\/C nav. F\u00e5s i modellerne TT1X-S til TT3-S samt som SD og SP.","og_url":"https:\/\/zero-max.dk\/en\/end-of-shaft-mount-type-s-da\/","og_site_name":"Zero-Max A\/S","article_modified_time":"2025-04-07T09:15:18+00:00","twitter_card":"summary_large_image","twitter_misc":{"Estimated reading time":"1 minute"},"schema":{"@context":"https:\/\/schema.org","@graph":[{"@type":"WebPage","@id":"https:\/\/zero-max.dk\/end-of-shaft-mount-type-s-da\/","url":"https:\/\/zero-max.dk\/end-of-shaft-mount-type-s-da\/","name":"Overload protection - Type S | Compact solution for short shafts Zero-Max A\/S","isPartOf":{"@id":"https:\/\/zero-max.dk\/#website"},"datePublished":"2019-01-02T16:24:27+00:00","dateModified":"2025-04-07T09:15:18+00:00","description":"Type S torque limiters are ideal for applications with short shafts and radial loads. Mounted with Type B\/C hubs. Available in models TT1X-S to TT3-S and as SD and SP.","breadcrumb":{"@id":"https:\/\/zero-max.dk\/end-of-shaft-mount-type-s-da\/#breadcrumb"},"inLanguage":"en-GB","potentialAction":[{"@type":"ReadAction","target":["https:\/\/zero-max.dk\/end-of-shaft-mount-type-s-da\/"]}]},{"@type":"BreadcrumbList","@id":"https:\/\/zero-max.dk\/end-of-shaft-mount-type-s-da\/#breadcrumb","itemListElement":[{"@type":"ListItem","position":1,"name":"Hjem","item":"https:\/\/zero-max.dk\/"},{"@type":"ListItem","position":2,"name":"Enden p\u00e5 akselmontering &#8211; Type S"}]},{"@type":"WebSite","@id":"https:\/\/zero-max.dk\/#website","url":"https:\/\/zero-max.dk\/","name":"Zero-Max A\/S","description":"","potentialAction":[{"@type":"SearchAction","target":{"@type":"EntryPoint","urlTemplate":"https:\/\/zero-max.dk\/?s={search_term_string}"},"query-input":{"@type":"PropertyValueSpecification","valueRequired":true,"valueName":"search_term_string"}}],"inLanguage":"en-GB"}]}},"_links":{"self":[{"href":"https:\/\/zero-max.dk\/en\/wp-json\/wp\/v2\/pages\/889","targetHints":{"allow":["GET"]}}],"collection":[{"href":"https:\/\/zero-max.dk\/en\/wp-json\/wp\/v2\/pages"}],"about":[{"href":"https:\/\/zero-max.dk\/en\/wp-json\/wp\/v2\/types\/page"}],"author":[{"embeddable":true,"href":"https:\/\/zero-max.dk\/en\/wp-json\/wp\/v2\/users\/7"}],"replies":[{"embeddable":true,"href":"https:\/\/zero-max.dk\/en\/wp-json\/wp\/v2\/comments?post=889"}],"version-history":[{"count":10,"href":"https:\/\/zero-max.dk\/en\/wp-json\/wp\/v2\/pages\/889\/revisions"}],"predecessor-version":[{"id":6248,"href":"https:\/\/zero-max.dk\/en\/wp-json\/wp\/v2\/pages\/889\/revisions\/6248"}],"wp:attachment":[{"href":"https:\/\/zero-max.dk\/en\/wp-json\/wp\/v2\/media?parent=889"}],"curies":[{"name":"wp","href":"https:\/\/api.w.org\/{rel}","templated":true}]}}