{"id":898,"date":"2019-01-02T17:27:51","date_gmt":"2019-01-02T16:27:51","guid":{"rendered":"https:\/\/zero-max.dk\/?page_id=898"},"modified":"2025-04-07T11:29:23","modified_gmt":"2025-04-07T09:29:23","slug":"gears-da","status":"publish","type":"page","link":"https:\/\/zero-max.dk\/en\/gears-da\/","title":{"rendered":"Gear - Attention! Missing call forwarding"},"content":{"rendered":"<p>[et_pb_section fb_built=&#8221;1&#8243; _builder_version=&#8221;4.21.0&#8243; background_color=&#8221;#003366&#8243; background_image=&#8221;https:\/\/zero-max.dk\/wp-content\/uploads\/2018\/12\/1152-Gear_Tops.jpg&#8221; custom_padding=&#8221;0px||0px&#8221; animation_style=&#8221;zoom&#8221; custom_css_main_element=&#8221;height:420px&#8221; border_width_bottom=&#8221;1px&#8221; border_color_bottom=&#8221;#eeeeee&#8221; global_colors_info=&#8221;{}&#8221;][et_pb_row _builder_version=&#8221;4.16&#8243; custom_padding=&#8221;0px||0px&#8221; global_colors_info=&#8221;{}&#8221;][et_pb_column type=&#8221;4_4&#8243; _builder_version=&#8221;4.16&#8243; custom_padding=&#8221;|||&#8221; global_colors_info=&#8221;{}&#8221; custom_padding__hover=&#8221;|||&#8221;][et_pb_text _builder_version=&#8221;4.16&#8243; text_text_color=&#8221;#ffffff&#8221; custom_margin=&#8221;||&#8221; custom_padding=&#8221;||&#8221; global_colors_info=&#8221;{}&#8221;][\/et_pb_text][\/et_pb_column][\/et_pb_row][\/et_pb_section][et_pb_section fb_built=&#8221;1&#8243; disabled_on=&#8221;on|off|off&#8221; _builder_version=&#8221;4.16&#8243; background_color=&#8221;#ffffff&#8221; custom_padding=&#8221;20px||20px&#8221; global_colors_info=&#8221;{}&#8221;][et_pb_row _builder_version=&#8221;4.16&#8243; global_colors_info=&#8221;{}&#8221;][et_pb_column type=&#8221;4_4&#8243; _builder_version=&#8221;4.16&#8243; custom_padding=&#8221;|||&#8221; global_colors_info=&#8221;{}&#8221; custom_padding__hover=&#8221;|||&#8221;][et_pb_text _builder_version=&#8221;4.16&#8243; header_text_align=&#8221;center&#8221; global_colors_info=&#8221;{}&#8221;]<\/p>\n<h1>Gear<\/h1>\n<p>[\/et_pb_text][\/et_pb_column][\/et_pb_row][et_pb_row column_structure=&#8221;1_2,1_2&#8243; _builder_version=&#8221;4.16&#8243; global_colors_info=&#8221;{}&#8221;][et_pb_column type=&#8221;1_2&#8243; _builder_version=&#8221;4.16&#8243; custom_padding=&#8221;|||&#8221; global_colors_info=&#8221;{}&#8221; custom_padding__hover=&#8221;|||&#8221;][et_pb_image src=&#8221;https:\/\/zero-max.dk\/wp-content\/uploads\/2018\/12\/mi-26-03-2015-07-53.jpg&#8221; url=&#8221;https:\/\/zero-max.dk\/siti-gearsboxes-da\/&#8221; align=&#8221;center&#8221; align_tablet=&#8221;center&#8221; align_phone=&#8221;&#8221; align_last_edited=&#8221;on|desktop&#8221; _builder_version=&#8221;4.16&#8243; global_colors_info=&#8221;{}&#8221;]<br \/>\n[\/et_pb_image][et_pb_button button_url=&#8221;https:\/\/zero-max.dk\/siti-gearsboxes-da\/&#8221; button_text=&#8221;S.I.T.I Gear&#8221; button_alignment=&#8221;center&#8221; _builder_version=&#8221;4.16&#8243; custom_button=&#8221;on&#8221; button_text_color=&#8221;#ffffff&#8221; button_bg_color=&#8221;#003366&#8243; button_border_width=&#8221;4px&#8221; button_border_color=&#8221;#003366&#8243; button_border_radius=&#8221;4px&#8221; global_colors_info=&#8221;{}&#8221;]<br \/>\n[\/et_pb_button][et_pb_text disabled_on=&#8221;on|on|on&#8221; _builder_version=&#8221;4.16&#8243; header_3_text_color=&#8221;#003366&#8243; disabled=&#8221;on&#8221; global_colors_info=&#8221;{}&#8221;]<\/p>\n<p>Zero-Max A\/S er Skandinaviens approved distribut\u00f8r af SITI S.p.A.<\/p>\n<p>SITI Gearkasser:<\/p>\n<ul>\n<li>Fremstillet i Europa<\/li>\n<li>P\u00e5 lager i Danmark<\/li>\n<li>Kan\u00a0udskiftes\u00a0med STM RMI,\u00a0Bonfiglioli\u00a0MVF &amp;\u00a0Spaggiari\u00a0SW r\u00e6kkevidde<\/li>\n<li>Enkelte, dobbelte &amp;\u00a0forstadie\u00a0reduceringsmuligheder<\/li>\n<li>IEC eller solid aksel\u00a0input\u00a0samling<\/li>\n<li>Hul cylinderdiameter eller akseludgang.<\/li>\n<li>Forskellige tilbeh\u00f8rsdele der bl.a.\u00a0inkluderer udgangsflanger, momentarme, momentbegr\u00e6nsninger\u00a0&amp; modul\u00e6rf\u00f8dder.<\/li>\n<\/ul>\n<p>[\/et_pb_text][et_pb_text _builder_version=&#8221;4.27.4&#8243; _module_preset=&#8221;default&#8221; global_colors_info=&#8221;{}&#8221;]<\/p>\n<h3 data-start=\"239\" data-end=\"308\" class=\"\"><strong data-start=\"243\" data-end=\"308\">SITI Gearkasser \u2013 Europ\u00e6isk Kvalitet med Lokal Tilg\u00e6ngelighed<\/strong><\/h3>\n<p data-start=\"310\" data-end=\"495\" class=\"\">Zero-Max A\/S er officiel skandinavisk distribut\u00f8r og lagerf\u00f8rer af gearl\u00f8sninger fra <strong data-start=\"395\" data-end=\"410\">SITI S.p.A.<\/strong>, en italiensk producent med over 50 \u00e5rs erfaring i avanceret transmissionsteknologi.<\/p>\n<p data-start=\"497\" data-end=\"855\" class=\"\">SITI\u2019s gearkasser og drevl\u00f8sninger er <strong data-start=\"535\" data-end=\"576\">100 % udviklet og produceret in-house<\/strong> i deres h\u00f8jteknologiske anl\u00e6g i Monteveglio, Italien. Med over <strong data-start=\"640\" data-end=\"684\">23.000 m\u00b2 moderne produktionsfaciliteter<\/strong>, robotteknologi og avanceret kvalitetskontrol tilbyder SITI l\u00f8sninger med <strong data-start=\"759\" data-end=\"810\">h\u00f8j pr\u00e6cision, fleksibilitet og driftssikkerhed<\/strong> \u2013 b\u00e5de til standard og specialiserede behov.<\/p>\n<p data-start=\"857\" data-end=\"1134\" class=\"\">Hos Zero-Max finder du: \u2705 <strong data-start=\"883\" data-end=\"902\">Worm gearkasser<\/strong>, <strong data-start=\"904\" data-end=\"920\">helical gear<\/strong>, <strong data-start=\"922\" data-end=\"942\">kombinationsgear<\/strong> og meget mere<br data-start=\"956\" data-end=\"959\" \/>\u2705 Mulighed for <strong data-start=\"974\" data-end=\"1004\">flange- eller fodmontering<\/strong>, <strong data-start=\"1006\" data-end=\"1035\">hulaksel eller fast aksel<\/strong><br data-start=\"1035\" data-end=\"1038\" \/>\u2705 <strong data-start=\"1040\" data-end=\"1075\">Hurtig levering fra dansk lager<\/strong><br data-start=\"1075\" data-end=\"1078\" \/>\u2705 Kompatible med bl.a. <strong data-start=\"1101\" data-end=\"1134\">STM, Bonfiglioli og Spaggiari<\/strong><\/p>\n<p data-start=\"857\" data-end=\"1134\" class=\"\">\u2705 Enkelt, dobbelte og forstadie reduceringsmuligheder<br data-start=\"1035\" data-end=\"1038\" \/>\u2705 IEC eller solid aksel input samling<br data-start=\"1075\" data-end=\"1078\" \/>\u2705 Forskellige tilbeh\u00f8rsdele der bl.a. inkluderer udgangsflanger, momentarme, momentbegr\u00e6nsninger &amp; modul\u00e6rf\u00f8dder<\/p>\n<p data-start=\"857\" data-end=\"1134\" class=\"\"><strong data-start=\"1101\" data-end=\"1134\"><\/strong><\/p>\n<p data-start=\"1136\" data-end=\"1300\" class=\"\">Med <strong data-start=\"1140\" data-end=\"1165\">over 30.000 varianter<\/strong> og omfattende teknisk dokumentation, er SITI gearkasser det sikre valg for alt fra <strong data-start=\"1249\" data-end=\"1299\">automatisering og produktion til tung industri<\/strong>.<\/p>\n<p>[\/et_pb_text][\/et_pb_column][et_pb_column type=&#8221;1_2&#8243; _builder_version=&#8221;4.16&#8243; custom_padding=&#8221;|||&#8221; global_colors_info=&#8221;{}&#8221; custom_padding__hover=&#8221;|||&#8221;][et_pb_image src=&#8221;https:\/\/zero-max.dk\/wp-content\/uploads\/2018\/12\/Crown-Gear.jpg&#8221; url=&#8221;https:\/\/zero-max.dk\/crown-gear-right-angle-gearbox-da\/&#8221; align=&#8221;center&#8221; align_tablet=&#8221;center&#8221; align_phone=&#8221;&#8221; align_last_edited=&#8221;on|desktop&#8221; _builder_version=&#8221;4.16&#8243; max_width=&#8221;31%&#8221; global_colors_info=&#8221;{}&#8221;]<br \/>\n[\/et_pb_image][et_pb_button button_url=&#8221;https:\/\/zero-max.dk\/crown-gear-right-angle-gearbox-da\/&#8221; button_text=&#8221;Crown Gear&#8221; button_alignment=&#8221;center&#8221; _builder_version=&#8221;4.16&#8243; custom_button=&#8221;on&#8221; button_text_color=&#8221;#ffffff&#8221; button_bg_color=&#8221;#003366&#8243; button_border_width=&#8221;4px&#8221; button_border_color=&#8221;#003366&#8243; button_border_radius=&#8221;4px&#8221; global_colors_info=&#8221;{}&#8221;]<br \/>\n[\/et_pb_button][et_pb_text _builder_version=&#8221;4.16&#8243; header_3_text_color=&#8221;#003366&#8243; global_colors_info=&#8221;{}&#8221;]<\/p>\n<p>Crown Gear:<\/p>\n<ul>\n<li>Fremstillet i USA<\/li>\n<li>P\u00e5 lager i Danmark<\/li>\n<li>Tilg\u00e6ngelige i 2-way, 3-way og modsatl\u00f8bende enheder<\/li>\n<li>Tilbydes i forskellige aksel st\u00f8rrelser<\/li>\n<li>Tilbydes i forskellige ratioer.<\/li>\n<\/ul>\n<p>[\/et_pb_text][\/et_pb_column][\/et_pb_row][et_pb_row column_structure=&#8221;1_2,1_2&#8243; _builder_version=&#8221;4.16&#8243; global_colors_info=&#8221;{}&#8221;][et_pb_column type=&#8221;1_2&#8243; _builder_version=&#8221;4.16&#8243; global_colors_info=&#8221;{}&#8221;][et_pb_image src=&#8221;https:\/\/zero-max.dk\/wp-content\/uploads\/2020\/08\/Hjemmeside.png&#8221; align=&#8221;center&#8221; _builder_version=&#8221;4.16&#8243; global_colors_info=&#8221;{}&#8221;][\/et_pb_image][et_pb_button button_url=&#8221;https:\/\/zero-max.dk\/crown-gear-ip65-gearkasser\/&#8221; url_new_window=&#8221;on&#8221; button_text=&#8221;IP65 Crown Gear&#8221; button_alignment=&#8221;center&#8221; _builder_version=&#8221;4.16&#8243; custom_button=&#8221;on&#8221; button_text_color=&#8221;#ffffff&#8221; button_bg_color=&#8221;#003366&#8243; button_border_width=&#8221;4px&#8221; button_border_color=&#8221;#003366&#8243; button_border_radius=&#8221;4px&#8221; global_colors_info=&#8221;{}&#8221;]<br \/>\n[\/et_pb_button][et_pb_text _builder_version=&#8221;4.16&#8243; header_3_text_color=&#8221;#003366&#8243; global_colors_info=&#8221;{}&#8221;]<\/p>\n<p>Crown Gear:<\/p>\n<ul>\n<li>Fremstillet i USA<\/li>\n<li>P\u00e5 lager i Danmark<\/li>\n<li>Tilg\u00e6ngelige i 2-way, 3-way og modsatl\u00f8bende enheder<\/li>\n<li>Tilbydes i forskellige aksel st\u00f8rrelser<\/li>\n<li>Tilbydes i forskellige ratioer<\/li>\n<li>Crown gear huset er produceret ud af nikkel som giver en bedre korrosions beskyttelse.<\/li>\n<\/ul>\n<p>[\/et_pb_text][\/et_pb_column][et_pb_column type=&#8221;1_2&#8243; _builder_version=&#8221;4.16&#8243; global_colors_info=&#8221;{}&#8221;][\/et_pb_column][\/et_pb_row][\/et_pb_section][et_pb_section fb_built=&#8221;1&#8243; disabled_on=&#8221;on|on|on&#8221; _builder_version=&#8221;4.21.0&#8243; background_color=&#8221;#003366&#8243; custom_padding=&#8221;0px||0px&#8221; disabled=&#8221;on&#8221; global_module=&#8221;1102&#8243; saved_tabs=&#8221;all&#8221; global_colors_info=&#8221;{}&#8221;][et_pb_row column_structure=&#8221;1_3,1_3,1_3&#8243; _builder_version=&#8221;4.16&#8243; global_colors_info=&#8221;{}&#8221;][et_pb_column type=&#8221;1_3&#8243; _builder_version=&#8221;4.16&#8243; custom_padding=&#8221;|||&#8221; global_colors_info=&#8221;{}&#8221; custom_padding__hover=&#8221;|||&#8221;][et_pb_text admin_label=&#8221;Tekst&#8221; _builder_version=&#8221;4.16&#8243; header_2_text_align=&#8221;center&#8221; header_2_text_color=&#8221;#99ccff&#8221; header_2_font_size=&#8221;14px&#8221; custom_margin=&#8221;0px||0px&#8221; custom_padding=&#8221;0px||0px&#8221; global_colors_info=&#8221;{}&#8221;]<\/p>\n<h2>Zero Max &#8211; Industri<\/h2>\n<p>[\/et_pb_text][et_pb_text _builder_version=&#8221;4.16&#8243; background_image=&#8221;https:\/\/zero-max.dk\/wp-content\/uploads\/2018\/12\/Boxes.jpg&#8221; text_orientation=&#8221;center&#8221; custom_margin=&#8221;0px||0px&#8221; custom_padding=&#8221;10px|20px|26px|20px&#8221; border_width_all=&#8221;1px&#8221; border_color_all=&#8221;#ffffff&#8221; global_colors_info=&#8221;{}&#8221;]<\/p>\n<p>Hurtighed, pr\u00e6cision og driftssikkerhed? Overvej en l\u00f8sning fra Zero-Max<\/p>\n<p>[\/et_pb_text][\/et_pb_column][et_pb_column type=&#8221;1_3&#8243; _builder_version=&#8221;4.16&#8243; custom_padding=&#8221;|||&#8221; global_colors_info=&#8221;{}&#8221; custom_padding__hover=&#8221;|||&#8221;][et_pb_text _builder_version=&#8221;4.16&#8243; header_2_text_align=&#8221;center&#8221; header_2_text_color=&#8221;#99ccff&#8221; header_2_font_size=&#8221;14px&#8221; custom_margin=&#8221;0px||0px&#8221; custom_padding=&#8221;0px||0px&#8221; global_colors_info=&#8221;{}&#8221;]<\/p>\n<h2>Zero Max \u2013 Landbrug<\/h2>\n<p>[\/et_pb_text][et_pb_text _builder_version=&#8221;4.16&#8243; background_image=&#8221;https:\/\/zero-max.dk\/wp-content\/uploads\/2018\/12\/Boxes.jpg&#8221; text_orientation=&#8221;center&#8221; custom_margin=&#8221;0px||0px&#8221; custom_padding=&#8221;10px|20px|25px|20px&#8221; border_width_all=&#8221;1px&#8221; border_color_all=&#8221;#ffffff&#8221; global_colors_info=&#8221;{}&#8221;]<\/p>\n<p>St\u00f8rre, tungere, hurtigere? Driftssikker?<br \/>Kundespecifikt designet hos Zero-Max!<\/p>\n<p>[\/et_pb_text][\/et_pb_column][et_pb_column type=&#8221;1_3&#8243; _builder_version=&#8221;4.16&#8243; custom_padding=&#8221;|||&#8221; global_colors_info=&#8221;{}&#8221; custom_padding__hover=&#8221;|||&#8221;][et_pb_text _builder_version=&#8221;4.16&#8243; header_2_text_align=&#8221;center&#8221; header_2_text_color=&#8221;#99ccff&#8221; header_2_font_size=&#8221;14px&#8221; custom_margin=&#8221;0px||0px&#8221; custom_padding=&#8221;0px||0px&#8221; global_colors_info=&#8221;{}&#8221;]<\/p>\n<h2>Zero Max \u2013 Energi<\/h2>\n<p>[\/et_pb_text][et_pb_text admin_label=&#8221;Text&#8221; _builder_version=&#8221;4.16&#8243; background_image=&#8221;https:\/\/zero-max.dk\/wp-content\/uploads\/2018\/12\/Boxes.jpg&#8221; text_orientation=&#8221;center&#8221; custom_margin=&#8221;0px||0px&#8221; custom_padding=&#8221;10px|10px|10px|10px&#8221; border_width_all=&#8221;1px&#8221; border_color_all=&#8221;#ffffff&#8221; global_colors_info=&#8221;{}&#8221;]<\/p>\n<p>St\u00e6rk ydeevne i ekstrem vind? <br \/>Skiftende klimabetingelserne?<br \/>Zero-Max skaber l\u00f8sningen for dig!<\/p>\n<p>[\/et_pb_text][\/et_pb_column][\/et_pb_row][\/et_pb_section]<\/p>\n","protected":false},"excerpt":{"rendered":"<p>Gear Zero-Max A\/S er Skandinaviens approved distribut\u00f8r af SITI S.p.A. SITI Gearkasser: Fremstillet i Europa P\u00e5 lager i Danmark Kan\u00a0udskiftes\u00a0med STM RMI,\u00a0Bonfiglioli\u00a0MVF &amp;\u00a0Spaggiari\u00a0SW r\u00e6kkevidde Enkelte, dobbelte &amp;\u00a0forstadie\u00a0reduceringsmuligheder IEC eller solid aksel\u00a0input\u00a0samling Hul cylinderdiameter eller akseludgang. Forskellige tilbeh\u00f8rsdele der bl.a.\u00a0inkluderer udgangsflanger, momentarme, momentbegr\u00e6nsninger\u00a0&amp; modul\u00e6rf\u00f8dder. SITI Gearkasser \u2013 Europ\u00e6isk Kvalitet med Lokal Tilg\u00e6ngelighed Zero-Max A\/S er officiel [&hellip;]<\/p>\n","protected":false},"author":7,"featured_media":0,"parent":0,"menu_order":0,"comment_status":"closed","ping_status":"closed","template":"","meta":{"_et_pb_use_builder":"on","_et_pb_old_content":"","_et_gb_content_width":"","footnotes":""},"class_list":["post-898","page","type-page","status-publish","hentry"],"yoast_head":"<!-- This site is optimized with the Yoast SEO plugin v27.5 - https:\/\/yoast.com\/product\/yoast-seo-wordpress\/ -->\n<title>SITI &amp; Crown Gear Gearkasser | Europ\u00e6isk &amp; Amerikansk kvalitet fra Zero-Max<\/title>\n<meta name=\"description\" content=\"Zero-Max A\/S er skandinavisk distribut\u00f8r af SITI gearkasser og Crown Gear. Vi tilbyder worm gear, helical gear, IP65 gear og specialmodeller \u2013 med hurtig levering fra dansk lager.\" \/>\n<meta name=\"robots\" content=\"index, follow, max-snippet:-1, max-image-preview:large, max-video-preview:-1\" \/>\n<link rel=\"canonical\" href=\"https:\/\/zero-max.dk\/en\/gears-da\/\" \/>\n<meta property=\"og:locale\" content=\"en_GB\" \/>\n<meta property=\"og:type\" content=\"article\" \/>\n<meta property=\"og:title\" content=\"SITI &amp; Crown Gear Gearkasser | Europ\u00e6isk &amp; Amerikansk kvalitet fra Zero-Max\" \/>\n<meta property=\"og:description\" content=\"Zero-Max A\/S er skandinavisk distribut\u00f8r af SITI gearkasser og Crown Gear. Vi tilbyder worm gear, helical gear, IP65 gear og specialmodeller \u2013 med hurtig levering fra dansk lager.\" \/>\n<meta property=\"og:url\" content=\"https:\/\/zero-max.dk\/en\/gears-da\/\" \/>\n<meta property=\"og:site_name\" content=\"Zero-Max A\/S\" \/>\n<meta property=\"article:modified_time\" content=\"2025-04-07T09:29:23+00:00\" \/>\n<meta name=\"twitter:card\" content=\"summary_large_image\" \/>\n<meta name=\"twitter:label1\" content=\"Estimated reading time\" \/>\n\t<meta name=\"twitter:data1\" content=\"2 minutes\" \/>\n<script type=\"application\/ld+json\" class=\"yoast-schema-graph\">{\"@context\":\"https:\\\/\\\/schema.org\",\"@graph\":[{\"@type\":\"WebPage\",\"@id\":\"https:\\\/\\\/zero-max.dk\\\/gears-da\\\/\",\"url\":\"https:\\\/\\\/zero-max.dk\\\/gears-da\\\/\",\"name\":\"SITI & Crown Gear Gearkasser | Europ\u00e6isk & Amerikansk kvalitet fra Zero-Max\",\"isPartOf\":{\"@id\":\"https:\\\/\\\/zero-max.dk\\\/#website\"},\"datePublished\":\"2019-01-02T16:27:51+00:00\",\"dateModified\":\"2025-04-07T09:29:23+00:00\",\"description\":\"Zero-Max A\\\/S er skandinavisk distribut\u00f8r af SITI gearkasser og Crown Gear. Vi tilbyder worm gear, helical gear, IP65 gear og specialmodeller \u2013 med hurtig levering fra dansk lager.\",\"breadcrumb\":{\"@id\":\"https:\\\/\\\/zero-max.dk\\\/gears-da\\\/#breadcrumb\"},\"inLanguage\":\"en-GB\",\"potentialAction\":[{\"@type\":\"ReadAction\",\"target\":[\"https:\\\/\\\/zero-max.dk\\\/gears-da\\\/\"]}]},{\"@type\":\"BreadcrumbList\",\"@id\":\"https:\\\/\\\/zero-max.dk\\\/gears-da\\\/#breadcrumb\",\"itemListElement\":[{\"@type\":\"ListItem\",\"position\":1,\"name\":\"Hjem\",\"item\":\"https:\\\/\\\/zero-max.dk\\\/\"},{\"@type\":\"ListItem\",\"position\":2,\"name\":\"Gear &#8211; OBS! Mangler viderestilling\"}]},{\"@type\":\"WebSite\",\"@id\":\"https:\\\/\\\/zero-max.dk\\\/#website\",\"url\":\"https:\\\/\\\/zero-max.dk\\\/\",\"name\":\"Zero-Max A\\\/S\",\"description\":\"\",\"potentialAction\":[{\"@type\":\"SearchAction\",\"target\":{\"@type\":\"EntryPoint\",\"urlTemplate\":\"https:\\\/\\\/zero-max.dk\\\/?s={search_term_string}\"},\"query-input\":{\"@type\":\"PropertyValueSpecification\",\"valueRequired\":true,\"valueName\":\"search_term_string\"}}],\"inLanguage\":\"en-GB\"}]}<\/script>\n<!-- \/ Yoast SEO plugin. -->","yoast_head_json":{"title":"SITI &amp; Crown Gear Gear Gearboxes | European &amp; American quality from Zero-Max","description":"Zero-Max A\/S is the Scandinavian distributor of SITI gearboxes and Crown Gear. We offer worm gears, helical gears, IP65 gears and special models - with fast delivery from Danish stock.","robots":{"index":"index","follow":"follow","max-snippet":"max-snippet:-1","max-image-preview":"max-image-preview:large","max-video-preview":"max-video-preview:-1"},"canonical":"https:\/\/zero-max.dk\/en\/gears-da\/","og_locale":"en_GB","og_type":"article","og_title":"SITI & Crown Gear Gearkasser | Europ\u00e6isk & Amerikansk kvalitet fra Zero-Max","og_description":"Zero-Max A\/S er skandinavisk distribut\u00f8r af SITI gearkasser og Crown Gear. Vi tilbyder worm gear, helical gear, IP65 gear og specialmodeller \u2013 med hurtig levering fra dansk lager.","og_url":"https:\/\/zero-max.dk\/en\/gears-da\/","og_site_name":"Zero-Max A\/S","article_modified_time":"2025-04-07T09:29:23+00:00","twitter_card":"summary_large_image","twitter_misc":{"Estimated reading time":"2 minutes"},"schema":{"@context":"https:\/\/schema.org","@graph":[{"@type":"WebPage","@id":"https:\/\/zero-max.dk\/gears-da\/","url":"https:\/\/zero-max.dk\/gears-da\/","name":"SITI &amp; Crown Gear Gear Gearboxes | European &amp; American quality from Zero-Max","isPartOf":{"@id":"https:\/\/zero-max.dk\/#website"},"datePublished":"2019-01-02T16:27:51+00:00","dateModified":"2025-04-07T09:29:23+00:00","description":"Zero-Max A\/S is the Scandinavian distributor of SITI gearboxes and Crown Gear. We offer worm gears, helical gears, IP65 gears and special models - with fast delivery from Danish stock.","breadcrumb":{"@id":"https:\/\/zero-max.dk\/gears-da\/#breadcrumb"},"inLanguage":"en-GB","potentialAction":[{"@type":"ReadAction","target":["https:\/\/zero-max.dk\/gears-da\/"]}]},{"@type":"BreadcrumbList","@id":"https:\/\/zero-max.dk\/gears-da\/#breadcrumb","itemListElement":[{"@type":"ListItem","position":1,"name":"Hjem","item":"https:\/\/zero-max.dk\/"},{"@type":"ListItem","position":2,"name":"Gear &#8211; OBS! Mangler viderestilling"}]},{"@type":"WebSite","@id":"https:\/\/zero-max.dk\/#website","url":"https:\/\/zero-max.dk\/","name":"Zero-Max A\/S","description":"","potentialAction":[{"@type":"SearchAction","target":{"@type":"EntryPoint","urlTemplate":"https:\/\/zero-max.dk\/?s={search_term_string}"},"query-input":{"@type":"PropertyValueSpecification","valueRequired":true,"valueName":"search_term_string"}}],"inLanguage":"en-GB"}]}},"_links":{"self":[{"href":"https:\/\/zero-max.dk\/en\/wp-json\/wp\/v2\/pages\/898","targetHints":{"allow":["GET"]}}],"collection":[{"href":"https:\/\/zero-max.dk\/en\/wp-json\/wp\/v2\/pages"}],"about":[{"href":"https:\/\/zero-max.dk\/en\/wp-json\/wp\/v2\/types\/page"}],"author":[{"embeddable":true,"href":"https:\/\/zero-max.dk\/en\/wp-json\/wp\/v2\/users\/7"}],"replies":[{"embeddable":true,"href":"https:\/\/zero-max.dk\/en\/wp-json\/wp\/v2\/comments?post=898"}],"version-history":[{"count":21,"href":"https:\/\/zero-max.dk\/en\/wp-json\/wp\/v2\/pages\/898\/revisions"}],"predecessor-version":[{"id":6253,"href":"https:\/\/zero-max.dk\/en\/wp-json\/wp\/v2\/pages\/898\/revisions\/6253"}],"wp:attachment":[{"href":"https:\/\/zero-max.dk\/en\/wp-json\/wp\/v2\/media?parent=898"}],"curies":[{"name":"wp","href":"https:\/\/api.w.org\/{rel}","templated":true}]}}