{"id":906,"date":"2019-01-02T17:30:43","date_gmt":"2019-01-02T16:30:43","guid":{"rendered":"https:\/\/zero-max.dk\/?page_id=906"},"modified":"2025-04-07T22:43:29","modified_gmt":"2025-04-07T20:43:29","slug":"hrc-da","status":"publish","type":"page","link":"https:\/\/zero-max.dk\/en\/hrc-da\/","title":{"rendered":"HRC"},"content":{"rendered":"<p>[et_pb_section fb_built=&#8221;1&#8243; _builder_version=&#8221;4.21.0&#8243; background_image=&#8221;https:\/\/zero-max.dk\/wp-content\/uploads\/2018\/12\/1152_HRC.jpg&#8221; custom_padding=&#8221;19%||&#8221; animation_style=&#8221;zoom&#8221; custom_css_main_element=&#8221;height: 450px;&#8221; border_width_bottom=&#8221;1px&#8221; border_color_bottom=&#8221;#e5e5e5&#8243; global_colors_info=&#8221;{}&#8221;][et_pb_row custom_padding_last_edited=&#8221;on|phone&#8221; _builder_version=&#8221;4.21.0&#8243; width_tablet=&#8221;45%&#8221; width_phone=&#8221;45%&#8221; width_last_edited=&#8221;on|tablet&#8221; custom_margin_tablet=&#8221;-122px||||false|false&#8221; custom_margin_phone=&#8221;-122px||||false|false&#8221; custom_margin_last_edited=&#8221;on|tablet&#8221; custom_padding_tablet=&#8221;&#8221; custom_padding_phone=&#8221;46px||||false|false&#8221; module_alignment_tablet=&#8221;left&#8221; module_alignment_phone=&#8221;left&#8221; module_alignment_last_edited=&#8221;on|tablet&#8221; global_colors_info=&#8221;{}&#8221;][et_pb_column type=&#8221;4_4&#8243; _builder_version=&#8221;4.16&#8243; custom_padding=&#8221;|||&#8221; global_colors_info=&#8221;{}&#8221; custom_padding__hover=&#8221;|||&#8221;][et_pb_text _builder_version=&#8221;4.21.0&#8243; text_font=&#8221;Oswald||||||||&#8221; text_text_color=&#8221;#013366&#8243; text_font_size=&#8221;26px&#8221; text_letter_spacing=&#8221;4px&#8221; text_line_height_tablet=&#8221;&#8221; text_line_height_phone=&#8221;1em&#8221; text_line_height_last_edited=&#8221;on|phone&#8221; global_colors_info=&#8221;{}&#8221;]<\/p>\n<p style=\"text-align: right;\">Ledende leverand\u00f8rer<\/p>\n<p>[\/et_pb_text][\/et_pb_column][\/et_pb_row][\/et_pb_section][et_pb_section fb_built=&#8221;1&#8243; disabled_on=&#8221;on|off|off&#8221; _builder_version=&#8221;4.16&#8243; background_color=&#8221;#ffffff&#8221; custom_padding=&#8221;20px||20px&#8221; global_colors_info=&#8221;{}&#8221;][et_pb_row column_structure=&#8221;1_2,1_2&#8243; _builder_version=&#8221;4.16&#8243; global_colors_info=&#8221;{}&#8221;][et_pb_column type=&#8221;1_2&#8243; _builder_version=&#8221;4.16&#8243; custom_padding=&#8221;|||&#8221; global_colors_info=&#8221;{}&#8221; custom_padding__hover=&#8221;|||&#8221;][et_pb_image src=&#8221;https:\/\/zero-max.dk\/wp-content\/uploads\/2018\/12\/HRC.jpg&#8221; align=&#8221;center&#8221; align_tablet=&#8221;center&#8221; align_phone=&#8221;center&#8221; align_last_edited=&#8221;on|desktop&#8221; _builder_version=&#8221;4.16&#8243; custom_margin=&#8221;||&#8221; global_colors_info=&#8221;{}&#8221;][\/et_pb_image][\/et_pb_column][et_pb_column type=&#8221;1_2&#8243; _builder_version=&#8221;4.16&#8243; custom_padding=&#8221;7%|||&#8221; global_colors_info=&#8221;{}&#8221; custom_padding__hover=&#8221;|||&#8221;][et_pb_text _builder_version=&#8221;4.27.4&#8243; _module_preset=&#8221;default&#8221; hover_enabled=&#8221;0&#8243; global_colors_info=&#8221;{}&#8221; sticky_enabled=&#8221;0&#8243;]<\/p>\n<h1 data-start=\"0\" data-end=\"60\">HRC Koblinger \u2013 Fleksibel &amp; Sikker Kraftoverf\u00f8rsel<\/h1>\n<p data-start=\"62\" data-end=\"355\" class=\"\">HRC koblinger er en <strong data-start=\"82\" data-end=\"113\">robust og fleksibel l\u00f8sning<\/strong> til sikker kraftoverf\u00f8rsel i industrien. Med en <strong data-start=\"162\" data-end=\"210\">temperaturbestandighed fra -20 \u00b0C til +80 \u00b0C<\/strong> og en opbygning, der effektivt absorberer st\u00f8d, vibrationer og st\u00f8j, sikrer HRC koblinger en stabil og <strong data-start=\"323\" data-end=\"352\">vedligeholdelsesfri drift<\/strong>.<\/p>\n<p data-start=\"357\" data-end=\"689\" class=\"\">Den fleksible koblingsstjerne er designet til at <strong data-start=\"406\" data-end=\"452\">udligne b\u00e5de radiale og aksiale bev\u00e6gelser<\/strong>, hvilket forhindrer skadelige aksiale kr\u00e6fter i at p\u00e5virke maskinens lejer \u2013 selv ved skiftende drejningsmoment. Derudover er HRC koblinger <strong data-start=\"593\" data-end=\"625\">failsafe op til brudmomentet<\/strong> p\u00e5 st\u00f8bejernsdelene, hvilket sikrer maksimal driftssikkerhed.<\/p>\n<h3 data-start=\"691\" data-end=\"727\" class=\"\"><strong data-start=\"695\" data-end=\"725\">Fordele ved HRC Koblinger:<\/strong><\/h3>\n<p data-start=\"728\" data-end=\"1067\" class=\"\">\u2705 <strong data-start=\"730\" data-end=\"771\">St\u00f8dd\u00e6mpende &amp; vibrationsabsorberende<\/strong> \u2013 reducerer slid p\u00e5 tilsluttede komponenter<br data-start=\"815\" data-end=\"818\" \/>\u2705 <strong data-start=\"820\" data-end=\"852\">Nem installation &amp; justering<\/strong> \u2013 plug-in-design kr\u00e6ver minimal pr\u00e6cisionsjustering<br data-start=\"904\" data-end=\"907\" \/>\u2705 <strong data-start=\"909\" data-end=\"928\">Failsafe design<\/strong> \u2013 sikrer stabil drift selv ved h\u00f8je belastninger<br data-start=\"977\" data-end=\"980\" \/>\u2705 <strong data-start=\"982\" data-end=\"1016\">Mulighed for taper bush system<\/strong> \u2013 hurtig og enkel montering med aksial fiksering<\/p>\n<h3 data-start=\"1069\" data-end=\"1114\" class=\"\"><strong data-start=\"1073\" data-end=\"1112\">Fleksibilitet med Taper Bush System<\/strong><\/h3>\n<p data-start=\"1115\" data-end=\"1366\" class=\"\">HRC koblinger kan leveres med <strong data-start=\"1145\" data-end=\"1166\">taper bush system<\/strong>, der kombinerer de bedste egenskaber fra fleksible koblinger med en nem og hurtig installation. Dette system sikrer <strong data-start=\"1283\" data-end=\"1330\">aksial fiksering af akslen uden tilbageslag<\/strong>, selv ved st\u00f8rre akseltolerancer.<\/p>\n<p data-start=\"1368\" data-end=\"1542\" class=\"\">Med denne l\u00f8sning kan koblingsstjernen nemt udskiftes ved <strong data-start=\"1426\" data-end=\"1477\">simpel aksial forskydning af koblingshalvdelene<\/strong>, uden at det er n\u00f8dvendigt at afmontere de forbundne maskiner.<\/p>\n<p data-start=\"1544\" data-end=\"1694\" class=\"\"><strong data-start=\"1544\" data-end=\"1692\">HRC koblinger er en ideel l\u00f8sning til alle maskinkonstruktioner, hvor en p\u00e5lidelig aksel-forbindelse mellem motor og arbejdsmaskine er p\u00e5kr\u00e6vet.<\/strong><\/p>\n<p data-start=\"1696\" data-end=\"1778\" class=\"\">\u00a0<a href=\"\/contact-da\/\"><strong data-start=\"1699\" data-end=\"1775\">Kontakt os i dag for at finde den rette HRC kobling til din applikation!<\/strong><\/a><\/p>\n<p>[\/et_pb_text][et_pb_button button_url=&#8221;\/wp-content\/uploads\/2020\/03\/HRC-kolbinger.pdf&#8221; button_text=&#8221;DOWNLOAD Katalog &#8211; HRC Coupling&#8221; _builder_version=&#8221;4.27.4&#8243; custom_button=&#8221;on&#8221; button_text_color=&#8221;#ffffff&#8221; button_bg_color=&#8221;#003366&#8243; button_border_width=&#8221;4px&#8221; button_border_color=&#8221;#003366&#8243; button_border_radius=&#8221;4px&#8221; global_colors_info=&#8221;{}&#8221;][\/et_pb_button][\/et_pb_column][\/et_pb_row][\/et_pb_section][et_pb_section fb_built=&#8221;1&#8243; disabled_on=&#8221;on|on|on&#8221; _builder_version=&#8221;4.6.1&#8243; background_color=&#8221;#003366&#8243; custom_padding=&#8221;0px||0px&#8221; disabled=&#8221;on&#8221; global_module=&#8221;1044&#8243; global_colors_info=&#8221;{}&#8221;][et_pb_row column_structure=&#8221;1_3,1_3,1_3&#8243; _builder_version=&#8221;4.16&#8243; max_width=&#8221;1080px&#8221; global_colors_info=&#8221;{}&#8221;][et_pb_column type=&#8221;1_3&#8243; _builder_version=&#8221;4.16&#8243; custom_padding=&#8221;|||&#8221; global_colors_info=&#8221;{}&#8221; custom_padding__hover=&#8221;|||&#8221;][et_pb_text _builder_version=&#8221;4.16&#8243; header_2_text_align=&#8221;center&#8221; header_2_text_color=&#8221;#99ccff&#8221; header_2_font_size=&#8221;14px&#8221; custom_margin=&#8221;0px||0px&#8221; custom_padding=&#8221;0px||0px&#8221; global_colors_info=&#8221;{}&#8221;]<\/p>\n<h2>Zero Max<\/h2>\n<p>[\/et_pb_text][et_pb_text _builder_version=&#8221;4.16&#8243; text_font=&#8221;||||||||&#8221; header_font=&#8221;||||||||&#8221; background_image=&#8221;https:\/\/zero-max.dk\/wp-content\/uploads\/2018\/12\/Boxes.jpg&#8221; text_orientation=&#8221;center&#8221; custom_margin=&#8221;0px||0px&#8221; custom_padding=&#8221;10px|20px|26px|20px&#8221; border_width_all=&#8221;1px&#8221; border_color_all=&#8221;#ffffff&#8221; global_colors_info=&#8221;{}&#8221;]<\/p>\n<p>Our gobal perspektive makes it possible to provide our customer with quality products at competitive pricing to any location<\/p>\n<p>[\/et_pb_text][\/et_pb_column][et_pb_column type=&#8221;1_3&#8243; _builder_version=&#8221;4.16&#8243; custom_padding=&#8221;|||&#8221; global_colors_info=&#8221;{}&#8221; custom_padding__hover=&#8221;|||&#8221;][et_pb_text _builder_version=&#8221;4.16&#8243; header_2_text_align=&#8221;center&#8221; header_2_text_color=&#8221;#99ccff&#8221; header_2_font_size=&#8221;14px&#8221; custom_margin=&#8221;0px||0px&#8221; custom_padding=&#8221;0px||0px&#8221; global_colors_info=&#8221;{}&#8221;]<\/p>\n<h2>World-Leading Expert !<\/h2>\n<p>[\/et_pb_text][et_pb_text _builder_version=&#8221;4.16&#8243; text_font=&#8221;||||||||&#8221; header_font=&#8221;||||||||&#8221; background_image=&#8221;https:\/\/zero-max.dk\/wp-content\/uploads\/2018\/12\/Boxes.jpg&#8221; text_orientation=&#8221;center&#8221; custom_margin=&#8221;0px||0px&#8221; custom_padding=&#8221;10px|20px|25px|20px&#8221; border_width_all=&#8221;1px&#8221; border_color_all=&#8221;#ffffff&#8221; global_colors_info=&#8221;{}&#8221;]<\/p>\n<p>Zero-Max combines decades of industry leading experience with unparalleled expertise in motion control solutions<\/p>\n<p>[\/et_pb_text][\/et_pb_column][et_pb_column type=&#8221;1_3&#8243; _builder_version=&#8221;4.16&#8243; custom_padding=&#8221;|||&#8221; global_colors_info=&#8221;{}&#8221; custom_padding__hover=&#8221;|||&#8221;][et_pb_text _builder_version=&#8221;4.16&#8243; header_2_text_align=&#8221;center&#8221; header_2_text_color=&#8221;#99ccff&#8221; header_2_font_size=&#8221;14px&#8221; custom_margin=&#8221;0px||0px&#8221; custom_padding=&#8221;0px||0px&#8221; global_colors_info=&#8221;{}&#8221;]<\/p>\n<h2>Get in touch!<\/h2>\n<p>[\/et_pb_text][et_pb_text _builder_version=&#8221;4.16&#8243; text_font=&#8221;||||||||&#8221; header_font=&#8221;||||||||&#8221; background_image=&#8221;https:\/\/zero-max.dk\/wp-content\/uploads\/2018\/12\/Boxes.jpg&#8221; text_orientation=&#8221;center&#8221; custom_margin=&#8221;0px||0px&#8221; custom_padding=&#8221;10px|10px|10px|10px&#8221; border_width_all=&#8221;1px&#8221; border_color_all=&#8221;#ffffff&#8221; global_colors_info=&#8221;{}&#8221;]<\/p>\n<p>Zero-Max A\/S<br \/>Mail: ext@zero-max.dk <br \/>Haarup Tvaevej 1<br \/>DK &#8211; 8600 Silkeborg<\/p>\n<p>[\/et_pb_text][\/et_pb_column][\/et_pb_row][\/et_pb_section]<\/p>\n","protected":false},"excerpt":{"rendered":"<p>Ledende leverand\u00f8rerHRC Koblinger \u2013 Fleksibel &amp; Sikker Kraftoverf\u00f8rsel HRC koblinger er en robust og fleksibel l\u00f8sning til sikker kraftoverf\u00f8rsel i industrien. Med en temperaturbestandighed fra -20 \u00b0C til +80 \u00b0C og en opbygning, der effektivt absorberer st\u00f8d, vibrationer og st\u00f8j, sikrer HRC koblinger en stabil og vedligeholdelsesfri drift. Den fleksible koblingsstjerne er designet til at [&hellip;]<\/p>\n","protected":false},"author":7,"featured_media":0,"parent":0,"menu_order":0,"comment_status":"closed","ping_status":"closed","template":"","meta":{"_et_pb_use_builder":"on","_et_pb_old_content":"","_et_gb_content_width":"","footnotes":""},"class_list":["post-906","page","type-page","status-publish","hentry"],"yoast_head":"<!-- This site is optimized with the Yoast SEO plugin v27.5 - https:\/\/yoast.com\/product\/yoast-seo-wordpress\/ -->\n<title>HRC Koblinger | Robust &amp; Fleksibel Kraftoverf\u00f8rsel | Zero-Max A\/S<\/title>\n<meta name=\"description\" content=\"HRC koblinger sikrer sikker og fleksibel kraftoverf\u00f8rsel. St\u00f8dd\u00e6mpende, failsafe design og nem installation. L\u00e6s mere hos Zero-Max A\/S!\" \/>\n<meta name=\"robots\" content=\"index, follow, max-snippet:-1, max-image-preview:large, max-video-preview:-1\" \/>\n<link rel=\"canonical\" href=\"https:\/\/zero-max.dk\/en\/hrc-da\/\" \/>\n<meta property=\"og:locale\" content=\"en_GB\" \/>\n<meta property=\"og:type\" content=\"article\" \/>\n<meta property=\"og:title\" content=\"HRC Koblinger | Robust &amp; Fleksibel Kraftoverf\u00f8rsel | Zero-Max A\/S\" \/>\n<meta property=\"og:description\" content=\"HRC koblinger sikrer sikker og fleksibel kraftoverf\u00f8rsel. St\u00f8dd\u00e6mpende, failsafe design og nem installation. L\u00e6s mere hos Zero-Max A\/S!\" \/>\n<meta property=\"og:url\" content=\"https:\/\/zero-max.dk\/en\/hrc-da\/\" \/>\n<meta property=\"og:site_name\" content=\"Zero-Max A\/S\" \/>\n<meta property=\"article:modified_time\" content=\"2025-04-07T20:43:29+00:00\" \/>\n<meta name=\"twitter:card\" content=\"summary_large_image\" \/>\n<meta name=\"twitter:label1\" content=\"Estimated reading time\" \/>\n\t<meta name=\"twitter:data1\" content=\"2 minutes\" \/>\n<script type=\"application\/ld+json\" class=\"yoast-schema-graph\">{\"@context\":\"https:\\\/\\\/schema.org\",\"@graph\":[{\"@type\":\"WebPage\",\"@id\":\"https:\\\/\\\/zero-max.dk\\\/hrc-da\\\/\",\"url\":\"https:\\\/\\\/zero-max.dk\\\/hrc-da\\\/\",\"name\":\"HRC Koblinger | Robust & Fleksibel Kraftoverf\u00f8rsel | Zero-Max A\\\/S\",\"isPartOf\":{\"@id\":\"https:\\\/\\\/zero-max.dk\\\/#website\"},\"datePublished\":\"2019-01-02T16:30:43+00:00\",\"dateModified\":\"2025-04-07T20:43:29+00:00\",\"description\":\"HRC koblinger sikrer sikker og fleksibel kraftoverf\u00f8rsel. St\u00f8dd\u00e6mpende, failsafe design og nem installation. L\u00e6s mere hos Zero-Max A\\\/S!\",\"breadcrumb\":{\"@id\":\"https:\\\/\\\/zero-max.dk\\\/hrc-da\\\/#breadcrumb\"},\"inLanguage\":\"en-GB\",\"potentialAction\":[{\"@type\":\"ReadAction\",\"target\":[\"https:\\\/\\\/zero-max.dk\\\/hrc-da\\\/\"]}]},{\"@type\":\"BreadcrumbList\",\"@id\":\"https:\\\/\\\/zero-max.dk\\\/hrc-da\\\/#breadcrumb\",\"itemListElement\":[{\"@type\":\"ListItem\",\"position\":1,\"name\":\"Hjem\",\"item\":\"https:\\\/\\\/zero-max.dk\\\/\"},{\"@type\":\"ListItem\",\"position\":2,\"name\":\"HRC\"}]},{\"@type\":\"WebSite\",\"@id\":\"https:\\\/\\\/zero-max.dk\\\/#website\",\"url\":\"https:\\\/\\\/zero-max.dk\\\/\",\"name\":\"Zero-Max A\\\/S\",\"description\":\"\",\"potentialAction\":[{\"@type\":\"SearchAction\",\"target\":{\"@type\":\"EntryPoint\",\"urlTemplate\":\"https:\\\/\\\/zero-max.dk\\\/?s={search_term_string}\"},\"query-input\":{\"@type\":\"PropertyValueSpecification\",\"valueRequired\":true,\"valueName\":\"search_term_string\"}}],\"inLanguage\":\"en-GB\"}]}<\/script>\n<!-- \/ Yoast SEO plugin. -->","yoast_head_json":{"title":"HRC Couplings | Robust &amp; Flexible Power Transmission | Zero-Max A\/S","description":"HRC couplings ensure safe and flexible power transmission. Shock absorbing, failsafe design and easy installation. Read more at Zero-Max A\/S!","robots":{"index":"index","follow":"follow","max-snippet":"max-snippet:-1","max-image-preview":"max-image-preview:large","max-video-preview":"max-video-preview:-1"},"canonical":"https:\/\/zero-max.dk\/en\/hrc-da\/","og_locale":"en_GB","og_type":"article","og_title":"HRC Koblinger | Robust & Fleksibel Kraftoverf\u00f8rsel | Zero-Max A\/S","og_description":"HRC koblinger sikrer sikker og fleksibel kraftoverf\u00f8rsel. St\u00f8dd\u00e6mpende, failsafe design og nem installation. L\u00e6s mere hos Zero-Max A\/S!","og_url":"https:\/\/zero-max.dk\/en\/hrc-da\/","og_site_name":"Zero-Max A\/S","article_modified_time":"2025-04-07T20:43:29+00:00","twitter_card":"summary_large_image","twitter_misc":{"Estimated reading time":"2 minutes"},"schema":{"@context":"https:\/\/schema.org","@graph":[{"@type":"WebPage","@id":"https:\/\/zero-max.dk\/hrc-da\/","url":"https:\/\/zero-max.dk\/hrc-da\/","name":"HRC Couplings | Robust &amp; Flexible Power Transmission | Zero-Max A\/S","isPartOf":{"@id":"https:\/\/zero-max.dk\/#website"},"datePublished":"2019-01-02T16:30:43+00:00","dateModified":"2025-04-07T20:43:29+00:00","description":"HRC couplings ensure safe and flexible power transmission. Shock absorbing, failsafe design and easy installation. Read more at Zero-Max A\/S!","breadcrumb":{"@id":"https:\/\/zero-max.dk\/hrc-da\/#breadcrumb"},"inLanguage":"en-GB","potentialAction":[{"@type":"ReadAction","target":["https:\/\/zero-max.dk\/hrc-da\/"]}]},{"@type":"BreadcrumbList","@id":"https:\/\/zero-max.dk\/hrc-da\/#breadcrumb","itemListElement":[{"@type":"ListItem","position":1,"name":"Hjem","item":"https:\/\/zero-max.dk\/"},{"@type":"ListItem","position":2,"name":"HRC"}]},{"@type":"WebSite","@id":"https:\/\/zero-max.dk\/#website","url":"https:\/\/zero-max.dk\/","name":"Zero-Max A\/S","description":"","potentialAction":[{"@type":"SearchAction","target":{"@type":"EntryPoint","urlTemplate":"https:\/\/zero-max.dk\/?s={search_term_string}"},"query-input":{"@type":"PropertyValueSpecification","valueRequired":true,"valueName":"search_term_string"}}],"inLanguage":"en-GB"}]}},"_links":{"self":[{"href":"https:\/\/zero-max.dk\/en\/wp-json\/wp\/v2\/pages\/906","targetHints":{"allow":["GET"]}}],"collection":[{"href":"https:\/\/zero-max.dk\/en\/wp-json\/wp\/v2\/pages"}],"about":[{"href":"https:\/\/zero-max.dk\/en\/wp-json\/wp\/v2\/types\/page"}],"author":[{"embeddable":true,"href":"https:\/\/zero-max.dk\/en\/wp-json\/wp\/v2\/users\/7"}],"replies":[{"embeddable":true,"href":"https:\/\/zero-max.dk\/en\/wp-json\/wp\/v2\/comments?post=906"}],"version-history":[{"count":16,"href":"https:\/\/zero-max.dk\/en\/wp-json\/wp\/v2\/pages\/906\/revisions"}],"predecessor-version":[{"id":6308,"href":"https:\/\/zero-max.dk\/en\/wp-json\/wp\/v2\/pages\/906\/revisions\/6308"}],"wp:attachment":[{"href":"https:\/\/zero-max.dk\/en\/wp-json\/wp\/v2\/media?parent=906"}],"curies":[{"name":"wp","href":"https:\/\/api.w.org\/{rel}","templated":true}]}}