{"id":909,"date":"2019-01-02T17:31:38","date_gmt":"2019-01-02T16:31:38","guid":{"rendered":"https:\/\/zero-max.dk\/?page_id=909"},"modified":"2025-04-08T04:49:15","modified_gmt":"2025-04-08T02:49:15","slug":"industry-since","status":"publish","type":"page","link":"https:\/\/zero-max.dk\/en\/industry-da\/","title":{"rendered":"Industry"},"content":{"rendered":"<p>[et_pb_section fb_built=&#8221;1&#8243; _builder_version=&#8221;4.16&#8243; custom_padding=&#8221;20px||0px&#8221; border_width_bottom=&#8221;1px&#8221; border_color_bottom=&#8221;#eeeeee&#8221; global_colors_info=&#8221;{}&#8221;][et_pb_row _builder_version=&#8221;4.16&#8243; global_colors_info=&#8221;{}&#8221; column_structure=&#8221;1_3,1_3,1_3&#8243;][et_pb_column type=&#8221;1_3&#8243; _builder_version=&#8221;4.16&#8243; custom_padding=&#8221;|||&#8221; global_colors_info=&#8221;{}&#8221; custom_padding__hover=&#8221;|||&#8221;][et_pb_text _builder_version=&#8221;4.16&#8243; text_font=&#8221;Oswald||||||||&#8221; text_orientation=&#8221;center&#8221; custom_margin=&#8221;||10px&#8221; global_colors_info=&#8221;{}&#8221;]<\/p>\n<p><span style=\"font-size: 20px;\">Komposit diskkoblinger<\/span><\/p>\n<p>[\/et_pb_text][et_pb_image src=&#8221;https:\/\/zero-max.dk\/wp-content\/uploads\/2019\/01\/Industri1.jpg&#8221; align_tablet=&#8221;center&#8221; align_last_edited=&#8221;on|desktop&#8221; _builder_version=&#8221;4.16&#8243; max_width=&#8221;97%&#8221; custom_margin=&#8221;0px||0px&#8221; custom_padding=&#8221;0px||0px&#8221; global_colors_info=&#8221;{}&#8221; align_phone=&#8221;center&#8221;]<\/p>\n<p>[\/et_pb_image][et_pb_text _builder_version=&#8221;4.16&#8243; text_orientation=&#8221;center&#8221; custom_margin=&#8221;||&#8221; global_colors_info=&#8221;{}&#8221;]<\/p>\n<p>F\u00f8rende indenfor fremstilling af\u00a0<br \/>fleksible akselkoblinger<\/p>\n<p>[\/et_pb_text][\/et_pb_column][et_pb_column type=&#8221;1_3&#8243; _builder_version=&#8221;4.16&#8243; custom_padding=&#8221;|||&#8221; global_colors_info=&#8221;{}&#8221; custom_padding__hover=&#8221;|||&#8221;][et_pb_text _builder_version=&#8221;4.16&#8243; text_font=&#8221;Oswald||||||||&#8221; text_orientation=&#8221;center&#8221; custom_margin=&#8221;||0px&#8221; global_colors_info=&#8221;{}&#8221;]<\/p>\n<p><span style=\"font-size: 20px;\">Momentbegr\u00e6nsere<\/span><\/p>\n<p>[\/et_pb_text][et_pb_image src=&#8221;https:\/\/zero-max.dk\/wp-content\/uploads\/2019\/01\/Industri2.jpg&#8221; align_tablet=&#8221;center&#8221; align_last_edited=&#8221;on|desktop&#8221; _builder_version=&#8221;4.16&#8243; custom_margin=&#8221;0px||0px&#8221; custom_padding=&#8221;0px||0px&#8221; global_colors_info=&#8221;{}&#8221; align_phone=&#8221;center&#8221;]<\/p>\n<p>[\/et_pb_image][et_pb_text _builder_version=&#8221;4.16&#8243; text_orientation=&#8221;center&#8221; custom_margin=&#8221;||&#8221; global_colors_info=&#8221;{}&#8221;]<\/p>\n<p>Designet til at glide ved overbelastning, s\u00f8rger for sporadisk overbelastningsbeskyttelse<\/p>\n<p>[\/et_pb_text][\/et_pb_column][et_pb_column type=&#8221;1_3&#8243; _builder_version=&#8221;4.16&#8243; custom_padding=&#8221;|||&#8221; global_colors_info=&#8221;{}&#8221; custom_padding__hover=&#8221;|||&#8221;][et_pb_text _builder_version=&#8221;4.16&#8243; text_font=&#8221;Oswald||||||||&#8221; text_orientation=&#8221;center&#8221; custom_margin=&#8221;||10px&#8221; global_colors_info=&#8221;{}&#8221;]<\/p>\n<p><span style=\"font-size: 20px;\">Schmidt koblinger<\/span><\/p>\n<p>[\/et_pb_text][et_pb_image src=&#8221;https:\/\/zero-max.dk\/wp-content\/uploads\/2019\/01\/Industri3.jpg&#8221; align_tablet=&#8221;center&#8221; align_last_edited=&#8221;on|desktop&#8221; _builder_version=&#8221;4.16&#8243; max_width=&#8221;97%&#8221; custom_margin=&#8221;0px||0px&#8221; custom_padding=&#8221;0px||0px&#8221; global_colors_info=&#8221;{}&#8221; align_phone=&#8221;center&#8221;]<\/p>\n<p>[\/et_pb_image][et_pb_text _builder_version=&#8221;4.16&#8243; text_orientation=&#8221;center&#8221; custom_margin=&#8221;||&#8221; global_colors_info=&#8221;{}&#8221;]<\/p>\n<p>S\u00f8rger for den ypperste pr\u00e6cision indenfor parallelle forskydningsaksler<\/p>\n<p>[\/et_pb_text][\/et_pb_column][\/et_pb_row][\/et_pb_section][et_pb_section fb_built=&#8221;1&#8243; disabled_on=&#8221;on|off|off&#8221; _builder_version=&#8221;4.16&#8243; background_color=&#8221;#ffffff&#8221; custom_padding=&#8221;20px||20px&#8221; global_colors_info=&#8221;{}&#8221;][et_pb_row _builder_version=&#8221;4.16&#8243; global_colors_info=&#8221;{}&#8221; column_structure=&#8221;1_2,1_2&#8243;][et_pb_column type=&#8221;1_2&#8243; _builder_version=&#8221;4.16&#8243; custom_padding=&#8221;|||&#8221; global_colors_info=&#8221;{}&#8221; custom_padding__hover=&#8221;|||&#8221;][et_pb_image src=&#8221;https:\/\/zero-max.dk\/wp-content\/uploads\/2018\/12\/Appli_industrySmall.jpg&#8221; align=&#8221;center&#8221; align_tablet=&#8221;center&#8221; align_last_edited=&#8221;on|desktop&#8221; _builder_version=&#8221;4.16&#8243; custom_margin=&#8221;18px||&#8221; global_colors_info=&#8221;{}&#8221; align_phone=&#8221;center&#8221;]<\/p>\n<p>[\/et_pb_image][\/et_pb_column][et_pb_column type=&#8221;1_2&#8243; _builder_version=&#8221;4.16&#8243; custom_padding=&#8221;|||&#8221; global_colors_info=&#8221;{}&#8221; custom_padding__hover=&#8221;|||&#8221;][et_pb_text _builder_version=&#8221;4.16&#8243; header_3_text_color=&#8221;#003366&#8243; global_colors_info=&#8221;{}&#8221;]<\/p>\n<h1>Industriomr\u00e5der og applikationer<\/h1>\n<p>Hurtighed, pr\u00e6cision og p\u00e5lidelighed er afg\u00f8rende for alle applikationer.<br \/>Zero-Max s\u00f8rger for h\u00f8j kvalitet af bev\u00e6gelseskontrol-komponenter indenfor alle omtalte og kr\u00e6vende applikationer. <br \/>Ved at designe med disse komponenter, bliver maskinerne forbedret &#8211; det vil sikre, at systemet er mindre tilb\u00f8jeligt til at bryde sammen.<\/p>\n<p>Zero-Max tilbyder brugerdefinerede komponenter til de fleste industriomr\u00e5der og applikationer.<\/p>\n<p>Kontakt os for at h\u00f8re hvordan vi kan hj\u00e6lpe dig.\u00a0<\/p>\n<p>[\/et_pb_text][et_pb_button button_url=&#8221;https:\/\/zero-max.dk\/contact-da\/&#8221; button_text=&#8221;Kontakt os&#8221; _builder_version=&#8221;4.16&#8243; custom_button=&#8221;on&#8221; button_text_size=&#8221;19px&#8221; button_text_color=&#8221;#ffffff&#8221; button_bg_color=&#8221;#003366&#8243; button_border_width=&#8221;4px&#8221; button_border_color=&#8221;#003366&#8243; button_border_radius=&#8221;4px&#8221; global_colors_info=&#8221;{}&#8221;]<\/p>\n<p>[\/et_pb_button][\/et_pb_column][\/et_pb_row][\/et_pb_section][et_pb_section fb_built=&#8221;1&#8243; disabled_on=&#8221;on|on|on&#8221; _builder_version=&#8221;4.6.1&#8243; background_color=&#8221;#003366&#8243; custom_padding=&#8221;0px||0px&#8221; disabled=&#8221;on&#8221; global_module=&#8221;1044&#8243; global_colors_info=&#8221;{}&#8221;][et_pb_row column_structure=&#8221;1_3,1_3,1_3&#8243; _builder_version=&#8221;4.16&#8243; max_width=&#8221;1080px&#8221; global_colors_info=&#8221;{}&#8221;][et_pb_column type=&#8221;1_3&#8243; _builder_version=&#8221;4.16&#8243; custom_padding=&#8221;|||&#8221; global_colors_info=&#8221;{}&#8221; custom_padding__hover=&#8221;|||&#8221;][et_pb_text _builder_version=&#8221;4.16&#8243; header_2_text_align=&#8221;center&#8221; header_2_text_color=&#8221;#99ccff&#8221; header_2_font_size=&#8221;14px&#8221; custom_margin=&#8221;0px||0px&#8221; custom_padding=&#8221;0px||0px&#8221; global_colors_info=&#8221;{}&#8221;]<\/p>\n<h2>Zero Max<\/h2>\n<p>[\/et_pb_text][et_pb_text _builder_version=&#8221;4.16&#8243; text_font=&#8221;||||||||&#8221; header_font=&#8221;||||||||&#8221; background_image=&#8221;https:\/\/zero-max.dk\/wp-content\/uploads\/2018\/12\/Boxes.jpg&#8221; text_orientation=&#8221;center&#8221; custom_margin=&#8221;0px||0px&#8221; custom_padding=&#8221;10px|20px|26px|20px&#8221; border_width_all=&#8221;1px&#8221; border_color_all=&#8221;#ffffff&#8221; global_colors_info=&#8221;{}&#8221;]<\/p>\n<p>Our gobal perspektive makes it possible to provide our customer with quality products at competitive pricing to any location<\/p>\n<p>[\/et_pb_text][\/et_pb_column][et_pb_column type=&#8221;1_3&#8243; _builder_version=&#8221;4.16&#8243; custom_padding=&#8221;|||&#8221; global_colors_info=&#8221;{}&#8221; custom_padding__hover=&#8221;|||&#8221;][et_pb_text _builder_version=&#8221;4.16&#8243; header_2_text_align=&#8221;center&#8221; header_2_text_color=&#8221;#99ccff&#8221; header_2_font_size=&#8221;14px&#8221; custom_margin=&#8221;0px||0px&#8221; custom_padding=&#8221;0px||0px&#8221; global_colors_info=&#8221;{}&#8221;]<\/p>\n<h2>World-Leading Expert !<\/h2>\n<p>[\/et_pb_text][et_pb_text _builder_version=&#8221;4.16&#8243; text_font=&#8221;||||||||&#8221; header_font=&#8221;||||||||&#8221; background_image=&#8221;https:\/\/zero-max.dk\/wp-content\/uploads\/2018\/12\/Boxes.jpg&#8221; text_orientation=&#8221;center&#8221; custom_margin=&#8221;0px||0px&#8221; custom_padding=&#8221;10px|20px|25px|20px&#8221; border_width_all=&#8221;1px&#8221; border_color_all=&#8221;#ffffff&#8221; global_colors_info=&#8221;{}&#8221;]<\/p>\n<p>Zero-Max combines decades of industry leading experience with unparalleled expertise in motion control solutions<\/p>\n<p>[\/et_pb_text][\/et_pb_column][et_pb_column type=&#8221;1_3&#8243; _builder_version=&#8221;4.16&#8243; custom_padding=&#8221;|||&#8221; global_colors_info=&#8221;{}&#8221; custom_padding__hover=&#8221;|||&#8221;][et_pb_text _builder_version=&#8221;4.16&#8243; header_2_text_align=&#8221;center&#8221; header_2_text_color=&#8221;#99ccff&#8221; header_2_font_size=&#8221;14px&#8221; custom_margin=&#8221;0px||0px&#8221; custom_padding=&#8221;0px||0px&#8221; global_colors_info=&#8221;{}&#8221;]<\/p>\n<h2>Get in touch!<\/h2>\n<p>[\/et_pb_text][et_pb_text _builder_version=&#8221;4.16&#8243; text_font=&#8221;||||||||&#8221; header_font=&#8221;||||||||&#8221; background_image=&#8221;https:\/\/zero-max.dk\/wp-content\/uploads\/2018\/12\/Boxes.jpg&#8221; text_orientation=&#8221;center&#8221; custom_margin=&#8221;0px||0px&#8221; custom_padding=&#8221;10px|10px|10px|10px&#8221; border_width_all=&#8221;1px&#8221; border_color_all=&#8221;#ffffff&#8221; global_colors_info=&#8221;{}&#8221;]<\/p>\n<p>Zero-Max A\/S<br \/>Mail: ext@zero-max.dk <br \/>Haarup Tvaevej 1<br \/>DK &#8211; 8600 Silkeborg<\/p>\n<p>[\/et_pb_text][\/et_pb_column][\/et_pb_row][\/et_pb_section]<\/p>\n","protected":false},"excerpt":{"rendered":"<p>Komposit diskkoblinger F\u00f8rende indenfor fremstilling af\u00a0fleksible akselkoblinger Momentbegr\u00e6nsere Designet til at glide ved overbelastning, s\u00f8rger for sporadisk overbelastningsbeskyttelse Schmidt koblinger S\u00f8rger for den ypperste pr\u00e6cision indenfor parallelle forskydningsaksler Industriomr\u00e5der og applikationer Hurtighed, pr\u00e6cision og p\u00e5lidelighed er afg\u00f8rende for alle applikationer.Zero-Max s\u00f8rger for h\u00f8j kvalitet af bev\u00e6gelseskontrol-komponenter indenfor alle omtalte og kr\u00e6vende applikationer. Ved at designe [&hellip;]<\/p>\n","protected":false},"author":7,"featured_media":0,"parent":0,"menu_order":0,"comment_status":"closed","ping_status":"closed","template":"","meta":{"_et_pb_use_builder":"on","_et_pb_old_content":"","_et_gb_content_width":"","footnotes":""},"class_list":["post-909","page","type-page","status-publish","hentry"],"yoast_head":"<!-- This site is optimized with the Yoast SEO plugin v27.5 - https:\/\/yoast.com\/product\/yoast-seo-wordpress\/ -->\n<title>Komposit koblinger, momentbegr\u00e6nsere &amp; Schmidt koblinger | Zero-Max A\/S<\/title>\n<meta name=\"description\" content=\"Opdag f\u00f8rende l\u00f8sninger til bev\u00e6gelseskontrol hos Zero-Max: Komposit diskkoblinger, momentbegr\u00e6nsere og Schmidt koblinger \u2013 designet til maksimal pr\u00e6cision og p\u00e5lidelighed.\" \/>\n<meta name=\"robots\" content=\"index, follow, max-snippet:-1, max-image-preview:large, max-video-preview:-1\" \/>\n<link rel=\"canonical\" href=\"https:\/\/zero-max.dk\/en\/industry-since\/\" \/>\n<meta property=\"og:locale\" content=\"en_GB\" \/>\n<meta property=\"og:type\" content=\"article\" \/>\n<meta property=\"og:title\" content=\"Komposit koblinger, momentbegr\u00e6nsere &amp; Schmidt koblinger | Zero-Max A\/S\" \/>\n<meta property=\"og:description\" content=\"Opdag f\u00f8rende l\u00f8sninger til bev\u00e6gelseskontrol hos Zero-Max: Komposit diskkoblinger, momentbegr\u00e6nsere og Schmidt koblinger \u2013 designet til maksimal pr\u00e6cision og p\u00e5lidelighed.\" \/>\n<meta property=\"og:url\" content=\"https:\/\/zero-max.dk\/en\/industry-since\/\" \/>\n<meta property=\"og:site_name\" content=\"Zero-Max A\/S\" \/>\n<meta property=\"article:modified_time\" content=\"2025-04-08T02:49:15+00:00\" \/>\n<meta name=\"twitter:card\" content=\"summary_large_image\" \/>\n<meta name=\"twitter:label1\" content=\"Estimated reading time\" \/>\n\t<meta name=\"twitter:data1\" content=\"2 minutes\" \/>\n<script type=\"application\/ld+json\" class=\"yoast-schema-graph\">{\"@context\":\"https:\\\/\\\/schema.org\",\"@graph\":[{\"@type\":\"WebPage\",\"@id\":\"https:\\\/\\\/zero-max.dk\\\/industry-da\\\/\",\"url\":\"https:\\\/\\\/zero-max.dk\\\/industry-da\\\/\",\"name\":\"Komposit koblinger, momentbegr\u00e6nsere & Schmidt koblinger | Zero-Max A\\\/S\",\"isPartOf\":{\"@id\":\"https:\\\/\\\/zero-max.dk\\\/#website\"},\"datePublished\":\"2019-01-02T16:31:38+00:00\",\"dateModified\":\"2025-04-08T02:49:15+00:00\",\"description\":\"Opdag f\u00f8rende l\u00f8sninger til bev\u00e6gelseskontrol hos Zero-Max: Komposit diskkoblinger, momentbegr\u00e6nsere og Schmidt koblinger \u2013 designet til maksimal pr\u00e6cision og p\u00e5lidelighed.\",\"breadcrumb\":{\"@id\":\"https:\\\/\\\/zero-max.dk\\\/industry-da\\\/#breadcrumb\"},\"inLanguage\":\"en-GB\",\"potentialAction\":[{\"@type\":\"ReadAction\",\"target\":[\"https:\\\/\\\/zero-max.dk\\\/industry-da\\\/\"]}]},{\"@type\":\"BreadcrumbList\",\"@id\":\"https:\\\/\\\/zero-max.dk\\\/industry-da\\\/#breadcrumb\",\"itemListElement\":[{\"@type\":\"ListItem\",\"position\":1,\"name\":\"Hjem\",\"item\":\"https:\\\/\\\/zero-max.dk\\\/\"},{\"@type\":\"ListItem\",\"position\":2,\"name\":\"Industri\"}]},{\"@type\":\"WebSite\",\"@id\":\"https:\\\/\\\/zero-max.dk\\\/#website\",\"url\":\"https:\\\/\\\/zero-max.dk\\\/\",\"name\":\"Zero-Max A\\\/S\",\"description\":\"\",\"potentialAction\":[{\"@type\":\"SearchAction\",\"target\":{\"@type\":\"EntryPoint\",\"urlTemplate\":\"https:\\\/\\\/zero-max.dk\\\/?s={search_term_string}\"},\"query-input\":{\"@type\":\"PropertyValueSpecification\",\"valueRequired\":true,\"valueName\":\"search_term_string\"}}],\"inLanguage\":\"en-GB\"}]}<\/script>\n<!-- \/ Yoast SEO plugin. -->","yoast_head_json":{"title":"Composite couplings, torque limiters &amp; Schmidt couplings | Zero-Max A\/S","description":"Discover leading motion control solutions at Zero-Max: composite disc couplings, torque limiters and Schmidt couplings - designed for maximum precision and reliability.","robots":{"index":"index","follow":"follow","max-snippet":"max-snippet:-1","max-image-preview":"max-image-preview:large","max-video-preview":"max-video-preview:-1"},"canonical":"https:\/\/zero-max.dk\/en\/industry-since\/","og_locale":"en_GB","og_type":"article","og_title":"Komposit koblinger, momentbegr\u00e6nsere & Schmidt koblinger | Zero-Max A\/S","og_description":"Opdag f\u00f8rende l\u00f8sninger til bev\u00e6gelseskontrol hos Zero-Max: Komposit diskkoblinger, momentbegr\u00e6nsere og Schmidt koblinger \u2013 designet til maksimal pr\u00e6cision og p\u00e5lidelighed.","og_url":"https:\/\/zero-max.dk\/en\/industry-since\/","og_site_name":"Zero-Max A\/S","article_modified_time":"2025-04-08T02:49:15+00:00","twitter_card":"summary_large_image","twitter_misc":{"Estimated reading time":"2 minutes"},"schema":{"@context":"https:\/\/schema.org","@graph":[{"@type":"WebPage","@id":"https:\/\/zero-max.dk\/industry-da\/","url":"https:\/\/zero-max.dk\/industry-da\/","name":"Composite couplings, torque limiters &amp; Schmidt couplings | Zero-Max A\/S","isPartOf":{"@id":"https:\/\/zero-max.dk\/#website"},"datePublished":"2019-01-02T16:31:38+00:00","dateModified":"2025-04-08T02:49:15+00:00","description":"Discover leading motion control solutions at Zero-Max: composite disc couplings, torque limiters and Schmidt couplings - designed for maximum precision and reliability.","breadcrumb":{"@id":"https:\/\/zero-max.dk\/industry-da\/#breadcrumb"},"inLanguage":"en-GB","potentialAction":[{"@type":"ReadAction","target":["https:\/\/zero-max.dk\/industry-da\/"]}]},{"@type":"BreadcrumbList","@id":"https:\/\/zero-max.dk\/industry-da\/#breadcrumb","itemListElement":[{"@type":"ListItem","position":1,"name":"Hjem","item":"https:\/\/zero-max.dk\/"},{"@type":"ListItem","position":2,"name":"Industri"}]},{"@type":"WebSite","@id":"https:\/\/zero-max.dk\/#website","url":"https:\/\/zero-max.dk\/","name":"Zero-Max A\/S","description":"","potentialAction":[{"@type":"SearchAction","target":{"@type":"EntryPoint","urlTemplate":"https:\/\/zero-max.dk\/?s={search_term_string}"},"query-input":{"@type":"PropertyValueSpecification","valueRequired":true,"valueName":"search_term_string"}}],"inLanguage":"en-GB"}]}},"_links":{"self":[{"href":"https:\/\/zero-max.dk\/en\/wp-json\/wp\/v2\/pages\/909","targetHints":{"allow":["GET"]}}],"collection":[{"href":"https:\/\/zero-max.dk\/en\/wp-json\/wp\/v2\/pages"}],"about":[{"href":"https:\/\/zero-max.dk\/en\/wp-json\/wp\/v2\/types\/page"}],"author":[{"embeddable":true,"href":"https:\/\/zero-max.dk\/en\/wp-json\/wp\/v2\/users\/7"}],"replies":[{"embeddable":true,"href":"https:\/\/zero-max.dk\/en\/wp-json\/wp\/v2\/comments?post=909"}],"version-history":[{"count":17,"href":"https:\/\/zero-max.dk\/en\/wp-json\/wp\/v2\/pages\/909\/revisions"}],"predecessor-version":[{"id":6326,"href":"https:\/\/zero-max.dk\/en\/wp-json\/wp\/v2\/pages\/909\/revisions\/6326"}],"wp:attachment":[{"href":"https:\/\/zero-max.dk\/en\/wp-json\/wp\/v2\/media?parent=909"}],"curies":[{"name":"wp","href":"https:\/\/api.w.org\/{rel}","templated":true}]}}