{"id":922,"date":"2019-01-02T17:36:21","date_gmt":"2019-01-02T16:36:21","guid":{"rendered":"https:\/\/zero-max.dk\/?page_id=922"},"modified":"2025-12-18T09:49:06","modified_gmt":"2025-12-18T08:49:06","slug":"motion-control-solutions-for-cnc-machine-tools-da","status":"publish","type":"page","link":"https:\/\/zero-max.dk\/en\/motion-control-solutions-for-cnc-machine-tools-da\/","title":{"rendered":"Motion control solutions for CNC Machine Tools"},"content":{"rendered":"<p>[et_pb_section fb_built=&#8221;1&#8243; _builder_version=&#8221;4.21.0&#8243; custom_padding=&#8221;0px||20px&#8221; animation_style=&#8221;zoom&#8221; border_width_bottom=&#8221;1px&#8221; border_color_bottom=&#8221;#eee&#8221; locked=&#8221;off&#8221; global_colors_info=&#8221;{}&#8221;][et_pb_row column_structure=&#8221;1_3,1_3,1_3&#8243; _builder_version=&#8221;4.16&#8243; custom_padding=&#8221;0px||&#8221; global_colors_info=&#8221;{}&#8221;][et_pb_column type=&#8221;1_3&#8243; _builder_version=&#8221;4.16&#8243; custom_padding=&#8221;|||&#8221; global_colors_info=&#8221;{}&#8221; custom_padding__hover=&#8221;|||&#8221;][et_pb_image src=&#8221;https:\/\/zero-max.dk\/wp-content\/uploads\/2019\/01\/kv777-1.jpg&#8221; align_tablet=&#8221;center&#8221; align_phone=&#8221;&#8221; align_last_edited=&#8221;on|desktop&#8221; _builder_version=&#8221;4.16&#8243; custom_margin=&#8221;||0px&#8221; global_colors_info=&#8221;{}&#8221;]<br \/>\n[\/et_pb_image][et_pb_text _builder_version=&#8221;4.16&#8243; text_font=&#8221;Oswald||||||||&#8221; text_orientation=&#8221;center&#8221; custom_margin=&#8221;||0px&#8221; global_colors_info=&#8221;{}&#8221;]<\/p>\n<p><span style=\"font-size: 22px;\">ServoClass koblinger<\/span><\/p>\n<p>[\/et_pb_text][\/et_pb_column][et_pb_column type=&#8221;1_3&#8243; _builder_version=&#8221;4.16&#8243; custom_padding=&#8221;|||&#8221; global_colors_info=&#8221;{}&#8221; custom_padding__hover=&#8221;|||&#8221;][et_pb_image src=&#8221;https:\/\/zero-max.dk\/wp-content\/uploads\/2019\/01\/88-2.jpg&#8221; align_tablet=&#8221;center&#8221; align_phone=&#8221;&#8221; align_last_edited=&#8221;on|desktop&#8221; _builder_version=&#8221;4.16&#8243; custom_margin=&#8221;||0px&#8221; global_colors_info=&#8221;{}&#8221;]<br \/>\n[\/et_pb_image][et_pb_text _builder_version=&#8221;4.16&#8243; text_font=&#8221;Oswald||||||||&#8221; text_orientation=&#8221;center&#8221; custom_margin=&#8221;||0px&#8221; global_colors_info=&#8221;{}&#8221;]<\/p>\n<p><span style=\"font-size: 22px;\">Roh\u2019Lix<\/span><\/p>\n<p>[\/et_pb_text][\/et_pb_column][et_pb_column type=&#8221;1_3&#8243; _builder_version=&#8221;4.16&#8243; custom_padding=&#8221;|||&#8221; global_colors_info=&#8221;{}&#8221; custom_padding__hover=&#8221;|||&#8221;][et_pb_image src=&#8221;https:\/\/zero-max.dk\/wp-content\/uploads\/2019\/01\/99-1.jpg&#8221; align_tablet=&#8221;center&#8221; align_phone=&#8221;&#8221; align_last_edited=&#8221;on|desktop&#8221; _builder_version=&#8221;4.16&#8243; max_width=&#8221;97%&#8221; custom_margin=&#8221;||0px&#8221; global_colors_info=&#8221;{}&#8221;]<br \/>\n[\/et_pb_image][et_pb_text _builder_version=&#8221;4.16&#8243; text_font=&#8221;Oswald||||||||&#8221; text_orientation=&#8221;center&#8221; custom_margin=&#8221;||10px&#8221; global_colors_info=&#8221;{}&#8221;]<\/p>\n<p><span style=\"font-size: 22px;\">Justerbart hastighedsdrev<\/span><\/p>\n<p>[\/et_pb_text][\/et_pb_column][\/et_pb_row][\/et_pb_section][et_pb_section fb_built=&#8221;1&#8243; disabled_on=&#8221;on|off|off&#8221; _builder_version=&#8221;4.16&#8243; background_color=&#8221;#ffffff&#8221; custom_padding=&#8221;20px||20px&#8221; global_colors_info=&#8221;{}&#8221;][et_pb_row _builder_version=&#8221;4.16&#8243; global_colors_info=&#8221;{}&#8221;][et_pb_column type=&#8221;4_4&#8243; _builder_version=&#8221;4.16&#8243; custom_padding=&#8221;|||&#8221; global_colors_info=&#8221;{}&#8221; custom_padding__hover=&#8221;|||&#8221;][et_pb_text _builder_version=&#8221;4.27.4&#8243; link_font=&#8221;||||on||||&#8221; link_text_color=&#8221;#0c71c3&#8243; header_3_text_color=&#8221;#003366&#8243; hover_enabled=&#8221;0&#8243; global_colors_info=&#8221;{}&#8221; sticky_enabled=&#8221;0&#8243;]<\/p>\n<h1>INDUSTRI<\/h1>\n<h2><span class=\"textheading2 mobile-undersized-upper\">Anbefalinger<\/span><\/h2>\n<p>Overvej disse muligheder fra Zero-Max i designprocessen:<\/p>\n<p><a href=\"https:\/\/zero-max.dk\/komposit-diskkoblinger-seo\/\">CD koblinger<\/a> &#8211; Komposit diskkoblinger med en h\u00f8j ydeevne til brug i de h\u00e5rdeste omgivelser.<\/p>\n<p><a href=\"https:\/\/zero-max.dk\/servoclass-couplings-da\/\">ServoClass koblinger<\/a> \u2013 Komposit diskkoblinger med en h\u00f8j ydeevne til brug i de h\u00e5rdeste omgivelser.<\/p>\n<p><a href=\"https:\/\/zero-max.dk\/schmidt-couplings-da\/\">Schmidt koblinger<\/a> \u2013 Komposit diskkoblinger med en h\u00f8j ydeevne til brug i de h\u00e5rdeste omgivelser.<\/p>\n<p><a href=\"https:\/\/zero-max.dk\/crown-gear-right-angle-gearbox-da\/\">Crown geardrev<\/a> \u2013 h\u00f8jrevinklet gearkasse, der er ideel til at skifte akselpositionen p\u00e5 90\u00b0 fra inputretningen.<\/p>\n<p><a href=\"https:\/\/zero-max.dk\/overload-safety-device-da\/\">Momentbegr\u00e6nser\u00a0<\/a>\u2013\u00a0Overbelastning-sikkerhedskoblinger, der er modstandsdygtige mod modstand, mekanisk momentbegr\u00e6nser.<\/p>\n<p><a href=\"https:\/\/zero-max.dk\/linear-actuators-da\/\">Roh\u2019Lix <\/a>\u00a0&#8211; line\u00e6re aktuatorer der konverterer roterende bev\u00e6gelser om til pr\u00e6cise line\u00e6re bev\u00e6gelser.<\/p>\n<p><a class=\"textlink link2\" href=\" https:\/\/zero-max.dk\/adjustable-speed-drives-da\/\">Justerbare hastighedsdrev<\/a>\u00a0\u2013 perfekte til n\u00e5r mekaniske systemer kr\u00e6ver ubegr\u00e6nset variabel fartkontrol<\/p>\n<p>[\/et_pb_text][\/et_pb_column][\/et_pb_row][\/et_pb_section][et_pb_section fb_built=&#8221;1&#8243; _builder_version=&#8221;4.16&#8243; background_color=&#8221;#003366&#8243; global_colors_info=&#8221;{}&#8221;][et_pb_row _builder_version=&#8221;4.16&#8243; global_colors_info=&#8221;{}&#8221;][et_pb_column type=&#8221;4_4&#8243; _builder_version=&#8221;4.16&#8243; custom_padding=&#8221;|||&#8221; global_colors_info=&#8221;{}&#8221; custom_padding__hover=&#8221;|||&#8221;][et_pb_text _builder_version=&#8221;4.16&#8243; text_text_color=&#8221;#ffffff&#8221; header_2_text_color=&#8221;#ffffff&#8221; header_3_text_color=&#8221;#ffffff&#8221; global_colors_info=&#8221;{}&#8221;]<\/p>\n<h2><span class=\"textheading2 mobile-undersized-upper\">INDUSTRI<\/span><\/h2>\n<h3>L\u00f8sninger for CNC Maskinv\u00e6rkt\u00f8jer<\/h3>\n<p>Pr\u00e6cision og hurtighed er helt afg\u00f8rende for moderne CNC maskinv\u00e6rkt\u00f8jer. Mange af disse systemer er blevet udviklet til at kunne bruges uafbrudt hele d\u00f8gnet med driftssikre drevkomponenter. Zero-Max tilbyder en r\u00e6kke bev\u00e6gelseskomponenter, der er blevet testet i de mest kr\u00e6vende maskinapplikationer, heriblandt vandsk\u00e6rere, flerspindlede skruemaskiner, CNC maskincentre og en hel r\u00e6kke kundespecifikke maskinv\u00e6rkt\u00f8jer.<\/p>\n<p>Med et stigende brug af servomotorer i moderne maskinv\u00e6rkt\u00f8jer er Servoclass koblingers robuste design og egenskaber med h\u00f8j pr\u00e6cision, og Zero-Maxs CD koblinger er det fortrukne valg. Selvom der findes mange muligheder for at forbinde en servomotor med en kugleskrue, v\u00e6lger designere Zero-Maxs overbelastnings sikkerhedskoblingers for deres p\u00e5lidelighed og h\u00f8je ydeevne<\/p>\n<p>[\/et_pb_text][\/et_pb_column][\/et_pb_row][\/et_pb_section][et_pb_section fb_built=&#8221;1&#8243; _builder_version=&#8221;4.16&#8243; global_colors_info=&#8221;{}&#8221;][et_pb_row _builder_version=&#8221;4.16&#8243; custom_padding=&#8221;||0px&#8221; global_colors_info=&#8221;{}&#8221;][et_pb_column type=&#8221;4_4&#8243; _builder_version=&#8221;4.16&#8243; custom_padding=&#8221;|||&#8221; global_colors_info=&#8221;{}&#8221; custom_padding__hover=&#8221;|||&#8221;][et_pb_text _builder_version=&#8221;4.16&#8243; header_3_text_color=&#8221;#003366&#8243; global_colors_info=&#8221;{}&#8221;]<\/p>\n<h2><span class=\"textheading2 mobile-undersized-upper\">INDUSTRI<\/span><\/h2>\n<h3><span class=\"textheading2 mobile-undersized-upper\">Downloads<\/span><\/h3>\n<p>Download katalog:<\/p>\n<p>[\/et_pb_text][\/et_pb_column][\/et_pb_row][et_pb_row column_structure=&#8221;1_2,1_2&#8243; _builder_version=&#8221;4.16&#8243; locked=&#8221;off&#8221; global_colors_info=&#8221;{}&#8221;][et_pb_column type=&#8221;1_2&#8243; _builder_version=&#8221;4.16&#8243; custom_padding=&#8221;|||&#8221; global_colors_info=&#8221;{}&#8221; custom_padding__hover=&#8221;|||&#8221;][et_pb_text _builder_version=&#8221;4.16&#8243; link_font=&#8221;||||on||||&#8221; link_text_color=&#8221;#0c71c3&#8243; header_3_text_color=&#8221;#003366&#8243; global_colors_info=&#8221;{}&#8221;]<\/p>\n<ul>\n<li><a href=\"https:\/\/zero-max.dk\/wp-content\/uploads\/2019\/01\/ZM-CD-Couplings-brochure.pdf\" target=\"_blank\" rel=\"noopener noreferrer\">CD koblinger<\/a><\/li>\n<li><a href=\"https:\/\/zero-max.dk\/wp-content\/uploads\/2019\/01\/Zero-Max_ServoClass.pdf\" target=\"_blank\" rel=\"noopener noreferrer\">ServoClass koblinger<\/a><\/li>\n<li><a href=\"https:\/\/zero-max.dk\/wp-content\/uploads\/2019\/01\/Schmidt-Offset-Couplings.pdf\" target=\"_blank\" rel=\"noopener noreferrer\">Schmidt koblinger<\/a><\/li>\n<\/ul>\n<p>[\/et_pb_text][\/et_pb_column][et_pb_column type=&#8221;1_2&#8243; _builder_version=&#8221;4.16&#8243; custom_padding=&#8221;|||&#8221; global_colors_info=&#8221;{}&#8221; custom_padding__hover=&#8221;|||&#8221;][et_pb_text _builder_version=&#8221;4.16&#8243; link_font=&#8221;||||on||||&#8221; link_text_color=&#8221;#0c71c3&#8243; header_3_text_color=&#8221;#003366&#8243; global_colors_info=&#8221;{}&#8221;]<\/p>\n<ul>\n<li><a href=\"https:\/\/zero-max.dk\/wp-content\/uploads\/2019\/01\/ZM-Adjustable-Speed-Drives-brochure.pdf\" target=\"_blank\" rel=\"noopener noreferrer\">Justerbare hastighedsdrev<\/a><\/li>\n<li><a href=\"https:\/\/zero-max.dk\/wp-content\/uploads\/2019\/01\/ZM-Right-Angle-Crown-Gear-Drives-brochure.pdf\" target=\"_blank\" rel=\"noopener noreferrer\">Crown geardrev<\/a><\/li>\n<li><a href=\"https:\/\/zero-max.dk\/wp-content\/uploads\/2019\/01\/ZM-Rohlix-Linear-Actuators-brochure.pdf\" target=\"_blank\" rel=\"noopener noreferrer\">Roh\u2019Lix \u2013 line\u00e6re aktuatorer<\/a><\/li>\n<\/ul>\n<p>[\/et_pb_text][\/et_pb_column][\/et_pb_row][\/et_pb_section][et_pb_section fb_built=&#8221;1&#8243; disabled_on=&#8221;on|on|on&#8221; _builder_version=&#8221;4.6.1&#8243; background_color=&#8221;#003366&#8243; custom_padding=&#8221;0px||0px&#8221; disabled=&#8221;on&#8221; global_module=&#8221;1044&#8243; global_colors_info=&#8221;{}&#8221;][et_pb_row column_structure=&#8221;1_3,1_3,1_3&#8243; _builder_version=&#8221;4.16&#8243; max_width=&#8221;1080px&#8221; global_colors_info=&#8221;{}&#8221;][et_pb_column type=&#8221;1_3&#8243; _builder_version=&#8221;4.16&#8243; custom_padding=&#8221;|||&#8221; global_colors_info=&#8221;{}&#8221; custom_padding__hover=&#8221;|||&#8221;][et_pb_text _builder_version=&#8221;4.16&#8243; header_2_text_align=&#8221;center&#8221; header_2_text_color=&#8221;#99ccff&#8221; header_2_font_size=&#8221;14px&#8221; custom_margin=&#8221;0px||0px&#8221; custom_padding=&#8221;0px||0px&#8221; global_colors_info=&#8221;{}&#8221;]<\/p>\n<h2>Zero Max<\/h2>\n<p>[\/et_pb_text][et_pb_text _builder_version=&#8221;4.16&#8243; text_font=&#8221;||||||||&#8221; header_font=&#8221;||||||||&#8221; background_image=&#8221;https:\/\/zero-max.dk\/wp-content\/uploads\/2018\/12\/Boxes.jpg&#8221; text_orientation=&#8221;center&#8221; custom_margin=&#8221;0px||0px&#8221; custom_padding=&#8221;10px|20px|26px|20px&#8221; border_width_all=&#8221;1px&#8221; border_color_all=&#8221;#ffffff&#8221; global_colors_info=&#8221;{}&#8221;]<\/p>\n<p>Our gobal perspektive makes it possible to provide our customer with quality products at competitive pricing to any location<\/p>\n<p>[\/et_pb_text][\/et_pb_column][et_pb_column type=&#8221;1_3&#8243; _builder_version=&#8221;4.16&#8243; custom_padding=&#8221;|||&#8221; global_colors_info=&#8221;{}&#8221; custom_padding__hover=&#8221;|||&#8221;][et_pb_text _builder_version=&#8221;4.16&#8243; header_2_text_align=&#8221;center&#8221; header_2_text_color=&#8221;#99ccff&#8221; header_2_font_size=&#8221;14px&#8221; custom_margin=&#8221;0px||0px&#8221; custom_padding=&#8221;0px||0px&#8221; global_colors_info=&#8221;{}&#8221;]<\/p>\n<h2>World-Leading Expert !<\/h2>\n<p>[\/et_pb_text][et_pb_text _builder_version=&#8221;4.16&#8243; text_font=&#8221;||||||||&#8221; header_font=&#8221;||||||||&#8221; background_image=&#8221;https:\/\/zero-max.dk\/wp-content\/uploads\/2018\/12\/Boxes.jpg&#8221; text_orientation=&#8221;center&#8221; custom_margin=&#8221;0px||0px&#8221; custom_padding=&#8221;10px|20px|25px|20px&#8221; border_width_all=&#8221;1px&#8221; border_color_all=&#8221;#ffffff&#8221; global_colors_info=&#8221;{}&#8221;]<\/p>\n<p>Zero-Max combines decades of industry leading experience with unparalleled expertise in motion control solutions<\/p>\n<p>[\/et_pb_text][\/et_pb_column][et_pb_column type=&#8221;1_3&#8243; _builder_version=&#8221;4.16&#8243; custom_padding=&#8221;|||&#8221; global_colors_info=&#8221;{}&#8221; custom_padding__hover=&#8221;|||&#8221;][et_pb_text _builder_version=&#8221;4.16&#8243; header_2_text_align=&#8221;center&#8221; header_2_text_color=&#8221;#99ccff&#8221; header_2_font_size=&#8221;14px&#8221; custom_margin=&#8221;0px||0px&#8221; custom_padding=&#8221;0px||0px&#8221; global_colors_info=&#8221;{}&#8221;]<\/p>\n<h2>Get in touch!<\/h2>\n<p>[\/et_pb_text][et_pb_text _builder_version=&#8221;4.16&#8243; text_font=&#8221;||||||||&#8221; header_font=&#8221;||||||||&#8221; background_image=&#8221;https:\/\/zero-max.dk\/wp-content\/uploads\/2018\/12\/Boxes.jpg&#8221; text_orientation=&#8221;center&#8221; custom_margin=&#8221;0px||0px&#8221; custom_padding=&#8221;10px|10px|10px|10px&#8221; border_width_all=&#8221;1px&#8221; border_color_all=&#8221;#ffffff&#8221; global_colors_info=&#8221;{}&#8221;]<\/p>\n<p>Zero-Max A\/S<br \/>Mail: ext@zero-max.dk <br \/>Haarup Tvaevej 1<br \/>DK &#8211; 8600 Silkeborg<\/p>\n<p>[\/et_pb_text][\/et_pb_column][\/et_pb_row][\/et_pb_section]<\/p>\n","protected":false},"excerpt":{"rendered":"<p>ServoClass koblinger Roh\u2019Lix Justerbart hastighedsdrev INDUSTRI Anbefalinger Overvej disse muligheder fra Zero-Max i designprocessen: CD koblinger &#8211; Komposit diskkoblinger med en h\u00f8j ydeevne til brug i de h\u00e5rdeste omgivelser. ServoClass koblinger \u2013 Komposit diskkoblinger med en h\u00f8j ydeevne til brug i de h\u00e5rdeste omgivelser. Schmidt koblinger \u2013 Komposit diskkoblinger med en h\u00f8j ydeevne til brug [&hellip;]<\/p>\n","protected":false},"author":7,"featured_media":0,"parent":0,"menu_order":0,"comment_status":"closed","ping_status":"closed","template":"","meta":{"_et_pb_use_builder":"on","_et_pb_old_content":"","_et_gb_content_width":"","footnotes":""},"class_list":["post-922","page","type-page","status-publish","hentry"],"yoast_head":"<!-- This site is optimized with the Yoast SEO plugin v27.5 - https:\/\/yoast.com\/product\/yoast-seo-wordpress\/ -->\n<title>CNC Maskinv\u00e6rkt\u00f8j: Pr\u00e6cision &amp; driftssikre drevkomponenter | Zero-Max<\/title>\n<meta name=\"description\" content=\"F\u00e5 h\u00f8j ydeevne og p\u00e5lidelighed med Zero-Max koblinger, aktuatorer og momentbegr\u00e6nsere \u2013 ideelt til CNC maskincentre, skruemaskiner og vandsk\u00e6rere.\" \/>\n<meta name=\"robots\" content=\"index, follow, max-snippet:-1, max-image-preview:large, max-video-preview:-1\" \/>\n<link rel=\"canonical\" href=\"https:\/\/zero-max.dk\/en\/motion-control-solutions-for-cnc-machine-tools-da\/\" \/>\n<meta property=\"og:locale\" content=\"en_GB\" \/>\n<meta property=\"og:type\" content=\"article\" \/>\n<meta property=\"og:title\" content=\"CNC Maskinv\u00e6rkt\u00f8j: Pr\u00e6cision &amp; driftssikre drevkomponenter | Zero-Max\" \/>\n<meta property=\"og:description\" content=\"F\u00e5 h\u00f8j ydeevne og p\u00e5lidelighed med Zero-Max koblinger, aktuatorer og momentbegr\u00e6nsere \u2013 ideelt til CNC maskincentre, skruemaskiner og vandsk\u00e6rere.\" \/>\n<meta property=\"og:url\" content=\"https:\/\/zero-max.dk\/en\/motion-control-solutions-for-cnc-machine-tools-da\/\" \/>\n<meta property=\"og:site_name\" content=\"Zero-Max A\/S\" \/>\n<meta property=\"article:modified_time\" content=\"2025-12-18T08:49:06+00:00\" \/>\n<meta name=\"twitter:card\" content=\"summary_large_image\" \/>\n<meta name=\"twitter:label1\" content=\"Estimated reading time\" \/>\n\t<meta name=\"twitter:data1\" content=\"2 minutes\" \/>\n<script type=\"application\/ld+json\" class=\"yoast-schema-graph\">{\"@context\":\"https:\\\/\\\/schema.org\",\"@graph\":[{\"@type\":\"WebPage\",\"@id\":\"https:\\\/\\\/zero-max.dk\\\/motion-control-solutions-for-cnc-machine-tools-da\\\/\",\"url\":\"https:\\\/\\\/zero-max.dk\\\/motion-control-solutions-for-cnc-machine-tools-da\\\/\",\"name\":\"CNC Maskinv\u00e6rkt\u00f8j: Pr\u00e6cision & driftssikre drevkomponenter | Zero-Max\",\"isPartOf\":{\"@id\":\"https:\\\/\\\/zero-max.dk\\\/#website\"},\"datePublished\":\"2019-01-02T16:36:21+00:00\",\"dateModified\":\"2025-12-18T08:49:06+00:00\",\"description\":\"F\u00e5 h\u00f8j ydeevne og p\u00e5lidelighed med Zero-Max koblinger, aktuatorer og momentbegr\u00e6nsere \u2013 ideelt til CNC maskincentre, skruemaskiner og vandsk\u00e6rere.\",\"breadcrumb\":{\"@id\":\"https:\\\/\\\/zero-max.dk\\\/motion-control-solutions-for-cnc-machine-tools-da\\\/#breadcrumb\"},\"inLanguage\":\"en-GB\",\"potentialAction\":[{\"@type\":\"ReadAction\",\"target\":[\"https:\\\/\\\/zero-max.dk\\\/motion-control-solutions-for-cnc-machine-tools-da\\\/\"]}]},{\"@type\":\"BreadcrumbList\",\"@id\":\"https:\\\/\\\/zero-max.dk\\\/motion-control-solutions-for-cnc-machine-tools-da\\\/#breadcrumb\",\"itemListElement\":[{\"@type\":\"ListItem\",\"position\":1,\"name\":\"Hjem\",\"item\":\"https:\\\/\\\/zero-max.dk\\\/\"},{\"@type\":\"ListItem\",\"position\":2,\"name\":\"Bev\u00e6gelseskontroll\u00f8sninger til CNC-maskinv\u00e6rkt\u00f8jer\"}]},{\"@type\":\"WebSite\",\"@id\":\"https:\\\/\\\/zero-max.dk\\\/#website\",\"url\":\"https:\\\/\\\/zero-max.dk\\\/\",\"name\":\"Zero-Max A\\\/S\",\"description\":\"\",\"potentialAction\":[{\"@type\":\"SearchAction\",\"target\":{\"@type\":\"EntryPoint\",\"urlTemplate\":\"https:\\\/\\\/zero-max.dk\\\/?s={search_term_string}\"},\"query-input\":{\"@type\":\"PropertyValueSpecification\",\"valueRequired\":true,\"valueName\":\"search_term_string\"}}],\"inLanguage\":\"en-GB\"}]}<\/script>\n<!-- \/ Yoast SEO plugin. -->","yoast_head_json":{"title":"CNC Machine Tools: Precision &amp; Reliable Drive Components | Zero-Max","description":"Get high performance and reliability with Zero-Max couplings, actuators and torque limiters - ideal for CNC machine centres, screw machines and waterjet cutters.","robots":{"index":"index","follow":"follow","max-snippet":"max-snippet:-1","max-image-preview":"max-image-preview:large","max-video-preview":"max-video-preview:-1"},"canonical":"https:\/\/zero-max.dk\/en\/motion-control-solutions-for-cnc-machine-tools-da\/","og_locale":"en_GB","og_type":"article","og_title":"CNC Maskinv\u00e6rkt\u00f8j: Pr\u00e6cision & driftssikre drevkomponenter | Zero-Max","og_description":"F\u00e5 h\u00f8j ydeevne og p\u00e5lidelighed med Zero-Max koblinger, aktuatorer og momentbegr\u00e6nsere \u2013 ideelt til CNC maskincentre, skruemaskiner og vandsk\u00e6rere.","og_url":"https:\/\/zero-max.dk\/en\/motion-control-solutions-for-cnc-machine-tools-da\/","og_site_name":"Zero-Max A\/S","article_modified_time":"2025-12-18T08:49:06+00:00","twitter_card":"summary_large_image","twitter_misc":{"Estimated reading time":"2 minutes"},"schema":{"@context":"https:\/\/schema.org","@graph":[{"@type":"WebPage","@id":"https:\/\/zero-max.dk\/motion-control-solutions-for-cnc-machine-tools-da\/","url":"https:\/\/zero-max.dk\/motion-control-solutions-for-cnc-machine-tools-da\/","name":"CNC Machine Tools: Precision &amp; Reliable Drive Components | Zero-Max","isPartOf":{"@id":"https:\/\/zero-max.dk\/#website"},"datePublished":"2019-01-02T16:36:21+00:00","dateModified":"2025-12-18T08:49:06+00:00","description":"Get high performance and reliability with Zero-Max couplings, actuators and torque limiters - ideal for CNC machine centres, screw machines and waterjet cutters.","breadcrumb":{"@id":"https:\/\/zero-max.dk\/motion-control-solutions-for-cnc-machine-tools-da\/#breadcrumb"},"inLanguage":"en-GB","potentialAction":[{"@type":"ReadAction","target":["https:\/\/zero-max.dk\/motion-control-solutions-for-cnc-machine-tools-da\/"]}]},{"@type":"BreadcrumbList","@id":"https:\/\/zero-max.dk\/motion-control-solutions-for-cnc-machine-tools-da\/#breadcrumb","itemListElement":[{"@type":"ListItem","position":1,"name":"Hjem","item":"https:\/\/zero-max.dk\/"},{"@type":"ListItem","position":2,"name":"Bev\u00e6gelseskontroll\u00f8sninger til CNC-maskinv\u00e6rkt\u00f8jer"}]},{"@type":"WebSite","@id":"https:\/\/zero-max.dk\/#website","url":"https:\/\/zero-max.dk\/","name":"Zero-Max A\/S","description":"","potentialAction":[{"@type":"SearchAction","target":{"@type":"EntryPoint","urlTemplate":"https:\/\/zero-max.dk\/?s={search_term_string}"},"query-input":{"@type":"PropertyValueSpecification","valueRequired":true,"valueName":"search_term_string"}}],"inLanguage":"en-GB"}]}},"_links":{"self":[{"href":"https:\/\/zero-max.dk\/en\/wp-json\/wp\/v2\/pages\/922","targetHints":{"allow":["GET"]}}],"collection":[{"href":"https:\/\/zero-max.dk\/en\/wp-json\/wp\/v2\/pages"}],"about":[{"href":"https:\/\/zero-max.dk\/en\/wp-json\/wp\/v2\/types\/page"}],"author":[{"embeddable":true,"href":"https:\/\/zero-max.dk\/en\/wp-json\/wp\/v2\/users\/7"}],"replies":[{"embeddable":true,"href":"https:\/\/zero-max.dk\/en\/wp-json\/wp\/v2\/comments?post=922"}],"version-history":[{"count":16,"href":"https:\/\/zero-max.dk\/en\/wp-json\/wp\/v2\/pages\/922\/revisions"}],"predecessor-version":[{"id":6435,"href":"https:\/\/zero-max.dk\/en\/wp-json\/wp\/v2\/pages\/922\/revisions\/6435"}],"wp:attachment":[{"href":"https:\/\/zero-max.dk\/en\/wp-json\/wp\/v2\/media?parent=922"}],"curies":[{"name":"wp","href":"https:\/\/api.w.org\/{rel}","templated":true}]}}