{"id":931,"date":"2019-01-02T17:39:05","date_gmt":"2019-01-02T16:39:05","guid":{"rendered":"https:\/\/zero-max.dk\/?page_id=931"},"modified":"2025-12-18T09:34:25","modified_gmt":"2025-12-18T08:34:25","slug":"overload-safety-device-da","status":"publish","type":"page","link":"https:\/\/zero-max.dk\/en\/overload-safety-device-da\/","title":{"rendered":"Overload protection - EN"},"content":{"rendered":"<p>[et_pb_section fb_built=&#8221;1&#8243; _builder_version=&#8221;4.21.0&#8243; background_image=&#8221;https:\/\/zero-max.dk\/wp-content\/uploads\/2018\/12\/Overloadsafety_Tops.jpg&#8221; animation_style=&#8221;zoom&#8221; custom_css_main_element=&#8221;height:450px;&#8221; locked=&#8221;off&#8221; global_colors_info=&#8221;{}&#8221;][et_pb_row custom_padding_last_edited=&#8221;on|tablet&#8221; _builder_version=&#8221;4.21.0&#8243; width_tablet=&#8221;100%&#8221; width_phone=&#8221;100%&#8221; width_last_edited=&#8221;on|tablet&#8221; custom_margin=&#8221;21%||||false|false&#8221; custom_margin_tablet=&#8221;-2%|||0px|false|false&#8221; custom_margin_phone=&#8221;-9%||||false|false&#8221; custom_margin_last_edited=&#8221;on|tablet&#8221; custom_padding=&#8221;0px||0px&#8221; custom_padding_tablet=&#8221;|||0px|false|false&#8221; custom_padding_phone=&#8221;|||0px|false|false&#8221; global_colors_info=&#8221;{}&#8221;][et_pb_column type=&#8221;4_4&#8243; _builder_version=&#8221;4.16&#8243; custom_padding=&#8221;|||&#8221; global_colors_info=&#8221;{}&#8221; custom_padding__hover=&#8221;|||&#8221;][et_pb_text _builder_version=&#8221;4.21.0&#8243; text_font=&#8221;Oswald||||||||&#8221; text_text_color=&#8221;#013366&#8243; text_font_size=&#8221;26px&#8221; text_letter_spacing=&#8221;4px&#8221; text_line_height=&#8221;1.1em&#8221; text_orientation=&#8221;center&#8221; text_line_height_last_edited=&#8221;off|tablet&#8221; text_orientation_tablet=&#8221;center&#8221; text_orientation_phone=&#8221;center&#8221; text_orientation_last_edited=&#8221;on|tablet&#8221; global_colors_info=&#8221;{}&#8221;]<\/p>\n<p>Designet til at operere under en lang r\u00e6kke forskellige forhold.<\/p>\n<p>[\/et_pb_text][\/et_pb_column][\/et_pb_row][\/et_pb_section][et_pb_section fb_built=&#8221;1&#8243; disabled_on=&#8221;on|off|off&#8221; _builder_version=&#8221;4.16&#8243; background_color=&#8221;#ffffff&#8221; custom_padding=&#8221;20px||20px&#8221; global_colors_info=&#8221;{}&#8221;][et_pb_row column_structure=&#8221;1_2,1_2&#8243; _builder_version=&#8221;4.16&#8243; global_colors_info=&#8221;{}&#8221;][et_pb_column type=&#8221;1_2&#8243; _builder_version=&#8221;4.16&#8243; custom_padding=&#8221;|||&#8221; global_colors_info=&#8221;{}&#8221; custom_padding__hover=&#8221;|||&#8221;][et_pb_image src=&#8221;https:\/\/zero-max.dk\/wp-content\/uploads\/2018\/12\/Torque.jpg&#8221; align=&#8221;center&#8221; align_tablet=&#8221;center&#8221; align_phone=&#8221;center&#8221; align_last_edited=&#8221;on|desktop&#8221; _builder_version=&#8221;4.16&#8243; global_colors_info=&#8221;{}&#8221;]<br \/>\n[\/et_pb_image][\/et_pb_column][et_pb_column type=&#8221;1_2&#8243; _builder_version=&#8221;4.16&#8243; custom_padding=&#8221;|||&#8221; global_colors_info=&#8221;{}&#8221; custom_padding__hover=&#8221;|||&#8221;][et_pb_text _builder_version=&#8221;4.16&#8243; header_3_text_color=&#8221;#003366&#8243; global_colors_info=&#8221;{}&#8221;]<\/p>\n<h1>GENNEMTESTET TEKNOLOGI<\/h1>\n<h2><span class=\"textheading2 mobile-undersized-upper\">Overbelastningsbeskyttelse<\/span><\/h2>\n<p>Zero-Maxs Torq-Tender overbelastningssikkerhedsenheder inkorporerer momentbegr\u00e6nsere til p\u00e5lidelig overbelastningsbeskyttelse. N\u00e5r der sker stop eller ekstremt store belastninger, vil den indbyggede momentbegr\u00e6nser p\u00e5lideligt og hurtigt blive frigivet for at forhindre skader p\u00e5 systemet.<\/p>\n<p>Torq-Tender momentbegr\u00e6nseren er umulig at \u00e6ndre p\u00e5. N\u00e5r den f\u00f8rst er installeret, kan momentv\u00e6rdien ikke \u00e6ndres. Denne egenskab sikrer det maskinerede designs integritet og giver dyre og potentielt risikable kalibreringsprocedurer un\u00f8dvendige. Momentv\u00e6rdien kontrolleres af partnummeret der bestilles; denne v\u00e6rdi afg\u00f8r hvilken kilde\/fjeder der bruges under samlingen af momentbegr\u00e6nseren.<\/p>\n<p>[\/et_pb_text][et_pb_button button_url=&#8221;https:\/\/zero-max.dk\/wp-content\/uploads\/2025\/12\/Zero-Max-Overload-Safety-Couplings-A4.pdf&#8221; url_new_window=&#8221;on&#8221; button_text=&#8221;DOWNLOAD Katalog &#8211; Overload Safety Device&#8221; _builder_version=&#8221;4.27.4&#8243; custom_button=&#8221;on&#8221; button_text_color=&#8221;#ffffff&#8221; button_bg_color=&#8221;#003366&#8243; button_border_width=&#8221;4px&#8221; button_border_color=&#8221;#003366&#8243; button_border_radius=&#8221;4px&#8221; hover_enabled=&#8221;0&#8243; global_colors_info=&#8221;{}&#8221; sticky_enabled=&#8221;0&#8243;]<br \/>\n[\/et_pb_button][\/et_pb_column][\/et_pb_row][et_pb_row _builder_version=&#8221;4.16&#8243; custom_padding=&#8221;||0px&#8221; global_colors_info=&#8221;{}&#8221;][et_pb_column type=&#8221;4_4&#8243; _builder_version=&#8221;4.16&#8243; custom_padding=&#8221;|||&#8221; global_colors_info=&#8221;{}&#8221; custom_padding__hover=&#8221;|||&#8221;][et_pb_divider divider_style=&#8221;ridge&#8221; _builder_version=&#8221;4.16&#8243; global_colors_info=&#8221;{}&#8221;]<br \/>\n[\/et_pb_divider][\/et_pb_column][\/et_pb_row][\/et_pb_section][et_pb_section fb_built=&#8221;1&#8243; _builder_version=&#8221;4.16&#8243; custom_margin=&#8221;||&#8221; custom_padding=&#8221;0px||&#8221; global_colors_info=&#8221;{}&#8221;][et_pb_row column_structure=&#8221;1_2,1_2&#8243; _builder_version=&#8221;4.16&#8243; global_colors_info=&#8221;{}&#8221;][et_pb_column type=&#8221;1_2&#8243; _builder_version=&#8221;4.16&#8243; custom_padding=&#8221;|||&#8221; global_colors_info=&#8221;{}&#8221; custom_padding__hover=&#8221;|||&#8221;][et_pb_text _builder_version=&#8221;4.27.4&#8243; header_3_text_color=&#8221;#003366&#8243; global_colors_info=&#8221;{}&#8221;]<\/p>\n<h2><span class=\"textheading2 mobile-undersized-upper\">FORDELE OG EGENSKABER<\/span><\/h2>\n<h2><span class=\"textheading2 mobile-undersized-upper\">Overbeslastningsbeskyttelse<\/span><\/h2>\n<ul>\n<li>Momentv\u00e6rdier kan skiftes i marken, men momentbegr\u00e6nsere skal dog fjernes, og fjedren skal erstattes for at opn\u00e5 den nye momentv\u00e6rdi.<\/li>\n<li>Standard momentbegr\u00e6nsere er tovejs. Momentv\u00e6rdien forbliver den samme p\u00e5 trods af rotation. Hvis den specificeres, kan momentbegr\u00e6nseren gendannes til fabriksindstillinger for at afgive forskellige momentvurderinger for forskellige roterende retninger.<\/li>\n<li>N\u00e5r den bruges som kobling, opfylder momentbegr\u00e6nseren 2 funktioner: 1) En fleksibel drivakselkobling; 2) en mekanisk momentbegr\u00e6nser.<\/li>\n<li>I aksel-til-aksel konfigurationer kan momentbegr\u00e6nseren hj\u00e6lpe med vinkelopretningsfejl p\u00e5 op til 1.5\u00b0 og parallelle opretningsfejl fra 0.005\u201d til 0.015\u201d.<\/li>\n<li>Mekaniske momenters design g\u00f8r den velegnet til at bruges i en bred r\u00e6kke af industrielle milj\u00f8er. Specialdesign og materialer kan bruges til at modst\u00e5 selv de h\u00e5rdeste betingelser.<\/li>\n<li>Alle Zero-Maxs momentbegr\u00e6nsere er lavet af varmebehandlet st\u00e5l for at f\u00e5 en meget lang levetid.<\/li>\n<\/ul>\n<p>[\/et_pb_text][\/et_pb_column][et_pb_column type=&#8221;1_2&#8243; _builder_version=&#8221;4.16&#8243; custom_padding=&#8221;|||&#8221; global_colors_info=&#8221;{}&#8221; custom_padding__hover=&#8221;|||&#8221;][et_pb_gallery gallery_ids=&#8221;288,287,286,285,294,291&#8243; posts_number=&#8221;6&#8243; orientation=&#8221;portrait&#8221; zoom_icon_color=&#8221;rgba(0,0,0,0)&#8221; hover_overlay_color=&#8221;rgba(0,0,0,0)&#8221; _builder_version=&#8221;4.16&#8243; title_text_color=&#8221;#000000&#8243; title_font_size=&#8221;1px&#8221; caption_text_color=&#8221;#000000&#8243; max_width=&#8221;45%&#8221; module_alignment=&#8221;center&#8221; custom_margin=&#8221;||&#8221; custom_padding=&#8221;||&#8221; global_colors_info=&#8221;{}&#8221;]<br \/>\n[\/et_pb_gallery][\/et_pb_column][\/et_pb_row][\/et_pb_section][et_pb_section fb_built=&#8221;1&#8243; disabled_on=&#8221;on|on|on&#8221; _builder_version=&#8221;4.21.0&#8243; background_color=&#8221;#003366&#8243; custom_padding=&#8221;0px||0px&#8221; disabled=&#8221;on&#8221; global_module=&#8221;1102&#8243; saved_tabs=&#8221;all&#8221; global_colors_info=&#8221;{}&#8221;][et_pb_row column_structure=&#8221;1_3,1_3,1_3&#8243; _builder_version=&#8221;4.16&#8243; global_colors_info=&#8221;{}&#8221;][et_pb_column type=&#8221;1_3&#8243; _builder_version=&#8221;4.16&#8243; custom_padding=&#8221;|||&#8221; global_colors_info=&#8221;{}&#8221; custom_padding__hover=&#8221;|||&#8221;][et_pb_text admin_label=&#8221;Tekst&#8221; _builder_version=&#8221;4.16&#8243; header_2_text_align=&#8221;center&#8221; header_2_text_color=&#8221;#99ccff&#8221; header_2_font_size=&#8221;14px&#8221; custom_margin=&#8221;0px||0px&#8221; custom_padding=&#8221;0px||0px&#8221; global_colors_info=&#8221;{}&#8221;]<\/p>\n<h2>Zero Max &#8211; Industri<\/h2>\n<p>[\/et_pb_text][et_pb_text _builder_version=&#8221;4.16&#8243; background_image=&#8221;https:\/\/zero-max.dk\/wp-content\/uploads\/2018\/12\/Boxes.jpg&#8221; text_orientation=&#8221;center&#8221; custom_margin=&#8221;0px||0px&#8221; custom_padding=&#8221;10px|20px|26px|20px&#8221; border_width_all=&#8221;1px&#8221; border_color_all=&#8221;#ffffff&#8221; global_colors_info=&#8221;{}&#8221;]<\/p>\n<p>Hurtighed, pr\u00e6cision og driftssikkerhed? Overvej en l\u00f8sning fra Zero-Max<\/p>\n<p>[\/et_pb_text][\/et_pb_column][et_pb_column type=&#8221;1_3&#8243; _builder_version=&#8221;4.16&#8243; custom_padding=&#8221;|||&#8221; global_colors_info=&#8221;{}&#8221; custom_padding__hover=&#8221;|||&#8221;][et_pb_text _builder_version=&#8221;4.16&#8243; header_2_text_align=&#8221;center&#8221; header_2_text_color=&#8221;#99ccff&#8221; header_2_font_size=&#8221;14px&#8221; custom_margin=&#8221;0px||0px&#8221; custom_padding=&#8221;0px||0px&#8221; global_colors_info=&#8221;{}&#8221;]<\/p>\n<h2>Zero Max \u2013 Landbrug<\/h2>\n<p>[\/et_pb_text][et_pb_text _builder_version=&#8221;4.16&#8243; background_image=&#8221;https:\/\/zero-max.dk\/wp-content\/uploads\/2018\/12\/Boxes.jpg&#8221; text_orientation=&#8221;center&#8221; custom_margin=&#8221;0px||0px&#8221; custom_padding=&#8221;10px|20px|25px|20px&#8221; border_width_all=&#8221;1px&#8221; border_color_all=&#8221;#ffffff&#8221; global_colors_info=&#8221;{}&#8221;]<\/p>\n<p>St\u00f8rre, tungere, hurtigere? Driftssikker?<br \/>Kundespecifikt designet hos Zero-Max!<\/p>\n<p>[\/et_pb_text][\/et_pb_column][et_pb_column type=&#8221;1_3&#8243; _builder_version=&#8221;4.16&#8243; custom_padding=&#8221;|||&#8221; global_colors_info=&#8221;{}&#8221; custom_padding__hover=&#8221;|||&#8221;][et_pb_text _builder_version=&#8221;4.16&#8243; header_2_text_align=&#8221;center&#8221; header_2_text_color=&#8221;#99ccff&#8221; header_2_font_size=&#8221;14px&#8221; custom_margin=&#8221;0px||0px&#8221; custom_padding=&#8221;0px||0px&#8221; global_colors_info=&#8221;{}&#8221;]<\/p>\n<h2>Zero Max \u2013 Energi<\/h2>\n<p>[\/et_pb_text][et_pb_text admin_label=&#8221;Text&#8221; _builder_version=&#8221;4.16&#8243; background_image=&#8221;https:\/\/zero-max.dk\/wp-content\/uploads\/2018\/12\/Boxes.jpg&#8221; text_orientation=&#8221;center&#8221; custom_margin=&#8221;0px||0px&#8221; custom_padding=&#8221;10px|10px|10px|10px&#8221; border_width_all=&#8221;1px&#8221; border_color_all=&#8221;#ffffff&#8221; global_colors_info=&#8221;{}&#8221;]<\/p>\n<p>St\u00e6rk ydeevne i ekstrem vind? <br \/>Skiftende klimabetingelserne?<br \/>Zero-Max skaber l\u00f8sningen for dig!<\/p>\n<p>[\/et_pb_text][\/et_pb_column][\/et_pb_row][\/et_pb_section]<\/p>\n","protected":false},"excerpt":{"rendered":"<p>Designet til at operere under en lang r\u00e6kke forskellige forhold. GENNEMTESTET TEKNOLOGI Overbelastningsbeskyttelse Zero-Maxs Torq-Tender overbelastningssikkerhedsenheder inkorporerer momentbegr\u00e6nsere til p\u00e5lidelig overbelastningsbeskyttelse. N\u00e5r der sker stop eller ekstremt store belastninger, vil den indbyggede momentbegr\u00e6nser p\u00e5lideligt og hurtigt blive frigivet for at forhindre skader p\u00e5 systemet. Torq-Tender momentbegr\u00e6nseren er umulig at \u00e6ndre p\u00e5. N\u00e5r den f\u00f8rst er [&hellip;]<\/p>\n","protected":false},"author":7,"featured_media":0,"parent":0,"menu_order":0,"comment_status":"closed","ping_status":"closed","template":"","meta":{"_et_pb_use_builder":"on","_et_pb_old_content":"","_et_gb_content_width":"","footnotes":""},"class_list":["post-931","page","type-page","status-publish","hentry"],"yoast_head":"<!-- This site is optimized with the Yoast SEO plugin v27.5 - https:\/\/yoast.com\/product\/yoast-seo-wordpress\/ -->\n<title>Overbelastningsbeskyttelse med Torq-Tender\u00ae | Zero-Max A\/S<\/title>\n<meta name=\"description\" content=\"Zero-Max momentbegr\u00e6nsere sikrer p\u00e5lidelig overbelastningsbeskyttelse i industrielle systemer. Fast moment, tovejssikring og h\u00f8j driftssikkerhed \u2013 ideel til kr\u00e6vende milj\u00f8er.\" \/>\n<meta name=\"robots\" content=\"index, follow, max-snippet:-1, max-image-preview:large, max-video-preview:-1\" \/>\n<link rel=\"canonical\" href=\"https:\/\/zero-max.dk\/en\/overload-safety-device-da\/\" \/>\n<meta property=\"og:locale\" content=\"en_GB\" \/>\n<meta property=\"og:type\" content=\"article\" \/>\n<meta property=\"og:title\" content=\"Overbelastningsbeskyttelse med Torq-Tender\u00ae | Zero-Max A\/S\" \/>\n<meta property=\"og:description\" content=\"Zero-Max momentbegr\u00e6nsere sikrer p\u00e5lidelig overbelastningsbeskyttelse i industrielle systemer. Fast moment, tovejssikring og h\u00f8j driftssikkerhed \u2013 ideel til kr\u00e6vende milj\u00f8er.\" \/>\n<meta property=\"og:url\" content=\"https:\/\/zero-max.dk\/en\/overload-safety-device-da\/\" \/>\n<meta property=\"og:site_name\" content=\"Zero-Max A\/S\" \/>\n<meta property=\"article:modified_time\" content=\"2025-12-18T08:34:25+00:00\" \/>\n<meta name=\"twitter:card\" content=\"summary_large_image\" \/>\n<meta name=\"twitter:label1\" content=\"Estimated reading time\" \/>\n\t<meta name=\"twitter:data1\" content=\"3 minutes\" \/>\n<script type=\"application\/ld+json\" class=\"yoast-schema-graph\">{\"@context\":\"https:\\\/\\\/schema.org\",\"@graph\":[{\"@type\":\"WebPage\",\"@id\":\"https:\\\/\\\/zero-max.dk\\\/overload-safety-device-da\\\/\",\"url\":\"https:\\\/\\\/zero-max.dk\\\/overload-safety-device-da\\\/\",\"name\":\"Overbelastningsbeskyttelse med Torq-Tender\u00ae | Zero-Max A\\\/S\",\"isPartOf\":{\"@id\":\"https:\\\/\\\/zero-max.dk\\\/#website\"},\"datePublished\":\"2019-01-02T16:39:05+00:00\",\"dateModified\":\"2025-12-18T08:34:25+00:00\",\"description\":\"Zero-Max momentbegr\u00e6nsere sikrer p\u00e5lidelig overbelastningsbeskyttelse i industrielle systemer. Fast moment, tovejssikring og h\u00f8j driftssikkerhed \u2013 ideel til kr\u00e6vende milj\u00f8er.\",\"breadcrumb\":{\"@id\":\"https:\\\/\\\/zero-max.dk\\\/overload-safety-device-da\\\/#breadcrumb\"},\"inLanguage\":\"en-GB\",\"potentialAction\":[{\"@type\":\"ReadAction\",\"target\":[\"https:\\\/\\\/zero-max.dk\\\/overload-safety-device-da\\\/\"]}]},{\"@type\":\"BreadcrumbList\",\"@id\":\"https:\\\/\\\/zero-max.dk\\\/overload-safety-device-da\\\/#breadcrumb\",\"itemListElement\":[{\"@type\":\"ListItem\",\"position\":1,\"name\":\"Hjem\",\"item\":\"https:\\\/\\\/zero-max.dk\\\/\"},{\"@type\":\"ListItem\",\"position\":2,\"name\":\"Overbelastningsbeskyttelse- DA\"}]},{\"@type\":\"WebSite\",\"@id\":\"https:\\\/\\\/zero-max.dk\\\/#website\",\"url\":\"https:\\\/\\\/zero-max.dk\\\/\",\"name\":\"Zero-Max A\\\/S\",\"description\":\"\",\"potentialAction\":[{\"@type\":\"SearchAction\",\"target\":{\"@type\":\"EntryPoint\",\"urlTemplate\":\"https:\\\/\\\/zero-max.dk\\\/?s={search_term_string}\"},\"query-input\":{\"@type\":\"PropertyValueSpecification\",\"valueRequired\":true,\"valueName\":\"search_term_string\"}}],\"inLanguage\":\"en-GB\"}]}<\/script>\n<!-- \/ Yoast SEO plugin. -->","yoast_head_json":{"title":"Overload protection with Torq-Tender\u00ae | Zero-Max A\/S","description":"Zero-Max torque limiters ensure reliable overload protection in industrial systems. Fixed torque, bi-directional protection and high reliability - ideal for demanding environments.","robots":{"index":"index","follow":"follow","max-snippet":"max-snippet:-1","max-image-preview":"max-image-preview:large","max-video-preview":"max-video-preview:-1"},"canonical":"https:\/\/zero-max.dk\/en\/overload-safety-device-da\/","og_locale":"en_GB","og_type":"article","og_title":"Overbelastningsbeskyttelse med Torq-Tender\u00ae | Zero-Max A\/S","og_description":"Zero-Max momentbegr\u00e6nsere sikrer p\u00e5lidelig overbelastningsbeskyttelse i industrielle systemer. Fast moment, tovejssikring og h\u00f8j driftssikkerhed \u2013 ideel til kr\u00e6vende milj\u00f8er.","og_url":"https:\/\/zero-max.dk\/en\/overload-safety-device-da\/","og_site_name":"Zero-Max A\/S","article_modified_time":"2025-12-18T08:34:25+00:00","twitter_card":"summary_large_image","twitter_misc":{"Estimated reading time":"3 minutes"},"schema":{"@context":"https:\/\/schema.org","@graph":[{"@type":"WebPage","@id":"https:\/\/zero-max.dk\/overload-safety-device-da\/","url":"https:\/\/zero-max.dk\/overload-safety-device-da\/","name":"Overload protection with Torq-Tender\u00ae | Zero-Max A\/S","isPartOf":{"@id":"https:\/\/zero-max.dk\/#website"},"datePublished":"2019-01-02T16:39:05+00:00","dateModified":"2025-12-18T08:34:25+00:00","description":"Zero-Max torque limiters ensure reliable overload protection in industrial systems. Fixed torque, bi-directional protection and high reliability - ideal for demanding environments.","breadcrumb":{"@id":"https:\/\/zero-max.dk\/overload-safety-device-da\/#breadcrumb"},"inLanguage":"en-GB","potentialAction":[{"@type":"ReadAction","target":["https:\/\/zero-max.dk\/overload-safety-device-da\/"]}]},{"@type":"BreadcrumbList","@id":"https:\/\/zero-max.dk\/overload-safety-device-da\/#breadcrumb","itemListElement":[{"@type":"ListItem","position":1,"name":"Hjem","item":"https:\/\/zero-max.dk\/"},{"@type":"ListItem","position":2,"name":"Overbelastningsbeskyttelse- DA"}]},{"@type":"WebSite","@id":"https:\/\/zero-max.dk\/#website","url":"https:\/\/zero-max.dk\/","name":"Zero-Max A\/S","description":"","potentialAction":[{"@type":"SearchAction","target":{"@type":"EntryPoint","urlTemplate":"https:\/\/zero-max.dk\/?s={search_term_string}"},"query-input":{"@type":"PropertyValueSpecification","valueRequired":true,"valueName":"search_term_string"}}],"inLanguage":"en-GB"}]}},"_links":{"self":[{"href":"https:\/\/zero-max.dk\/en\/wp-json\/wp\/v2\/pages\/931","targetHints":{"allow":["GET"]}}],"collection":[{"href":"https:\/\/zero-max.dk\/en\/wp-json\/wp\/v2\/pages"}],"about":[{"href":"https:\/\/zero-max.dk\/en\/wp-json\/wp\/v2\/types\/page"}],"author":[{"embeddable":true,"href":"https:\/\/zero-max.dk\/en\/wp-json\/wp\/v2\/users\/7"}],"replies":[{"embeddable":true,"href":"https:\/\/zero-max.dk\/en\/wp-json\/wp\/v2\/comments?post=931"}],"version-history":[{"count":20,"href":"https:\/\/zero-max.dk\/en\/wp-json\/wp\/v2\/pages\/931\/revisions"}],"predecessor-version":[{"id":6429,"href":"https:\/\/zero-max.dk\/en\/wp-json\/wp\/v2\/pages\/931\/revisions\/6429"}],"wp:attachment":[{"href":"https:\/\/zero-max.dk\/en\/wp-json\/wp\/v2\/media?parent=931"}],"curies":[{"name":"wp","href":"https:\/\/api.w.org\/{rel}","templated":true}]}}