{"id":942,"date":"2019-01-02T17:43:59","date_gmt":"2019-01-02T16:43:59","guid":{"rendered":"https:\/\/zero-max.dk\/?page_id=942"},"modified":"2025-04-07T14:49:39","modified_gmt":"2025-04-07T12:49:39","slug":"product-areas-da","status":"publish","type":"page","link":"https:\/\/zero-max.dk\/en\/product-areas-da\/","title":{"rendered":"Product areas - Attention! Missing translation"},"content":{"rendered":"<p>[et_pb_section fb_built=&#8221;1&#8243; _builder_version=&#8221;4.21.0&#8243; background_color=&#8221;#003366&#8243; custom_padding=&#8221;0px||0px&#8221; animation_style=&#8221;zoom&#8221; global_colors_info=&#8221;{}&#8221;][et_pb_row column_structure=&#8221;1_3,1_3,1_3&#8243; use_custom_gutter=&#8221;on&#8221; gutter_width=&#8221;1&#8243; padding_left_right_link_2=&#8221;true&#8221; _builder_version=&#8221;4.16&#8243; max_width=&#8221;1150px&#8221; custom_margin=&#8221;|||&#8221; custom_padding=&#8221;0px||0px|&#8221; use_custom_width=&#8221;on&#8221; custom_width_px=&#8221;1150px&#8221; global_colors_info=&#8221;{}&#8221;][et_pb_column type=&#8221;1_3&#8243; _builder_version=&#8221;4.16&#8243; custom_padding=&#8221;|||&#8221; global_colors_info=&#8221;{}&#8221; custom_padding__hover=&#8221;|||&#8221;][et_pb_image src=&#8221;https:\/\/zero-max.dk\/wp-content\/uploads\/2018\/12\/Appli_industry.jpg&#8221; align_tablet=&#8221;center&#8221; align_phone=&#8221;center&#8221; align_last_edited=&#8221;on|desktop&#8221; disabled_on=&#8221;on|on|off&#8221; _builder_version=&#8221;4.21.0&#8243; custom_margin=&#8221;|||&#8221; border_width_all=&#8221;2px&#8221; border_color_all=&#8221;#003366&#8243; global_colors_info=&#8221;{}&#8221;]<\/p>\n<p>[\/et_pb_image][\/et_pb_column][et_pb_column type=&#8221;1_3&#8243; _builder_version=&#8221;4.16&#8243; custom_padding=&#8221;|||&#8221; global_colors_info=&#8221;{}&#8221; custom_padding__hover=&#8221;|||&#8221;][et_pb_image src=&#8221;https:\/\/zero-max.dk\/wp-content\/uploads\/2018\/12\/Appli_Agri.jpg&#8221; align_tablet=&#8221;center&#8221; align_phone=&#8221;center&#8221; align_last_edited=&#8221;on|desktop&#8221; disabled_on=&#8221;on|on|off&#8221; _builder_version=&#8221;4.16&#8243; border_width_all=&#8221;2px&#8221; border_color_all=&#8221;#003366&#8243; global_colors_info=&#8221;{}&#8221;]<\/p>\n<p>[\/et_pb_image][\/et_pb_column][et_pb_column type=&#8221;1_3&#8243; _builder_version=&#8221;4.16&#8243; custom_padding=&#8221;|||&#8221; global_colors_info=&#8221;{}&#8221; custom_padding__hover=&#8221;|||&#8221;][et_pb_image src=&#8221;https:\/\/zero-max.dk\/wp-content\/uploads\/2018\/12\/Appli_Energy.jpg&#8221; align_tablet=&#8221;center&#8221; align_phone=&#8221;center&#8221; align_last_edited=&#8221;on|desktop&#8221; disabled_on=&#8221;on|on|off&#8221; _builder_version=&#8221;4.16&#8243; max_width=&#8221;99.8%&#8221; border_width_all=&#8221;2px&#8221; border_color_all=&#8221;#003366&#8243; global_colors_info=&#8221;{}&#8221;]<\/p>\n<p>[\/et_pb_image][\/et_pb_column][\/et_pb_row][et_pb_row column_structure=&#8221;1_3,1_3,1_3&#8243; _builder_version=&#8221;4.16&#8243; custom_padding=&#8221;10px||10px&#8221; global_colors_info=&#8221;{}&#8221;][et_pb_column type=&#8221;1_3&#8243; _builder_version=&#8221;4.16&#8243; custom_padding=&#8221;|||&#8221; global_colors_info=&#8221;{}&#8221; custom_padding__hover=&#8221;|||&#8221;][et_pb_button button_url=&#8221;https:\/\/zero-max.dk\/industry-da\/&#8221; button_text=&#8221;VERDENSOMSP\u00c6NDENDE&#8221; button_alignment=&#8221;center&#8221; button_alignment_tablet=&#8221;center&#8221; button_alignment_phone=&#8221;center&#8221; button_alignment_last_edited=&#8221;on|tablet&#8221; _builder_version=&#8221;4.21.0&#8243; custom_button=&#8221;on&#8221; button_text_size=&#8221;15px&#8221; button_text_color=&#8221;#99ccff&#8221; button_bg_image=&#8221;https:\/\/zero-max.dk\/wp-content\/uploads\/2018\/12\/btn.jpg&#8221; button_bg_size=&#8221;initial&#8221; button_bg_position=&#8221;center_left&#8221; button_border_width=&#8221;0px&#8221; button_font=&#8221;Orbitron||||||||&#8221; button_use_icon=&#8221;off&#8221; custom_margin=&#8221;|||&#8221; custom_margin_tablet=&#8221;|||2px|false|false&#8221; custom_margin_phone=&#8221;|||2px|false|false&#8221; custom_margin_last_edited=&#8221;on|tablet&#8221; custom_padding=&#8221;10px||10px|56px&#8221; custom_padding_tablet=&#8221;10px||10px|56px&#8221; custom_padding_phone=&#8221;10px||10px|56px&#8221; custom_padding_last_edited=&#8221;on|tablet&#8221; custom_css_main_element=&#8221;width:100%;||font-weight:700;||letter-spacing: 0.2em;&#8221; global_colors_info=&#8221;{}&#8221;]<\/p>\n<p>[\/et_pb_button][\/et_pb_column][et_pb_column type=&#8221;1_3&#8243; _builder_version=&#8221;4.16&#8243; custom_padding=&#8221;|||&#8221; global_colors_info=&#8221;{}&#8221; custom_padding__hover=&#8221;|||&#8221;][et_pb_button button_url=&#8221;https:\/\/zero-max.dk\/agriculture-da\/&#8221; button_text=&#8221;KOMPETENCEKULTUR&#8221; button_alignment=&#8221;center&#8221; _builder_version=&#8221;4.21.0&#8243; custom_button=&#8221;on&#8221; button_text_size=&#8221;15px&#8221; button_text_color=&#8221;#99ccff&#8221; button_bg_image=&#8221;https:\/\/zero-max.dk\/wp-content\/uploads\/2018\/12\/btn.jpg&#8221; button_bg_size=&#8221;initial&#8221; button_bg_position=&#8221;center_left&#8221; button_border_width=&#8221;0px&#8221; button_border_radius=&#8221;0px&#8221; button_font=&#8221;Orbitron||||||||&#8221; button_use_icon=&#8221;off&#8221; custom_margin=&#8221;|-35px||-15px&#8221; custom_margin_tablet=&#8221;|-35px||2px|false|false&#8221; custom_margin_phone=&#8221;|-35px||2px|false|false&#8221; custom_margin_last_edited=&#8221;on|tablet&#8221; custom_padding=&#8221;10px||10px|44px&#8221; custom_css_main_element=&#8221;width:100%;||font-weight:700;||letter-spacing: 0.2em;&#8221; global_colors_info=&#8221;{}&#8221;]<\/p>\n<p>[\/et_pb_button][\/et_pb_column][et_pb_column type=&#8221;1_3&#8243; _builder_version=&#8221;4.16&#8243; custom_padding=&#8221;|||&#8221; global_colors_info=&#8221;{}&#8221; custom_padding__hover=&#8221;|||&#8221;][et_pb_button button_url=&#8221;https:\/\/zero-max.dk\/energy-da\/&#8221; button_text=&#8221;GENNEMTESTET TEKNOLOGI&#8221; button_alignment=&#8221;center&#8221; _builder_version=&#8221;4.21.0&#8243; custom_button=&#8221;on&#8221; button_text_size=&#8221;15px&#8221; button_text_color=&#8221;#99ccff&#8221; button_bg_image=&#8221;https:\/\/zero-max.dk\/wp-content\/uploads\/2018\/12\/btn.jpg&#8221; button_bg_size=&#8221;initial&#8221; button_bg_position=&#8221;center_left&#8221; button_border_width=&#8221;0px&#8221; button_font=&#8221;Orbitron||||||||&#8221; button_use_icon=&#8221;off&#8221; custom_margin=&#8221;|||-36px&#8221; custom_margin_tablet=&#8221;|||2px|false|false&#8221; custom_margin_phone=&#8221;|||2px|false|false&#8221; custom_margin_last_edited=&#8221;on|tablet&#8221; custom_padding=&#8221;10px||10px|46px&#8221; custom_css_main_element=&#8221;width:100%;||font-weight:700;||letter-spacing: 0.2em;&#8221; global_colors_info=&#8221;{}&#8221;]<\/p>\n<p>[\/et_pb_button][\/et_pb_column][\/et_pb_row][\/et_pb_section][et_pb_section fb_built=&#8221;1&#8243; disabled_on=&#8221;on|off|off&#8221; _builder_version=&#8221;4.16&#8243; custom_padding=&#8221;20px||20px&#8221; global_colors_info=&#8221;{}&#8221;][et_pb_row column_structure=&#8221;1_2,1_2&#8243; _builder_version=&#8221;4.21.0&#8243; width_tablet=&#8221;&#8221; width_phone=&#8221;95%&#8221; width_last_edited=&#8221;on|phone&#8221; global_colors_info=&#8221;{}&#8221; custom_css_main_element_last_edited=&#8221;on|desktop&#8221;][et_pb_column type=&#8221;1_2&#8243; _builder_version=&#8221;4.21.0&#8243; custom_padding=&#8221;|||&#8221; custom_css_main_element=&#8221;width:60% !important;&#8221; global_colors_info=&#8221;{}&#8221; custom_padding__hover=&#8221;|||&#8221; custom_css_main_element_last_edited=&#8221;on|phone&#8221; custom_css_main_element_phone=&#8221;width: 100%;&#8221; custom_css_main_element_tablet=&#8221;width:60% !important;&#8221;][et_pb_text _builder_version=&#8221;4.21.0&#8243; custom_padding=&#8221;|20px||20px|false|true&#8221; global_colors_info=&#8221;{}&#8221;]<\/p>\n<h1>S\u00e5dan g\u00f8r vi<\/h1>\n<p>Zero-Max tilbyder adskillige produkter indenfor bev\u00e6gelseskontrol, der vil hj\u00e6lpe dig til at opn\u00e5 en h\u00f8jere ydeevne.<\/p>\n<p>Zero-Max forst\u00e5r de stigende krav mht. h\u00f8jere ydeevne og designer vores produkter til at im\u00f8dekomme disse. Overvej at lade Zero-Max hj\u00e6lpe dig med dit design-projekt.<\/p>\n<p>[\/et_pb_text][et_pb_text _builder_version=&#8221;4.21.0&#8243; _module_preset=&#8221;default&#8221; background_color=&#8221;#e4e5e7&#8243; custom_padding=&#8221;20px|20px|20px|20px|true|true&#8221; global_colors_info=&#8221;{}&#8221;]<\/p>\n<h1>Produkt industrier<\/h1>\n<p><strong>Bev\u00e6gelseskontrol produktindustrier &amp; applikationer<\/strong><\/p>\n<p>Vores h\u00f8jkvalitets motion control-produkter l\u00f8ser mekaniske udfordringer inden for mange typer af applikationer hvoraf kan n\u00e6vnes \u00a0emballageudstyr, automatisering, print, landbrug, skovbrug, entrepren\u00f8r , marine, CNC-bearbejdning med flere.<\/p>\n<p>Med et team af design- og applikationsingeni\u00f8rer og distribut\u00f8rer af motion control-produkter placeret over hele verden, kan Zero-Max levere den rigtige l\u00f8sning til din applikation, n\u00e5r du har brug for den.<\/p>\n<p>Zero-Max er din p\u00e5lidelige leverand\u00f8r af industrielle bev\u00e6gelseskontrolkomponenter og mekaniske transmissionsprodukter med h\u00f8j pr\u00e6cision.\u00a0<u>Kontakt os<\/u>\u00a0for at l\u00e6re mere om brugen af vores pr\u00e6cisionskonstruerede l\u00f8sninger til din applikation, og hvordan vores produkter kan forbedre effektivitet, drift, holdbarhed og ydeevne i dine applikationer.<\/p>\n<p>[\/et_pb_text][et_pb_text _builder_version=&#8221;4.21.0&#8243; custom_padding=&#8221;|20px||20px|false|true&#8221; global_colors_info=&#8221;{}&#8221;]<\/p>\n<h1>Dette tilbyder vi<\/h1>\n<p>Praktiske r\u00e5d fra erfarne medarbejdere<\/p>\n<p>Vi lytter til vores kunders \u00f8nsker<\/p>\n<p>Garanteret h\u00f8j kvalitet<\/p>\n<p>Hurtig levering<\/p>\n<p>Integritet<\/p>\n<p>H\u00f8j v\u00e6rdi<\/p>\n<p>[\/et_pb_text][\/et_pb_column][et_pb_column type=&#8221;1_2&#8243; _builder_version=&#8221;4.21.0&#8243; background_color=&#8221;#40668C&#8221; custom_padding=&#8221;|||&#8221; custom_padding_tablet=&#8221;|||&#8221; custom_padding_phone=&#8221;||||false|false&#8221; custom_padding_last_edited=&#8221;on|phone&#8221; custom_css_main_element=&#8221;width:34% !important;&#8221; global_colors_info=&#8221;{}&#8221; custom_padding__hover=&#8221;|||&#8221; custom_css_main_element_last_edited=&#8221;on|phone&#8221; custom_css_main_element_phone=&#8221;width:100%;&#8221; custom_css_main_element_tablet=&#8221;width:34% !important;&#8221;][et_pb_text module_class=&#8221;check-tag&#8221; _builder_version=&#8221;4.21.0&#8243; text_text_color=&#8221;#ffffff&#8221; header_text_color=&#8221;#ffffff&#8221; header_2_text_color=&#8221;#ffffff&#8221; width_tablet=&#8221;&#8221; width_phone=&#8221;100%&#8221; width_last_edited=&#8221;on|phone&#8221; custom_padding=&#8221;10px|15px|10px|15px&#8221; saved_tabs=&#8221;all&#8221; global_colors_info=&#8221;{}&#8221;]<\/p>\n<h2>Nyttig viden<\/h2>\n<ul>\n<li>Zero-Max AS &#8211; mere end 40 \u00e5rs erfaring<\/li>\n<li>Ledende leverand\u00f8rer<\/li>\n<li>Vores m\u00e6rke er kendt over hele verden for den h\u00f8je kvalitet og ydeevne.<\/li>\n<li>P\u00e5lidelige produkter<\/li>\n<li>Innovative l\u00f8sninger p\u00e5 verdensplan.<\/li>\n<li>Vores team udvikler produkter der im\u00f8dekommer dine behov.<\/li>\n<li>Strategiske distributionspunkter placeret over hele verden.<\/li>\n<li>ISO-certificeret<\/li>\n<\/ul>\n<p>[\/et_pb_text][\/et_pb_column][\/et_pb_row][\/et_pb_section][et_pb_section fb_built=&#8221;1&#8243; _builder_version=&#8221;4.21.0&#8243; _module_preset=&#8221;default&#8221; background_color=&#8221;#e4e5e7&#8243; global_colors_info=&#8221;{}&#8221;][et_pb_row _builder_version=&#8221;4.21.0&#8243; _module_preset=&#8221;default&#8221; global_colors_info=&#8221;{}&#8221;][et_pb_column type=&#8221;4_4&#8243; _builder_version=&#8221;4.21.0&#8243; _module_preset=&#8221;default&#8221; global_colors_info=&#8221;{}&#8221;][\/et_pb_column][\/et_pb_row][\/et_pb_section][et_pb_section fb_built=&#8221;1&#8243; disabled_on=&#8221;off|on|on&#8221; _builder_version=&#8221;4.16&#8243; custom_padding=&#8221;20px||20px&#8221; global_colors_info=&#8221;{}&#8221;][et_pb_row column_structure=&#8221;1_2,1_2&#8243; _builder_version=&#8221;4.16&#8243; global_colors_info=&#8221;{}&#8221;][et_pb_column type=&#8221;1_2&#8243; _builder_version=&#8221;4.16&#8243; custom_padding=&#8221;|||&#8221; global_colors_info=&#8221;{}&#8221; custom_padding__hover=&#8221;|||&#8221;][et_pb_text _builder_version=&#8221;4.16&#8243; header_font=&#8221;||||||||&#8221; global_colors_info=&#8221;{}&#8221;]<\/p>\n<h1>What we do<\/h1>\n<p><span>Zero-Max offers several motion control products that will help achieve higher performance. <\/span><\/p>\n<p><span>Zero-Max understands the increasingly higher performance demands and designs its products to meet those requirements. Consider Zero-Max to help you in your design project.<\/span><\/p>\n<p><span><\/span><\/p>\n<h1>What we Offer<\/h1>\n<p>Experienced Practical Advice<\/p>\n<p> Responsive to our Customers needs<\/p>\n<p> Predictable high quality<\/p>\n<p> Fast Delivery<\/p>\n<p> Integrity<\/p>\n<p> High Value<\/p>\n<p>[\/et_pb_text][\/et_pb_column][et_pb_column type=&#8221;1_2&#8243; _builder_version=&#8221;4.16&#8243; background_color=&#8221;#40668C&#8221; custom_padding=&#8221;|||&#8221; global_colors_info=&#8221;{}&#8221; custom_padding__hover=&#8221;|||&#8221;][et_pb_text module_class=&#8221;check-tag&#8221; _builder_version=&#8221;4.16&#8243; text_font=&#8221;||||||||&#8221; text_text_color=&#8221;#ffffff&#8221; header_font=&#8221;||||||||&#8221; header_text_color=&#8221;#ffffff&#8221; header_2_font=&#8221;||||||||&#8221; header_2_text_color=&#8221;#ffffff&#8221; custom_padding=&#8221;10px|15px|10px|15px&#8221; global_colors_info=&#8221;{}&#8221;]<\/p>\n<h2><span>Useful Info<\/span><\/h2>\n<ul>\n<li><span>Zero-MAx A\/S -More than 40 years of experience.<br \/><\/span><\/li>\n<li><span>Leading Manufacturer.<br \/><\/span><\/li>\n<li><span>Our brand is known throughout the world as a mark of quality and performance.<br \/><\/span><\/li>\n<li><span>Reliable Products.<br \/><\/span><\/li>\n<li><span>Innovative solutions worldwide.<br \/><\/span><\/li>\n<li><span>Our team of application specialists can engineer a solution to meet your requirements.<br \/><\/span><\/li>\n<li><span>Strategic distribution points located throughout the world.<br \/><\/span><\/li>\n<li><span>ISO-9001:2015 Certified<\/span><\/li>\n<\/ul>\n<p>[\/et_pb_text][\/et_pb_column][\/et_pb_row][\/et_pb_section][et_pb_section fb_built=&#8221;1&#8243; disabled_on=&#8221;on|on|on&#8221; _builder_version=&#8221;4.6.1&#8243; background_color=&#8221;#003366&#8243; custom_padding=&#8221;0px||0px&#8221; disabled=&#8221;on&#8221; global_module=&#8221;1044&#8243; global_colors_info=&#8221;{}&#8221;][et_pb_row column_structure=&#8221;1_3,1_3,1_3&#8243; _builder_version=&#8221;4.16&#8243; max_width=&#8221;1080px&#8221; global_colors_info=&#8221;{}&#8221;][et_pb_column type=&#8221;1_3&#8243; _builder_version=&#8221;4.16&#8243; custom_padding=&#8221;|||&#8221; global_colors_info=&#8221;{}&#8221; custom_padding__hover=&#8221;|||&#8221;][et_pb_text _builder_version=&#8221;4.16&#8243; header_2_text_align=&#8221;center&#8221; header_2_text_color=&#8221;#99ccff&#8221; header_2_font_size=&#8221;14px&#8221; custom_margin=&#8221;0px||0px&#8221; custom_padding=&#8221;0px||0px&#8221; global_colors_info=&#8221;{}&#8221;]<\/p>\n<h2>Zero Max<\/h2>\n<p>[\/et_pb_text][et_pb_text _builder_version=&#8221;4.16&#8243; text_font=&#8221;||||||||&#8221; header_font=&#8221;||||||||&#8221; background_image=&#8221;https:\/\/zero-max.dk\/wp-content\/uploads\/2018\/12\/Boxes.jpg&#8221; text_orientation=&#8221;center&#8221; custom_margin=&#8221;0px||0px&#8221; custom_padding=&#8221;10px|20px|26px|20px&#8221; border_width_all=&#8221;1px&#8221; border_color_all=&#8221;#ffffff&#8221; global_colors_info=&#8221;{}&#8221;]<\/p>\n<p>Our gobal perspektive makes it possible to provide our customer with quality products at competitive pricing to any location<\/p>\n<p>[\/et_pb_text][\/et_pb_column][et_pb_column type=&#8221;1_3&#8243; _builder_version=&#8221;4.16&#8243; custom_padding=&#8221;|||&#8221; global_colors_info=&#8221;{}&#8221; custom_padding__hover=&#8221;|||&#8221;][et_pb_text _builder_version=&#8221;4.16&#8243; header_2_text_align=&#8221;center&#8221; header_2_text_color=&#8221;#99ccff&#8221; header_2_font_size=&#8221;14px&#8221; custom_margin=&#8221;0px||0px&#8221; custom_padding=&#8221;0px||0px&#8221; global_colors_info=&#8221;{}&#8221;]<\/p>\n<h2>World-Leading Expert !<\/h2>\n<p>[\/et_pb_text][et_pb_text _builder_version=&#8221;4.16&#8243; text_font=&#8221;||||||||&#8221; header_font=&#8221;||||||||&#8221; background_image=&#8221;https:\/\/zero-max.dk\/wp-content\/uploads\/2018\/12\/Boxes.jpg&#8221; text_orientation=&#8221;center&#8221; custom_margin=&#8221;0px||0px&#8221; custom_padding=&#8221;10px|20px|25px|20px&#8221; border_width_all=&#8221;1px&#8221; border_color_all=&#8221;#ffffff&#8221; global_colors_info=&#8221;{}&#8221;]<\/p>\n<p>Zero-Max combines decades of industry leading experience with unparalleled expertise in motion control solutions<\/p>\n<p>[\/et_pb_text][\/et_pb_column][et_pb_column type=&#8221;1_3&#8243; _builder_version=&#8221;4.16&#8243; custom_padding=&#8221;|||&#8221; global_colors_info=&#8221;{}&#8221; custom_padding__hover=&#8221;|||&#8221;][et_pb_text _builder_version=&#8221;4.16&#8243; header_2_text_align=&#8221;center&#8221; header_2_text_color=&#8221;#99ccff&#8221; header_2_font_size=&#8221;14px&#8221; custom_margin=&#8221;0px||0px&#8221; custom_padding=&#8221;0px||0px&#8221; global_colors_info=&#8221;{}&#8221;]<\/p>\n<h2>Get in touch!<\/h2>\n<p>[\/et_pb_text][et_pb_text _builder_version=&#8221;4.16&#8243; text_font=&#8221;||||||||&#8221; header_font=&#8221;||||||||&#8221; background_image=&#8221;https:\/\/zero-max.dk\/wp-content\/uploads\/2018\/12\/Boxes.jpg&#8221; text_orientation=&#8221;center&#8221; custom_margin=&#8221;0px||0px&#8221; custom_padding=&#8221;10px|10px|10px|10px&#8221; border_width_all=&#8221;1px&#8221; border_color_all=&#8221;#ffffff&#8221; global_colors_info=&#8221;{}&#8221;]<\/p>\n<p>Zero-Max A\/S<br \/>Mail: ext@zero-max.dk <br \/>Haarup Tvaevej 1<br \/>DK &#8211; 8600 Silkeborg<\/p>\n<p>[\/et_pb_text][\/et_pb_column][\/et_pb_row][\/et_pb_section]<\/p>\n","protected":false},"excerpt":{"rendered":"<p>S\u00e5dan g\u00f8r vi Zero-Max tilbyder adskillige produkter indenfor bev\u00e6gelseskontrol, der vil hj\u00e6lpe dig til at opn\u00e5 en h\u00f8jere ydeevne. Zero-Max forst\u00e5r de stigende krav mht. h\u00f8jere ydeevne og designer vores produkter til at im\u00f8dekomme disse. Overvej at lade Zero-Max hj\u00e6lpe dig med dit design-projekt.Produkt industrier Bev\u00e6gelseskontrol produktindustrier &amp; applikationer Vores h\u00f8jkvalitets motion control-produkter l\u00f8ser mekaniske [&hellip;]<\/p>\n","protected":false},"author":7,"featured_media":0,"parent":0,"menu_order":0,"comment_status":"closed","ping_status":"closed","template":"","meta":{"_et_pb_use_builder":"on","_et_pb_old_content":"","_et_gb_content_width":"","footnotes":""},"class_list":["post-942","page","type-page","status-publish","hentry"],"yoast_head":"<!-- This site is optimized with the Yoast SEO plugin v27.5 - https:\/\/yoast.com\/product\/yoast-seo-wordpress\/ -->\n<title>Zero-Max - din ulmative partner i optimeret bev\u00e6gelseskontrol | Eksperter i ydeevne<\/title>\n<meta name=\"description\" content=\"Zero-Max leverer l\u00f8sninger i bev\u00e6gelseskontrol til automatisering, print, landbrug m.m. Vi tilbyder ekspertise, hurtig levering og produkter i h\u00f8j kvalitet.\" \/>\n<meta name=\"robots\" content=\"index, follow, max-snippet:-1, max-image-preview:large, max-video-preview:-1\" \/>\n<link rel=\"canonical\" href=\"https:\/\/zero-max.dk\/en\/product-areas-da\/\" \/>\n<meta property=\"og:locale\" content=\"en_GB\" \/>\n<meta property=\"og:type\" content=\"article\" \/>\n<meta property=\"og:title\" content=\"Zero-Max - din ulmative partner i optimeret bev\u00e6gelseskontrol | Eksperter i ydeevne\" \/>\n<meta property=\"og:description\" content=\"Zero-Max leverer l\u00f8sninger i bev\u00e6gelseskontrol til automatisering, print, landbrug m.m. Vi tilbyder ekspertise, hurtig levering og produkter i h\u00f8j kvalitet.\" \/>\n<meta property=\"og:url\" content=\"https:\/\/zero-max.dk\/en\/product-areas-da\/\" \/>\n<meta property=\"og:site_name\" content=\"Zero-Max A\/S\" \/>\n<meta property=\"article:modified_time\" content=\"2025-04-07T12:49:39+00:00\" \/>\n<meta name=\"twitter:card\" content=\"summary_large_image\" \/>\n<meta name=\"twitter:label1\" content=\"Estimated reading time\" \/>\n\t<meta name=\"twitter:data1\" content=\"3 minutes\" \/>\n<script type=\"application\/ld+json\" class=\"yoast-schema-graph\">{\"@context\":\"https:\\\/\\\/schema.org\",\"@graph\":[{\"@type\":\"WebPage\",\"@id\":\"https:\\\/\\\/zero-max.dk\\\/product-areas-da\\\/\",\"url\":\"https:\\\/\\\/zero-max.dk\\\/product-areas-da\\\/\",\"name\":\"Zero-Max - din ulmative partner i optimeret bev\u00e6gelseskontrol | Eksperter i ydeevne\",\"isPartOf\":{\"@id\":\"https:\\\/\\\/zero-max.dk\\\/#website\"},\"datePublished\":\"2019-01-02T16:43:59+00:00\",\"dateModified\":\"2025-04-07T12:49:39+00:00\",\"description\":\"Zero-Max leverer l\u00f8sninger i bev\u00e6gelseskontrol til automatisering, print, landbrug m.m. Vi tilbyder ekspertise, hurtig levering og produkter i h\u00f8j kvalitet.\",\"breadcrumb\":{\"@id\":\"https:\\\/\\\/zero-max.dk\\\/product-areas-da\\\/#breadcrumb\"},\"inLanguage\":\"en-GB\",\"potentialAction\":[{\"@type\":\"ReadAction\",\"target\":[\"https:\\\/\\\/zero-max.dk\\\/product-areas-da\\\/\"]}]},{\"@type\":\"BreadcrumbList\",\"@id\":\"https:\\\/\\\/zero-max.dk\\\/product-areas-da\\\/#breadcrumb\",\"itemListElement\":[{\"@type\":\"ListItem\",\"position\":1,\"name\":\"Hjem\",\"item\":\"https:\\\/\\\/zero-max.dk\\\/\"},{\"@type\":\"ListItem\",\"position\":2,\"name\":\"Produktomr\u00e5der &#8211; OBS! Mangler overs\u00e6ttelse\"}]},{\"@type\":\"WebSite\",\"@id\":\"https:\\\/\\\/zero-max.dk\\\/#website\",\"url\":\"https:\\\/\\\/zero-max.dk\\\/\",\"name\":\"Zero-Max A\\\/S\",\"description\":\"\",\"potentialAction\":[{\"@type\":\"SearchAction\",\"target\":{\"@type\":\"EntryPoint\",\"urlTemplate\":\"https:\\\/\\\/zero-max.dk\\\/?s={search_term_string}\"},\"query-input\":{\"@type\":\"PropertyValueSpecification\",\"valueRequired\":true,\"valueName\":\"search_term_string\"}}],\"inLanguage\":\"en-GB\"}]}<\/script>\n<!-- \/ Yoast SEO plugin. -->","yoast_head_json":{"title":"Zero-Max - your ultimate partner in optimised motion control | Performance Experts","description":"Zero-Max provides motion control solutions for automation, print, agriculture and more. We offer expertise, fast delivery and high-quality products.","robots":{"index":"index","follow":"follow","max-snippet":"max-snippet:-1","max-image-preview":"max-image-preview:large","max-video-preview":"max-video-preview:-1"},"canonical":"https:\/\/zero-max.dk\/en\/product-areas-da\/","og_locale":"en_GB","og_type":"article","og_title":"Zero-Max - din ulmative partner i optimeret bev\u00e6gelseskontrol | Eksperter i ydeevne","og_description":"Zero-Max leverer l\u00f8sninger i bev\u00e6gelseskontrol til automatisering, print, landbrug m.m. Vi tilbyder ekspertise, hurtig levering og produkter i h\u00f8j kvalitet.","og_url":"https:\/\/zero-max.dk\/en\/product-areas-da\/","og_site_name":"Zero-Max A\/S","article_modified_time":"2025-04-07T12:49:39+00:00","twitter_card":"summary_large_image","twitter_misc":{"Estimated reading time":"3 minutes"},"schema":{"@context":"https:\/\/schema.org","@graph":[{"@type":"WebPage","@id":"https:\/\/zero-max.dk\/product-areas-da\/","url":"https:\/\/zero-max.dk\/product-areas-da\/","name":"Zero-Max - your ultimate partner in optimised motion control | Performance Experts","isPartOf":{"@id":"https:\/\/zero-max.dk\/#website"},"datePublished":"2019-01-02T16:43:59+00:00","dateModified":"2025-04-07T12:49:39+00:00","description":"Zero-Max provides motion control solutions for automation, print, agriculture and more. We offer expertise, fast delivery and high-quality products.","breadcrumb":{"@id":"https:\/\/zero-max.dk\/product-areas-da\/#breadcrumb"},"inLanguage":"en-GB","potentialAction":[{"@type":"ReadAction","target":["https:\/\/zero-max.dk\/product-areas-da\/"]}]},{"@type":"BreadcrumbList","@id":"https:\/\/zero-max.dk\/product-areas-da\/#breadcrumb","itemListElement":[{"@type":"ListItem","position":1,"name":"Hjem","item":"https:\/\/zero-max.dk\/"},{"@type":"ListItem","position":2,"name":"Produktomr\u00e5der &#8211; OBS! Mangler overs\u00e6ttelse"}]},{"@type":"WebSite","@id":"https:\/\/zero-max.dk\/#website","url":"https:\/\/zero-max.dk\/","name":"Zero-Max A\/S","description":"","potentialAction":[{"@type":"SearchAction","target":{"@type":"EntryPoint","urlTemplate":"https:\/\/zero-max.dk\/?s={search_term_string}"},"query-input":{"@type":"PropertyValueSpecification","valueRequired":true,"valueName":"search_term_string"}}],"inLanguage":"en-GB"}]}},"_links":{"self":[{"href":"https:\/\/zero-max.dk\/en\/wp-json\/wp\/v2\/pages\/942","targetHints":{"allow":["GET"]}}],"collection":[{"href":"https:\/\/zero-max.dk\/en\/wp-json\/wp\/v2\/pages"}],"about":[{"href":"https:\/\/zero-max.dk\/en\/wp-json\/wp\/v2\/types\/page"}],"author":[{"embeddable":true,"href":"https:\/\/zero-max.dk\/en\/wp-json\/wp\/v2\/users\/7"}],"replies":[{"embeddable":true,"href":"https:\/\/zero-max.dk\/en\/wp-json\/wp\/v2\/comments?post=942"}],"version-history":[{"count":18,"href":"https:\/\/zero-max.dk\/en\/wp-json\/wp\/v2\/pages\/942\/revisions"}],"predecessor-version":[{"id":6289,"href":"https:\/\/zero-max.dk\/en\/wp-json\/wp\/v2\/pages\/942\/revisions\/6289"}],"wp:attachment":[{"href":"https:\/\/zero-max.dk\/en\/wp-json\/wp\/v2\/media?parent=942"}],"curies":[{"name":"wp","href":"https:\/\/api.w.org\/{rel}","templated":true}]}}