{"id":962,"date":"2019-01-02T17:52:39","date_gmt":"2019-01-02T16:52:39","guid":{"rendered":"https:\/\/zero-max.dk\/?page_id=962"},"modified":"2025-04-07T11:20:18","modified_gmt":"2025-04-07T09:20:18","slug":"through-shaft-mount-type-b-da","status":"publish","type":"page","link":"https:\/\/zero-max.dk\/en\/through-shaft-mount-type-b-da\/","title":{"rendered":"Through Shaft Mount - Type B DA"},"content":{"rendered":"<p>[et_pb_section fb_built=&#8221;1&#8243; _builder_version=&#8221;4.21.0&#8243; background_image=&#8221;https:\/\/zero-max.dk\/wp-content\/uploads\/2018\/12\/Overloadsafety_Tops-1.jpg&#8221; custom_padding=&#8221;||&#8221; animation_style=&#8221;zoom&#8221; custom_css_main_element=&#8221;height: 450px;&#8221; border_width_bottom=&#8221;1px&#8221; border_color_bottom=&#8221;#e5e5e5&#8243; global_colors_info=&#8221;{}&#8221;][et_pb_row _builder_version=&#8221;4.21.0&#8243; width_tablet=&#8221;95%&#8221; width_phone=&#8221;95%&#8221; width_last_edited=&#8221;on|tablet&#8221; custom_margin=&#8221;19%||&#8221; custom_margin_tablet=&#8221;42%||||false|false&#8221; custom_margin_phone=&#8221;42%||||false|false&#8221; custom_margin_last_edited=&#8221;on|tablet&#8221; custom_padding=&#8221;0px||0px&#8221; global_colors_info=&#8221;{}&#8221;][et_pb_column type=&#8221;4_4&#8243; _builder_version=&#8221;4.16&#8243; custom_padding=&#8221;|||&#8221; global_colors_info=&#8221;{}&#8221; custom_padding__hover=&#8221;|||&#8221;][et_pb_text _builder_version=&#8221;4.21.0&#8243; text_font=&#8221;Oswald||||||||&#8221; text_text_color=&#8221;#013366&#8243; text_font_size=&#8221;26px&#8221; text_letter_spacing=&#8221;4px&#8221; text_line_height=&#8221;1.1em&#8221; text_orientation=&#8221;right&#8221; custom_margin_tablet=&#8221;&#8221; custom_margin_phone=&#8221;140px||||false|false&#8221; custom_margin_last_edited=&#8221;on|phone&#8221; text_font_size_tablet=&#8221;20px&#8221; text_font_size_phone=&#8221;20px&#8221; text_font_size_last_edited=&#8221;on|tablet&#8221; global_colors_info=&#8221;{}&#8221;]<\/p>\n<p>Udviklet til at kunne bruges i en r\u00e6kke forskellige milj\u00f8er.<\/p>\n<p>[\/et_pb_text][\/et_pb_column][\/et_pb_row][\/et_pb_section][et_pb_section fb_built=&#8221;1&#8243; disabled_on=&#8221;on|off|off&#8221; _builder_version=&#8221;4.16&#8243; background_color=&#8221;#ffffff&#8221; custom_padding=&#8221;20px||20px&#8221; global_colors_info=&#8221;{}&#8221;][et_pb_row _builder_version=&#8221;4.16&#8243; global_colors_info=&#8221;{}&#8221;][et_pb_column type=&#8221;4_4&#8243; _builder_version=&#8221;4.16&#8243; custom_padding=&#8221;|||&#8221; global_colors_info=&#8221;{}&#8221; custom_padding__hover=&#8221;|||&#8221;][et_pb_text _builder_version=&#8221;4.16&#8243; header_text_align=&#8221;center&#8221; header_2_text_align=&#8221;center&#8221; header_3_text_color=&#8221;#003366&#8243; global_colors_info=&#8221;{}&#8221;]<\/p>\n<h1>OVERBESLASTNINGSBESKYTTELSE<\/h1>\n<h2><span class=\"textheading2 mobile-undersized-upper\">Type B<\/span><\/h2>\n<p>[\/et_pb_text][\/et_pb_column][\/et_pb_row][et_pb_row column_structure=&#8221;1_3,1_3,1_3&#8243; _builder_version=&#8221;4.16&#8243; global_colors_info=&#8221;{}&#8221;][et_pb_column type=&#8221;1_3&#8243; _builder_version=&#8221;4.16&#8243; custom_padding=&#8221;|||&#8221; global_colors_info=&#8221;{}&#8221; custom_padding__hover=&#8221;|||&#8221;][et_pb_blurb image=&#8221;https:\/\/zero-max.dk\/wp-content\/uploads\/2018\/12\/type_b_thumb-1.jpg&#8221; _builder_version=&#8221;4.16&#8243; header_level=&#8221;h2&#8243; global_colors_info=&#8221;{}&#8221;]<\/p>\n<p><strong>Gennemg\u00e5ende akselmontering &#8211; Type B\u00a0<\/strong>\u00a0<\/p>\n<p>Gennemg\u00e5ende akselmonteringen skal have et akselpas gennem hele drejningsmomentet. Et komponent som et k\u00e6dehjul eller neg er bundet p\u00e5 drejningsmomentet udenp\u00e5. N\u00e5r der sker en overbelastning, vil\u00a0drevkomponentet\u00a0(aksel, taljer, k\u00e6dehjul etc.) forts\u00e6tte med at rotere. Et lejelejer (bronze b\u00f8sninger) er en integreret del af det design der st\u00f8tter l\u00e6sset der skabes af det monterede komponent og lader huset rotere p\u00e5 akslen under en overbelastning.\u00a0\u00a0<\/p>\n<p>Bem\u00e6rk: En ekstern\u00a0notgang\u00a0i nav og fastholdelsesring er standarden for\u00a0dette design.\u00a0\u00a0<\/p>\n<p>[\/et_pb_blurb][\/et_pb_column][et_pb_column type=&#8221;1_3&#8243; _builder_version=&#8221;4.16&#8243; custom_padding=&#8221;|||&#8221; global_colors_info=&#8221;{}&#8221; custom_padding__hover=&#8221;|||&#8221;][et_pb_blurb image=&#8221;https:\/\/zero-max.dk\/wp-content\/uploads\/2018\/12\/type_bd_thumb.jpg&#8221; _builder_version=&#8221;4.16&#8243; header_level=&#8221;h2&#8243; global_colors_info=&#8221;{}&#8221;]<\/p>\n<p><strong>Gennemg\u00e5ende akselmontering med anbragt skive &#8211; Type BD\u00a0<\/strong>\u00a0<\/p>\n<p>[\/et_pb_blurb][\/et_pb_column][et_pb_column type=&#8221;1_3&#8243; _builder_version=&#8221;4.16&#8243; custom_padding=&#8221;|||&#8221; global_colors_info=&#8221;{}&#8221; custom_padding__hover=&#8221;|||&#8221;][et_pb_blurb image=&#8221;https:\/\/zero-max.dk\/wp-content\/uploads\/2018\/12\/type_bp_thumb.jpg&#8221; _builder_version=&#8221;4.16&#8243; header_level=&#8221;h2&#8243; global_colors_info=&#8221;{}&#8221;]<\/p>\n<p><strong>Gennemg\u00e5ende akselmontering med anbragt stift &#8211; Type BP<\/strong><\/p>\n<p>[\/et_pb_blurb][\/et_pb_column][\/et_pb_row][\/et_pb_section][et_pb_section fb_built=&#8221;1&#8243; disabled_on=&#8221;on|on|on&#8221; _builder_version=&#8221;4.21.0&#8243; background_color=&#8221;#003366&#8243; custom_padding=&#8221;0px||0px&#8221; disabled=&#8221;on&#8221; global_module=&#8221;1102&#8243; saved_tabs=&#8221;all&#8221; global_colors_info=&#8221;{}&#8221;][et_pb_row column_structure=&#8221;1_3,1_3,1_3&#8243; _builder_version=&#8221;4.16&#8243; global_colors_info=&#8221;{}&#8221;][et_pb_column type=&#8221;1_3&#8243; _builder_version=&#8221;4.16&#8243; custom_padding=&#8221;|||&#8221; global_colors_info=&#8221;{}&#8221; custom_padding__hover=&#8221;|||&#8221;][et_pb_text admin_label=&#8221;Tekst&#8221; _builder_version=&#8221;4.16&#8243; header_2_text_align=&#8221;center&#8221; header_2_text_color=&#8221;#99ccff&#8221; header_2_font_size=&#8221;14px&#8221; custom_margin=&#8221;0px||0px&#8221; custom_padding=&#8221;0px||0px&#8221; global_colors_info=&#8221;{}&#8221;]<\/p>\n<h2>Zero Max &#8211; Industri<\/h2>\n<p>[\/et_pb_text][et_pb_text _builder_version=&#8221;4.16&#8243; background_image=&#8221;https:\/\/zero-max.dk\/wp-content\/uploads\/2018\/12\/Boxes.jpg&#8221; text_orientation=&#8221;center&#8221; custom_margin=&#8221;0px||0px&#8221; custom_padding=&#8221;10px|20px|26px|20px&#8221; border_width_all=&#8221;1px&#8221; border_color_all=&#8221;#ffffff&#8221; global_colors_info=&#8221;{}&#8221;]<\/p>\n<p>Hurtighed, pr\u00e6cision og driftssikkerhed? Overvej en l\u00f8sning fra Zero-Max<\/p>\n<p>[\/et_pb_text][\/et_pb_column][et_pb_column type=&#8221;1_3&#8243; _builder_version=&#8221;4.16&#8243; custom_padding=&#8221;|||&#8221; global_colors_info=&#8221;{}&#8221; custom_padding__hover=&#8221;|||&#8221;][et_pb_text _builder_version=&#8221;4.16&#8243; header_2_text_align=&#8221;center&#8221; header_2_text_color=&#8221;#99ccff&#8221; header_2_font_size=&#8221;14px&#8221; custom_margin=&#8221;0px||0px&#8221; custom_padding=&#8221;0px||0px&#8221; global_colors_info=&#8221;{}&#8221;]<\/p>\n<h2>Zero Max \u2013 Landbrug<\/h2>\n<p>[\/et_pb_text][et_pb_text _builder_version=&#8221;4.16&#8243; background_image=&#8221;https:\/\/zero-max.dk\/wp-content\/uploads\/2018\/12\/Boxes.jpg&#8221; text_orientation=&#8221;center&#8221; custom_margin=&#8221;0px||0px&#8221; custom_padding=&#8221;10px|20px|25px|20px&#8221; border_width_all=&#8221;1px&#8221; border_color_all=&#8221;#ffffff&#8221; global_colors_info=&#8221;{}&#8221;]<\/p>\n<p>St\u00f8rre, tungere, hurtigere? Driftssikker?<br \/>Kundespecifikt designet hos Zero-Max!<\/p>\n<p>[\/et_pb_text][\/et_pb_column][et_pb_column type=&#8221;1_3&#8243; _builder_version=&#8221;4.16&#8243; custom_padding=&#8221;|||&#8221; global_colors_info=&#8221;{}&#8221; custom_padding__hover=&#8221;|||&#8221;][et_pb_text _builder_version=&#8221;4.16&#8243; header_2_text_align=&#8221;center&#8221; header_2_text_color=&#8221;#99ccff&#8221; header_2_font_size=&#8221;14px&#8221; custom_margin=&#8221;0px||0px&#8221; custom_padding=&#8221;0px||0px&#8221; global_colors_info=&#8221;{}&#8221;]<\/p>\n<h2>Zero Max \u2013 Energi<\/h2>\n<p>[\/et_pb_text][et_pb_text admin_label=&#8221;Text&#8221; _builder_version=&#8221;4.16&#8243; background_image=&#8221;https:\/\/zero-max.dk\/wp-content\/uploads\/2018\/12\/Boxes.jpg&#8221; text_orientation=&#8221;center&#8221; custom_margin=&#8221;0px||0px&#8221; custom_padding=&#8221;10px|10px|10px|10px&#8221; border_width_all=&#8221;1px&#8221; border_color_all=&#8221;#ffffff&#8221; global_colors_info=&#8221;{}&#8221;]<\/p>\n<p>St\u00e6rk ydeevne i ekstrem vind? <br \/>Skiftende klimabetingelserne?<br \/>Zero-Max skaber l\u00f8sningen for dig!<\/p>\n<p>[\/et_pb_text][\/et_pb_column][\/et_pb_row][\/et_pb_section]<\/p>\n","protected":false},"excerpt":{"rendered":"<p>Udviklet til at kunne bruges i en r\u00e6kke forskellige milj\u00f8er.OVERBESLASTNINGSBESKYTTELSEType B Gennemg\u00e5ende akselmontering &#8211; Type B\u00a0\u00a0Gennemg\u00e5ende akselmonteringen skal have et akselpas gennem hele drejningsmomentet. Et komponent som et k\u00e6dehjul eller neg er bundet p\u00e5 drejningsmomentet udenp\u00e5. N\u00e5r der sker en overbelastning, vil\u00a0drevkomponentet\u00a0(aksel, taljer, k\u00e6dehjul etc.) forts\u00e6tte med at rotere. Et lejelejer (bronze b\u00f8sninger) er en [&hellip;]<\/p>\n","protected":false},"author":7,"featured_media":0,"parent":0,"menu_order":0,"comment_status":"closed","ping_status":"closed","template":"","meta":{"_et_pb_use_builder":"on","_et_pb_old_content":"","_et_gb_content_width":"","footnotes":""},"class_list":["post-962","page","type-page","status-publish","hentry"],"yoast_head":"<!-- This site is optimized with the Yoast SEO plugin v27.5 - https:\/\/yoast.com\/product\/yoast-seo-wordpress\/ -->\n<title>Overbelastningsbeskyttelse \u2013 Type B | Gennemg\u00e5ende akselmontering med integreret leje Zero-Max A\/S<\/title>\n<meta name=\"description\" content=\"ype B Torq-Tender beskytter mod overbelastning med en gennemg\u00e5ende akselmontering og integrerede bronzelejer. F\u00e5s ogs\u00e5 som Type BD med skive eller Type BP med stift for aktivering.\" \/>\n<meta name=\"robots\" content=\"index, follow, max-snippet:-1, max-image-preview:large, max-video-preview:-1\" \/>\n<link rel=\"canonical\" href=\"https:\/\/zero-max.dk\/en\/through-shaft-mount-type-b-da\/\" \/>\n<meta property=\"og:locale\" content=\"en_GB\" \/>\n<meta property=\"og:type\" content=\"article\" \/>\n<meta property=\"og:title\" content=\"Overbelastningsbeskyttelse \u2013 Type B | Gennemg\u00e5ende akselmontering med integreret leje Zero-Max A\/S\" \/>\n<meta property=\"og:description\" content=\"ype B Torq-Tender beskytter mod overbelastning med en gennemg\u00e5ende akselmontering og integrerede bronzelejer. F\u00e5s ogs\u00e5 som Type BD med skive eller Type BP med stift for aktivering.\" \/>\n<meta property=\"og:url\" content=\"https:\/\/zero-max.dk\/en\/through-shaft-mount-type-b-da\/\" \/>\n<meta property=\"og:site_name\" content=\"Zero-Max A\/S\" \/>\n<meta property=\"article:modified_time\" content=\"2025-04-07T09:20:18+00:00\" \/>\n<meta name=\"twitter:card\" content=\"summary_large_image\" \/>\n<meta name=\"twitter:label1\" content=\"Estimated reading time\" \/>\n\t<meta name=\"twitter:data1\" content=\"2 minutes\" \/>\n<script type=\"application\/ld+json\" class=\"yoast-schema-graph\">{\"@context\":\"https:\\\/\\\/schema.org\",\"@graph\":[{\"@type\":\"WebPage\",\"@id\":\"https:\\\/\\\/zero-max.dk\\\/through-shaft-mount-type-b-da\\\/\",\"url\":\"https:\\\/\\\/zero-max.dk\\\/through-shaft-mount-type-b-da\\\/\",\"name\":\"Overbelastningsbeskyttelse \u2013 Type B | Gennemg\u00e5ende akselmontering med integreret leje Zero-Max A\\\/S\",\"isPartOf\":{\"@id\":\"https:\\\/\\\/zero-max.dk\\\/#website\"},\"datePublished\":\"2019-01-02T16:52:39+00:00\",\"dateModified\":\"2025-04-07T09:20:18+00:00\",\"description\":\"ype B Torq-Tender beskytter mod overbelastning med en gennemg\u00e5ende akselmontering og integrerede bronzelejer. F\u00e5s ogs\u00e5 som Type BD med skive eller Type BP med stift for aktivering.\",\"breadcrumb\":{\"@id\":\"https:\\\/\\\/zero-max.dk\\\/through-shaft-mount-type-b-da\\\/#breadcrumb\"},\"inLanguage\":\"en-GB\",\"potentialAction\":[{\"@type\":\"ReadAction\",\"target\":[\"https:\\\/\\\/zero-max.dk\\\/through-shaft-mount-type-b-da\\\/\"]}]},{\"@type\":\"BreadcrumbList\",\"@id\":\"https:\\\/\\\/zero-max.dk\\\/through-shaft-mount-type-b-da\\\/#breadcrumb\",\"itemListElement\":[{\"@type\":\"ListItem\",\"position\":1,\"name\":\"Hjem\",\"item\":\"https:\\\/\\\/zero-max.dk\\\/\"},{\"@type\":\"ListItem\",\"position\":2,\"name\":\"Through Shaft Mount &#8211; Type B DA\"}]},{\"@type\":\"WebSite\",\"@id\":\"https:\\\/\\\/zero-max.dk\\\/#website\",\"url\":\"https:\\\/\\\/zero-max.dk\\\/\",\"name\":\"Zero-Max A\\\/S\",\"description\":\"\",\"potentialAction\":[{\"@type\":\"SearchAction\",\"target\":{\"@type\":\"EntryPoint\",\"urlTemplate\":\"https:\\\/\\\/zero-max.dk\\\/?s={search_term_string}\"},\"query-input\":{\"@type\":\"PropertyValueSpecification\",\"valueRequired\":true,\"valueName\":\"search_term_string\"}}],\"inLanguage\":\"en-GB\"}]}<\/script>\n<!-- \/ Yoast SEO plugin. -->","yoast_head_json":{"title":"Overload protection - Type B | Through shaft mounting with integrated bearing Zero-Max A\/S","description":"Type B Torq-Tender protects against overloads with a through shaft mounting and integrated bronze bearings. Also available as Type BD with disc or Type BP with pin for actuation.","robots":{"index":"index","follow":"follow","max-snippet":"max-snippet:-1","max-image-preview":"max-image-preview:large","max-video-preview":"max-video-preview:-1"},"canonical":"https:\/\/zero-max.dk\/en\/through-shaft-mount-type-b-da\/","og_locale":"en_GB","og_type":"article","og_title":"Overbelastningsbeskyttelse \u2013 Type B | Gennemg\u00e5ende akselmontering med integreret leje Zero-Max A\/S","og_description":"ype B Torq-Tender beskytter mod overbelastning med en gennemg\u00e5ende akselmontering og integrerede bronzelejer. F\u00e5s ogs\u00e5 som Type BD med skive eller Type BP med stift for aktivering.","og_url":"https:\/\/zero-max.dk\/en\/through-shaft-mount-type-b-da\/","og_site_name":"Zero-Max A\/S","article_modified_time":"2025-04-07T09:20:18+00:00","twitter_card":"summary_large_image","twitter_misc":{"Estimated reading time":"2 minutes"},"schema":{"@context":"https:\/\/schema.org","@graph":[{"@type":"WebPage","@id":"https:\/\/zero-max.dk\/through-shaft-mount-type-b-da\/","url":"https:\/\/zero-max.dk\/through-shaft-mount-type-b-da\/","name":"Overload protection - Type B | Through shaft mounting with integrated bearing Zero-Max A\/S","isPartOf":{"@id":"https:\/\/zero-max.dk\/#website"},"datePublished":"2019-01-02T16:52:39+00:00","dateModified":"2025-04-07T09:20:18+00:00","description":"Type B Torq-Tender protects against overloads with a through shaft mounting and integrated bronze bearings. Also available as Type BD with disc or Type BP with pin for actuation.","breadcrumb":{"@id":"https:\/\/zero-max.dk\/through-shaft-mount-type-b-da\/#breadcrumb"},"inLanguage":"en-GB","potentialAction":[{"@type":"ReadAction","target":["https:\/\/zero-max.dk\/through-shaft-mount-type-b-da\/"]}]},{"@type":"BreadcrumbList","@id":"https:\/\/zero-max.dk\/through-shaft-mount-type-b-da\/#breadcrumb","itemListElement":[{"@type":"ListItem","position":1,"name":"Hjem","item":"https:\/\/zero-max.dk\/"},{"@type":"ListItem","position":2,"name":"Through Shaft Mount &#8211; Type B DA"}]},{"@type":"WebSite","@id":"https:\/\/zero-max.dk\/#website","url":"https:\/\/zero-max.dk\/","name":"Zero-Max A\/S","description":"","potentialAction":[{"@type":"SearchAction","target":{"@type":"EntryPoint","urlTemplate":"https:\/\/zero-max.dk\/?s={search_term_string}"},"query-input":{"@type":"PropertyValueSpecification","valueRequired":true,"valueName":"search_term_string"}}],"inLanguage":"en-GB"}]}},"_links":{"self":[{"href":"https:\/\/zero-max.dk\/en\/wp-json\/wp\/v2\/pages\/962","targetHints":{"allow":["GET"]}}],"collection":[{"href":"https:\/\/zero-max.dk\/en\/wp-json\/wp\/v2\/pages"}],"about":[{"href":"https:\/\/zero-max.dk\/en\/wp-json\/wp\/v2\/types\/page"}],"author":[{"embeddable":true,"href":"https:\/\/zero-max.dk\/en\/wp-json\/wp\/v2\/users\/7"}],"replies":[{"embeddable":true,"href":"https:\/\/zero-max.dk\/en\/wp-json\/wp\/v2\/comments?post=962"}],"version-history":[{"count":9,"href":"https:\/\/zero-max.dk\/en\/wp-json\/wp\/v2\/pages\/962\/revisions"}],"predecessor-version":[{"id":6251,"href":"https:\/\/zero-max.dk\/en\/wp-json\/wp\/v2\/pages\/962\/revisions\/6251"}],"wp:attachment":[{"href":"https:\/\/zero-max.dk\/en\/wp-json\/wp\/v2\/media?parent=962"}],"curies":[{"name":"wp","href":"https:\/\/api.w.org\/{rel}","templated":true}]}}