{"id":964,"date":"2019-01-02T17:53:21","date_gmt":"2019-01-02T16:53:21","guid":{"rendered":"https:\/\/zero-max.dk\/?page_id=964"},"modified":"2025-08-12T13:38:49","modified_gmt":"2025-08-12T11:38:49","slug":"unidirectional-drives-da","status":"publish","type":"page","link":"https:\/\/zero-max.dk\/en\/unidirectional-drives-da\/","title":{"rendered":"One-Way Speed Drive"},"content":{"rendered":"<p>[et_pb_section fb_built=&#8221;1&#8243; _builder_version=&#8221;4.21.0&#8243; background_image=&#8221;https:\/\/zero-max.dk\/wp-content\/uploads\/2018\/12\/1152-Drives-Tops-1.jpg&#8221; custom_padding=&#8221;8%||&#8221; animation_style=&#8221;zoom&#8221; custom_css_main_element=&#8221;height: 450px;&#8221; border_width_bottom=&#8221;1px&#8221; border_color_bottom=&#8221;#e5e5e5&#8243; global_colors_info=&#8221;{}&#8221;][et_pb_row _builder_version=&#8221;4.21.0&#8243; width_tablet=&#8221;45%&#8221; width_phone=&#8221;89%&#8221; width_last_edited=&#8221;on|tablet&#8221; module_alignment=&#8221;right&#8221; module_alignment_tablet=&#8221;right&#8221; module_alignment_phone=&#8221;right&#8221; module_alignment_last_edited=&#8221;on|phone&#8221; global_colors_info=&#8221;{}&#8221;][et_pb_column type=&#8221;4_4&#8243; _builder_version=&#8221;4.16&#8243; custom_padding=&#8221;|||&#8221; global_colors_info=&#8221;{}&#8221; custom_padding__hover=&#8221;|||&#8221;][et_pb_text _builder_version=&#8221;4.21.0&#8243; text_font=&#8221;Oswald||||||||&#8221; text_text_color=&#8221;#013366&#8243; text_font_size=&#8221;26px&#8221; text_letter_spacing=&#8221;4px&#8221; text_line_height=&#8221;1.1em&#8221; text_orientation=&#8221;right&#8221; custom_margin_tablet=&#8221;&#8221; custom_margin_phone=&#8221;-51px||||false|false&#8221; custom_margin_last_edited=&#8221;on|phone&#8221; text_orientation_tablet=&#8221;center&#8221; text_orientation_last_edited=&#8221;off|phone&#8221; global_colors_info=&#8221;{}&#8221;]<\/p>\n<p>Unikke mekanisk variabel hastighed<br \/>transmissionsdrev<\/p>\n<p>[\/et_pb_text][\/et_pb_column][\/et_pb_row][\/et_pb_section][et_pb_section fb_built=&#8221;1&#8243; disabled_on=&#8221;on|off|off&#8221; _builder_version=&#8221;4.16&#8243; background_color=&#8221;#ffffff&#8221; custom_padding=&#8221;20px||20px&#8221; global_colors_info=&#8221;{}&#8221;][et_pb_row _builder_version=&#8221;4.16&#8243; global_colors_info=&#8221;{}&#8221;][et_pb_column type=&#8221;4_4&#8243; _builder_version=&#8221;4.16&#8243; custom_padding=&#8221;|||&#8221; global_colors_info=&#8221;{}&#8221; custom_padding__hover=&#8221;|||&#8221;][et_pb_text _builder_version=&#8221;4.27.4&#8243; header_text_align=&#8221;center&#8221; header_2_text_align=&#8221;center&#8221; header_3_text_color=&#8221;#003366&#8243; global_colors_info=&#8221;{}&#8221;]<\/p>\n<h1><span class=\"textheading2 mobile-undersized-upper\">JUSTERBARE HASTIGHEDSDREV<\/span><\/h1>\n<h1><span class=\"textheading2 mobile-undersized-upper\">Envejs<\/span><\/h1>\n<p>[\/et_pb_text][\/et_pb_column][\/et_pb_row][et_pb_row _builder_version=&#8221;4.27.4&#8243; _module_preset=&#8221;default&#8221; global_colors_info=&#8221;{}&#8221;][et_pb_column type=&#8221;4_4&#8243; _builder_version=&#8221;4.27.4&#8243; _module_preset=&#8221;default&#8221; global_colors_info=&#8221;{}&#8221;][et_pb_text _builder_version=&#8221;4.27.4&#8243; _module_preset=&#8221;default&#8221; header_3_text_align=&#8221;center&#8221; width=&#8221;80%&#8221; module_alignment=&#8221;center&#8221; hover_enabled=&#8221;0&#8243; global_colors_info=&#8221;{}&#8221; sticky_enabled=&#8221;0&#8243;]<\/p>\n<h3 data-start=\"153\" data-end=\"215\" class=\"\">P\u00e5lidelig og pr\u00e6cis hastighedsstyring \u2013 \u00e9n vej ad gangen<\/h3>\n<p data-start=\"216\" data-end=\"583\" class=\"\">Zero-Max\u2019 <strong data-start=\"226\" data-end=\"262\">envejs justerbare hastighedsdrev<\/strong> giver dig en enkel og effektiv m\u00e5de at kontrollere udgangshastigheden p\u00e5 \u2013 fra fuld fart til helt i st\u00e5. Uanset om du arbejder med automatisering, forarbejdning eller specialmaskiner, tilbyder disse mekaniske drev <strong data-start=\"477\" data-end=\"496\">konstant moment<\/strong>, <strong data-start=\"498\" data-end=\"529\">trinl\u00f8s hastighedsjustering<\/strong> og <strong data-start=\"533\" data-end=\"549\">lang levetid<\/strong> \u2013 helt uden behov for elektronik.<\/p>\n<p data-start=\"585\" data-end=\"906\" class=\"\">Drevene fungerer som sekund\u00e6re transmissionsenheder og er ideelle i applikationer, hvor pr\u00e6cis og repeterbar hastighedskontrol er afg\u00f8rende.<br data-start=\"725\" data-end=\"728\" \/>Alle modeller k\u00f8rer i <strong data-start=\"750\" data-end=\"764\">\u00e9n retning<\/strong>, men med <strong data-start=\"774\" data-end=\"822\">just\u00e9rbar udgangshastighed fra 0 til 400 RPM<\/strong> (baseret p\u00e5 1800 RPM input), og d\u00e6kker forskellige behov for moment og inputeffekt.<\/p>\n<p data-start=\"908\" data-end=\"1036\" class=\"\">\u2705 Driftssikre og kompakte<br data-start=\"933\" data-end=\"936\" \/>\u2705 Trinl\u00f8s omdrejningsregulering<br data-start=\"966\" data-end=\"969\" \/>\u2705 Nem installation og betjening<br data-start=\"1000\" data-end=\"1003\" \/>\u2705 Uden behov for el-tilslutning<\/p>\n<p data-start=\"1038\" data-end=\"1190\" class=\"\">Nedenfor kan du se det fulde udvalg af envejs mekaniske drev \u2013 fra lette E-modeller til kraftige ZX-modeller.<\/p>\n<p>[\/et_pb_text][\/et_pb_column][\/et_pb_row][et_pb_row column_structure=&#8221;1_3,1_3,1_3&#8243; _builder_version=&#8221;4.16&#8243; global_colors_info=&#8221;{}&#8221;][et_pb_column type=&#8221;1_3&#8243; _builder_version=&#8221;4.16&#8243; custom_padding=&#8221;|||&#8221; global_colors_info=&#8221;{}&#8221; custom_padding__hover=&#8221;|||&#8221;][et_pb_blurb title=&#8221;E Modeller&#8221; image=&#8221;https:\/\/zero-max.dk\/wp-content\/uploads\/2018\/12\/E.jpg&#8221; _builder_version=&#8221;4.27.4&#8243; header_level=&#8221;h2&#8243; hover_enabled=&#8221;0&#8243; global_colors_info=&#8221;{}&#8221; sticky_enabled=&#8221;0&#8243;]<\/p>\n<p>E Modeller 1, 2, 41 og 42.<\/p>\n<ul>\n<li>Momentvurderinger 12 in. lbs.<\/li>\n<li>Omdrejninger 0-400 omd\/min.<\/li>\n<li>Normalt Input 1\/4 -1\/3 H.P.<\/li>\n<\/ul>\n<p>[\/et_pb_blurb][\/et_pb_column][et_pb_column type=&#8221;1_3&#8243; _builder_version=&#8221;4.16&#8243; custom_padding=&#8221;|||&#8221; global_colors_info=&#8221;{}&#8221; custom_padding__hover=&#8221;|||&#8221;][et_pb_blurb title=&#8221;JK Modeller&#8221; image=&#8221;https:\/\/zero-max.dk\/wp-content\/uploads\/2018\/12\/E.jpg&#8221; _builder_version=&#8221;4.27.4&#8243; header_level=&#8221;h2&#8243; hover_enabled=&#8221;0&#8243; global_colors_info=&#8221;{}&#8221; sticky_enabled=&#8221;0&#8243;]<\/p>\n<p>JK Modeller 1, 2, 41 og 42.<\/p>\n<ul>\n<li>Momentvurdering 25 in. lbs.<\/li>\n<li>Omdrejninger 0-400 omd\/min.<\/li>\n<li>Normalt Input 1\/4 -1\/3 H.P.<\/li>\n<\/ul>\n<p>[\/et_pb_blurb][\/et_pb_column][et_pb_column type=&#8221;1_3&#8243; _builder_version=&#8221;4.16&#8243; custom_padding=&#8221;|||&#8221; global_colors_info=&#8221;{}&#8221; custom_padding__hover=&#8221;|||&#8221;][et_pb_blurb title=&#8221;QX Modeller&#8221; image=&#8221;https:\/\/zero-max.dk\/wp-content\/uploads\/2018\/12\/Y.jpg&#8221; _builder_version=&#8221;4.27.4&#8243; header_level=&#8221;h2&#8243; hover_enabled=&#8221;0&#8243; global_colors_info=&#8221;{}&#8221; sticky_enabled=&#8221;0&#8243;]<\/p>\n<p>QX Modeller 1, 2, 41 og 42.<\/p>\n<ul>\n<li>Momentvurdering 100 in. lbs.<\/li>\n<li>Omdrejninger 0-400 omd\/min.<\/li>\n<li>Normalt Input 3\/4 H.P.<\/li>\n<\/ul>\n<p>[\/et_pb_blurb][\/et_pb_column][\/et_pb_row][et_pb_row column_structure=&#8221;1_3,1_3,1_3&#8243; _builder_version=&#8221;4.16&#8243; global_colors_info=&#8221;{}&#8221;][et_pb_column type=&#8221;1_3&#8243; _builder_version=&#8221;4.16&#8243; custom_padding=&#8221;|||&#8221; global_colors_info=&#8221;{}&#8221; custom_padding__hover=&#8221;|||&#8221;][et_pb_blurb title=&#8221;Y Modeller&#8221; image=&#8221;https:\/\/zero-max.dk\/wp-content\/uploads\/2018\/12\/QX.jpg&#8221; _builder_version=&#8221;4.27.4&#8243; header_level=&#8221;h2&#8243; hover_enabled=&#8221;0&#8243; global_colors_info=&#8221;{}&#8221; sticky_enabled=&#8221;0&#8243;]<\/p>\n<p>Y Modeller 1, 2, 41 og 42.<\/p>\n<ul>\n<li>Momentvurdering 60 in. lbs.<\/li>\n<li>Omdrejninger 0-400 omd\/min.<\/li>\n<li>Normalt Input 1\/2 H.P.<\/li>\n<\/ul>\n<p>[\/et_pb_blurb][\/et_pb_column][et_pb_column type=&#8221;1_3&#8243; _builder_version=&#8221;4.16&#8243; custom_padding=&#8221;|||&#8221; global_colors_info=&#8221;{}&#8221; custom_padding__hover=&#8221;|||&#8221;][et_pb_blurb title=&#8221;ZX Modeller&#8221; image=&#8221;https:\/\/zero-max.dk\/wp-content\/uploads\/2018\/12\/ZX.jpg&#8221; _builder_version=&#8221;4.27.4&#8243; header_level=&#8221;h2&#8243; hover_enabled=&#8221;0&#8243; global_colors_info=&#8221;{}&#8221; sticky_enabled=&#8221;0&#8243;]<\/p>\n<p>ZX Modeller 1, 2, 41 og 42.<\/p>\n<ul>\n<li>Momentvurdering 200 in. lbs.<\/li>\n<li>Omdrejninger 0-400 omd\/min.<\/li>\n<li>Normalt Input 1 &#8211; 1\/2 H.P.<\/li>\n<\/ul>\n<p>[\/et_pb_blurb][\/et_pb_column][et_pb_column type=&#8221;1_3&#8243; _builder_version=&#8221;4.16&#8243; custom_padding=&#8221;|||&#8221; global_colors_info=&#8221;{}&#8221; custom_padding__hover=&#8221;|||&#8221;][\/et_pb_column][\/et_pb_row][\/et_pb_section][et_pb_section fb_built=&#8221;1&#8243; disabled_on=&#8221;on|on|on&#8221; _builder_version=&#8221;4.21.0&#8243; background_color=&#8221;#003366&#8243; custom_padding=&#8221;0px||0px&#8221; disabled=&#8221;on&#8221; global_module=&#8221;1102&#8243; saved_tabs=&#8221;all&#8221; global_colors_info=&#8221;{}&#8221;][et_pb_row column_structure=&#8221;1_3,1_3,1_3&#8243; _builder_version=&#8221;4.16&#8243; global_colors_info=&#8221;{}&#8221;][et_pb_column type=&#8221;1_3&#8243; _builder_version=&#8221;4.16&#8243; custom_padding=&#8221;|||&#8221; global_colors_info=&#8221;{}&#8221; custom_padding__hover=&#8221;|||&#8221;][et_pb_text admin_label=&#8221;Tekst&#8221; _builder_version=&#8221;4.16&#8243; header_2_text_align=&#8221;center&#8221; header_2_text_color=&#8221;#99ccff&#8221; header_2_font_size=&#8221;14px&#8221; custom_margin=&#8221;0px||0px&#8221; custom_padding=&#8221;0px||0px&#8221; global_colors_info=&#8221;{}&#8221;]<\/p>\n<h2>Zero Max &#8211; Industri<\/h2>\n<p>[\/et_pb_text][et_pb_text _builder_version=&#8221;4.16&#8243; background_image=&#8221;https:\/\/zero-max.dk\/wp-content\/uploads\/2018\/12\/Boxes.jpg&#8221; text_orientation=&#8221;center&#8221; custom_margin=&#8221;0px||0px&#8221; custom_padding=&#8221;10px|20px|26px|20px&#8221; border_width_all=&#8221;1px&#8221; border_color_all=&#8221;#ffffff&#8221; global_colors_info=&#8221;{}&#8221;]<\/p>\n<p>Hurtighed, pr\u00e6cision og driftssikkerhed? Overvej en l\u00f8sning fra Zero-Max<\/p>\n<p>[\/et_pb_text][\/et_pb_column][et_pb_column type=&#8221;1_3&#8243; _builder_version=&#8221;4.16&#8243; custom_padding=&#8221;|||&#8221; global_colors_info=&#8221;{}&#8221; custom_padding__hover=&#8221;|||&#8221;][et_pb_text _builder_version=&#8221;4.16&#8243; header_2_text_align=&#8221;center&#8221; header_2_text_color=&#8221;#99ccff&#8221; header_2_font_size=&#8221;14px&#8221; custom_margin=&#8221;0px||0px&#8221; custom_padding=&#8221;0px||0px&#8221; global_colors_info=&#8221;{}&#8221;]<\/p>\n<h2>Zero Max \u2013 Landbrug<\/h2>\n<p>[\/et_pb_text][et_pb_text _builder_version=&#8221;4.16&#8243; background_image=&#8221;https:\/\/zero-max.dk\/wp-content\/uploads\/2018\/12\/Boxes.jpg&#8221; text_orientation=&#8221;center&#8221; custom_margin=&#8221;0px||0px&#8221; custom_padding=&#8221;10px|20px|25px|20px&#8221; border_width_all=&#8221;1px&#8221; border_color_all=&#8221;#ffffff&#8221; global_colors_info=&#8221;{}&#8221;]<\/p>\n<p>St\u00f8rre, tungere, hurtigere? Driftssikker?<br \/>Kundespecifikt designet hos Zero-Max!<\/p>\n<p>[\/et_pb_text][\/et_pb_column][et_pb_column type=&#8221;1_3&#8243; _builder_version=&#8221;4.16&#8243; custom_padding=&#8221;|||&#8221; global_colors_info=&#8221;{}&#8221; custom_padding__hover=&#8221;|||&#8221;][et_pb_text _builder_version=&#8221;4.16&#8243; header_2_text_align=&#8221;center&#8221; header_2_text_color=&#8221;#99ccff&#8221; header_2_font_size=&#8221;14px&#8221; custom_margin=&#8221;0px||0px&#8221; custom_padding=&#8221;0px||0px&#8221; global_colors_info=&#8221;{}&#8221;]<\/p>\n<h2>Zero Max \u2013 Energi<\/h2>\n<p>[\/et_pb_text][et_pb_text admin_label=&#8221;Text&#8221; _builder_version=&#8221;4.16&#8243; background_image=&#8221;https:\/\/zero-max.dk\/wp-content\/uploads\/2018\/12\/Boxes.jpg&#8221; text_orientation=&#8221;center&#8221; custom_margin=&#8221;0px||0px&#8221; custom_padding=&#8221;10px|10px|10px|10px&#8221; border_width_all=&#8221;1px&#8221; border_color_all=&#8221;#ffffff&#8221; global_colors_info=&#8221;{}&#8221;]<\/p>\n<p>St\u00e6rk ydeevne i ekstrem vind? <br \/>Skiftende klimabetingelserne?<br \/>Zero-Max skaber l\u00f8sningen for dig!<\/p>\n<p>[\/et_pb_text][\/et_pb_column][\/et_pb_row][\/et_pb_section]<\/p>\n","protected":false},"excerpt":{"rendered":"<p>Unikke mekanisk variabel hastighedtransmissionsdrevJUSTERBARE HASTIGHEDSDREV EnvejsP\u00e5lidelig og pr\u00e6cis hastighedsstyring \u2013 \u00e9n vej ad gangen Zero-Max\u2019 envejs justerbare hastighedsdrev giver dig en enkel og effektiv m\u00e5de at kontrollere udgangshastigheden p\u00e5 \u2013 fra fuld fart til helt i st\u00e5. Uanset om du arbejder med automatisering, forarbejdning eller specialmaskiner, tilbyder disse mekaniske drev konstant moment, trinl\u00f8s hastighedsjustering og [&hellip;]<\/p>\n","protected":false},"author":7,"featured_media":0,"parent":0,"menu_order":0,"comment_status":"closed","ping_status":"closed","template":"","meta":{"_et_pb_use_builder":"on","_et_pb_old_content":"","_et_gb_content_width":"","footnotes":""},"class_list":["post-964","page","type-page","status-publish","hentry"],"yoast_head":"<!-- This site is optimized with the Yoast SEO plugin v27.5 - https:\/\/yoast.com\/product\/yoast-seo-wordpress\/ -->\n<title>Envejs justerbare hastighedsdrev | E, JK, Y, QX, ZX modeller | Zero-Max A\/S<\/title>\n<meta name=\"description\" content=\"Udforsk Zero-Max\u2019 envejs hastighedsdrev med konstant moment og trinl\u00f8s regulering. Perfekt til pr\u00e6cis fartkontrol fra 0-400 RPM i industrien.\" \/>\n<meta name=\"robots\" content=\"index, follow, max-snippet:-1, max-image-preview:large, max-video-preview:-1\" \/>\n<link rel=\"canonical\" href=\"https:\/\/zero-max.dk\/en\/unidirectional-drives-da\/\" \/>\n<meta property=\"og:locale\" content=\"en_GB\" \/>\n<meta property=\"og:type\" content=\"article\" \/>\n<meta property=\"og:title\" content=\"Envejs justerbare hastighedsdrev | E, JK, Y, QX, ZX modeller | Zero-Max A\/S\" \/>\n<meta property=\"og:description\" content=\"Udforsk Zero-Max\u2019 envejs hastighedsdrev med konstant moment og trinl\u00f8s regulering. Perfekt til pr\u00e6cis fartkontrol fra 0-400 RPM i industrien.\" \/>\n<meta property=\"og:url\" content=\"https:\/\/zero-max.dk\/en\/unidirectional-drives-da\/\" \/>\n<meta property=\"og:site_name\" content=\"Zero-Max A\/S\" \/>\n<meta property=\"article:modified_time\" content=\"2025-08-12T11:38:49+00:00\" \/>\n<meta name=\"twitter:card\" content=\"summary_large_image\" \/>\n<meta name=\"twitter:label1\" content=\"Estimated reading time\" \/>\n\t<meta name=\"twitter:data1\" content=\"3 minutes\" \/>\n<script type=\"application\/ld+json\" class=\"yoast-schema-graph\">{\"@context\":\"https:\\\/\\\/schema.org\",\"@graph\":[{\"@type\":\"WebPage\",\"@id\":\"https:\\\/\\\/zero-max.dk\\\/unidirectional-drives-da\\\/\",\"url\":\"https:\\\/\\\/zero-max.dk\\\/unidirectional-drives-da\\\/\",\"name\":\"Envejs justerbare hastighedsdrev | E, JK, Y, QX, ZX modeller | Zero-Max A\\\/S\",\"isPartOf\":{\"@id\":\"https:\\\/\\\/zero-max.dk\\\/#website\"},\"datePublished\":\"2019-01-02T16:53:21+00:00\",\"dateModified\":\"2025-08-12T11:38:49+00:00\",\"description\":\"Udforsk Zero-Max\u2019 envejs hastighedsdrev med konstant moment og trinl\u00f8s regulering. Perfekt til pr\u00e6cis fartkontrol fra 0-400 RPM i industrien.\",\"breadcrumb\":{\"@id\":\"https:\\\/\\\/zero-max.dk\\\/unidirectional-drives-da\\\/#breadcrumb\"},\"inLanguage\":\"en-GB\",\"potentialAction\":[{\"@type\":\"ReadAction\",\"target\":[\"https:\\\/\\\/zero-max.dk\\\/unidirectional-drives-da\\\/\"]}]},{\"@type\":\"BreadcrumbList\",\"@id\":\"https:\\\/\\\/zero-max.dk\\\/unidirectional-drives-da\\\/#breadcrumb\",\"itemListElement\":[{\"@type\":\"ListItem\",\"position\":1,\"name\":\"Hjem\",\"item\":\"https:\\\/\\\/zero-max.dk\\\/\"},{\"@type\":\"ListItem\",\"position\":2,\"name\":\"Envejs hastighedsdrev\"}]},{\"@type\":\"WebSite\",\"@id\":\"https:\\\/\\\/zero-max.dk\\\/#website\",\"url\":\"https:\\\/\\\/zero-max.dk\\\/\",\"name\":\"Zero-Max A\\\/S\",\"description\":\"\",\"potentialAction\":[{\"@type\":\"SearchAction\",\"target\":{\"@type\":\"EntryPoint\",\"urlTemplate\":\"https:\\\/\\\/zero-max.dk\\\/?s={search_term_string}\"},\"query-input\":{\"@type\":\"PropertyValueSpecification\",\"valueRequired\":true,\"valueName\":\"search_term_string\"}}],\"inLanguage\":\"en-GB\"}]}<\/script>\n<!-- \/ Yoast SEO plugin. -->","yoast_head_json":{"title":"One-way adjustable speed drives | E, JK, Y, QX, ZX models | Zero-Max A\/S","description":"Explore Zero-Max's unidirectional speed drive with constant torque and stepless regulation. Perfect for precise speed control from 0-400 RPM in industry.","robots":{"index":"index","follow":"follow","max-snippet":"max-snippet:-1","max-image-preview":"max-image-preview:large","max-video-preview":"max-video-preview:-1"},"canonical":"https:\/\/zero-max.dk\/en\/unidirectional-drives-da\/","og_locale":"en_GB","og_type":"article","og_title":"Envejs justerbare hastighedsdrev | E, JK, Y, QX, ZX modeller | Zero-Max A\/S","og_description":"Udforsk Zero-Max\u2019 envejs hastighedsdrev med konstant moment og trinl\u00f8s regulering. Perfekt til pr\u00e6cis fartkontrol fra 0-400 RPM i industrien.","og_url":"https:\/\/zero-max.dk\/en\/unidirectional-drives-da\/","og_site_name":"Zero-Max A\/S","article_modified_time":"2025-08-12T11:38:49+00:00","twitter_card":"summary_large_image","twitter_misc":{"Estimated reading time":"3 minutes"},"schema":{"@context":"https:\/\/schema.org","@graph":[{"@type":"WebPage","@id":"https:\/\/zero-max.dk\/unidirectional-drives-da\/","url":"https:\/\/zero-max.dk\/unidirectional-drives-da\/","name":"One-way adjustable speed drives | E, JK, Y, QX, ZX models | Zero-Max A\/S","isPartOf":{"@id":"https:\/\/zero-max.dk\/#website"},"datePublished":"2019-01-02T16:53:21+00:00","dateModified":"2025-08-12T11:38:49+00:00","description":"Explore Zero-Max's unidirectional speed drive with constant torque and stepless regulation. Perfect for precise speed control from 0-400 RPM in industry.","breadcrumb":{"@id":"https:\/\/zero-max.dk\/unidirectional-drives-da\/#breadcrumb"},"inLanguage":"en-GB","potentialAction":[{"@type":"ReadAction","target":["https:\/\/zero-max.dk\/unidirectional-drives-da\/"]}]},{"@type":"BreadcrumbList","@id":"https:\/\/zero-max.dk\/unidirectional-drives-da\/#breadcrumb","itemListElement":[{"@type":"ListItem","position":1,"name":"Hjem","item":"https:\/\/zero-max.dk\/"},{"@type":"ListItem","position":2,"name":"Envejs hastighedsdrev"}]},{"@type":"WebSite","@id":"https:\/\/zero-max.dk\/#website","url":"https:\/\/zero-max.dk\/","name":"Zero-Max A\/S","description":"","potentialAction":[{"@type":"SearchAction","target":{"@type":"EntryPoint","urlTemplate":"https:\/\/zero-max.dk\/?s={search_term_string}"},"query-input":{"@type":"PropertyValueSpecification","valueRequired":true,"valueName":"search_term_string"}}],"inLanguage":"en-GB"}]}},"_links":{"self":[{"href":"https:\/\/zero-max.dk\/en\/wp-json\/wp\/v2\/pages\/964","targetHints":{"allow":["GET"]}}],"collection":[{"href":"https:\/\/zero-max.dk\/en\/wp-json\/wp\/v2\/pages"}],"about":[{"href":"https:\/\/zero-max.dk\/en\/wp-json\/wp\/v2\/types\/page"}],"author":[{"embeddable":true,"href":"https:\/\/zero-max.dk\/en\/wp-json\/wp\/v2\/users\/7"}],"replies":[{"embeddable":true,"href":"https:\/\/zero-max.dk\/en\/wp-json\/wp\/v2\/comments?post=964"}],"version-history":[{"count":19,"href":"https:\/\/zero-max.dk\/en\/wp-json\/wp\/v2\/pages\/964\/revisions"}],"predecessor-version":[{"id":6359,"href":"https:\/\/zero-max.dk\/en\/wp-json\/wp\/v2\/pages\/964\/revisions\/6359"}],"wp:attachment":[{"href":"https:\/\/zero-max.dk\/en\/wp-json\/wp\/v2\/media?parent=964"}],"curies":[{"name":"wp","href":"https:\/\/api.w.org\/{rel}","templated":true}]}}