{"id":970,"date":"2019-01-02T17:55:09","date_gmt":"2019-01-02T16:55:09","guid":{"rendered":"https:\/\/zero-max.dk\/?page_id=970"},"modified":"2025-04-07T14:39:29","modified_gmt":"2025-04-07T12:39:29","slug":"wind-turbine-parts-da","status":"publish","type":"page","link":"https:\/\/zero-max.dk\/en\/wind-turbine-parts-da\/","title":{"rendered":"Wind Turbine Solutions"},"content":{"rendered":"<p>[et_pb_section fb_built=&#8221;1&#8243; _builder_version=&#8221;4.21.0&#8243; background_color=&#8221;#003366&#8243; background_image=&#8221;https:\/\/zero-max.dk\/wp-content\/uploads\/2018\/12\/1152-Wind-Turbine-Tops.jpg&#8221; custom_padding=&#8221;0px||0px&#8221; animation_style=&#8221;zoom&#8221; custom_css_main_element=&#8221;height:420px&#8221; global_colors_info=&#8221;{}&#8221;][et_pb_row _builder_version=&#8221;4.16&#8243; custom_padding=&#8221;0px||0px&#8221; global_colors_info=&#8221;{}&#8221;][et_pb_column type=&#8221;4_4&#8243; _builder_version=&#8221;4.16&#8243; custom_padding=&#8221;|||&#8221; global_colors_info=&#8221;{}&#8221; custom_padding__hover=&#8221;|||&#8221;][et_pb_text _builder_version=&#8221;4.16&#8243; text_font=&#8221;||||||||&#8221; text_text_color=&#8221;#ffffff&#8221; custom_margin=&#8221;||&#8221; custom_padding=&#8221;||&#8221; global_colors_info=&#8221;{}&#8221;]<br \/>\n[\/et_pb_text][\/et_pb_column][\/et_pb_row][\/et_pb_section][et_pb_section fb_built=&#8221;1&#8243; disabled_on=&#8221;on|off|off&#8221; _builder_version=&#8221;4.16&#8243; background_color=&#8221;#ffffff&#8221; custom_padding=&#8221;20px||20px&#8221; global_colors_info=&#8221;{}&#8221;][et_pb_row _builder_version=&#8221;4.16&#8243; global_colors_info=&#8221;{}&#8221;][et_pb_column type=&#8221;4_4&#8243; _builder_version=&#8221;4.16&#8243; custom_padding=&#8221;|||&#8221; global_colors_info=&#8221;{}&#8221; custom_padding__hover=&#8221;|||&#8221;][et_pb_text _builder_version=&#8221;4.16&#8243; global_colors_info=&#8221;{}&#8221;]<\/p>\n<h1 style=\"text-align: center;\">Vindm\u00f8lledele<\/h1>\n<p>[\/et_pb_text][\/et_pb_column][\/et_pb_row][et_pb_row _builder_version=&#8221;4.27.4&#8243; _module_preset=&#8221;default&#8221; global_colors_info=&#8221;{}&#8221;][et_pb_column type=&#8221;4_4&#8243; _builder_version=&#8221;4.27.4&#8243; _module_preset=&#8221;default&#8221; global_colors_info=&#8221;{}&#8221;][et_pb_text _builder_version=&#8221;4.27.4&#8243; _module_preset=&#8221;default&#8221; width=&#8221;80%&#8221; module_alignment=&#8221;center&#8221; global_colors_info=&#8221;{}&#8221;]<\/p>\n<h3 data-start=\"130\" data-end=\"209\" class=\"\">P\u00e5lidelige Komponenter til Vindm\u00f8ller \u2013 N\u00e5r Ydeevne og Sikkerhed T\u00e6ller<\/h3>\n<p data-start=\"211\" data-end=\"497\" class=\"\">Zero-Max A\/S tilbyder specialdesignede l\u00f8sninger til vindenergiindustrien, hvor kvalitet og driftssikkerhed er afg\u00f8rende. Vi leverer <strong data-start=\"344\" data-end=\"370\">komposit diskkoblinger<\/strong> og <strong data-start=\"374\" data-end=\"394\">momentbegr\u00e6nsere<\/strong>, der er udviklet til kr\u00e6vende milj\u00f8er og kontinuerlig belastning \u2013 perfekt til moderne vindm\u00f8lleanl\u00e6g.<\/p>\n<p data-start=\"499\" data-end=\"669\" class=\"\">\u2705 Vedligeholdelsesfrie l\u00f8sninger<br data-start=\"531\" data-end=\"534\" \/>\u2705 Lang levetid og h\u00f8j p\u00e5lidelighed<br data-start=\"568\" data-end=\"571\" \/>\u2705 Optimeret til h\u00f8je momenter og variable belastninger<br data-start=\"625\" data-end=\"628\" \/>\u2705 Designet til b\u00e5de nye og retrofit-anl\u00e6g<\/p>\n<p data-start=\"671\" data-end=\"793\" class=\"\">Uanset om du arbejder med konstruktion, reparation eller optimering af vindm\u00f8ller, har vi de rette komponenter til jobbet.<\/p>\n<p>[\/et_pb_text][\/et_pb_column][\/et_pb_row][et_pb_row column_structure=&#8221;1_2,1_2&#8243; _builder_version=&#8221;4.16&#8243; global_colors_info=&#8221;{}&#8221;][et_pb_column type=&#8221;1_2&#8243; _builder_version=&#8221;4.16&#8243; custom_padding=&#8221;|||&#8221; global_colors_info=&#8221;{}&#8221; custom_padding__hover=&#8221;|||&#8221;][et_pb_text _builder_version=&#8221;4.27.4&#8243; _module_preset=&#8221;default&#8221; global_colors_info=&#8221;{}&#8221;]<\/p>\n<h3 data-start=\"186\" data-end=\"272\" class=\"\">Komposit Diskkoblinger til Vindm\u00f8ller \u2013 Maksimal Ydeevne under Ekstreme Forhold<\/h3>\n<p data-start=\"274\" data-end=\"477\" class=\"\">Zero-Max\u2019 komposit diskkoblinger er udviklet specifikt til vindm\u00f8lleindustrien, hvor h\u00f8je momenter, varierende belastninger og barske omgivelser stiller store krav til koblingens holdbarhed og pr\u00e6cision.<\/p>\n<p data-start=\"479\" data-end=\"749\" class=\"\">Med momentkapacitet op til <strong data-start=\"506\" data-end=\"520\">200.000 Nm<\/strong>, elektrisk isolering, <strong data-start=\"543\" data-end=\"572\">vedligeholdelsesfri drift<\/strong> og testet levetid p\u00e5 over 20 \u00e5r, er vores koblinger et ideelt valg til b\u00e5de <strong data-start=\"649\" data-end=\"672\">onshore og offshore<\/strong> m\u00f8ller \u2013 uanset om det er til <strong data-start=\"703\" data-end=\"729\">nye OEM-installationer<\/strong> eller <strong data-start=\"736\" data-end=\"748\">retrofit<\/strong>.<\/p>\n<p data-start=\"751\" data-end=\"1000\" class=\"\">\u2705 Robust og vibrationsd\u00e6mpende konstruktion<br data-start=\"794\" data-end=\"797\" \/>\u2705 Fjerner l\u00e6kstr\u00f8mme og beskytter gear og lejer<br data-start=\"844\" data-end=\"847\" \/>\u2705 Nem integration i eksisterende akselopbygning<br data-start=\"894\" data-end=\"897\" \/>\u2705 Designet til at holde \u2013 selv ved -57\u00b0 til +121\u00b0C<br data-start=\"947\" data-end=\"950\" \/>\u2705 Lavere levetidsomkostninger og l\u00e6ngere driftstid<\/p>\n<p data-start=\"1002\" data-end=\"1096\" class=\"\">Kombin\u00e9r med vores momentbegr\u00e6nsere og f\u00e5 en komplet, driftssikker drivline til din vindm\u00f8lle.<\/p>\n<p>[\/et_pb_text][et_pb_blurb title=&#8221;Komposit diskkoblinger&#8221; url=&#8221;https:\/\/zero-max.dk\/wind-turbine-coupling-composite-disc-da\/&#8221; image=&#8221;https:\/\/zero-max.dk\/wp-content\/uploads\/2018\/12\/Spacer.jpg&#8221; image_icon_width=&#8221;70%&#8221; _builder_version=&#8221;4.16&#8243; header_level=&#8221;h2&#8243; header_text_align=&#8221;center&#8221; text_orientation=&#8221;center&#8221; image_max_width=&#8221;70%&#8221; global_colors_info=&#8221;{}&#8221;]<\/p>\n<p><a class=\"textlink link2\" href=\"https:\/\/zero-max.dk\/wind-turbine-coupling-composite-disc-da\/\">L\u00e6s mere<\/a><\/p>\n<p>[\/et_pb_blurb][\/et_pb_column][et_pb_column type=&#8221;1_2&#8243; _builder_version=&#8221;4.16&#8243; custom_padding=&#8221;|||&#8221; global_colors_info=&#8221;{}&#8221; custom_padding__hover=&#8221;|||&#8221;][et_pb_text _builder_version=&#8221;4.27.4&#8243; _module_preset=&#8221;default&#8221; global_colors_info=&#8221;{}&#8221;]<\/p>\n<h3 data-start=\"171\" data-end=\"240\" class=\"\">Momentbegr\u00e6nsere til Vindm\u00f8ller \u2013 Sikkerhed mod Overbelastning<\/h3>\n<p data-start=\"242\" data-end=\"532\" class=\"\">Zero-Max\u2019 momentbegr\u00e6nsere er konstrueret til at beskytte vindm\u00f8llens vitale komponenter som gearkasse og generator mod uforudsete spidsbelastninger og netfejl. Med fabriksindstillede udl\u00f8sningsmomenter fra <strong data-start=\"449\" data-end=\"472\">4.000 til 50.000 Nm<\/strong> sikres driftssikkerhed selv under de mest kr\u00e6vende forhold.<\/p>\n<p data-start=\"534\" data-end=\"888\" class=\"\">I tilf\u00e6lde af kortslutninger, netforstyrrelser eller pludselige belastningsskift, <strong data-start=\"616\" data-end=\"656\">slipper momentbegr\u00e6nseren automatisk<\/strong> og beskytter effektivt mod mekaniske skader \u2013 uden behov for manuel reset. L\u00f8sningen fungerer i perfekt samspil med vores <strong data-start=\"779\" data-end=\"805\">komposit diskkoblinger<\/strong>, og sikrer <strong data-start=\"817\" data-end=\"855\">lav vedligeholdelse og h\u00f8j oppetid<\/strong> gennem hele vindm\u00f8llens levetid.<\/p>\n<p data-start=\"890\" data-end=\"1142\" class=\"\">\u2705 Forhindrer overf\u00f8rsel af overmoment til gearkasse<br data-start=\"941\" data-end=\"944\" \/>\u2705 \u00d8ger systemets levetid og driftssikkerhed<br data-start=\"987\" data-end=\"990\" \/>\u2705 Gennemtestet til over 5.600 momentevents<br data-start=\"1032\" data-end=\"1035\" \/>\u2705 Vedligeholdelsesfri og selvgendannende funktion<br data-start=\"1084\" data-end=\"1087\" \/>\u2705 Ideel til b\u00e5de nybyg og retrofit \u2013 onshore &amp; offshore<\/p>\n<p data-start=\"1144\" data-end=\"1247\" class=\"\">V\u00e6lg en l\u00f8sning, der beskytter din investering \u2013 og underst\u00f8tter gr\u00f8n energi med maksimal p\u00e5lidelighed.<\/p>\n<p>[\/et_pb_text][et_pb_blurb title=&#8221;Momentbegr\u00e6nsere&#8221; url=&#8221;https:\/\/zero-max.dk\/wind-turbine-torque-limiters-da\/&#8221; image=&#8221;https:\/\/zero-max.dk\/wp-content\/uploads\/2018\/12\/TQL.jpg&#8221; image_icon_width=&#8221;88%&#8221; _builder_version=&#8221;4.16&#8243; header_level=&#8221;h2&#8243; header_text_align=&#8221;center&#8221; text_orientation=&#8221;center&#8221; image_max_width=&#8221;88%&#8221; global_colors_info=&#8221;{}&#8221;]<\/p>\n<p><a class=\"textlink link2\" href=\"https:\/\/zero-max.dk\/wind-turbine-torque-limiters-da\/\">L\u00e6s mere<\/a><\/p>\n<p>[\/et_pb_blurb][\/et_pb_column][\/et_pb_row][\/et_pb_section][et_pb_section fb_built=&#8221;1&#8243; disabled_on=&#8221;on|on|on&#8221; _builder_version=&#8221;4.6.1&#8243; background_color=&#8221;#003366&#8243; custom_padding=&#8221;0px||0px&#8221; disabled=&#8221;on&#8221; global_module=&#8221;1044&#8243; global_colors_info=&#8221;{}&#8221;][et_pb_row column_structure=&#8221;1_3,1_3,1_3&#8243; _builder_version=&#8221;4.16&#8243; max_width=&#8221;1080px&#8221; global_colors_info=&#8221;{}&#8221;][et_pb_column type=&#8221;1_3&#8243; _builder_version=&#8221;4.16&#8243; custom_padding=&#8221;|||&#8221; global_colors_info=&#8221;{}&#8221; custom_padding__hover=&#8221;|||&#8221;][et_pb_text _builder_version=&#8221;4.16&#8243; header_2_text_align=&#8221;center&#8221; header_2_text_color=&#8221;#99ccff&#8221; header_2_font_size=&#8221;14px&#8221; custom_margin=&#8221;0px||0px&#8221; custom_padding=&#8221;0px||0px&#8221; global_colors_info=&#8221;{}&#8221;]<\/p>\n<h2>Zero Max<\/h2>\n<p>[\/et_pb_text][et_pb_text _builder_version=&#8221;4.16&#8243; text_font=&#8221;||||||||&#8221; header_font=&#8221;||||||||&#8221; background_image=&#8221;https:\/\/zero-max.dk\/wp-content\/uploads\/2018\/12\/Boxes.jpg&#8221; text_orientation=&#8221;center&#8221; custom_margin=&#8221;0px||0px&#8221; custom_padding=&#8221;10px|20px|26px|20px&#8221; border_width_all=&#8221;1px&#8221; border_color_all=&#8221;#ffffff&#8221; global_colors_info=&#8221;{}&#8221;]<\/p>\n<p>Our gobal perspektive makes it possible to provide our customer with quality products at competitive pricing to any location<\/p>\n<p>[\/et_pb_text][\/et_pb_column][et_pb_column type=&#8221;1_3&#8243; _builder_version=&#8221;4.16&#8243; custom_padding=&#8221;|||&#8221; global_colors_info=&#8221;{}&#8221; custom_padding__hover=&#8221;|||&#8221;][et_pb_text _builder_version=&#8221;4.16&#8243; header_2_text_align=&#8221;center&#8221; header_2_text_color=&#8221;#99ccff&#8221; header_2_font_size=&#8221;14px&#8221; custom_margin=&#8221;0px||0px&#8221; custom_padding=&#8221;0px||0px&#8221; global_colors_info=&#8221;{}&#8221;]<\/p>\n<h2>World-Leading Expert !<\/h2>\n<p>[\/et_pb_text][et_pb_text _builder_version=&#8221;4.16&#8243; text_font=&#8221;||||||||&#8221; header_font=&#8221;||||||||&#8221; background_image=&#8221;https:\/\/zero-max.dk\/wp-content\/uploads\/2018\/12\/Boxes.jpg&#8221; text_orientation=&#8221;center&#8221; custom_margin=&#8221;0px||0px&#8221; custom_padding=&#8221;10px|20px|25px|20px&#8221; border_width_all=&#8221;1px&#8221; border_color_all=&#8221;#ffffff&#8221; global_colors_info=&#8221;{}&#8221;]<\/p>\n<p>Zero-Max combines decades of industry leading experience with unparalleled expertise in motion control solutions<\/p>\n<p>[\/et_pb_text][\/et_pb_column][et_pb_column type=&#8221;1_3&#8243; _builder_version=&#8221;4.16&#8243; custom_padding=&#8221;|||&#8221; global_colors_info=&#8221;{}&#8221; custom_padding__hover=&#8221;|||&#8221;][et_pb_text _builder_version=&#8221;4.16&#8243; header_2_text_align=&#8221;center&#8221; header_2_text_color=&#8221;#99ccff&#8221; header_2_font_size=&#8221;14px&#8221; custom_margin=&#8221;0px||0px&#8221; custom_padding=&#8221;0px||0px&#8221; global_colors_info=&#8221;{}&#8221;]<\/p>\n<h2>Get in touch!<\/h2>\n<p>[\/et_pb_text][et_pb_text _builder_version=&#8221;4.16&#8243; text_font=&#8221;||||||||&#8221; header_font=&#8221;||||||||&#8221; background_image=&#8221;https:\/\/zero-max.dk\/wp-content\/uploads\/2018\/12\/Boxes.jpg&#8221; text_orientation=&#8221;center&#8221; custom_margin=&#8221;0px||0px&#8221; custom_padding=&#8221;10px|10px|10px|10px&#8221; border_width_all=&#8221;1px&#8221; border_color_all=&#8221;#ffffff&#8221; global_colors_info=&#8221;{}&#8221;]<\/p>\n<p>Zero-Max A\/S<br \/>Mail: ext@zero-max.dk <br \/>Haarup Tvaevej 1<br \/>DK &#8211; 8600 Silkeborg<\/p>\n<p>[\/et_pb_text][\/et_pb_column][\/et_pb_row][\/et_pb_section]<\/p>\n","protected":false},"excerpt":{"rendered":"<p>Vindm\u00f8lledele P\u00e5lidelige Komponenter til Vindm\u00f8ller \u2013 N\u00e5r Ydeevne og Sikkerhed T\u00e6ller Zero-Max A\/S tilbyder specialdesignede l\u00f8sninger til vindenergiindustrien, hvor kvalitet og driftssikkerhed er afg\u00f8rende. Vi leverer komposit diskkoblinger og momentbegr\u00e6nsere, der er udviklet til kr\u00e6vende milj\u00f8er og kontinuerlig belastning \u2013 perfekt til moderne vindm\u00f8lleanl\u00e6g. \u2705 Vedligeholdelsesfrie l\u00f8sninger\u2705 Lang levetid og h\u00f8j p\u00e5lidelighed\u2705 Optimeret til h\u00f8je [&hellip;]<\/p>\n","protected":false},"author":7,"featured_media":0,"parent":0,"menu_order":0,"comment_status":"closed","ping_status":"closed","template":"","meta":{"_et_pb_use_builder":"on","_et_pb_old_content":"","_et_gb_content_width":"","footnotes":""},"class_list":["post-970","page","type-page","status-publish","hentry"],"yoast_head":"<!-- This site is optimized with the Yoast SEO plugin v27.5 - https:\/\/yoast.com\/product\/yoast-seo-wordpress\/ -->\n<title>Komponenter til Vindm\u00f8ller | Komposit Koblinger &amp; Momentbegr\u00e6nsere<\/title>\n<meta name=\"description\" content=\"Driftssikre komponenter til vindm\u00f8ller: Komposit diskkoblinger og momentbegr\u00e6nsere fra Zero-Max A\/S. Vedligeholdelsesfri, p\u00e5lidelige og designet til h\u00f8j ydeevne.\" \/>\n<meta name=\"robots\" content=\"index, follow, max-snippet:-1, max-image-preview:large, max-video-preview:-1\" \/>\n<link rel=\"canonical\" href=\"https:\/\/zero-max.dk\/en\/wind-turbine-parts-da\/\" \/>\n<meta property=\"og:locale\" content=\"en_GB\" \/>\n<meta property=\"og:type\" content=\"article\" \/>\n<meta property=\"og:title\" content=\"Komponenter til Vindm\u00f8ller | Komposit Koblinger &amp; Momentbegr\u00e6nsere\" \/>\n<meta property=\"og:description\" content=\"Driftssikre komponenter til vindm\u00f8ller: Komposit diskkoblinger og momentbegr\u00e6nsere fra Zero-Max A\/S. Vedligeholdelsesfri, p\u00e5lidelige og designet til h\u00f8j ydeevne.\" \/>\n<meta property=\"og:url\" content=\"https:\/\/zero-max.dk\/en\/wind-turbine-parts-da\/\" \/>\n<meta property=\"og:site_name\" content=\"Zero-Max A\/S\" \/>\n<meta property=\"article:modified_time\" content=\"2025-04-07T12:39:29+00:00\" \/>\n<meta name=\"twitter:card\" content=\"summary_large_image\" \/>\n<meta name=\"twitter:label1\" content=\"Estimated reading time\" \/>\n\t<meta name=\"twitter:data1\" content=\"2 minutes\" \/>\n<script type=\"application\/ld+json\" class=\"yoast-schema-graph\">{\"@context\":\"https:\\\/\\\/schema.org\",\"@graph\":[{\"@type\":\"WebPage\",\"@id\":\"https:\\\/\\\/zero-max.dk\\\/wind-turbine-parts-da\\\/\",\"url\":\"https:\\\/\\\/zero-max.dk\\\/wind-turbine-parts-da\\\/\",\"name\":\"Komponenter til Vindm\u00f8ller | Komposit Koblinger & Momentbegr\u00e6nsere\",\"isPartOf\":{\"@id\":\"https:\\\/\\\/zero-max.dk\\\/#website\"},\"datePublished\":\"2019-01-02T16:55:09+00:00\",\"dateModified\":\"2025-04-07T12:39:29+00:00\",\"description\":\"Driftssikre komponenter til vindm\u00f8ller: Komposit diskkoblinger og momentbegr\u00e6nsere fra Zero-Max A\\\/S. Vedligeholdelsesfri, p\u00e5lidelige og designet til h\u00f8j ydeevne.\",\"breadcrumb\":{\"@id\":\"https:\\\/\\\/zero-max.dk\\\/wind-turbine-parts-da\\\/#breadcrumb\"},\"inLanguage\":\"en-GB\",\"potentialAction\":[{\"@type\":\"ReadAction\",\"target\":[\"https:\\\/\\\/zero-max.dk\\\/wind-turbine-parts-da\\\/\"]}]},{\"@type\":\"BreadcrumbList\",\"@id\":\"https:\\\/\\\/zero-max.dk\\\/wind-turbine-parts-da\\\/#breadcrumb\",\"itemListElement\":[{\"@type\":\"ListItem\",\"position\":1,\"name\":\"Hjem\",\"item\":\"https:\\\/\\\/zero-max.dk\\\/\"},{\"@type\":\"ListItem\",\"position\":2,\"name\":\"Vindm\u00f8lledele\"}]},{\"@type\":\"WebSite\",\"@id\":\"https:\\\/\\\/zero-max.dk\\\/#website\",\"url\":\"https:\\\/\\\/zero-max.dk\\\/\",\"name\":\"Zero-Max A\\\/S\",\"description\":\"\",\"potentialAction\":[{\"@type\":\"SearchAction\",\"target\":{\"@type\":\"EntryPoint\",\"urlTemplate\":\"https:\\\/\\\/zero-max.dk\\\/?s={search_term_string}\"},\"query-input\":{\"@type\":\"PropertyValueSpecification\",\"valueRequired\":true,\"valueName\":\"search_term_string\"}}],\"inLanguage\":\"en-GB\"}]}<\/script>\n<!-- \/ Yoast SEO plugin. -->","yoast_head_json":{"title":"Components for Wind Turbines | Composite Clutches &amp; Torque Limiters","description":"Reliable components for wind turbines: Composite disc couplings and torque limiters from Zero-Max A\/S. Maintenance-free, reliable and designed for high performance.","robots":{"index":"index","follow":"follow","max-snippet":"max-snippet:-1","max-image-preview":"max-image-preview:large","max-video-preview":"max-video-preview:-1"},"canonical":"https:\/\/zero-max.dk\/en\/wind-turbine-parts-da\/","og_locale":"en_GB","og_type":"article","og_title":"Komponenter til Vindm\u00f8ller | Komposit Koblinger & Momentbegr\u00e6nsere","og_description":"Driftssikre komponenter til vindm\u00f8ller: Komposit diskkoblinger og momentbegr\u00e6nsere fra Zero-Max A\/S. Vedligeholdelsesfri, p\u00e5lidelige og designet til h\u00f8j ydeevne.","og_url":"https:\/\/zero-max.dk\/en\/wind-turbine-parts-da\/","og_site_name":"Zero-Max A\/S","article_modified_time":"2025-04-07T12:39:29+00:00","twitter_card":"summary_large_image","twitter_misc":{"Estimated reading time":"2 minutes"},"schema":{"@context":"https:\/\/schema.org","@graph":[{"@type":"WebPage","@id":"https:\/\/zero-max.dk\/wind-turbine-parts-da\/","url":"https:\/\/zero-max.dk\/wind-turbine-parts-da\/","name":"Components for Wind Turbines | Composite Clutches &amp; Torque Limiters","isPartOf":{"@id":"https:\/\/zero-max.dk\/#website"},"datePublished":"2019-01-02T16:55:09+00:00","dateModified":"2025-04-07T12:39:29+00:00","description":"Reliable components for wind turbines: Composite disc couplings and torque limiters from Zero-Max A\/S. Maintenance-free, reliable and designed for high performance.","breadcrumb":{"@id":"https:\/\/zero-max.dk\/wind-turbine-parts-da\/#breadcrumb"},"inLanguage":"en-GB","potentialAction":[{"@type":"ReadAction","target":["https:\/\/zero-max.dk\/wind-turbine-parts-da\/"]}]},{"@type":"BreadcrumbList","@id":"https:\/\/zero-max.dk\/wind-turbine-parts-da\/#breadcrumb","itemListElement":[{"@type":"ListItem","position":1,"name":"Hjem","item":"https:\/\/zero-max.dk\/"},{"@type":"ListItem","position":2,"name":"Vindm\u00f8lledele"}]},{"@type":"WebSite","@id":"https:\/\/zero-max.dk\/#website","url":"https:\/\/zero-max.dk\/","name":"Zero-Max A\/S","description":"","potentialAction":[{"@type":"SearchAction","target":{"@type":"EntryPoint","urlTemplate":"https:\/\/zero-max.dk\/?s={search_term_string}"},"query-input":{"@type":"PropertyValueSpecification","valueRequired":true,"valueName":"search_term_string"}}],"inLanguage":"en-GB"}]}},"_links":{"self":[{"href":"https:\/\/zero-max.dk\/en\/wp-json\/wp\/v2\/pages\/970","targetHints":{"allow":["GET"]}}],"collection":[{"href":"https:\/\/zero-max.dk\/en\/wp-json\/wp\/v2\/pages"}],"about":[{"href":"https:\/\/zero-max.dk\/en\/wp-json\/wp\/v2\/types\/page"}],"author":[{"embeddable":true,"href":"https:\/\/zero-max.dk\/en\/wp-json\/wp\/v2\/users\/7"}],"replies":[{"embeddable":true,"href":"https:\/\/zero-max.dk\/en\/wp-json\/wp\/v2\/comments?post=970"}],"version-history":[{"count":15,"href":"https:\/\/zero-max.dk\/en\/wp-json\/wp\/v2\/pages\/970\/revisions"}],"predecessor-version":[{"id":6286,"href":"https:\/\/zero-max.dk\/en\/wp-json\/wp\/v2\/pages\/970\/revisions\/6286"}],"wp:attachment":[{"href":"https:\/\/zero-max.dk\/en\/wp-json\/wp\/v2\/media?parent=970"}],"curies":[{"name":"wp","href":"https:\/\/api.w.org\/{rel}","templated":true}]}}