{"id":1114,"date":"2019-01-07T07:40:13","date_gmt":"2019-01-07T06:40:13","guid":{"rendered":"https:\/\/zero-max.dk\/?page_id=1114"},"modified":"2026-03-09T13:30:54","modified_gmt":"2026-03-09T12:30:54","slug":"cuplaje-cu-disc-compozit-single-flex","status":"publish","type":"page","link":"https:\/\/zero-max.dk\/ro\/single-flex-composite-disc-couplings\/","title":{"rendered":"Cuplaj cu disc compozit flexibil simplu"},"content":{"rendered":"<p>[et_pb_section fb_built=&#8221;1&#8243; custom_padding_last_edited=&#8221;on|tablet&#8221; _builder_version=&#8221;4.21.0&#8243; background_image=&#8221;https:\/\/zero-max.dk\/wp-content\/uploads\/2019\/01\/CD_Tops.jpg&#8221; background_size=&#8221;contain&#8221; min_height_tablet=&#8221;468px&#8221; min_height_phone=&#8221;468px&#8221; min_height_last_edited=&#8221;on|tablet&#8221; height_tablet=&#8221;265px&#8221; height_phone=&#8221;265px&#8221; height_last_edited=&#8221;on|tablet&#8221; custom_margin_tablet=&#8221;-76px||-112px||false|false&#8221; custom_margin_phone=&#8221;-76px||-112px||false|false&#8221; custom_margin_last_edited=&#8221;on|tablet&#8221; custom_padding=&#8221;20%||58px||false|false&#8221; custom_padding_tablet=&#8221;20%||0px||false|false&#8221; custom_padding_phone=&#8221;20%||0px||false|false&#8221; animation_style=&#8221;zoom&#8221; custom_css_main_element=&#8221;height: 450px;&#8221; border_width_bottom=&#8221;1px&#8221; border_color_bottom=&#8221;#e5e5e5&#8243; global_colors_info=&#8221;{}&#8221;][et_pb_row custom_padding_last_edited=&#8221;on|tablet&#8221; _builder_version=&#8221;4.27.6&#8243; width_tablet=&#8221;&#8221; width_phone=&#8221;90%&#8221; width_last_edited=&#8221;on|phone&#8221; custom_margin=&#8221;53px||||false|false&#8221; custom_margin_tablet=&#8221;-78px||||false|false&#8221; custom_margin_phone=&#8221;0px||||false|false&#8221; custom_margin_last_edited=&#8221;on|tablet&#8221; custom_padding_tablet=&#8221;&#8221; custom_padding_phone=&#8221;||||false|false&#8221; hover_enabled=&#8221;0&#8243; custom_css_main_element=&#8221;position:relative;||z-index:99;&#8221; global_colors_info=&#8221;{}&#8221; sticky_enabled=&#8221;0&#8243;][et_pb_column type=&#8221;4_4&#8243; _builder_version=&#8221;4.16&#8243; custom_padding=&#8221;|||&#8221; global_colors_info=&#8221;{}&#8221; custom_padding__hover=&#8221;|||&#8221;][et_pb_text _builder_version=&#8221;4.21.0&#8243; text_font=&#8221;Oswald||||||||&#8221; text_text_color=&#8221;#013366&#8243; text_font_size=&#8221;26px&#8221; text_letter_spacing=&#8221;4px&#8221; text_line_height=&#8221;1.1em&#8221; global_colors_info=&#8221;{}&#8221;]<\/p>\n<p>Mange hestekr\u00e6fter p\u00e5 et lille omr\u00e5de<\/p>\n<p>[\/et_pb_text][\/et_pb_column][\/et_pb_row][\/et_pb_section][et_pb_section fb_built=&#8221;1&#8243; disabled_on=&#8221;on|off|off&#8221; _builder_version=&#8221;4.16&#8243; background_color=&#8221;#ffffff&#8221; custom_padding=&#8221;20px||20px&#8221; global_colors_info=&#8221;{}&#8221;][et_pb_row _builder_version=&#8221;4.16&#8243; global_colors_info=&#8221;{}&#8221;][et_pb_column type=&#8221;4_4&#8243; _builder_version=&#8221;4.16&#8243; custom_padding=&#8221;|||&#8221; global_colors_info=&#8221;{}&#8221; custom_padding__hover=&#8221;|||&#8221;][et_pb_text _builder_version=&#8221;4.27.4&#8243; header_text_align=&#8221;center&#8221; header_2_text_align=&#8221;center&#8221; header_3_text_color=&#8221;#003366&#8243; custom_margin_tablet=&#8221;&#8221; custom_margin_phone=&#8221;19px||||false|false&#8221; custom_margin_last_edited=&#8221;on|phone&#8221; global_colors_info=&#8221;{}&#8221;]<\/p>\n<h1>KOMPOSIT DISKKOBLINGER<\/h1>\n<h2><span class=\"textheading2 mobile-undersized-upper\">Enkelt fleksible<\/span><\/h2>\n<p>[\/et_pb_text][\/et_pb_column][\/et_pb_row][et_pb_row column_structure=&#8221;1_3,1_3,1_3&#8243; _builder_version=&#8221;4.16&#8243; global_colors_info=&#8221;{}&#8221;][et_pb_column type=&#8221;1_3&#8243; _builder_version=&#8221;4.16&#8243; custom_padding=&#8221;|||&#8221; global_colors_info=&#8221;{}&#8221; custom_padding__hover=&#8221;|||&#8221;][et_pb_blurb image=&#8221;https:\/\/zero-max.dk\/wp-content\/uploads\/2019\/01\/clamp_aluminum_a1c_hub.jpg&#8221; image_icon_width=&#8221;47%&#8221; _builder_version=&#8221;4.16&#8243; header_level=&#8221;h2&#8243; image_max_width=&#8221;47%&#8221; global_colors_info=&#8221;{}&#8221;]<\/p>\n<p><strong>A1C Sp\u00e6ndingstype\/Aluminiumsnav enkelt fleksible Koblinger<\/strong><\/p>\n<p>Med deres lave v\u00e6gt og inerti er Zero-Maxs A1C enkelt fleksible standard diskkoblinger den ideelle l\u00f8sning for kr\u00e6vende servomotor-applikationer. Vores A1C koblinger giver en h\u00f8j torsionel stivhed og en stor holdbarhed, hvilket g\u00f8r dem i stand til at modst\u00e5 slitage og slid der kommer af at blive brugt uden pause. Disse kompakte fleksible koblinger giver ingen nedgang i ydeevnen.<\/p>\n<p>Sort anodisering for en forst\u00e6rket beskyttelse mod korrosion.<\/p>\n<p>[\/et_pb_blurb][\/et_pb_column][et_pb_column type=&#8221;1_3&#8243; _builder_version=&#8221;4.16&#8243; custom_padding=&#8221;|||&#8221; global_colors_info=&#8221;{}&#8221; custom_padding__hover=&#8221;|||&#8221;][et_pb_blurb image=&#8221;https:\/\/zero-max.dk\/wp-content\/uploads\/2019\/01\/clamp_aluminum_hub.png&#8221; _builder_version=&#8221;4.16&#8243; header_level=&#8221;h2&#8243; global_colors_info=&#8221;{}&#8221;]<\/p>\n<p><strong>Sp\u00e6nderingstype\/Aluminiumsnav Enkelt fleksible koblinger<\/strong><\/p>\n<p>Zero-Maxs unikke design giver vores enkelt sp\u00e6ndering, aluminiumsnav enkelt fleksible koblingers h\u00f8je torsionelle stivhed og utrolig udholdenhed for brug i udfordrende applikationer. Disse fleksible koblinger giver ikke tilbageslag og arbejder h\u00e5rdt ved h\u00f8j hastighed sammen med et kompakt fodaftryk der lader dem passe til applikationer med meget lidt plads.<\/p>\n<p>Sort anodisering for en forst\u00e6rket beskyttelse mod korrosion.<\/p>\n<p>[\/et_pb_blurb][\/et_pb_column][et_pb_column type=&#8221;1_3&#8243; _builder_version=&#8221;4.16&#8243; custom_padding=&#8221;|||&#8221; global_colors_info=&#8221;{}&#8221; custom_padding__hover=&#8221;|||&#8221;][et_pb_blurb image=&#8221;https:\/\/zero-max.dk\/wp-content\/uploads\/2019\/01\/clamp_stainless_single_flex.jpg&#8221; image_icon_width=&#8221;59%&#8221; _builder_version=&#8221;4.21.0&#8243; header_level=&#8221;h2&#8243; animation_direction=&#8221;right&#8221; scroll_horizontal_motion=&#8221;0|50|50|100|3|0|0&#8243; image_max_width=&#8221;59%&#8221; global_colors_info=&#8221;{}&#8221;]<\/p>\n<p><strong>Sp\u00e6ndering type \/ Nav enkelt fleksible koblinger i rustfrit st\u00e5l <\/strong><\/p>\n<p>Fremstillet af legeringsst\u00e5l og er modstandsdygtigt over for korrosion. Produceret i h\u00f8jkvalitet 300 rustfrit st\u00e5l er disse diskkoblinger ideelle til brug i h\u00e5rde milj\u00f8et og applikationer, hvor de uds\u00e6ttes for kemiske materialer eller vand\/saltvand. Vores fleksible koblinger af rustfrit st\u00e5l giver en h\u00f8j torsionel stivhed, er vedligeholdelsesfrie og har en meget lang levetid.<\/p>\n<p>[\/et_pb_blurb][\/et_pb_column][\/et_pb_row][et_pb_row column_structure=&#8221;1_3,1_3,1_3&#8243; _builder_version=&#8221;4.16&#8243; global_colors_info=&#8221;{}&#8221;][et_pb_column type=&#8221;1_3&#8243; _builder_version=&#8221;4.16&#8243; custom_padding=&#8221;|||&#8221; global_colors_info=&#8221;{}&#8221; custom_padding__hover=&#8221;|||&#8221;][et_pb_blurb image=&#8221;https:\/\/zero-max.dk\/wp-content\/uploads\/2019\/01\/clamp_steel_hub.png&#8221; _builder_version=&#8221;4.16&#8243; header_level=&#8221;h2&#8243; global_colors_info=&#8221;{}&#8221;]<\/p>\n<p><strong>Sp\u00e6nderingstype\/St\u00e5lnav fleksible koblinger<\/strong><\/p>\n<p>Vores kulstofst\u00e5l enkelt sp\u00e6ndinger, enkelt fleksible koblinger er en glimrende l\u00f8sning for applikationer uden tilbageslag. Uden torsionel stivhed, ekstremt store udholdenhed og et kompakt fodaftryk er disse fleksible koblinger alsidige og p\u00e5lidelige nok til en bred r\u00e6kke anvendelsesomr\u00e5der. Disse koblinger kan bruges i applikationer med h\u00f8j fart med kun f\u00e5 tilpasninger.<\/p>\n<p>Sort anodisering for en forst\u00e6rket beskyttelse mod korrosion.<\/p>\n<p>[\/et_pb_blurb][\/et_pb_column][et_pb_column type=&#8221;1_3&#8243; _builder_version=&#8221;4.16&#8243; custom_padding=&#8221;|||&#8221; global_colors_info=&#8221;{}&#8221; custom_padding__hover=&#8221;|||&#8221;][et_pb_blurb image=&#8221;https:\/\/zero-max.dk\/wp-content\/uploads\/2019\/01\/qd_bushing_single_flex.png&#8221; image_icon_width=&#8221;90%&#8221; _builder_version=&#8221;4.16&#8243; header_level=&#8221;h2&#8243; image_max_width=&#8221;90%&#8221; global_colors_info=&#8221;{}&#8221;]<\/p>\n<p><strong>QD\/Bushing Type nav enkelt fleksible koblinger<\/strong><\/p>\n<p>Udviklet med h\u00f8j torsionel stivhed og h\u00f8j udholdenhed er vores QD enkelt fleksible koblinger velegnede til bev\u00e6gelsesapplikationer der kr\u00e6ver en ydeevne og ingen tilbageslag. Zero-Maxs QD enkeltkoblinger er glimrende for belastninger og giver en god drift ved h\u00f8je hastigheder. Disse koblinger kan bruges i applikationer med meget h\u00f8j hastighed.<\/p>\n<p>Sort anodisering for en forst\u00e6rket beskyttelse mod korrosion.<\/p>\n<p>[\/et_pb_blurb][\/et_pb_column][et_pb_column type=&#8221;1_3&#8243; _builder_version=&#8221;4.16&#8243; custom_padding=&#8221;|||&#8221; global_colors_info=&#8221;{}&#8221; custom_padding__hover=&#8221;|||&#8221;][et_pb_blurb image=&#8221;https:\/\/zero-max.dk\/wp-content\/uploads\/2019\/01\/single_flex_stainless_setscrew_hub.png&#8221; image_icon_width=&#8221;95%&#8221; _builder_version=&#8221;4.16&#8243; header_level=&#8221;h2&#8243; image_max_width=&#8221;95%&#8221; global_colors_info=&#8221;{}&#8221;]<\/p>\n<p><strong>Pinolskrue\/Rustfrit st\u00e5l nav enkelt fleksible koblinger<\/strong><\/p>\n<p>Til opgaver med bev\u00e6gelseskontrol der kr\u00e6ver stor styrke og modstandsdygtighed over for korrosion er Zero-Maxs enkelt pinolskrue koblinger med nav af rustfrit st\u00e5l den ideelle l\u00f8sning. Nav og udstyr er fremstillet af h\u00f8j kvalitets 300 rustfrit st\u00e5l for modstandsdygtighed over for kemikalier, vand\/saltvand og andre milj\u00f8m\u00e6ssige ting. Disse koblinger af rustfrit st\u00e5l er lavet specielt lavet til ikke at give tilbageslag i selv de mest kr\u00e6vende applikationer.<\/p>\n<p>[\/et_pb_blurb][\/et_pb_column][\/et_pb_row][et_pb_row column_structure=&#8221;1_3,1_3,1_3&#8243; _builder_version=&#8221;4.16&#8243; global_colors_info=&#8221;{}&#8221;][et_pb_column type=&#8221;1_3&#8243; _builder_version=&#8221;4.16&#8243; custom_padding=&#8221;|||&#8221; global_colors_info=&#8221;{}&#8221; custom_padding__hover=&#8221;|||&#8221;][et_pb_blurb image=&#8221;https:\/\/zero-max.dk\/wp-content\/uploads\/2019\/01\/set_screw_steel_hub.png&#8221; _builder_version=&#8221;4.21.0&#8243; header_level=&#8221;h2&#8243; global_colors_info=&#8221;{}&#8221;]<\/p>\n<p><strong>Pinolskrue\/ St\u00e5l nav enkelt fleksible koblinger<\/strong><\/p>\n<p>Pinolskruen af st\u00e5l-versionen af vores enkelt fleksible komposit diskkoblinger er ideel for at sikre objekter i eller mod hinanden i udfordrende maskinoperationer med h\u00f8j pr\u00e6cision. Disse st\u00e5lkoblinger giver en h\u00f8j torsionel stivhed, ingen tilbageslag og har en meget lang levetid. Et kompakt fodaftryk g\u00f8r dem alsidige til at bruges i en bred r\u00e6kke applikationer. Vores enkel fleksible koblinger kan anvendes i applikationer med meget h\u00f8j fart med kun sm\u00e5 tilpasninger.<\/p>\n<p>Sort anodisering for en forst\u00e6rket beskyttelse mod korrosion.<\/p>\n<p>[\/et_pb_blurb][\/et_pb_column][et_pb_column type=&#8221;1_3&#8243; _builder_version=&#8221;4.16&#8243; custom_padding=&#8221;|||&#8221; global_colors_info=&#8221;{}&#8221; custom_padding__hover=&#8221;|||&#8221;][et_pb_blurb image=&#8221;https:\/\/zero-max.dk\/wp-content\/uploads\/2019\/01\/blank.jpg&#8221; image_icon_width=&#8221;84%&#8221; _builder_version=&#8221;4.21.0&#8243; header_level=&#8221;h2&#8243; image_max_width=&#8221;84%&#8221; global_colors_info=&#8221;{}&#8221;]<\/p>\n<p><strong>Kundespecifik enkelt fleksible koblinger<\/strong><\/p>\n<p>Alle vores enkelt fleksible komposit diskkoblinger kan kundespecifikt tilpasses til din applikation og dine specifikke og unikke behov. Huldiameters kobling, forskydningskapacitet og andre egenskaber kan skr\u00e6ddersyes for at im\u00f8dekomme dine unikke behov.<\/p>\n<p>[\/et_pb_blurb][\/et_pb_column][et_pb_column type=&#8221;1_3&#8243; _builder_version=&#8221;4.16&#8243; custom_padding=&#8221;|||&#8221; global_colors_info=&#8221;{}&#8221; custom_padding__hover=&#8221;|||&#8221;][et_pb_button button_url=&#8221;https:\/\/zero-max.dk\/wp-content\/uploads\/2020\/07\/4886-Zero-Max-CD-Couplings-r18.pdf&#8221; url_new_window=&#8221;on&#8221; button_text=&#8221;DOWNLOAD KATALOG&#8221; button_alignment=&#8221;center&#8221; _builder_version=&#8221;4.16&#8243; custom_button=&#8221;on&#8221; button_text_color=&#8221;#ffffff&#8221; button_bg_color=&#8221;#003366&#8243; button_border_color=&#8221;#003366&#8243; custom_margin=&#8221;200px||&#8221; global_colors_info=&#8221;{}&#8221;]<br \/>\n[\/et_pb_button][\/et_pb_column][\/et_pb_row][\/et_pb_section][et_pb_section fb_built=&#8221;1&#8243; disabled_on=&#8221;on|on|on&#8221; _builder_version=&#8221;4.6.1&#8243; background_color=&#8221;#003366&#8243; custom_padding=&#8221;0px||0px&#8221; disabled=&#8221;on&#8221; global_module=&#8221;1044&#8243; global_colors_info=&#8221;{}&#8221;][et_pb_row column_structure=&#8221;1_3,1_3,1_3&#8243; _builder_version=&#8221;4.16&#8243; max_width=&#8221;1080px&#8221; global_colors_info=&#8221;{}&#8221;][et_pb_column type=&#8221;1_3&#8243; _builder_version=&#8221;4.16&#8243; custom_padding=&#8221;|||&#8221; global_colors_info=&#8221;{}&#8221; custom_padding__hover=&#8221;|||&#8221;][et_pb_text _builder_version=&#8221;4.16&#8243; header_2_text_align=&#8221;center&#8221; header_2_text_color=&#8221;#99ccff&#8221; header_2_font_size=&#8221;14px&#8221; custom_margin=&#8221;0px||0px&#8221; custom_padding=&#8221;0px||0px&#8221; global_colors_info=&#8221;{}&#8221;]<\/p>\n<h2>Zero Max<\/h2>\n<p>[\/et_pb_text][et_pb_text _builder_version=&#8221;4.16&#8243; text_font=&#8221;||||||||&#8221; header_font=&#8221;||||||||&#8221; background_image=&#8221;https:\/\/zero-max.dk\/wp-content\/uploads\/2018\/12\/Boxes.jpg&#8221; text_orientation=&#8221;center&#8221; custom_margin=&#8221;0px||0px&#8221; custom_padding=&#8221;10px|20px|26px|20px&#8221; border_width_all=&#8221;1px&#8221; border_color_all=&#8221;#ffffff&#8221; global_colors_info=&#8221;{}&#8221;]<\/p>\n<p>Our gobal perspektive makes it possible to provide our customer with quality products at competitive pricing to any location<\/p>\n<p>[\/et_pb_text][\/et_pb_column][et_pb_column type=&#8221;1_3&#8243; _builder_version=&#8221;4.16&#8243; custom_padding=&#8221;|||&#8221; global_colors_info=&#8221;{}&#8221; custom_padding__hover=&#8221;|||&#8221;][et_pb_text _builder_version=&#8221;4.16&#8243; header_2_text_align=&#8221;center&#8221; header_2_text_color=&#8221;#99ccff&#8221; header_2_font_size=&#8221;14px&#8221; custom_margin=&#8221;0px||0px&#8221; custom_padding=&#8221;0px||0px&#8221; global_colors_info=&#8221;{}&#8221;]<\/p>\n<h2>World-Leading Expert !<\/h2>\n<p>[\/et_pb_text][et_pb_text _builder_version=&#8221;4.16&#8243; text_font=&#8221;||||||||&#8221; header_font=&#8221;||||||||&#8221; background_image=&#8221;https:\/\/zero-max.dk\/wp-content\/uploads\/2018\/12\/Boxes.jpg&#8221; text_orientation=&#8221;center&#8221; custom_margin=&#8221;0px||0px&#8221; custom_padding=&#8221;10px|20px|25px|20px&#8221; border_width_all=&#8221;1px&#8221; border_color_all=&#8221;#ffffff&#8221; global_colors_info=&#8221;{}&#8221;]<\/p>\n<p>Zero-Max combines decades of industry leading experience with unparalleled expertise in motion control solutions<\/p>\n<p>[\/et_pb_text][\/et_pb_column][et_pb_column type=&#8221;1_3&#8243; _builder_version=&#8221;4.16&#8243; custom_padding=&#8221;|||&#8221; global_colors_info=&#8221;{}&#8221; custom_padding__hover=&#8221;|||&#8221;][et_pb_text _builder_version=&#8221;4.16&#8243; header_2_text_align=&#8221;center&#8221; header_2_text_color=&#8221;#99ccff&#8221; header_2_font_size=&#8221;14px&#8221; custom_margin=&#8221;0px||0px&#8221; custom_padding=&#8221;0px||0px&#8221; global_colors_info=&#8221;{}&#8221;]<\/p>\n<h2>Get in touch!<\/h2>\n<p>[\/et_pb_text][et_pb_text _builder_version=&#8221;4.16&#8243; text_font=&#8221;||||||||&#8221; header_font=&#8221;||||||||&#8221; background_image=&#8221;https:\/\/zero-max.dk\/wp-content\/uploads\/2018\/12\/Boxes.jpg&#8221; text_orientation=&#8221;center&#8221; custom_margin=&#8221;0px||0px&#8221; custom_padding=&#8221;10px|10px|10px|10px&#8221; border_width_all=&#8221;1px&#8221; border_color_all=&#8221;#ffffff&#8221; global_colors_info=&#8221;{}&#8221;]<\/p>\n<p>Zero-Max A\/S<br \/>Mail: ext@zero-max.dk <br \/>Haarup Tvaevej 1<br \/>DK &#8211; 8600 Silkeborg<\/p>\n<p>[\/et_pb_text][\/et_pb_column][\/et_pb_row][\/et_pb_section]<\/p>\n","protected":false},"excerpt":{"rendered":"<p>Mange hestekr\u00e6fter p\u00e5 et lille omr\u00e5deKOMPOSIT DISKKOBLINGER Enkelt fleksibleA1C Sp\u00e6ndingstype\/Aluminiumsnav enkelt fleksible Koblinger Med deres lave v\u00e6gt og inerti er Zero-Maxs A1C enkelt fleksible standard diskkoblinger den ideelle l\u00f8sning for kr\u00e6vende servomotor-applikationer. Vores A1C koblinger giver en h\u00f8j torsionel stivhed og en stor holdbarhed, hvilket g\u00f8r dem i stand til at modst\u00e5 slitage og slid [&hellip;]<\/p>\n","protected":false},"author":7,"featured_media":0,"parent":0,"menu_order":0,"comment_status":"closed","ping_status":"closed","template":"","meta":{"_et_pb_use_builder":"on","_et_pb_old_content":"","_et_gb_content_width":"","footnotes":""},"class_list":["post-1114","page","type-page","status-publish","hentry"],"yoast_head":"<!-- This site is optimized with the Yoast SEO plugin v27.5 - https:\/\/yoast.com\/product\/yoast-seo-wordpress\/ -->\n<title>Enkelt Fleksible Komposit Diskkoblinger | H\u00f8j Pr\u00e6cision &amp; Holdbarhed \u2013 Zero-Max<\/title>\n<meta name=\"description\" content=\"Zero-Max enkelt fleksible komposit diskkoblinger sikrer h\u00f8j torsionsstivhed, pr\u00e6cision og lang levetid. Ideelle til servomotorer, h\u00f8jhastighedsapplikationer og kr\u00e6vende milj\u00f8er.\" \/>\n<meta name=\"robots\" content=\"index, follow, max-snippet:-1, max-image-preview:large, max-video-preview:-1\" \/>\n<link rel=\"canonical\" href=\"https:\/\/zero-max.dk\/ro\/cuplaje-cu-disc-compozit-single-flex\/\" \/>\n<meta property=\"og:locale\" content=\"ro_RO\" \/>\n<meta property=\"og:type\" content=\"article\" \/>\n<meta property=\"og:title\" content=\"Enkelt Fleksible Komposit Diskkoblinger | H\u00f8j Pr\u00e6cision &amp; Holdbarhed \u2013 Zero-Max\" \/>\n<meta property=\"og:description\" content=\"Zero-Max enkelt fleksible komposit diskkoblinger sikrer h\u00f8j torsionsstivhed, pr\u00e6cision og lang levetid. Ideelle til servomotorer, h\u00f8jhastighedsapplikationer og kr\u00e6vende milj\u00f8er.\" \/>\n<meta property=\"og:url\" content=\"https:\/\/zero-max.dk\/ro\/cuplaje-cu-disc-compozit-single-flex\/\" \/>\n<meta property=\"og:site_name\" content=\"Zero-Max A\/S\" \/>\n<meta property=\"article:modified_time\" content=\"2026-03-09T12:30:54+00:00\" \/>\n<meta name=\"twitter:card\" content=\"summary_large_image\" \/>\n<meta name=\"twitter:label1\" content=\"Timp estimat pentru citire\" \/>\n\t<meta name=\"twitter:data1\" content=\"4 minute\" \/>\n<script type=\"application\/ld+json\" class=\"yoast-schema-graph\">{\"@context\":\"https:\\\/\\\/schema.org\",\"@graph\":[{\"@type\":\"WebPage\",\"@id\":\"https:\\\/\\\/zero-max.dk\\\/single-flex-composite-disc-couplings\\\/\",\"url\":\"https:\\\/\\\/zero-max.dk\\\/single-flex-composite-disc-couplings\\\/\",\"name\":\"Enkelt Fleksible Komposit Diskkoblinger | H\u00f8j Pr\u00e6cision & Holdbarhed \u2013 Zero-Max\",\"isPartOf\":{\"@id\":\"https:\\\/\\\/zero-max.dk\\\/#website\"},\"datePublished\":\"2019-01-07T06:40:13+00:00\",\"dateModified\":\"2026-03-09T12:30:54+00:00\",\"description\":\"Zero-Max enkelt fleksible komposit diskkoblinger sikrer h\u00f8j torsionsstivhed, pr\u00e6cision og lang levetid. Ideelle til servomotorer, h\u00f8jhastighedsapplikationer og kr\u00e6vende milj\u00f8er.\",\"breadcrumb\":{\"@id\":\"https:\\\/\\\/zero-max.dk\\\/single-flex-composite-disc-couplings\\\/#breadcrumb\"},\"inLanguage\":\"ro-RO\",\"potentialAction\":[{\"@type\":\"ReadAction\",\"target\":[\"https:\\\/\\\/zero-max.dk\\\/single-flex-composite-disc-couplings\\\/\"]}]},{\"@type\":\"BreadcrumbList\",\"@id\":\"https:\\\/\\\/zero-max.dk\\\/single-flex-composite-disc-couplings\\\/#breadcrumb\",\"itemListElement\":[{\"@type\":\"ListItem\",\"position\":1,\"name\":\"Hjem\",\"item\":\"https:\\\/\\\/zero-max.dk\\\/\"},{\"@type\":\"ListItem\",\"position\":2,\"name\":\"Enkelt Fleksible Sammensatte Diskkoblinger\"}]},{\"@type\":\"WebSite\",\"@id\":\"https:\\\/\\\/zero-max.dk\\\/#website\",\"url\":\"https:\\\/\\\/zero-max.dk\\\/\",\"name\":\"Zero-Max A\\\/S\",\"description\":\"\",\"potentialAction\":[{\"@type\":\"SearchAction\",\"target\":{\"@type\":\"EntryPoint\",\"urlTemplate\":\"https:\\\/\\\/zero-max.dk\\\/?s={search_term_string}\"},\"query-input\":{\"@type\":\"PropertyValueSpecification\",\"valueRequired\":true,\"valueName\":\"search_term_string\"}}],\"inLanguage\":\"ro-RO\"}]}<\/script>\n<!-- \/ Yoast SEO plugin. -->","yoast_head_json":{"title":"Cuplaje cu discuri compozite flexibile simple | Precizie ridicat\u0103 \u0219i durabilitate - Zero-Max","description":"Cuplajele cu discuri compozite flexibile simple Zero-Max asigur\u0103 rigiditate torsional\u0103 ridicat\u0103, precizie \u0219i durat\u0103 lung\u0103 de via\u021b\u0103. Ideale pentru servomotoare, aplica\u021bii de mare vitez\u0103 \u0219i medii solicitante.","robots":{"index":"index","follow":"follow","max-snippet":"max-snippet:-1","max-image-preview":"max-image-preview:large","max-video-preview":"max-video-preview:-1"},"canonical":"https:\/\/zero-max.dk\/ro\/cuplaje-cu-disc-compozit-single-flex\/","og_locale":"ro_RO","og_type":"article","og_title":"Enkelt Fleksible Komposit Diskkoblinger | H\u00f8j Pr\u00e6cision & Holdbarhed \u2013 Zero-Max","og_description":"Zero-Max enkelt fleksible komposit diskkoblinger sikrer h\u00f8j torsionsstivhed, pr\u00e6cision og lang levetid. Ideelle til servomotorer, h\u00f8jhastighedsapplikationer og kr\u00e6vende milj\u00f8er.","og_url":"https:\/\/zero-max.dk\/ro\/cuplaje-cu-disc-compozit-single-flex\/","og_site_name":"Zero-Max A\/S","article_modified_time":"2026-03-09T12:30:54+00:00","twitter_card":"summary_large_image","twitter_misc":{"Timp estimat pentru citire":"4 minute"},"schema":{"@context":"https:\/\/schema.org","@graph":[{"@type":"WebPage","@id":"https:\/\/zero-max.dk\/single-flex-composite-disc-couplings\/","url":"https:\/\/zero-max.dk\/single-flex-composite-disc-couplings\/","name":"Cuplaje cu discuri compozite flexibile simple | Precizie ridicat\u0103 \u0219i durabilitate - Zero-Max","isPartOf":{"@id":"https:\/\/zero-max.dk\/#website"},"datePublished":"2019-01-07T06:40:13+00:00","dateModified":"2026-03-09T12:30:54+00:00","description":"Cuplajele cu discuri compozite flexibile simple Zero-Max asigur\u0103 rigiditate torsional\u0103 ridicat\u0103, precizie \u0219i durat\u0103 lung\u0103 de via\u021b\u0103. Ideale pentru servomotoare, aplica\u021bii de mare vitez\u0103 \u0219i medii solicitante.","breadcrumb":{"@id":"https:\/\/zero-max.dk\/single-flex-composite-disc-couplings\/#breadcrumb"},"inLanguage":"ro-RO","potentialAction":[{"@type":"ReadAction","target":["https:\/\/zero-max.dk\/single-flex-composite-disc-couplings\/"]}]},{"@type":"BreadcrumbList","@id":"https:\/\/zero-max.dk\/single-flex-composite-disc-couplings\/#breadcrumb","itemListElement":[{"@type":"ListItem","position":1,"name":"Hjem","item":"https:\/\/zero-max.dk\/"},{"@type":"ListItem","position":2,"name":"Enkelt Fleksible Sammensatte Diskkoblinger"}]},{"@type":"WebSite","@id":"https:\/\/zero-max.dk\/#website","url":"https:\/\/zero-max.dk\/","name":"Zero-Max A\/S","description":"","potentialAction":[{"@type":"SearchAction","target":{"@type":"EntryPoint","urlTemplate":"https:\/\/zero-max.dk\/?s={search_term_string}"},"query-input":{"@type":"PropertyValueSpecification","valueRequired":true,"valueName":"search_term_string"}}],"inLanguage":"ro-RO"}]}},"_links":{"self":[{"href":"https:\/\/zero-max.dk\/ro\/wp-json\/wp\/v2\/pages\/1114","targetHints":{"allow":["GET"]}}],"collection":[{"href":"https:\/\/zero-max.dk\/ro\/wp-json\/wp\/v2\/pages"}],"about":[{"href":"https:\/\/zero-max.dk\/ro\/wp-json\/wp\/v2\/types\/page"}],"author":[{"embeddable":true,"href":"https:\/\/zero-max.dk\/ro\/wp-json\/wp\/v2\/users\/7"}],"replies":[{"embeddable":true,"href":"https:\/\/zero-max.dk\/ro\/wp-json\/wp\/v2\/comments?post=1114"}],"version-history":[{"count":27,"href":"https:\/\/zero-max.dk\/ro\/wp-json\/wp\/v2\/pages\/1114\/revisions"}],"predecessor-version":[{"id":6734,"href":"https:\/\/zero-max.dk\/ro\/wp-json\/wp\/v2\/pages\/1114\/revisions\/6734"}],"wp:attachment":[{"href":"https:\/\/zero-max.dk\/ro\/wp-json\/wp\/v2\/media?parent=1114"}],"curies":[{"name":"wp","href":"https:\/\/api.w.org\/{rel}","templated":true}]}}