{"id":1133,"date":"2019-01-07T08:05:36","date_gmt":"2019-01-07T07:05:36","guid":{"rendered":"https:\/\/zero-max.dk\/?page_id=1133"},"modified":"2025-04-07T22:44:31","modified_gmt":"2025-04-07T20:44:31","slug":"cuplaje-cu-configuratie-dubla-flexibila","status":"publish","type":"page","link":"https:\/\/zero-max.dk\/ro\/double-flex-configuration-couplings\/","title":{"rendered":"Cuplaje compozite flexibile duble"},"content":{"rendered":"<p>[et_pb_section fb_built=&#8221;1&#8243; custom_padding_last_edited=&#8221;on|tablet&#8221; _builder_version=&#8221;4.21.0&#8243; background_image=&#8221;https:\/\/zero-max.dk\/wp-content\/uploads\/2019\/01\/CD_Tops.jpg&#8221; background_size=&#8221;contain&#8221; height_tablet=&#8221;269px&#8221; height_phone=&#8221;240px&#8221; height_last_edited=&#8221;on|tablet&#8221; custom_padding=&#8221;20%||58px||false|false&#8221; custom_padding_tablet=&#8221;20%||0px||false|false&#8221; custom_padding_phone=&#8221;20%||0px||false|false&#8221; animation_style=&#8221;zoom&#8221; custom_css_main_element=&#8221;height: 450px;&#8221; border_width_bottom=&#8221;1px&#8221; border_color_bottom=&#8221;#e5e5e5&#8243; global_colors_info=&#8221;{}&#8221;][et_pb_row custom_padding_last_edited=&#8221;on|tablet&#8221; _builder_version=&#8221;4.21.0&#8243; custom_margin=&#8221;||&#8221; custom_margin_tablet=&#8221;-135px||||false|false&#8221; custom_margin_phone=&#8221;-76px||||false|false&#8221; custom_margin_last_edited=&#8221;on|tablet&#8221; custom_padding_tablet=&#8221;0px||||false|false&#8221; custom_padding_phone=&#8221;||||false|false&#8221; custom_css_main_element=&#8221;position:relative;||z-index:99;&#8221; global_colors_info=&#8221;{}&#8221;][et_pb_column type=&#8221;4_4&#8243; _builder_version=&#8221;4.16&#8243; custom_padding=&#8221;|||&#8221; global_colors_info=&#8221;{}&#8221; custom_padding__hover=&#8221;|||&#8221;][et_pb_text _builder_version=&#8221;4.21.0&#8243; text_font=&#8221;Oswald||||||||&#8221; text_text_color=&#8221;#013366&#8243; text_font_size=&#8221;26px&#8221; text_letter_spacing=&#8221;4px&#8221; text_line_height=&#8221;1.1em&#8221; custom_margin_tablet=&#8221;&#8221; custom_margin_phone=&#8221;||||false|false&#8221; custom_margin_last_edited=&#8221;on|phone&#8221; custom_padding=&#8221;||||false|false&#8221; custom_padding_tablet=&#8221;||||false|false&#8221; custom_padding_phone=&#8221;||||false|false&#8221; custom_padding_last_edited=&#8221;on|phone&#8221; global_colors_info=&#8221;{}&#8221;]<\/p>\n<p>Mange hestekr\u00e6fter p\u00e5 et lille omr\u00e5de<\/p>\n<p>[\/et_pb_text][\/et_pb_column][\/et_pb_row][\/et_pb_section][et_pb_section fb_built=&#8221;1&#8243; disabled_on=&#8221;on|off|off&#8221; _builder_version=&#8221;4.16&#8243; background_color=&#8221;#ffffff&#8221; custom_padding=&#8221;20px||20px&#8221; global_colors_info=&#8221;{}&#8221;][et_pb_row _builder_version=&#8221;4.21.0&#8243; custom_margin_tablet=&#8221;&#8221; custom_margin_phone=&#8221;||||false|false&#8221; custom_margin_last_edited=&#8221;on|phone&#8221; global_colors_info=&#8221;{}&#8221;][et_pb_column type=&#8221;4_4&#8243; _builder_version=&#8221;4.16&#8243; custom_padding=&#8221;|||&#8221; global_colors_info=&#8221;{}&#8221; custom_padding__hover=&#8221;|||&#8221;][et_pb_text _builder_version=&#8221;4.27.4&#8243; header_text_align=&#8221;center&#8221; header_2_text_align=&#8221;center&#8221; header_3_text_color=&#8221;#003366&#8243; hover_enabled=&#8221;0&#8243; global_colors_info=&#8221;{}&#8221; sticky_enabled=&#8221;0&#8243;]<\/p>\n<h1>Komposit diskkoblinger<\/h1>\n<p>&nbsp;<\/p>\n<h2><span class=\"textheading2 mobile-undersized-upper\">Dobbelt-fleksible<\/span><\/h2>\n<p>[\/et_pb_text][\/et_pb_column][\/et_pb_row][et_pb_row column_structure=&#8221;1_3,1_3,1_3&#8243; _builder_version=&#8221;4.21.0&#8243; width_tablet=&#8221;&#8221; width_phone=&#8221;90%&#8221; width_last_edited=&#8221;on|phone&#8221; global_colors_info=&#8221;{}&#8221;][et_pb_column type=&#8221;1_3&#8243; _builder_version=&#8221;4.16&#8243; custom_padding=&#8221;|||&#8221; global_colors_info=&#8221;{}&#8221; custom_padding__hover=&#8221;|||&#8221;][et_pb_blurb image=&#8221;https:\/\/zero-max.dk\/wp-content\/uploads\/2019\/01\/double_flex_aluminum_a1c-1.png&#8221; image_icon_width=&#8221;83%&#8221; _builder_version=&#8221;4.16&#8243; header_level=&#8221;h2&#8243; image_max_width=&#8221;83%&#8221; global_colors_info=&#8221;{}&#8221;]<\/p>\n<p><strong>A1C Sp\u00e6nderings type\/Aluminiums Nav Dobbelt Fleksible Koblinger<\/strong><\/p>\n<p>Zero-Maxs serie af A1C dobbelt fleksible komposit koblinger giver endnu st\u00f8rre forskydningskapacitet end vores A1C enkelt fleksible koblinger. Med deres lave v\u00e6gt og tr\u00e6ghed er disse koblinger velegnede til applikationer med pr\u00e6cisions bev\u00e6gelseskontrol. Modsat lignende koblinger af denne type giver vores dobbelt fleksible koblinger b\u00e5de torsionel stivhed og en h\u00f8j udholdenhed, hvilket g\u00f8r dem velegnede til kr\u00e6vende applikationer, is\u00e6r dem der kr\u00e6ver h\u00f8j fart med h\u00f8je forskydningsevner.<\/p>\n<p>Ydeevne uden tilbageslag og kompakte fodspor g\u00f8r det muligt for dem at blive brugt i en bred vifte af applikationer.<\/p>\n<p>Et sort anodiseret beskyttende lag giver en forbedret beskyttelse mod korrosion.<\/p>\n<p>[\/et_pb_blurb][\/et_pb_column][et_pb_column type=&#8221;1_3&#8243; _builder_version=&#8221;4.16&#8243; custom_padding=&#8221;|||&#8221; global_colors_info=&#8221;{}&#8221; custom_padding__hover=&#8221;|||&#8221;][et_pb_blurb image=&#8221;https:\/\/zero-max.dk\/wp-content\/uploads\/2019\/01\/double_flex_clamp_aluminum_hub.png&#8221; image_icon_width=&#8221;89%&#8221; _builder_version=&#8221;4.16&#8243; header_level=&#8221;h2&#8243; image_max_width=&#8221;89%&#8221; global_colors_info=&#8221;{}&#8221;]<\/p>\n<p><strong>Sp\u00e6nderings nav\/Aluminiums Nav Dobbelt Fleksible Koblinger<\/strong><\/p>\n<p>Designet til applikationer der kr\u00e6ver stor forskydningskapacitet giver vores dobbelt fleksible koblinger nem drift uden tilbageslag, selv ved h\u00f8je hastigheder. H\u00f8j torsionel stivhed og fremragende udholdenhed g\u00f8r vores koblinger ideelle til udfordrende applikationer.\u00a0 Disse dobbelt fleksible koblinger er glimrende til store belastninger og giver takket v\u00e6re deres forskydningskapacitet en meget lav reaktionsbelastning.<\/p>\n<p>Aluminiumshuset har en meget let v\u00e6gt, men er stadig meget slidst\u00e6rkt og reducerer tr\u00e6gheden; et sort anodiseret beskyttende lag giver en forbedret beskyttelse mod korrosion.<\/p>\n<p>[\/et_pb_blurb][\/et_pb_column][et_pb_column type=&#8221;1_3&#8243; _builder_version=&#8221;4.16&#8243; custom_padding=&#8221;|||&#8221; global_colors_info=&#8221;{}&#8221; custom_padding__hover=&#8221;|||&#8221;][et_pb_blurb image=&#8221;https:\/\/zero-max.dk\/wp-content\/uploads\/2019\/01\/double_flex_coupling.png&#8221; image_icon_width=&#8221;87%&#8221; _builder_version=&#8221;4.16&#8243; header_level=&#8221;h2&#8243; image_max_width=&#8221;87%&#8221; global_colors_info=&#8221;{}&#8221;]<\/p>\n<p><strong>Sp\u00e6nderings type\/St\u00e5l Nav Dobbelt Fleksible Koblinger<\/strong><\/p>\n<p>Vores dobbelt fleksible koblinger med st\u00e5l nav er ideelt tilpasset til brug i pr\u00e6cision bev\u00e6gelseskontrol. Meget h\u00f8j forskydningskapacitet og den h\u00f8je torsionelle stivhed hj\u00e6lper med at sikre en h\u00f8j ydeevne i selv de mest kr\u00e6vende applikationer. Disse dobbelt fleksible koblinger i st\u00e5l er bygget med et kompakt fodaftryk, hvilket g\u00f8r dem nemme at installere i maskiner og systemer med begr\u00e6nset plads. De giver ingen tilbageslag og en nem udf\u00f8relse i h\u00f8je hastigheder og er glimrende til store belastninger.<\/p>\n<p>Et sort oxideret beskyttende lag giver en forbedret beskyttelse mod korrosion.<\/p>\n<p>[\/et_pb_blurb][\/et_pb_column][\/et_pb_row][et_pb_row column_structure=&#8221;1_3,1_3,1_3&#8243; _builder_version=&#8221;4.16&#8243; global_colors_info=&#8221;{}&#8221;][et_pb_column type=&#8221;1_3&#8243; _builder_version=&#8221;4.16&#8243; custom_padding=&#8221;|||&#8221; global_colors_info=&#8221;{}&#8221; custom_padding__hover=&#8221;|||&#8221;][et_pb_blurb image=&#8221;https:\/\/zero-max.dk\/wp-content\/uploads\/2019\/01\/double_flex_qd_coupling.png&#8221; image_icon_width=&#8221;83%&#8221; _builder_version=&#8221;4.16&#8243; header_level=&#8221;h2&#8243; image_max_width=&#8221;83%&#8221; global_colors_info=&#8221;{}&#8221;]<\/p>\n<p><strong><br \/>QD\/Bushing Type Nav Dobbelt Fleksible Koblinger<\/strong><\/p>\n<p>Zero-Maxs dobbelt fleksible koblinger med dobbelt QD bushing type nav er udviklet til applikationer der kr\u00e6ver en h\u00f8j forskydningskapacitet. Den store forskydningskapacitet g\u00f8r dem sammen med den h\u00f8je torsionelle stivhed, fremragende holdbarhed og den overordnede h\u00f8je ydeevne til en p\u00e5lidelig og alsidig l\u00f8sning for en bred r\u00e6kke af applikationer til bev\u00e6gelseskontrol.<\/p>\n<p>De giver en nem drift i h\u00f8je hastigheder uden tilbageslag. Bushing type nav af st\u00e5l er sort oxiderede for en forst\u00e6rket beskyttelse mod korrosion.<\/p>\n<p>[\/et_pb_blurb][\/et_pb_column][et_pb_column type=&#8221;1_3&#8243; _builder_version=&#8221;4.16&#8243; custom_padding=&#8221;|||&#8221; global_colors_info=&#8221;{}&#8221; custom_padding__hover=&#8221;|||&#8221;][et_pb_blurb image=&#8221;https:\/\/zero-max.dk\/wp-content\/uploads\/2019\/01\/double_flex_setscrew_steel_coupling.png&#8221; image_icon_width=&#8221;90%&#8221; _builder_version=&#8221;4.16&#8243; header_level=&#8221;h2&#8243; image_max_width=&#8221;90%&#8221; global_colors_info=&#8221;{}&#8221;]<\/p>\n<p><strong>Pinolskrue\/St\u00e5l nav Dobbelt Fleksible Koblinger<\/strong><\/p>\n<p>Med sin h\u00f8je torsionelle stivhed og h\u00f8je forskydningskapacitet hj\u00e6lper vores pinolskrue dobbelt fleksible koblinger med at sikre anvendelsen i h\u00f8j pr\u00e6cision i bev\u00e6gelseskontrol applikationer. Disse komposit diskkoblinger er kompakte, men giver alligevel en dobbelteforskydningskapacitet i forhold til lignende koblinger. De er udviklet til anvendelse ved meget h\u00f8je hastigheder, og der er utrolig lav reaktionsbelastning p\u00e5 akselrullelejerne.<\/p>\n<p>Et sort anodiseret beskyttende lag giver en forbedret beskyttelse mod korrosion.<\/p>\n<p>[\/et_pb_blurb][\/et_pb_column][et_pb_column type=&#8221;1_3&#8243; _builder_version=&#8221;4.16&#8243; custom_padding=&#8221;|||&#8221; global_colors_info=&#8221;{}&#8221; custom_padding__hover=&#8221;|||&#8221;][et_pb_blurb image_icon_width=&#8221;90%&#8221; _builder_version=&#8221;4.16&#8243; header_level=&#8221;h2&#8243; custom_margin=&#8221;217px||&#8221; image_max_width=&#8221;90%&#8221; global_colors_info=&#8221;{}&#8221;]<\/p>\n<p><strong>Kundespecifikke Dobbelt Fleksible Koblinger<\/strong><\/p>\n<p>Alle Zero-Maxs dobbelt fleksible komposit diskkoblinger kan skr\u00e6ddersyes til hver enkelt kunde for at passe til applikationens behov og ydeevne. Huldiameter, torsionel stivhed, forskydningskapacitet og andre faktorer kan tilpasses enkeltvis, s\u00e5 de passer pr\u00e6cist til dine behov.<\/p>\n<p>[\/et_pb_blurb][\/et_pb_column][\/et_pb_row][et_pb_row column_structure=&#8221;1_3,1_3,1_3&#8243; _builder_version=&#8221;4.16&#8243; global_colors_info=&#8221;{}&#8221;][et_pb_column type=&#8221;1_3&#8243; _builder_version=&#8221;4.16&#8243; custom_padding=&#8221;|||&#8221; global_colors_info=&#8221;{}&#8221; custom_padding__hover=&#8221;|||&#8221;][\/et_pb_column][et_pb_column type=&#8221;1_3&#8243; _builder_version=&#8221;4.16&#8243; custom_padding=&#8221;|||&#8221; global_colors_info=&#8221;{}&#8221; custom_padding__hover=&#8221;|||&#8221;][et_pb_button button_url=&#8221;https:\/\/zero-max.dk\/wp-content\/uploads\/2020\/07\/4886-Zero-Max-CD-Couplings-r18.pdf&#8221; url_new_window=&#8221;on&#8221; button_text=&#8221;DOWNLOAD KATALOG&#8221; button_alignment=&#8221;center&#8221; _builder_version=&#8221;4.16&#8243; custom_button=&#8221;on&#8221; button_text_color=&#8221;#ffffff&#8221; button_bg_color=&#8221;#003366&#8243; button_border_color=&#8221;#003366&#8243; custom_margin=&#8221;||&#8221; global_colors_info=&#8221;{}&#8221;]<br \/>\n[\/et_pb_button][\/et_pb_column][et_pb_column type=&#8221;1_3&#8243; _builder_version=&#8221;4.16&#8243; custom_padding=&#8221;|||&#8221; global_colors_info=&#8221;{}&#8221; custom_padding__hover=&#8221;|||&#8221;][\/et_pb_column][\/et_pb_row][\/et_pb_section][et_pb_section fb_built=&#8221;1&#8243; disabled_on=&#8221;on|on|on&#8221; _builder_version=&#8221;4.6.1&#8243; background_color=&#8221;#003366&#8243; custom_padding=&#8221;0px||0px&#8221; disabled=&#8221;on&#8221; global_module=&#8221;1044&#8243; global_colors_info=&#8221;{}&#8221;][et_pb_row column_structure=&#8221;1_3,1_3,1_3&#8243; _builder_version=&#8221;4.16&#8243; max_width=&#8221;1080px&#8221; global_colors_info=&#8221;{}&#8221;][et_pb_column type=&#8221;1_3&#8243; _builder_version=&#8221;4.16&#8243; custom_padding=&#8221;|||&#8221; global_colors_info=&#8221;{}&#8221; custom_padding__hover=&#8221;|||&#8221;][et_pb_text _builder_version=&#8221;4.16&#8243; header_2_text_align=&#8221;center&#8221; header_2_text_color=&#8221;#99ccff&#8221; header_2_font_size=&#8221;14px&#8221; custom_margin=&#8221;0px||0px&#8221; custom_padding=&#8221;0px||0px&#8221; global_colors_info=&#8221;{}&#8221;]<\/p>\n<h2>Zero Max<\/h2>\n<p>[\/et_pb_text][et_pb_text _builder_version=&#8221;4.16&#8243; text_font=&#8221;||||||||&#8221; header_font=&#8221;||||||||&#8221; background_image=&#8221;https:\/\/zero-max.dk\/wp-content\/uploads\/2018\/12\/Boxes.jpg&#8221; text_orientation=&#8221;center&#8221; custom_margin=&#8221;0px||0px&#8221; custom_padding=&#8221;10px|20px|26px|20px&#8221; border_width_all=&#8221;1px&#8221; border_color_all=&#8221;#ffffff&#8221; global_colors_info=&#8221;{}&#8221;]<\/p>\n<p>Our gobal perspektive makes it possible to provide our customer with quality products at competitive pricing to any location<\/p>\n<p>[\/et_pb_text][\/et_pb_column][et_pb_column type=&#8221;1_3&#8243; _builder_version=&#8221;4.16&#8243; custom_padding=&#8221;|||&#8221; global_colors_info=&#8221;{}&#8221; custom_padding__hover=&#8221;|||&#8221;][et_pb_text _builder_version=&#8221;4.16&#8243; header_2_text_align=&#8221;center&#8221; header_2_text_color=&#8221;#99ccff&#8221; header_2_font_size=&#8221;14px&#8221; custom_margin=&#8221;0px||0px&#8221; custom_padding=&#8221;0px||0px&#8221; global_colors_info=&#8221;{}&#8221;]<\/p>\n<h2>World-Leading Expert !<\/h2>\n<p>[\/et_pb_text][et_pb_text _builder_version=&#8221;4.16&#8243; text_font=&#8221;||||||||&#8221; header_font=&#8221;||||||||&#8221; background_image=&#8221;https:\/\/zero-max.dk\/wp-content\/uploads\/2018\/12\/Boxes.jpg&#8221; text_orientation=&#8221;center&#8221; custom_margin=&#8221;0px||0px&#8221; custom_padding=&#8221;10px|20px|25px|20px&#8221; border_width_all=&#8221;1px&#8221; border_color_all=&#8221;#ffffff&#8221; global_colors_info=&#8221;{}&#8221;]<\/p>\n<p>Zero-Max combines decades of industry leading experience with unparalleled expertise in motion control solutions<\/p>\n<p>[\/et_pb_text][\/et_pb_column][et_pb_column type=&#8221;1_3&#8243; _builder_version=&#8221;4.16&#8243; custom_padding=&#8221;|||&#8221; global_colors_info=&#8221;{}&#8221; custom_padding__hover=&#8221;|||&#8221;][et_pb_text _builder_version=&#8221;4.16&#8243; header_2_text_align=&#8221;center&#8221; header_2_text_color=&#8221;#99ccff&#8221; header_2_font_size=&#8221;14px&#8221; custom_margin=&#8221;0px||0px&#8221; custom_padding=&#8221;0px||0px&#8221; global_colors_info=&#8221;{}&#8221;]<\/p>\n<h2>Get in touch!<\/h2>\n<p>[\/et_pb_text][et_pb_text _builder_version=&#8221;4.16&#8243; text_font=&#8221;||||||||&#8221; header_font=&#8221;||||||||&#8221; background_image=&#8221;https:\/\/zero-max.dk\/wp-content\/uploads\/2018\/12\/Boxes.jpg&#8221; text_orientation=&#8221;center&#8221; custom_margin=&#8221;0px||0px&#8221; custom_padding=&#8221;10px|10px|10px|10px&#8221; border_width_all=&#8221;1px&#8221; border_color_all=&#8221;#ffffff&#8221; global_colors_info=&#8221;{}&#8221;]<\/p>\n<p>Zero-Max A\/S<br \/>Mail: ext@zero-max.dk <br \/>Haarup Tvaevej 1<br \/>DK &#8211; 8600 Silkeborg<\/p>\n<p>[\/et_pb_text][\/et_pb_column][\/et_pb_row][\/et_pb_section]<\/p>\n","protected":false},"excerpt":{"rendered":"<p>Mange hestekr\u00e6fter p\u00e5 et lille omr\u00e5deKomposit diskkoblinger &nbsp; Dobbelt-fleksibleA1C Sp\u00e6nderings type\/Aluminiums Nav Dobbelt Fleksible Koblinger Zero-Maxs serie af A1C dobbelt fleksible komposit koblinger giver endnu st\u00f8rre forskydningskapacitet end vores A1C enkelt fleksible koblinger. Med deres lave v\u00e6gt og tr\u00e6ghed er disse koblinger velegnede til applikationer med pr\u00e6cisions bev\u00e6gelseskontrol. Modsat lignende koblinger af denne type giver [&hellip;]<\/p>\n","protected":false},"author":7,"featured_media":0,"parent":0,"menu_order":0,"comment_status":"closed","ping_status":"closed","template":"","meta":{"_et_pb_use_builder":"on","_et_pb_old_content":"","_et_gb_content_width":"","footnotes":""},"class_list":["post-1133","page","type-page","status-publish","hentry"],"yoast_head":"<!-- This site is optimized with the Yoast SEO plugin v27.5 - https:\/\/yoast.com\/product\/yoast-seo-wordpress\/ -->\n<title>Dobbelt Fleksible Komposit Diskkoblinger | Pr\u00e6cision &amp; H\u00f8j Ydeevne \u2013 Zero-Max<\/title>\n<meta name=\"description\" content=\"Zero-Max dobbelt fleksible komposit diskkoblinger sikrer pr\u00e6cision, torsionsstivhed og h\u00f8j forskydningskapacitet. Perfekt til kr\u00e6vende applikationer og bev\u00e6gelseskontrol.\" \/>\n<meta name=\"robots\" content=\"index, follow, max-snippet:-1, max-image-preview:large, max-video-preview:-1\" \/>\n<link rel=\"canonical\" href=\"https:\/\/zero-max.dk\/ro\/cuplaje-cu-configuratie-dubla-flexibila\/\" \/>\n<meta property=\"og:locale\" content=\"ro_RO\" \/>\n<meta property=\"og:type\" content=\"article\" \/>\n<meta property=\"og:title\" content=\"Dobbelt Fleksible Komposit Diskkoblinger | Pr\u00e6cision &amp; H\u00f8j Ydeevne \u2013 Zero-Max\" \/>\n<meta property=\"og:description\" content=\"Zero-Max dobbelt fleksible komposit diskkoblinger sikrer pr\u00e6cision, torsionsstivhed og h\u00f8j forskydningskapacitet. Perfekt til kr\u00e6vende applikationer og bev\u00e6gelseskontrol.\" \/>\n<meta property=\"og:url\" content=\"https:\/\/zero-max.dk\/ro\/cuplaje-cu-configuratie-dubla-flexibila\/\" \/>\n<meta property=\"og:site_name\" content=\"Zero-Max A\/S\" \/>\n<meta property=\"article:modified_time\" content=\"2025-04-07T20:44:31+00:00\" \/>\n<meta name=\"twitter:card\" content=\"summary_large_image\" \/>\n<meta name=\"twitter:label1\" content=\"Timp estimat pentru citire\" \/>\n\t<meta name=\"twitter:data1\" content=\"4 minute\" \/>\n<script type=\"application\/ld+json\" class=\"yoast-schema-graph\">{\"@context\":\"https:\\\/\\\/schema.org\",\"@graph\":[{\"@type\":\"WebPage\",\"@id\":\"https:\\\/\\\/zero-max.dk\\\/double-flex-configuration-couplings\\\/\",\"url\":\"https:\\\/\\\/zero-max.dk\\\/double-flex-configuration-couplings\\\/\",\"name\":\"Dobbelt Fleksible Komposit Diskkoblinger | Pr\u00e6cision & H\u00f8j Ydeevne \u2013 Zero-Max\",\"isPartOf\":{\"@id\":\"https:\\\/\\\/zero-max.dk\\\/#website\"},\"datePublished\":\"2019-01-07T07:05:36+00:00\",\"dateModified\":\"2025-04-07T20:44:31+00:00\",\"description\":\"Zero-Max dobbelt fleksible komposit diskkoblinger sikrer pr\u00e6cision, torsionsstivhed og h\u00f8j forskydningskapacitet. Perfekt til kr\u00e6vende applikationer og bev\u00e6gelseskontrol.\",\"breadcrumb\":{\"@id\":\"https:\\\/\\\/zero-max.dk\\\/double-flex-configuration-couplings\\\/#breadcrumb\"},\"inLanguage\":\"ro-RO\",\"potentialAction\":[{\"@type\":\"ReadAction\",\"target\":[\"https:\\\/\\\/zero-max.dk\\\/double-flex-configuration-couplings\\\/\"]}]},{\"@type\":\"BreadcrumbList\",\"@id\":\"https:\\\/\\\/zero-max.dk\\\/double-flex-configuration-couplings\\\/#breadcrumb\",\"itemListElement\":[{\"@type\":\"ListItem\",\"position\":1,\"name\":\"Hjem\",\"item\":\"https:\\\/\\\/zero-max.dk\\\/\"},{\"@type\":\"ListItem\",\"position\":2,\"name\":\"Dobbelt fleksible komposit koblinger\"}]},{\"@type\":\"WebSite\",\"@id\":\"https:\\\/\\\/zero-max.dk\\\/#website\",\"url\":\"https:\\\/\\\/zero-max.dk\\\/\",\"name\":\"Zero-Max A\\\/S\",\"description\":\"\",\"potentialAction\":[{\"@type\":\"SearchAction\",\"target\":{\"@type\":\"EntryPoint\",\"urlTemplate\":\"https:\\\/\\\/zero-max.dk\\\/?s={search_term_string}\"},\"query-input\":{\"@type\":\"PropertyValueSpecification\",\"valueRequired\":true,\"valueName\":\"search_term_string\"}}],\"inLanguage\":\"ro-RO\"}]}<\/script>\n<!-- \/ Yoast SEO plugin. -->","yoast_head_json":{"title":"Cuplaje duble flexibile cu disc compozit | Precizie \u0219i \u00eenalt\u0103 performan\u021b\u0103 - Zero-Max","description":"Cuplajele cu disc dublu flexibil compozit Zero-Max asigur\u0103 precizie, rigiditate torsional\u0103 \u0219i capacitate mare de forfecare. Perfecte pentru aplica\u021bii solicitante \u0219i controlul mi\u0219c\u0103rii.","robots":{"index":"index","follow":"follow","max-snippet":"max-snippet:-1","max-image-preview":"max-image-preview:large","max-video-preview":"max-video-preview:-1"},"canonical":"https:\/\/zero-max.dk\/ro\/cuplaje-cu-configuratie-dubla-flexibila\/","og_locale":"ro_RO","og_type":"article","og_title":"Dobbelt Fleksible Komposit Diskkoblinger | Pr\u00e6cision & H\u00f8j Ydeevne \u2013 Zero-Max","og_description":"Zero-Max dobbelt fleksible komposit diskkoblinger sikrer pr\u00e6cision, torsionsstivhed og h\u00f8j forskydningskapacitet. Perfekt til kr\u00e6vende applikationer og bev\u00e6gelseskontrol.","og_url":"https:\/\/zero-max.dk\/ro\/cuplaje-cu-configuratie-dubla-flexibila\/","og_site_name":"Zero-Max A\/S","article_modified_time":"2025-04-07T20:44:31+00:00","twitter_card":"summary_large_image","twitter_misc":{"Timp estimat pentru citire":"4 minute"},"schema":{"@context":"https:\/\/schema.org","@graph":[{"@type":"WebPage","@id":"https:\/\/zero-max.dk\/double-flex-configuration-couplings\/","url":"https:\/\/zero-max.dk\/double-flex-configuration-couplings\/","name":"Cuplaje duble flexibile cu disc compozit | Precizie \u0219i \u00eenalt\u0103 performan\u021b\u0103 - Zero-Max","isPartOf":{"@id":"https:\/\/zero-max.dk\/#website"},"datePublished":"2019-01-07T07:05:36+00:00","dateModified":"2025-04-07T20:44:31+00:00","description":"Cuplajele cu disc dublu flexibil compozit Zero-Max asigur\u0103 precizie, rigiditate torsional\u0103 \u0219i capacitate mare de forfecare. Perfecte pentru aplica\u021bii solicitante \u0219i controlul mi\u0219c\u0103rii.","breadcrumb":{"@id":"https:\/\/zero-max.dk\/double-flex-configuration-couplings\/#breadcrumb"},"inLanguage":"ro-RO","potentialAction":[{"@type":"ReadAction","target":["https:\/\/zero-max.dk\/double-flex-configuration-couplings\/"]}]},{"@type":"BreadcrumbList","@id":"https:\/\/zero-max.dk\/double-flex-configuration-couplings\/#breadcrumb","itemListElement":[{"@type":"ListItem","position":1,"name":"Hjem","item":"https:\/\/zero-max.dk\/"},{"@type":"ListItem","position":2,"name":"Dobbelt fleksible komposit koblinger"}]},{"@type":"WebSite","@id":"https:\/\/zero-max.dk\/#website","url":"https:\/\/zero-max.dk\/","name":"Zero-Max A\/S","description":"","potentialAction":[{"@type":"SearchAction","target":{"@type":"EntryPoint","urlTemplate":"https:\/\/zero-max.dk\/?s={search_term_string}"},"query-input":{"@type":"PropertyValueSpecification","valueRequired":true,"valueName":"search_term_string"}}],"inLanguage":"ro-RO"}]}},"_links":{"self":[{"href":"https:\/\/zero-max.dk\/ro\/wp-json\/wp\/v2\/pages\/1133","targetHints":{"allow":["GET"]}}],"collection":[{"href":"https:\/\/zero-max.dk\/ro\/wp-json\/wp\/v2\/pages"}],"about":[{"href":"https:\/\/zero-max.dk\/ro\/wp-json\/wp\/v2\/types\/page"}],"author":[{"embeddable":true,"href":"https:\/\/zero-max.dk\/ro\/wp-json\/wp\/v2\/users\/7"}],"replies":[{"embeddable":true,"href":"https:\/\/zero-max.dk\/ro\/wp-json\/wp\/v2\/comments?post=1133"}],"version-history":[{"count":22,"href":"https:\/\/zero-max.dk\/ro\/wp-json\/wp\/v2\/pages\/1133\/revisions"}],"predecessor-version":[{"id":6309,"href":"https:\/\/zero-max.dk\/ro\/wp-json\/wp\/v2\/pages\/1133\/revisions\/6309"}],"wp:attachment":[{"href":"https:\/\/zero-max.dk\/ro\/wp-json\/wp\/v2\/media?parent=1133"}],"curies":[{"name":"wp","href":"https:\/\/api.w.org\/{rel}","templated":true}]}}