{"id":2461,"date":"2020-04-23T14:14:42","date_gmt":"2020-04-23T12:14:42","guid":{"rendered":"https:\/\/zero-max.dk\/?page_id=2461"},"modified":"2025-04-07T22:49:48","modified_gmt":"2025-04-07T20:49:48","slug":"sistem-cu-cremaliera-si-pinion","status":"publish","type":"page","link":"https:\/\/zero-max.dk\/ro\/tandstang-system\/","title":{"rendered":"Sistem cu cremalier\u0103 \u0219i pinion"},"content":{"rendered":"<p>[et_pb_section fb_built=&#8221;1&#8243; _builder_version=&#8221;4.16&#8243; global_colors_info=&#8221;{}&#8221;][et_pb_row _builder_version=&#8221;4.16&#8243; global_colors_info=&#8221;{}&#8221;][et_pb_column type=&#8221;4_4&#8243; _builder_version=&#8221;4.16&#8243; global_colors_info=&#8221;{}&#8221;][et_pb_text _builder_version=&#8221;4.27.4&#8243; text_font_size=&#8221;19px&#8221; text_line_height=&#8221;1.4em&#8221; hover_enabled=&#8221;0&#8243; global_colors_info=&#8221;{}&#8221; text_letter_spacing__hover_enabled=&#8221;on|desktop&#8221; sticky_enabled=&#8221;0&#8243;]<\/p>\n<h1>Tandstang System<\/h1>\n<p>Kombinationen af \u200b\u200blavt tilbageslag gearkasser med h\u00f8j pr\u00e6cision tandhjul og tanderst\u00e6nger er ekstremt energieffektiv, pr\u00e6cis, dynamisk og overbevisende takket v\u00e6re den lange levetid<\/p>\n<p>[\/et_pb_text][\/et_pb_column][\/et_pb_row][et_pb_row column_structure=&#8221;1_3,1_3,1_3&#8243; _builder_version=&#8221;4.21.0&#8243; min_height=&#8221;389px&#8221; custom_padding=&#8221;0px||82px|||&#8221; animation_style=&#8221;zoom&#8221; global_colors_info=&#8221;{}&#8221;][et_pb_column type=&#8221;1_3&#8243; _builder_version=&#8221;4.16&#8243; global_colors_info=&#8221;{}&#8221;][et_pb_image src=&#8221;https:\/\/zero-max.dk\/wp-content\/uploads\/2020\/04\/1-3.jpg&#8221; _builder_version=&#8221;4.16&#8243; global_colors_info=&#8221;{}&#8221;][\/et_pb_image][et_pb_text _builder_version=&#8221;4.16&#8243; global_colors_info=&#8221;{}&#8221;]<\/p>\n<p><strong>Tandstang &amp; Tandhjuls Drive MPRW<\/strong><\/p>\n<p><strong>Gearkasse Med Spline Aksel Som Er I Kontakt\u00a0<\/strong><\/p>\n<p><strong>Med Tandhjul og Tandstang.\u00a0 \u00a0 \u00a0 \u00a0 \u00a0 <\/strong><\/p>\n<p><strong><a href=\"https:\/\/zero-max.dk\/wp-content\/uploads\/2020\/04\/1-2.pdf\">PDF Download<\/a>\u00a0 \u00a0 \u00a0 \u00a0<\/strong><\/p>\n<p>[\/et_pb_text][\/et_pb_column][et_pb_column type=&#8221;1_3&#8243; _builder_version=&#8221;4.16&#8243; global_colors_info=&#8221;{}&#8221;][et_pb_image src=&#8221;https:\/\/zero-max.dk\/wp-content\/uploads\/2020\/04\/2-4.jpg&#8221; _builder_version=&#8221;4.16&#8243; global_colors_info=&#8221;{}&#8221;][\/et_pb_image][et_pb_text _builder_version=&#8221;4.16&#8243; global_colors_info=&#8221;{}&#8221;]<\/p>\n<p><strong>Tandstang &amp; Tandhjuls Drive MPRN<\/strong><\/p>\n<p><strong>Gearkasse Med Keyway Kontakt\u00a0<\/strong><\/p>\n<p><strong>Til Tandhjul og Tandstang\u00a0 \u00a0 \u00a0 <\/strong><\/p>\n<p><strong><a href=\"https:\/\/zero-max.dk\/wp-content\/uploads\/2020\/04\/2-3.pdf\">PDF Download\u00a0<\/a> \u00a0 \u00a0 \u00a0<\/strong><\/p>\n<p>[\/et_pb_text][\/et_pb_column][et_pb_column type=&#8221;1_3&#8243; _builder_version=&#8221;4.16&#8243; global_colors_info=&#8221;{}&#8221;][\/et_pb_column][\/et_pb_row][\/et_pb_section]<\/p>\n","protected":false},"excerpt":{"rendered":"<p>Tandstang System Kombinationen af \u200b\u200blavt tilbageslag gearkasser med h\u00f8j pr\u00e6cision tandhjul og tanderst\u00e6nger er ekstremt energieffektiv, pr\u00e6cis, dynamisk og overbevisende takket v\u00e6re den lange levetidTandstang &amp; Tandhjuls Drive MPRW Gearkasse Med Spline Aksel Som Er I Kontakt\u00a0 Med Tandhjul og Tandstang.\u00a0 \u00a0 \u00a0 \u00a0 \u00a0 PDF Download\u00a0 \u00a0 \u00a0 \u00a0Tandstang &amp; Tandhjuls Drive MPRN Gearkasse [&hellip;]<\/p>\n","protected":false},"author":7,"featured_media":0,"parent":0,"menu_order":0,"comment_status":"closed","ping_status":"closed","template":"","meta":{"_et_pb_use_builder":"on","_et_pb_old_content":"","_et_gb_content_width":"","footnotes":""},"class_list":["post-2461","page","type-page","status-publish","hentry"],"yoast_head":"<!-- This site is optimized with the Yoast SEO plugin v27.5 - https:\/\/yoast.com\/product\/yoast-seo-wordpress\/ -->\n<title>Tandstangssystemer med h\u00f8j pr\u00e6cision og lavt tilbageslag | Zero-Max A\/S<\/title>\n<meta name=\"description\" content=\"Effektive tandstangssystemer med gearkasser og tandhjul \u2013 lavt tilbageslag, h\u00f8j pr\u00e6cision og lang levetid. F\u00e5s i b\u00e5de spline- og keyway-udgaver.\" \/>\n<meta name=\"robots\" content=\"index, follow, max-snippet:-1, max-image-preview:large, max-video-preview:-1\" \/>\n<link rel=\"canonical\" href=\"https:\/\/zero-max.dk\/ro\/sistem-cu-cremaliera-si-pinion\/\" \/>\n<meta property=\"og:locale\" content=\"ro_RO\" \/>\n<meta property=\"og:type\" content=\"article\" \/>\n<meta property=\"og:title\" content=\"Tandstangssystemer med h\u00f8j pr\u00e6cision og lavt tilbageslag | Zero-Max A\/S\" \/>\n<meta property=\"og:description\" content=\"Effektive tandstangssystemer med gearkasser og tandhjul \u2013 lavt tilbageslag, h\u00f8j pr\u00e6cision og lang levetid. F\u00e5s i b\u00e5de spline- og keyway-udgaver.\" \/>\n<meta property=\"og:url\" content=\"https:\/\/zero-max.dk\/ro\/sistem-cu-cremaliera-si-pinion\/\" \/>\n<meta property=\"og:site_name\" content=\"Zero-Max A\/S\" \/>\n<meta property=\"article:modified_time\" content=\"2025-04-07T20:49:48+00:00\" \/>\n<meta name=\"twitter:card\" content=\"summary_large_image\" \/>\n<meta name=\"twitter:label1\" content=\"Timp estimat pentru citire\" \/>\n\t<meta name=\"twitter:data1\" content=\"1 minut\" \/>\n<script type=\"application\/ld+json\" class=\"yoast-schema-graph\">{\"@context\":\"https:\\\/\\\/schema.org\",\"@graph\":[{\"@type\":\"WebPage\",\"@id\":\"https:\\\/\\\/zero-max.dk\\\/tandstang-system\\\/\",\"url\":\"https:\\\/\\\/zero-max.dk\\\/tandstang-system\\\/\",\"name\":\"Tandstangssystemer med h\u00f8j pr\u00e6cision og lavt tilbageslag | Zero-Max A\\\/S\",\"isPartOf\":{\"@id\":\"https:\\\/\\\/zero-max.dk\\\/#website\"},\"datePublished\":\"2020-04-23T12:14:42+00:00\",\"dateModified\":\"2025-04-07T20:49:48+00:00\",\"description\":\"Effektive tandstangssystemer med gearkasser og tandhjul \u2013 lavt tilbageslag, h\u00f8j pr\u00e6cision og lang levetid. F\u00e5s i b\u00e5de spline- og keyway-udgaver.\",\"breadcrumb\":{\"@id\":\"https:\\\/\\\/zero-max.dk\\\/tandstang-system\\\/#breadcrumb\"},\"inLanguage\":\"ro-RO\",\"potentialAction\":[{\"@type\":\"ReadAction\",\"target\":[\"https:\\\/\\\/zero-max.dk\\\/tandstang-system\\\/\"]}]},{\"@type\":\"BreadcrumbList\",\"@id\":\"https:\\\/\\\/zero-max.dk\\\/tandstang-system\\\/#breadcrumb\",\"itemListElement\":[{\"@type\":\"ListItem\",\"position\":1,\"name\":\"Hjem\",\"item\":\"https:\\\/\\\/zero-max.dk\\\/\"},{\"@type\":\"ListItem\",\"position\":2,\"name\":\"Tandstang System\"}]},{\"@type\":\"WebSite\",\"@id\":\"https:\\\/\\\/zero-max.dk\\\/#website\",\"url\":\"https:\\\/\\\/zero-max.dk\\\/\",\"name\":\"Zero-Max A\\\/S\",\"description\":\"\",\"potentialAction\":[{\"@type\":\"SearchAction\",\"target\":{\"@type\":\"EntryPoint\",\"urlTemplate\":\"https:\\\/\\\/zero-max.dk\\\/?s={search_term_string}\"},\"query-input\":{\"@type\":\"PropertyValueSpecification\",\"valueRequired\":true,\"valueName\":\"search_term_string\"}}],\"inLanguage\":\"ro-RO\"}]}<\/script>\n<!-- \/ Yoast SEO plugin. -->","yoast_head_json":{"title":"Sisteme de cremalier\u0103 \u0219i pinion cu precizie ridicat\u0103 \u0219i joc redus | Zero-Max A\/S","description":"Sisteme eficiente de cremalier\u0103 \u0219i pinion cu cutii de viteze \u0219i angrenaje - joc redus, precizie ridicat\u0103 \u0219i durat\u0103 lung\u0103 de via\u021b\u0103. Disponibil at\u00e2t \u00een versiuni cu caneluri, c\u00e2t \u0219i cu chei\u021b\u0103.","robots":{"index":"index","follow":"follow","max-snippet":"max-snippet:-1","max-image-preview":"max-image-preview:large","max-video-preview":"max-video-preview:-1"},"canonical":"https:\/\/zero-max.dk\/ro\/sistem-cu-cremaliera-si-pinion\/","og_locale":"ro_RO","og_type":"article","og_title":"Tandstangssystemer med h\u00f8j pr\u00e6cision og lavt tilbageslag | Zero-Max A\/S","og_description":"Effektive tandstangssystemer med gearkasser og tandhjul \u2013 lavt tilbageslag, h\u00f8j pr\u00e6cision og lang levetid. F\u00e5s i b\u00e5de spline- og keyway-udgaver.","og_url":"https:\/\/zero-max.dk\/ro\/sistem-cu-cremaliera-si-pinion\/","og_site_name":"Zero-Max A\/S","article_modified_time":"2025-04-07T20:49:48+00:00","twitter_card":"summary_large_image","twitter_misc":{"Timp estimat pentru citire":"1 minut"},"schema":{"@context":"https:\/\/schema.org","@graph":[{"@type":"WebPage","@id":"https:\/\/zero-max.dk\/tandstang-system\/","url":"https:\/\/zero-max.dk\/tandstang-system\/","name":"Sisteme de cremalier\u0103 \u0219i pinion cu precizie ridicat\u0103 \u0219i joc redus | Zero-Max A\/S","isPartOf":{"@id":"https:\/\/zero-max.dk\/#website"},"datePublished":"2020-04-23T12:14:42+00:00","dateModified":"2025-04-07T20:49:48+00:00","description":"Sisteme eficiente de cremalier\u0103 \u0219i pinion cu cutii de viteze \u0219i angrenaje - joc redus, precizie ridicat\u0103 \u0219i durat\u0103 lung\u0103 de via\u021b\u0103. Disponibil at\u00e2t \u00een versiuni cu caneluri, c\u00e2t \u0219i cu chei\u021b\u0103.","breadcrumb":{"@id":"https:\/\/zero-max.dk\/tandstang-system\/#breadcrumb"},"inLanguage":"ro-RO","potentialAction":[{"@type":"ReadAction","target":["https:\/\/zero-max.dk\/tandstang-system\/"]}]},{"@type":"BreadcrumbList","@id":"https:\/\/zero-max.dk\/tandstang-system\/#breadcrumb","itemListElement":[{"@type":"ListItem","position":1,"name":"Hjem","item":"https:\/\/zero-max.dk\/"},{"@type":"ListItem","position":2,"name":"Tandstang System"}]},{"@type":"WebSite","@id":"https:\/\/zero-max.dk\/#website","url":"https:\/\/zero-max.dk\/","name":"Zero-Max A\/S","description":"","potentialAction":[{"@type":"SearchAction","target":{"@type":"EntryPoint","urlTemplate":"https:\/\/zero-max.dk\/?s={search_term_string}"},"query-input":{"@type":"PropertyValueSpecification","valueRequired":true,"valueName":"search_term_string"}}],"inLanguage":"ro-RO"}]}},"_links":{"self":[{"href":"https:\/\/zero-max.dk\/ro\/wp-json\/wp\/v2\/pages\/2461","targetHints":{"allow":["GET"]}}],"collection":[{"href":"https:\/\/zero-max.dk\/ro\/wp-json\/wp\/v2\/pages"}],"about":[{"href":"https:\/\/zero-max.dk\/ro\/wp-json\/wp\/v2\/types\/page"}],"author":[{"embeddable":true,"href":"https:\/\/zero-max.dk\/ro\/wp-json\/wp\/v2\/users\/7"}],"replies":[{"embeddable":true,"href":"https:\/\/zero-max.dk\/ro\/wp-json\/wp\/v2\/comments?post=2461"}],"version-history":[{"count":9,"href":"https:\/\/zero-max.dk\/ro\/wp-json\/wp\/v2\/pages\/2461\/revisions"}],"predecessor-version":[{"id":6314,"href":"https:\/\/zero-max.dk\/ro\/wp-json\/wp\/v2\/pages\/2461\/revisions\/6314"}],"wp:attachment":[{"href":"https:\/\/zero-max.dk\/ro\/wp-json\/wp\/v2\/media?parent=2461"}],"curies":[{"name":"wp","href":"https:\/\/api.w.org\/{rel}","templated":true}]}}