{"id":2939,"date":"2020-05-12T09:57:23","date_gmt":"2020-05-12T07:57:23","guid":{"rendered":"https:\/\/zero-max.dk\/?page_id=2939"},"modified":"2025-04-07T22:41:28","modified_gmt":"2025-04-07T20:41:28","slug":"filet-surub-de-plumb","status":"publish","type":"page","link":"https:\/\/zero-max.dk\/ro\/ledeskrue-gevind\/","title":{"rendered":"\u0218urub de plumb \u0219i filet"},"content":{"rendered":"<p>[et_pb_section fb_built=&#8221;1&#8243; _builder_version=&#8221;4.16&#8243; global_colors_info=&#8221;{}&#8221;][et_pb_row _builder_version=&#8221;4.16&#8243; global_colors_info=&#8221;{}&#8221;][et_pb_column type=&#8221;4_4&#8243; _builder_version=&#8221;4.16&#8243; global_colors_info=&#8221;{}&#8221;][et_pb_text _builder_version=&#8221;4.27.4&#8243; text_font_size=&#8221;19px&#8221; text_line_height=&#8221;1.3em&#8221; hover_enabled=&#8221;0&#8243; global_colors_info=&#8221;{}&#8221; sticky_enabled=&#8221;0&#8243;]<\/p>\n<h1>Ledeskrue &amp; Gevind<\/h1>\n<p><strong><\/strong>Vi kan levere ledeskruer i b\u00e5de right og left hand. Desingnet kan b\u00e5de have et whirled og rolled finish, tilg\u00e6ngeligt i forskellige matiraler som rustfrit st\u00e5l. Gevind m\u00f8trikker kan ogs\u00e5 leveres i forskellige designs og matrialer.<\/p>\n<p><a href=\"https:\/\/zero-max.dk\/wp-content\/uploads\/2020\/05\/7-9.pdf\">Katalog Ledeskrue &amp; Gevind<\/a><\/p>\n<p>[\/et_pb_text][\/et_pb_column][\/et_pb_row][et_pb_row column_structure=&#8221;1_3,1_3,1_3&#8243; _builder_version=&#8221;4.21.0&#8243; animation_style=&#8221;zoom&#8221; global_colors_info=&#8221;{}&#8221;][et_pb_column type=&#8221;1_3&#8243; _builder_version=&#8221;4.16&#8243; global_colors_info=&#8221;{}&#8221;][et_pb_image src=&#8221;https:\/\/zero-max.dk\/wp-content\/uploads\/2020\/05\/1-11.jpg&#8221; _builder_version=&#8221;4.16&#8243; global_colors_info=&#8221;{}&#8221;][\/et_pb_image][et_pb_text _builder_version=&#8221;4.16&#8243; global_colors_info=&#8221;{}&#8221;]<\/p>\n<p><strong>Ledeskrue Rolled Finish\u00a0 \u00a0 \u00a0 \u00a0 \u00a0 \u00a0 \u00a0 \u00a0<\/strong>\u00a0 \u00a0 \u00a0 <a href=\"https:\/\/zero-max.dk\/wp-content\/uploads\/2020\/05\/1-10.pdf\">PDF Download<\/a><\/p>\n<p>Right Hand \/ Left Hand<\/p>\n<p>[\/et_pb_text][\/et_pb_column][et_pb_column type=&#8221;1_3&#8243; _builder_version=&#8221;4.16&#8243; global_colors_info=&#8221;{}&#8221;][et_pb_image src=&#8221;https:\/\/zero-max.dk\/wp-content\/uploads\/2020\/05\/2-10.jpg&#8221; _builder_version=&#8221;4.16&#8243; global_colors_info=&#8221;{}&#8221;][\/et_pb_image][et_pb_text _builder_version=&#8221;4.16&#8243; global_colors_info=&#8221;{}&#8221;]<\/p>\n<p><strong>Ledeskrue Whirled Finish\u00a0 \u00a0 \u00a0 \u00a0 \u00a0 \u00a0 \u00a0 \u00a0<\/strong>\u00a0 \u00a0 <a href=\"https:\/\/zero-max.dk\/wp-content\/uploads\/2020\/05\/2-10.pdf\">PDF Download<\/a><\/p>\n<p>Right Hand \/ Left Hand<\/p>\n<p>[\/et_pb_text][\/et_pb_column][et_pb_column type=&#8221;1_3&#8243; _builder_version=&#8221;4.16&#8243; global_colors_info=&#8221;{}&#8221;][et_pb_image src=&#8221;https:\/\/zero-max.dk\/wp-content\/uploads\/2020\/05\/3-10.jpg&#8221; _builder_version=&#8221;4.16&#8243; global_colors_info=&#8221;{}&#8221;][\/et_pb_image][et_pb_text _builder_version=&#8221;4.16&#8243; global_colors_info=&#8221;{}&#8221;]<\/p>\n<p><strong>Ledeskrue Rustfrit St\u00e5l\u00a0 \u00a0 \u00a0 \u00a0 \u00a0 \u00a0 \u00a0 \u00a0 \u00a0 \u00a0 \u00a0 \u00a0<\/strong><a href=\"https:\/\/zero-max.dk\/wp-content\/uploads\/2020\/05\/3-10.pdf\">PDF Download<\/a><\/p>\n<p>Rolled Finish, Right Hand \/ Left Hand<\/p>\n<p>[\/et_pb_text][\/et_pb_column][\/et_pb_row][et_pb_row column_structure=&#8221;1_3,1_3,1_3&#8243; _builder_version=&#8221;4.16&#8243; global_colors_info=&#8221;{}&#8221;][et_pb_column type=&#8221;1_3&#8243; _builder_version=&#8221;4.16&#8243; global_colors_info=&#8221;{}&#8221;][et_pb_image src=&#8221;https:\/\/zero-max.dk\/wp-content\/uploads\/2020\/05\/4-8.jpg&#8221; _builder_version=&#8221;4.16&#8243; global_colors_info=&#8221;{}&#8221;][\/et_pb_image][et_pb_text _builder_version=&#8221;4.16&#8243; global_colors_info=&#8221;{}&#8221;]<\/p>\n<p><strong>Ledeskrue Rustfrit St\u00e5l\u00a0 \u00a0 \u00a0 \u00a0 \u00a0 \u00a0 \u00a0 \u00a0 \u00a0 \u00a0 \u00a0 \u00a0<\/strong><a href=\"https:\/\/zero-max.dk\/wp-content\/uploads\/2020\/05\/4-10.pdf\">PDF Download<\/a><\/p>\n<p>Whirled Finish, Right Hand \/ Left Hand<\/p>\n<p>[\/et_pb_text][\/et_pb_column][et_pb_column type=&#8221;1_3&#8243; _builder_version=&#8221;4.16&#8243; global_colors_info=&#8221;{}&#8221;][et_pb_image src=&#8221;https:\/\/zero-max.dk\/wp-content\/uploads\/2020\/05\/5-9.jpg&#8221; _builder_version=&#8221;4.16&#8243; global_colors_info=&#8221;{}&#8221;][\/et_pb_image][et_pb_text _builder_version=&#8221;4.16&#8243; global_colors_info=&#8221;{}&#8221;]<\/p>\n<p><strong>Gevind M\u00f8trikker\u00a0 \u00a0 \u00a0 \u00a0 \u00a0 \u00a0 \u00a0 \u00a0 \u00a0 \u00a0 \u00a0 \u00a0 \u00a0 \u00a0<\/strong>\u00a0 \u00a0 \u00a0 <a href=\"https:\/\/zero-max.dk\/wp-content\/uploads\/2020\/05\/5-8.pdf\">PDF Download<\/a><\/p>\n<p>Right Hand \/ Left Hand<\/p>\n<p>[\/et_pb_text][\/et_pb_column][et_pb_column type=&#8221;1_3&#8243; _builder_version=&#8221;4.16&#8243; global_colors_info=&#8221;{}&#8221;][et_pb_image src=&#8221;https:\/\/zero-max.dk\/wp-content\/uploads\/2020\/05\/6-9.jpg&#8221; _builder_version=&#8221;4.16&#8243; global_colors_info=&#8221;{}&#8221;][\/et_pb_image][et_pb_text _builder_version=&#8221;4.16&#8243; global_colors_info=&#8221;{}&#8221;]<\/p>\n<p><strong>Gevind M\u00f8trikker Til Installation\u00a0 \u00a0<a href=\"https:\/\/zero-max.dk\/wp-content\/uploads\/2020\/05\/6-8.pdf\">\u00a0<\/a><\/strong><a href=\"https:\/\/zero-max.dk\/wp-content\/uploads\/2020\/05\/6-8.pdf\">PDF Download<\/a><\/p>\n<p>Right Hand \/ Left Hand<\/p>\n<p>[\/et_pb_text][\/et_pb_column][\/et_pb_row][\/et_pb_section]<\/p>\n","protected":false},"excerpt":{"rendered":"<p>Ledeskrue &amp; Gevind Vi kan levere ledeskruer i b\u00e5de right og left hand. Desingnet kan b\u00e5de have et whirled og rolled finish, tilg\u00e6ngeligt i forskellige matiraler som rustfrit st\u00e5l. Gevind m\u00f8trikker kan ogs\u00e5 leveres i forskellige designs og matrialer. Katalog Ledeskrue &amp; GevindLedeskrue Rolled Finish\u00a0 \u00a0 \u00a0 \u00a0 \u00a0 \u00a0 \u00a0 \u00a0\u00a0 \u00a0 \u00a0 PDF [&hellip;]<\/p>\n","protected":false},"author":7,"featured_media":0,"parent":0,"menu_order":0,"comment_status":"closed","ping_status":"closed","template":"","meta":{"_et_pb_use_builder":"on","_et_pb_old_content":"","_et_gb_content_width":"","footnotes":""},"class_list":["post-2939","page","type-page","status-publish","hentry"],"yoast_head":"<!-- This site is optimized with the Yoast SEO plugin v27.5 - https:\/\/yoast.com\/product\/yoast-seo-wordpress\/ -->\n<title>Ledeskrue og Gevindm\u00f8trikker i Flere Materialer | Zero-Max A\/S<\/title>\n<meta name=\"description\" content=\"Find ledeskruer i rustfrit st\u00e5l, rolled eller whirled finish \u2013 right eller left hand. Vi tilbyder ogs\u00e5 gevindm\u00f8trikker i flere designs og materialer.\" \/>\n<meta name=\"robots\" content=\"index, follow, max-snippet:-1, max-image-preview:large, max-video-preview:-1\" \/>\n<link rel=\"canonical\" href=\"https:\/\/zero-max.dk\/ro\/filet-surub-de-plumb\/\" \/>\n<meta property=\"og:locale\" content=\"ro_RO\" \/>\n<meta property=\"og:type\" content=\"article\" \/>\n<meta property=\"og:title\" content=\"Ledeskrue og Gevindm\u00f8trikker i Flere Materialer | Zero-Max A\/S\" \/>\n<meta property=\"og:description\" content=\"Find ledeskruer i rustfrit st\u00e5l, rolled eller whirled finish \u2013 right eller left hand. Vi tilbyder ogs\u00e5 gevindm\u00f8trikker i flere designs og materialer.\" \/>\n<meta property=\"og:url\" content=\"https:\/\/zero-max.dk\/ro\/filet-surub-de-plumb\/\" \/>\n<meta property=\"og:site_name\" content=\"Zero-Max A\/S\" \/>\n<meta property=\"article:modified_time\" content=\"2025-04-07T20:41:28+00:00\" \/>\n<meta name=\"twitter:card\" content=\"summary_large_image\" \/>\n<meta name=\"twitter:label1\" content=\"Timp estimat pentru citire\" \/>\n\t<meta name=\"twitter:data1\" content=\"2 minute\" \/>\n<script type=\"application\/ld+json\" class=\"yoast-schema-graph\">{\"@context\":\"https:\\\/\\\/schema.org\",\"@graph\":[{\"@type\":\"WebPage\",\"@id\":\"https:\\\/\\\/zero-max.dk\\\/ledeskrue-gevind\\\/\",\"url\":\"https:\\\/\\\/zero-max.dk\\\/ledeskrue-gevind\\\/\",\"name\":\"Ledeskrue og Gevindm\u00f8trikker i Flere Materialer | Zero-Max A\\\/S\",\"isPartOf\":{\"@id\":\"https:\\\/\\\/zero-max.dk\\\/#website\"},\"datePublished\":\"2020-05-12T07:57:23+00:00\",\"dateModified\":\"2025-04-07T20:41:28+00:00\",\"description\":\"Find ledeskruer i rustfrit st\u00e5l, rolled eller whirled finish \u2013 right eller left hand. Vi tilbyder ogs\u00e5 gevindm\u00f8trikker i flere designs og materialer.\",\"breadcrumb\":{\"@id\":\"https:\\\/\\\/zero-max.dk\\\/ledeskrue-gevind\\\/#breadcrumb\"},\"inLanguage\":\"ro-RO\",\"potentialAction\":[{\"@type\":\"ReadAction\",\"target\":[\"https:\\\/\\\/zero-max.dk\\\/ledeskrue-gevind\\\/\"]}]},{\"@type\":\"BreadcrumbList\",\"@id\":\"https:\\\/\\\/zero-max.dk\\\/ledeskrue-gevind\\\/#breadcrumb\",\"itemListElement\":[{\"@type\":\"ListItem\",\"position\":1,\"name\":\"Hjem\",\"item\":\"https:\\\/\\\/zero-max.dk\\\/\"},{\"@type\":\"ListItem\",\"position\":2,\"name\":\"Ledeskrue &#038; Gevind\"}]},{\"@type\":\"WebSite\",\"@id\":\"https:\\\/\\\/zero-max.dk\\\/#website\",\"url\":\"https:\\\/\\\/zero-max.dk\\\/\",\"name\":\"Zero-Max A\\\/S\",\"description\":\"\",\"potentialAction\":[{\"@type\":\"SearchAction\",\"target\":{\"@type\":\"EntryPoint\",\"urlTemplate\":\"https:\\\/\\\/zero-max.dk\\\/?s={search_term_string}\"},\"query-input\":{\"@type\":\"PropertyValueSpecification\",\"valueRequired\":true,\"valueName\":\"search_term_string\"}}],\"inLanguage\":\"ro-RO\"}]}<\/script>\n<!-- \/ Yoast SEO plugin. -->","yoast_head_json":{"title":"\u0218uruburi de plumb \u0219i piuli\u021be filetate din mai multe materiale | Zero-Max A\/S","description":"G\u0103si\u021bi \u0219uruburi filetate din o\u021bel inoxidabil \u00een finisaj laminat sau spiralat - cu m\u00e2na dreapt\u0103 sau st\u00e2ng\u0103. De asemenea, oferim piuli\u021be filetate \u00een mai multe modele \u0219i materiale.","robots":{"index":"index","follow":"follow","max-snippet":"max-snippet:-1","max-image-preview":"max-image-preview:large","max-video-preview":"max-video-preview:-1"},"canonical":"https:\/\/zero-max.dk\/ro\/filet-surub-de-plumb\/","og_locale":"ro_RO","og_type":"article","og_title":"Ledeskrue og Gevindm\u00f8trikker i Flere Materialer | Zero-Max A\/S","og_description":"Find ledeskruer i rustfrit st\u00e5l, rolled eller whirled finish \u2013 right eller left hand. Vi tilbyder ogs\u00e5 gevindm\u00f8trikker i flere designs og materialer.","og_url":"https:\/\/zero-max.dk\/ro\/filet-surub-de-plumb\/","og_site_name":"Zero-Max A\/S","article_modified_time":"2025-04-07T20:41:28+00:00","twitter_card":"summary_large_image","twitter_misc":{"Timp estimat pentru citire":"2 minute"},"schema":{"@context":"https:\/\/schema.org","@graph":[{"@type":"WebPage","@id":"https:\/\/zero-max.dk\/ledeskrue-gevind\/","url":"https:\/\/zero-max.dk\/ledeskrue-gevind\/","name":"\u0218uruburi de plumb \u0219i piuli\u021be filetate din mai multe materiale | Zero-Max A\/S","isPartOf":{"@id":"https:\/\/zero-max.dk\/#website"},"datePublished":"2020-05-12T07:57:23+00:00","dateModified":"2025-04-07T20:41:28+00:00","description":"G\u0103si\u021bi \u0219uruburi filetate din o\u021bel inoxidabil \u00een finisaj laminat sau spiralat - cu m\u00e2na dreapt\u0103 sau st\u00e2ng\u0103. De asemenea, oferim piuli\u021be filetate \u00een mai multe modele \u0219i materiale.","breadcrumb":{"@id":"https:\/\/zero-max.dk\/ledeskrue-gevind\/#breadcrumb"},"inLanguage":"ro-RO","potentialAction":[{"@type":"ReadAction","target":["https:\/\/zero-max.dk\/ledeskrue-gevind\/"]}]},{"@type":"BreadcrumbList","@id":"https:\/\/zero-max.dk\/ledeskrue-gevind\/#breadcrumb","itemListElement":[{"@type":"ListItem","position":1,"name":"Hjem","item":"https:\/\/zero-max.dk\/"},{"@type":"ListItem","position":2,"name":"Ledeskrue &#038; Gevind"}]},{"@type":"WebSite","@id":"https:\/\/zero-max.dk\/#website","url":"https:\/\/zero-max.dk\/","name":"Zero-Max A\/S","description":"","potentialAction":[{"@type":"SearchAction","target":{"@type":"EntryPoint","urlTemplate":"https:\/\/zero-max.dk\/?s={search_term_string}"},"query-input":{"@type":"PropertyValueSpecification","valueRequired":true,"valueName":"search_term_string"}}],"inLanguage":"ro-RO"}]}},"_links":{"self":[{"href":"https:\/\/zero-max.dk\/ro\/wp-json\/wp\/v2\/pages\/2939","targetHints":{"allow":["GET"]}}],"collection":[{"href":"https:\/\/zero-max.dk\/ro\/wp-json\/wp\/v2\/pages"}],"about":[{"href":"https:\/\/zero-max.dk\/ro\/wp-json\/wp\/v2\/types\/page"}],"author":[{"embeddable":true,"href":"https:\/\/zero-max.dk\/ro\/wp-json\/wp\/v2\/users\/7"}],"replies":[{"embeddable":true,"href":"https:\/\/zero-max.dk\/ro\/wp-json\/wp\/v2\/comments?post=2939"}],"version-history":[{"count":10,"href":"https:\/\/zero-max.dk\/ro\/wp-json\/wp\/v2\/pages\/2939\/revisions"}],"predecessor-version":[{"id":6306,"href":"https:\/\/zero-max.dk\/ro\/wp-json\/wp\/v2\/pages\/2939\/revisions\/6306"}],"wp:attachment":[{"href":"https:\/\/zero-max.dk\/ro\/wp-json\/wp\/v2\/media?parent=2939"}],"curies":[{"name":"wp","href":"https:\/\/api.w.org\/{rel}","templated":true}]}}