{"id":4784,"date":"2021-07-05T10:14:23","date_gmt":"2021-07-05T08:14:23","guid":{"rendered":"https:\/\/zero-max.dk\/?page_id=4784"},"modified":"2025-04-07T22:27:16","modified_gmt":"2025-04-07T20:27:16","slug":"locuri-de-munca-si-cariere","status":"publish","type":"page","link":"https:\/\/zero-max.dk\/ro\/job-og-karriere\/","title":{"rendered":"Locuri de munc\u0103 \u0219i cariere"},"content":{"rendered":"<p>[et_pb_section fb_built=&#8221;1&#8243; _builder_version=&#8221;4.16&#8243; background_color=&#8221;#003366&#8243; background_image=&#8221;https:\/\/zero-max.dk\/wp-content\/uploads\/2018\/12\/1152-Contact.jpg&#8221; custom_padding=&#8221;0px||0px&#8221; custom_css_main_element=&#8221;height:420px&#8221; global_colors_info=&#8221;{}&#8221;][et_pb_row _builder_version=&#8221;4.16&#8243; custom_padding=&#8221;0px||0px&#8221; global_colors_info=&#8221;{}&#8221;][et_pb_column type=&#8221;4_4&#8243; _builder_version=&#8221;4.16&#8243; custom_padding=&#8221;|||&#8221; global_colors_info=&#8221;{}&#8221; custom_padding__hover=&#8221;|||&#8221;][et_pb_text _builder_version=&#8221;4.16&#8243; text_font=&#8221;||||||||&#8221; text_text_color=&#8221;#ffffff&#8221; custom_margin=&#8221;||&#8221; custom_padding=&#8221;||&#8221; global_colors_info=&#8221;{}&#8221;]<br \/>\n[\/et_pb_text][\/et_pb_column][\/et_pb_row][\/et_pb_section][et_pb_section fb_built=&#8221;1&#8243; disabled_on=&#8221;on|off|off&#8221; _builder_version=&#8221;4.16&#8243; background_color=&#8221;#ffffff&#8221; custom_padding=&#8221;20px||20px&#8221; global_colors_info=&#8221;{}&#8221;][et_pb_row column_structure=&#8221;1_2,1_2&#8243; _builder_version=&#8221;4.16&#8243; global_colors_info=&#8221;{}&#8221;][et_pb_column type=&#8221;1_2&#8243; _builder_version=&#8221;4.16&#8243; custom_padding=&#8221;|||&#8221; global_colors_info=&#8221;{}&#8221; custom_padding__hover=&#8221;|||&#8221;][et_pb_text _builder_version=&#8221;4.16&#8243; text_font=&#8221;||||||||&#8221; text_line_height=&#8221;2.1em&#8221; header_font=&#8221;||||||||&#8221; header_3_font=&#8221;||||||||&#8221; header_3_text_color=&#8221;#003366&#8243; global_colors_info=&#8221;{}&#8221;]<\/p>\n<div class=\"main__heading \">\n<h1 class=\"\"><strong>Job og karriere<\/strong><\/h1>\n<p>Hos Zero-Max A\/S i Silkeborg er vi et dedikeret team, som tilbyder et bredt produktprogram til maskin- og vindm\u00f8llebranchen idenfor omr\u00e5derne fleksible koblinger og komplette transmissionl\u00f8sninger.<\/p>\n<p>Vi har gennem de sidste mere end 40 \u00e5r v\u00e6ret en stabil sparringspartner i branchen.<\/p>\n<p>Zero-Max A\/S er datterselskab af Zero-Max Inc. fra Minnesota, USA. Zero-Max A\/S er Europ\u00e6isk hoveds\u00e6de og har distribut\u00f8rer i 9 europ\u00e6iske lande.<\/p>\n<p>Hvad g\u00f8r et firma godt? Det handler om at have fremragende medarbejder. Zero-Max har etableret et m\u00e5l om at tiltr\u00e6kke og rekruttere h\u00f8jt motiverede og talentfulde folk. Det er disse mennesker, der g\u00f8r vores virksomhed til en effektiv og lydh\u00f8r leverand\u00f8r til nogle af verdens mest kr\u00e6vede kunder.<\/p>\n<div class=\"generate-docs c-mainblue \"><\/div>\n<\/div>\n<div class=\"content-page-components-container\">\n<div class=\"text-image\">\n<h5 class=\"subheadline\"><\/h5>\n<div class=\"image--modal\">\n<div class=\"ImageContainer\"><\/div>\n<\/div>\n<\/div>\n<\/div>\n<p>&nbsp;<\/p>\n<p>&nbsp;<\/p>\n<p>[\/et_pb_text][\/et_pb_column][et_pb_column type=&#8221;1_2&#8243; _builder_version=&#8221;4.16&#8243; custom_padding=&#8221;|||&#8221; global_colors_info=&#8221;{}&#8221; custom_padding__hover=&#8221;|||&#8221;][et_pb_image src=&#8221;https:\/\/zero-max.dk\/wp-content\/uploads\/2019\/01\/CD_Tops.jpg&#8221; title_text=&#8221;CD_Tops&#8221; _builder_version=&#8221;4.16&#8243; _module_preset=&#8221;default&#8221; global_colors_info=&#8221;{}&#8221;][\/et_pb_image][\/et_pb_column][\/et_pb_row][et_pb_row column_structure=&#8221;1_2,1_2&#8243; _builder_version=&#8221;4.16&#8243; _module_preset=&#8221;default&#8221; global_colors_info=&#8221;{}&#8221;][et_pb_column type=&#8221;1_2&#8243; _builder_version=&#8221;4.16&#8243; _module_preset=&#8221;default&#8221; global_colors_info=&#8221;{}&#8221;][et_pb_text _builder_version=&#8221;4.19.0&#8243; _module_preset=&#8221;default&#8221; global_colors_info=&#8221;{}&#8221;]<\/p>\n<h1><strong>\u00c5bne Stillinger<\/strong><\/h1>\n<p>&nbsp;<\/p>\n<p>Vi har ingen \u00e5bne stillinger p\u00e5 nuv\u00e6rende tidspunkt.\u00a0<\/p>\n<p><strong><\/strong><\/p>\n<p><strong><\/strong><\/p>\n<p><strong><\/strong><\/p>\n<p>[\/et_pb_text][\/et_pb_column][et_pb_column type=&#8221;1_2&#8243; _builder_version=&#8221;4.16&#8243; _module_preset=&#8221;default&#8221; global_colors_info=&#8221;{}&#8221;][et_pb_text _builder_version=&#8221;4.16&#8243; _module_preset=&#8221;default&#8221; global_colors_info=&#8221;{}&#8221;]<\/p>\n<h1><strong>Send os en uopfordret ans\u00f8gning<\/strong><\/h1>\n<p>&nbsp;<\/p>\n<p>Vi henviser til vores mail: <a href=\"mailto:Ext@zero-max.dk\">Ext@zero-max.dk<\/a><\/p>\n<p>&nbsp;<\/p>\n<p>[\/et_pb_text][\/et_pb_column][\/et_pb_row][\/et_pb_section][et_pb_section fb_built=&#8221;1&#8243; disabled_on=&#8221;on|on|on&#8221; _builder_version=&#8221;4.6.1&#8243; background_color=&#8221;#003366&#8243; custom_padding=&#8221;0px||0px&#8221; disabled=&#8221;on&#8221; global_module=&#8221;1044&#8243; global_colors_info=&#8221;{}&#8221;][et_pb_row column_structure=&#8221;1_3,1_3,1_3&#8243; _builder_version=&#8221;4.16&#8243; max_width=&#8221;1080px&#8221; global_colors_info=&#8221;{}&#8221;][et_pb_column type=&#8221;1_3&#8243; _builder_version=&#8221;4.16&#8243; custom_padding=&#8221;|||&#8221; global_colors_info=&#8221;{}&#8221; custom_padding__hover=&#8221;|||&#8221;][et_pb_text _builder_version=&#8221;4.16&#8243; header_2_text_align=&#8221;center&#8221; header_2_text_color=&#8221;#99ccff&#8221; header_2_font_size=&#8221;14px&#8221; custom_margin=&#8221;0px||0px&#8221; custom_padding=&#8221;0px||0px&#8221; global_colors_info=&#8221;{}&#8221;]<\/p>\n<h2>Zero Max<\/h2>\n<p>[\/et_pb_text][et_pb_text _builder_version=&#8221;4.16&#8243; text_font=&#8221;||||||||&#8221; header_font=&#8221;||||||||&#8221; background_image=&#8221;https:\/\/zero-max.dk\/wp-content\/uploads\/2018\/12\/Boxes.jpg&#8221; text_orientation=&#8221;center&#8221; custom_margin=&#8221;0px||0px&#8221; custom_padding=&#8221;10px|20px|26px|20px&#8221; border_width_all=&#8221;1px&#8221; border_color_all=&#8221;#ffffff&#8221; global_colors_info=&#8221;{}&#8221;]<\/p>\n<p>Our gobal perspektive makes it possible to provide our customer with quality products at competitive pricing to any location<\/p>\n<p>[\/et_pb_text][\/et_pb_column][et_pb_column type=&#8221;1_3&#8243; _builder_version=&#8221;4.16&#8243; custom_padding=&#8221;|||&#8221; global_colors_info=&#8221;{}&#8221; custom_padding__hover=&#8221;|||&#8221;][et_pb_text _builder_version=&#8221;4.16&#8243; header_2_text_align=&#8221;center&#8221; header_2_text_color=&#8221;#99ccff&#8221; header_2_font_size=&#8221;14px&#8221; custom_margin=&#8221;0px||0px&#8221; custom_padding=&#8221;0px||0px&#8221; global_colors_info=&#8221;{}&#8221;]<\/p>\n<h2>World-Leading Expert !<\/h2>\n<p>[\/et_pb_text][et_pb_text _builder_version=&#8221;4.16&#8243; text_font=&#8221;||||||||&#8221; header_font=&#8221;||||||||&#8221; background_image=&#8221;https:\/\/zero-max.dk\/wp-content\/uploads\/2018\/12\/Boxes.jpg&#8221; text_orientation=&#8221;center&#8221; custom_margin=&#8221;0px||0px&#8221; custom_padding=&#8221;10px|20px|25px|20px&#8221; border_width_all=&#8221;1px&#8221; border_color_all=&#8221;#ffffff&#8221; global_colors_info=&#8221;{}&#8221;]<\/p>\n<p>Zero-Max combines decades of industry leading experience with unparalleled expertise in motion control solutions<\/p>\n<p>[\/et_pb_text][\/et_pb_column][et_pb_column type=&#8221;1_3&#8243; _builder_version=&#8221;4.16&#8243; custom_padding=&#8221;|||&#8221; global_colors_info=&#8221;{}&#8221; custom_padding__hover=&#8221;|||&#8221;][et_pb_text _builder_version=&#8221;4.16&#8243; header_2_text_align=&#8221;center&#8221; header_2_text_color=&#8221;#99ccff&#8221; header_2_font_size=&#8221;14px&#8221; custom_margin=&#8221;0px||0px&#8221; custom_padding=&#8221;0px||0px&#8221; global_colors_info=&#8221;{}&#8221;]<\/p>\n<h2>Get in touch!<\/h2>\n<p>[\/et_pb_text][et_pb_text _builder_version=&#8221;4.16&#8243; text_font=&#8221;||||||||&#8221; header_font=&#8221;||||||||&#8221; background_image=&#8221;https:\/\/zero-max.dk\/wp-content\/uploads\/2018\/12\/Boxes.jpg&#8221; text_orientation=&#8221;center&#8221; custom_margin=&#8221;0px||0px&#8221; custom_padding=&#8221;10px|10px|10px|10px&#8221; border_width_all=&#8221;1px&#8221; border_color_all=&#8221;#ffffff&#8221; global_colors_info=&#8221;{}&#8221;]<\/p>\n<p>Zero-Max A\/S<br \/>Mail: ext@zero-max.dk <br \/>Haarup Tvaevej 1<br \/>DK &#8211; 8600 Silkeborg<\/p>\n<p>[\/et_pb_text][\/et_pb_column][\/et_pb_row][\/et_pb_section]<\/p>\n","protected":false},"excerpt":{"rendered":"<p>Job og karriere Hos Zero-Max A\/S i Silkeborg er vi et dedikeret team, som tilbyder et bredt produktprogram til maskin- og vindm\u00f8llebranchen idenfor omr\u00e5derne fleksible koblinger og komplette transmissionl\u00f8sninger. Vi har gennem de sidste mere end 40 \u00e5r v\u00e6ret en stabil sparringspartner i branchen. Zero-Max A\/S er datterselskab af Zero-Max Inc. fra Minnesota, USA. Zero-Max [&hellip;]<\/p>\n","protected":false},"author":7,"featured_media":0,"parent":0,"menu_order":0,"comment_status":"closed","ping_status":"closed","template":"","meta":{"_et_pb_use_builder":"on","_et_pb_old_content":"","_et_gb_content_width":"","footnotes":""},"class_list":["post-4784","page","type-page","status-publish","hentry"],"yoast_head":"<!-- This site is optimized with the Yoast SEO plugin v27.5 - https:\/\/yoast.com\/product\/yoast-seo-wordpress\/ -->\n<title>Job og karriere hos Zero-Max A\/S | Bliv en del af vores internationale team<\/title>\n<meta name=\"description\" content=\"Vil du arbejde med h\u00f8jteknologiske komponenter til maskin- og vindm\u00f8lleindustrien? Se jobmuligheder hos Zero-Max A\/S eller send en uopfordret ans\u00f8gning.\" \/>\n<meta name=\"robots\" content=\"index, follow, max-snippet:-1, max-image-preview:large, max-video-preview:-1\" \/>\n<link rel=\"canonical\" href=\"https:\/\/zero-max.dk\/ro\/locuri-de-munca-si-cariere\/\" \/>\n<meta property=\"og:locale\" content=\"ro_RO\" \/>\n<meta property=\"og:type\" content=\"article\" \/>\n<meta property=\"og:title\" content=\"Job og karriere hos Zero-Max A\/S | Bliv en del af vores internationale team\" \/>\n<meta property=\"og:description\" content=\"Vil du arbejde med h\u00f8jteknologiske komponenter til maskin- og vindm\u00f8lleindustrien? Se jobmuligheder hos Zero-Max A\/S eller send en uopfordret ans\u00f8gning.\" \/>\n<meta property=\"og:url\" content=\"https:\/\/zero-max.dk\/ro\/locuri-de-munca-si-cariere\/\" \/>\n<meta property=\"og:site_name\" content=\"Zero-Max A\/S\" \/>\n<meta property=\"article:modified_time\" content=\"2025-04-07T20:27:16+00:00\" \/>\n<meta name=\"twitter:card\" content=\"summary_large_image\" \/>\n<meta name=\"twitter:label1\" content=\"Timp estimat pentru citire\" \/>\n\t<meta name=\"twitter:data1\" content=\"1 minut\" \/>\n<script type=\"application\/ld+json\" class=\"yoast-schema-graph\">{\"@context\":\"https:\\\/\\\/schema.org\",\"@graph\":[{\"@type\":\"WebPage\",\"@id\":\"https:\\\/\\\/zero-max.dk\\\/job-og-karriere\\\/\",\"url\":\"https:\\\/\\\/zero-max.dk\\\/job-og-karriere\\\/\",\"name\":\"Job og karriere hos Zero-Max A\\\/S | Bliv en del af vores internationale team\",\"isPartOf\":{\"@id\":\"https:\\\/\\\/zero-max.dk\\\/#website\"},\"datePublished\":\"2021-07-05T08:14:23+00:00\",\"dateModified\":\"2025-04-07T20:27:16+00:00\",\"description\":\"Vil du arbejde med h\u00f8jteknologiske komponenter til maskin- og vindm\u00f8lleindustrien? Se jobmuligheder hos Zero-Max A\\\/S eller send en uopfordret ans\u00f8gning.\",\"breadcrumb\":{\"@id\":\"https:\\\/\\\/zero-max.dk\\\/job-og-karriere\\\/#breadcrumb\"},\"inLanguage\":\"ro-RO\",\"potentialAction\":[{\"@type\":\"ReadAction\",\"target\":[\"https:\\\/\\\/zero-max.dk\\\/job-og-karriere\\\/\"]}]},{\"@type\":\"BreadcrumbList\",\"@id\":\"https:\\\/\\\/zero-max.dk\\\/job-og-karriere\\\/#breadcrumb\",\"itemListElement\":[{\"@type\":\"ListItem\",\"position\":1,\"name\":\"Hjem\",\"item\":\"https:\\\/\\\/zero-max.dk\\\/\"},{\"@type\":\"ListItem\",\"position\":2,\"name\":\"Job og karriere\"}]},{\"@type\":\"WebSite\",\"@id\":\"https:\\\/\\\/zero-max.dk\\\/#website\",\"url\":\"https:\\\/\\\/zero-max.dk\\\/\",\"name\":\"Zero-Max A\\\/S\",\"description\":\"\",\"potentialAction\":[{\"@type\":\"SearchAction\",\"target\":{\"@type\":\"EntryPoint\",\"urlTemplate\":\"https:\\\/\\\/zero-max.dk\\\/?s={search_term_string}\"},\"query-input\":{\"@type\":\"PropertyValueSpecification\",\"valueRequired\":true,\"valueName\":\"search_term_string\"}}],\"inLanguage\":\"ro-RO\"}]}<\/script>\n<!-- \/ Yoast SEO plugin. -->","yoast_head_json":{"title":"Locuri de munc\u0103 \u0219i cariere la Zero-Max A\/S | F\u0103 parte din echipa noastr\u0103 interna\u021bional\u0103","description":"Dori\u021bi s\u0103 lucra\u021bi cu componente de \u00eenalt\u0103 tehnologie pentru industria de ma\u0219ini \u0219i turbine eoliene? Vede\u021bi oportunit\u0103\u021bile de angajare la Zero-Max A\/S sau trimite\u021bi o cerere nesolicitat\u0103.","robots":{"index":"index","follow":"follow","max-snippet":"max-snippet:-1","max-image-preview":"max-image-preview:large","max-video-preview":"max-video-preview:-1"},"canonical":"https:\/\/zero-max.dk\/ro\/locuri-de-munca-si-cariere\/","og_locale":"ro_RO","og_type":"article","og_title":"Job og karriere hos Zero-Max A\/S | Bliv en del af vores internationale team","og_description":"Vil du arbejde med h\u00f8jteknologiske komponenter til maskin- og vindm\u00f8lleindustrien? Se jobmuligheder hos Zero-Max A\/S eller send en uopfordret ans\u00f8gning.","og_url":"https:\/\/zero-max.dk\/ro\/locuri-de-munca-si-cariere\/","og_site_name":"Zero-Max A\/S","article_modified_time":"2025-04-07T20:27:16+00:00","twitter_card":"summary_large_image","twitter_misc":{"Timp estimat pentru citire":"1 minut"},"schema":{"@context":"https:\/\/schema.org","@graph":[{"@type":"WebPage","@id":"https:\/\/zero-max.dk\/job-og-karriere\/","url":"https:\/\/zero-max.dk\/job-og-karriere\/","name":"Locuri de munc\u0103 \u0219i cariere la Zero-Max A\/S | F\u0103 parte din echipa noastr\u0103 interna\u021bional\u0103","isPartOf":{"@id":"https:\/\/zero-max.dk\/#website"},"datePublished":"2021-07-05T08:14:23+00:00","dateModified":"2025-04-07T20:27:16+00:00","description":"Dori\u021bi s\u0103 lucra\u021bi cu componente de \u00eenalt\u0103 tehnologie pentru industria de ma\u0219ini \u0219i turbine eoliene? Vede\u021bi oportunit\u0103\u021bile de angajare la Zero-Max A\/S sau trimite\u021bi o cerere nesolicitat\u0103.","breadcrumb":{"@id":"https:\/\/zero-max.dk\/job-og-karriere\/#breadcrumb"},"inLanguage":"ro-RO","potentialAction":[{"@type":"ReadAction","target":["https:\/\/zero-max.dk\/job-og-karriere\/"]}]},{"@type":"BreadcrumbList","@id":"https:\/\/zero-max.dk\/job-og-karriere\/#breadcrumb","itemListElement":[{"@type":"ListItem","position":1,"name":"Hjem","item":"https:\/\/zero-max.dk\/"},{"@type":"ListItem","position":2,"name":"Job og karriere"}]},{"@type":"WebSite","@id":"https:\/\/zero-max.dk\/#website","url":"https:\/\/zero-max.dk\/","name":"Zero-Max A\/S","description":"","potentialAction":[{"@type":"SearchAction","target":{"@type":"EntryPoint","urlTemplate":"https:\/\/zero-max.dk\/?s={search_term_string}"},"query-input":{"@type":"PropertyValueSpecification","valueRequired":true,"valueName":"search_term_string"}}],"inLanguage":"ro-RO"}]}},"_links":{"self":[{"href":"https:\/\/zero-max.dk\/ro\/wp-json\/wp\/v2\/pages\/4784","targetHints":{"allow":["GET"]}}],"collection":[{"href":"https:\/\/zero-max.dk\/ro\/wp-json\/wp\/v2\/pages"}],"about":[{"href":"https:\/\/zero-max.dk\/ro\/wp-json\/wp\/v2\/types\/page"}],"author":[{"embeddable":true,"href":"https:\/\/zero-max.dk\/ro\/wp-json\/wp\/v2\/users\/7"}],"replies":[{"embeddable":true,"href":"https:\/\/zero-max.dk\/ro\/wp-json\/wp\/v2\/comments?post=4784"}],"version-history":[{"count":8,"href":"https:\/\/zero-max.dk\/ro\/wp-json\/wp\/v2\/pages\/4784\/revisions"}],"predecessor-version":[{"id":6299,"href":"https:\/\/zero-max.dk\/ro\/wp-json\/wp\/v2\/pages\/4784\/revisions\/6299"}],"wp:attachment":[{"href":"https:\/\/zero-max.dk\/ro\/wp-json\/wp\/v2\/media?parent=4784"}],"curies":[{"name":"wp","href":"https:\/\/api.w.org\/{rel}","templated":true}]}}