{"id":5459,"date":"2023-09-17T02:26:59","date_gmt":"2023-09-17T00:26:59","guid":{"rendered":"https:\/\/zero-max.dk\/?page_id=5459"},"modified":"2025-12-16T15:24:24","modified_gmt":"2025-12-16T14:24:24","slug":"descarcari-catalog-de-produse","status":"publish","type":"page","link":"https:\/\/zero-max.dk\/ro\/downloads-produkt-katalog\/","title":{"rendered":"Desc\u0103rca\u021bi catalogul de produse"},"content":{"rendered":"<p>[et_pb_section fb_built=&#8221;1&#8243; _builder_version=&#8221;4.21.0&#8243; _module_preset=&#8221;default&#8221; global_colors_info=&#8221;{}&#8221;][et_pb_row _builder_version=&#8221;4.21.0&#8243; _module_preset=&#8221;default&#8221; global_colors_info=&#8221;{}&#8221;][et_pb_column type=&#8221;4_4&#8243; _builder_version=&#8221;4.21.0&#8243; _module_preset=&#8221;default&#8221; global_colors_info=&#8221;{}&#8221;][et_pb_text _builder_version=&#8221;4.27.4&#8243; _module_preset=&#8221;default&#8221; header_text_align=&#8221;center&#8221; hover_enabled=&#8221;0&#8243; global_colors_info=&#8221;{}&#8221; sticky_enabled=&#8221;0&#8243;]<\/p>\n<h1>Download ZERO-MAX produktkataloger<\/h1>\n<p>[\/et_pb_text][\/et_pb_column][\/et_pb_row][et_pb_row column_structure=&#8221;1_3,1_3,1_3&#8243; _builder_version=&#8221;4.21.0&#8243; _module_preset=&#8221;default&#8221; global_colors_info=&#8221;{}&#8221;][et_pb_column type=&#8221;1_3&#8243; _builder_version=&#8221;4.21.0&#8243; _module_preset=&#8221;default&#8221; global_colors_info=&#8221;{}&#8221;][et_pb_text _builder_version=&#8221;4.21.0&#8243; _module_preset=&#8221;default&#8221; header_text_color_tablet=&#8221;&#8221; header_text_color_phone=&#8221;&#8221; header_text_color_last_edited=&#8221;on|desktop&#8221; global_colors_info=&#8221;{}&#8221; header_text_color__hover_enabled=&#8221;on|desktop&#8221;]<\/p>\n<p><a href=\"https:\/\/zero-max.dk\/wp-content\/uploads\/2018\/12\/Main-Catalog.pdf\" target=\"_blank\" rel=\"noopener\">Hovedkatalog<\/a><\/p>\n<p><strong>Couplings:<\/strong><\/p>\n<p><a href=\"https:\/\/zero-max.dk\/wp-content\/uploads\/2018\/12\/Composite-Disc-Couplings.pdf\" target=\"_blank\" rel=\"noopener\">Composite Disc Couplings<\/a><br \/><a href=\"https:\/\/zero-max.dk\/wp-content\/uploads\/2018\/12\/ServoClass-Couplings.pdf\" target=\"_blank\" rel=\"noopener\">ServoClass Couplings<\/a><br \/><a href=\"https:\/\/zero-max.dk\/wp-content\/uploads\/2018\/12\/MEGIFlex-Couplings.pdf\" target=\"_blank\" rel=\"noopener\">MEGIFlex Couplings<\/a><br \/><a href=\"https:\/\/zero-max.dk\/wp-content\/uploads\/2018\/12\/Schmidt-Coupling.pdf\" target=\"_blank\" rel=\"noopener\">Schmidt Coupling<\/a><br \/><a href=\"https:\/\/zero-max.dk\/wp-content\/uploads\/2018\/12\/Control-Flex-Couplings.pdf\" target=\"_blank\" rel=\"noopener\">Control Flex Couplings<\/a><br \/><a href=\"https:\/\/zero-max.dk\/wp-content\/uploads\/2020\/02\/Habix-koblinger.pdf\">Habix Coupling<\/a><br \/><a href=\"https:\/\/zero-max.dk\/wp-content\/uploads\/2018\/12\/Flex-Tire-Coupling.pdf\" target=\"_blank\" rel=\"noopener\">Flex Tire Coupling<\/a><br \/><a href=\"https:\/\/zero-max.dk\/wp-content\/uploads\/2020\/02\/HRC-kolbinger.pdf\">HRC Coupling<\/a><br \/><a href=\"https:\/\/zero-max.dk\/wp-content\/uploads\/2018\/12\/ALS-Coupling.pdf\" target=\"_blank\" rel=\"noopener\">ALS Coupling<\/a><\/p>\n<p>[\/et_pb_text][\/et_pb_column][et_pb_column type=&#8221;1_3&#8243; _builder_version=&#8221;4.21.0&#8243; _module_preset=&#8221;default&#8221; global_colors_info=&#8221;{}&#8221;][et_pb_text _builder_version=&#8221;4.21.0&#8243; _module_preset=&#8221;default&#8221; global_colors_info=&#8221;{}&#8221;]<\/p>\n<p><strong>Vindm\u00f8lledele:<\/strong><\/p>\n<p><a href=\"https:\/\/zero-max.dk\/wp-content\/uploads\/2020\/03\/Zero-Max-AS-wind-brochure.pdf\">Wind turbine Parts<\/a><\/p>\n<p>&nbsp;<\/p>\n<p>[\/et_pb_text][\/et_pb_column][et_pb_column type=&#8221;1_3&#8243; _builder_version=&#8221;4.21.0&#8243; _module_preset=&#8221;default&#8221; global_colors_info=&#8221;{}&#8221;][et_pb_text _builder_version=&#8221;4.21.0&#8243; _module_preset=&#8221;default&#8221; global_colors_info=&#8221;{}&#8221;]<strong>Gear:<\/strong><\/p>\n<p><a href=\"https:\/\/zero-max.dk\/wp-content\/uploads\/2020\/02\/Brochure-SITI.pdf\">SITI Gears<\/a><br \/>\n<a href=\"https:\/\/zero-max.dk\/wp-content\/uploads\/2018\/12\/Crown-Gear.pdf\" target=\"_blank\" rel=\"noopener\">Crown Gear<\/a><br \/>\n<a href=\"https:\/\/zero-max.dk\/wp-content\/uploads\/2018\/12\/Adjustabble-Speed-Drives.pdf\" target=\"_blank\" rel=\"noopener\">Adjustabble Speed Drive<\/a><br \/>\n<a href=\"https:\/\/zero-max.dk\/wp-content\/uploads\/2018\/12\/Linear-Actuators.pdf\" target=\"_blank\" rel=\"noopener\">Linear Actuators<\/a><br \/>\n<a href=\"https:\/\/zero-max.dk\/wp-content\/uploads\/2018\/12\/Overload-Safety-Device.pdf\" target=\"_blank\" rel=\"noopener\">Overload Safety Device<\/a><br \/>\n<a href=\"https:\/\/zero-max.dk\/wp-content\/uploads\/2018\/12\/Clutches.pdf\" target=\"_blank\" rel=\"noopener\">Clutches<\/a><br \/>\n<a href=\"https:\/\/zero-max.dk\/wp-content\/uploads\/2020\/02\/BASS-RSBF.pdf\">Back-Run Safety Mechanisms<\/a><br \/>\n<a href=\"https:\/\/zero-max.dk\/wp-content\/uploads\/2018\/12\/Spur-Gear-and-Racks.pdf\" target=\"_blank\" rel=\"noopener\">Spur Gear and Racks<\/a><br \/>\n<a href=\"https:\/\/zero-max.dk\/wp-content\/uploads\/2018\/12\/Locking-Assembly-Shrinck-Disc.pdf\" target=\"_blank\" rel=\"noopener\">Locking Assembly Shrinck Disc<\/a><br \/>\n<a href=\"https:\/\/zero-max.dk\/wp-content\/uploads\/2018\/12\/Phase-Adjusting-Hubs.pdf\" target=\"_blank\" rel=\"noopener\">Phase Adjusting Hubs<\/a><br \/>\n<a href=\"https:\/\/zero-max.dk\/wp-content\/uploads\/2018\/12\/Overhung-Load-Adaptors.pdf\" target=\"_blank\" rel=\"noopener\">Overhung Load Adaptors<\/a>[\/et_pb_text][\/et_pb_column][\/et_pb_row][\/et_pb_section]<\/p>\n","protected":false},"excerpt":{"rendered":"<p>Download ZERO-MAX produktkatalogerHovedkatalog Couplings: Composite Disc CouplingsServoClass CouplingsMEGIFlex CouplingsSchmidt CouplingControl Flex CouplingsHabix CouplingFlex Tire CouplingHRC CouplingALS CouplingVindm\u00f8lledele: Wind turbine Parts &nbsp;Gear: SITI Gears Crown Gear Adjustabble Speed Drive Linear Actuators Overload Safety Device Clutches Back-Run Safety Mechanisms Spur Gear and Racks Locking Assembly Shrinck Disc Phase Adjusting Hubs Overhung Load Adaptors<\/p>","protected":false},"author":9,"featured_media":0,"parent":0,"menu_order":0,"comment_status":"closed","ping_status":"closed","template":"","meta":{"_et_pb_use_builder":"on","_et_pb_old_content":"","_et_gb_content_width":"","footnotes":""},"class_list":["post-5459","page","type-page","status-publish","hentry"],"yoast_head":"<!-- This site is optimized with the Yoast SEO plugin v27.5 - https:\/\/yoast.com\/product\/yoast-seo-wordpress\/ -->\n<title>Download produktkataloger | Zero-Max koblinger, gear og industril\u00f8sninger<\/title>\n<meta name=\"description\" content=\"Se og download produktkataloger fra Zero-Max. Find koblinger, gear, line\u00e6re aktuatorer og speciall\u00f8sninger til industrien \u2013 nemt og hurtigt.\" \/>\n<meta name=\"robots\" content=\"index, follow, max-snippet:-1, max-image-preview:large, max-video-preview:-1\" \/>\n<link rel=\"canonical\" href=\"https:\/\/zero-max.dk\/ro\/descarcari-catalog-de-produse\/\" \/>\n<meta property=\"og:locale\" content=\"ro_RO\" \/>\n<meta property=\"og:type\" content=\"article\" \/>\n<meta property=\"og:title\" content=\"Download produktkataloger | Zero-Max koblinger, gear og industril\u00f8sninger\" \/>\n<meta property=\"og:description\" content=\"Se og download produktkataloger fra Zero-Max. Find koblinger, gear, line\u00e6re aktuatorer og speciall\u00f8sninger til industrien \u2013 nemt og hurtigt.\" \/>\n<meta property=\"og:url\" content=\"https:\/\/zero-max.dk\/ro\/descarcari-catalog-de-produse\/\" \/>\n<meta property=\"og:site_name\" content=\"Zero-Max A\/S\" \/>\n<meta property=\"article:modified_time\" content=\"2025-12-16T14:24:24+00:00\" \/>\n<meta name=\"twitter:card\" content=\"summary_large_image\" \/>\n<meta name=\"twitter:label1\" content=\"Timp estimat pentru citire\" \/>\n\t<meta name=\"twitter:data1\" content=\"1 minut\" \/>\n<script type=\"application\/ld+json\" class=\"yoast-schema-graph\">{\"@context\":\"https:\\\/\\\/schema.org\",\"@graph\":[{\"@type\":\"WebPage\",\"@id\":\"https:\\\/\\\/zero-max.dk\\\/downloads-produkt-katalog\\\/\",\"url\":\"https:\\\/\\\/zero-max.dk\\\/downloads-produkt-katalog\\\/\",\"name\":\"Download produktkataloger | Zero-Max koblinger, gear og industril\u00f8sninger\",\"isPartOf\":{\"@id\":\"https:\\\/\\\/zero-max.dk\\\/#website\"},\"datePublished\":\"2023-09-17T00:26:59+00:00\",\"dateModified\":\"2025-12-16T14:24:24+00:00\",\"description\":\"Se og download produktkataloger fra Zero-Max. Find koblinger, gear, line\u00e6re aktuatorer og speciall\u00f8sninger til industrien \u2013 nemt og hurtigt.\",\"breadcrumb\":{\"@id\":\"https:\\\/\\\/zero-max.dk\\\/downloads-produkt-katalog\\\/#breadcrumb\"},\"inLanguage\":\"ro-RO\",\"potentialAction\":[{\"@type\":\"ReadAction\",\"target\":[\"https:\\\/\\\/zero-max.dk\\\/downloads-produkt-katalog\\\/\"]}]},{\"@type\":\"BreadcrumbList\",\"@id\":\"https:\\\/\\\/zero-max.dk\\\/downloads-produkt-katalog\\\/#breadcrumb\",\"itemListElement\":[{\"@type\":\"ListItem\",\"position\":1,\"name\":\"Hjem\",\"item\":\"https:\\\/\\\/zero-max.dk\\\/\"},{\"@type\":\"ListItem\",\"position\":2,\"name\":\"Downloads produkt katalog\"}]},{\"@type\":\"WebSite\",\"@id\":\"https:\\\/\\\/zero-max.dk\\\/#website\",\"url\":\"https:\\\/\\\/zero-max.dk\\\/\",\"name\":\"Zero-Max A\\\/S\",\"description\":\"\",\"potentialAction\":[{\"@type\":\"SearchAction\",\"target\":{\"@type\":\"EntryPoint\",\"urlTemplate\":\"https:\\\/\\\/zero-max.dk\\\/?s={search_term_string}\"},\"query-input\":{\"@type\":\"PropertyValueSpecification\",\"valueRequired\":true,\"valueName\":\"search_term_string\"}}],\"inLanguage\":\"ro-RO\"}]}<\/script>\n<!-- \/ Yoast SEO plugin. -->","yoast_head_json":{"title":"Desc\u0103rca\u021bi cataloagele de produse | Cuplaje, angrenaje \u0219i solu\u021bii industriale Zero-Max","description":"Vizualiza\u021bi \u0219i desc\u0103rca\u021bi cataloage de produse de la Zero-Max. G\u0103si\u021bi cuplaje, angrenaje, actuatoare liniare \u0219i solu\u021bii specializate pentru industrie - rapid \u0219i u\u0219or.","robots":{"index":"index","follow":"follow","max-snippet":"max-snippet:-1","max-image-preview":"max-image-preview:large","max-video-preview":"max-video-preview:-1"},"canonical":"https:\/\/zero-max.dk\/ro\/descarcari-catalog-de-produse\/","og_locale":"ro_RO","og_type":"article","og_title":"Download produktkataloger | Zero-Max koblinger, gear og industril\u00f8sninger","og_description":"Se og download produktkataloger fra Zero-Max. Find koblinger, gear, line\u00e6re aktuatorer og speciall\u00f8sninger til industrien \u2013 nemt og hurtigt.","og_url":"https:\/\/zero-max.dk\/ro\/descarcari-catalog-de-produse\/","og_site_name":"Zero-Max A\/S","article_modified_time":"2025-12-16T14:24:24+00:00","twitter_card":"summary_large_image","twitter_misc":{"Timp estimat pentru citire":"1 minut"},"schema":{"@context":"https:\/\/schema.org","@graph":[{"@type":"WebPage","@id":"https:\/\/zero-max.dk\/downloads-produkt-katalog\/","url":"https:\/\/zero-max.dk\/downloads-produkt-katalog\/","name":"Desc\u0103rca\u021bi cataloagele de produse | Cuplaje, angrenaje \u0219i solu\u021bii industriale Zero-Max","isPartOf":{"@id":"https:\/\/zero-max.dk\/#website"},"datePublished":"2023-09-17T00:26:59+00:00","dateModified":"2025-12-16T14:24:24+00:00","description":"Vizualiza\u021bi \u0219i desc\u0103rca\u021bi cataloage de produse de la Zero-Max. G\u0103si\u021bi cuplaje, angrenaje, actuatoare liniare \u0219i solu\u021bii specializate pentru industrie - rapid \u0219i u\u0219or.","breadcrumb":{"@id":"https:\/\/zero-max.dk\/downloads-produkt-katalog\/#breadcrumb"},"inLanguage":"ro-RO","potentialAction":[{"@type":"ReadAction","target":["https:\/\/zero-max.dk\/downloads-produkt-katalog\/"]}]},{"@type":"BreadcrumbList","@id":"https:\/\/zero-max.dk\/downloads-produkt-katalog\/#breadcrumb","itemListElement":[{"@type":"ListItem","position":1,"name":"Hjem","item":"https:\/\/zero-max.dk\/"},{"@type":"ListItem","position":2,"name":"Downloads produkt katalog"}]},{"@type":"WebSite","@id":"https:\/\/zero-max.dk\/#website","url":"https:\/\/zero-max.dk\/","name":"Zero-Max A\/S","description":"","potentialAction":[{"@type":"SearchAction","target":{"@type":"EntryPoint","urlTemplate":"https:\/\/zero-max.dk\/?s={search_term_string}"},"query-input":{"@type":"PropertyValueSpecification","valueRequired":true,"valueName":"search_term_string"}}],"inLanguage":"ro-RO"}]}},"_links":{"self":[{"href":"https:\/\/zero-max.dk\/ro\/wp-json\/wp\/v2\/pages\/5459","targetHints":{"allow":["GET"]}}],"collection":[{"href":"https:\/\/zero-max.dk\/ro\/wp-json\/wp\/v2\/pages"}],"about":[{"href":"https:\/\/zero-max.dk\/ro\/wp-json\/wp\/v2\/types\/page"}],"author":[{"embeddable":true,"href":"https:\/\/zero-max.dk\/ro\/wp-json\/wp\/v2\/users\/9"}],"replies":[{"embeddable":true,"href":"https:\/\/zero-max.dk\/ro\/wp-json\/wp\/v2\/comments?post=5459"}],"version-history":[{"count":8,"href":"https:\/\/zero-max.dk\/ro\/wp-json\/wp\/v2\/pages\/5459\/revisions"}],"predecessor-version":[{"id":6417,"href":"https:\/\/zero-max.dk\/ro\/wp-json\/wp\/v2\/pages\/5459\/revisions\/6417"}],"wp:attachment":[{"href":"https:\/\/zero-max.dk\/ro\/wp-json\/wp\/v2\/media?parent=5459"}],"curies":[{"name":"wp","href":"https:\/\/api.w.org\/{rel}","templated":true}]}}