{"id":6693,"date":"2026-03-06T14:54:21","date_gmt":"2026-03-06T13:54:21","guid":{"rendered":"https:\/\/zero-max.dk\/?page_id=6693"},"modified":"2026-03-09T10:47:50","modified_gmt":"2026-03-09T09:47:50","slug":"cupluri-personalizate-din-seria-cd-power","status":"publish","type":"page","link":"https:\/\/zero-max.dk\/ro\/brugerdefinerede-cd-power-serie-koblinger\/","title":{"rendered":"Cupluri personalizate CD Power Series"},"content":{"rendered":"<p>[et_pb_section fb_built=&#8221;1&#8243; _builder_version=&#8221;4.27.6&#8243; background_image=&#8221;https:\/\/zero-max.dk\/wp-content\/uploads\/2026\/03\/Billede-4.jpg&#8221; background_size=&#8221;custom&#8221; background_image_width=&#8221;45%&#8221; background_position=&#8221;center_right&#8221; background_horizontal_offset=&#8221;4%&#8221; custom_padding=&#8221;8%||&#8221; animation_style=&#8221;zoom&#8221; custom_css_main_element=&#8221;height:450px;&#8221; border_width_bottom=&#8221;1px&#8221; border_color_bottom=&#8221;#dddddd&#8221; global_colors_info=&#8221;{}&#8221;][et_pb_row custom_padding_last_edited=&#8221;on|tablet&#8221; _builder_version=&#8221;4.21.0&#8243; width_tablet=&#8221;62%&#8221; width_phone=&#8221;62%&#8221; width_last_edited=&#8221;on|tablet&#8221; module_alignment=&#8221;center&#8221; custom_padding_tablet=&#8221;|||36px|false|false&#8221; custom_padding_phone=&#8221;|||36px|false|false&#8221; module_alignment_tablet=&#8221;left&#8221; module_alignment_phone=&#8221;left&#8221; module_alignment_last_edited=&#8221;on|phone&#8221; global_colors_info=&#8221;{}&#8221;][et_pb_column type=&#8221;4_4&#8243; _builder_version=&#8221;4.16&#8243; custom_padding=&#8221;|||&#8221; global_colors_info=&#8221;{}&#8221; custom_padding__hover=&#8221;|||&#8221;][et_pb_text _builder_version=&#8221;4.27.6&#8243; text_font=&#8221;Oswald||||||||&#8221; text_text_color=&#8221;#013366&#8243; text_font_size=&#8221;26px&#8221; text_letter_spacing=&#8221;4px&#8221; text_line_height_tablet=&#8221;1.3em&#8221; text_line_height_phone=&#8221;1.3em&#8221; text_line_height_last_edited=&#8221;on|tablet&#8221; global_colors_info=&#8221;{}&#8221;]<\/p>\n<p>Brugerdefinerede CD Power-Serie Koblinger<\/p>\n<p>[\/et_pb_text][\/et_pb_column][\/et_pb_row][\/et_pb_section][et_pb_section fb_built=&#8221;1&#8243; _builder_version=&#8221;4.27.6&#8243; _module_preset=&#8221;default&#8221; global_colors_info=&#8221;{}&#8221;][et_pb_row _builder_version=&#8221;4.27.6&#8243; _module_preset=&#8221;default&#8221; custom_padding=&#8221;||5px|||&#8221; global_colors_info=&#8221;{}&#8221;][et_pb_column type=&#8221;4_4&#8243; _builder_version=&#8221;4.27.6&#8243; _module_preset=&#8221;default&#8221; global_colors_info=&#8221;{}&#8221;][et_pb_text _builder_version=&#8221;4.27.6&#8243; _module_preset=&#8221;default&#8221; hover_enabled=&#8221;0&#8243; global_colors_info=&#8221;{}&#8221; sticky_enabled=&#8221;0&#8243;]<\/p>\n<h1>Brugerdefinerede CD Power-Serie Koblinger<\/h1>\n<p>Zero-Max leverer innovative l\u00f8sninger til stort set alle koblingsbehov. Vi producerer over 100 standardmodeller og -st\u00f8rrelser af <a href=\"\/wp-content\/uploads\/2025\/12\/Zero-Max_CD_Couplings_A4.pdf\">Composite Disc (CD\u00ae)Koblinge<\/a>r, herunder <a href=\"\/wp-content\/uploads\/2025\/12\/Zero-Max_CD_Couplings_A4.pdf\">single-flex CD Koblinger<\/a>, <a href=\"https:\/\/zero-max.dk\/wp-content\/uploads\/2025\/12\/Zero-Max_CD_Couplings_A4.pdf\">dobbelt-flex CD Koblinger<\/a> og<a href=\"\/wp-content\/uploads\/2025\/12\/Zero-Max_CD_Couplings_A4.pdf\"> CD Koblinger med mellemaksel (floating shaft)<\/a>. Samtidig anerkender vi, at hver applikation er unik. Med erfaring fra tusindvis af forskellige applikationer kan vores team hurtigt konstruere og fremstille en kundespecifik CD Kobling til de situationer, hvor en standardl\u00f8sning ikke er optimal.<\/p>\n<p>Kernen i Zero-Max kompositskivekoblinger er det patenterede skivepakke-design, som vi har perfektioneret gennem flere \u00e5rtier. Resultatet er et driftssikkert h\u00f8jtydende produkt, der kan tilpasses pr\u00e6cist til dine specifikationer. Uanset om du har behov for h\u00f8jere momentkapacitet, st\u00f8rre kapacitet for akselfejljustering, et kompakt design eller store boringer, kan vi producere kundetilpassede CD-koblinger omkostningseffektivt og i enhver m\u00e6ngde.<\/p>\n<p><strong>Kundetilpassede CD\u00ae-koblinger \u2013 muligheder<\/strong><\/p>\n<p>I en verden inden for bev\u00e6gelsesstyring og kraftoverf\u00f8ring er \u201cgodt nok\u201d ikke acceptabelt. Til applikationer, hvor en standard CD-kobling ikke opfylder dine krav, tilbyder vi f\u00f8lgende tilpasningsmuligheder:<\/p>\n<p>&nbsp;<\/p>\n<p>[\/et_pb_text][\/et_pb_column][\/et_pb_row][et_pb_row column_structure=&#8221;1_2,1_2&#8243; _builder_version=&#8221;4.27.6&#8243; _module_preset=&#8221;default&#8221; width=&#8221;60%&#8221; custom_padding=&#8221;5px|||||&#8221; global_colors_info=&#8221;{}&#8221;][et_pb_column type=&#8221;1_2&#8243; _builder_version=&#8221;4.27.6&#8243; _module_preset=&#8221;default&#8221; global_colors_info=&#8221;{}&#8221;][et_pb_text _builder_version=&#8221;4.27.6&#8243; _module_preset=&#8221;default&#8221; global_colors_info=&#8221;{}&#8221;]<\/p>\n<p>&#x2705; H\u00f8jere torsionsstivhed<\/p>\n<p>&#x2705; Skivepakker med st\u00f8rre fleksibilitet<\/p>\n<p>&#x2705; H\u00f8jere momentkapacitet<\/p>\n<p>&#x2705; Materialevalg og overfladebehandling (bel\u00e6gning)<\/p>\n<p>&#x2705; Specialboringer<\/p>\n<p>&#x2705;Kundespecifikke nav<\/p>\n<p>&#x2705;Monteringsfunktioner<\/p>\n<p>[\/et_pb_text][\/et_pb_column][et_pb_column type=&#8221;1_2&#8243; _builder_version=&#8221;4.27.6&#8243; _module_preset=&#8221;default&#8221; global_colors_info=&#8221;{}&#8221;][et_pb_text _builder_version=&#8221;4.27.6&#8243; _module_preset=&#8221;default&#8221; global_colors_info=&#8221;{}&#8221;]<\/p>\n<p>&#x2705; Drift ved h\u00f8je omdrejningstal<\/p>\n<p>&#x2705; Fasejustering<\/p>\n<p>&#x2705; Integrerede funktioner<\/p>\n<p>&#x2705; St\u00f8rre dimensioner<\/p>\n<p>&#x2705;L\u00f8sninger til meget begr\u00e6nset indbygningsplads<\/p>\n<p>&#x2705;L\u00e6ngere mellemaksel (floating shaft)<\/p>\n<p>&#x2705;Mange andre kundetilpasninger<\/p>\n<p>[\/et_pb_text][\/et_pb_column][\/et_pb_row][\/et_pb_section][et_pb_section fb_built=&#8221;1&#8243; _builder_version=&#8221;4.27.6&#8243; hover_enabled=&#8221;0&#8243; global_colors_info=&#8221;{}&#8221; custom_padding=&#8221;0px||||false|false&#8221; sticky_enabled=&#8221;0&#8243;][et_pb_row _builder_version=&#8221;4.27.5&#8243; _module_preset=&#8221;default&#8221; custom_padding=&#8221;0px||||false|false&#8221; locked=&#8221;off&#8221; global_colors_info=&#8221;{}&#8221;][et_pb_column type=&#8221;4_4&#8243; _builder_version=&#8221;4.27.4&#8243; _module_preset=&#8221;default&#8221; global_colors_info=&#8221;{}&#8221;][et_pb_button button_url=&#8221;\/wp-content\/uploads\/2026\/02\/Servo-Class-Couplings-Catalog.pdf&#8221; button_text=&#8221;DOWNLOAD Katalog &#8211; CD Koblinger Power-Serie&#8221; button_alignment=&#8221;center&#8221; _builder_version=&#8221;4.27.6&#8243; custom_button=&#8221;on&#8221; button_text_color=&#8221;#ffffff&#8221; button_bg_color=&#8221;#003366&#8243; button_border_width=&#8221;4px&#8221; button_border_color=&#8221;#003366&#8243; button_border_radius=&#8221;4px&#8221; custom_margin=&#8221;0px||||false|false&#8221; custom_padding=&#8221;0px||||false|false&#8221; global_colors_info=&#8221;{}&#8221;]<br \/>\n[\/et_pb_button][\/et_pb_column][\/et_pb_row][\/et_pb_section]<\/p>\n","protected":false},"excerpt":{"rendered":"<p>Brugerdefinerede CD Power-Serie KoblingerBrugerdefinerede CD Power-Serie Koblinger Zero-Max leverer innovative l\u00f8sninger til stort set alle koblingsbehov. Vi producerer over 100 standardmodeller og -st\u00f8rrelser af Composite Disc (CD\u00ae)Koblinger, herunder single-flex CD Koblinger, dobbelt-flex CD Koblinger og CD Koblinger med mellemaksel (floating shaft). Samtidig anerkender vi, at hver applikation er unik. Med erfaring fra tusindvis af forskellige [&hellip;]<\/p>\n","protected":false},"author":9,"featured_media":0,"parent":0,"menu_order":0,"comment_status":"closed","ping_status":"closed","template":"","meta":{"_et_pb_use_builder":"on","_et_pb_old_content":"","_et_gb_content_width":"","footnotes":""},"class_list":["post-6693","page","type-page","status-publish","hentry"],"yoast_head":"<!-- This site is optimized with the Yoast SEO plugin v27.5 - https:\/\/yoast.com\/product\/yoast-seo-wordpress\/ -->\n<title>Brugerdefinerede CD Power-Serie Koblinger - Zero-Max A\/S<\/title>\n<meta name=\"robots\" content=\"index, follow, max-snippet:-1, max-image-preview:large, max-video-preview:-1\" \/>\n<link rel=\"canonical\" href=\"https:\/\/zero-max.dk\/ro\/cupluri-personalizate-din-seria-cd-power\/\" \/>\n<meta property=\"og:locale\" content=\"ro_RO\" \/>\n<meta property=\"og:type\" content=\"article\" \/>\n<meta property=\"og:title\" content=\"Brugerdefinerede CD Power-Serie Koblinger - Zero-Max A\/S\" \/>\n<meta property=\"og:description\" content=\"Brugerdefinerede CD Power-Serie KoblingerBrugerdefinerede CD Power-Serie Koblinger Zero-Max leverer innovative l\u00f8sninger til stort set alle koblingsbehov. Vi producerer over 100 standardmodeller og -st\u00f8rrelser af Composite Disc (CD\u00ae)Koblinger, herunder single-flex CD Koblinger, dobbelt-flex CD Koblinger og CD Koblinger med mellemaksel (floating shaft). Samtidig anerkender vi, at hver applikation er unik. Med erfaring fra tusindvis af forskellige [&hellip;]\" \/>\n<meta property=\"og:url\" content=\"https:\/\/zero-max.dk\/ro\/cupluri-personalizate-din-seria-cd-power\/\" \/>\n<meta property=\"og:site_name\" content=\"Zero-Max A\/S\" \/>\n<meta property=\"article:modified_time\" content=\"2026-03-09T09:47:50+00:00\" \/>\n<meta name=\"twitter:card\" content=\"summary_large_image\" \/>\n<meta name=\"twitter:label1\" content=\"Timp estimat pentru citire\" \/>\n\t<meta name=\"twitter:data1\" content=\"1 minut\" \/>\n<script type=\"application\/ld+json\" class=\"yoast-schema-graph\">{\"@context\":\"https:\\\/\\\/schema.org\",\"@graph\":[{\"@type\":\"WebPage\",\"@id\":\"https:\\\/\\\/zero-max.dk\\\/brugerdefinerede-cd-power-serie-koblinger\\\/\",\"url\":\"https:\\\/\\\/zero-max.dk\\\/brugerdefinerede-cd-power-serie-koblinger\\\/\",\"name\":\"Brugerdefinerede CD Power-Serie Koblinger - Zero-Max A\\\/S\",\"isPartOf\":{\"@id\":\"https:\\\/\\\/zero-max.dk\\\/#website\"},\"datePublished\":\"2026-03-06T13:54:21+00:00\",\"dateModified\":\"2026-03-09T09:47:50+00:00\",\"breadcrumb\":{\"@id\":\"https:\\\/\\\/zero-max.dk\\\/brugerdefinerede-cd-power-serie-koblinger\\\/#breadcrumb\"},\"inLanguage\":\"ro-RO\",\"potentialAction\":[{\"@type\":\"ReadAction\",\"target\":[\"https:\\\/\\\/zero-max.dk\\\/brugerdefinerede-cd-power-serie-koblinger\\\/\"]}]},{\"@type\":\"BreadcrumbList\",\"@id\":\"https:\\\/\\\/zero-max.dk\\\/brugerdefinerede-cd-power-serie-koblinger\\\/#breadcrumb\",\"itemListElement\":[{\"@type\":\"ListItem\",\"position\":1,\"name\":\"Hjem\",\"item\":\"https:\\\/\\\/zero-max.dk\\\/\"},{\"@type\":\"ListItem\",\"position\":2,\"name\":\"Brugerdefinerede CD Power-Serie Koblinger\"}]},{\"@type\":\"WebSite\",\"@id\":\"https:\\\/\\\/zero-max.dk\\\/#website\",\"url\":\"https:\\\/\\\/zero-max.dk\\\/\",\"name\":\"Zero-Max A\\\/S\",\"description\":\"\",\"potentialAction\":[{\"@type\":\"SearchAction\",\"target\":{\"@type\":\"EntryPoint\",\"urlTemplate\":\"https:\\\/\\\/zero-max.dk\\\/?s={search_term_string}\"},\"query-input\":{\"@type\":\"PropertyValueSpecification\",\"valueRequired\":true,\"valueName\":\"search_term_string\"}}],\"inLanguage\":\"ro-RO\"}]}<\/script>\n<!-- \/ Yoast SEO plugin. -->","yoast_head_json":{"title":"Cuplaje personalizate CD Power Series - Zero-Max A\/S","robots":{"index":"index","follow":"follow","max-snippet":"max-snippet:-1","max-image-preview":"max-image-preview:large","max-video-preview":"max-video-preview:-1"},"canonical":"https:\/\/zero-max.dk\/ro\/cupluri-personalizate-din-seria-cd-power\/","og_locale":"ro_RO","og_type":"article","og_title":"Brugerdefinerede CD Power-Serie Koblinger - Zero-Max A\/S","og_description":"Brugerdefinerede CD Power-Serie KoblingerBrugerdefinerede CD Power-Serie Koblinger Zero-Max leverer innovative l\u00f8sninger til stort set alle koblingsbehov. Vi producerer over 100 standardmodeller og -st\u00f8rrelser af Composite Disc (CD\u00ae)Koblinger, herunder single-flex CD Koblinger, dobbelt-flex CD Koblinger og CD Koblinger med mellemaksel (floating shaft). Samtidig anerkender vi, at hver applikation er unik. Med erfaring fra tusindvis af forskellige [&hellip;]","og_url":"https:\/\/zero-max.dk\/ro\/cupluri-personalizate-din-seria-cd-power\/","og_site_name":"Zero-Max A\/S","article_modified_time":"2026-03-09T09:47:50+00:00","twitter_card":"summary_large_image","twitter_misc":{"Timp estimat pentru citire":"1 minut"},"schema":{"@context":"https:\/\/schema.org","@graph":[{"@type":"WebPage","@id":"https:\/\/zero-max.dk\/brugerdefinerede-cd-power-serie-koblinger\/","url":"https:\/\/zero-max.dk\/brugerdefinerede-cd-power-serie-koblinger\/","name":"Cuplaje personalizate CD Power Series - Zero-Max A\/S","isPartOf":{"@id":"https:\/\/zero-max.dk\/#website"},"datePublished":"2026-03-06T13:54:21+00:00","dateModified":"2026-03-09T09:47:50+00:00","breadcrumb":{"@id":"https:\/\/zero-max.dk\/brugerdefinerede-cd-power-serie-koblinger\/#breadcrumb"},"inLanguage":"ro-RO","potentialAction":[{"@type":"ReadAction","target":["https:\/\/zero-max.dk\/brugerdefinerede-cd-power-serie-koblinger\/"]}]},{"@type":"BreadcrumbList","@id":"https:\/\/zero-max.dk\/brugerdefinerede-cd-power-serie-koblinger\/#breadcrumb","itemListElement":[{"@type":"ListItem","position":1,"name":"Hjem","item":"https:\/\/zero-max.dk\/"},{"@type":"ListItem","position":2,"name":"Brugerdefinerede CD Power-Serie Koblinger"}]},{"@type":"WebSite","@id":"https:\/\/zero-max.dk\/#website","url":"https:\/\/zero-max.dk\/","name":"Zero-Max A\/S","description":"","potentialAction":[{"@type":"SearchAction","target":{"@type":"EntryPoint","urlTemplate":"https:\/\/zero-max.dk\/?s={search_term_string}"},"query-input":{"@type":"PropertyValueSpecification","valueRequired":true,"valueName":"search_term_string"}}],"inLanguage":"ro-RO"}]}},"_links":{"self":[{"href":"https:\/\/zero-max.dk\/ro\/wp-json\/wp\/v2\/pages\/6693","targetHints":{"allow":["GET"]}}],"collection":[{"href":"https:\/\/zero-max.dk\/ro\/wp-json\/wp\/v2\/pages"}],"about":[{"href":"https:\/\/zero-max.dk\/ro\/wp-json\/wp\/v2\/types\/page"}],"author":[{"embeddable":true,"href":"https:\/\/zero-max.dk\/ro\/wp-json\/wp\/v2\/users\/9"}],"replies":[{"embeddable":true,"href":"https:\/\/zero-max.dk\/ro\/wp-json\/wp\/v2\/comments?post=6693"}],"version-history":[{"count":11,"href":"https:\/\/zero-max.dk\/ro\/wp-json\/wp\/v2\/pages\/6693\/revisions"}],"predecessor-version":[{"id":6712,"href":"https:\/\/zero-max.dk\/ro\/wp-json\/wp\/v2\/pages\/6693\/revisions\/6712"}],"wp:attachment":[{"href":"https:\/\/zero-max.dk\/ro\/wp-json\/wp\/v2\/media?parent=6693"}],"curies":[{"name":"wp","href":"https:\/\/api.w.org\/{rel}","templated":true}]}}