{"id":6736,"date":"2026-03-18T09:40:23","date_gmt":"2026-03-18T08:40:23","guid":{"rendered":"https:\/\/zero-max.dk\/?page_id=6736"},"modified":"2026-03-18T13:33:45","modified_gmt":"2026-03-18T12:33:45","slug":"unelte-cidepa","status":"publish","type":"page","link":"https:\/\/zero-max.dk\/ro\/cidepa-gear\/","title":{"rendered":"Cidepa Gear"},"content":{"rendered":"<p>[et_pb_section fb_built=&#8221;1&#8243; _builder_version=&#8221;4.27.6&#8243; background_image=&#8221;https:\/\/zero-max.dk\/wp-content\/uploads\/2026\/03\/CRM_CAM01-3D-scaled.jpg&#8221; background_size=&#8221;custom&#8221; background_image_width=&#8221;73%&#8221; background_position=&#8221;center_right&#8221; custom_padding=&#8221;8%||&#8221; animation_style=&#8221;zoom&#8221; custom_css_main_element=&#8221;height: 450px;&#8221; border_width_bottom=&#8221;1px&#8221; border_color_bottom=&#8221;#e5e5e5&#8243; global_colors_info=&#8221;{}&#8221;][et_pb_row _builder_version=&#8221;4.16&#8243; global_colors_info=&#8221;{}&#8221;][et_pb_column type=&#8221;4_4&#8243; _builder_version=&#8221;4.16&#8243; custom_padding=&#8221;|||&#8221; global_colors_info=&#8221;{}&#8221; custom_padding__hover=&#8221;|||&#8221;][et_pb_text _builder_version=&#8221;4.27.6&#8243; text_font=&#8221;Oswald||||||||&#8221; text_text_color=&#8221;#013366&#8243; text_font_size=&#8221;26px&#8221; text_letter_spacing=&#8221;4px&#8221; global_colors_info=&#8221;{}&#8221;]<\/p>\n<p>Gearkasser af h\u00f8j kvalitet<\/p>\n<p>til en konkurrencedygtig pris<\/p>\n<p>[\/et_pb_text][\/et_pb_column][\/et_pb_row][\/et_pb_section][et_pb_section fb_built=&#8221;1&#8243; disabled_on=&#8221;on|off|off&#8221; _builder_version=&#8221;4.16&#8243; background_color=&#8221;#ffffff&#8221; custom_padding=&#8221;20px||20px&#8221; global_colors_info=&#8221;{}&#8221;][et_pb_row column_structure=&#8221;1_2,1_2&#8243; _builder_version=&#8221;4.16&#8243; global_colors_info=&#8221;{}&#8221;][et_pb_column type=&#8221;1_2&#8243; _builder_version=&#8221;4.16&#8243; custom_padding=&#8221;9%|||&#8221; global_colors_info=&#8221;{}&#8221; custom_padding__hover=&#8221;|||&#8221;][et_pb_image src=&#8221;https:\/\/zero-max.dk\/wp-content\/uploads\/2026\/03\/CKM_CAM01-3D-scaled.jpg&#8221; title_text=&#8221;CKM_CAM01- 3D&#8221; align=&#8221;center&#8221; align_tablet=&#8221;center&#8221; align_phone=&#8221;&#8221; align_last_edited=&#8221;on|desktop&#8221; _builder_version=&#8221;4.27.6&#8243; custom_margin=&#8221;||-12%&#8221; global_colors_info=&#8221;{}&#8221;]<br \/>\n[\/et_pb_image][\/et_pb_column][et_pb_column type=&#8221;1_2&#8243; _builder_version=&#8221;4.16&#8243; custom_padding=&#8221;|||&#8221; global_colors_info=&#8221;{}&#8221; custom_padding__hover=&#8221;|||&#8221;][et_pb_text _builder_version=&#8221;4.27.6&#8243; header_3_text_color=&#8221;#003366&#8243; global_colors_info=&#8221;{}&#8221;]<\/p>\n<h1>Alsidig gearmotorserie, der passer til dit maskinsystem.<\/h1>\n<h2><span class=\"textheading2 mobile-undersized-upper\">Cidepa-Sincron Gear<\/span><\/h2>\n<p>Cidepa-Sincron fra Spanien har et gearprogram, der d\u00e6kker et bredt spektrum af applikationer p\u00e5 tv\u00e6rs af flere forskellige industrier.<br \/>Cidepa-Sincron har produceret gearkasser siden 1942.<br \/>M\u00e5let er at tilbyde l\u00f8sninger til mange typer maskiner i forskellige sektorer, hvor der er behov for et gear.<br \/>Cidepa-Sincrons filosofi er baseret p\u00e5 tre kerneelementer:<\/p>\n<p>&#x2705; Kunden &#8211; Vores m\u00e5l<br \/>&#x2705; Kvalitet &#8211; Vores eksistensgrundlag<br \/>&#x2705; Service &#8211; Vores forskel.<\/p>\n<p>Derfor er Cidepa-Sincron i stand til at levere gearkasser af h\u00f8j kvalitet til en konkurrencedygtig pris med korte leveringstider.<br \/>Cidepa gear kan leveres med forskellig type motorer i henhold til IEC norm.<\/p>\n<p>[\/et_pb_text][et_pb_button button_url=&#8221;@ET-DC@eyJkeW5hbWljIjp0cnVlLCJjb250ZW50IjoicG9zdF9saW5rX3VybF9wYWdlIiwic2V0dGluZ3MiOnsicG9zdF9pZCI6IjY3MzgifX0=@&#8221; url_new_window=&#8221;on&#8221; button_text=&#8221;L\u00e6s mere om Cidepa-Sincron&#8221; button_alignment=&#8221;left&#8221; _builder_version=&#8221;4.27.6&#8243; _dynamic_attributes=&#8221;button_url&#8221; custom_button=&#8221;on&#8221; button_text_color=&#8221;#ffffff&#8221; button_bg_color=&#8221;#003366&#8243; button_border_width=&#8221;4px&#8221; button_border_color=&#8221;#003366&#8243; button_border_radius=&#8221;4px&#8221; global_colors_info=&#8221;{}&#8221;]<br \/>\n[\/et_pb_button][et_pb_button button_url=&#8221;@ET-DC@eyJkeW5hbWljIjp0cnVlLCJjb250ZW50IjoicG9zdF9saW5rX3VybF9wYWdlIiwic2V0dGluZ3MiOnsicG9zdF9pZCI6IjY3NDAifX0=@&#8221; button_text=&#8221;Cidepa Hovedprodukter&#8221; button_alignment=&#8221;left&#8221; _builder_version=&#8221;4.27.6&#8243; _dynamic_attributes=&#8221;button_url&#8221; custom_button=&#8221;on&#8221; button_text_color=&#8221;#ffffff&#8221; button_bg_color=&#8221;#003366&#8243; button_border_width=&#8221;4px&#8221; button_border_color=&#8221;#003366&#8243; button_border_radius=&#8221;4px&#8221; hover_enabled=&#8221;0&#8243; global_colors_info=&#8221;{}&#8221; sticky_enabled=&#8221;0&#8243;]<br \/>\n[\/et_pb_button][\/et_pb_column][\/et_pb_row][\/et_pb_section][et_pb_section fb_built=&#8221;1&#8243; _builder_version=&#8221;4.16&#8243; background_color=&#8221;#003366&#8243; global_colors_info=&#8221;{}&#8221;][et_pb_row column_structure=&#8221;1_2,1_2&#8243; _builder_version=&#8221;4.16&#8243; global_colors_info=&#8221;{}&#8221;][et_pb_column type=&#8221;1_2&#8243; _builder_version=&#8221;4.16&#8243; custom_padding=&#8221;|||&#8221; global_colors_info=&#8221;{}&#8221; custom_padding__hover=&#8221;|||&#8221;][et_pb_text _builder_version=&#8221;4.16&#8243; text_text_color=&#8221;#ffffff&#8221; header_2_text_color=&#8221;#ffffff&#8221; header_3_text_color=&#8221;#003366&#8243; global_colors_info=&#8221;{}&#8221;]<\/p>\n<h2><span class=\"textheading2 mobile-undersized-upper\">EGENSKABER<\/span><\/h2>\n<h2>Crown Gear\u00a0<\/h2>\n<ul>\n<li>Crown Gear har dobbeltforseglede rullelejer, der holder sm\u00f8ringen inde og snavs ude.<\/li>\n<li>H\u00e5rdere pr\u00e6cisionen og ground ball rullelejer for en nem, st\u00f8jsvag og lang levetid.<\/li>\n<li>Ikke magnetiske aksler af rustfrit st\u00e5l er modstandsdygtige over for korrosion og kr\u00e6ver kun minimal vedligeholdelse.<\/li>\n<li>Hus af aluminiumslegering med en lav v\u00e6gt for maksimal styrke og varmespredning.<\/li>\n<li>Mange standardtyper og st\u00f8rrelser samt specialaksler. F\u00e5 lige den model der passer perfekt til dine applikationsbehov.<\/li>\n<li>Mange monteringspositioner, hvilket g\u00f8r overvejelserne omkring design meget enkle.<\/li>\n<\/ul>\n<p>[\/et_pb_text][\/et_pb_column][et_pb_column type=&#8221;1_2&#8243; _builder_version=&#8221;4.16&#8243; custom_padding=&#8221;|||&#8221; global_colors_info=&#8221;{}&#8221; custom_padding__hover=&#8221;|||&#8221;][et_pb_blurb image=&#8221;https:\/\/zero-max.dk\/wp-content\/uploads\/2018\/12\/reliability.png&#8221; _builder_version=&#8221;4.16&#8243; body_font_size=&#8221;25px&#8221; body_line_height=&#8221;1.4em&#8221; text_orientation=&#8221;center&#8221; background_layout=&#8221;dark&#8221; global_colors_info=&#8221;{}&#8221;]<\/p>\n<p>Den mest p\u00e5lidelige og driftsikre overf\u00f8rsel af moment p\u00e5 markedet.<\/p>\n<p>[\/et_pb_blurb][\/et_pb_column][\/et_pb_row][\/et_pb_section][et_pb_section fb_built=&#8221;1&#8243; _builder_version=&#8221;4.16&#8243; global_colors_info=&#8221;{}&#8221;][et_pb_row _builder_version=&#8221;4.16&#8243; global_colors_info=&#8221;{}&#8221;][et_pb_column type=&#8221;4_4&#8243; _builder_version=&#8221;4.16&#8243; custom_padding=&#8221;|||&#8221; global_colors_info=&#8221;{}&#8221; custom_padding__hover=&#8221;|||&#8221;][et_pb_text _builder_version=&#8221;4.16&#8243; text_text_color=&#8221;#000000&#8243; header_2_text_color=&#8221;#000000&#8243; header_3_text_color=&#8221;#003366&#8243; global_colors_info=&#8221;{}&#8221;]<\/p>\n<h2>FORDELE<\/h2>\n<h2>Crown Gear<\/h2>\n<p>Crown Gear to- og trevejs retvinklede gearkasser overf\u00f8rer kr\u00e6fter med stille og p\u00e5lidelige spiral bevel gears.<\/p>\n<p>Crown Gear retvinklede gearkasser har en h\u00e5rd spiral bevel gears og ikke-magnetiske aksler af rustfrit st\u00e5l. De er kompakte og giver adskillige muligheder for montering. Det fuldst\u00e6ndigt lukkede design sikrer at det indre gear ikke kan komme ud af sporingen, sidde i klemme eller blive skadet af rester.<\/p>\n<p>Aluminiumshuset p\u00e5 disse retvinklede gearkasser er designet for maksimal styrke og varmespredning. Driverne kan f\u00e5s med aksler med en diameter p\u00e5 3\/8, \u00bd, 5\/8 og \u00be tommer og i enheder p\u00e5 to og tre vej, begge i det relative forhold 1:1 og 2:1. Trevejsenheder i 1:1 og 2:1 kan f\u00e5s med aksler p\u00e5 1 tomme.<\/p>\n<p>Der er et stort udvalg af aksler til r\u00e5dighed, inklusive firkantede, rektanglet, udvidede, forkortede og trappeformede.<\/p>\n<p>[\/et_pb_text][\/et_pb_column][\/et_pb_row][\/et_pb_section][et_pb_section fb_built=&#8221;1&#8243; disabled_on=&#8221;on|on|on&#8221; _builder_version=&#8221;4.21.0&#8243; background_color=&#8221;#003366&#8243; custom_padding=&#8221;0px||0px&#8221; disabled=&#8221;on&#8221; global_module=&#8221;1102&#8243; saved_tabs=&#8221;all&#8221; global_colors_info=&#8221;{}&#8221;][et_pb_row column_structure=&#8221;1_3,1_3,1_3&#8243; _builder_version=&#8221;4.16&#8243; global_colors_info=&#8221;{}&#8221;][et_pb_column type=&#8221;1_3&#8243; _builder_version=&#8221;4.16&#8243; custom_padding=&#8221;|||&#8221; global_colors_info=&#8221;{}&#8221; custom_padding__hover=&#8221;|||&#8221;][et_pb_text admin_label=&#8221;Tekst&#8221; _builder_version=&#8221;4.16&#8243; header_2_text_align=&#8221;center&#8221; header_2_text_color=&#8221;#99ccff&#8221; header_2_font_size=&#8221;14px&#8221; custom_margin=&#8221;0px||0px&#8221; custom_padding=&#8221;0px||0px&#8221; global_colors_info=&#8221;{}&#8221;]<\/p>\n<h2>Zero Max &#8211; Industri<\/h2>\n<p>[\/et_pb_text][et_pb_text _builder_version=&#8221;4.16&#8243; background_image=&#8221;https:\/\/zero-max.dk\/wp-content\/uploads\/2018\/12\/Boxes.jpg&#8221; text_orientation=&#8221;center&#8221; custom_margin=&#8221;0px||0px&#8221; custom_padding=&#8221;10px|20px|26px|20px&#8221; border_width_all=&#8221;1px&#8221; border_color_all=&#8221;#ffffff&#8221; global_colors_info=&#8221;{}&#8221;]<\/p>\n<p>Hurtighed, pr\u00e6cision og driftssikkerhed? Overvej en l\u00f8sning fra Zero-Max<\/p>\n<p>[\/et_pb_text][\/et_pb_column][et_pb_column type=&#8221;1_3&#8243; _builder_version=&#8221;4.16&#8243; custom_padding=&#8221;|||&#8221; global_colors_info=&#8221;{}&#8221; custom_padding__hover=&#8221;|||&#8221;][et_pb_text _builder_version=&#8221;4.16&#8243; header_2_text_align=&#8221;center&#8221; header_2_text_color=&#8221;#99ccff&#8221; header_2_font_size=&#8221;14px&#8221; custom_margin=&#8221;0px||0px&#8221; custom_padding=&#8221;0px||0px&#8221; global_colors_info=&#8221;{}&#8221;]<\/p>\n<h2>Zero Max \u2013 Landbrug<\/h2>\n<p>[\/et_pb_text][et_pb_text _builder_version=&#8221;4.16&#8243; background_image=&#8221;https:\/\/zero-max.dk\/wp-content\/uploads\/2018\/12\/Boxes.jpg&#8221; text_orientation=&#8221;center&#8221; custom_margin=&#8221;0px||0px&#8221; custom_padding=&#8221;10px|20px|25px|20px&#8221; border_width_all=&#8221;1px&#8221; border_color_all=&#8221;#ffffff&#8221; global_colors_info=&#8221;{}&#8221;]<\/p>\n<p>St\u00f8rre, tungere, hurtigere? Driftssikker?<br \/>Kundespecifikt designet hos Zero-Max!<\/p>\n<p>[\/et_pb_text][\/et_pb_column][et_pb_column type=&#8221;1_3&#8243; _builder_version=&#8221;4.16&#8243; custom_padding=&#8221;|||&#8221; global_colors_info=&#8221;{}&#8221; custom_padding__hover=&#8221;|||&#8221;][et_pb_text _builder_version=&#8221;4.16&#8243; header_2_text_align=&#8221;center&#8221; header_2_text_color=&#8221;#99ccff&#8221; header_2_font_size=&#8221;14px&#8221; custom_margin=&#8221;0px||0px&#8221; custom_padding=&#8221;0px||0px&#8221; global_colors_info=&#8221;{}&#8221;]<\/p>\n<h2>Zero Max \u2013 Energi<\/h2>\n<p>[\/et_pb_text][et_pb_text admin_label=&#8221;Text&#8221; _builder_version=&#8221;4.16&#8243; background_image=&#8221;https:\/\/zero-max.dk\/wp-content\/uploads\/2018\/12\/Boxes.jpg&#8221; text_orientation=&#8221;center&#8221; custom_margin=&#8221;0px||0px&#8221; custom_padding=&#8221;10px|10px|10px|10px&#8221; border_width_all=&#8221;1px&#8221; border_color_all=&#8221;#ffffff&#8221; global_colors_info=&#8221;{}&#8221;]<\/p>\n<p>St\u00e6rk ydeevne i ekstrem vind? <br \/>Skiftende klimabetingelserne?<br \/>Zero-Max skaber l\u00f8sningen for dig!<\/p>\n<p>[\/et_pb_text][\/et_pb_column][\/et_pb_row][\/et_pb_section]<\/p>\n","protected":false},"excerpt":{"rendered":"<p>Gearkasser af h\u00f8j kvalitet til en konkurrencedygtig pris Alsidig gearmotorserie, der passer til dit maskinsystem. Cidepa-Sincron Gear Cidepa-Sincron fra Spanien har et gearprogram, der d\u00e6kker et bredt spektrum af applikationer p\u00e5 tv\u00e6rs af flere forskellige industrier.Cidepa-Sincron har produceret gearkasser siden 1942.M\u00e5let er at tilbyde l\u00f8sninger til mange typer maskiner i forskellige sektorer, hvor der er [&hellip;]<\/p>\n","protected":false},"author":9,"featured_media":0,"parent":0,"menu_order":0,"comment_status":"closed","ping_status":"closed","template":"","meta":{"_et_pb_use_builder":"on","_et_pb_old_content":"","_et_gb_content_width":"","footnotes":""},"class_list":["post-6736","page","type-page","status-publish","hentry"],"yoast_head":"<!-- This site is optimized with the Yoast SEO plugin v27.5 - https:\/\/yoast.com\/product\/yoast-seo-wordpress\/ -->\n<title>Cidepa Gear - Zero-Max A\/S<\/title>\n<meta name=\"robots\" content=\"index, follow, max-snippet:-1, max-image-preview:large, max-video-preview:-1\" \/>\n<link rel=\"canonical\" href=\"https:\/\/zero-max.dk\/ro\/unelte-cidepa\/\" \/>\n<meta property=\"og:locale\" content=\"ro_RO\" \/>\n<meta property=\"og:type\" content=\"article\" \/>\n<meta property=\"og:title\" content=\"Cidepa Gear - Zero-Max A\/S\" \/>\n<meta property=\"og:description\" content=\"Gearkasser af h\u00f8j kvalitet til en konkurrencedygtig pris Alsidig gearmotorserie, der passer til dit maskinsystem. Cidepa-Sincron Gear Cidepa-Sincron fra Spanien har et gearprogram, der d\u00e6kker et bredt spektrum af applikationer p\u00e5 tv\u00e6rs af flere forskellige industrier.Cidepa-Sincron har produceret gearkasser siden 1942.M\u00e5let er at tilbyde l\u00f8sninger til mange typer maskiner i forskellige sektorer, hvor der er [&hellip;]\" \/>\n<meta property=\"og:url\" content=\"https:\/\/zero-max.dk\/ro\/unelte-cidepa\/\" \/>\n<meta property=\"og:site_name\" content=\"Zero-Max A\/S\" \/>\n<meta property=\"article:modified_time\" content=\"2026-03-18T12:33:45+00:00\" \/>\n<meta name=\"twitter:card\" content=\"summary_large_image\" \/>\n<script type=\"application\/ld+json\" class=\"yoast-schema-graph\">{\"@context\":\"https:\\\/\\\/schema.org\",\"@graph\":[{\"@type\":\"WebPage\",\"@id\":\"https:\\\/\\\/zero-max.dk\\\/cidepa-gear\\\/\",\"url\":\"https:\\\/\\\/zero-max.dk\\\/cidepa-gear\\\/\",\"name\":\"Cidepa Gear - Zero-Max A\\\/S\",\"isPartOf\":{\"@id\":\"https:\\\/\\\/zero-max.dk\\\/#website\"},\"datePublished\":\"2026-03-18T08:40:23+00:00\",\"dateModified\":\"2026-03-18T12:33:45+00:00\",\"breadcrumb\":{\"@id\":\"https:\\\/\\\/zero-max.dk\\\/cidepa-gear\\\/#breadcrumb\"},\"inLanguage\":\"ro-RO\",\"potentialAction\":[{\"@type\":\"ReadAction\",\"target\":[\"https:\\\/\\\/zero-max.dk\\\/cidepa-gear\\\/\"]}]},{\"@type\":\"BreadcrumbList\",\"@id\":\"https:\\\/\\\/zero-max.dk\\\/cidepa-gear\\\/#breadcrumb\",\"itemListElement\":[{\"@type\":\"ListItem\",\"position\":1,\"name\":\"Hjem\",\"item\":\"https:\\\/\\\/zero-max.dk\\\/\"},{\"@type\":\"ListItem\",\"position\":2,\"name\":\"Cidepa Gear\"}]},{\"@type\":\"WebSite\",\"@id\":\"https:\\\/\\\/zero-max.dk\\\/#website\",\"url\":\"https:\\\/\\\/zero-max.dk\\\/\",\"name\":\"Zero-Max A\\\/S\",\"description\":\"\",\"potentialAction\":[{\"@type\":\"SearchAction\",\"target\":{\"@type\":\"EntryPoint\",\"urlTemplate\":\"https:\\\/\\\/zero-max.dk\\\/?s={search_term_string}\"},\"query-input\":{\"@type\":\"PropertyValueSpecification\",\"valueRequired\":true,\"valueName\":\"search_term_string\"}}],\"inLanguage\":\"ro-RO\"}]}<\/script>\n<!-- \/ Yoast SEO plugin. -->","yoast_head_json":{"title":"Cidepa Gear - Zero-Max A\/S","robots":{"index":"index","follow":"follow","max-snippet":"max-snippet:-1","max-image-preview":"max-image-preview:large","max-video-preview":"max-video-preview:-1"},"canonical":"https:\/\/zero-max.dk\/ro\/unelte-cidepa\/","og_locale":"ro_RO","og_type":"article","og_title":"Cidepa Gear - Zero-Max A\/S","og_description":"Gearkasser af h\u00f8j kvalitet til en konkurrencedygtig pris Alsidig gearmotorserie, der passer til dit maskinsystem. Cidepa-Sincron Gear Cidepa-Sincron fra Spanien har et gearprogram, der d\u00e6kker et bredt spektrum af applikationer p\u00e5 tv\u00e6rs af flere forskellige industrier.Cidepa-Sincron har produceret gearkasser siden 1942.M\u00e5let er at tilbyde l\u00f8sninger til mange typer maskiner i forskellige sektorer, hvor der er [&hellip;]","og_url":"https:\/\/zero-max.dk\/ro\/unelte-cidepa\/","og_site_name":"Zero-Max A\/S","article_modified_time":"2026-03-18T12:33:45+00:00","twitter_card":"summary_large_image","schema":{"@context":"https:\/\/schema.org","@graph":[{"@type":"WebPage","@id":"https:\/\/zero-max.dk\/cidepa-gear\/","url":"https:\/\/zero-max.dk\/cidepa-gear\/","name":"Cidepa Gear - Zero-Max A\/S","isPartOf":{"@id":"https:\/\/zero-max.dk\/#website"},"datePublished":"2026-03-18T08:40:23+00:00","dateModified":"2026-03-18T12:33:45+00:00","breadcrumb":{"@id":"https:\/\/zero-max.dk\/cidepa-gear\/#breadcrumb"},"inLanguage":"ro-RO","potentialAction":[{"@type":"ReadAction","target":["https:\/\/zero-max.dk\/cidepa-gear\/"]}]},{"@type":"BreadcrumbList","@id":"https:\/\/zero-max.dk\/cidepa-gear\/#breadcrumb","itemListElement":[{"@type":"ListItem","position":1,"name":"Hjem","item":"https:\/\/zero-max.dk\/"},{"@type":"ListItem","position":2,"name":"Cidepa Gear"}]},{"@type":"WebSite","@id":"https:\/\/zero-max.dk\/#website","url":"https:\/\/zero-max.dk\/","name":"Zero-Max A\/S","description":"","potentialAction":[{"@type":"SearchAction","target":{"@type":"EntryPoint","urlTemplate":"https:\/\/zero-max.dk\/?s={search_term_string}"},"query-input":{"@type":"PropertyValueSpecification","valueRequired":true,"valueName":"search_term_string"}}],"inLanguage":"ro-RO"}]}},"_links":{"self":[{"href":"https:\/\/zero-max.dk\/ro\/wp-json\/wp\/v2\/pages\/6736","targetHints":{"allow":["GET"]}}],"collection":[{"href":"https:\/\/zero-max.dk\/ro\/wp-json\/wp\/v2\/pages"}],"about":[{"href":"https:\/\/zero-max.dk\/ro\/wp-json\/wp\/v2\/types\/page"}],"author":[{"embeddable":true,"href":"https:\/\/zero-max.dk\/ro\/wp-json\/wp\/v2\/users\/9"}],"replies":[{"embeddable":true,"href":"https:\/\/zero-max.dk\/ro\/wp-json\/wp\/v2\/comments?post=6736"}],"version-history":[{"count":8,"href":"https:\/\/zero-max.dk\/ro\/wp-json\/wp\/v2\/pages\/6736\/revisions"}],"predecessor-version":[{"id":6813,"href":"https:\/\/zero-max.dk\/ro\/wp-json\/wp\/v2\/pages\/6736\/revisions\/6813"}],"wp:attachment":[{"href":"https:\/\/zero-max.dk\/ro\/wp-json\/wp\/v2\/media?parent=6736"}],"curies":[{"name":"wp","href":"https:\/\/api.w.org\/{rel}","templated":true}]}}