{"id":850,"date":"2019-01-02T17:08:41","date_gmt":"2019-01-02T16:08:41","guid":{"rendered":"https:\/\/zero-max.dk\/?page_id=850"},"modified":"2023-10-05T11:15:42","modified_gmt":"2023-10-05T09:15:42","slug":"automatizare-masini-speciale-da","status":"publish","type":"page","link":"https:\/\/zero-max.dk\/ro\/automation-specialty-machines-da\/","title":{"rendered":"Automatizare \u0219i utilaje specializate"},"content":{"rendered":"<p>[et_pb_section fb_built=&#8221;1&#8243; _builder_version=&#8221;4.21.0&#8243; custom_padding=&#8221;0px||20px&#8221; hover_enabled=&#8221;0&#8243; border_width_bottom=&#8221;1px&#8221; border_color_bottom=&#8221;#eee&#8221; locked=&#8221;off&#8221; global_colors_info=&#8221;{}&#8221; animation_style=&#8221;zoom&#8221; sticky_enabled=&#8221;0&#8243;][et_pb_row column_structure=&#8221;1_3,1_3,1_3&#8243; _builder_version=&#8221;4.16&#8243; custom_padding=&#8221;0px||&#8221; global_colors_info=&#8221;{}&#8221;][et_pb_column type=&#8221;1_3&#8243; _builder_version=&#8221;4.16&#8243; custom_padding=&#8221;|||&#8221; global_colors_info=&#8221;{}&#8221; custom_padding__hover=&#8221;|||&#8221;][et_pb_image src=&#8221;https:\/\/zero-max.dk\/wp-content\/uploads\/2019\/01\/kv88.jpg&#8221; align_tablet=&#8221;center&#8221; align_phone=&#8221;&#8221; align_last_edited=&#8221;on|desktop&#8221; _builder_version=&#8221;4.16&#8243; custom_margin=&#8221;||0px&#8221; global_colors_info=&#8221;{}&#8221;]<br \/>\n[\/et_pb_image][et_pb_text _builder_version=&#8221;4.16&#8243; text_font=&#8221;Oswald||||||||&#8221; text_orientation=&#8221;center&#8221; custom_margin=&#8221;||0px&#8221; global_colors_info=&#8221;{}&#8221;]<\/p>\n<p><span style=\"font-size: 22px;\">Momentbegr\u00e6nser<\/span><\/p>\n<p>[\/et_pb_text][\/et_pb_column][et_pb_column type=&#8221;1_3&#8243; _builder_version=&#8221;4.16&#8243; custom_padding=&#8221;|||&#8221; global_colors_info=&#8221;{}&#8221; custom_padding__hover=&#8221;|||&#8221;][et_pb_image src=&#8221;https:\/\/zero-max.dk\/wp-content\/uploads\/2019\/01\/kv777.jpg&#8221; align_tablet=&#8221;center&#8221; align_phone=&#8221;&#8221; align_last_edited=&#8221;on|desktop&#8221; _builder_version=&#8221;4.16&#8243; custom_margin=&#8221;||0px&#8221; global_colors_info=&#8221;{}&#8221;]<br \/>\n[\/et_pb_image][et_pb_text _builder_version=&#8221;4.16&#8243; text_font=&#8221;Oswald||||||||&#8221; text_orientation=&#8221;center&#8221; custom_margin=&#8221;||0px&#8221; global_colors_info=&#8221;{}&#8221;]<\/p>\n<p><span style=\"font-size: 22px;\">Servoclass kobling<\/span><\/p>\n<p>[\/et_pb_text][\/et_pb_column][et_pb_column type=&#8221;1_3&#8243; _builder_version=&#8221;4.16&#8243; custom_padding=&#8221;|||&#8221; global_colors_info=&#8221;{}&#8221; custom_padding__hover=&#8221;|||&#8221;][et_pb_image src=&#8221;https:\/\/zero-max.dk\/wp-content\/uploads\/2019\/01\/kv12.jpg&#8221; align_tablet=&#8221;center&#8221; align_phone=&#8221;&#8221; align_last_edited=&#8221;on|desktop&#8221; _builder_version=&#8221;4.16&#8243; max_width=&#8221;97%&#8221; custom_margin=&#8221;||0px&#8221; global_colors_info=&#8221;{}&#8221;]<br \/>\n[\/et_pb_image][et_pb_text _builder_version=&#8221;4.16&#8243; text_font=&#8221;Oswald||||||||&#8221; text_orientation=&#8221;center&#8221; custom_margin=&#8221;||10px&#8221; global_colors_info=&#8221;{}&#8221;]<\/p>\n<p><span style=\"font-size: 22px;\">Crown geardrev<\/span><\/p>\n<p>[\/et_pb_text][\/et_pb_column][\/et_pb_row][\/et_pb_section][et_pb_section fb_built=&#8221;1&#8243; disabled_on=&#8221;on|off|off&#8221; _builder_version=&#8221;4.16&#8243; background_color=&#8221;#ffffff&#8221; custom_padding=&#8221;20px||20px&#8221; global_colors_info=&#8221;{}&#8221;][et_pb_row _builder_version=&#8221;4.16&#8243; global_colors_info=&#8221;{}&#8221;][et_pb_column type=&#8221;4_4&#8243; _builder_version=&#8221;4.16&#8243; custom_padding=&#8221;|||&#8221; global_colors_info=&#8221;{}&#8221; custom_padding__hover=&#8221;|||&#8221;][et_pb_text _builder_version=&#8221;4.16&#8243; link_font=&#8221;||||on||||&#8221; link_text_color=&#8221;#0c71c3&#8243; header_3_text_color=&#8221;#003366&#8243; global_colors_info=&#8221;{}&#8221;]<\/p>\n<h1>INDUSTRIOMR\u00c5DER<\/h1>\n<h2><span class=\"textheading2 mobile-undersized-upper\">Anbefalinger<\/span><\/h2>\n<p>For hj\u00e6lp i design-processen, b\u00f8r du overveje f\u00f8lgende Zero-Max l\u00f8sninger:<\/p>\n<p><a href=\"https:\/\/zero-max.dk\/servoclass-couplings-da\/\">ServoClass koblinger<\/a> \u2013 lav inerti, h\u00f8j hastighed, torsionelt stiv sp\u00e6nderingstype hub servo-motor-kobling til kr\u00e6vende applikationer.<\/p>\n<p><a href=\"https:\/\/zero-max.dk\/schmidt-couplings-da\/\">Schmidt koblinger<\/a> \u2013 i stand til at transmittere rotationskraft mellem to aksler med 17\u201d parallelforskydning. Momentkapacitet op til 459,000 i-lbs.<\/p>\n<p><a href=\"https:\/\/zero-max.dk\/adjustable-speed-drives-da\/\">Justerbare hastighedsdrev<\/a>\u00a0\u2013 uendeligt variabel hastighedskontrol til mekaniske systemer.<\/p>\n<p><a href=\"https:\/\/zero-max.dk\/crown-gear-right-angle-gearbox-da\/\">Crown Gear Drev<\/a> \u2013 letv\u00e6gts, holdbar retvinkel gearkasse med spiralformet gearing.<\/p>\n<p><a href=\"https:\/\/zero-max.dk\/overload-safety-device-da\/\">Torq-Tenders<\/a> \u2013 overbelastning-sikkerhedskoblinger, der er modstandsdygtige mod mekaniske momentbegr\u00e6nsninger.\u00a0<\/p>\n<p><a href=\"20https:\/\/zero-max.dk\/linear-actuators-da\/\">Roh\u2019Lix \u2013 <\/a> line\u00e6re aktuatorer til konvertering af rotationsbev\u00e6gelse i forbindelse med pr\u00e6cis line\u00e6r bev\u00e6gelse, med k\u00f8rehastigheder p\u00e5 op til 70 tommer i sekundet.\u00a0<\/p>\n<p><a href=\"https:\/\/zero-max.dk\/phase-adjusting-hubs-da\/\">Phas- Lok<\/a> \u2013 enkel og positiv fasejustering til k\u00e6dedrev og timing trisser.<\/p>\n<p>[\/et_pb_text][\/et_pb_column][\/et_pb_row][\/et_pb_section][et_pb_section fb_built=&#8221;1&#8243; _builder_version=&#8221;4.16&#8243; background_color=&#8221;#003366&#8243; global_colors_info=&#8221;{}&#8221;][et_pb_row _builder_version=&#8221;4.16&#8243; global_colors_info=&#8221;{}&#8221;][et_pb_column type=&#8221;4_4&#8243; _builder_version=&#8221;4.16&#8243; custom_padding=&#8221;|||&#8221; global_colors_info=&#8221;{}&#8221; custom_padding__hover=&#8221;|||&#8221;][et_pb_text _builder_version=&#8221;4.16&#8243; text_text_color=&#8221;#ffffff&#8221; header_2_text_color=&#8221;#ffffff&#8221; header_3_text_color=&#8221;#ffffff&#8221; global_colors_info=&#8221;{}&#8221;]<\/p>\n<h2><span class=\"textheading2 mobile-undersized-upper\">INDUSTRIOMR\u00c5DER<\/span><\/h2>\n<h3><span class=\"textheading2 mobile-undersized-upper\">Dynamometer &amp; Testmaskineri-koblinger<\/span><\/h3>\n<p>Dagens automations- og specialmaskiner d\u00e6kker hele spektret af industriomr\u00e5der &#8211; fra medicinsk og f\u00f8devareforarbejdning til milit\u00e6r-hardware og samlesystemer. Alt er designet til at g\u00f8re tingene hurtigere og med lav eller ingen arbejdskraft. Alle disse automatiserede systemer og maskiner kr\u00e6ver str\u00f8mforbindelser til varierede typer servo og andre typer af motorer.\u00a0S\u00e5 godt som alle disse systemer kr\u00e6ver pr\u00e6cision og h\u00f8jhastigheds-ydeevne &#8211; n\u00f8glefordele for bev\u00e6gelseskontrol-produkter fra Zero-Max.<\/p>\n<p>Zero-Max har i mange \u00e5r v\u00e6ret en betroet og godkendt designer af bev\u00e6gelsessystem-produkter til automation- og specialmaskineindustrien. Zero-Max forst\u00e5r de stigende krav mht. h\u00f8jere ydeevne og designer vores produkter til at im\u00f8dekomme disse.<\/p>\n<p>[\/et_pb_text][\/et_pb_column][\/et_pb_row][\/et_pb_section][et_pb_section fb_built=&#8221;1&#8243; _builder_version=&#8221;4.16&#8243; global_colors_info=&#8221;{}&#8221;][et_pb_row _builder_version=&#8221;4.16&#8243; custom_padding=&#8221;||0px&#8221; global_colors_info=&#8221;{}&#8221;][et_pb_column type=&#8221;4_4&#8243; _builder_version=&#8221;4.16&#8243; custom_padding=&#8221;|||&#8221; global_colors_info=&#8221;{}&#8221; custom_padding__hover=&#8221;|||&#8221;][et_pb_text _builder_version=&#8221;4.16&#8243; header_3_text_color=&#8221;#003366&#8243; global_colors_info=&#8221;{}&#8221;]<\/p>\n<h2><span class=\"textheading2 mobile-undersized-upper\">INDUSTRIOMR\u00c5DER<\/span><\/h2>\n<h3><span class=\"textheading2 mobile-undersized-upper\">Downloads<\/span><\/h3>\n<p>Downloads Catalog:<\/p>\n<p>[\/et_pb_text][\/et_pb_column][\/et_pb_row][et_pb_row column_structure=&#8221;1_2,1_2&#8243; _builder_version=&#8221;4.16&#8243; locked=&#8221;off&#8221; global_colors_info=&#8221;{}&#8221;][et_pb_column type=&#8221;1_2&#8243; _builder_version=&#8221;4.16&#8243; custom_padding=&#8221;|||&#8221; global_colors_info=&#8221;{}&#8221; custom_padding__hover=&#8221;|||&#8221;][et_pb_text _builder_version=&#8221;4.16&#8243; link_font=&#8221;||||on||||&#8221; link_text_color=&#8221;#0c71c3&#8243; header_3_text_color=&#8221;#003366&#8243; global_colors_info=&#8221;{}&#8221;]<\/p>\n<ul>\n<li><a href=\"https:\/\/zero-max.dk\/wp-content\/uploads\/2019\/01\/Zero-Max_ServoClass.pdf\" target=\"_blank\" rel=\"noopener noreferrer\">ServoClass koblinger<\/a><\/li>\n<li><a href=\"https:\/\/zero-max.dk\/wp-content\/uploads\/2019\/01\/Schmidt-Offset-Couplings.pdf\" target=\"_blank\" rel=\"noopener noreferrer\">Schmidt koblinger<\/a><\/li>\n<li><a href=\"https:\/\/zero-max.dk\/wp-content\/uploads\/2019\/01\/ZM-Adjustable-Speed-Drives-brochure.pdf\" target=\"_blank\" rel=\"noopener noreferrer\">Justerbare hastighedsdrev<\/a><\/li>\n<li><a href=\"https:\/\/zero-max.dk\/wp-content\/uploads\/2019\/01\/ZM-Right-Angle-Crown-Gear-Drives-brochure.pdf\" target=\"_blank\" rel=\"noopener noreferrer\">Crown geardrev<\/a><\/li>\n<\/ul>\n<p>[\/et_pb_text][\/et_pb_column][et_pb_column type=&#8221;1_2&#8243; _builder_version=&#8221;4.16&#8243; custom_padding=&#8221;|||&#8221; global_colors_info=&#8221;{}&#8221; custom_padding__hover=&#8221;|||&#8221;][et_pb_text _builder_version=&#8221;4.16&#8243; link_font=&#8221;||||on||||&#8221; link_text_color=&#8221;#0c71c3&#8243; header_3_text_color=&#8221;#003366&#8243; global_colors_info=&#8221;{}&#8221;]<\/p>\n<ul>\n<li><a href=\"https:\/\/zero-max.dk\/wp-content\/uploads\/2019\/01\/ZM-Overload-Safety-Couplings-brochure.pdf\" target=\"_blank\" rel=\"noopener noreferrer\">Momentbegr\u00e6nsere<\/a><\/li>\n<li><a href=\"https:\/\/zero-max.dk\/wp-content\/uploads\/2019\/01\/ZM-Rohlix-Linear-Actuators-brochure.pdf\" target=\"_blank\" rel=\"noopener noreferrer\">Roh\u2019Lix \u2013 line\u00e6re aktuatorer<\/a><\/li>\n<li><a href=\"https:\/\/zero-max.dk\/wp-content\/uploads\/2019\/01\/ZeroMax_Phas_Lok.pdf\" target=\"_blank\" rel=\"noopener noreferrer\">Phas- Lok<\/a><\/li>\n<\/ul>\n<p>[\/et_pb_text][\/et_pb_column][\/et_pb_row][\/et_pb_section][et_pb_section fb_built=&#8221;1&#8243; disabled_on=&#8221;on|on|on&#8221; _builder_version=&#8221;4.6.1&#8243; background_color=&#8221;#003366&#8243; custom_padding=&#8221;0px||0px&#8221; disabled=&#8221;on&#8221; global_module=&#8221;1044&#8243; global_colors_info=&#8221;{}&#8221;][et_pb_row column_structure=&#8221;1_3,1_3,1_3&#8243; _builder_version=&#8221;4.16&#8243; max_width=&#8221;1080px&#8221; global_colors_info=&#8221;{}&#8221;][et_pb_column type=&#8221;1_3&#8243; _builder_version=&#8221;4.16&#8243; custom_padding=&#8221;|||&#8221; global_colors_info=&#8221;{}&#8221; custom_padding__hover=&#8221;|||&#8221;][et_pb_text _builder_version=&#8221;4.16&#8243; header_2_text_align=&#8221;center&#8221; header_2_text_color=&#8221;#99ccff&#8221; header_2_font_size=&#8221;14px&#8221; custom_margin=&#8221;0px||0px&#8221; custom_padding=&#8221;0px||0px&#8221; global_colors_info=&#8221;{}&#8221;]<\/p>\n<h2>Zero Max<\/h2>\n<p>[\/et_pb_text][et_pb_text _builder_version=&#8221;4.16&#8243; text_font=&#8221;||||||||&#8221; header_font=&#8221;||||||||&#8221; background_image=&#8221;https:\/\/zero-max.dk\/wp-content\/uploads\/2018\/12\/Boxes.jpg&#8221; text_orientation=&#8221;center&#8221; custom_margin=&#8221;0px||0px&#8221; custom_padding=&#8221;10px|20px|26px|20px&#8221; border_width_all=&#8221;1px&#8221; border_color_all=&#8221;#ffffff&#8221; global_colors_info=&#8221;{}&#8221;]<\/p>\n<p>Our gobal perspektive makes it possible to provide our customer with quality products at competitive pricing to any location<\/p>\n<p>[\/et_pb_text][\/et_pb_column][et_pb_column type=&#8221;1_3&#8243; _builder_version=&#8221;4.16&#8243; custom_padding=&#8221;|||&#8221; global_colors_info=&#8221;{}&#8221; custom_padding__hover=&#8221;|||&#8221;][et_pb_text _builder_version=&#8221;4.16&#8243; header_2_text_align=&#8221;center&#8221; header_2_text_color=&#8221;#99ccff&#8221; header_2_font_size=&#8221;14px&#8221; custom_margin=&#8221;0px||0px&#8221; custom_padding=&#8221;0px||0px&#8221; global_colors_info=&#8221;{}&#8221;]<\/p>\n<h2>World-Leading Expert !<\/h2>\n<p>[\/et_pb_text][et_pb_text _builder_version=&#8221;4.16&#8243; text_font=&#8221;||||||||&#8221; header_font=&#8221;||||||||&#8221; background_image=&#8221;https:\/\/zero-max.dk\/wp-content\/uploads\/2018\/12\/Boxes.jpg&#8221; text_orientation=&#8221;center&#8221; custom_margin=&#8221;0px||0px&#8221; custom_padding=&#8221;10px|20px|25px|20px&#8221; border_width_all=&#8221;1px&#8221; border_color_all=&#8221;#ffffff&#8221; global_colors_info=&#8221;{}&#8221;]<\/p>\n<p>Zero-Max combines decades of industry leading experience with unparalleled expertise in motion control solutions<\/p>\n<p>[\/et_pb_text][\/et_pb_column][et_pb_column type=&#8221;1_3&#8243; _builder_version=&#8221;4.16&#8243; custom_padding=&#8221;|||&#8221; global_colors_info=&#8221;{}&#8221; custom_padding__hover=&#8221;|||&#8221;][et_pb_text _builder_version=&#8221;4.16&#8243; header_2_text_align=&#8221;center&#8221; header_2_text_color=&#8221;#99ccff&#8221; header_2_font_size=&#8221;14px&#8221; custom_margin=&#8221;0px||0px&#8221; custom_padding=&#8221;0px||0px&#8221; global_colors_info=&#8221;{}&#8221;]<\/p>\n<h2>Get in touch!<\/h2>\n<p>[\/et_pb_text][et_pb_text _builder_version=&#8221;4.16&#8243; text_font=&#8221;||||||||&#8221; header_font=&#8221;||||||||&#8221; background_image=&#8221;https:\/\/zero-max.dk\/wp-content\/uploads\/2018\/12\/Boxes.jpg&#8221; text_orientation=&#8221;center&#8221; custom_margin=&#8221;0px||0px&#8221; custom_padding=&#8221;10px|10px|10px|10px&#8221; border_width_all=&#8221;1px&#8221; border_color_all=&#8221;#ffffff&#8221; global_colors_info=&#8221;{}&#8221;]<\/p>\n<p>Zero-Max A\/S<br \/>Mail: ext@zero-max.dk <br \/>Haarup Tvaevej 1<br \/>DK &#8211; 8600 Silkeborg<\/p>\n<p>[\/et_pb_text][\/et_pb_column][\/et_pb_row][\/et_pb_section]<\/p>\n","protected":false},"excerpt":{"rendered":"<p>Momentbegr\u00e6nser Servoclass kobling Crown geardrev INDUSTRIOMR\u00c5DER Anbefalinger For hj\u00e6lp i design-processen, b\u00f8r du overveje f\u00f8lgende Zero-Max l\u00f8sninger: ServoClass koblinger \u2013 lav inerti, h\u00f8j hastighed, torsionelt stiv sp\u00e6nderingstype hub servo-motor-kobling til kr\u00e6vende applikationer. Schmidt koblinger \u2013 i stand til at transmittere rotationskraft mellem to aksler med 17\u201d parallelforskydning. Momentkapacitet op til 459,000 i-lbs. Justerbare hastighedsdrev\u00a0\u2013 uendeligt [&hellip;]<\/p>\n","protected":false},"author":7,"featured_media":0,"parent":0,"menu_order":0,"comment_status":"closed","ping_status":"closed","template":"","meta":{"_et_pb_use_builder":"on","_et_pb_old_content":"","_et_gb_content_width":"","footnotes":""},"class_list":["post-850","page","type-page","status-publish","hentry"],"yoast_head":"<!-- This site is optimized with the Yoast SEO plugin v27.5 - https:\/\/yoast.com\/product\/yoast-seo-wordpress\/ -->\n<title>Zero-Max A\/S - Automatisering og specialmaskiner - Industriomr\u00e5der.<\/title>\n<meta name=\"description\" content=\"Zero-Max har i mange \u00e5r v\u00e6ret en betroet og godkendt designer af bev\u00e6gelsessystem-produkter til automation og specialmaskineindustrien.\" \/>\n<meta name=\"robots\" content=\"index, follow, max-snippet:-1, max-image-preview:large, max-video-preview:-1\" \/>\n<link rel=\"canonical\" href=\"https:\/\/zero-max.dk\/ro\/automatizare-masini-speciale-da\/\" \/>\n<meta property=\"og:locale\" content=\"ro_RO\" \/>\n<meta property=\"og:type\" content=\"article\" \/>\n<meta property=\"og:title\" content=\"Zero-Max A\/S - Automatisering og specialmaskiner - Industriomr\u00e5der.\" \/>\n<meta property=\"og:description\" content=\"Zero-Max har i mange \u00e5r v\u00e6ret en betroet og godkendt designer af bev\u00e6gelsessystem-produkter til automation og specialmaskineindustrien.\" \/>\n<meta property=\"og:url\" content=\"https:\/\/zero-max.dk\/ro\/automatizare-masini-speciale-da\/\" \/>\n<meta property=\"og:site_name\" content=\"Zero-Max A\/S\" \/>\n<meta property=\"article:modified_time\" content=\"2023-10-05T09:15:42+00:00\" \/>\n<meta name=\"twitter:card\" content=\"summary_large_image\" \/>\n<meta name=\"twitter:label1\" content=\"Timp estimat pentru citire\" \/>\n\t<meta name=\"twitter:data1\" content=\"6 minute\" \/>\n<script type=\"application\/ld+json\" class=\"yoast-schema-graph\">{\"@context\":\"https:\\\/\\\/schema.org\",\"@graph\":[{\"@type\":\"WebPage\",\"@id\":\"https:\\\/\\\/zero-max.dk\\\/automation-specialty-machines-da\\\/\",\"url\":\"https:\\\/\\\/zero-max.dk\\\/automation-specialty-machines-da\\\/\",\"name\":\"Zero-Max A\\\/S - Automatisering og specialmaskiner - Industriomr\u00e5der.\",\"isPartOf\":{\"@id\":\"https:\\\/\\\/zero-max.dk\\\/#website\"},\"datePublished\":\"2019-01-02T16:08:41+00:00\",\"dateModified\":\"2023-10-05T09:15:42+00:00\",\"description\":\"Zero-Max har i mange \u00e5r v\u00e6ret en betroet og godkendt designer af bev\u00e6gelsessystem-produkter til automation og specialmaskineindustrien.\",\"breadcrumb\":{\"@id\":\"https:\\\/\\\/zero-max.dk\\\/automation-specialty-machines-da\\\/#breadcrumb\"},\"inLanguage\":\"ro-RO\",\"potentialAction\":[{\"@type\":\"ReadAction\",\"target\":[\"https:\\\/\\\/zero-max.dk\\\/automation-specialty-machines-da\\\/\"]}]},{\"@type\":\"BreadcrumbList\",\"@id\":\"https:\\\/\\\/zero-max.dk\\\/automation-specialty-machines-da\\\/#breadcrumb\",\"itemListElement\":[{\"@type\":\"ListItem\",\"position\":1,\"name\":\"Hjem\",\"item\":\"https:\\\/\\\/zero-max.dk\\\/\"},{\"@type\":\"ListItem\",\"position\":2,\"name\":\"Automatisering og specialmaskiner\"}]},{\"@type\":\"WebSite\",\"@id\":\"https:\\\/\\\/zero-max.dk\\\/#website\",\"url\":\"https:\\\/\\\/zero-max.dk\\\/\",\"name\":\"Zero-Max A\\\/S\",\"description\":\"\",\"potentialAction\":[{\"@type\":\"SearchAction\",\"target\":{\"@type\":\"EntryPoint\",\"urlTemplate\":\"https:\\\/\\\/zero-max.dk\\\/?s={search_term_string}\"},\"query-input\":{\"@type\":\"PropertyValueSpecification\",\"valueRequired\":true,\"valueName\":\"search_term_string\"}}],\"inLanguage\":\"ro-RO\"}]}<\/script>\n<!-- \/ Yoast SEO plugin. -->","yoast_head_json":{"title":"Zero-Max A\/S - Automatiz\u0103ri \u0219i utilaje specializate - Zone industriale","description":"Zero-Max a fost un proiectant de \u00eencredere \u0219i aprobat de produse de sisteme de mi\u0219care pentru industria de automatizare \u0219i ma\u0219ini speciale timp de mul\u021bi ani.","robots":{"index":"index","follow":"follow","max-snippet":"max-snippet:-1","max-image-preview":"max-image-preview:large","max-video-preview":"max-video-preview:-1"},"canonical":"https:\/\/zero-max.dk\/ro\/automatizare-masini-speciale-da\/","og_locale":"ro_RO","og_type":"article","og_title":"Zero-Max A\/S - Automatisering og specialmaskiner - Industriomr\u00e5der.","og_description":"Zero-Max har i mange \u00e5r v\u00e6ret en betroet og godkendt designer af bev\u00e6gelsessystem-produkter til automation og specialmaskineindustrien.","og_url":"https:\/\/zero-max.dk\/ro\/automatizare-masini-speciale-da\/","og_site_name":"Zero-Max A\/S","article_modified_time":"2023-10-05T09:15:42+00:00","twitter_card":"summary_large_image","twitter_misc":{"Timp estimat pentru citire":"6 minute"},"schema":{"@context":"https:\/\/schema.org","@graph":[{"@type":"WebPage","@id":"https:\/\/zero-max.dk\/automation-specialty-machines-da\/","url":"https:\/\/zero-max.dk\/automation-specialty-machines-da\/","name":"Zero-Max A\/S - Automatiz\u0103ri \u0219i utilaje specializate - Zone industriale","isPartOf":{"@id":"https:\/\/zero-max.dk\/#website"},"datePublished":"2019-01-02T16:08:41+00:00","dateModified":"2023-10-05T09:15:42+00:00","description":"Zero-Max a fost un proiectant de \u00eencredere \u0219i aprobat de produse de sisteme de mi\u0219care pentru industria de automatizare \u0219i ma\u0219ini speciale timp de mul\u021bi ani.","breadcrumb":{"@id":"https:\/\/zero-max.dk\/automation-specialty-machines-da\/#breadcrumb"},"inLanguage":"ro-RO","potentialAction":[{"@type":"ReadAction","target":["https:\/\/zero-max.dk\/automation-specialty-machines-da\/"]}]},{"@type":"BreadcrumbList","@id":"https:\/\/zero-max.dk\/automation-specialty-machines-da\/#breadcrumb","itemListElement":[{"@type":"ListItem","position":1,"name":"Hjem","item":"https:\/\/zero-max.dk\/"},{"@type":"ListItem","position":2,"name":"Automatisering og specialmaskiner"}]},{"@type":"WebSite","@id":"https:\/\/zero-max.dk\/#website","url":"https:\/\/zero-max.dk\/","name":"Zero-Max A\/S","description":"","potentialAction":[{"@type":"SearchAction","target":{"@type":"EntryPoint","urlTemplate":"https:\/\/zero-max.dk\/?s={search_term_string}"},"query-input":{"@type":"PropertyValueSpecification","valueRequired":true,"valueName":"search_term_string"}}],"inLanguage":"ro-RO"}]}},"_links":{"self":[{"href":"https:\/\/zero-max.dk\/ro\/wp-json\/wp\/v2\/pages\/850","targetHints":{"allow":["GET"]}}],"collection":[{"href":"https:\/\/zero-max.dk\/ro\/wp-json\/wp\/v2\/pages"}],"about":[{"href":"https:\/\/zero-max.dk\/ro\/wp-json\/wp\/v2\/types\/page"}],"author":[{"embeddable":true,"href":"https:\/\/zero-max.dk\/ro\/wp-json\/wp\/v2\/users\/7"}],"replies":[{"embeddable":true,"href":"https:\/\/zero-max.dk\/ro\/wp-json\/wp\/v2\/comments?post=850"}],"version-history":[{"count":15,"href":"https:\/\/zero-max.dk\/ro\/wp-json\/wp\/v2\/pages\/850\/revisions"}],"predecessor-version":[{"id":5728,"href":"https:\/\/zero-max.dk\/ro\/wp-json\/wp\/v2\/pages\/850\/revisions\/5728"}],"wp:attachment":[{"href":"https:\/\/zero-max.dk\/ro\/wp-json\/wp\/v2\/media?parent=850"}],"curies":[{"name":"wp","href":"https:\/\/api.w.org\/{rel}","templated":true}]}}