{"id":866,"date":"2019-01-02T17:15:48","date_gmt":"2019-01-02T16:15:48","guid":{"rendered":"https:\/\/zero-max.dk\/?page_id=866"},"modified":"2025-03-20T03:09:14","modified_gmt":"2025-03-20T02:09:14","slug":"cuplaje-flexibile-de-control-da","status":"publish","type":"page","link":"https:\/\/zero-max.dk\/ro\/control-flex-couplings-da\/","title":{"rendered":"Cuplaje flexibile de control"},"content":{"rendered":"<p>[et_pb_section fb_built=&#8221;1&#8243; _builder_version=&#8221;4.21.0&#8243; background_image=&#8221;https:\/\/zero-max.dk\/wp-content\/uploads\/2018\/12\/1152_Control_Top.jpg&#8221; custom_padding=&#8221;8%||&#8221; animation_style=&#8221;zoom&#8221; custom_css_main_element=&#8221;height: 450px;&#8221; border_width_bottom=&#8221;1px&#8221; border_color_bottom=&#8221;#e5e5e5&#8243; global_colors_info=&#8221;{}&#8221;][et_pb_row custom_padding_last_edited=&#8221;on|phone&#8221; _builder_version=&#8221;4.21.0&#8243; custom_padding_tablet=&#8221;&#8221; custom_padding_phone=&#8221;202px||||false|false&#8221; global_colors_info=&#8221;{}&#8221;][et_pb_column type=&#8221;4_4&#8243; _builder_version=&#8221;4.16&#8243; custom_padding=&#8221;|||&#8221; global_colors_info=&#8221;{}&#8221; custom_padding__hover=&#8221;|||&#8221;][et_pb_text _builder_version=&#8221;4.21.0&#8243; text_font=&#8221;Oswald||||||||&#8221; text_text_color=&#8221;#013366&#8243; text_font_size=&#8221;26px&#8221; text_letter_spacing=&#8221;4px&#8221; text_line_height_tablet=&#8221;&#8221; text_line_height_phone=&#8221;1.3em&#8221; text_line_height_last_edited=&#8221;on|phone&#8221; global_colors_info=&#8221;{}&#8221;]<\/p>\n<p>Ideel til kodningsapplikationer<\/p>\n<p>[\/et_pb_text][\/et_pb_column][\/et_pb_row][\/et_pb_section][et_pb_section fb_built=&#8221;1&#8243; disabled_on=&#8221;on|off|off&#8221; _builder_version=&#8221;4.16&#8243; background_color=&#8221;#ffffff&#8221; custom_padding=&#8221;20px||20px&#8221; global_colors_info=&#8221;{}&#8221;][et_pb_row column_structure=&#8221;1_2,1_2&#8243; _builder_version=&#8221;4.16&#8243; global_colors_info=&#8221;{}&#8221;][et_pb_column type=&#8221;1_2&#8243; _builder_version=&#8221;4.16&#8243; custom_padding=&#8221;|||&#8221; global_colors_info=&#8221;{}&#8221; custom_padding__hover=&#8221;|||&#8221;][et_pb_image src=&#8221;https:\/\/zero-max.dk\/wp-content\/uploads\/2018\/12\/Control-Flex.jpg&#8221; align=&#8221;center&#8221; align_tablet=&#8221;center&#8221; align_phone=&#8221;&#8221; align_last_edited=&#8221;on|desktop&#8221; _builder_version=&#8221;4.16&#8243; custom_margin=&#8221;||-12%&#8221; global_colors_info=&#8221;{}&#8221;]<br \/>\n[\/et_pb_image][\/et_pb_column][et_pb_column type=&#8221;1_2&#8243; _builder_version=&#8221;4.16&#8243; custom_padding=&#8221;|||&#8221; global_colors_info=&#8221;{}&#8221; custom_padding__hover=&#8221;|||&#8221;][et_pb_text _builder_version=&#8221;4.16&#8243; header_3_text_color=&#8221;#003366&#8243; global_colors_info=&#8221;{}&#8221;]<\/p>\n<h1>GENNEMTESTET TEKNOLOGI<\/h1>\n<h2>Control Flex\u00ae Koblinger<\/h2>\n<p>Velegnet som enkodere kan Control-Flex\u00aeKoblinger f\u00e5s med sp\u00e6nderingstype ingen tilbageslags nav eller i et forkastet design for en nem udskiftning af fleksible disk. <\/p>\n<p>Control-Flex\u00ae Koblingen blev udviklet for at leve op til de h\u00f8jere krav til ydeevne. For at leve op til disse krav har Zero-Max udviklet en unik Control-Flex\u00ae Disk, der er baseret p\u00e5 et parallelkoblingssystem. P\u00e5 grund af det unikke design er reaktionskraften betydeligt mindre p\u00e5 grund af overf\u00f8rslen af moment og uundg\u00e5elige akselforskydninger n\u00e5r de sammenlignes med almindelige fleksible akselkoblinger.<\/p>\n<p>[\/et_pb_text][et_pb_button button_url=&#8221;https:\/\/zero-max.dk\/wp-content\/uploads\/2019\/01\/ZM-Control-Flex-Couplings-brochure.pdf&#8221; url_new_window=&#8221;on&#8221; button_text=&#8221;DOWNLOAD Katalog &#8211; Control Flex\u00ae Coupling&#8221; _builder_version=&#8221;4.16&#8243; custom_button=&#8221;on&#8221; button_text_color=&#8221;#ffffff&#8221; button_bg_color=&#8221;#003366&#8243; button_border_width=&#8221;4px&#8221; button_border_color=&#8221;#003366&#8243; button_border_radius=&#8221;4px&#8221; global_colors_info=&#8221;{}&#8221;]<br \/>\n[\/et_pb_button][\/et_pb_column][\/et_pb_row][\/et_pb_section][et_pb_section fb_built=&#8221;1&#8243; _builder_version=&#8221;4.16&#8243; background_color=&#8221;#003366&#8243; global_colors_info=&#8221;{}&#8221;][et_pb_row column_structure=&#8221;1_2,1_2&#8243; _builder_version=&#8221;4.21.0&#8243; width_tablet=&#8221;&#8221; width_phone=&#8221;90%&#8221; width_last_edited=&#8221;on|phone&#8221; global_colors_info=&#8221;{}&#8221;][et_pb_column type=&#8221;1_2&#8243; _builder_version=&#8221;4.16&#8243; custom_padding=&#8221;|||&#8221; global_colors_info=&#8221;{}&#8221; custom_padding__hover=&#8221;|||&#8221;][et_pb_text _builder_version=&#8221;4.16&#8243; text_text_color=&#8221;#ffffff&#8221; header_2_text_color=&#8221;#ffffff&#8221; header_3_text_color=&#8221;#003366&#8243; global_colors_info=&#8221;{}&#8221;]<\/p>\n<h2><span class=\"textheading2 mobile-undersized-upper\">EGENSKABER<\/span><\/h2>\n<h2>Control Flex\u00ae Koblinger<\/h2>\n<ul>\n<li>Nem at installere<\/li>\n<li>Pladsbesparende<\/li>\n<li>Ultralav reaktionstid<\/li>\n<li>Stor forskydningskapacitet<\/li>\n<li>Ingen tilbageslag<\/li>\n<li>Vedligeholdelsesfri<\/li>\n<\/ul>\n<p>[\/et_pb_text][\/et_pb_column][et_pb_column type=&#8221;1_2&#8243; _builder_version=&#8221;4.16&#8243; custom_padding=&#8221;|||&#8221; global_colors_info=&#8221;{}&#8221; custom_padding__hover=&#8221;|||&#8221;][et_pb_text _builder_version=&#8221;4.16&#8243; text_text_color=&#8221;#ffffff&#8221; header_2_text_color=&#8221;#ffffff&#8221; header_3_text_color=&#8221;#003366&#8243; global_colors_info=&#8221;{}&#8221;]<\/p>\n<h2>FORDELE<\/h2>\n<h2>Control Flex\u00ae Koblinger<\/h2>\n<p>Control-Flex \u00aeDisk tillader parallelle, vinkel-\u00a0 og aksiale forskydningskapacitet og bibeholder konstant overf\u00f8rsel af moment og vinkelhastighed.<\/p>\n<p>H\u00f8je parallelle, vinkel- og aksiale forskydningskapacitet med betydeligt mindre sidepres p\u00e5 de akselb\u00e6rende pakninger. Dette forl\u00e6nger levetiden for andre maskinkomponenter.<\/p>\n<p>Elektrisk isolerende flekselement hvilket forl\u00e6nger levetiden for andre maskinkomponenter.<\/p>\n<p>Lav v\u00e6gt og inerti reducerer kravene til kraft.<\/p>\n<p>Sp\u00e6nderingstype nav giver ingen tilbageslag til pr\u00e6cisionsdrev<\/p>\n<p>[\/et_pb_text][\/et_pb_column][\/et_pb_row][\/et_pb_section][et_pb_section fb_built=&#8221;1&#8243; _builder_version=&#8221;4.16&#8243; global_colors_info=&#8221;{}&#8221;][et_pb_row column_structure=&#8221;1_3,1_3,1_3&#8243; _builder_version=&#8221;4.21.0&#8243; width_tablet=&#8221;&#8221; width_phone=&#8221;90%&#8221; width_last_edited=&#8221;on|phone&#8221; global_colors_info=&#8221;{}&#8221;][et_pb_column type=&#8221;1_3&#8243; _builder_version=&#8221;4.16&#8243; custom_padding=&#8221;|||&#8221; global_colors_info=&#8221;{}&#8221; custom_padding__hover=&#8221;|||&#8221;][et_pb_blurb image=&#8221;https:\/\/zero-max.dk\/wp-content\/uploads\/2018\/12\/Control-Flex.jpg&#8221; image_icon_width=&#8221;71%&#8221; _builder_version=&#8221;4.16&#8243; text_orientation=&#8221;center&#8221; image_max_width=&#8221;71%&#8221; global_colors_info=&#8221;{}&#8221;]<\/p>\n<p style=\"text-align: center;\">Control-Flex\u00ae Enkelt Diskkobling <br \/>&#8211; Sp\u00e6nderingstype<\/p>\n<p>[\/et_pb_blurb][\/et_pb_column][et_pb_column type=&#8221;1_3&#8243; _builder_version=&#8221;4.16&#8243; custom_padding=&#8221;|||&#8221; global_colors_info=&#8221;{}&#8221; custom_padding__hover=&#8221;|||&#8221;][et_pb_blurb image=&#8221;https:\/\/zero-max.dk\/wp-content\/uploads\/2018\/12\/control-flex_clamp-style2.jpg&#8221; _builder_version=&#8221;4.25.0&#8243; text_orientation=&#8221;center&#8221; global_colors_info=&#8221;{}&#8221;]<\/p>\n<p style=\"text-align: center;\">Control-Flex\u00ae Dobbelt Diskkobling<br \/>&#8211; Sp\u00e6nderingstype<\/p>\n<p>[\/et_pb_blurb][\/et_pb_column][et_pb_column type=&#8221;1_3&#8243; _builder_version=&#8221;4.16&#8243; custom_padding=&#8221;|||&#8221; global_colors_info=&#8221;{}&#8221; custom_padding__hover=&#8221;|||&#8221;][et_pb_blurb image=&#8221;https:\/\/zero-max.dk\/wp-content\/uploads\/2018\/12\/Control_Set-Screw.jpg&#8221; content_max_width=&#8221;261px&#8221; _builder_version=&#8221;4.25.0&#8243; text_orientation=&#8221;center&#8221; custom_margin=&#8221;4%||&#8221; global_colors_info=&#8221;{}&#8221;]<\/p>\n<p style=\"text-align: center;\">Control-Flex\u00ae Bolted Style Diskkobling<br \/>&#8211; Set Screw style<\/p>\n<p>[\/et_pb_blurb][\/et_pb_column][\/et_pb_row][\/et_pb_section][et_pb_section fb_built=&#8221;1&#8243; disabled_on=&#8221;on|on|on&#8221; _builder_version=&#8221;4.6.1&#8243; background_color=&#8221;#003366&#8243; custom_padding=&#8221;0px||0px&#8221; disabled=&#8221;on&#8221; global_module=&#8221;1044&#8243; global_colors_info=&#8221;{}&#8221;][et_pb_row column_structure=&#8221;1_3,1_3,1_3&#8243; _builder_version=&#8221;4.16&#8243; max_width=&#8221;1080px&#8221; global_colors_info=&#8221;{}&#8221;][et_pb_column type=&#8221;1_3&#8243; _builder_version=&#8221;4.16&#8243; custom_padding=&#8221;|||&#8221; global_colors_info=&#8221;{}&#8221; custom_padding__hover=&#8221;|||&#8221;][et_pb_text _builder_version=&#8221;4.16&#8243; header_2_text_align=&#8221;center&#8221; header_2_text_color=&#8221;#99ccff&#8221; header_2_font_size=&#8221;14px&#8221; custom_margin=&#8221;0px||0px&#8221; custom_padding=&#8221;0px||0px&#8221; global_colors_info=&#8221;{}&#8221;]<\/p>\n<h2>Zero Max<\/h2>\n<p>[\/et_pb_text][et_pb_text _builder_version=&#8221;4.16&#8243; text_font=&#8221;||||||||&#8221; header_font=&#8221;||||||||&#8221; background_image=&#8221;https:\/\/zero-max.dk\/wp-content\/uploads\/2018\/12\/Boxes.jpg&#8221; text_orientation=&#8221;center&#8221; custom_margin=&#8221;0px||0px&#8221; custom_padding=&#8221;10px|20px|26px|20px&#8221; border_width_all=&#8221;1px&#8221; border_color_all=&#8221;#ffffff&#8221; global_colors_info=&#8221;{}&#8221;]<\/p>\n<p>Our gobal perspektive makes it possible to provide our customer with quality products at competitive pricing to any location<\/p>\n<p>[\/et_pb_text][\/et_pb_column][et_pb_column type=&#8221;1_3&#8243; _builder_version=&#8221;4.16&#8243; custom_padding=&#8221;|||&#8221; global_colors_info=&#8221;{}&#8221; custom_padding__hover=&#8221;|||&#8221;][et_pb_text _builder_version=&#8221;4.16&#8243; header_2_text_align=&#8221;center&#8221; header_2_text_color=&#8221;#99ccff&#8221; header_2_font_size=&#8221;14px&#8221; custom_margin=&#8221;0px||0px&#8221; custom_padding=&#8221;0px||0px&#8221; global_colors_info=&#8221;{}&#8221;]<\/p>\n<h2>World-Leading Expert !<\/h2>\n<p>[\/et_pb_text][et_pb_text _builder_version=&#8221;4.16&#8243; text_font=&#8221;||||||||&#8221; header_font=&#8221;||||||||&#8221; background_image=&#8221;https:\/\/zero-max.dk\/wp-content\/uploads\/2018\/12\/Boxes.jpg&#8221; text_orientation=&#8221;center&#8221; custom_margin=&#8221;0px||0px&#8221; custom_padding=&#8221;10px|20px|25px|20px&#8221; border_width_all=&#8221;1px&#8221; border_color_all=&#8221;#ffffff&#8221; global_colors_info=&#8221;{}&#8221;]<\/p>\n<p>Zero-Max combines decades of industry leading experience with unparalleled expertise in motion control solutions<\/p>\n<p>[\/et_pb_text][\/et_pb_column][et_pb_column type=&#8221;1_3&#8243; _builder_version=&#8221;4.16&#8243; custom_padding=&#8221;|||&#8221; global_colors_info=&#8221;{}&#8221; custom_padding__hover=&#8221;|||&#8221;][et_pb_text _builder_version=&#8221;4.16&#8243; header_2_text_align=&#8221;center&#8221; header_2_text_color=&#8221;#99ccff&#8221; header_2_font_size=&#8221;14px&#8221; custom_margin=&#8221;0px||0px&#8221; custom_padding=&#8221;0px||0px&#8221; global_colors_info=&#8221;{}&#8221;]<\/p>\n<h2>Get in touch!<\/h2>\n<p>[\/et_pb_text][et_pb_text _builder_version=&#8221;4.16&#8243; text_font=&#8221;||||||||&#8221; header_font=&#8221;||||||||&#8221; background_image=&#8221;https:\/\/zero-max.dk\/wp-content\/uploads\/2018\/12\/Boxes.jpg&#8221; text_orientation=&#8221;center&#8221; custom_margin=&#8221;0px||0px&#8221; custom_padding=&#8221;10px|10px|10px|10px&#8221; border_width_all=&#8221;1px&#8221; border_color_all=&#8221;#ffffff&#8221; global_colors_info=&#8221;{}&#8221;]<\/p>\n<p>Zero-Max A\/S<br \/>Mail: ext@zero-max.dk <br \/>Haarup Tvaevej 1<br \/>DK &#8211; 8600 Silkeborg<\/p>\n<p>[\/et_pb_text][\/et_pb_column][\/et_pb_row][\/et_pb_section]<\/p>\n","protected":false},"excerpt":{"rendered":"<p>Ideel til kodningsapplikationer GENNEMTESTET TEKNOLOGI Control Flex\u00ae Koblinger Velegnet som enkodere kan Control-Flex\u00aeKoblinger f\u00e5s med sp\u00e6nderingstype ingen tilbageslags nav eller i et forkastet design for en nem udskiftning af fleksible disk. Control-Flex\u00ae Koblingen blev udviklet for at leve op til de h\u00f8jere krav til ydeevne. For at leve op til disse krav har Zero-Max udviklet [&hellip;]<\/p>\n","protected":false},"author":7,"featured_media":0,"parent":0,"menu_order":0,"comment_status":"closed","ping_status":"closed","template":"","meta":{"_et_pb_use_builder":"on","_et_pb_old_content":"","_et_gb_content_width":"","footnotes":""},"class_list":["post-866","page","type-page","status-publish","hentry"],"yoast_head":"<!-- This site is optimized with the Yoast SEO plugin v27.5 - https:\/\/yoast.com\/product\/yoast-seo-wordpress\/ -->\n<title>Control Flex\u00ae Koblinger | Pr\u00e6cision &amp; lav reaktionskraft | Zero-Max A\/S<\/title>\n<meta name=\"description\" content=\"Control Flex\u00ae koblinger sikrer pr\u00e6cis momentoverf\u00f8rsel og minimal reaktionskraft. Ideelle til encoder-applikationer. L\u00e6s mere hos Zero-Max!\" \/>\n<meta name=\"robots\" content=\"index, follow, max-snippet:-1, max-image-preview:large, max-video-preview:-1\" \/>\n<link rel=\"canonical\" href=\"https:\/\/zero-max.dk\/ro\/cuplaje-flexibile-de-control-da\/\" \/>\n<meta property=\"og:locale\" content=\"ro_RO\" \/>\n<meta property=\"og:type\" content=\"article\" \/>\n<meta property=\"og:title\" content=\"Control Flex\u00ae Koblinger | Pr\u00e6cision &amp; lav reaktionskraft | Zero-Max A\/S\" \/>\n<meta property=\"og:description\" content=\"Control Flex\u00ae koblinger sikrer pr\u00e6cis momentoverf\u00f8rsel og minimal reaktionskraft. Ideelle til encoder-applikationer. L\u00e6s mere hos Zero-Max!\" \/>\n<meta property=\"og:url\" content=\"https:\/\/zero-max.dk\/ro\/cuplaje-flexibile-de-control-da\/\" \/>\n<meta property=\"og:site_name\" content=\"Zero-Max A\/S\" \/>\n<meta property=\"article:modified_time\" content=\"2025-03-20T02:09:14+00:00\" \/>\n<meta name=\"twitter:card\" content=\"summary_large_image\" \/>\n<meta name=\"twitter:label1\" content=\"Timp estimat pentru citire\" \/>\n\t<meta name=\"twitter:data1\" content=\"2 minute\" \/>\n<script type=\"application\/ld+json\" class=\"yoast-schema-graph\">{\"@context\":\"https:\\\/\\\/schema.org\",\"@graph\":[{\"@type\":\"WebPage\",\"@id\":\"https:\\\/\\\/zero-max.dk\\\/control-flex-couplings-da\\\/\",\"url\":\"https:\\\/\\\/zero-max.dk\\\/control-flex-couplings-da\\\/\",\"name\":\"Control Flex\u00ae Koblinger | Pr\u00e6cision & lav reaktionskraft | Zero-Max A\\\/S\",\"isPartOf\":{\"@id\":\"https:\\\/\\\/zero-max.dk\\\/#website\"},\"datePublished\":\"2019-01-02T16:15:48+00:00\",\"dateModified\":\"2025-03-20T02:09:14+00:00\",\"description\":\"Control Flex\u00ae koblinger sikrer pr\u00e6cis momentoverf\u00f8rsel og minimal reaktionskraft. Ideelle til encoder-applikationer. L\u00e6s mere hos Zero-Max!\",\"breadcrumb\":{\"@id\":\"https:\\\/\\\/zero-max.dk\\\/control-flex-couplings-da\\\/#breadcrumb\"},\"inLanguage\":\"ro-RO\",\"potentialAction\":[{\"@type\":\"ReadAction\",\"target\":[\"https:\\\/\\\/zero-max.dk\\\/control-flex-couplings-da\\\/\"]}]},{\"@type\":\"BreadcrumbList\",\"@id\":\"https:\\\/\\\/zero-max.dk\\\/control-flex-couplings-da\\\/#breadcrumb\",\"itemListElement\":[{\"@type\":\"ListItem\",\"position\":1,\"name\":\"Hjem\",\"item\":\"https:\\\/\\\/zero-max.dk\\\/\"},{\"@type\":\"ListItem\",\"position\":2,\"name\":\"Control Flex Koblinger\"}]},{\"@type\":\"WebSite\",\"@id\":\"https:\\\/\\\/zero-max.dk\\\/#website\",\"url\":\"https:\\\/\\\/zero-max.dk\\\/\",\"name\":\"Zero-Max A\\\/S\",\"description\":\"\",\"potentialAction\":[{\"@type\":\"SearchAction\",\"target\":{\"@type\":\"EntryPoint\",\"urlTemplate\":\"https:\\\/\\\/zero-max.dk\\\/?s={search_term_string}\"},\"query-input\":{\"@type\":\"PropertyValueSpecification\",\"valueRequired\":true,\"valueName\":\"search_term_string\"}}],\"inLanguage\":\"ro-RO\"}]}<\/script>\n<!-- \/ Yoast SEO plugin. -->","yoast_head_json":{"title":"Cuplaje Control Flex\u00ae | Precizie \u0219i for\u021b\u0103 de reac\u021bie redus\u0103 | Zero-Max A\/S","description":"Cuplajele Control Flex\u00ae asigur\u0103 un transfer precis al cuplului \u0219i o for\u021b\u0103 de reac\u021bie minim\u0103. Ideale pentru aplica\u021bii cu encodere. Citi\u021bi mai multe la Zero-Max!","robots":{"index":"index","follow":"follow","max-snippet":"max-snippet:-1","max-image-preview":"max-image-preview:large","max-video-preview":"max-video-preview:-1"},"canonical":"https:\/\/zero-max.dk\/ro\/cuplaje-flexibile-de-control-da\/","og_locale":"ro_RO","og_type":"article","og_title":"Control Flex\u00ae Koblinger | Pr\u00e6cision & lav reaktionskraft | Zero-Max A\/S","og_description":"Control Flex\u00ae koblinger sikrer pr\u00e6cis momentoverf\u00f8rsel og minimal reaktionskraft. Ideelle til encoder-applikationer. L\u00e6s mere hos Zero-Max!","og_url":"https:\/\/zero-max.dk\/ro\/cuplaje-flexibile-de-control-da\/","og_site_name":"Zero-Max A\/S","article_modified_time":"2025-03-20T02:09:14+00:00","twitter_card":"summary_large_image","twitter_misc":{"Timp estimat pentru citire":"2 minute"},"schema":{"@context":"https:\/\/schema.org","@graph":[{"@type":"WebPage","@id":"https:\/\/zero-max.dk\/control-flex-couplings-da\/","url":"https:\/\/zero-max.dk\/control-flex-couplings-da\/","name":"Cuplaje Control Flex\u00ae | Precizie \u0219i for\u021b\u0103 de reac\u021bie redus\u0103 | Zero-Max A\/S","isPartOf":{"@id":"https:\/\/zero-max.dk\/#website"},"datePublished":"2019-01-02T16:15:48+00:00","dateModified":"2025-03-20T02:09:14+00:00","description":"Cuplajele Control Flex\u00ae asigur\u0103 un transfer precis al cuplului \u0219i o for\u021b\u0103 de reac\u021bie minim\u0103. Ideale pentru aplica\u021bii cu encodere. Citi\u021bi mai multe la Zero-Max!","breadcrumb":{"@id":"https:\/\/zero-max.dk\/control-flex-couplings-da\/#breadcrumb"},"inLanguage":"ro-RO","potentialAction":[{"@type":"ReadAction","target":["https:\/\/zero-max.dk\/control-flex-couplings-da\/"]}]},{"@type":"BreadcrumbList","@id":"https:\/\/zero-max.dk\/control-flex-couplings-da\/#breadcrumb","itemListElement":[{"@type":"ListItem","position":1,"name":"Hjem","item":"https:\/\/zero-max.dk\/"},{"@type":"ListItem","position":2,"name":"Control Flex Koblinger"}]},{"@type":"WebSite","@id":"https:\/\/zero-max.dk\/#website","url":"https:\/\/zero-max.dk\/","name":"Zero-Max A\/S","description":"","potentialAction":[{"@type":"SearchAction","target":{"@type":"EntryPoint","urlTemplate":"https:\/\/zero-max.dk\/?s={search_term_string}"},"query-input":{"@type":"PropertyValueSpecification","valueRequired":true,"valueName":"search_term_string"}}],"inLanguage":"ro-RO"}]}},"_links":{"self":[{"href":"https:\/\/zero-max.dk\/ro\/wp-json\/wp\/v2\/pages\/866","targetHints":{"allow":["GET"]}}],"collection":[{"href":"https:\/\/zero-max.dk\/ro\/wp-json\/wp\/v2\/pages"}],"about":[{"href":"https:\/\/zero-max.dk\/ro\/wp-json\/wp\/v2\/types\/page"}],"author":[{"embeddable":true,"href":"https:\/\/zero-max.dk\/ro\/wp-json\/wp\/v2\/users\/7"}],"replies":[{"embeddable":true,"href":"https:\/\/zero-max.dk\/ro\/wp-json\/wp\/v2\/comments?post=866"}],"version-history":[{"count":20,"href":"https:\/\/zero-max.dk\/ro\/wp-json\/wp\/v2\/pages\/866\/revisions"}],"predecessor-version":[{"id":6116,"href":"https:\/\/zero-max.dk\/ro\/wp-json\/wp\/v2\/pages\/866\/revisions\/6116"}],"wp:attachment":[{"href":"https:\/\/zero-max.dk\/ro\/wp-json\/wp\/v2\/media?parent=866"}],"curies":[{"name":"wp","href":"https:\/\/api.w.org\/{rel}","templated":true}]}}