{"id":895,"date":"2019-01-02T17:26:40","date_gmt":"2019-01-02T16:26:40","guid":{"rendered":"https:\/\/zero-max.dk\/?page_id=895"},"modified":"2025-03-20T03:12:22","modified_gmt":"2025-03-20T02:12:22","slug":"cuplaje-flex-pentru-anvelope-da","status":"publish","type":"page","link":"https:\/\/zero-max.dk\/ro\/flex-tire-couplings-da\/","title":{"rendered":"Racorduri pentru anvelope"},"content":{"rendered":"<p>[et_pb_section fb_built=&#8221;1&#8243; _builder_version=&#8221;4.21.0&#8243; background_image=&#8221;https:\/\/zero-max.dk\/wp-content\/uploads\/2018\/12\/1152-Tire-Tops.jpg&#8221; custom_padding=&#8221;8%||||false|false&#8221; animation_style=&#8221;zoom&#8221; custom_css_main_element=&#8221;height: 450px;&#8221; border_width_bottom=&#8221;1px&#8221; border_color_bottom=&#8221;#e5e5e5&#8243; global_colors_info=&#8221;{}&#8221;][et_pb_row _builder_version=&#8221;4.21.0&#8243; width_tablet=&#8221;41%&#8221; width_phone=&#8221;41%&#8221; width_last_edited=&#8221;on|tablet&#8221; custom_margin=&#8221;||||false|false&#8221; custom_margin_tablet=&#8221;||||false|false&#8221; custom_margin_phone=&#8221;||||false|false&#8221; custom_margin_last_edited=&#8221;on|tablet&#8221; custom_padding=&#8221;|13px|||false|false&#8221; module_alignment_tablet=&#8221;right&#8221; module_alignment_phone=&#8221;right&#8221; module_alignment_last_edited=&#8221;on|tablet&#8221; global_colors_info=&#8221;{}&#8221;][et_pb_column type=&#8221;4_4&#8243; _builder_version=&#8221;4.16&#8243; custom_padding=&#8221;|||&#8221; global_colors_info=&#8221;{}&#8221; custom_padding__hover=&#8221;|||&#8221;][et_pb_text _builder_version=&#8221;4.21.0&#8243; text_font=&#8221;Oswald||||||||&#8221; text_text_color=&#8221;#013366&#8243; text_font_size=&#8221;26px&#8221; text_letter_spacing=&#8221;4px&#8221; text_line_height_tablet=&#8221;1.3em&#8221; text_line_height_phone=&#8221;1.3em&#8221; text_line_height_last_edited=&#8221;on|tablet&#8221; global_colors_info=&#8221;{}&#8221;]<\/p>\n<p style=\"text-align: right;\">N\u00e5r det er n\u00f8dvendigt med fuld kraft<\/p>\n<p>[\/et_pb_text][\/et_pb_column][\/et_pb_row][\/et_pb_section][et_pb_section fb_built=&#8221;1&#8243; disabled_on=&#8221;on|off|off&#8221; _builder_version=&#8221;4.16&#8243; background_color=&#8221;#ffffff&#8221; custom_padding=&#8221;20px||20px&#8221; global_colors_info=&#8221;{}&#8221;][et_pb_row column_structure=&#8221;1_2,1_2&#8243; _builder_version=&#8221;4.16&#8243; global_colors_info=&#8221;{}&#8221;][et_pb_column type=&#8221;1_2&#8243; _builder_version=&#8221;4.16&#8243; custom_padding=&#8221;4%|||&#8221; global_colors_info=&#8221;{}&#8221; custom_padding__hover=&#8221;|||&#8221;][et_pb_image src=&#8221;https:\/\/zero-max.dk\/wp-content\/uploads\/2018\/12\/Tire.jpg&#8221; align=&#8221;center&#8221; align_tablet=&#8221;center&#8221; align_phone=&#8221;&#8221; align_last_edited=&#8221;on|desktop&#8221; _builder_version=&#8221;4.16&#8243; custom_margin=&#8221;||-12%&#8221; global_colors_info=&#8221;{}&#8221;][\/et_pb_image][\/et_pb_column][et_pb_column type=&#8221;1_2&#8243; _builder_version=&#8221;4.16&#8243; custom_padding=&#8221;|||&#8221; global_colors_info=&#8221;{}&#8221; custom_padding__hover=&#8221;|||&#8221;][et_pb_text _builder_version=&#8221;4.21.0&#8243; header_3_text_color=&#8221;#003366&#8243; custom_padding_tablet=&#8221;38px||||false|false&#8221; custom_padding_phone=&#8221;38px||||false|false&#8221; custom_padding_last_edited=&#8221;on|tablet&#8221; global_colors_info=&#8221;{}&#8221;]<\/p>\n<h1>Gennemtestet teknologi<\/h1>\n<h2><span class=\"textheading2 mobile-undersized-upper\">D\u00e6kkoblinger<\/span><\/h2>\n<p>D\u00e6kakselkoblinger giver alle fordele, der kan forventes af en ideel fleksibel kobling.<\/p>\n<p>D\u00e6kakselkoblinger er en meget fleksibel d\u00e6kkobling, der p\u00e5 grund af dens s\u00e6rlige opbygning kan klare en ekstrem forskydning ved en lav genopretningskraft i hver retning uden at dette bem\u00e6rkes.<\/p>\n<p>D\u00e6kakselkoblinger er en torsionel fleksibel kobling, der giver en lang r\u00e6kke muligheder af applikationer for de tekniske designere og ingeni\u00f8rerne ved at kombinere de forskellige typer st\u00e5lflanger til mange forskellige applikationer.<\/p>\n<p>[\/et_pb_text][et_pb_button button_url=&#8221;https:\/\/zero-max.dk\/wp-content\/uploads\/2018\/12\/Flex-Tire-Coupling.pdf&#8221; url_new_window=&#8221;on&#8221; button_text=&#8221;DOWNLOAD Katalog &#8211; Flex Tire Coupling&#8221; _builder_version=&#8221;4.16&#8243; custom_button=&#8221;on&#8221; button_text_color=&#8221;#ffffff&#8221; button_bg_color=&#8221;#003366&#8243; button_border_width=&#8221;4px&#8221; button_border_color=&#8221;#003366&#8243; button_border_radius=&#8221;4px&#8221; global_colors_info=&#8221;{}&#8221;][\/et_pb_button][\/et_pb_column][\/et_pb_row][\/et_pb_section][et_pb_section fb_built=&#8221;1&#8243; _builder_version=&#8221;4.16&#8243; background_color=&#8221;#003366&#8243; global_colors_info=&#8221;{}&#8221;][et_pb_row column_structure=&#8221;1_2,1_2&#8243; _builder_version=&#8221;4.16&#8243; global_colors_info=&#8221;{}&#8221;][et_pb_column type=&#8221;1_2&#8243; _builder_version=&#8221;4.16&#8243; custom_padding=&#8221;|||&#8221; global_colors_info=&#8221;{}&#8221; custom_padding__hover=&#8221;|||&#8221;][et_pb_text _builder_version=&#8221;4.16&#8243; text_text_color=&#8221;#ffffff&#8221; header_2_text_color=&#8221;#ffffff&#8221; header_3_text_color=&#8221;#003366&#8243; global_colors_info=&#8221;{}&#8221;]<\/p>\n<h2><span class=\"textheading2 mobile-undersized-upper\">Egenskaber<\/span><\/h2>\n<h2>D\u00e6kkoblinger<\/h2>\n<ul>\n<li>Flanger tilbydes med: taper b\u00f8sning eller boret p\u00e5 m\u00e5l<\/li>\n<li>Komponenter \u2013 kombineret, som det er n\u00f8dvendigt.<\/li>\n<li>Maksimal kraft 4,500-1,000 min<\/li>\n<li>Maksimalt moment fra 64 &#8211; 42,740 Nm<\/li>\n<\/ul>\n<p>[\/et_pb_text][\/et_pb_column][et_pb_column type=&#8221;1_2&#8243; _builder_version=&#8221;4.16&#8243; custom_padding=&#8221;|||&#8221; global_colors_info=&#8221;{}&#8221; custom_padding__hover=&#8221;|||&#8221;][et_pb_blurb image=&#8221;https:\/\/zero-max.dk\/wp-content\/uploads\/2018\/12\/competitive.png&#8221; _builder_version=&#8221;4.16&#8243; body_font_size=&#8221;24px&#8221; text_orientation=&#8221;center&#8221; background_layout=&#8221;dark&#8221; global_colors_info=&#8221;{}&#8221;]<\/p>\n<p>Fordele<\/p>\n<p>[\/et_pb_blurb][\/et_pb_column][\/et_pb_row][\/et_pb_section][et_pb_section fb_built=&#8221;1&#8243; _builder_version=&#8221;4.16&#8243; global_colors_info=&#8221;{}&#8221;][et_pb_row _builder_version=&#8221;4.16&#8243; global_colors_info=&#8221;{}&#8221;][et_pb_column type=&#8221;4_4&#8243; _builder_version=&#8221;4.16&#8243; custom_padding=&#8221;|||&#8221; global_colors_info=&#8221;{}&#8221; custom_padding__hover=&#8221;|||&#8221;][et_pb_text _builder_version=&#8221;4.16&#8243; text_text_color=&#8221;#000000&#8243; header_text_color=&#8221;#000000&#8243; header_2_text_color=&#8221;#000000&#8243; header_3_text_color=&#8221;#003366&#8243; global_colors_info=&#8221;{}&#8221;]<\/p>\n<h2>FORDELE<\/h2>\n<h2>D\u00e6kkoblinger<\/h2>\n<p>P\u00e5 grund af en fabriksindstilling kan d\u00e6kket i henhold til standarden samles radialt og adskilles uden at skifte de forbundne motorer. <\/p>\n<p>Indeni er d\u00e6kket bekl\u00e6dt med naturligt gummi eller neopren, der kan modst\u00e5 ild og olie, og det bruges ogs\u00e5 til opgaver i henhold til direktiv 94\/9\/EG (ATEX)<br \/>D\u00e6k lavet af naturligt gummi er velegnede til omgivelsestemperaturer fra -50\u00b0C til +50\u00b0C.<br \/>D\u00e6k med ATEX er velegnede til omgivelsestemperaturer fra -15\u00b0C til +70\u00b0C.<\/p>\n<p>[\/et_pb_text][\/et_pb_column][\/et_pb_row][\/et_pb_section][et_pb_section fb_built=&#8221;1&#8243; disabled_on=&#8221;on|on|on&#8221; _builder_version=&#8221;4.21.0&#8243; background_color=&#8221;#003366&#8243; custom_padding=&#8221;0px||0px&#8221; disabled=&#8221;on&#8221; global_module=&#8221;1102&#8243; saved_tabs=&#8221;all&#8221; global_colors_info=&#8221;{}&#8221;][et_pb_row column_structure=&#8221;1_3,1_3,1_3&#8243; _builder_version=&#8221;4.16&#8243; global_colors_info=&#8221;{}&#8221;][et_pb_column type=&#8221;1_3&#8243; _builder_version=&#8221;4.16&#8243; custom_padding=&#8221;|||&#8221; global_colors_info=&#8221;{}&#8221; custom_padding__hover=&#8221;|||&#8221;][et_pb_text admin_label=&#8221;Tekst&#8221; _builder_version=&#8221;4.16&#8243; header_2_text_align=&#8221;center&#8221; header_2_text_color=&#8221;#99ccff&#8221; header_2_font_size=&#8221;14px&#8221; custom_margin=&#8221;0px||0px&#8221; custom_padding=&#8221;0px||0px&#8221; global_colors_info=&#8221;{}&#8221;]<\/p>\n<h2>Zero Max &#8211; Industri<\/h2>\n<p>[\/et_pb_text][et_pb_text _builder_version=&#8221;4.16&#8243; background_image=&#8221;https:\/\/zero-max.dk\/wp-content\/uploads\/2018\/12\/Boxes.jpg&#8221; text_orientation=&#8221;center&#8221; custom_margin=&#8221;0px||0px&#8221; custom_padding=&#8221;10px|20px|26px|20px&#8221; border_width_all=&#8221;1px&#8221; border_color_all=&#8221;#ffffff&#8221; global_colors_info=&#8221;{}&#8221;]<\/p>\n<p>Hurtighed, pr\u00e6cision og driftssikkerhed? Overvej en l\u00f8sning fra Zero-Max<\/p>\n<p>[\/et_pb_text][\/et_pb_column][et_pb_column type=&#8221;1_3&#8243; _builder_version=&#8221;4.16&#8243; custom_padding=&#8221;|||&#8221; global_colors_info=&#8221;{}&#8221; custom_padding__hover=&#8221;|||&#8221;][et_pb_text _builder_version=&#8221;4.16&#8243; header_2_text_align=&#8221;center&#8221; header_2_text_color=&#8221;#99ccff&#8221; header_2_font_size=&#8221;14px&#8221; custom_margin=&#8221;0px||0px&#8221; custom_padding=&#8221;0px||0px&#8221; global_colors_info=&#8221;{}&#8221;]<\/p>\n<h2>Zero Max \u2013 Landbrug<\/h2>\n<p>[\/et_pb_text][et_pb_text _builder_version=&#8221;4.16&#8243; background_image=&#8221;https:\/\/zero-max.dk\/wp-content\/uploads\/2018\/12\/Boxes.jpg&#8221; text_orientation=&#8221;center&#8221; custom_margin=&#8221;0px||0px&#8221; custom_padding=&#8221;10px|20px|25px|20px&#8221; border_width_all=&#8221;1px&#8221; border_color_all=&#8221;#ffffff&#8221; global_colors_info=&#8221;{}&#8221;]<\/p>\n<p>St\u00f8rre, tungere, hurtigere? Driftssikker?<br \/>Kundespecifikt designet hos Zero-Max!<\/p>\n<p>[\/et_pb_text][\/et_pb_column][et_pb_column type=&#8221;1_3&#8243; _builder_version=&#8221;4.16&#8243; custom_padding=&#8221;|||&#8221; global_colors_info=&#8221;{}&#8221; custom_padding__hover=&#8221;|||&#8221;][et_pb_text _builder_version=&#8221;4.16&#8243; header_2_text_align=&#8221;center&#8221; header_2_text_color=&#8221;#99ccff&#8221; header_2_font_size=&#8221;14px&#8221; custom_margin=&#8221;0px||0px&#8221; custom_padding=&#8221;0px||0px&#8221; global_colors_info=&#8221;{}&#8221;]<\/p>\n<h2>Zero Max \u2013 Energi<\/h2>\n<p>[\/et_pb_text][et_pb_text admin_label=&#8221;Text&#8221; _builder_version=&#8221;4.16&#8243; background_image=&#8221;https:\/\/zero-max.dk\/wp-content\/uploads\/2018\/12\/Boxes.jpg&#8221; text_orientation=&#8221;center&#8221; custom_margin=&#8221;0px||0px&#8221; custom_padding=&#8221;10px|10px|10px|10px&#8221; border_width_all=&#8221;1px&#8221; border_color_all=&#8221;#ffffff&#8221; global_colors_info=&#8221;{}&#8221;]<\/p>\n<p>St\u00e6rk ydeevne i ekstrem vind? <br \/>Skiftende klimabetingelserne?<br \/>Zero-Max skaber l\u00f8sningen for dig!<\/p>\n<p>[\/et_pb_text][\/et_pb_column][\/et_pb_row][\/et_pb_section]<\/p>\n","protected":false},"excerpt":{"rendered":"<p>N\u00e5r det er n\u00f8dvendigt med fuld kraftGennemtestet teknologi D\u00e6kkoblinger D\u00e6kakselkoblinger giver alle fordele, der kan forventes af en ideel fleksibel kobling. D\u00e6kakselkoblinger er en meget fleksibel d\u00e6kkobling, der p\u00e5 grund af dens s\u00e6rlige opbygning kan klare en ekstrem forskydning ved en lav genopretningskraft i hver retning uden at dette bem\u00e6rkes. D\u00e6kakselkoblinger er en torsionel fleksibel [&hellip;]<\/p>\n","protected":false},"author":7,"featured_media":0,"parent":0,"menu_order":0,"comment_status":"closed","ping_status":"closed","template":"","meta":{"_et_pb_use_builder":"on","_et_pb_old_content":"","_et_gb_content_width":"","footnotes":""},"class_list":["post-895","page","type-page","status-publish","hentry"],"yoast_head":"<!-- This site is optimized with the Yoast SEO plugin v27.5 - https:\/\/yoast.com\/product\/yoast-seo-wordpress\/ -->\n<title>D\u00e6kkoblinger | Fleksible &amp; slidst\u00e6rke | Zero-Max A\/S<\/title>\n<meta name=\"description\" content=\"D\u00e6kkoblinger fra Zero-Max A\/S sikrer fleksibilitet, torsionsstivhed og lav genopretningskraft. Ideelle til kr\u00e6vende applikationer. L\u00e6s mere her!\" \/>\n<meta name=\"robots\" content=\"index, follow, max-snippet:-1, max-image-preview:large, max-video-preview:-1\" \/>\n<link rel=\"canonical\" href=\"https:\/\/zero-max.dk\/ro\/cuplaje-flex-pentru-anvelope-da\/\" \/>\n<meta property=\"og:locale\" content=\"ro_RO\" \/>\n<meta property=\"og:type\" content=\"article\" \/>\n<meta property=\"og:title\" content=\"D\u00e6kkoblinger | Fleksible &amp; slidst\u00e6rke | Zero-Max A\/S\" \/>\n<meta property=\"og:description\" content=\"D\u00e6kkoblinger fra Zero-Max A\/S sikrer fleksibilitet, torsionsstivhed og lav genopretningskraft. Ideelle til kr\u00e6vende applikationer. L\u00e6s mere her!\" \/>\n<meta property=\"og:url\" content=\"https:\/\/zero-max.dk\/ro\/cuplaje-flex-pentru-anvelope-da\/\" \/>\n<meta property=\"og:site_name\" content=\"Zero-Max A\/S\" \/>\n<meta property=\"article:modified_time\" content=\"2025-03-20T02:12:22+00:00\" \/>\n<meta name=\"twitter:card\" content=\"summary_large_image\" \/>\n<meta name=\"twitter:label1\" content=\"Timp estimat pentru citire\" \/>\n\t<meta name=\"twitter:data1\" content=\"2 minute\" \/>\n<script type=\"application\/ld+json\" class=\"yoast-schema-graph\">{\"@context\":\"https:\\\/\\\/schema.org\",\"@graph\":[{\"@type\":\"WebPage\",\"@id\":\"https:\\\/\\\/zero-max.dk\\\/flex-tire-couplings-da\\\/\",\"url\":\"https:\\\/\\\/zero-max.dk\\\/flex-tire-couplings-da\\\/\",\"name\":\"D\u00e6kkoblinger | Fleksible & slidst\u00e6rke | Zero-Max A\\\/S\",\"isPartOf\":{\"@id\":\"https:\\\/\\\/zero-max.dk\\\/#website\"},\"datePublished\":\"2019-01-02T16:26:40+00:00\",\"dateModified\":\"2025-03-20T02:12:22+00:00\",\"description\":\"D\u00e6kkoblinger fra Zero-Max A\\\/S sikrer fleksibilitet, torsionsstivhed og lav genopretningskraft. Ideelle til kr\u00e6vende applikationer. L\u00e6s mere her!\",\"breadcrumb\":{\"@id\":\"https:\\\/\\\/zero-max.dk\\\/flex-tire-couplings-da\\\/#breadcrumb\"},\"inLanguage\":\"ro-RO\",\"potentialAction\":[{\"@type\":\"ReadAction\",\"target\":[\"https:\\\/\\\/zero-max.dk\\\/flex-tire-couplings-da\\\/\"]}]},{\"@type\":\"BreadcrumbList\",\"@id\":\"https:\\\/\\\/zero-max.dk\\\/flex-tire-couplings-da\\\/#breadcrumb\",\"itemListElement\":[{\"@type\":\"ListItem\",\"position\":1,\"name\":\"Hjem\",\"item\":\"https:\\\/\\\/zero-max.dk\\\/\"},{\"@type\":\"ListItem\",\"position\":2,\"name\":\"D\u00e6kkoblinger\"}]},{\"@type\":\"WebSite\",\"@id\":\"https:\\\/\\\/zero-max.dk\\\/#website\",\"url\":\"https:\\\/\\\/zero-max.dk\\\/\",\"name\":\"Zero-Max A\\\/S\",\"description\":\"\",\"potentialAction\":[{\"@type\":\"SearchAction\",\"target\":{\"@type\":\"EntryPoint\",\"urlTemplate\":\"https:\\\/\\\/zero-max.dk\\\/?s={search_term_string}\"},\"query-input\":{\"@type\":\"PropertyValueSpecification\",\"valueRequired\":true,\"valueName\":\"search_term_string\"}}],\"inLanguage\":\"ro-RO\"}]}<\/script>\n<!-- \/ Yoast SEO plugin. -->","yoast_head_json":{"title":"Racorduri pentru anvelope | Flexibile \u0219i durabile | Zero-Max A\/S","description":"Cuplajele pentru anvelope de la Zero-Max A\/S asigur\u0103 flexibilitate, rigiditate torsional\u0103 \u0219i for\u021b\u0103 redus\u0103 de recuperare. Ideale pentru aplica\u021bii solicitante. Citi\u021bi mai multe aici!","robots":{"index":"index","follow":"follow","max-snippet":"max-snippet:-1","max-image-preview":"max-image-preview:large","max-video-preview":"max-video-preview:-1"},"canonical":"https:\/\/zero-max.dk\/ro\/cuplaje-flex-pentru-anvelope-da\/","og_locale":"ro_RO","og_type":"article","og_title":"D\u00e6kkoblinger | Fleksible & slidst\u00e6rke | Zero-Max A\/S","og_description":"D\u00e6kkoblinger fra Zero-Max A\/S sikrer fleksibilitet, torsionsstivhed og lav genopretningskraft. Ideelle til kr\u00e6vende applikationer. L\u00e6s mere her!","og_url":"https:\/\/zero-max.dk\/ro\/cuplaje-flex-pentru-anvelope-da\/","og_site_name":"Zero-Max A\/S","article_modified_time":"2025-03-20T02:12:22+00:00","twitter_card":"summary_large_image","twitter_misc":{"Timp estimat pentru citire":"2 minute"},"schema":{"@context":"https:\/\/schema.org","@graph":[{"@type":"WebPage","@id":"https:\/\/zero-max.dk\/flex-tire-couplings-da\/","url":"https:\/\/zero-max.dk\/flex-tire-couplings-da\/","name":"Racorduri pentru anvelope | Flexibile \u0219i durabile | Zero-Max A\/S","isPartOf":{"@id":"https:\/\/zero-max.dk\/#website"},"datePublished":"2019-01-02T16:26:40+00:00","dateModified":"2025-03-20T02:12:22+00:00","description":"Cuplajele pentru anvelope de la Zero-Max A\/S asigur\u0103 flexibilitate, rigiditate torsional\u0103 \u0219i for\u021b\u0103 redus\u0103 de recuperare. Ideale pentru aplica\u021bii solicitante. Citi\u021bi mai multe aici!","breadcrumb":{"@id":"https:\/\/zero-max.dk\/flex-tire-couplings-da\/#breadcrumb"},"inLanguage":"ro-RO","potentialAction":[{"@type":"ReadAction","target":["https:\/\/zero-max.dk\/flex-tire-couplings-da\/"]}]},{"@type":"BreadcrumbList","@id":"https:\/\/zero-max.dk\/flex-tire-couplings-da\/#breadcrumb","itemListElement":[{"@type":"ListItem","position":1,"name":"Hjem","item":"https:\/\/zero-max.dk\/"},{"@type":"ListItem","position":2,"name":"D\u00e6kkoblinger"}]},{"@type":"WebSite","@id":"https:\/\/zero-max.dk\/#website","url":"https:\/\/zero-max.dk\/","name":"Zero-Max A\/S","description":"","potentialAction":[{"@type":"SearchAction","target":{"@type":"EntryPoint","urlTemplate":"https:\/\/zero-max.dk\/?s={search_term_string}"},"query-input":{"@type":"PropertyValueSpecification","valueRequired":true,"valueName":"search_term_string"}}],"inLanguage":"ro-RO"}]}},"_links":{"self":[{"href":"https:\/\/zero-max.dk\/ro\/wp-json\/wp\/v2\/pages\/895","targetHints":{"allow":["GET"]}}],"collection":[{"href":"https:\/\/zero-max.dk\/ro\/wp-json\/wp\/v2\/pages"}],"about":[{"href":"https:\/\/zero-max.dk\/ro\/wp-json\/wp\/v2\/types\/page"}],"author":[{"embeddable":true,"href":"https:\/\/zero-max.dk\/ro\/wp-json\/wp\/v2\/users\/7"}],"replies":[{"embeddable":true,"href":"https:\/\/zero-max.dk\/ro\/wp-json\/wp\/v2\/comments?post=895"}],"version-history":[{"count":11,"href":"https:\/\/zero-max.dk\/ro\/wp-json\/wp\/v2\/pages\/895\/revisions"}],"predecessor-version":[{"id":6119,"href":"https:\/\/zero-max.dk\/ro\/wp-json\/wp\/v2\/pages\/895\/revisions\/6119"}],"wp:attachment":[{"href":"https:\/\/zero-max.dk\/ro\/wp-json\/wp\/v2\/media?parent=895"}],"curies":[{"name":"wp","href":"https:\/\/api.w.org\/{rel}","templated":true}]}}