{"id":934,"date":"2019-01-02T17:40:43","date_gmt":"2019-01-02T16:40:43","guid":{"rendered":"https:\/\/zero-max.dk\/?page_id=934"},"modified":"2026-01-12T13:40:42","modified_gmt":"2026-01-12T12:40:42","slug":"utilaje-de-ambalare-da","status":"publish","type":"page","link":"https:\/\/zero-max.dk\/ro\/packaging-machinery-da\/","title":{"rendered":"Ma\u0219ini de ambalat"},"content":{"rendered":"<p>[et_pb_section fb_built=&#8221;1&#8243; _builder_version=&#8221;4.21.0&#8243; custom_padding=&#8221;0px||20px&#8221; animation_style=&#8221;zoom&#8221; border_width_bottom=&#8221;1px&#8221; border_color_bottom=&#8221;#eee&#8221; locked=&#8221;off&#8221; global_colors_info=&#8221;{}&#8221;][et_pb_row column_structure=&#8221;1_3,1_3,1_3&#8243; _builder_version=&#8221;4.16&#8243; custom_padding=&#8221;0px||&#8221; global_colors_info=&#8221;{}&#8221;][et_pb_column type=&#8221;1_3&#8243; _builder_version=&#8221;4.16&#8243; custom_padding=&#8221;|||&#8221; global_colors_info=&#8221;{}&#8221; custom_padding__hover=&#8221;|||&#8221;][et_pb_image src=&#8221;https:\/\/zero-max.dk\/wp-content\/uploads\/2019\/01\/kv777.jpg&#8221; align_tablet=&#8221;center&#8221; align_phone=&#8221;&#8221; align_last_edited=&#8221;on|desktop&#8221; _builder_version=&#8221;4.16&#8243; custom_margin=&#8221;||0px&#8221; global_colors_info=&#8221;{}&#8221;]<br \/>\n[\/et_pb_image][et_pb_text _builder_version=&#8221;4.16&#8243; text_font=&#8221;Oswald||||||||&#8221; text_orientation=&#8221;center&#8221; custom_margin=&#8221;||0px&#8221; global_colors_info=&#8221;{}&#8221;]<\/p>\n<p><span style=\"font-size: 22px;\">ServoClass kobling<\/span><\/p>\n<p>[\/et_pb_text][\/et_pb_column][et_pb_column type=&#8221;1_3&#8243; _builder_version=&#8221;4.16&#8243; custom_padding=&#8221;|||&#8221; global_colors_info=&#8221;{}&#8221; custom_padding__hover=&#8221;|||&#8221;][et_pb_image src=&#8221;https:\/\/zero-max.dk\/wp-content\/uploads\/2019\/01\/88-1.jpg&#8221; align_tablet=&#8221;center&#8221; align_phone=&#8221;&#8221; align_last_edited=&#8221;on|desktop&#8221; _builder_version=&#8221;4.16&#8243; custom_margin=&#8221;||0px&#8221; global_colors_info=&#8221;{}&#8221;]<br \/>\n[\/et_pb_image][et_pb_text _builder_version=&#8221;4.16&#8243; text_font=&#8221;Oswald||||||||&#8221; text_orientation=&#8221;center&#8221; custom_margin=&#8221;||0px&#8221; global_colors_info=&#8221;{}&#8221;]<\/p>\n<p><span style=\"font-size: 22px;\">Roh\u2019Lix<\/span><\/p>\n<p>[\/et_pb_text][\/et_pb_column][et_pb_column type=&#8221;1_3&#8243; _builder_version=&#8221;4.16&#8243; custom_padding=&#8221;|||&#8221; global_colors_info=&#8221;{}&#8221; custom_padding__hover=&#8221;|||&#8221;][et_pb_image src=&#8221;https:\/\/zero-max.dk\/wp-content\/uploads\/2019\/01\/99.jpg&#8221; align_tablet=&#8221;center&#8221; align_phone=&#8221;&#8221; align_last_edited=&#8221;on|desktop&#8221; _builder_version=&#8221;4.16&#8243; max_width=&#8221;97%&#8221; custom_margin=&#8221;||0px&#8221; global_colors_info=&#8221;{}&#8221;]<br \/>\n[\/et_pb_image][et_pb_text _builder_version=&#8221;4.16&#8243; text_font=&#8221;Oswald||||||||&#8221; text_orientation=&#8221;center&#8221; custom_margin=&#8221;||10px&#8221; global_colors_info=&#8221;{}&#8221;]<\/p>\n<p><span style=\"font-size: 22px;\">Justerbart hastighedsdrev<\/span><\/p>\n<p>[\/et_pb_text][\/et_pb_column][\/et_pb_row][\/et_pb_section][et_pb_section fb_built=&#8221;1&#8243; disabled_on=&#8221;on|off|off&#8221; _builder_version=&#8221;4.16&#8243; background_color=&#8221;#ffffff&#8221; custom_padding=&#8221;20px||20px&#8221; global_colors_info=&#8221;{}&#8221;][et_pb_row _builder_version=&#8221;4.16&#8243; global_colors_info=&#8221;{}&#8221;][et_pb_column type=&#8221;4_4&#8243; _builder_version=&#8221;4.16&#8243; custom_padding=&#8221;|||&#8221; global_colors_info=&#8221;{}&#8221; custom_padding__hover=&#8221;|||&#8221;][et_pb_text _builder_version=&#8221;4.27.4&#8243; link_font=&#8221;||||on||||&#8221; link_text_color=&#8221;#0c71c3&#8243; header_3_text_color=&#8221;#003366&#8243; hover_enabled=&#8221;0&#8243; global_colors_info=&#8221;{}&#8221; sticky_enabled=&#8221;0&#8243;]<\/p>\n<h1>Industriomr\u00e5der<\/h1>\n<h2><span class=\"textheading2 mobile-undersized-upper\">Anbefalinger<\/span><\/h2>\n<p>For hj\u00e6lp i design-processen, b\u00f8r du overveje f\u00f8lgende Zero-Max l\u00f8sninger:<\/p>\n<p><a href=\"\/komposit-diskkoblinger-seo\/\">CD koblinger<\/a> &#8211; ideelle til applikationer med h\u00f8j tr\u00e6thed, som indexing og h\u00f8jhastighedsvendende belastninger.<\/p>\n<p><a href=\"https:\/\/zero-max.dk\/servoclass-couplings-da\/\">ServoClass koblinger\u00a0<\/a>\u2013 g\u00f8r det muligt for kugleskrue-aktuatorer at opn\u00e5 en position hurtigere og lettere med \u00f8get p\u00e5lidelighed og lavere lejebelastninger.<\/p>\n<p><a href=\"https:\/\/zero-max.dk\/schmidt-couplings-da\/\">Schmidt koblinger<\/a> \u2013 offset koblinger, som er ideelle til rullestationer eller applikationer med faste eller varierende akselforskydninger.<\/p>\n<p><a href=\"https:\/\/zero-max.dk\/wp-content\/uploads\/2020\/03\/ZM-Adjustable-Speed-Drives-brochure.pdf\">Justerbare hastighedsdrev<\/a> \u2013 gode l\u00f8sninger til sekund\u00e6re drev eller til finjustering af hastighed i udg\u00e5ende transportb\u00e5nd.<\/p>\n<p><a href=\"https:\/\/zero-max.dk\/crown-gear-right-angle-gearbox-da\/\">Crown Gear Drev<\/a> \u2013 til at dreje retvinklet i mekaniske systemer.<\/p>\n<p><a href=\"https:\/\/zero-max.dk\/overload-safety-device-da\/\">Torq-Tenders<\/a> \u2013 overbelastning-sikkerhedskoblinger, der er modstandsdygtige mod mekaniske momentbegr\u00e6nsninger.<\/p>\n<p><a href=\"https:\/\/zero-max.dk\/linear-actuators-da\/\">Roh\u2019Lix \u2013 line\u00e6re aktuatorer<\/a>\u00a0med indbygget overbelastningsbeskyttelse og kr\u00e6ver ingen sm\u00f8ring.<\/p>\n<p><a href=\"https:\/\/zero-max.dk\/phase-adjusting-hubs-da\/\">Phas- Lok<\/a> \u2013 simpel og positiv fasejustering til k\u00e6dedrev.<\/p>\n<p>[\/et_pb_text][\/et_pb_column][\/et_pb_row][\/et_pb_section][et_pb_section fb_built=&#8221;1&#8243; _builder_version=&#8221;4.16&#8243; background_color=&#8221;#003366&#8243; global_colors_info=&#8221;{}&#8221;][et_pb_row _builder_version=&#8221;4.16&#8243; global_colors_info=&#8221;{}&#8221;][et_pb_column type=&#8221;4_4&#8243; _builder_version=&#8221;4.16&#8243; custom_padding=&#8221;|||&#8221; global_colors_info=&#8221;{}&#8221; custom_padding__hover=&#8221;|||&#8221;][et_pb_text _builder_version=&#8221;4.16&#8243; text_text_color=&#8221;#ffffff&#8221; header_2_text_color=&#8221;#ffffff&#8221; header_3_text_color=&#8221;#ffffff&#8221; global_colors_info=&#8221;{}&#8221;]<\/p>\n<h2><span class=\"textheading2 mobile-undersized-upper\">INDUSTRIOMR\u00c5DER<\/span><\/h2>\n<h3><span class=\"textheading2 mobile-undersized-upper\">Pakningsmaskiner<\/span><\/h3>\n<p>Hurtighed, pr\u00e6cision og p\u00e5lidelighed er afg\u00f8rende for embalageapplikationer. Jo hurtigere et produkt kan pakkes, des h\u00f8jere er v\u00e6rdien af pakningsmaskinen.<\/p>\n<p>Zero-Max tilbyder adskillige bev\u00e6gelseskontrolsprodukter, som vil hj\u00e6lpe pakningsmaskine-designere med at opn\u00e5 h\u00f8jere ydelse.<\/p>\n<p>Designer du med Zero-Max komponenter vil det forbedre maskinhastigheden og sikre at systemet er mindre tilb\u00f8jeligt til at bryde sammen.<\/p>\n<p>Med \u00f8get brug af servo-motorer i embaleringsmaskiner, er den h\u00f8jere pr\u00e6cision og robuste designfunktioner af Zero-Max CD Koblinger og ServoClass Koblinger et foretrukket valg.<\/p>\n<p>Designere af embaleringssystemer anerkender, at der er mange muligheder for at tilslutte en servo-motor til en kugleskrue, dog foretr\u00e6kker de igen og igen p\u00e5lideligheden og den h\u00f8je ydelse af Zero-Max&#8217; fleksible akselkoblinger.<\/p>\n<p>[\/et_pb_text][\/et_pb_column][\/et_pb_row][\/et_pb_section][et_pb_section fb_built=&#8221;1&#8243; _builder_version=&#8221;4.16&#8243; global_colors_info=&#8221;{}&#8221;][et_pb_row _builder_version=&#8221;4.16&#8243; custom_padding=&#8221;||0px&#8221; global_colors_info=&#8221;{}&#8221;][et_pb_column type=&#8221;4_4&#8243; _builder_version=&#8221;4.16&#8243; custom_padding=&#8221;|||&#8221; global_colors_info=&#8221;{}&#8221; custom_padding__hover=&#8221;|||&#8221;][et_pb_text _builder_version=&#8221;4.16&#8243; header_3_text_color=&#8221;#003366&#8243; global_colors_info=&#8221;{}&#8221;]<\/p>\n<h2><span class=\"textheading2 mobile-undersized-upper\">INDUSTRIOMR\u00c5DER<\/span><\/h2>\n<h3><span class=\"textheading2 mobile-undersized-upper\">Downloads<\/span><\/h3>\n<p>Downloads Catalog:<\/p>\n<p>[\/et_pb_text][\/et_pb_column][\/et_pb_row][et_pb_row column_structure=&#8221;1_2,1_2&#8243; _builder_version=&#8221;4.16&#8243; locked=&#8221;off&#8221; global_colors_info=&#8221;{}&#8221;][et_pb_column type=&#8221;1_2&#8243; _builder_version=&#8221;4.16&#8243; custom_padding=&#8221;|||&#8221; global_colors_info=&#8221;{}&#8221; custom_padding__hover=&#8221;|||&#8221;][et_pb_text _builder_version=&#8221;4.16&#8243; link_font=&#8221;||||on||||&#8221; link_text_color=&#8221;#0c71c3&#8243; header_3_text_color=&#8221;#003366&#8243; global_colors_info=&#8221;{}&#8221;]<\/p>\n<ul>\n<li><a href=\"https:\/\/zero-max.dk\/wp-content\/uploads\/2019\/01\/ZM-CD-Couplings-brochure.pdf\" target=\"_blank\" rel=\"noopener noreferrer\">CD Koblinger<\/a><\/li>\n<li><a href=\"https:\/\/zero-max.dk\/wp-content\/uploads\/2019\/01\/Zero-Max_ServoClass.pdf\" target=\"_blank\" rel=\"noopener noreferrer\">ServoClass Koblinger<\/a><\/li>\n<li><a href=\"https:\/\/zero-max.dk\/wp-content\/uploads\/2019\/01\/Schmidt-Offset-Couplings.pdf\" target=\"_blank\" rel=\"noopener noreferrer\">Schmidt Koblinger<\/a><\/li>\n<li><a href=\"https:\/\/zero-max.dk\/wp-content\/uploads\/2019\/01\/ZM-Adjustable-Speed-Drives-brochure.pdf\">Justerbare hastighedsdrev<\/a><\/li>\n<\/ul>\n<p>[\/et_pb_text][\/et_pb_column][et_pb_column type=&#8221;1_2&#8243; _builder_version=&#8221;4.16&#8243; custom_padding=&#8221;|||&#8221; global_colors_info=&#8221;{}&#8221; custom_padding__hover=&#8221;|||&#8221;][et_pb_text _builder_version=&#8221;4.16&#8243; link_font=&#8221;||||on||||&#8221; link_text_color=&#8221;#0c71c3&#8243; header_3_text_color=&#8221;#003366&#8243; global_colors_info=&#8221;{}&#8221;]<\/p>\n<ul>\n<li><a href=\"https:\/\/zero-max.dk\/wp-content\/uploads\/2019\/01\/ZM-Right-Angle-Crown-Gear-Drives-brochure.pdf\" target=\"_blank\" rel=\"noopener noreferrer\">Crown Gear Drev<\/a><\/li>\n<li><a href=\"https:\/\/zero-max.dk\/wp-content\/uploads\/2019\/01\/ZM-Overload-Safety-Couplings-brochure.pdf\" target=\"_blank\" rel=\"noopener noreferrer\">Torq-Tenders<\/a><\/li>\n<li><a href=\"https:\/\/zero-max.dk\/wp-content\/uploads\/2019\/01\/ZM-Rohlix-Linear-Actuators-brochure.pdf\" target=\"_blank\" rel=\"noopener noreferrer\">Roh\u2019Lix \u2013 line\u00e6re aktuatorer<\/a><\/li>\n<li><a href=\"https:\/\/zero-max.dk\/wp-content\/uploads\/2019\/01\/ZeroMax_Phas_Lok.pdf\" target=\"_blank\" rel=\"noopener noreferrer\">Phas- Lok<\/a><\/li>\n<\/ul>\n<p>[\/et_pb_text][\/et_pb_column][\/et_pb_row][\/et_pb_section][et_pb_section fb_built=&#8221;1&#8243; disabled_on=&#8221;on|on|on&#8221; _builder_version=&#8221;4.6.1&#8243; background_color=&#8221;#003366&#8243; custom_padding=&#8221;0px||0px&#8221; disabled=&#8221;on&#8221; global_module=&#8221;1044&#8243; global_colors_info=&#8221;{}&#8221;][et_pb_row column_structure=&#8221;1_3,1_3,1_3&#8243; _builder_version=&#8221;4.16&#8243; max_width=&#8221;1080px&#8221; global_colors_info=&#8221;{}&#8221;][et_pb_column type=&#8221;1_3&#8243; _builder_version=&#8221;4.16&#8243; custom_padding=&#8221;|||&#8221; global_colors_info=&#8221;{}&#8221; custom_padding__hover=&#8221;|||&#8221;][et_pb_text _builder_version=&#8221;4.16&#8243; header_2_text_align=&#8221;center&#8221; header_2_text_color=&#8221;#99ccff&#8221; header_2_font_size=&#8221;14px&#8221; custom_margin=&#8221;0px||0px&#8221; custom_padding=&#8221;0px||0px&#8221; global_colors_info=&#8221;{}&#8221;]<\/p>\n<h2>Zero Max<\/h2>\n<p>[\/et_pb_text][et_pb_text _builder_version=&#8221;4.16&#8243; text_font=&#8221;||||||||&#8221; header_font=&#8221;||||||||&#8221; background_image=&#8221;https:\/\/zero-max.dk\/wp-content\/uploads\/2018\/12\/Boxes.jpg&#8221; text_orientation=&#8221;center&#8221; custom_margin=&#8221;0px||0px&#8221; custom_padding=&#8221;10px|20px|26px|20px&#8221; border_width_all=&#8221;1px&#8221; border_color_all=&#8221;#ffffff&#8221; global_colors_info=&#8221;{}&#8221;]<\/p>\n<p>Our gobal perspektive makes it possible to provide our customer with quality products at competitive pricing to any location<\/p>\n<p>[\/et_pb_text][\/et_pb_column][et_pb_column type=&#8221;1_3&#8243; _builder_version=&#8221;4.16&#8243; custom_padding=&#8221;|||&#8221; global_colors_info=&#8221;{}&#8221; custom_padding__hover=&#8221;|||&#8221;][et_pb_text _builder_version=&#8221;4.16&#8243; header_2_text_align=&#8221;center&#8221; header_2_text_color=&#8221;#99ccff&#8221; header_2_font_size=&#8221;14px&#8221; custom_margin=&#8221;0px||0px&#8221; custom_padding=&#8221;0px||0px&#8221; global_colors_info=&#8221;{}&#8221;]<\/p>\n<h2>World-Leading Expert !<\/h2>\n<p>[\/et_pb_text][et_pb_text _builder_version=&#8221;4.16&#8243; text_font=&#8221;||||||||&#8221; header_font=&#8221;||||||||&#8221; background_image=&#8221;https:\/\/zero-max.dk\/wp-content\/uploads\/2018\/12\/Boxes.jpg&#8221; text_orientation=&#8221;center&#8221; custom_margin=&#8221;0px||0px&#8221; custom_padding=&#8221;10px|20px|25px|20px&#8221; border_width_all=&#8221;1px&#8221; border_color_all=&#8221;#ffffff&#8221; global_colors_info=&#8221;{}&#8221;]<\/p>\n<p>Zero-Max combines decades of industry leading experience with unparalleled expertise in motion control solutions<\/p>\n<p>[\/et_pb_text][\/et_pb_column][et_pb_column type=&#8221;1_3&#8243; _builder_version=&#8221;4.16&#8243; custom_padding=&#8221;|||&#8221; global_colors_info=&#8221;{}&#8221; custom_padding__hover=&#8221;|||&#8221;][et_pb_text _builder_version=&#8221;4.16&#8243; header_2_text_align=&#8221;center&#8221; header_2_text_color=&#8221;#99ccff&#8221; header_2_font_size=&#8221;14px&#8221; custom_margin=&#8221;0px||0px&#8221; custom_padding=&#8221;0px||0px&#8221; global_colors_info=&#8221;{}&#8221;]<\/p>\n<h2>Get in touch!<\/h2>\n<p>[\/et_pb_text][et_pb_text _builder_version=&#8221;4.16&#8243; text_font=&#8221;||||||||&#8221; header_font=&#8221;||||||||&#8221; background_image=&#8221;https:\/\/zero-max.dk\/wp-content\/uploads\/2018\/12\/Boxes.jpg&#8221; text_orientation=&#8221;center&#8221; custom_margin=&#8221;0px||0px&#8221; custom_padding=&#8221;10px|10px|10px|10px&#8221; border_width_all=&#8221;1px&#8221; border_color_all=&#8221;#ffffff&#8221; global_colors_info=&#8221;{}&#8221;]<\/p>\n<p>Zero-Max A\/S<br \/>Mail: ext@zero-max.dk <br \/>Haarup Tvaevej 1<br \/>DK &#8211; 8600 Silkeborg<\/p>\n<p>[\/et_pb_text][\/et_pb_column][\/et_pb_row][\/et_pb_section]<\/p>\n","protected":false},"excerpt":{"rendered":"<p>ServoClass kobling Roh\u2019Lix Justerbart hastighedsdrev Industriomr\u00e5der Anbefalinger For hj\u00e6lp i design-processen, b\u00f8r du overveje f\u00f8lgende Zero-Max l\u00f8sninger: CD koblinger &#8211; ideelle til applikationer med h\u00f8j tr\u00e6thed, som indexing og h\u00f8jhastighedsvendende belastninger. ServoClass koblinger\u00a0\u2013 g\u00f8r det muligt for kugleskrue-aktuatorer at opn\u00e5 en position hurtigere og lettere med \u00f8get p\u00e5lidelighed og lavere lejebelastninger. Schmidt koblinger \u2013 offset [&hellip;]<\/p>\n","protected":false},"author":7,"featured_media":0,"parent":0,"menu_order":0,"comment_status":"closed","ping_status":"closed","template":"","meta":{"_et_pb_use_builder":"on","_et_pb_old_content":"","_et_gb_content_width":"","footnotes":""},"class_list":["post-934","page","type-page","status-publish","hentry"],"yoast_head":"<!-- This site is optimized with the Yoast SEO plugin v27.5 - https:\/\/yoast.com\/product\/yoast-seo-wordpress\/ -->\n<title>Effektive l\u00f8sninger til emballeringsmaskiner | Zero-Max koblinger &amp; drev<\/title>\n<meta name=\"description\" content=\"Zero-Max tilbyder pr\u00e6cise og robuste komponenter til emballeringsmaskiner \u2013 herunder koblinger, aktuatorer og hastighedsdrev. H\u00f8j ydeevne og driftssikkerhed.\" \/>\n<meta name=\"robots\" content=\"index, follow, max-snippet:-1, max-image-preview:large, max-video-preview:-1\" \/>\n<link rel=\"canonical\" href=\"https:\/\/zero-max.dk\/ro\/utilaje-de-ambalare-da\/\" \/>\n<meta property=\"og:locale\" content=\"ro_RO\" \/>\n<meta property=\"og:type\" content=\"article\" \/>\n<meta property=\"og:title\" content=\"Effektive l\u00f8sninger til emballeringsmaskiner | Zero-Max koblinger &amp; drev\" \/>\n<meta property=\"og:description\" content=\"Zero-Max tilbyder pr\u00e6cise og robuste komponenter til emballeringsmaskiner \u2013 herunder koblinger, aktuatorer og hastighedsdrev. H\u00f8j ydeevne og driftssikkerhed.\" \/>\n<meta property=\"og:url\" content=\"https:\/\/zero-max.dk\/ro\/utilaje-de-ambalare-da\/\" \/>\n<meta property=\"og:site_name\" content=\"Zero-Max A\/S\" \/>\n<meta property=\"article:modified_time\" content=\"2026-01-12T12:40:42+00:00\" \/>\n<meta name=\"twitter:card\" content=\"summary_large_image\" \/>\n<meta name=\"twitter:label1\" content=\"Timp estimat pentru citire\" \/>\n\t<meta name=\"twitter:data1\" content=\"2 minute\" \/>\n<script type=\"application\/ld+json\" class=\"yoast-schema-graph\">{\"@context\":\"https:\\\/\\\/schema.org\",\"@graph\":[{\"@type\":\"WebPage\",\"@id\":\"https:\\\/\\\/zero-max.dk\\\/packaging-machinery-da\\\/\",\"url\":\"https:\\\/\\\/zero-max.dk\\\/packaging-machinery-da\\\/\",\"name\":\"Effektive l\u00f8sninger til emballeringsmaskiner | Zero-Max koblinger & drev\",\"isPartOf\":{\"@id\":\"https:\\\/\\\/zero-max.dk\\\/#website\"},\"datePublished\":\"2019-01-02T16:40:43+00:00\",\"dateModified\":\"2026-01-12T12:40:42+00:00\",\"description\":\"Zero-Max tilbyder pr\u00e6cise og robuste komponenter til emballeringsmaskiner \u2013 herunder koblinger, aktuatorer og hastighedsdrev. H\u00f8j ydeevne og driftssikkerhed.\",\"breadcrumb\":{\"@id\":\"https:\\\/\\\/zero-max.dk\\\/packaging-machinery-da\\\/#breadcrumb\"},\"inLanguage\":\"ro-RO\",\"potentialAction\":[{\"@type\":\"ReadAction\",\"target\":[\"https:\\\/\\\/zero-max.dk\\\/packaging-machinery-da\\\/\"]}]},{\"@type\":\"BreadcrumbList\",\"@id\":\"https:\\\/\\\/zero-max.dk\\\/packaging-machinery-da\\\/#breadcrumb\",\"itemListElement\":[{\"@type\":\"ListItem\",\"position\":1,\"name\":\"Hjem\",\"item\":\"https:\\\/\\\/zero-max.dk\\\/\"},{\"@type\":\"ListItem\",\"position\":2,\"name\":\"Emballeringsmaskiner\"}]},{\"@type\":\"WebSite\",\"@id\":\"https:\\\/\\\/zero-max.dk\\\/#website\",\"url\":\"https:\\\/\\\/zero-max.dk\\\/\",\"name\":\"Zero-Max A\\\/S\",\"description\":\"\",\"potentialAction\":[{\"@type\":\"SearchAction\",\"target\":{\"@type\":\"EntryPoint\",\"urlTemplate\":\"https:\\\/\\\/zero-max.dk\\\/?s={search_term_string}\"},\"query-input\":{\"@type\":\"PropertyValueSpecification\",\"valueRequired\":true,\"valueName\":\"search_term_string\"}}],\"inLanguage\":\"ro-RO\"}]}<\/script>\n<!-- \/ Yoast SEO plugin. -->","yoast_head_json":{"title":"Solu\u021bii eficiente pentru ma\u0219inile de ambalat | Cuplaje \u0219i ac\u021bion\u0103ri Zero-Max","description":"Zero-Max ofer\u0103 componente precise \u0219i robuste pentru ma\u0219ini de ambalat - inclusiv cuplaje, actuatoare \u0219i variatoare de vitez\u0103. Performan\u021b\u0103 \u0219i fiabilitate ridicate.","robots":{"index":"index","follow":"follow","max-snippet":"max-snippet:-1","max-image-preview":"max-image-preview:large","max-video-preview":"max-video-preview:-1"},"canonical":"https:\/\/zero-max.dk\/ro\/utilaje-de-ambalare-da\/","og_locale":"ro_RO","og_type":"article","og_title":"Effektive l\u00f8sninger til emballeringsmaskiner | Zero-Max koblinger & drev","og_description":"Zero-Max tilbyder pr\u00e6cise og robuste komponenter til emballeringsmaskiner \u2013 herunder koblinger, aktuatorer og hastighedsdrev. H\u00f8j ydeevne og driftssikkerhed.","og_url":"https:\/\/zero-max.dk\/ro\/utilaje-de-ambalare-da\/","og_site_name":"Zero-Max A\/S","article_modified_time":"2026-01-12T12:40:42+00:00","twitter_card":"summary_large_image","twitter_misc":{"Timp estimat pentru citire":"2 minute"},"schema":{"@context":"https:\/\/schema.org","@graph":[{"@type":"WebPage","@id":"https:\/\/zero-max.dk\/packaging-machinery-da\/","url":"https:\/\/zero-max.dk\/packaging-machinery-da\/","name":"Solu\u021bii eficiente pentru ma\u0219inile de ambalat | Cuplaje \u0219i ac\u021bion\u0103ri Zero-Max","isPartOf":{"@id":"https:\/\/zero-max.dk\/#website"},"datePublished":"2019-01-02T16:40:43+00:00","dateModified":"2026-01-12T12:40:42+00:00","description":"Zero-Max ofer\u0103 componente precise \u0219i robuste pentru ma\u0219ini de ambalat - inclusiv cuplaje, actuatoare \u0219i variatoare de vitez\u0103. Performan\u021b\u0103 \u0219i fiabilitate ridicate.","breadcrumb":{"@id":"https:\/\/zero-max.dk\/packaging-machinery-da\/#breadcrumb"},"inLanguage":"ro-RO","potentialAction":[{"@type":"ReadAction","target":["https:\/\/zero-max.dk\/packaging-machinery-da\/"]}]},{"@type":"BreadcrumbList","@id":"https:\/\/zero-max.dk\/packaging-machinery-da\/#breadcrumb","itemListElement":[{"@type":"ListItem","position":1,"name":"Hjem","item":"https:\/\/zero-max.dk\/"},{"@type":"ListItem","position":2,"name":"Emballeringsmaskiner"}]},{"@type":"WebSite","@id":"https:\/\/zero-max.dk\/#website","url":"https:\/\/zero-max.dk\/","name":"Zero-Max A\/S","description":"","potentialAction":[{"@type":"SearchAction","target":{"@type":"EntryPoint","urlTemplate":"https:\/\/zero-max.dk\/?s={search_term_string}"},"query-input":{"@type":"PropertyValueSpecification","valueRequired":true,"valueName":"search_term_string"}}],"inLanguage":"ro-RO"}]}},"_links":{"self":[{"href":"https:\/\/zero-max.dk\/ro\/wp-json\/wp\/v2\/pages\/934","targetHints":{"allow":["GET"]}}],"collection":[{"href":"https:\/\/zero-max.dk\/ro\/wp-json\/wp\/v2\/pages"}],"about":[{"href":"https:\/\/zero-max.dk\/ro\/wp-json\/wp\/v2\/types\/page"}],"author":[{"embeddable":true,"href":"https:\/\/zero-max.dk\/ro\/wp-json\/wp\/v2\/users\/7"}],"replies":[{"embeddable":true,"href":"https:\/\/zero-max.dk\/ro\/wp-json\/wp\/v2\/comments?post=934"}],"version-history":[{"count":23,"href":"https:\/\/zero-max.dk\/ro\/wp-json\/wp\/v2\/pages\/934\/revisions"}],"predecessor-version":[{"id":6487,"href":"https:\/\/zero-max.dk\/ro\/wp-json\/wp\/v2\/pages\/934\/revisions\/6487"}],"wp:attachment":[{"href":"https:\/\/zero-max.dk\/ro\/wp-json\/wp\/v2\/media?parent=934"}],"curies":[{"name":"wp","href":"https:\/\/api.w.org\/{rel}","templated":true}]}}