{"id":937,"date":"2019-01-02T17:41:36","date_gmt":"2019-01-02T16:41:36","guid":{"rendered":"https:\/\/zero-max.dk\/?page_id=937"},"modified":"2025-04-07T11:51:54","modified_gmt":"2025-04-07T09:51:54","slug":"butuci-de-reglare-a-fazei-da","status":"publish","type":"page","link":"https:\/\/zero-max.dk\/ro\/phase-adjusting-hubs-da\/","title":{"rendered":"Butuc de reglare a fazei"},"content":{"rendered":"<p>[et_pb_section fb_built=&#8221;1&#8243; _builder_version=&#8221;4.21.0&#8243; background_image=&#8221;https:\/\/zero-max.dk\/wp-content\/uploads\/2018\/12\/1152-PHras-Tops.jpg&#8221; animation_style=&#8221;zoom&#8221; custom_css_main_element=&#8221;height:450px;&#8221; border_width_bottom=&#8221;1px&#8221; border_color_bottom=&#8221;#eee&#8221; locked=&#8221;off&#8221; global_colors_info=&#8221;{}&#8221;][et_pb_row column_structure=&#8221;1_2,1_2&#8243; module_class=&#8221; et_pb_row_fullwidth&#8221; _builder_version=&#8221;4.21.0&#8243; width=&#8221;89%&#8221; width_tablet=&#8221;80%&#8221; width_phone=&#8221;&#8221; width_last_edited=&#8221;on|desktop&#8221; max_width=&#8221;89%&#8221; max_width_tablet=&#8221;80%&#8221; max_width_phone=&#8221;&#8221; max_width_last_edited=&#8221;on|desktop&#8221; custom_margin=&#8221;||&#8221; custom_margin_tablet=&#8221;-10px|||-56px|false|false&#8221; custom_margin_phone=&#8221;-34px|||-15px|false|false&#8221; custom_margin_last_edited=&#8221;on|tablet&#8221; custom_padding=&#8221;0px||0px&#8221; make_fullwidth=&#8221;on&#8221; global_colors_info=&#8221;{}&#8221;][et_pb_column type=&#8221;1_2&#8243; _builder_version=&#8221;4.16&#8243; custom_padding=&#8221;|||&#8221; global_colors_info=&#8221;{}&#8221; custom_padding__hover=&#8221;|||&#8221;][et_pb_text _builder_version=&#8221;4.21.0&#8243; text_font=&#8221;Oswald||||||||&#8221; text_text_color=&#8221;#013366&#8243; text_font_size=&#8221;26px&#8221; text_letter_spacing=&#8221;4px&#8221; text_line_height=&#8221;1.1em&#8221; text_orientation=&#8221;center&#8221; text_line_height_tablet=&#8221;1.1em&#8221; text_line_height_phone=&#8221;1.1em&#8221; text_line_height_last_edited=&#8221;on|phone&#8221; global_colors_info=&#8221;{}&#8221;]<\/p>\n<p>Enkel og positiv fasejustering<br \/>til k\u00e6dedrev<\/p>\n<p>[\/et_pb_text][\/et_pb_column][et_pb_column type=&#8221;1_2&#8243; _builder_version=&#8221;4.16&#8243; custom_padding=&#8221;|||&#8221; global_colors_info=&#8221;{}&#8221; custom_padding__hover=&#8221;|||&#8221;][\/et_pb_column][\/et_pb_row][\/et_pb_section][et_pb_section fb_built=&#8221;1&#8243; disabled_on=&#8221;on|off|off&#8221; _builder_version=&#8221;4.16&#8243; background_color=&#8221;#ffffff&#8221; custom_padding=&#8221;20px||20px&#8221; global_colors_info=&#8221;{}&#8221;][et_pb_row column_structure=&#8221;1_2,1_2&#8243; _builder_version=&#8221;4.16&#8243; global_colors_info=&#8221;{}&#8221;][et_pb_column type=&#8221;1_2&#8243; _builder_version=&#8221;4.16&#8243; custom_padding=&#8221;109px|||&#8221; global_colors_info=&#8221;{}&#8221; custom_padding__hover=&#8221;|||&#8221;][et_pb_image src=&#8221;https:\/\/zero-max.dk\/wp-content\/uploads\/2018\/12\/Phras.jpg&#8221; align=&#8221;center&#8221; align_tablet=&#8221;center&#8221; align_phone=&#8221;&#8221; align_last_edited=&#8221;on|desktop&#8221; _builder_version=&#8221;4.16&#8243; global_colors_info=&#8221;{}&#8221;]<br \/>\n[\/et_pb_image][\/et_pb_column][et_pb_column type=&#8221;1_2&#8243; _builder_version=&#8221;4.16&#8243; custom_padding=&#8221;|||&#8221; global_colors_info=&#8221;{}&#8221; custom_padding__hover=&#8221;|||&#8221;][et_pb_text _builder_version=&#8221;4.16&#8243; header_font=&#8221;||||||||&#8221; header_3_font=&#8221;||||||||&#8221; header_3_text_color=&#8221;#003366&#8243; global_colors_info=&#8221;{}&#8221;]<\/p>\n<h1>GENNEMTESTET TEKNOLOGI<\/h1>\n<h2><span class=\"textheading2 mobile-undersized-upper\">Fasejusterende nav<\/span><\/h2>\n<h2>Fasejusterende Nav giver enkle og n\u00f8jagtige fasejusteringer.<\/h2>\n<p><span style=\"font-size: 14px;\">Fasejusterende nav er b\u00e5de \u00f8konomisk billigt i drift og meget pr\u00e6cist at bruge. Det er en nem m\u00e5de at \u00e6ndre et drevkomponents faser og akslen. Det er ideelt til at finjustere k\u00e6deforl\u00e6ngelse og k\u00e6dehjul. Zero-Max fasejusterende nav giver en pr\u00e6cis mekanisk justering i en 24 graders valensvinkel. (+ \/ &#8211; 12 grader)<\/span><\/p>\n<p>[\/et_pb_text][et_pb_button button_url=&#8221;https:\/\/zero-max.dk\/wp-content\/uploads\/2019\/01\/ZeroMax_Phas_Lok.pdf&#8221; url_new_window=&#8221;on&#8221; button_text=&#8221;DOWNLOAD Katalog &#8211; Phase Adjusting Hubs&#8221; _builder_version=&#8221;4.16&#8243; custom_button=&#8221;on&#8221; button_text_color=&#8221;#ffffff&#8221; button_bg_color=&#8221;#003366&#8243; button_border_width=&#8221;4px&#8221; button_border_color=&#8221;#003366&#8243; button_border_radius=&#8221;4px&#8221; button_font=&#8221;||||||||&#8221; global_colors_info=&#8221;{}&#8221;]<br \/>\n[\/et_pb_button][et_pb_text _builder_version=&#8221;4.16&#8243; header_font=&#8221;||||||||&#8221; header_3_font=&#8221;||||||||&#8221; header_3_text_color=&#8221;#003366&#8243; global_colors_info=&#8221;{}&#8221;]<\/p>\n<h2>EGENSKABER &amp; FORDELE<\/h2>\n<h2>Fasejusterende nav<\/h2>\n<ul>\n<li>\n<h2><\/h2>\n<p>Fasejustering til Browning b\u00f8sninger<\/li>\n<li>Fasejustering til QD b\u00f8sninger<\/li>\n<li>Standard st\u00f8rrelse fasejusterende nav<\/li>\n<\/ul>\n<p>[\/et_pb_text][\/et_pb_column][\/et_pb_row][\/et_pb_section][et_pb_section fb_built=&#8221;1&#8243; disabled_on=&#8221;on|on|on&#8221; _builder_version=&#8221;4.21.0&#8243; background_color=&#8221;#003366&#8243; custom_padding=&#8221;0px||0px&#8221; disabled=&#8221;on&#8221; global_module=&#8221;1102&#8243; saved_tabs=&#8221;all&#8221; global_colors_info=&#8221;{}&#8221;][et_pb_row column_structure=&#8221;1_3,1_3,1_3&#8243; _builder_version=&#8221;4.16&#8243; global_colors_info=&#8221;{}&#8221;][et_pb_column type=&#8221;1_3&#8243; _builder_version=&#8221;4.16&#8243; custom_padding=&#8221;|||&#8221; global_colors_info=&#8221;{}&#8221; custom_padding__hover=&#8221;|||&#8221;][et_pb_text admin_label=&#8221;Tekst&#8221; _builder_version=&#8221;4.16&#8243; header_2_text_align=&#8221;center&#8221; header_2_text_color=&#8221;#99ccff&#8221; header_2_font_size=&#8221;14px&#8221; custom_margin=&#8221;0px||0px&#8221; custom_padding=&#8221;0px||0px&#8221; global_colors_info=&#8221;{}&#8221;]<\/p>\n<h2>Zero Max &#8211; Industri<\/h2>\n<p>[\/et_pb_text][et_pb_text _builder_version=&#8221;4.16&#8243; background_image=&#8221;https:\/\/zero-max.dk\/wp-content\/uploads\/2018\/12\/Boxes.jpg&#8221; text_orientation=&#8221;center&#8221; custom_margin=&#8221;0px||0px&#8221; custom_padding=&#8221;10px|20px|26px|20px&#8221; border_width_all=&#8221;1px&#8221; border_color_all=&#8221;#ffffff&#8221; global_colors_info=&#8221;{}&#8221;]<\/p>\n<p>Hurtighed, pr\u00e6cision og driftssikkerhed? Overvej en l\u00f8sning fra Zero-Max<\/p>\n<p>[\/et_pb_text][\/et_pb_column][et_pb_column type=&#8221;1_3&#8243; _builder_version=&#8221;4.16&#8243; custom_padding=&#8221;|||&#8221; global_colors_info=&#8221;{}&#8221; custom_padding__hover=&#8221;|||&#8221;][et_pb_text _builder_version=&#8221;4.16&#8243; header_2_text_align=&#8221;center&#8221; header_2_text_color=&#8221;#99ccff&#8221; header_2_font_size=&#8221;14px&#8221; custom_margin=&#8221;0px||0px&#8221; custom_padding=&#8221;0px||0px&#8221; global_colors_info=&#8221;{}&#8221;]<\/p>\n<h2>Zero Max \u2013 Landbrug<\/h2>\n<p>[\/et_pb_text][et_pb_text _builder_version=&#8221;4.16&#8243; background_image=&#8221;https:\/\/zero-max.dk\/wp-content\/uploads\/2018\/12\/Boxes.jpg&#8221; text_orientation=&#8221;center&#8221; custom_margin=&#8221;0px||0px&#8221; custom_padding=&#8221;10px|20px|25px|20px&#8221; border_width_all=&#8221;1px&#8221; border_color_all=&#8221;#ffffff&#8221; global_colors_info=&#8221;{}&#8221;]<\/p>\n<p>St\u00f8rre, tungere, hurtigere? Driftssikker?<br \/>Kundespecifikt designet hos Zero-Max!<\/p>\n<p>[\/et_pb_text][\/et_pb_column][et_pb_column type=&#8221;1_3&#8243; _builder_version=&#8221;4.16&#8243; custom_padding=&#8221;|||&#8221; global_colors_info=&#8221;{}&#8221; custom_padding__hover=&#8221;|||&#8221;][et_pb_text _builder_version=&#8221;4.16&#8243; header_2_text_align=&#8221;center&#8221; header_2_text_color=&#8221;#99ccff&#8221; header_2_font_size=&#8221;14px&#8221; custom_margin=&#8221;0px||0px&#8221; custom_padding=&#8221;0px||0px&#8221; global_colors_info=&#8221;{}&#8221;]<\/p>\n<h2>Zero Max \u2013 Energi<\/h2>\n<p>[\/et_pb_text][et_pb_text admin_label=&#8221;Text&#8221; _builder_version=&#8221;4.16&#8243; background_image=&#8221;https:\/\/zero-max.dk\/wp-content\/uploads\/2018\/12\/Boxes.jpg&#8221; text_orientation=&#8221;center&#8221; custom_margin=&#8221;0px||0px&#8221; custom_padding=&#8221;10px|10px|10px|10px&#8221; border_width_all=&#8221;1px&#8221; border_color_all=&#8221;#ffffff&#8221; global_colors_info=&#8221;{}&#8221;]<\/p>\n<p>St\u00e6rk ydeevne i ekstrem vind? <br \/>Skiftende klimabetingelserne?<br \/>Zero-Max skaber l\u00f8sningen for dig!<\/p>\n<p>[\/et_pb_text][\/et_pb_column][\/et_pb_row][\/et_pb_section]<\/p>\n","protected":false},"excerpt":{"rendered":"<p>Enkel og positiv fasejusteringtil k\u00e6dedrev GENNEMTESTET TEKNOLOGI Fasejusterende nav Fasejusterende Nav giver enkle og n\u00f8jagtige fasejusteringer. Fasejusterende nav er b\u00e5de \u00f8konomisk billigt i drift og meget pr\u00e6cist at bruge. Det er en nem m\u00e5de at \u00e6ndre et drevkomponents faser og akslen. Det er ideelt til at finjustere k\u00e6deforl\u00e6ngelse og k\u00e6dehjul. Zero-Max fasejusterende nav giver en [&hellip;]<\/p>\n","protected":false},"author":7,"featured_media":0,"parent":0,"menu_order":0,"comment_status":"closed","ping_status":"closed","template":"","meta":{"_et_pb_use_builder":"on","_et_pb_old_content":"","_et_gb_content_width":"","footnotes":""},"class_list":["post-937","page","type-page","status-publish","hentry"],"yoast_head":"<!-- This site is optimized with the Yoast SEO plugin v27.5 - https:\/\/yoast.com\/product\/yoast-seo-wordpress\/ -->\n<title>Fasejusterende nav \u2013 Nem og pr\u00e6cis fasejustering af k\u00e6dehjul og aksler | Zero-Max A\/S<\/title>\n<meta name=\"description\" content=\"Fasejusterende nav er b\u00e5de \u00f8konomisk billigt i drift og meget pr\u00e6cist at bruge. Det er en nem m\u00e5de at \u00e6ndre et drevkomponents faser og akslen.\" \/>\n<meta name=\"robots\" content=\"index, follow, max-snippet:-1, max-image-preview:large, max-video-preview:-1\" \/>\n<link rel=\"canonical\" href=\"https:\/\/zero-max.dk\/ro\/butuci-de-reglare-a-fazei-da\/\" \/>\n<meta property=\"og:locale\" content=\"ro_RO\" \/>\n<meta property=\"og:type\" content=\"article\" \/>\n<meta property=\"og:title\" content=\"Fasejusterende nav \u2013 Nem og pr\u00e6cis fasejustering af k\u00e6dehjul og aksler | Zero-Max A\/S\" \/>\n<meta property=\"og:description\" content=\"Fasejusterende nav er b\u00e5de \u00f8konomisk billigt i drift og meget pr\u00e6cist at bruge. Det er en nem m\u00e5de at \u00e6ndre et drevkomponents faser og akslen.\" \/>\n<meta property=\"og:url\" content=\"https:\/\/zero-max.dk\/ro\/butuci-de-reglare-a-fazei-da\/\" \/>\n<meta property=\"og:site_name\" content=\"Zero-Max A\/S\" \/>\n<meta property=\"article:modified_time\" content=\"2025-04-07T09:51:54+00:00\" \/>\n<meta name=\"twitter:card\" content=\"summary_large_image\" \/>\n<meta name=\"twitter:label1\" content=\"Timp estimat pentru citire\" \/>\n\t<meta name=\"twitter:data1\" content=\"1 minut\" \/>\n<script type=\"application\/ld+json\" class=\"yoast-schema-graph\">{\"@context\":\"https:\\\/\\\/schema.org\",\"@graph\":[{\"@type\":\"WebPage\",\"@id\":\"https:\\\/\\\/zero-max.dk\\\/phase-adjusting-hubs-da\\\/\",\"url\":\"https:\\\/\\\/zero-max.dk\\\/phase-adjusting-hubs-da\\\/\",\"name\":\"Fasejusterende nav \u2013 Nem og pr\u00e6cis fasejustering af k\u00e6dehjul og aksler | Zero-Max A\\\/S\",\"isPartOf\":{\"@id\":\"https:\\\/\\\/zero-max.dk\\\/#website\"},\"datePublished\":\"2019-01-02T16:41:36+00:00\",\"dateModified\":\"2025-04-07T09:51:54+00:00\",\"description\":\"Fasejusterende nav er b\u00e5de \u00f8konomisk billigt i drift og meget pr\u00e6cist at bruge. Det er en nem m\u00e5de at \u00e6ndre et drevkomponents faser og akslen.\",\"breadcrumb\":{\"@id\":\"https:\\\/\\\/zero-max.dk\\\/phase-adjusting-hubs-da\\\/#breadcrumb\"},\"inLanguage\":\"ro-RO\",\"potentialAction\":[{\"@type\":\"ReadAction\",\"target\":[\"https:\\\/\\\/zero-max.dk\\\/phase-adjusting-hubs-da\\\/\"]}]},{\"@type\":\"BreadcrumbList\",\"@id\":\"https:\\\/\\\/zero-max.dk\\\/phase-adjusting-hubs-da\\\/#breadcrumb\",\"itemListElement\":[{\"@type\":\"ListItem\",\"position\":1,\"name\":\"Hjem\",\"item\":\"https:\\\/\\\/zero-max.dk\\\/\"},{\"@type\":\"ListItem\",\"position\":2,\"name\":\"Fasejusterende nav\"}]},{\"@type\":\"WebSite\",\"@id\":\"https:\\\/\\\/zero-max.dk\\\/#website\",\"url\":\"https:\\\/\\\/zero-max.dk\\\/\",\"name\":\"Zero-Max A\\\/S\",\"description\":\"\",\"potentialAction\":[{\"@type\":\"SearchAction\",\"target\":{\"@type\":\"EntryPoint\",\"urlTemplate\":\"https:\\\/\\\/zero-max.dk\\\/?s={search_term_string}\"},\"query-input\":{\"@type\":\"PropertyValueSpecification\",\"valueRequired\":true,\"valueName\":\"search_term_string\"}}],\"inLanguage\":\"ro-RO\"}]}<\/script>\n<!-- \/ Yoast SEO plugin. -->","yoast_head_json":{"title":"Butuci de reglare a fazei - Reglarea u\u0219oar\u0103 \u0219i precis\u0103 a fazei pinioanelor \u0219i arborilor | Zero-Max A\/S","description":"Butucii de aliniere a fazelor sunt at\u00e2t economici \u00een exploatare, c\u00e2t \u0219i foarte preci\u0219i la utilizare. Este o modalitate u\u0219oar\u0103 de a schimba fazele unei componente de ac\u021bionare \u0219i ale arborelui.","robots":{"index":"index","follow":"follow","max-snippet":"max-snippet:-1","max-image-preview":"max-image-preview:large","max-video-preview":"max-video-preview:-1"},"canonical":"https:\/\/zero-max.dk\/ro\/butuci-de-reglare-a-fazei-da\/","og_locale":"ro_RO","og_type":"article","og_title":"Fasejusterende nav \u2013 Nem og pr\u00e6cis fasejustering af k\u00e6dehjul og aksler | Zero-Max A\/S","og_description":"Fasejusterende nav er b\u00e5de \u00f8konomisk billigt i drift og meget pr\u00e6cist at bruge. Det er en nem m\u00e5de at \u00e6ndre et drevkomponents faser og akslen.","og_url":"https:\/\/zero-max.dk\/ro\/butuci-de-reglare-a-fazei-da\/","og_site_name":"Zero-Max A\/S","article_modified_time":"2025-04-07T09:51:54+00:00","twitter_card":"summary_large_image","twitter_misc":{"Timp estimat pentru citire":"1 minut"},"schema":{"@context":"https:\/\/schema.org","@graph":[{"@type":"WebPage","@id":"https:\/\/zero-max.dk\/phase-adjusting-hubs-da\/","url":"https:\/\/zero-max.dk\/phase-adjusting-hubs-da\/","name":"Butuci de reglare a fazei - Reglarea u\u0219oar\u0103 \u0219i precis\u0103 a fazei pinioanelor \u0219i arborilor | Zero-Max A\/S","isPartOf":{"@id":"https:\/\/zero-max.dk\/#website"},"datePublished":"2019-01-02T16:41:36+00:00","dateModified":"2025-04-07T09:51:54+00:00","description":"Butucii de aliniere a fazelor sunt at\u00e2t economici \u00een exploatare, c\u00e2t \u0219i foarte preci\u0219i la utilizare. Este o modalitate u\u0219oar\u0103 de a schimba fazele unei componente de ac\u021bionare \u0219i ale arborelui.","breadcrumb":{"@id":"https:\/\/zero-max.dk\/phase-adjusting-hubs-da\/#breadcrumb"},"inLanguage":"ro-RO","potentialAction":[{"@type":"ReadAction","target":["https:\/\/zero-max.dk\/phase-adjusting-hubs-da\/"]}]},{"@type":"BreadcrumbList","@id":"https:\/\/zero-max.dk\/phase-adjusting-hubs-da\/#breadcrumb","itemListElement":[{"@type":"ListItem","position":1,"name":"Hjem","item":"https:\/\/zero-max.dk\/"},{"@type":"ListItem","position":2,"name":"Fasejusterende nav"}]},{"@type":"WebSite","@id":"https:\/\/zero-max.dk\/#website","url":"https:\/\/zero-max.dk\/","name":"Zero-Max A\/S","description":"","potentialAction":[{"@type":"SearchAction","target":{"@type":"EntryPoint","urlTemplate":"https:\/\/zero-max.dk\/?s={search_term_string}"},"query-input":{"@type":"PropertyValueSpecification","valueRequired":true,"valueName":"search_term_string"}}],"inLanguage":"ro-RO"}]}},"_links":{"self":[{"href":"https:\/\/zero-max.dk\/ro\/wp-json\/wp\/v2\/pages\/937","targetHints":{"allow":["GET"]}}],"collection":[{"href":"https:\/\/zero-max.dk\/ro\/wp-json\/wp\/v2\/pages"}],"about":[{"href":"https:\/\/zero-max.dk\/ro\/wp-json\/wp\/v2\/types\/page"}],"author":[{"embeddable":true,"href":"https:\/\/zero-max.dk\/ro\/wp-json\/wp\/v2\/users\/7"}],"replies":[{"embeddable":true,"href":"https:\/\/zero-max.dk\/ro\/wp-json\/wp\/v2\/comments?post=937"}],"version-history":[{"count":13,"href":"https:\/\/zero-max.dk\/ro\/wp-json\/wp\/v2\/pages\/937\/revisions"}],"predecessor-version":[{"id":6256,"href":"https:\/\/zero-max.dk\/ro\/wp-json\/wp\/v2\/pages\/937\/revisions\/6256"}],"wp:attachment":[{"href":"https:\/\/zero-max.dk\/ro\/wp-json\/wp\/v2\/media?parent=937"}],"curies":[{"name":"wp","href":"https:\/\/api.w.org\/{rel}","templated":true}]}}