{"id":939,"date":"2019-01-02T17:43:02","date_gmt":"2019-01-02T16:43:02","guid":{"rendered":"https:\/\/zero-max.dk\/?page_id=939"},"modified":"2026-01-12T13:44:52","modified_gmt":"2026-01-12T12:44:52","slug":"utilaje-de-imprimare-si-conversie-da","status":"publish","type":"page","link":"https:\/\/zero-max.dk\/ro\/printing-converting-machinery-da\/","title":{"rendered":"Ma\u0219ini de imprimare \u0219i conversie"},"content":{"rendered":"<p>[et_pb_section fb_built=&#8221;1&#8243; _builder_version=&#8221;4.21.0&#8243; custom_padding=&#8221;0px||20px&#8221; animation_style=&#8221;zoom&#8221; border_width_bottom=&#8221;1px&#8221; border_color_bottom=&#8221;#eee&#8221; locked=&#8221;off&#8221; global_colors_info=&#8221;{}&#8221;][et_pb_row column_structure=&#8221;1_3,1_3,1_3&#8243; _builder_version=&#8221;4.16&#8243; custom_padding=&#8221;0px||&#8221; global_colors_info=&#8221;{}&#8221;][et_pb_column type=&#8221;1_3&#8243; _builder_version=&#8221;4.16&#8243; custom_padding=&#8221;|||&#8221; global_colors_info=&#8221;{}&#8221; custom_padding__hover=&#8221;|||&#8221;][et_pb_image src=&#8221;https:\/\/zero-max.dk\/wp-content\/uploads\/2019\/01\/Industri2-1.jpg&#8221; align_tablet=&#8221;center&#8221; align_phone=&#8221;center&#8221; align_last_edited=&#8221;on|desktop&#8221; _builder_version=&#8221;4.16&#8243; custom_margin=&#8221;||0px&#8221; global_colors_info=&#8221;{}&#8221;]<\/p>\n<p>[\/et_pb_image][et_pb_text _builder_version=&#8221;4.16&#8243; text_font=&#8221;Oswald||||||||&#8221; text_orientation=&#8221;center&#8221; custom_margin=&#8221;||0px&#8221; global_colors_info=&#8221;{}&#8221;]<\/p>\n<p><span style=\"font-size: 22px;\">Momentbegr\u00e6nser<\/span><\/p>\n<p>[\/et_pb_text][\/et_pb_column][et_pb_column type=&#8221;1_3&#8243; _builder_version=&#8221;4.16&#8243; custom_padding=&#8221;|||&#8221; global_colors_info=&#8221;{}&#8221; custom_padding__hover=&#8221;|||&#8221;][et_pb_image src=&#8221;https:\/\/zero-max.dk\/wp-content\/uploads\/2019\/01\/kv13.jpg&#8221; align_tablet=&#8221;center&#8221; align_phone=&#8221;center&#8221; align_last_edited=&#8221;on|desktop&#8221; _builder_version=&#8221;4.16&#8243; custom_margin=&#8221;||0px&#8221; global_colors_info=&#8221;{}&#8221;]<\/p>\n<p>[\/et_pb_image][et_pb_text _builder_version=&#8221;4.16&#8243; text_font=&#8221;Oswald||||||||&#8221; text_orientation=&#8221;center&#8221; custom_margin=&#8221;||0px&#8221; global_colors_info=&#8221;{}&#8221;]<\/p>\n<p><span style=\"font-size: 22px;\">Komposit diskkobling<\/span><\/p>\n<p>[\/et_pb_text][\/et_pb_column][et_pb_column type=&#8221;1_3&#8243; _builder_version=&#8221;4.16&#8243; custom_padding=&#8221;|||&#8221; global_colors_info=&#8221;{}&#8221; custom_padding__hover=&#8221;|||&#8221;][et_pb_image src=&#8221;https:\/\/zero-max.dk\/wp-content\/uploads\/2019\/01\/Industri3-1.jpg&#8221; align_tablet=&#8221;center&#8221; align_phone=&#8221;center&#8221; align_last_edited=&#8221;on|desktop&#8221; _builder_version=&#8221;4.16&#8243; max_width=&#8221;97%&#8221; custom_margin=&#8221;||0px&#8221; global_colors_info=&#8221;{}&#8221;]<\/p>\n<p>[\/et_pb_image][et_pb_text _builder_version=&#8221;4.16&#8243; text_font=&#8221;Oswald||||||||&#8221; text_orientation=&#8221;center&#8221; custom_margin=&#8221;||10px&#8221; global_colors_info=&#8221;{}&#8221;]<\/p>\n<p><span style=\"font-size: 22px;\">Schmidt kobling<\/span><\/p>\n<p>[\/et_pb_text][\/et_pb_column][\/et_pb_row][\/et_pb_section][et_pb_section fb_built=&#8221;1&#8243; disabled_on=&#8221;on|off|off&#8221; _builder_version=&#8221;4.16&#8243; background_color=&#8221;#ffffff&#8221; custom_padding=&#8221;20px||20px&#8221; global_colors_info=&#8221;{}&#8221;][et_pb_row _builder_version=&#8221;4.16&#8243; global_colors_info=&#8221;{}&#8221;][et_pb_column type=&#8221;4_4&#8243; _builder_version=&#8221;4.16&#8243; custom_padding=&#8221;|||&#8221; global_colors_info=&#8221;{}&#8221; custom_padding__hover=&#8221;|||&#8221;][et_pb_text _builder_version=&#8221;4.27.4&#8243; link_font=&#8221;||||on||||&#8221; link_text_color=&#8221;#0c71c3&#8243; header_3_text_color=&#8221;#003366&#8243; hover_enabled=&#8221;0&#8243; global_colors_info=&#8221;{}&#8221; sticky_enabled=&#8221;0&#8243;]<\/p>\n<h1>INDUSTRI<\/h1>\n<h2><span class=\"textheading2 mobile-undersized-upper\">Anbefalinger <\/span><\/h2>\n<p>For at hj\u00e6lpe bedst muligt i processen b\u00f8r du overveje disse muligheder med Zero-Max:<\/p>\n<p><a href=\"\/komposit-diskkoblinger-seo\/\">CD-koblinger<\/a> &#8211; H\u00f8j ydeevne uden tilbageslag. Kobling til servo-drivere og forbedret maskinregistrering.<\/p>\n<p><a href=\"https:\/\/zero-max.dk\/servoclass-couplings-da\/\">ServoClass-koblinger<\/a> \u2013 H\u00f8j vridningsstiv kobling til servo-drivere og forbedret maskineregistrering..<\/p>\n<p><a href=\"https:\/\/zero-max.dk\/schmidt-couplings-da\/\">Schmidt-koblinger<\/a> \u2013 Koblinger til forskudte aksler i embossingsapplikationer.<\/p>\n<p><a href=\"https:\/\/zero-max.dk\/adjustable-speed-drives-da\/\">Justerbare hastighedsdrev<\/a> \u2013 Uendeligt justerbare hastighedsdrev til transportanl\u00e6g, ruller og processudstyr.<\/p>\n<p><a href=\"https:\/\/zero-max.dk\/crown-gear-right-angle-gearbox-da\/\">Crown vinkelgear<\/a> \u2013 Bl\u00f8dt, lavt sl\u00f8r og stille.<\/p>\n<p><a href=\"https:\/\/zero-max.dk\/overload-safety-device-da\/\">Torq-Tenders<\/a> \u2013\u00a0Manipulationssikret beskyttelse mod overbelastning.<\/p>\n<p><a href=\"https:\/\/zero-max.dk\/linear-actuators-da\/\">Roh\u2019Lix \u2013 <\/a>\u00a0\u00a0Line\u00e6re aktuatorer til at omdanne rotationsbev\u00e6gelser til pr\u00e6cise line\u00e6re bev\u00e6gelser med indbygget beskyttelse mod overbelastning.<\/p>\n<p><a href=\"https:\/\/zero-max.dk\/phase-adjusting-hubs-da\/\">Phas-Lok<\/a> \u2013\u00a0Enkel og positiv fasejustering til k\u00e6dedrev.<\/p>\n<p>[\/et_pb_text][\/et_pb_column][\/et_pb_row][\/et_pb_section][et_pb_section fb_built=&#8221;1&#8243; _builder_version=&#8221;4.16&#8243; background_color=&#8221;#003366&#8243; global_colors_info=&#8221;{}&#8221;][et_pb_row _builder_version=&#8221;4.16&#8243; global_colors_info=&#8221;{}&#8221;][et_pb_column type=&#8221;4_4&#8243; _builder_version=&#8221;4.16&#8243; custom_padding=&#8221;|||&#8221; global_colors_info=&#8221;{}&#8221; custom_padding__hover=&#8221;|||&#8221;][et_pb_text _builder_version=&#8221;4.16&#8243; text_text_color=&#8221;#ffffff&#8221; header_2_text_color=&#8221;#ffffff&#8221; header_3_text_color=&#8221;#ffffff&#8221; global_colors_info=&#8221;{}&#8221;]<\/p>\n<h2><span class=\"textheading2 mobile-undersized-upper\">INDUSTRI<\/span><\/h2>\n<h3>Printere &amp; konverteringsmaskiner<\/h3>\n<p>Hurtig registrering er afg\u00f8rende i printer- og papirapplikationer. Webmateriale skal afstemmes perfekt for en skarp printerregistrering og for laminering af h\u00f8jeste kvalitet, sk\u00e5ret, til pr\u00e6gede og langsk\u00e5rne opgaver. Zero-Max tilbyder printerpressere og \u2013 papirkonverteringssystemer en bred vifte af komponenter inden for bev\u00e6gelseskontrol for at forbedre systemhastigheden, mens der samtidig sikres et resultat af den allerh\u00f8jeste kvalitet.<\/p>\n<p>&nbsp;<\/p>\n<p>Med et forh\u00f8jet brug af servo-motorer i disse maskiner er Zero-Maxs CD kobling og ServoClass koblingens store pr\u00e6cision og robuste design det foretrukne valg. Mens printer- og konverteringssystemer anerkender at der er mange muligheder for at forbinde en servo-motor med en kugleskrue akuatorer, tid,\u00a0 foretr\u00e6kker de Zero-Maxs koblinger med den store p\u00e5lidelighed og h\u00f8je ydeevne.<\/p>\n<p>[\/et_pb_text][\/et_pb_column][\/et_pb_row][\/et_pb_section][et_pb_section fb_built=&#8221;1&#8243; _builder_version=&#8221;4.16&#8243; global_colors_info=&#8221;{}&#8221;][et_pb_row _builder_version=&#8221;4.16&#8243; custom_padding=&#8221;||0px&#8221; global_colors_info=&#8221;{}&#8221;][et_pb_column type=&#8221;4_4&#8243; _builder_version=&#8221;4.16&#8243; custom_padding=&#8221;|||&#8221; global_colors_info=&#8221;{}&#8221; custom_padding__hover=&#8221;|||&#8221;][et_pb_text _builder_version=&#8221;4.16&#8243; header_font=&#8221;||||||||&#8221; header_3_font=&#8221;||||||||&#8221; header_3_text_color=&#8221;#003366&#8243; global_colors_info=&#8221;{}&#8221;]<\/p>\n<h2><span class=\"textheading2 mobile-undersized-upper\">INDUSTRIES<\/span><\/h2>\n<h3><span class=\"textheading2 mobile-undersized-upper\">Downloads<\/span><\/h3>\n<p><span>Downloads Catalog:<\/span><\/p>\n<p>[\/et_pb_text][\/et_pb_column][\/et_pb_row][et_pb_row column_structure=&#8221;1_2,1_2&#8243; _builder_version=&#8221;4.16&#8243; locked=&#8221;off&#8221; global_colors_info=&#8221;{}&#8221;][et_pb_column type=&#8221;1_2&#8243; _builder_version=&#8221;4.16&#8243; custom_padding=&#8221;|||&#8221; global_colors_info=&#8221;{}&#8221; custom_padding__hover=&#8221;|||&#8221;][et_pb_text _builder_version=&#8221;4.16&#8243; link_font=&#8221;||||on||||&#8221; link_text_color=&#8221;#0c71c3&#8243; header_3_text_color=&#8221;#003366&#8243; global_colors_info=&#8221;{}&#8221;]<\/p>\n<ul>\n<li><a href=\"https:\/\/zero-max.dk\/wp-content\/uploads\/2019\/01\/ZM-CD-Couplings-brochure.pdf\" target=\"_blank\" rel=\"noopener noreferrer\">CD koblinger<\/a><\/li>\n<li><a href=\"https:\/\/zero-max.dk\/wp-content\/uploads\/2019\/01\/Zero-Max_ServoClass.pdf\" target=\"_blank\" rel=\"noopener noreferrer\">ServoClass koblinger<\/a><\/li>\n<li><a href=\"https:\/\/zero-max.dk\/wp-content\/uploads\/2019\/01\/Schmidt-Offset-Couplings.pdf\" target=\"_blank\" rel=\"noopener noreferrer\">Schmidt koblinger<\/a><\/li>\n<li><a href=\"https:\/\/zero-max.dk\/wp-content\/uploads\/2019\/01\/ZM-Adjustable-Speed-Drives-brochure.pdf\" target=\"_blank\" rel=\"noopener noreferrer\">Adjustable Speed Drives<\/a><\/li>\n<\/ul>\n<p>[\/et_pb_text][\/et_pb_column][et_pb_column type=&#8221;1_2&#8243; _builder_version=&#8221;4.16&#8243; custom_padding=&#8221;|||&#8221; global_colors_info=&#8221;{}&#8221; custom_padding__hover=&#8221;|||&#8221;][et_pb_text _builder_version=&#8221;4.16&#8243; link_font=&#8221;||||on||||&#8221; link_text_color=&#8221;#0c71c3&#8243; header_3_text_color=&#8221;#003366&#8243; global_colors_info=&#8221;{}&#8221;]<\/p>\n<ul>\n<li><a href=\"https:\/\/zero-max.dk\/wp-content\/uploads\/2019\/01\/ZM-Right-Angle-Crown-Gear-Drives-brochure.pdf\" target=\"_blank\" rel=\"noopener noreferrer\">Crown geardrev<\/a><\/li>\n<li><a href=\"https:\/\/zero-max.dk\/wp-content\/uploads\/2019\/01\/ZM-Overload-Safety-Couplings-brochure.pdf\" target=\"_blank\" rel=\"noopener noreferrer\">Momentbegr\u00e6nsere<\/a><\/li>\n<li><a href=\"https:\/\/zero-max.dk\/wp-content\/uploads\/2019\/01\/ZM-Rohlix-Linear-Actuators-brochure.pdf\" target=\"_blank\" rel=\"noopener noreferrer\">Roh\u2019Lix \u2013 line\u00e6re aktuatorer<\/a><\/li>\n<li><a href=\"https:\/\/zero-max.dk\/wp-content\/uploads\/2019\/01\/ZeroMax_Phas_Lok.pdf\" target=\"_blank\" rel=\"noopener noreferrer\">Phas- Lok<\/a><\/li>\n<\/ul>\n<p>[\/et_pb_text][\/et_pb_column][\/et_pb_row][\/et_pb_section][et_pb_section fb_built=&#8221;1&#8243; disabled_on=&#8221;on|on|on&#8221; _builder_version=&#8221;4.6.1&#8243; background_color=&#8221;#003366&#8243; custom_padding=&#8221;0px||0px&#8221; disabled=&#8221;on&#8221; global_module=&#8221;1044&#8243; global_colors_info=&#8221;{}&#8221;][et_pb_row column_structure=&#8221;1_3,1_3,1_3&#8243; _builder_version=&#8221;4.16&#8243; max_width=&#8221;1080px&#8221; global_colors_info=&#8221;{}&#8221;][et_pb_column type=&#8221;1_3&#8243; _builder_version=&#8221;4.16&#8243; custom_padding=&#8221;|||&#8221; global_colors_info=&#8221;{}&#8221; custom_padding__hover=&#8221;|||&#8221;][et_pb_text _builder_version=&#8221;4.16&#8243; header_2_text_align=&#8221;center&#8221; header_2_text_color=&#8221;#99ccff&#8221; header_2_font_size=&#8221;14px&#8221; custom_margin=&#8221;0px||0px&#8221; custom_padding=&#8221;0px||0px&#8221; global_colors_info=&#8221;{}&#8221;]<\/p>\n<h2>Zero Max<\/h2>\n<p>[\/et_pb_text][et_pb_text _builder_version=&#8221;4.16&#8243; text_font=&#8221;||||||||&#8221; header_font=&#8221;||||||||&#8221; background_image=&#8221;https:\/\/zero-max.dk\/wp-content\/uploads\/2018\/12\/Boxes.jpg&#8221; text_orientation=&#8221;center&#8221; custom_margin=&#8221;0px||0px&#8221; custom_padding=&#8221;10px|20px|26px|20px&#8221; border_width_all=&#8221;1px&#8221; border_color_all=&#8221;#ffffff&#8221; global_colors_info=&#8221;{}&#8221;]<\/p>\n<p>Our gobal perspektive makes it possible to provide our customer with quality products at competitive pricing to any location<\/p>\n<p>[\/et_pb_text][\/et_pb_column][et_pb_column type=&#8221;1_3&#8243; _builder_version=&#8221;4.16&#8243; custom_padding=&#8221;|||&#8221; global_colors_info=&#8221;{}&#8221; custom_padding__hover=&#8221;|||&#8221;][et_pb_text _builder_version=&#8221;4.16&#8243; header_2_text_align=&#8221;center&#8221; header_2_text_color=&#8221;#99ccff&#8221; header_2_font_size=&#8221;14px&#8221; custom_margin=&#8221;0px||0px&#8221; custom_padding=&#8221;0px||0px&#8221; global_colors_info=&#8221;{}&#8221;]<\/p>\n<h2>World-Leading Expert !<\/h2>\n<p>[\/et_pb_text][et_pb_text _builder_version=&#8221;4.16&#8243; text_font=&#8221;||||||||&#8221; header_font=&#8221;||||||||&#8221; background_image=&#8221;https:\/\/zero-max.dk\/wp-content\/uploads\/2018\/12\/Boxes.jpg&#8221; text_orientation=&#8221;center&#8221; custom_margin=&#8221;0px||0px&#8221; custom_padding=&#8221;10px|20px|25px|20px&#8221; border_width_all=&#8221;1px&#8221; border_color_all=&#8221;#ffffff&#8221; global_colors_info=&#8221;{}&#8221;]<\/p>\n<p>Zero-Max combines decades of industry leading experience with unparalleled expertise in motion control solutions<\/p>\n<p>[\/et_pb_text][\/et_pb_column][et_pb_column type=&#8221;1_3&#8243; _builder_version=&#8221;4.16&#8243; custom_padding=&#8221;|||&#8221; global_colors_info=&#8221;{}&#8221; custom_padding__hover=&#8221;|||&#8221;][et_pb_text _builder_version=&#8221;4.16&#8243; header_2_text_align=&#8221;center&#8221; header_2_text_color=&#8221;#99ccff&#8221; header_2_font_size=&#8221;14px&#8221; custom_margin=&#8221;0px||0px&#8221; custom_padding=&#8221;0px||0px&#8221; global_colors_info=&#8221;{}&#8221;]<\/p>\n<h2>Get in touch!<\/h2>\n<p>[\/et_pb_text][et_pb_text _builder_version=&#8221;4.16&#8243; text_font=&#8221;||||||||&#8221; header_font=&#8221;||||||||&#8221; background_image=&#8221;https:\/\/zero-max.dk\/wp-content\/uploads\/2018\/12\/Boxes.jpg&#8221; text_orientation=&#8221;center&#8221; custom_margin=&#8221;0px||0px&#8221; custom_padding=&#8221;10px|10px|10px|10px&#8221; border_width_all=&#8221;1px&#8221; border_color_all=&#8221;#ffffff&#8221; global_colors_info=&#8221;{}&#8221;]<\/p>\n<p>Zero-Max A\/S<br \/>Mail: ext@zero-max.dk <br \/>Haarup Tvaevej 1<br \/>DK &#8211; 8600 Silkeborg<\/p>\n<p>[\/et_pb_text][\/et_pb_column][\/et_pb_row][\/et_pb_section]<\/p>\n","protected":false},"excerpt":{"rendered":"<p>Momentbegr\u00e6nser Komposit diskkobling Schmidt kobling INDUSTRI Anbefalinger For at hj\u00e6lpe bedst muligt i processen b\u00f8r du overveje disse muligheder med Zero-Max: CD-koblinger &#8211; H\u00f8j ydeevne uden tilbageslag. Kobling til servo-drivere og forbedret maskinregistrering. ServoClass-koblinger \u2013 H\u00f8j vridningsstiv kobling til servo-drivere og forbedret maskineregistrering.. Schmidt-koblinger \u2013 Koblinger til forskudte aksler i embossingsapplikationer. Justerbare hastighedsdrev \u2013 Uendeligt [&hellip;]<\/p>\n","protected":false},"author":7,"featured_media":0,"parent":0,"menu_order":0,"comment_status":"closed","ping_status":"closed","template":"","meta":{"_et_pb_use_builder":"on","_et_pb_old_content":"","_et_gb_content_width":"","footnotes":""},"class_list":["post-939","page","type-page","status-publish","hentry"],"yoast_head":"<!-- This site is optimized with the Yoast SEO plugin v27.5 - https:\/\/yoast.com\/product\/yoast-seo-wordpress\/ -->\n<title>Trykkeri- og konverteringsmaskiner - Zero-Max A\/S<\/title>\n<meta name=\"description\" content=\"Opn\u00e5 pr\u00e6cis registrering og h\u00f8j ydeevne i printer- og papirkonverteringssystemer med Zero-Max koblinger, aktuatorer og drev \u2013 ideelt til servo-motor\" \/>\n<meta name=\"robots\" content=\"index, follow, max-snippet:-1, max-image-preview:large, max-video-preview:-1\" \/>\n<link rel=\"canonical\" href=\"https:\/\/zero-max.dk\/ro\/utilaje-de-imprimare-si-conversie-da\/\" \/>\n<meta property=\"og:locale\" content=\"ro_RO\" \/>\n<meta property=\"og:type\" content=\"article\" \/>\n<meta property=\"og:title\" content=\"Trykkeri- og konverteringsmaskiner - Zero-Max A\/S\" \/>\n<meta property=\"og:description\" content=\"Opn\u00e5 pr\u00e6cis registrering og h\u00f8j ydeevne i printer- og papirkonverteringssystemer med Zero-Max koblinger, aktuatorer og drev \u2013 ideelt til servo-motor\" \/>\n<meta property=\"og:url\" content=\"https:\/\/zero-max.dk\/ro\/utilaje-de-imprimare-si-conversie-da\/\" \/>\n<meta property=\"og:site_name\" content=\"Zero-Max A\/S\" \/>\n<meta property=\"article:modified_time\" content=\"2026-01-12T12:44:52+00:00\" \/>\n<meta name=\"twitter:card\" content=\"summary_large_image\" \/>\n<meta name=\"twitter:label1\" content=\"Timp estimat pentru citire\" \/>\n\t<meta name=\"twitter:data1\" content=\"2 minute\" \/>\n<script type=\"application\/ld+json\" class=\"yoast-schema-graph\">{\"@context\":\"https:\\\/\\\/schema.org\",\"@graph\":[{\"@type\":\"WebPage\",\"@id\":\"https:\\\/\\\/zero-max.dk\\\/printing-converting-machinery-da\\\/\",\"url\":\"https:\\\/\\\/zero-max.dk\\\/printing-converting-machinery-da\\\/\",\"name\":\"Trykkeri- og konverteringsmaskiner - Zero-Max A\\\/S\",\"isPartOf\":{\"@id\":\"https:\\\/\\\/zero-max.dk\\\/#website\"},\"datePublished\":\"2019-01-02T16:43:02+00:00\",\"dateModified\":\"2026-01-12T12:44:52+00:00\",\"description\":\"Opn\u00e5 pr\u00e6cis registrering og h\u00f8j ydeevne i printer- og papirkonverteringssystemer med Zero-Max koblinger, aktuatorer og drev \u2013 ideelt til servo-motor\",\"breadcrumb\":{\"@id\":\"https:\\\/\\\/zero-max.dk\\\/printing-converting-machinery-da\\\/#breadcrumb\"},\"inLanguage\":\"ro-RO\",\"potentialAction\":[{\"@type\":\"ReadAction\",\"target\":[\"https:\\\/\\\/zero-max.dk\\\/printing-converting-machinery-da\\\/\"]}]},{\"@type\":\"BreadcrumbList\",\"@id\":\"https:\\\/\\\/zero-max.dk\\\/printing-converting-machinery-da\\\/#breadcrumb\",\"itemListElement\":[{\"@type\":\"ListItem\",\"position\":1,\"name\":\"Hjem\",\"item\":\"https:\\\/\\\/zero-max.dk\\\/\"},{\"@type\":\"ListItem\",\"position\":2,\"name\":\"Trykkeri- og konverteringsmaskiner\"}]},{\"@type\":\"WebSite\",\"@id\":\"https:\\\/\\\/zero-max.dk\\\/#website\",\"url\":\"https:\\\/\\\/zero-max.dk\\\/\",\"name\":\"Zero-Max A\\\/S\",\"description\":\"\",\"potentialAction\":[{\"@type\":\"SearchAction\",\"target\":{\"@type\":\"EntryPoint\",\"urlTemplate\":\"https:\\\/\\\/zero-max.dk\\\/?s={search_term_string}\"},\"query-input\":{\"@type\":\"PropertyValueSpecification\",\"valueRequired\":true,\"valueName\":\"search_term_string\"}}],\"inLanguage\":\"ro-RO\"}]}<\/script>\n<!-- \/ Yoast SEO plugin. -->","yoast_head_json":{"title":"Ma\u0219ini de imprimat \u0219i transformat - Zero-Max A\/S","description":"Ob\u021bine\u021bi o \u00eenregistrare precis\u0103 \u0219i performan\u021be ridicate \u00een imprimante \u0219i sisteme de conversie a h\u00e2rtiei cu cuplajele, actuatoarele \u0219i ac\u021bion\u0103rile Zero-Max - ideale pentru servomotoare","robots":{"index":"index","follow":"follow","max-snippet":"max-snippet:-1","max-image-preview":"max-image-preview:large","max-video-preview":"max-video-preview:-1"},"canonical":"https:\/\/zero-max.dk\/ro\/utilaje-de-imprimare-si-conversie-da\/","og_locale":"ro_RO","og_type":"article","og_title":"Trykkeri- og konverteringsmaskiner - Zero-Max A\/S","og_description":"Opn\u00e5 pr\u00e6cis registrering og h\u00f8j ydeevne i printer- og papirkonverteringssystemer med Zero-Max koblinger, aktuatorer og drev \u2013 ideelt til servo-motor","og_url":"https:\/\/zero-max.dk\/ro\/utilaje-de-imprimare-si-conversie-da\/","og_site_name":"Zero-Max A\/S","article_modified_time":"2026-01-12T12:44:52+00:00","twitter_card":"summary_large_image","twitter_misc":{"Timp estimat pentru citire":"2 minute"},"schema":{"@context":"https:\/\/schema.org","@graph":[{"@type":"WebPage","@id":"https:\/\/zero-max.dk\/printing-converting-machinery-da\/","url":"https:\/\/zero-max.dk\/printing-converting-machinery-da\/","name":"Ma\u0219ini de imprimat \u0219i transformat - Zero-Max A\/S","isPartOf":{"@id":"https:\/\/zero-max.dk\/#website"},"datePublished":"2019-01-02T16:43:02+00:00","dateModified":"2026-01-12T12:44:52+00:00","description":"Ob\u021bine\u021bi o \u00eenregistrare precis\u0103 \u0219i performan\u021be ridicate \u00een imprimante \u0219i sisteme de conversie a h\u00e2rtiei cu cuplajele, actuatoarele \u0219i ac\u021bion\u0103rile Zero-Max - ideale pentru servomotoare","breadcrumb":{"@id":"https:\/\/zero-max.dk\/printing-converting-machinery-da\/#breadcrumb"},"inLanguage":"ro-RO","potentialAction":[{"@type":"ReadAction","target":["https:\/\/zero-max.dk\/printing-converting-machinery-da\/"]}]},{"@type":"BreadcrumbList","@id":"https:\/\/zero-max.dk\/printing-converting-machinery-da\/#breadcrumb","itemListElement":[{"@type":"ListItem","position":1,"name":"Hjem","item":"https:\/\/zero-max.dk\/"},{"@type":"ListItem","position":2,"name":"Trykkeri- og konverteringsmaskiner"}]},{"@type":"WebSite","@id":"https:\/\/zero-max.dk\/#website","url":"https:\/\/zero-max.dk\/","name":"Zero-Max A\/S","description":"","potentialAction":[{"@type":"SearchAction","target":{"@type":"EntryPoint","urlTemplate":"https:\/\/zero-max.dk\/?s={search_term_string}"},"query-input":{"@type":"PropertyValueSpecification","valueRequired":true,"valueName":"search_term_string"}}],"inLanguage":"ro-RO"}]}},"_links":{"self":[{"href":"https:\/\/zero-max.dk\/ro\/wp-json\/wp\/v2\/pages\/939","targetHints":{"allow":["GET"]}}],"collection":[{"href":"https:\/\/zero-max.dk\/ro\/wp-json\/wp\/v2\/pages"}],"about":[{"href":"https:\/\/zero-max.dk\/ro\/wp-json\/wp\/v2\/types\/page"}],"author":[{"embeddable":true,"href":"https:\/\/zero-max.dk\/ro\/wp-json\/wp\/v2\/users\/7"}],"replies":[{"embeddable":true,"href":"https:\/\/zero-max.dk\/ro\/wp-json\/wp\/v2\/comments?post=939"}],"version-history":[{"count":12,"href":"https:\/\/zero-max.dk\/ro\/wp-json\/wp\/v2\/pages\/939\/revisions"}],"predecessor-version":[{"id":6491,"href":"https:\/\/zero-max.dk\/ro\/wp-json\/wp\/v2\/pages\/939\/revisions\/6491"}],"wp:attachment":[{"href":"https:\/\/zero-max.dk\/ro\/wp-json\/wp\/v2\/media?parent=939"}],"curies":[{"name":"wp","href":"https:\/\/api.w.org\/{rel}","templated":true}]}}