{"id":945,"date":"2019-01-02T17:45:01","date_gmt":"2019-01-02T16:45:01","guid":{"rendered":"https:\/\/zero-max.dk\/?page_id=945"},"modified":"2025-08-12T13:42:31","modified_gmt":"2025-08-12T11:42:31","slug":"unitati-reversibile-da","status":"publish","type":"page","link":"https:\/\/zero-max.dk\/ro\/reversible-drives-da\/","title":{"rendered":"Ac\u021bionare bidirec\u021bional\u0103 a vitezei"},"content":{"rendered":"<p>[et_pb_section fb_built=&#8221;1&#8243; _builder_version=&#8221;4.21.0&#8243; background_image=&#8221;https:\/\/zero-max.dk\/wp-content\/uploads\/2018\/12\/1152-Drives-Tops-1.jpg&#8221; custom_padding=&#8221;8%||&#8221; animation_style=&#8221;zoom&#8221; custom_css_main_element=&#8221;height: 450px;&#8221; border_width_bottom=&#8221;1px&#8221; border_color_bottom=&#8221;#e5e5e5&#8243; global_colors_info=&#8221;{}&#8221;][et_pb_row _builder_version=&#8221;4.21.0&#8243; custom_margin=&#8221;-79px|6px|||false|false&#8221; custom_margin_tablet=&#8221;-79px|6px|||false|false&#8221; custom_margin_phone=&#8221;-53px|6px|||false|false&#8221; custom_margin_last_edited=&#8221;on|phone&#8221; global_colors_info=&#8221;{}&#8221;][et_pb_column type=&#8221;4_4&#8243; _builder_version=&#8221;4.16&#8243; custom_padding=&#8221;|||&#8221; global_colors_info=&#8221;{}&#8221; custom_padding__hover=&#8221;|||&#8221;][et_pb_text _builder_version=&#8221;4.21.0&#8243; text_font=&#8221;Oswald||||||||&#8221; text_text_color=&#8221;#013366&#8243; text_font_size=&#8221;26px&#8221; text_letter_spacing=&#8221;4px&#8221; text_line_height=&#8221;1.1em&#8221; text_orientation=&#8221;right&#8221; global_colors_info=&#8221;{}&#8221;]Unikke mekanisk variabel hastighed<br \/>\ntransmissionsdrev[\/et_pb_text][\/et_pb_column][\/et_pb_row][\/et_pb_section][et_pb_section fb_built=&#8221;1&#8243; disabled_on=&#8221;on|off|off&#8221; _builder_version=&#8221;4.16&#8243; background_color=&#8221;#ffffff&#8221; custom_padding=&#8221;20px||20px&#8221; global_colors_info=&#8221;{}&#8221;][et_pb_row _builder_version=&#8221;4.16&#8243; global_colors_info=&#8221;{}&#8221;][et_pb_column type=&#8221;4_4&#8243; _builder_version=&#8221;4.16&#8243; custom_padding=&#8221;|||&#8221; global_colors_info=&#8221;{}&#8221; custom_padding__hover=&#8221;|||&#8221;][et_pb_text _builder_version=&#8221;4.27.4&#8243; header_text_align=&#8221;center&#8221; header_2_text_align=&#8221;center&#8221; header_3_text_color=&#8221;#003366&#8243; global_colors_info=&#8221;{}&#8221;]<\/p>\n<h1><span class=\"textheading2 mobile-undersized-upper\">JUSTERBARE HASTIGHEDSDREV<\/span><\/h1>\n<h1><span class=\"textheading2 mobile-undersized-upper\">Tovejs<\/span><\/h1>\n<p>[\/et_pb_text][\/et_pb_column][\/et_pb_row][et_pb_row _builder_version=&#8221;4.27.4&#8243; _module_preset=&#8221;default&#8221; global_colors_info=&#8221;{}&#8221;][et_pb_column type=&#8221;4_4&#8243; _builder_version=&#8221;4.27.4&#8243; _module_preset=&#8221;default&#8221; global_colors_info=&#8221;{}&#8221;][et_pb_text _builder_version=&#8221;4.27.4&#8243; _module_preset=&#8221;default&#8221; width=&#8221;80%&#8221; module_alignment=&#8221;center&#8221; hover_enabled=&#8221;0&#8243; global_colors_info=&#8221;{}&#8221; sticky_enabled=&#8221;0&#8243;]<\/p>\n<h3 data-start=\"157\" data-end=\"195\" class=\"\">Pr\u00e6cis styring i begge retninger<\/h3>\n<p data-start=\"196\" data-end=\"502\" class=\"\">Zero-Max\u2019 <strong data-start=\"206\" data-end=\"242\">tovejs justerbare hastighedsdrev<\/strong> er den ideelle l\u00f8sning, n\u00e5r der kr\u00e6ves <strong data-start=\"282\" data-end=\"304\">variable omdrejninger<\/strong> og <strong data-start=\"308\" data-end=\"328\">reversibel drift<\/strong> i \u00e9n og samme enhed. Med mulighed for justering fra <strong data-start=\"381\" data-end=\"414\">400 RPM til 0 og tilbage igen<\/strong>, leverer disse mekaniske drev h\u00f8j n\u00f8jagtighed og fleksibilitet \u2013 selv under belastning.<\/p>\n<p data-start=\"504\" data-end=\"816\" class=\"\">Drevene er konstrueret til applikationer, hvor det er n\u00f8dvendigt at kunne <strong data-start=\"578\" data-end=\"629\">skifte retning eller nulstille udgangsretningen<\/strong> uden at g\u00e5 p\u00e5 kompromis med moment og hastighedsstyring. Samtidig giver de <strong data-start=\"705\" data-end=\"724\">konstant moment<\/strong> og mulighed for <strong data-start=\"741\" data-end=\"778\">gentagne og pr\u00e6cise indstillinger<\/strong> \u2013 alt sammen uden brug af elektronik.<\/p>\n<p data-start=\"818\" data-end=\"1058\" class=\"\">\u2705 Reversibel hastighedsregulering<br data-start=\"851\" data-end=\"854\" \/>\u2705 Konstant moment over hele hastighedsintervallet<br data-start=\"903\" data-end=\"906\" \/>\u2705 Tovejs bev\u00e6gelse \u2013 perfekt til \u201cdancer\u201d applikationer og pr\u00e6cis cyklisk kontrol<br data-start=\"987\" data-end=\"990\" \/>\u2705 Velegnet til automatisering, trykstyring og industrielle processer<\/p>\n<p data-start=\"1060\" data-end=\"1247\" class=\"\">Modellerne f\u00e5s i forskellige st\u00f8rrelser og momentklasser \u2013 herunder med mulighed for tilkobling af <strong data-start=\"1159\" data-end=\"1187\">h\u00f8jrevinklede gearkasser<\/strong> og <strong data-start=\"1191\" data-end=\"1202\">motorer<\/strong> i forskellige sp\u00e6ndinger og konfigurationer.<\/p>\n<p data-start=\"1249\" data-end=\"1334\" class=\"\">G\u00e5 p\u00e5 opdagelse i udvalget herunder og find det drev, der passer til din applikation:<\/p>\n<p>[\/et_pb_text][\/et_pb_column][\/et_pb_row][et_pb_row column_structure=&#8221;1_3,1_3,1_3&#8243; _builder_version=&#8221;4.16&#8243; global_colors_info=&#8221;{}&#8221;][et_pb_column type=&#8221;1_3&#8243; _builder_version=&#8221;4.16&#8243; custom_padding=&#8221;|||&#8221; global_colors_info=&#8221;{}&#8221; custom_padding__hover=&#8221;|||&#8221;][et_pb_blurb title=&#8221;E Model 3&#8243; image=&#8221;https:\/\/zero-max.dk\/wp-content\/uploads\/2018\/12\/E3.jpg&#8221; _builder_version=&#8221;4.27.4&#8243; header_level=&#8221;h2&#8243; hover_enabled=&#8221;0&#8243; global_colors_info=&#8221;{}&#8221; sticky_enabled=&#8221;0&#8243;]<\/p>\n<p>E Model 1, 2, 41 og 42<\/p>\n<ul>\n<li>Momentvurdering 12 in. lbs.<\/li>\n<li>Omdrejning 400-0-400.<\/li>\n<li>Normalt Input 1\/4 -1\/3 H.P.<\/li>\n<\/ul>\n<p>[\/et_pb_blurb][\/et_pb_column][et_pb_column type=&#8221;1_3&#8243; _builder_version=&#8221;4.16&#8243; custom_padding=&#8221;|||&#8221; global_colors_info=&#8221;{}&#8221; custom_padding__hover=&#8221;|||&#8221;][et_pb_blurb title=&#8221;JK Modeller&#8221; image=&#8221;https:\/\/zero-max.dk\/wp-content\/uploads\/2018\/12\/JK3.jpg&#8221; _builder_version=&#8221;4.27.4&#8243; header_level=&#8221;h2&#8243; hover_enabled=&#8221;0&#8243; global_colors_info=&#8221;{}&#8221; sticky_enabled=&#8221;0&#8243;]<\/p>\n<p>JK Modeller 1, 2, 41 og 42<\/p>\n<ul>\n<li>Momentvurderinger 25 in. lbs.<\/li>\n<li>Omdrejning 400-0-400.<\/li>\n<li>Normalt Input 1\/4 -1\/3 H.P.<\/li>\n<\/ul>\n<p>[\/et_pb_blurb][\/et_pb_column][et_pb_column type=&#8221;1_3&#8243; _builder_version=&#8221;4.16&#8243; custom_padding=&#8221;|||&#8221; global_colors_info=&#8221;{}&#8221; custom_padding__hover=&#8221;|||&#8221;][et_pb_blurb title=&#8221;Y Model 3&#8243; image=&#8221;https:\/\/zero-max.dk\/wp-content\/uploads\/2018\/12\/Y3.jpg&#8221; _builder_version=&#8221;4.27.4&#8243; header_level=&#8221;h2&#8243; hover_enabled=&#8221;0&#8243; global_colors_info=&#8221;{}&#8221; sticky_enabled=&#8221;0&#8243;]<\/p>\n<p>Y Modeller 1, 2, 41 og 42<\/p>\n<ul>\n<li>Momentvurdering 60 in. lbs.<\/li>\n<li>Omdrejning 0-400.<\/li>\n<li>Normalt Input 1\/2 H.P.<\/li>\n<\/ul>\n<p>[\/et_pb_blurb][\/et_pb_column][\/et_pb_row][et_pb_row column_structure=&#8221;1_3,1_3,1_3&#8243; _builder_version=&#8221;4.16&#8243; global_colors_info=&#8221;{}&#8221;][et_pb_column type=&#8221;1_3&#8243; _builder_version=&#8221;4.16&#8243; custom_padding=&#8221;|||&#8221; global_colors_info=&#8221;{}&#8221; custom_padding__hover=&#8221;|||&#8221;][et_pb_blurb title=&#8221;Gearkasser&#8221; image=&#8221;https:\/\/zero-max.dk\/wp-content\/uploads\/2018\/12\/GearHead.jpg&#8221; _builder_version=&#8221;4.16&#8243; header_level=&#8221;h2&#8243; global_colors_info=&#8221;{}&#8221;]<\/p>\n<p>H\u00f8jrevinklede gearkasser.<br \/>Kan f\u00e5s som E og JK modeller.<\/p>\n<p>W1 4:1<br \/>W2 10:1<br \/>W3 20:1<br \/>W4 40:1<\/p>\n<p>[\/et_pb_blurb][\/et_pb_column][et_pb_column type=&#8221;1_3&#8243; _builder_version=&#8221;4.16&#8243; custom_padding=&#8221;|||&#8221; global_colors_info=&#8221;{}&#8221; custom_padding__hover=&#8221;|||&#8221;][et_pb_blurb title=&#8221;Motorer&#8221; image=&#8221;https:\/\/zero-max.dk\/wp-content\/uploads\/2018\/12\/Motors.jpg&#8221; _builder_version=&#8221;4.16&#8243; header_level=&#8221;h2&#8243; global_colors_info=&#8221;{}&#8221;]<\/p>\n<p>Mange popul\u00e6re sp\u00e6ndinger, HZ, <br \/>Fase og kabinetter er tilg\u00e6ngelige til brug med drev<\/p>\n<p>E Models 1,2 og 3<br \/>JK Models 1,2 og 3<\/p>\n<p>[\/et_pb_blurb][\/et_pb_column][et_pb_column type=&#8221;1_3&#8243; _builder_version=&#8221;4.16&#8243; custom_padding=&#8221;|||&#8221; global_colors_info=&#8221;{}&#8221; custom_padding__hover=&#8221;|||&#8221;][\/et_pb_column][\/et_pb_row][\/et_pb_section][et_pb_section fb_built=&#8221;1&#8243; disabled_on=&#8221;on|on|on&#8221; _builder_version=&#8221;4.21.0&#8243; background_color=&#8221;#003366&#8243; custom_padding=&#8221;0px||0px&#8221; disabled=&#8221;on&#8221; global_module=&#8221;1102&#8243; saved_tabs=&#8221;all&#8221; global_colors_info=&#8221;{}&#8221;][et_pb_row column_structure=&#8221;1_3,1_3,1_3&#8243; _builder_version=&#8221;4.16&#8243; global_colors_info=&#8221;{}&#8221;][et_pb_column type=&#8221;1_3&#8243; _builder_version=&#8221;4.16&#8243; custom_padding=&#8221;|||&#8221; global_colors_info=&#8221;{}&#8221; custom_padding__hover=&#8221;|||&#8221;][et_pb_text admin_label=&#8221;Tekst&#8221; _builder_version=&#8221;4.16&#8243; header_2_text_align=&#8221;center&#8221; header_2_text_color=&#8221;#99ccff&#8221; header_2_font_size=&#8221;14px&#8221; custom_margin=&#8221;0px||0px&#8221; custom_padding=&#8221;0px||0px&#8221; global_colors_info=&#8221;{}&#8221;]<\/p>\n<h2>Zero Max &#8211; Industri<\/h2>\n<p>[\/et_pb_text][et_pb_text _builder_version=&#8221;4.16&#8243; background_image=&#8221;https:\/\/zero-max.dk\/wp-content\/uploads\/2018\/12\/Boxes.jpg&#8221; text_orientation=&#8221;center&#8221; custom_margin=&#8221;0px||0px&#8221; custom_padding=&#8221;10px|20px|26px|20px&#8221; border_width_all=&#8221;1px&#8221; border_color_all=&#8221;#ffffff&#8221; global_colors_info=&#8221;{}&#8221;]<\/p>\n<p>Hurtighed, pr\u00e6cision og driftssikkerhed? Overvej en l\u00f8sning fra Zero-Max<\/p>\n<p>[\/et_pb_text][\/et_pb_column][et_pb_column type=&#8221;1_3&#8243; _builder_version=&#8221;4.16&#8243; custom_padding=&#8221;|||&#8221; global_colors_info=&#8221;{}&#8221; custom_padding__hover=&#8221;|||&#8221;][et_pb_text _builder_version=&#8221;4.16&#8243; header_2_text_align=&#8221;center&#8221; header_2_text_color=&#8221;#99ccff&#8221; header_2_font_size=&#8221;14px&#8221; custom_margin=&#8221;0px||0px&#8221; custom_padding=&#8221;0px||0px&#8221; global_colors_info=&#8221;{}&#8221;]<\/p>\n<h2>Zero Max \u2013 Landbrug<\/h2>\n<p>[\/et_pb_text][et_pb_text _builder_version=&#8221;4.16&#8243; background_image=&#8221;https:\/\/zero-max.dk\/wp-content\/uploads\/2018\/12\/Boxes.jpg&#8221; text_orientation=&#8221;center&#8221; custom_margin=&#8221;0px||0px&#8221; custom_padding=&#8221;10px|20px|25px|20px&#8221; border_width_all=&#8221;1px&#8221; border_color_all=&#8221;#ffffff&#8221; global_colors_info=&#8221;{}&#8221;]<\/p>\n<p>St\u00f8rre, tungere, hurtigere? Driftssikker?<br \/>Kundespecifikt designet hos Zero-Max!<\/p>\n<p>[\/et_pb_text][\/et_pb_column][et_pb_column type=&#8221;1_3&#8243; _builder_version=&#8221;4.16&#8243; custom_padding=&#8221;|||&#8221; global_colors_info=&#8221;{}&#8221; custom_padding__hover=&#8221;|||&#8221;][et_pb_text _builder_version=&#8221;4.16&#8243; header_2_text_align=&#8221;center&#8221; header_2_text_color=&#8221;#99ccff&#8221; header_2_font_size=&#8221;14px&#8221; custom_margin=&#8221;0px||0px&#8221; custom_padding=&#8221;0px||0px&#8221; global_colors_info=&#8221;{}&#8221;]<\/p>\n<h2>Zero Max \u2013 Energi<\/h2>\n<p>[\/et_pb_text][et_pb_text admin_label=&#8221;Text&#8221; _builder_version=&#8221;4.16&#8243; background_image=&#8221;https:\/\/zero-max.dk\/wp-content\/uploads\/2018\/12\/Boxes.jpg&#8221; text_orientation=&#8221;center&#8221; custom_margin=&#8221;0px||0px&#8221; custom_padding=&#8221;10px|10px|10px|10px&#8221; border_width_all=&#8221;1px&#8221; border_color_all=&#8221;#ffffff&#8221; global_colors_info=&#8221;{}&#8221;]<\/p>\n<p>St\u00e6rk ydeevne i ekstrem vind? <br \/>Skiftende klimabetingelserne?<br \/>Zero-Max skaber l\u00f8sningen for dig!<\/p>\n<p>[\/et_pb_text][\/et_pb_column][\/et_pb_row][\/et_pb_section]<\/p>\n","protected":false},"excerpt":{"rendered":"<p>Unikke mekanisk variabel hastighed transmissionsdrevJUSTERBARE HASTIGHEDSDREV TovejsPr\u00e6cis styring i begge retninger Zero-Max\u2019 tovejs justerbare hastighedsdrev er den ideelle l\u00f8sning, n\u00e5r der kr\u00e6ves variable omdrejninger og reversibel drift i \u00e9n og samme enhed. Med mulighed for justering fra 400 RPM til 0 og tilbage igen, leverer disse mekaniske drev h\u00f8j n\u00f8jagtighed og fleksibilitet \u2013 selv under [&hellip;]<\/p>\n","protected":false},"author":7,"featured_media":0,"parent":0,"menu_order":0,"comment_status":"closed","ping_status":"closed","template":"","meta":{"_et_pb_use_builder":"on","_et_pb_old_content":"","_et_gb_content_width":"","footnotes":""},"class_list":["post-945","page","type-page","status-publish","hentry"],"yoast_head":"<!-- This site is optimized with the Yoast SEO plugin v27.5 - https:\/\/yoast.com\/product\/yoast-seo-wordpress\/ -->\n<title>Tovejs justerbare hastighedsdrev \u2013 400-0-400 RPM | Zero-Max<\/title>\n<meta name=\"description\" content=\"Tovejs hastighedsdrev fra Zero-Max giver glidende hastighedsskift i begge retninger. Se modeller med moment op til 60 in. lbs. og h\u00f8j driftssikkerhed.\" \/>\n<meta name=\"robots\" content=\"index, follow, max-snippet:-1, max-image-preview:large, max-video-preview:-1\" \/>\n<link rel=\"canonical\" href=\"https:\/\/zero-max.dk\/ro\/unitati-reversibile-da\/\" \/>\n<meta property=\"og:locale\" content=\"ro_RO\" \/>\n<meta property=\"og:type\" content=\"article\" \/>\n<meta property=\"og:title\" content=\"Tovejs justerbare hastighedsdrev \u2013 400-0-400 RPM | Zero-Max\" \/>\n<meta property=\"og:description\" content=\"Tovejs hastighedsdrev fra Zero-Max giver glidende hastighedsskift i begge retninger. Se modeller med moment op til 60 in. lbs. og h\u00f8j driftssikkerhed.\" \/>\n<meta property=\"og:url\" content=\"https:\/\/zero-max.dk\/ro\/unitati-reversibile-da\/\" \/>\n<meta property=\"og:site_name\" content=\"Zero-Max A\/S\" \/>\n<meta property=\"article:modified_time\" content=\"2025-08-12T11:42:31+00:00\" \/>\n<meta name=\"twitter:card\" content=\"summary_large_image\" \/>\n<meta name=\"twitter:label1\" content=\"Timp estimat pentru citire\" \/>\n\t<meta name=\"twitter:data1\" content=\"3 minute\" \/>\n<script type=\"application\/ld+json\" class=\"yoast-schema-graph\">{\"@context\":\"https:\\\/\\\/schema.org\",\"@graph\":[{\"@type\":\"WebPage\",\"@id\":\"https:\\\/\\\/zero-max.dk\\\/reversible-drives-da\\\/\",\"url\":\"https:\\\/\\\/zero-max.dk\\\/reversible-drives-da\\\/\",\"name\":\"Tovejs justerbare hastighedsdrev \u2013 400-0-400 RPM | Zero-Max\",\"isPartOf\":{\"@id\":\"https:\\\/\\\/zero-max.dk\\\/#website\"},\"datePublished\":\"2019-01-02T16:45:01+00:00\",\"dateModified\":\"2025-08-12T11:42:31+00:00\",\"description\":\"Tovejs hastighedsdrev fra Zero-Max giver glidende hastighedsskift i begge retninger. Se modeller med moment op til 60 in. lbs. og h\u00f8j driftssikkerhed.\",\"breadcrumb\":{\"@id\":\"https:\\\/\\\/zero-max.dk\\\/reversible-drives-da\\\/#breadcrumb\"},\"inLanguage\":\"ro-RO\",\"potentialAction\":[{\"@type\":\"ReadAction\",\"target\":[\"https:\\\/\\\/zero-max.dk\\\/reversible-drives-da\\\/\"]}]},{\"@type\":\"BreadcrumbList\",\"@id\":\"https:\\\/\\\/zero-max.dk\\\/reversible-drives-da\\\/#breadcrumb\",\"itemListElement\":[{\"@type\":\"ListItem\",\"position\":1,\"name\":\"Hjem\",\"item\":\"https:\\\/\\\/zero-max.dk\\\/\"},{\"@type\":\"ListItem\",\"position\":2,\"name\":\"Tovejs hastighedsdrev\"}]},{\"@type\":\"WebSite\",\"@id\":\"https:\\\/\\\/zero-max.dk\\\/#website\",\"url\":\"https:\\\/\\\/zero-max.dk\\\/\",\"name\":\"Zero-Max A\\\/S\",\"description\":\"\",\"potentialAction\":[{\"@type\":\"SearchAction\",\"target\":{\"@type\":\"EntryPoint\",\"urlTemplate\":\"https:\\\/\\\/zero-max.dk\\\/?s={search_term_string}\"},\"query-input\":{\"@type\":\"PropertyValueSpecification\",\"valueRequired\":true,\"valueName\":\"search_term_string\"}}],\"inLanguage\":\"ro-RO\"}]}<\/script>\n<!-- \/ Yoast SEO plugin. -->","yoast_head_json":{"title":"Variatoare de vitez\u0103 bidirec\u021bionale reglabile - 400-0-400 RPM | Zero-Max","description":"Transmisiile de vitez\u0103 bidirec\u021bionale Zero-Max asigur\u0103 schimb\u0103ri de vitez\u0103 line \u00een ambele direc\u021bii. Vede\u021bi modelele cu cuplu de p\u00e2n\u0103 la 60 in. lbs. \u0219i fiabilitate ridicat\u0103.","robots":{"index":"index","follow":"follow","max-snippet":"max-snippet:-1","max-image-preview":"max-image-preview:large","max-video-preview":"max-video-preview:-1"},"canonical":"https:\/\/zero-max.dk\/ro\/unitati-reversibile-da\/","og_locale":"ro_RO","og_type":"article","og_title":"Tovejs justerbare hastighedsdrev \u2013 400-0-400 RPM | Zero-Max","og_description":"Tovejs hastighedsdrev fra Zero-Max giver glidende hastighedsskift i begge retninger. Se modeller med moment op til 60 in. lbs. og h\u00f8j driftssikkerhed.","og_url":"https:\/\/zero-max.dk\/ro\/unitati-reversibile-da\/","og_site_name":"Zero-Max A\/S","article_modified_time":"2025-08-12T11:42:31+00:00","twitter_card":"summary_large_image","twitter_misc":{"Timp estimat pentru citire":"3 minute"},"schema":{"@context":"https:\/\/schema.org","@graph":[{"@type":"WebPage","@id":"https:\/\/zero-max.dk\/reversible-drives-da\/","url":"https:\/\/zero-max.dk\/reversible-drives-da\/","name":"Variatoare de vitez\u0103 bidirec\u021bionale reglabile - 400-0-400 RPM | Zero-Max","isPartOf":{"@id":"https:\/\/zero-max.dk\/#website"},"datePublished":"2019-01-02T16:45:01+00:00","dateModified":"2025-08-12T11:42:31+00:00","description":"Transmisiile de vitez\u0103 bidirec\u021bionale Zero-Max asigur\u0103 schimb\u0103ri de vitez\u0103 line \u00een ambele direc\u021bii. Vede\u021bi modelele cu cuplu de p\u00e2n\u0103 la 60 in. lbs. \u0219i fiabilitate ridicat\u0103.","breadcrumb":{"@id":"https:\/\/zero-max.dk\/reversible-drives-da\/#breadcrumb"},"inLanguage":"ro-RO","potentialAction":[{"@type":"ReadAction","target":["https:\/\/zero-max.dk\/reversible-drives-da\/"]}]},{"@type":"BreadcrumbList","@id":"https:\/\/zero-max.dk\/reversible-drives-da\/#breadcrumb","itemListElement":[{"@type":"ListItem","position":1,"name":"Hjem","item":"https:\/\/zero-max.dk\/"},{"@type":"ListItem","position":2,"name":"Tovejs hastighedsdrev"}]},{"@type":"WebSite","@id":"https:\/\/zero-max.dk\/#website","url":"https:\/\/zero-max.dk\/","name":"Zero-Max A\/S","description":"","potentialAction":[{"@type":"SearchAction","target":{"@type":"EntryPoint","urlTemplate":"https:\/\/zero-max.dk\/?s={search_term_string}"},"query-input":{"@type":"PropertyValueSpecification","valueRequired":true,"valueName":"search_term_string"}}],"inLanguage":"ro-RO"}]}},"_links":{"self":[{"href":"https:\/\/zero-max.dk\/ro\/wp-json\/wp\/v2\/pages\/945","targetHints":{"allow":["GET"]}}],"collection":[{"href":"https:\/\/zero-max.dk\/ro\/wp-json\/wp\/v2\/pages"}],"about":[{"href":"https:\/\/zero-max.dk\/ro\/wp-json\/wp\/v2\/types\/page"}],"author":[{"embeddable":true,"href":"https:\/\/zero-max.dk\/ro\/wp-json\/wp\/v2\/users\/7"}],"replies":[{"embeddable":true,"href":"https:\/\/zero-max.dk\/ro\/wp-json\/wp\/v2\/comments?post=945"}],"version-history":[{"count":18,"href":"https:\/\/zero-max.dk\/ro\/wp-json\/wp\/v2\/pages\/945\/revisions"}],"predecessor-version":[{"id":6361,"href":"https:\/\/zero-max.dk\/ro\/wp-json\/wp\/v2\/pages\/945\/revisions\/6361"}],"wp:attachment":[{"href":"https:\/\/zero-max.dk\/ro\/wp-json\/wp\/v2\/media?parent=945"}],"curies":[{"name":"wp","href":"https:\/\/api.w.org\/{rel}","templated":true}]}}