{"id":967,"date":"2019-01-02T17:54:13","date_gmt":"2019-01-02T16:54:13","guid":{"rendered":"https:\/\/zero-max.dk\/?page_id=967"},"modified":"2025-04-07T14:42:18","modified_gmt":"2025-04-07T12:42:18","slug":"cuplaj-turbina-eoliana-disc-compozit-da","status":"publish","type":"page","link":"https:\/\/zero-max.dk\/ro\/wind-turbine-coupling-composite-disc-da\/","title":{"rendered":"Cuplaj turbin\u0103 eolian\u0103 Disc compozit DA"},"content":{"rendered":"<p>[et_pb_section fb_built=&#8221;1&#8243; _builder_version=&#8221;4.21.0&#8243; background_image=&#8221;https:\/\/zero-max.dk\/wp-content\/uploads\/2018\/12\/2MW-Wind-Turbines-Torque-Disc-Pack_Top.jpg&#8221; custom_padding=&#8221;8%||&#8221; animation_style=&#8221;zoom&#8221; custom_css_main_element=&#8221;height: 450px;&#8221; border_width_bottom=&#8221;1px&#8221; border_color_bottom=&#8221;#e5e5e5&#8243; global_colors_info=&#8221;{}&#8221;][et_pb_row _builder_version=&#8221;4.21.0&#8243; width_tablet=&#8221;95%&#8221; width_phone=&#8221;95%&#8221; width_last_edited=&#8221;on|tablet&#8221; global_colors_info=&#8221;{}&#8221;][et_pb_column type=&#8221;4_4&#8243; _builder_version=&#8221;4.16&#8243; custom_padding=&#8221;|||&#8221; global_colors_info=&#8221;{}&#8221; custom_padding__hover=&#8221;|||&#8221;][et_pb_text _builder_version=&#8221;4.21.0&#8243; text_font=&#8221;Oswald||||||||&#8221; text_text_color=&#8221;#013366&#8243; text_font_size=&#8221;26px&#8221; text_letter_spacing=&#8221;4px&#8221; text_line_height=&#8221;1.1em&#8221; custom_padding_tablet=&#8221;&#8221; custom_padding_phone=&#8221;|||14px|false|false&#8221; custom_padding_last_edited=&#8221;on|phone&#8221; global_colors_info=&#8221;{}&#8221;]<\/p>\n<p><span id=\"m_6718459833609044352gmail-E136\" class=\"m_6718459833609044352gmail-qowt-font4-TrebuchetMS\">Patenteret<\/span><span id=\"m_6718459833609044352gmail-E138\" class=\"m_6718459833609044352gmail-qowt-font4-TrebuchetMS\">, Gennemtestet<\/span><span id=\"m_6718459833609044352gmail-E139\" class=\"m_6718459833609044352gmail-qowt-font4-TrebuchetMS\"> Diskkobling <\/span><span id=\"m_6718459833609044352gmail-E-2909\" class=\"m_6718459833609044352gmail-qowt-font4-TrebuchetMS\">Design<\/span><\/p>\n<p>[\/et_pb_text][\/et_pb_column][\/et_pb_row][\/et_pb_section][et_pb_section fb_built=&#8221;1&#8243; disabled_on=&#8221;on|off|off&#8221; _builder_version=&#8221;4.16&#8243; background_color=&#8221;#ffffff&#8221; custom_padding=&#8221;20px||20px&#8221; global_colors_info=&#8221;{}&#8221;][et_pb_row column_structure=&#8221;1_2,1_2&#8243; _builder_version=&#8221;4.16&#8243; global_colors_info=&#8221;{}&#8221;][et_pb_column type=&#8221;1_2&#8243; _builder_version=&#8221;4.16&#8243; custom_padding=&#8221;5%|||&#8221; global_colors_info=&#8221;{}&#8221; custom_padding__hover=&#8221;|||&#8221;][et_pb_image src=&#8221;https:\/\/zero-max.dk\/wp-content\/uploads\/2018\/12\/s.jpg&#8221; align=&#8221;center&#8221; align_tablet=&#8221;center&#8221; align_phone=&#8221;center&#8221; align_last_edited=&#8221;on|desktop&#8221; _builder_version=&#8221;4.16&#8243; custom_margin=&#8221;||-12%&#8221; global_colors_info=&#8221;{}&#8221;]<br \/>\n[\/et_pb_image][\/et_pb_column][et_pb_column type=&#8221;1_2&#8243; _builder_version=&#8221;4.16&#8243; custom_padding=&#8221;|||&#8221; global_colors_info=&#8221;{}&#8221; custom_padding__hover=&#8221;|||&#8221;][et_pb_text _builder_version=&#8221;4.21.0&#8243; header_font=&#8221;||||||||&#8221; header_3_font=&#8221;||||||||&#8221; header_3_text_color=&#8221;#003366&#8243; global_colors_info=&#8221;{}&#8221;]<\/p>\n<h1><span>Gennemtestet Teknologi<\/span><\/h1>\n<h2><span>Komposit diskkobling<\/span><\/h2>\n<p class=\"m_6718459833609044352gmail-qowt-stl-Normal\" id=\"m_6718459833609044352gmail-E134\"><span id=\"m_6718459833609044352gmail-E136\" class=\"m_6718459833609044352gmail-qowt-font4-TrebuchetMS\">Patenteret<\/span><span id=\"m_6718459833609044352gmail-E138\" class=\"m_6718459833609044352gmail-qowt-font4-TrebuchetMS\">, Gennemtestet<\/span><span id=\"m_6718459833609044352gmail-E139\" class=\"m_6718459833609044352gmail-qowt-font4-TrebuchetMS\"> Diskkobling <\/span><span class=\"m_6718459833609044352gmail-qowt-font4-TrebuchetMS\" id=\"m_6718459833609044352gmail-E-2909\">Design<\/span><\/p>\n<p>Zero-Max\u2019s fleksible komposit diskkobling har et unikt patenteret design, der kan klare h\u00e5rde milj\u00f8m\u00e6ssige p\u00e5virkninger. Komposit diskkoblingen kan modst\u00e5 op til 200,000 Nm moment, og denne unikke overbelastningssikkerhedskobling tillader et overskud i vinkel- og aksiale forskydningskapaciteten, mens den bevarer sin torsionelle stivhed under vindm\u00f8llens pulserende harmoniske belastninger.<\/p>\n<p>Vores fleksible, dialektriske komposit diskkoblinger giver elektrisk isolering til at fjerne nuv\u00e6rende ut\u00e6theder fra generatoren ind i gearkassen og forhindrer dermed skade p\u00e5 lejer og tandhjul. Det intelligente design minimerer belastninger, mens det samtidig giver den n\u00f8dvendige torsionelle stivhed, som drivakslen kr\u00e6ver.<\/p>\n<p>De sammensatte materialer, som bruges i vores vindm\u00f8lle- diskkoblinger er designede og testede til at modst\u00e5 en r\u00e6kke milj\u00f8m\u00e6ssige udfordringer inklusive fugt, kemikalier og ekstreme temperaturer fra -57\u00b0 til 121\u00b0C (-71\u00b0 til 250\u00b0F). De centrale dele er fremstillet af komposit, st\u00e5l eller aluminium.<\/p>\n<p>Disse koblinger er gennemtestede og videreudviklede til at h\u00e5ndtere belastninger langt st\u00f8rre, end applikationen kr\u00e6ver. Via tests, der svarer til de moment-belastninger og betingelser, som koblingen uds\u00e6ttes for gennem 20 \u00e5rs brug, er det bevist, at vores komposit diskkoblinger kan klare sig i over 20 \u00e5r uden vedligeholdelse.<\/p>\n<p>Sammenholdt med vores vindm\u00f8lle-momentbegr\u00e6nsere honorerer vores komposit diskkoblinger de h\u00f8jeste beskyttelseskrav, der stilles til drivaksler i moderne vindm\u00f8ller.<\/p>\n<p>[\/et_pb_text][\/et_pb_column][\/et_pb_row][\/et_pb_section][et_pb_section fb_built=&#8221;1&#8243; _builder_version=&#8221;4.16&#8243; global_colors_info=&#8221;{}&#8221;][et_pb_row _builder_version=&#8221;4.16&#8243; custom_padding=&#8221;||0px&#8221; global_colors_info=&#8221;{}&#8221;][et_pb_column type=&#8221;4_4&#8243; _builder_version=&#8221;4.16&#8243; custom_padding=&#8221;|||&#8221; global_colors_info=&#8221;{}&#8221; custom_padding__hover=&#8221;|||&#8221;][et_pb_text _builder_version=&#8221;4.16&#8243; header_3_text_color=&#8221;#003366&#8243; custom_padding=&#8221;0px||0px&#8221; global_colors_info=&#8221;{}&#8221;]<\/p>\n<h2>Egenskaber &amp; Fordele<\/h2>\n<h3>Komposit diskkobling<\/h3>\n<p>[\/et_pb_text][\/et_pb_column][\/et_pb_row][et_pb_row column_structure=&#8221;1_2,1_2&#8243; _builder_version=&#8221;4.16&#8243; custom_padding=&#8221;0px||&#8221; global_colors_info=&#8221;{}&#8221;][et_pb_column type=&#8221;1_2&#8243; _builder_version=&#8221;4.16&#8243; custom_padding=&#8221;|||&#8221; global_colors_info=&#8221;{}&#8221; custom_padding__hover=&#8221;|||&#8221;][et_pb_text _builder_version=&#8221;4.16&#8243; header_3_text_color=&#8221;#003366&#8243; global_colors_info=&#8221;{}&#8221;]<\/p>\n<ul>\n<li>Passer til b\u00e5de on- og offshore turbiner<\/li>\n<li>Robust momentkapacitet, der med det nuv\u00e6rende design kan h\u00e5ndtere op til 200,000 Nm<\/li>\n<li>H\u00f8j forskydningskapacitet<\/li>\n<li>Ekstremt h\u00f8j udholdenhed i letv\u00e6gtsdesign<\/li>\n<li>Designet &amp; udviklet til at blive brugt i nye OEM-turbiner eller i eksisterende drivakselapplikationer<\/li>\n<li>Kan direkte udskiftes med de fleste vindm\u00f8llers originale h\u00f8jhastigheds akselkoblinger<\/li>\n<li>Letv\u00e6gtsdesign, som nemt installeres i selve produktionsomr\u00e5det eller oppe i de mere sn\u00e6vre t\u00e5rn-omgivelser; kan let inds\u00e6ttes mellem eksisterende flanger<\/li>\n<li>Alle komponenter lever op til eller overg\u00e5r C4-standarderne for h\u00f8j korrosionsbestandighed<\/li>\n<li>Lavere livscyklusomkostninger (LCC)<\/li>\n<li>Vedvarende og holdbar kvalitet<\/li>\n<li>Fuldt gennemtestet til at h\u00e5ndtere belastning ud over applikationen<\/li>\n<li>Ideel til brug i vindm\u00f8ller med sv\u00e6re betingelser for str\u00f8mforsyningsnettet<\/li>\n<li>Bibeholder sin ydeevne ved ekstreme temperaturer: -57\u00b0 til 121\u00b0C (-71\u00b0 to 250\u00b0F)<\/li>\n<\/ul>\n<p>[\/et_pb_text][\/et_pb_column][et_pb_column type=&#8221;1_2&#8243; _builder_version=&#8221;4.16&#8243; custom_padding=&#8221;|||&#8221; global_colors_info=&#8221;{}&#8221; custom_padding__hover=&#8221;|||&#8221;][et_pb_image src=&#8221;https:\/\/zero-max.dk\/wp-content\/uploads\/2018\/12\/2MW-Wind-Turbine-Coupling-Torque-Limiter-Unit-600&#215;425.jpg&#8221; align=&#8221;center&#8221; align_tablet=&#8221;center&#8221; align_phone=&#8221;center&#8221; align_last_edited=&#8221;on|desktop&#8221; _builder_version=&#8221;4.16&#8243; custom_margin=&#8221;||-12%&#8221; global_colors_info=&#8221;{}&#8221;]<br \/>\n[\/et_pb_image][\/et_pb_column][\/et_pb_row][\/et_pb_section][et_pb_section fb_built=&#8221;1&#8243; disabled_on=&#8221;on|on|on&#8221; _builder_version=&#8221;4.6.1&#8243; background_color=&#8221;#003366&#8243; custom_padding=&#8221;0px||0px&#8221; disabled=&#8221;on&#8221; global_module=&#8221;1044&#8243; global_colors_info=&#8221;{}&#8221;][et_pb_row column_structure=&#8221;1_3,1_3,1_3&#8243; _builder_version=&#8221;4.16&#8243; max_width=&#8221;1080px&#8221; global_colors_info=&#8221;{}&#8221;][et_pb_column type=&#8221;1_3&#8243; _builder_version=&#8221;4.16&#8243; custom_padding=&#8221;|||&#8221; global_colors_info=&#8221;{}&#8221; custom_padding__hover=&#8221;|||&#8221;][et_pb_text _builder_version=&#8221;4.16&#8243; header_2_text_align=&#8221;center&#8221; header_2_text_color=&#8221;#99ccff&#8221; header_2_font_size=&#8221;14px&#8221; custom_margin=&#8221;0px||0px&#8221; custom_padding=&#8221;0px||0px&#8221; global_colors_info=&#8221;{}&#8221;]<\/p>\n<h2>Zero Max<\/h2>\n<p>[\/et_pb_text][et_pb_text _builder_version=&#8221;4.16&#8243; text_font=&#8221;||||||||&#8221; header_font=&#8221;||||||||&#8221; background_image=&#8221;https:\/\/zero-max.dk\/wp-content\/uploads\/2018\/12\/Boxes.jpg&#8221; text_orientation=&#8221;center&#8221; custom_margin=&#8221;0px||0px&#8221; custom_padding=&#8221;10px|20px|26px|20px&#8221; border_width_all=&#8221;1px&#8221; border_color_all=&#8221;#ffffff&#8221; global_colors_info=&#8221;{}&#8221;]<\/p>\n<p>Our gobal perspektive makes it possible to provide our customer with quality products at competitive pricing to any location<\/p>\n<p>[\/et_pb_text][\/et_pb_column][et_pb_column type=&#8221;1_3&#8243; _builder_version=&#8221;4.16&#8243; custom_padding=&#8221;|||&#8221; global_colors_info=&#8221;{}&#8221; custom_padding__hover=&#8221;|||&#8221;][et_pb_text _builder_version=&#8221;4.16&#8243; header_2_text_align=&#8221;center&#8221; header_2_text_color=&#8221;#99ccff&#8221; header_2_font_size=&#8221;14px&#8221; custom_margin=&#8221;0px||0px&#8221; custom_padding=&#8221;0px||0px&#8221; global_colors_info=&#8221;{}&#8221;]<\/p>\n<h2>World-Leading Expert !<\/h2>\n<p>[\/et_pb_text][et_pb_text _builder_version=&#8221;4.16&#8243; text_font=&#8221;||||||||&#8221; header_font=&#8221;||||||||&#8221; background_image=&#8221;https:\/\/zero-max.dk\/wp-content\/uploads\/2018\/12\/Boxes.jpg&#8221; text_orientation=&#8221;center&#8221; custom_margin=&#8221;0px||0px&#8221; custom_padding=&#8221;10px|20px|25px|20px&#8221; border_width_all=&#8221;1px&#8221; border_color_all=&#8221;#ffffff&#8221; global_colors_info=&#8221;{}&#8221;]<\/p>\n<p>Zero-Max combines decades of industry leading experience with unparalleled expertise in motion control solutions<\/p>\n<p>[\/et_pb_text][\/et_pb_column][et_pb_column type=&#8221;1_3&#8243; _builder_version=&#8221;4.16&#8243; custom_padding=&#8221;|||&#8221; global_colors_info=&#8221;{}&#8221; custom_padding__hover=&#8221;|||&#8221;][et_pb_text _builder_version=&#8221;4.16&#8243; header_2_text_align=&#8221;center&#8221; header_2_text_color=&#8221;#99ccff&#8221; header_2_font_size=&#8221;14px&#8221; custom_margin=&#8221;0px||0px&#8221; custom_padding=&#8221;0px||0px&#8221; global_colors_info=&#8221;{}&#8221;]<\/p>\n<h2>Get in touch!<\/h2>\n<p>[\/et_pb_text][et_pb_text _builder_version=&#8221;4.16&#8243; text_font=&#8221;||||||||&#8221; header_font=&#8221;||||||||&#8221; background_image=&#8221;https:\/\/zero-max.dk\/wp-content\/uploads\/2018\/12\/Boxes.jpg&#8221; text_orientation=&#8221;center&#8221; custom_margin=&#8221;0px||0px&#8221; custom_padding=&#8221;10px|10px|10px|10px&#8221; border_width_all=&#8221;1px&#8221; border_color_all=&#8221;#ffffff&#8221; global_colors_info=&#8221;{}&#8221;]<\/p>\n<p>Zero-Max A\/S<br \/>Mail: ext@zero-max.dk <br \/>Haarup Tvaevej 1<br \/>DK &#8211; 8600 Silkeborg<\/p>\n<p>[\/et_pb_text][\/et_pb_column][\/et_pb_row][\/et_pb_section]<\/p>\n","protected":false},"excerpt":{"rendered":"<p>Patenteret, Gennemtestet Diskkobling Design Gennemtestet Teknologi Komposit diskkobling Patenteret, Gennemtestet Diskkobling Design Zero-Max\u2019s fleksible komposit diskkobling har et unikt patenteret design, der kan klare h\u00e5rde milj\u00f8m\u00e6ssige p\u00e5virkninger. Komposit diskkoblingen kan modst\u00e5 op til 200,000 Nm moment, og denne unikke overbelastningssikkerhedskobling tillader et overskud i vinkel- og aksiale forskydningskapaciteten, mens den bevarer sin torsionelle stivhed under [&hellip;]<\/p>\n","protected":false},"author":7,"featured_media":0,"parent":0,"menu_order":0,"comment_status":"closed","ping_status":"closed","template":"","meta":{"_et_pb_use_builder":"on","_et_pb_old_content":"","_et_gb_content_width":"","footnotes":""},"class_list":["post-967","page","type-page","status-publish","hentry"],"yoast_head":"<!-- This site is optimized with the Yoast SEO plugin v27.5 - https:\/\/yoast.com\/product\/yoast-seo-wordpress\/ -->\n<title>Komposit diskkoblinger til vindm\u00f8ller | P\u00e5lidelig kobling med lang levetid<\/title>\n<meta name=\"description\" content=\"Zero-Max komposit diskkoblinger er designet til moderne vindm\u00f8ller. De sikrer torsionel stivhed, elektrisk isolation og ekstrem holdbarhed \u2013 nul vedligeholdelse.\" \/>\n<meta name=\"robots\" content=\"index, follow, max-snippet:-1, max-image-preview:large, max-video-preview:-1\" \/>\n<link rel=\"canonical\" href=\"https:\/\/zero-max.dk\/ro\/cuplaj-turbina-eoliana-disc-compozit-da\/\" \/>\n<meta property=\"og:locale\" content=\"ro_RO\" \/>\n<meta property=\"og:type\" content=\"article\" \/>\n<meta property=\"og:title\" content=\"Komposit diskkoblinger til vindm\u00f8ller | P\u00e5lidelig kobling med lang levetid\" \/>\n<meta property=\"og:description\" content=\"Zero-Max komposit diskkoblinger er designet til moderne vindm\u00f8ller. De sikrer torsionel stivhed, elektrisk isolation og ekstrem holdbarhed \u2013 nul vedligeholdelse.\" \/>\n<meta property=\"og:url\" content=\"https:\/\/zero-max.dk\/ro\/cuplaj-turbina-eoliana-disc-compozit-da\/\" \/>\n<meta property=\"og:site_name\" content=\"Zero-Max A\/S\" \/>\n<meta property=\"article:modified_time\" content=\"2025-04-07T12:42:18+00:00\" \/>\n<meta name=\"twitter:card\" content=\"summary_large_image\" \/>\n<meta name=\"twitter:label1\" content=\"Timp estimat pentru citire\" \/>\n\t<meta name=\"twitter:data1\" content=\"2 minute\" \/>\n<script type=\"application\/ld+json\" class=\"yoast-schema-graph\">{\"@context\":\"https:\\\/\\\/schema.org\",\"@graph\":[{\"@type\":\"WebPage\",\"@id\":\"https:\\\/\\\/zero-max.dk\\\/wind-turbine-coupling-composite-disc-da\\\/\",\"url\":\"https:\\\/\\\/zero-max.dk\\\/wind-turbine-coupling-composite-disc-da\\\/\",\"name\":\"Komposit diskkoblinger til vindm\u00f8ller | P\u00e5lidelig kobling med lang levetid\",\"isPartOf\":{\"@id\":\"https:\\\/\\\/zero-max.dk\\\/#website\"},\"datePublished\":\"2019-01-02T16:54:13+00:00\",\"dateModified\":\"2025-04-07T12:42:18+00:00\",\"description\":\"Zero-Max komposit diskkoblinger er designet til moderne vindm\u00f8ller. De sikrer torsionel stivhed, elektrisk isolation og ekstrem holdbarhed \u2013 nul vedligeholdelse.\",\"breadcrumb\":{\"@id\":\"https:\\\/\\\/zero-max.dk\\\/wind-turbine-coupling-composite-disc-da\\\/#breadcrumb\"},\"inLanguage\":\"ro-RO\",\"potentialAction\":[{\"@type\":\"ReadAction\",\"target\":[\"https:\\\/\\\/zero-max.dk\\\/wind-turbine-coupling-composite-disc-da\\\/\"]}]},{\"@type\":\"BreadcrumbList\",\"@id\":\"https:\\\/\\\/zero-max.dk\\\/wind-turbine-coupling-composite-disc-da\\\/#breadcrumb\",\"itemListElement\":[{\"@type\":\"ListItem\",\"position\":1,\"name\":\"Hjem\",\"item\":\"https:\\\/\\\/zero-max.dk\\\/\"},{\"@type\":\"ListItem\",\"position\":2,\"name\":\"Wind Turbine Coupling Composite Disc DA\"}]},{\"@type\":\"WebSite\",\"@id\":\"https:\\\/\\\/zero-max.dk\\\/#website\",\"url\":\"https:\\\/\\\/zero-max.dk\\\/\",\"name\":\"Zero-Max A\\\/S\",\"description\":\"\",\"potentialAction\":[{\"@type\":\"SearchAction\",\"target\":{\"@type\":\"EntryPoint\",\"urlTemplate\":\"https:\\\/\\\/zero-max.dk\\\/?s={search_term_string}\"},\"query-input\":{\"@type\":\"PropertyValueSpecification\",\"valueRequired\":true,\"valueName\":\"search_term_string\"}}],\"inLanguage\":\"ro-RO\"}]}<\/script>\n<!-- \/ Yoast SEO plugin. -->","yoast_head_json":{"title":"Cuplaje cu disc compozit pentru turbine eoliene | Cuplaj fiabil cu durat\u0103 lung\u0103 de via\u021b\u0103","description":"Cuplajele cu disc compozit Zero-Max sunt concepute pentru turbinele eoliene moderne. Acestea asigur\u0103 rigiditate torsional\u0103, izolare electric\u0103 \u0219i durabilitate extrem\u0103 - \u00eentre\u021binere zero.","robots":{"index":"index","follow":"follow","max-snippet":"max-snippet:-1","max-image-preview":"max-image-preview:large","max-video-preview":"max-video-preview:-1"},"canonical":"https:\/\/zero-max.dk\/ro\/cuplaj-turbina-eoliana-disc-compozit-da\/","og_locale":"ro_RO","og_type":"article","og_title":"Komposit diskkoblinger til vindm\u00f8ller | P\u00e5lidelig kobling med lang levetid","og_description":"Zero-Max komposit diskkoblinger er designet til moderne vindm\u00f8ller. De sikrer torsionel stivhed, elektrisk isolation og ekstrem holdbarhed \u2013 nul vedligeholdelse.","og_url":"https:\/\/zero-max.dk\/ro\/cuplaj-turbina-eoliana-disc-compozit-da\/","og_site_name":"Zero-Max A\/S","article_modified_time":"2025-04-07T12:42:18+00:00","twitter_card":"summary_large_image","twitter_misc":{"Timp estimat pentru citire":"2 minute"},"schema":{"@context":"https:\/\/schema.org","@graph":[{"@type":"WebPage","@id":"https:\/\/zero-max.dk\/wind-turbine-coupling-composite-disc-da\/","url":"https:\/\/zero-max.dk\/wind-turbine-coupling-composite-disc-da\/","name":"Cuplaje cu disc compozit pentru turbine eoliene | Cuplaj fiabil cu durat\u0103 lung\u0103 de via\u021b\u0103","isPartOf":{"@id":"https:\/\/zero-max.dk\/#website"},"datePublished":"2019-01-02T16:54:13+00:00","dateModified":"2025-04-07T12:42:18+00:00","description":"Cuplajele cu disc compozit Zero-Max sunt concepute pentru turbinele eoliene moderne. Acestea asigur\u0103 rigiditate torsional\u0103, izolare electric\u0103 \u0219i durabilitate extrem\u0103 - \u00eentre\u021binere zero.","breadcrumb":{"@id":"https:\/\/zero-max.dk\/wind-turbine-coupling-composite-disc-da\/#breadcrumb"},"inLanguage":"ro-RO","potentialAction":[{"@type":"ReadAction","target":["https:\/\/zero-max.dk\/wind-turbine-coupling-composite-disc-da\/"]}]},{"@type":"BreadcrumbList","@id":"https:\/\/zero-max.dk\/wind-turbine-coupling-composite-disc-da\/#breadcrumb","itemListElement":[{"@type":"ListItem","position":1,"name":"Hjem","item":"https:\/\/zero-max.dk\/"},{"@type":"ListItem","position":2,"name":"Wind Turbine Coupling Composite Disc DA"}]},{"@type":"WebSite","@id":"https:\/\/zero-max.dk\/#website","url":"https:\/\/zero-max.dk\/","name":"Zero-Max A\/S","description":"","potentialAction":[{"@type":"SearchAction","target":{"@type":"EntryPoint","urlTemplate":"https:\/\/zero-max.dk\/?s={search_term_string}"},"query-input":{"@type":"PropertyValueSpecification","valueRequired":true,"valueName":"search_term_string"}}],"inLanguage":"ro-RO"}]}},"_links":{"self":[{"href":"https:\/\/zero-max.dk\/ro\/wp-json\/wp\/v2\/pages\/967","targetHints":{"allow":["GET"]}}],"collection":[{"href":"https:\/\/zero-max.dk\/ro\/wp-json\/wp\/v2\/pages"}],"about":[{"href":"https:\/\/zero-max.dk\/ro\/wp-json\/wp\/v2\/types\/page"}],"author":[{"embeddable":true,"href":"https:\/\/zero-max.dk\/ro\/wp-json\/wp\/v2\/users\/7"}],"replies":[{"embeddable":true,"href":"https:\/\/zero-max.dk\/ro\/wp-json\/wp\/v2\/comments?post=967"}],"version-history":[{"count":15,"href":"https:\/\/zero-max.dk\/ro\/wp-json\/wp\/v2\/pages\/967\/revisions"}],"predecessor-version":[{"id":6287,"href":"https:\/\/zero-max.dk\/ro\/wp-json\/wp\/v2\/pages\/967\/revisions\/6287"}],"wp:attachment":[{"href":"https:\/\/zero-max.dk\/ro\/wp-json\/wp\/v2\/media?parent=967"}],"curies":[{"name":"wp","href":"https:\/\/api.w.org\/{rel}","templated":true}]}}