{"id":973,"date":"2019-01-02T17:56:32","date_gmt":"2019-01-02T16:56:32","guid":{"rendered":"https:\/\/zero-max.dk\/?page_id=973"},"modified":"2025-04-07T14:43:31","modified_gmt":"2025-04-07T12:43:31","slug":"limitatoare-de-cuplu-pentru-turbine-eoliene-da","status":"publish","type":"page","link":"https:\/\/zero-max.dk\/ro\/wind-turbine-torque-limiters-da\/","title":{"rendered":"Limitatoare de cuplu pentru turbine eoliene"},"content":{"rendered":"<p>[et_pb_section fb_built=&#8221;1&#8243; _builder_version=&#8221;4.21.0&#8243; background_image=&#8221;https:\/\/zero-max.dk\/wp-content\/uploads\/2018\/12\/2MW-Wind-Turbines-Torque-Limiter_Top.jpg&#8221; custom_padding=&#8221;9%||&#8221; animation_style=&#8221;zoom&#8221; custom_css_main_element=&#8221;height:450px;&#8221; border_width_bottom=&#8221;1px&#8221; border_color_bottom=&#8221;#e5e5e5&#8243; global_colors_info=&#8221;{}&#8221;][et_pb_row _builder_version=&#8221;4.21.0&#8243; width_tablet=&#8221;&#8221; width_phone=&#8221;55%&#8221; width_last_edited=&#8221;on|phone&#8221; custom_margin_tablet=&#8221;&#8221; custom_margin_phone=&#8221;|||38px|false|false&#8221; custom_margin_last_edited=&#8221;on|phone&#8221; global_colors_info=&#8221;{}&#8221;][et_pb_column type=&#8221;4_4&#8243; _builder_version=&#8221;4.16&#8243; custom_padding=&#8221;|||&#8221; global_colors_info=&#8221;{}&#8221; custom_padding__hover=&#8221;|||&#8221;][et_pb_text _builder_version=&#8221;4.21.0&#8243; text_font=&#8221;Oswald||||||||&#8221; text_text_color=&#8221;#013366&#8243; text_font_size=&#8221;26px&#8221; text_letter_spacing=&#8221;4px&#8221; text_line_height=&#8221;1.1em&#8221; global_colors_info=&#8221;{}&#8221;]P\u00e5lidelig ydeevne i<br \/>\nVind-energi industrien[\/et_pb_text][\/et_pb_column][\/et_pb_row][\/et_pb_section][et_pb_section fb_built=&#8221;1&#8243; disabled_on=&#8221;on|off|off&#8221; _builder_version=&#8221;4.16&#8243; background_color=&#8221;#ffffff&#8221; custom_padding=&#8221;20px||20px&#8221; global_colors_info=&#8221;{}&#8221;][et_pb_row column_structure=&#8221;1_2,1_2&#8243; _builder_version=&#8221;4.16&#8243; global_colors_info=&#8221;{}&#8221;][et_pb_column type=&#8221;1_2&#8243; _builder_version=&#8221;4.16&#8243; custom_padding=&#8221;|||&#8221; global_colors_info=&#8221;{}&#8221; custom_padding__hover=&#8221;|||&#8221;][et_pb_image src=&#8221;https:\/\/zero-max.dk\/wp-content\/uploads\/2018\/12\/TQL-1.jpg&#8221; align=&#8221;center&#8221; align_tablet=&#8221;center&#8221; align_phone=&#8221;center&#8221; align_last_edited=&#8221;on|desktop&#8221; _builder_version=&#8221;4.16&#8243; custom_padding=&#8221;38px||&#8221; global_colors_info=&#8221;{}&#8221;]<br \/>\n[\/et_pb_image][\/et_pb_column][et_pb_column type=&#8221;1_2&#8243; _builder_version=&#8221;4.16&#8243; custom_padding=&#8221;|||&#8221; global_colors_info=&#8221;{}&#8221; custom_padding__hover=&#8221;|||&#8221;][et_pb_text _builder_version=&#8221;4.16&#8243; header_3_text_color=&#8221;#003366&#8243; global_colors_info=&#8221;{}&#8221;]<\/p>\n<h1>Gennemtestet Teknologi <\/h1>\n<h2>Moment Begr\u00e6nser<\/h2>\n<p>Zero-Max&#8217;s momentbegr\u00e6nsere beskytter vindturbiner mod spidsbelastninger, modsatrettede momentbelastninger og kortslutninger af net. Generatoren er akselmonteret, og vores vindturbine-momentbegr\u00e6nsere er fabriksindstillede til at slippe ved bestemte momentindstillinger fra 4,000 til 50,000 Nm.<\/p>\n<p>Denne funktionalitet forhindrer overf\u00f8rslen af overskydende moment fra generatoren til gearkassen. I tilf\u00e6lde af netfejl eller forstyrrelser beskytter den b\u00e5de generatoren og gearkassen mod for tidlige pumpefejl. Dette tillader lavsp\u00e6ndingsnetv\u00e6rksk\u00f8rsel  og hj\u00e6lper producenterne af vindm\u00f8ller med at leve op til de strenge netv\u00e6rkskrav.<\/p>\n<p>Vores momentbegr\u00e6nsere er fremstillede til at fungere sammen med vores komposit disk vindm\u00f8llekoblinger for at skabe en effektiv beskyttelse af alle drivakslens komponenter. Det betyder,at Zero-Max&#8217;s drivakselskomponenter har en us\u00e6dvanlig h\u00f8j ydeevne og er dermed den mest p\u00e5lidelige l\u00f8sning i vinenergiindustrien.<\/p>\n<p>[\/et_pb_text][\/et_pb_column][\/et_pb_row][\/et_pb_section][et_pb_section fb_built=&#8221;1&#8243; _builder_version=&#8221;4.16&#8243; background_color=&#8221;#f9f9f9&#8243; custom_padding=&#8221;||&#8221; global_colors_info=&#8221;{}&#8221;][et_pb_row column_structure=&#8221;1_2,1_2&#8243; _builder_version=&#8221;4.16&#8243; global_colors_info=&#8221;{}&#8221;][et_pb_column type=&#8221;1_2&#8243; _builder_version=&#8221;4.16&#8243; custom_padding=&#8221;|||&#8221; global_colors_info=&#8221;{}&#8221; custom_padding__hover=&#8221;|||&#8221;][et_pb_text _builder_version=&#8221;4.16&#8243; header_3_text_color=&#8221;#003366&#8243; global_colors_info=&#8221;{}&#8221;]<\/p>\n<h2>Egenskaber &amp; Fordele<\/h2>\n<h3>Moment Begr\u00e6nser<\/h3>\n<ul>\n<li>Designet til b\u00e5de at beskytte gearkasse og generator mod ekstreme momentbelastninger og skader<\/li>\n<li>Generator er akselmonteret for at undg\u00e5 resonans og installationsproblemer<\/li>\n<li>Gennemtestet til 5,600 momentevents ved 30\u00b0 eller over en livscyklus p\u00e5 20 \u00e5r<\/li>\n<li>Driften sker internt og kr\u00e6ver ingen justeringer eller vedligeholdelse<\/li>\n<li>Automatisk tilkobling til genindstilling, n\u00e5r der sker slip uden manuel indblanding<\/li>\n<li>Bidirektional funktionalitet uden gr\u00e6nser<\/li>\n<li>Mulighed for anvendelse ved mange temperaturer: -40\u00b0 til 80\u00b0C (-40\u00b0 til 176\u00b0F)<\/li>\n<\/ul>\n<p>[\/et_pb_text][\/et_pb_column][et_pb_column type=&#8221;1_2&#8243; _builder_version=&#8221;4.16&#8243; custom_padding=&#8221;|||&#8221; global_colors_info=&#8221;{}&#8221; custom_padding__hover=&#8221;|||&#8221;][et_pb_image src=&#8221;https:\/\/zero-max.dk\/wp-content\/uploads\/2018\/12\/2MW-Wind-Turbine-Torque-Limiters-516&#215;600.png&#8221; align=&#8221;center&#8221; align_tablet=&#8221;center&#8221; align_phone=&#8221;center&#8221; align_last_edited=&#8221;on|desktop&#8221; _builder_version=&#8221;4.16&#8243; max_width=&#8221;51%&#8221; global_colors_info=&#8221;{}&#8221;]<br \/>\n[\/et_pb_image][\/et_pb_column][\/et_pb_row][\/et_pb_section][et_pb_section fb_built=&#8221;1&#8243; disabled_on=&#8221;on|on|on&#8221; _builder_version=&#8221;4.21.0&#8243; background_color=&#8221;#003366&#8243; custom_padding=&#8221;0px||0px&#8221; disabled=&#8221;on&#8221; global_module=&#8221;1102&#8243; saved_tabs=&#8221;all&#8221; global_colors_info=&#8221;{}&#8221;][et_pb_row column_structure=&#8221;1_3,1_3,1_3&#8243; _builder_version=&#8221;4.16&#8243; global_colors_info=&#8221;{}&#8221;][et_pb_column type=&#8221;1_3&#8243; _builder_version=&#8221;4.16&#8243; custom_padding=&#8221;|||&#8221; global_colors_info=&#8221;{}&#8221; custom_padding__hover=&#8221;|||&#8221;][et_pb_text admin_label=&#8221;Tekst&#8221; _builder_version=&#8221;4.16&#8243; header_2_text_align=&#8221;center&#8221; header_2_text_color=&#8221;#99ccff&#8221; header_2_font_size=&#8221;14px&#8221; custom_margin=&#8221;0px||0px&#8221; custom_padding=&#8221;0px||0px&#8221; global_colors_info=&#8221;{}&#8221;]<\/p>\n<h2>Zero Max &#8211; Industri<\/h2>\n<p>[\/et_pb_text][et_pb_text _builder_version=&#8221;4.16&#8243; background_image=&#8221;https:\/\/zero-max.dk\/wp-content\/uploads\/2018\/12\/Boxes.jpg&#8221; text_orientation=&#8221;center&#8221; custom_margin=&#8221;0px||0px&#8221; custom_padding=&#8221;10px|20px|26px|20px&#8221; border_width_all=&#8221;1px&#8221; border_color_all=&#8221;#ffffff&#8221; global_colors_info=&#8221;{}&#8221;]<\/p>\n<p>Hurtighed, pr\u00e6cision og driftssikkerhed? Overvej en l\u00f8sning fra Zero-Max<\/p>\n<p>[\/et_pb_text][\/et_pb_column][et_pb_column type=&#8221;1_3&#8243; _builder_version=&#8221;4.16&#8243; custom_padding=&#8221;|||&#8221; global_colors_info=&#8221;{}&#8221; custom_padding__hover=&#8221;|||&#8221;][et_pb_text _builder_version=&#8221;4.16&#8243; header_2_text_align=&#8221;center&#8221; header_2_text_color=&#8221;#99ccff&#8221; header_2_font_size=&#8221;14px&#8221; custom_margin=&#8221;0px||0px&#8221; custom_padding=&#8221;0px||0px&#8221; global_colors_info=&#8221;{}&#8221;]<\/p>\n<h2>Zero Max \u2013 Landbrug<\/h2>\n<p>[\/et_pb_text][et_pb_text _builder_version=&#8221;4.16&#8243; background_image=&#8221;https:\/\/zero-max.dk\/wp-content\/uploads\/2018\/12\/Boxes.jpg&#8221; text_orientation=&#8221;center&#8221; custom_margin=&#8221;0px||0px&#8221; custom_padding=&#8221;10px|20px|25px|20px&#8221; border_width_all=&#8221;1px&#8221; border_color_all=&#8221;#ffffff&#8221; global_colors_info=&#8221;{}&#8221;]<\/p>\n<p>St\u00f8rre, tungere, hurtigere? Driftssikker?<br \/>Kundespecifikt designet hos Zero-Max!<\/p>\n<p>[\/et_pb_text][\/et_pb_column][et_pb_column type=&#8221;1_3&#8243; _builder_version=&#8221;4.16&#8243; custom_padding=&#8221;|||&#8221; global_colors_info=&#8221;{}&#8221; custom_padding__hover=&#8221;|||&#8221;][et_pb_text _builder_version=&#8221;4.16&#8243; header_2_text_align=&#8221;center&#8221; header_2_text_color=&#8221;#99ccff&#8221; header_2_font_size=&#8221;14px&#8221; custom_margin=&#8221;0px||0px&#8221; custom_padding=&#8221;0px||0px&#8221; global_colors_info=&#8221;{}&#8221;]<\/p>\n<h2>Zero Max \u2013 Energi<\/h2>\n<p>[\/et_pb_text][et_pb_text admin_label=&#8221;Text&#8221; _builder_version=&#8221;4.16&#8243; background_image=&#8221;https:\/\/zero-max.dk\/wp-content\/uploads\/2018\/12\/Boxes.jpg&#8221; text_orientation=&#8221;center&#8221; custom_margin=&#8221;0px||0px&#8221; custom_padding=&#8221;10px|10px|10px|10px&#8221; border_width_all=&#8221;1px&#8221; border_color_all=&#8221;#ffffff&#8221; global_colors_info=&#8221;{}&#8221;]<\/p>\n<p>St\u00e6rk ydeevne i ekstrem vind? <br \/>Skiftende klimabetingelserne?<br \/>Zero-Max skaber l\u00f8sningen for dig!<\/p>\n<p>[\/et_pb_text][\/et_pb_column][\/et_pb_row][\/et_pb_section]<\/p>\n","protected":false},"excerpt":{"rendered":"<p>P\u00e5lidelig ydeevne i Vind-energi industrien Gennemtestet Teknologi Moment Begr\u00e6nser Zero-Max&#8217;s momentbegr\u00e6nsere beskytter vindturbiner mod spidsbelastninger, modsatrettede momentbelastninger og kortslutninger af net. Generatoren er akselmonteret, og vores vindturbine-momentbegr\u00e6nsere er fabriksindstillede til at slippe ved bestemte momentindstillinger fra 4,000 til 50,000 Nm. Denne funktionalitet forhindrer overf\u00f8rslen af overskydende moment fra generatoren til gearkassen. I tilf\u00e6lde af netfejl [&hellip;]<\/p>\n","protected":false},"author":7,"featured_media":0,"parent":0,"menu_order":0,"comment_status":"closed","ping_status":"closed","template":"","meta":{"_et_pb_use_builder":"on","_et_pb_old_content":"","_et_gb_content_width":"","footnotes":""},"class_list":["post-973","page","type-page","status-publish","hentry"],"yoast_head":"<!-- This site is optimized with the Yoast SEO plugin v27.5 - https:\/\/yoast.com\/product\/yoast-seo-wordpress\/ -->\n<title>Momentbegr\u00e6nsere til vindm\u00f8ller | Driftssikker beskyttelse mod overbelastning<\/title>\n<meta name=\"description\" content=\"Zero-Max momentbegr\u00e6nsere beskytter gearkasser og generatorer i vindm\u00f8ller mod spidsbelastninger og netfejl. Vedligeholdelsesfri, p\u00e5lidelig og testet til 20 \u00e5rs drift.\" \/>\n<meta name=\"robots\" content=\"index, follow, max-snippet:-1, max-image-preview:large, max-video-preview:-1\" \/>\n<link rel=\"canonical\" href=\"https:\/\/zero-max.dk\/ro\/limitatoare-de-cuplu-pentru-turbine-eoliene-da\/\" \/>\n<meta property=\"og:locale\" content=\"ro_RO\" \/>\n<meta property=\"og:type\" content=\"article\" \/>\n<meta property=\"og:title\" content=\"Momentbegr\u00e6nsere til vindm\u00f8ller | Driftssikker beskyttelse mod overbelastning\" \/>\n<meta property=\"og:description\" content=\"Zero-Max momentbegr\u00e6nsere beskytter gearkasser og generatorer i vindm\u00f8ller mod spidsbelastninger og netfejl. Vedligeholdelsesfri, p\u00e5lidelig og testet til 20 \u00e5rs drift.\" \/>\n<meta property=\"og:url\" content=\"https:\/\/zero-max.dk\/ro\/limitatoare-de-cuplu-pentru-turbine-eoliene-da\/\" \/>\n<meta property=\"og:site_name\" content=\"Zero-Max A\/S\" \/>\n<meta property=\"article:modified_time\" content=\"2025-04-07T12:43:31+00:00\" \/>\n<meta name=\"twitter:card\" content=\"summary_large_image\" \/>\n<meta name=\"twitter:label1\" content=\"Timp estimat pentru citire\" \/>\n\t<meta name=\"twitter:data1\" content=\"2 minute\" \/>\n<script type=\"application\/ld+json\" class=\"yoast-schema-graph\">{\"@context\":\"https:\\\/\\\/schema.org\",\"@graph\":[{\"@type\":\"WebPage\",\"@id\":\"https:\\\/\\\/zero-max.dk\\\/wind-turbine-torque-limiters-da\\\/\",\"url\":\"https:\\\/\\\/zero-max.dk\\\/wind-turbine-torque-limiters-da\\\/\",\"name\":\"Momentbegr\u00e6nsere til vindm\u00f8ller | Driftssikker beskyttelse mod overbelastning\",\"isPartOf\":{\"@id\":\"https:\\\/\\\/zero-max.dk\\\/#website\"},\"datePublished\":\"2019-01-02T16:56:32+00:00\",\"dateModified\":\"2025-04-07T12:43:31+00:00\",\"description\":\"Zero-Max momentbegr\u00e6nsere beskytter gearkasser og generatorer i vindm\u00f8ller mod spidsbelastninger og netfejl. Vedligeholdelsesfri, p\u00e5lidelig og testet til 20 \u00e5rs drift.\",\"breadcrumb\":{\"@id\":\"https:\\\/\\\/zero-max.dk\\\/wind-turbine-torque-limiters-da\\\/#breadcrumb\"},\"inLanguage\":\"ro-RO\",\"potentialAction\":[{\"@type\":\"ReadAction\",\"target\":[\"https:\\\/\\\/zero-max.dk\\\/wind-turbine-torque-limiters-da\\\/\"]}]},{\"@type\":\"BreadcrumbList\",\"@id\":\"https:\\\/\\\/zero-max.dk\\\/wind-turbine-torque-limiters-da\\\/#breadcrumb\",\"itemListElement\":[{\"@type\":\"ListItem\",\"position\":1,\"name\":\"Hjem\",\"item\":\"https:\\\/\\\/zero-max.dk\\\/\"},{\"@type\":\"ListItem\",\"position\":2,\"name\":\"Momentbegr\u00e6nsere til vindm\u00f8ller\"}]},{\"@type\":\"WebSite\",\"@id\":\"https:\\\/\\\/zero-max.dk\\\/#website\",\"url\":\"https:\\\/\\\/zero-max.dk\\\/\",\"name\":\"Zero-Max A\\\/S\",\"description\":\"\",\"potentialAction\":[{\"@type\":\"SearchAction\",\"target\":{\"@type\":\"EntryPoint\",\"urlTemplate\":\"https:\\\/\\\/zero-max.dk\\\/?s={search_term_string}\"},\"query-input\":{\"@type\":\"PropertyValueSpecification\",\"valueRequired\":true,\"valueName\":\"search_term_string\"}}],\"inLanguage\":\"ro-RO\"}]}<\/script>\n<!-- \/ Yoast SEO plugin. -->","yoast_head_json":{"title":"Limitatoare de cuplu pentru turbine eoliene | Protec\u021bie fiabil\u0103 la suprasarcin\u0103","description":"Limitatoarele de cuplu Zero-Max protejeaz\u0103 cutiile de viteze \u0219i generatoarele din turbinele eoliene \u00eempotriva v\u00e2rfurilor de sarcin\u0103 \u0219i a defec\u021biunilor re\u021belei. F\u0103r\u0103 \u00eentre\u021binere, fiabile \u0219i testate pentru 20 de ani de func\u021bionare.","robots":{"index":"index","follow":"follow","max-snippet":"max-snippet:-1","max-image-preview":"max-image-preview:large","max-video-preview":"max-video-preview:-1"},"canonical":"https:\/\/zero-max.dk\/ro\/limitatoare-de-cuplu-pentru-turbine-eoliene-da\/","og_locale":"ro_RO","og_type":"article","og_title":"Momentbegr\u00e6nsere til vindm\u00f8ller | Driftssikker beskyttelse mod overbelastning","og_description":"Zero-Max momentbegr\u00e6nsere beskytter gearkasser og generatorer i vindm\u00f8ller mod spidsbelastninger og netfejl. Vedligeholdelsesfri, p\u00e5lidelig og testet til 20 \u00e5rs drift.","og_url":"https:\/\/zero-max.dk\/ro\/limitatoare-de-cuplu-pentru-turbine-eoliene-da\/","og_site_name":"Zero-Max A\/S","article_modified_time":"2025-04-07T12:43:31+00:00","twitter_card":"summary_large_image","twitter_misc":{"Timp estimat pentru citire":"2 minute"},"schema":{"@context":"https:\/\/schema.org","@graph":[{"@type":"WebPage","@id":"https:\/\/zero-max.dk\/wind-turbine-torque-limiters-da\/","url":"https:\/\/zero-max.dk\/wind-turbine-torque-limiters-da\/","name":"Limitatoare de cuplu pentru turbine eoliene | Protec\u021bie fiabil\u0103 la suprasarcin\u0103","isPartOf":{"@id":"https:\/\/zero-max.dk\/#website"},"datePublished":"2019-01-02T16:56:32+00:00","dateModified":"2025-04-07T12:43:31+00:00","description":"Limitatoarele de cuplu Zero-Max protejeaz\u0103 cutiile de viteze \u0219i generatoarele din turbinele eoliene \u00eempotriva v\u00e2rfurilor de sarcin\u0103 \u0219i a defec\u021biunilor re\u021belei. F\u0103r\u0103 \u00eentre\u021binere, fiabile \u0219i testate pentru 20 de ani de func\u021bionare.","breadcrumb":{"@id":"https:\/\/zero-max.dk\/wind-turbine-torque-limiters-da\/#breadcrumb"},"inLanguage":"ro-RO","potentialAction":[{"@type":"ReadAction","target":["https:\/\/zero-max.dk\/wind-turbine-torque-limiters-da\/"]}]},{"@type":"BreadcrumbList","@id":"https:\/\/zero-max.dk\/wind-turbine-torque-limiters-da\/#breadcrumb","itemListElement":[{"@type":"ListItem","position":1,"name":"Hjem","item":"https:\/\/zero-max.dk\/"},{"@type":"ListItem","position":2,"name":"Momentbegr\u00e6nsere til vindm\u00f8ller"}]},{"@type":"WebSite","@id":"https:\/\/zero-max.dk\/#website","url":"https:\/\/zero-max.dk\/","name":"Zero-Max A\/S","description":"","potentialAction":[{"@type":"SearchAction","target":{"@type":"EntryPoint","urlTemplate":"https:\/\/zero-max.dk\/?s={search_term_string}"},"query-input":{"@type":"PropertyValueSpecification","valueRequired":true,"valueName":"search_term_string"}}],"inLanguage":"ro-RO"}]}},"_links":{"self":[{"href":"https:\/\/zero-max.dk\/ro\/wp-json\/wp\/v2\/pages\/973","targetHints":{"allow":["GET"]}}],"collection":[{"href":"https:\/\/zero-max.dk\/ro\/wp-json\/wp\/v2\/pages"}],"about":[{"href":"https:\/\/zero-max.dk\/ro\/wp-json\/wp\/v2\/types\/page"}],"author":[{"embeddable":true,"href":"https:\/\/zero-max.dk\/ro\/wp-json\/wp\/v2\/users\/7"}],"replies":[{"embeddable":true,"href":"https:\/\/zero-max.dk\/ro\/wp-json\/wp\/v2\/comments?post=973"}],"version-history":[{"count":9,"href":"https:\/\/zero-max.dk\/ro\/wp-json\/wp\/v2\/pages\/973\/revisions"}],"predecessor-version":[{"id":6288,"href":"https:\/\/zero-max.dk\/ro\/wp-json\/wp\/v2\/pages\/973\/revisions\/6288"}],"wp:attachment":[{"href":"https:\/\/zero-max.dk\/ro\/wp-json\/wp\/v2\/media?parent=973"}],"curies":[{"name":"wp","href":"https:\/\/api.w.org\/{rel}","templated":true}]}}