{"id":6642,"date":"2026-03-04T11:32:25","date_gmt":"2026-03-04T10:32:25","guid":{"rendered":"https:\/\/zero-max.dk\/?page_id=6642"},"modified":"2026-03-09T11:51:10","modified_gmt":"2026-03-09T10:51:10","slug":"enkel-flex-cd-power-serie-kopplingar","status":"publish","type":"page","link":"https:\/\/zero-max.dk\/sv\/single-flex-cd-power-serie-koblinger\/","title":{"rendered":"Single-Flex CD Power Series-kopplingar"},"content":{"rendered":"<p>[et_pb_section fb_built=&#8221;1&#8243; _builder_version=&#8221;4.27.6&#8243; background_image=&#8221;https:\/\/zero-max.dk\/wp-content\/uploads\/2026\/03\/Billede-2.png&#8221; background_size=&#8221;custom&#8221; background_image_width=&#8221;45%&#8221; background_position=&#8221;center_right&#8221; background_horizontal_offset=&#8221;12%&#8221; custom_padding=&#8221;8%||&#8221; animation_style=&#8221;zoom&#8221; custom_css_main_element=&#8221;height:450px;&#8221; border_width_bottom=&#8221;1px&#8221; border_color_bottom=&#8221;#dddddd&#8221; global_colors_info=&#8221;{}&#8221;][et_pb_row custom_padding_last_edited=&#8221;on|tablet&#8221; _builder_version=&#8221;4.21.0&#8243; width_tablet=&#8221;62%&#8221; width_phone=&#8221;62%&#8221; width_last_edited=&#8221;on|tablet&#8221; module_alignment=&#8221;center&#8221; custom_padding_tablet=&#8221;|||36px|false|false&#8221; custom_padding_phone=&#8221;|||36px|false|false&#8221; module_alignment_tablet=&#8221;left&#8221; module_alignment_phone=&#8221;left&#8221; module_alignment_last_edited=&#8221;on|phone&#8221; global_colors_info=&#8221;{}&#8221;][et_pb_column type=&#8221;4_4&#8243; _builder_version=&#8221;4.16&#8243; custom_padding=&#8221;|||&#8221; global_colors_info=&#8221;{}&#8221; custom_padding__hover=&#8221;|||&#8221;][et_pb_text _builder_version=&#8221;4.27.6&#8243; text_font=&#8221;Oswald||||||||&#8221; text_text_color=&#8221;#013366&#8243; text_font_size=&#8221;26px&#8221; text_letter_spacing=&#8221;4px&#8221; text_line_height_tablet=&#8221;1.3em&#8221; text_line_height_phone=&#8221;1.3em&#8221; text_line_height_last_edited=&#8221;on|tablet&#8221; global_colors_info=&#8221;{}&#8221;]<\/p>\n<p>Single-Flex CD Power-Serie Koblinger<\/p>\n<p>[\/et_pb_text][\/et_pb_column][\/et_pb_row][\/et_pb_section][et_pb_section fb_built=&#8221;1&#8243; _builder_version=&#8221;4.27.6&#8243; _module_preset=&#8221;default&#8221; global_colors_info=&#8221;{}&#8221;][et_pb_row _builder_version=&#8221;4.27.6&#8243; _module_preset=&#8221;default&#8221; global_colors_info=&#8221;{}&#8221;][et_pb_column type=&#8221;4_4&#8243; _builder_version=&#8221;4.27.6&#8243; _module_preset=&#8221;default&#8221; global_colors_info=&#8221;{}&#8221;][et_pb_text _builder_version=&#8221;4.27.6&#8243; _module_preset=&#8221;default&#8221; global_colors_info=&#8221;{}&#8221;]<\/p>\n<h1>Single-Flex CD Power-Serie Koblinger<\/h1>\n<p>Power Serie er den nyeste tilf\u00f8jelse til Zero-Max\u2019 f\u00f8rende sortiment af Composite Disc Couplings (CD\u00ae koblinger). Power Serie supplerer den traditionelle CD koblingsserie med et design, der giver h\u00f8jere momentt\u00e6thed \u2013 dvs. st\u00f8rre momentkapacitet i en mere kompakt l\u00f8sning \u2013 samtidig med at de gennempr\u00f8vede fordele ved vores kompositskivetechnologi udnyttes fuldt ud. Applikationer, der kr\u00e6ver st\u00f8rre kapacitet for akselfejljustering, vil fortsat have fordel af den traditionelle CD koblingsserie.<\/p>\n<p>Power-Serie single-flex kompositskivekoblinger leverer den h\u00f8jeste torsionsstivhed af alle CD koblinger samt h\u00f8j pr\u00e6cision og robust drift ved h\u00f8je hastigheder i kr\u00e6vende servomotordrevne applikationer. Selvom single-flex-designet giver den mest begr\u00e6nsede parallelle akselfejljustering (svarende til metaldiskkoblinger), tilbyder disse kompakte fleksible akselkoblinger forudsigelig h\u00f8j kvalitet, servo-klassificeret ydeevne, fuldst\u00e6ndig sl\u00f8rfri drift (zero backlash), flere navmuligheder og eliminerer problemer med gnidningsslitage (fretting) og udmattelseskorrosion, som ofte ses ved metaldiskkoblinger. De er ideelle til systemer med h\u00f8jhastigheds reversering eller indekserende bev\u00e6gelsesprofiler. Hurtig levering og fuldt kundetilpassede l\u00f8sninger.<\/p>\n<p>Power Serie f\u00e5s ogs\u00e5 i en dobbelt-flex-udf\u00f8relse, som giver st\u00f8rre kapacitet for akselfejljustering.<\/p>\n<p>[\/et_pb_text][\/et_pb_column][\/et_pb_row][\/et_pb_section][et_pb_section fb_built=&#8221;1&#8243; _builder_version=&#8221;4.27.6&#8243; _module_preset=&#8221;default&#8221; global_colors_info=&#8221;{}&#8221;][et_pb_row column_structure=&#8221;1_3,1_3,1_3&#8243; _builder_version=&#8221;4.27.6&#8243; _module_preset=&#8221;e48a043d-0a2a-4309-a991-92fd51086eb7&#8243; global_colors_info=&#8221;{}&#8221;][et_pb_column type=&#8221;1_3&#8243; _builder_version=&#8221;4.27.6&#8243; _module_preset=&#8221;default&#8221; global_colors_info=&#8221;{}&#8221;][et_pb_image src=&#8221;https:\/\/zero-max.dk\/wp-content\/uploads\/2026\/03\/Billede-2.png&#8221; title_text=&#8221;Billede 2&#8243; _builder_version=&#8221;4.27.6&#8243; _module_preset=&#8221;2859c940-92aa-484f-a305-3c7a7469dfe9&#8243; global_colors_info=&#8221;{}&#8221;][\/et_pb_image][et_pb_button button_text=&#8221;Single-Flex CD Power-Serie&#8221; _builder_version=&#8221;4.27.6&#8243; _module_preset=&#8221;03c5cead-f7bc-4357-a551-fa6d5ccdd82e&#8221; hover_enabled=&#8221;0&#8243; global_colors_info=&#8221;{}&#8221; sticky_enabled=&#8221;0&#8243; disabled_on=&#8221;on|on|on&#8221; disabled=&#8221;on&#8221;][\/et_pb_button][et_pb_text _builder_version=&#8221;4.27.6&#8243; _module_preset=&#8221;372c4a77-c2ec-48f3-a2da-b3b83381463b&#8221; hover_enabled=&#8221;0&#8243; sticky_enabled=&#8221;0&#8243;]<\/p>\n<p>Single-Flex CD Power-Serie<\/p>\n<p>[\/et_pb_text][\/et_pb_column][et_pb_column type=&#8221;1_3&#8243; _builder_version=&#8221;4.27.6&#8243; _module_preset=&#8221;default&#8221; global_colors_info=&#8221;{}&#8221;][et_pb_image src=&#8221;https:\/\/zero-max.dk\/wp-content\/uploads\/2026\/03\/Billede-6.jpg&#8221; title_text=&#8221;Billede 6&#8243; _builder_version=&#8221;4.27.6&#8243; _module_preset=&#8221;2859c940-92aa-484f-a305-3c7a7469dfe9&#8243; global_colors_info=&#8221;{}&#8221;][\/et_pb_image][et_pb_button button_text=&#8221;Single-Flex CD Power-Serie x Adapter&#8221; _builder_version=&#8221;4.27.6&#8243; _module_preset=&#8221;03c5cead-f7bc-4357-a551-fa6d5ccdd82e&#8221; global_colors_info=&#8221;{}&#8221; disabled_on=&#8221;on|on|on&#8221; disabled=&#8221;on&#8221;][\/et_pb_button][et_pb_text _builder_version=&#8221;4.27.6&#8243; _module_preset=&#8221;372c4a77-c2ec-48f3-a2da-b3b83381463b&#8221; hover_enabled=&#8221;0&#8243; sticky_enabled=&#8221;0&#8243;]<\/p>\n<p>Single-Flex CD Power-Serie x Adapter<\/p>\n<p>[\/et_pb_text][\/et_pb_column][et_pb_column type=&#8221;1_3&#8243; _builder_version=&#8221;4.27.6&#8243; _module_preset=&#8221;default&#8221; global_colors_info=&#8221;{}&#8221;][et_pb_image src=&#8221;https:\/\/zero-max.dk\/wp-content\/uploads\/2026\/03\/Billede-7.png&#8221; title_text=&#8221;Billede 7&#8243; _builder_version=&#8221;4.27.6&#8243; _module_preset=&#8221;2859c940-92aa-484f-a305-3c7a7469dfe9&#8243; global_colors_info=&#8221;{}&#8221;][\/et_pb_image][et_pb_button button_text=&#8221;Single-Flex CD Power-Serie flangenav-konfiguration&#8221; _builder_version=&#8221;4.27.6&#8243; _module_preset=&#8221;03c5cead-f7bc-4357-a551-fa6d5ccdd82e&#8221; global_colors_info=&#8221;{}&#8221; disabled_on=&#8221;on|on|on&#8221; disabled=&#8221;on&#8221;][\/et_pb_button][et_pb_text _builder_version=&#8221;4.27.6&#8243; _module_preset=&#8221;372c4a77-c2ec-48f3-a2da-b3b83381463b&#8221; hover_enabled=&#8221;0&#8243; sticky_enabled=&#8221;0&#8243;]<\/p>\n<p>Single-Flex CD Power-Serie flangenav konfiguration<\/p>\n<p>[\/et_pb_text][\/et_pb_column][\/et_pb_row][et_pb_row column_structure=&#8221;1_3,1_3,1_3&#8243; _builder_version=&#8221;4.27.6&#8243; _module_preset=&#8221;e48a043d-0a2a-4309-a991-92fd51086eb7&#8243; global_colors_info=&#8221;{}&#8221;][et_pb_column type=&#8221;1_3&#8243; _builder_version=&#8221;4.27.6&#8243; _module_preset=&#8221;default&#8221; global_colors_info=&#8221;{}&#8221;][et_pb_image src=&#8221;https:\/\/zero-max.dk\/wp-content\/uploads\/2026\/03\/Billede-4.jpg&#8221; title_text=&#8221;Billede 4&#8243; _builder_version=&#8221;4.27.6&#8243; _module_preset=&#8221;2859c940-92aa-484f-a305-3c7a7469dfe9&#8243; global_colors_info=&#8221;{}&#8221;][\/et_pb_image][et_pb_button button_text=&#8221;Specialfremstillede CD-koblinger&#8221; _builder_version=&#8221;4.27.6&#8243; _module_preset=&#8221;03c5cead-f7bc-4357-a551-fa6d5ccdd82e&#8221; global_colors_info=&#8221;{}&#8221; disabled_on=&#8221;on|on|on&#8221; disabled=&#8221;on&#8221;][\/et_pb_button][et_pb_text _builder_version=&#8221;4.27.6&#8243; _module_preset=&#8221;372c4a77-c2ec-48f3-a2da-b3b83381463b&#8221; hover_enabled=&#8221;0&#8243; sticky_enabled=&#8221;0&#8243;]<\/p>\n<p>Specialfremstillede CD-koblinger<\/p>\n<p>[\/et_pb_text][\/et_pb_column][et_pb_column type=&#8221;1_3&#8243; _builder_version=&#8221;4.27.6&#8243; _module_preset=&#8221;default&#8221; global_colors_info=&#8221;{}&#8221;][\/et_pb_column][et_pb_column type=&#8221;1_3&#8243; _builder_version=&#8221;4.27.6&#8243; _module_preset=&#8221;default&#8221; global_colors_info=&#8221;{}&#8221;][\/et_pb_column][\/et_pb_row][\/et_pb_section][et_pb_section fb_built=&#8221;1&#8243; _builder_version=&#8221;4.16&#8243; global_colors_info=&#8221;{}&#8221;][et_pb_row _builder_version=&#8221;4.27.5&#8243; _module_preset=&#8221;default&#8221; custom_padding=&#8221;0px||||false|false&#8221; locked=&#8221;off&#8221; global_colors_info=&#8221;{}&#8221;][et_pb_column type=&#8221;4_4&#8243; _builder_version=&#8221;4.27.4&#8243; _module_preset=&#8221;default&#8221; global_colors_info=&#8221;{}&#8221;][et_pb_button button_url=&#8221;\/wp-content\/uploads\/2026\/02\/Servo-Class-Couplings-Catalog.pdf&#8221; button_text=&#8221;DOWNLOAD Katalog &#8211; CD Koblinger Power-Serie&#8221; button_alignment=&#8221;center&#8221; _builder_version=&#8221;4.27.6&#8243; custom_button=&#8221;on&#8221; button_text_color=&#8221;#ffffff&#8221; button_bg_color=&#8221;#003366&#8243; button_border_width=&#8221;4px&#8221; button_border_color=&#8221;#003366&#8243; button_border_radius=&#8221;4px&#8221; custom_margin=&#8221;0px||||false|false&#8221; custom_padding=&#8221;0px||||false|false&#8221; global_colors_info=&#8221;{}&#8221;]<br \/>\n[\/et_pb_button][\/et_pb_column][\/et_pb_row][\/et_pb_section]<\/p>\n","protected":false},"excerpt":{"rendered":"<p>Single-Flex CD Power-Serie KoblingerSingle-Flex CD Power-Serie Koblinger Power Serie er den nyeste tilf\u00f8jelse til Zero-Max\u2019 f\u00f8rende sortiment af Composite Disc Couplings (CD\u00ae koblinger). Power Serie supplerer den traditionelle CD koblingsserie med et design, der giver h\u00f8jere momentt\u00e6thed \u2013 dvs. st\u00f8rre momentkapacitet i en mere kompakt l\u00f8sning \u2013 samtidig med at de gennempr\u00f8vede fordele ved vores [&hellip;]<\/p>\n","protected":false},"author":9,"featured_media":0,"parent":0,"menu_order":0,"comment_status":"closed","ping_status":"closed","template":"","meta":{"_et_pb_use_builder":"on","_et_pb_old_content":"","_et_gb_content_width":"","footnotes":""},"class_list":["post-6642","page","type-page","status-publish","hentry"],"yoast_head":"<!-- This site is optimized with the Yoast SEO plugin v27.5 - https:\/\/yoast.com\/product\/yoast-seo-wordpress\/ -->\n<title>Single-Flex CD Power-Serie Koblinger - Zero-Max A\/S<\/title>\n<meta name=\"robots\" content=\"index, follow, max-snippet:-1, max-image-preview:large, max-video-preview:-1\" \/>\n<link rel=\"canonical\" href=\"https:\/\/zero-max.dk\/sv\/enkel-flex-cd-power-serie-kopplingar\/\" \/>\n<meta property=\"og:locale\" content=\"sv_SE\" \/>\n<meta property=\"og:type\" content=\"article\" \/>\n<meta property=\"og:title\" content=\"Single-Flex CD Power-Serie Koblinger - Zero-Max A\/S\" \/>\n<meta property=\"og:description\" content=\"Single-Flex CD Power-Serie KoblingerSingle-Flex CD Power-Serie Koblinger Power Serie er den nyeste tilf\u00f8jelse til Zero-Max\u2019 f\u00f8rende sortiment af Composite Disc Couplings (CD\u00ae koblinger). Power Serie supplerer den traditionelle CD koblingsserie med et design, der giver h\u00f8jere momentt\u00e6thed \u2013 dvs. st\u00f8rre momentkapacitet i en mere kompakt l\u00f8sning \u2013 samtidig med at de gennempr\u00f8vede fordele ved vores [&hellip;]\" \/>\n<meta property=\"og:url\" content=\"https:\/\/zero-max.dk\/sv\/enkel-flex-cd-power-serie-kopplingar\/\" \/>\n<meta property=\"og:site_name\" content=\"Zero-Max A\/S\" \/>\n<meta property=\"article:modified_time\" content=\"2026-03-09T10:51:10+00:00\" \/>\n<meta name=\"twitter:card\" content=\"summary_large_image\" \/>\n<meta name=\"twitter:label1\" content=\"Ber\u00e4knad l\u00e4stid\" \/>\n\t<meta name=\"twitter:data1\" content=\"3 minuter\" \/>\n<script type=\"application\/ld+json\" class=\"yoast-schema-graph\">{\"@context\":\"https:\\\/\\\/schema.org\",\"@graph\":[{\"@type\":\"WebPage\",\"@id\":\"https:\\\/\\\/zero-max.dk\\\/single-flex-cd-power-serie-koblinger\\\/\",\"url\":\"https:\\\/\\\/zero-max.dk\\\/single-flex-cd-power-serie-koblinger\\\/\",\"name\":\"Single-Flex CD Power-Serie Koblinger - Zero-Max A\\\/S\",\"isPartOf\":{\"@id\":\"https:\\\/\\\/zero-max.dk\\\/#website\"},\"datePublished\":\"2026-03-04T10:32:25+00:00\",\"dateModified\":\"2026-03-09T10:51:10+00:00\",\"breadcrumb\":{\"@id\":\"https:\\\/\\\/zero-max.dk\\\/single-flex-cd-power-serie-koblinger\\\/#breadcrumb\"},\"inLanguage\":\"sv-SE\",\"potentialAction\":[{\"@type\":\"ReadAction\",\"target\":[\"https:\\\/\\\/zero-max.dk\\\/single-flex-cd-power-serie-koblinger\\\/\"]}]},{\"@type\":\"BreadcrumbList\",\"@id\":\"https:\\\/\\\/zero-max.dk\\\/single-flex-cd-power-serie-koblinger\\\/#breadcrumb\",\"itemListElement\":[{\"@type\":\"ListItem\",\"position\":1,\"name\":\"Hjem\",\"item\":\"https:\\\/\\\/zero-max.dk\\\/\"},{\"@type\":\"ListItem\",\"position\":2,\"name\":\"Single-Flex CD Power-Serie Koblinger\"}]},{\"@type\":\"WebSite\",\"@id\":\"https:\\\/\\\/zero-max.dk\\\/#website\",\"url\":\"https:\\\/\\\/zero-max.dk\\\/\",\"name\":\"Zero-Max A\\\/S\",\"description\":\"\",\"potentialAction\":[{\"@type\":\"SearchAction\",\"target\":{\"@type\":\"EntryPoint\",\"urlTemplate\":\"https:\\\/\\\/zero-max.dk\\\/?s={search_term_string}\"},\"query-input\":{\"@type\":\"PropertyValueSpecification\",\"valueRequired\":true,\"valueName\":\"search_term_string\"}}],\"inLanguage\":\"sv-SE\"}]}<\/script>\n<!-- \/ Yoast SEO plugin. -->","yoast_head_json":{"title":"Enkel-Flex CD Kraft-Serie Kopplingar - Zero-Max A\/S","robots":{"index":"index","follow":"follow","max-snippet":"max-snippet:-1","max-image-preview":"max-image-preview:large","max-video-preview":"max-video-preview:-1"},"canonical":"https:\/\/zero-max.dk\/sv\/enkel-flex-cd-power-serie-kopplingar\/","og_locale":"sv_SE","og_type":"article","og_title":"Single-Flex CD Power-Serie Koblinger - Zero-Max A\/S","og_description":"Single-Flex CD Power-Serie KoblingerSingle-Flex CD Power-Serie Koblinger Power Serie er den nyeste tilf\u00f8jelse til Zero-Max\u2019 f\u00f8rende sortiment af Composite Disc Couplings (CD\u00ae koblinger). Power Serie supplerer den traditionelle CD koblingsserie med et design, der giver h\u00f8jere momentt\u00e6thed \u2013 dvs. st\u00f8rre momentkapacitet i en mere kompakt l\u00f8sning \u2013 samtidig med at de gennempr\u00f8vede fordele ved vores [&hellip;]","og_url":"https:\/\/zero-max.dk\/sv\/enkel-flex-cd-power-serie-kopplingar\/","og_site_name":"Zero-Max A\/S","article_modified_time":"2026-03-09T10:51:10+00:00","twitter_card":"summary_large_image","twitter_misc":{"Ber\u00e4knad l\u00e4stid":"3 minuter"},"schema":{"@context":"https:\/\/schema.org","@graph":[{"@type":"WebPage","@id":"https:\/\/zero-max.dk\/single-flex-cd-power-serie-koblinger\/","url":"https:\/\/zero-max.dk\/single-flex-cd-power-serie-koblinger\/","name":"Enkel-Flex CD Kraft-Serie Kopplingar - Zero-Max A\/S","isPartOf":{"@id":"https:\/\/zero-max.dk\/#website"},"datePublished":"2026-03-04T10:32:25+00:00","dateModified":"2026-03-09T10:51:10+00:00","breadcrumb":{"@id":"https:\/\/zero-max.dk\/single-flex-cd-power-serie-koblinger\/#breadcrumb"},"inLanguage":"sv-SE","potentialAction":[{"@type":"ReadAction","target":["https:\/\/zero-max.dk\/single-flex-cd-power-serie-koblinger\/"]}]},{"@type":"BreadcrumbList","@id":"https:\/\/zero-max.dk\/single-flex-cd-power-serie-koblinger\/#breadcrumb","itemListElement":[{"@type":"ListItem","position":1,"name":"Hjem","item":"https:\/\/zero-max.dk\/"},{"@type":"ListItem","position":2,"name":"Single-Flex CD Power-Serie Koblinger"}]},{"@type":"WebSite","@id":"https:\/\/zero-max.dk\/#website","url":"https:\/\/zero-max.dk\/","name":"Zero-Max A\/S","description":"","potentialAction":[{"@type":"SearchAction","target":{"@type":"EntryPoint","urlTemplate":"https:\/\/zero-max.dk\/?s={search_term_string}"},"query-input":{"@type":"PropertyValueSpecification","valueRequired":true,"valueName":"search_term_string"}}],"inLanguage":"sv-SE"}]}},"_links":{"self":[{"href":"https:\/\/zero-max.dk\/sv\/wp-json\/wp\/v2\/pages\/6642","targetHints":{"allow":["GET"]}}],"collection":[{"href":"https:\/\/zero-max.dk\/sv\/wp-json\/wp\/v2\/pages"}],"about":[{"href":"https:\/\/zero-max.dk\/sv\/wp-json\/wp\/v2\/types\/page"}],"author":[{"embeddable":true,"href":"https:\/\/zero-max.dk\/sv\/wp-json\/wp\/v2\/users\/9"}],"replies":[{"embeddable":true,"href":"https:\/\/zero-max.dk\/sv\/wp-json\/wp\/v2\/comments?post=6642"}],"version-history":[{"count":11,"href":"https:\/\/zero-max.dk\/sv\/wp-json\/wp\/v2\/pages\/6642\/revisions"}],"predecessor-version":[{"id":6722,"href":"https:\/\/zero-max.dk\/sv\/wp-json\/wp\/v2\/pages\/6642\/revisions\/6722"}],"wp:attachment":[{"href":"https:\/\/zero-max.dk\/sv\/wp-json\/wp\/v2\/media?parent=6642"}],"curies":[{"name":"wp","href":"https:\/\/api.w.org\/{rel}","templated":true}]}}