{"id":6738,"date":"2026-03-18T09:42:16","date_gmt":"2026-03-18T08:42:16","guid":{"rendered":"https:\/\/zero-max.dk\/?page_id=6738"},"modified":"2026-03-18T13:32:33","modified_gmt":"2026-03-18T12:32:33","slug":"cidepa-sincron","status":"publish","type":"page","link":"https:\/\/zero-max.dk\/sv\/cidepa-sincron\/","title":{"rendered":"Cidepa-Sincron"},"content":{"rendered":"<p>[et_pb_section fb_built=&#8221;1&#8243; _builder_version=&#8221;4.27.6&#8243; background_enable_image=&#8221;off&#8221; filter_brightness=&#8221;102%&#8221; custom_css_main_element=&#8221;height:450px;&#8221; border_width_bottom=&#8221;1px&#8221; border_color_bottom=&#8221;#eee&#8221; global_colors_info=&#8221;{}&#8221;][et_pb_row column_structure=&#8221;1_2,1_2&#8243; _builder_version=&#8221;4.27.6&#8243; custom_margin=&#8221;2%||||false|false&#8221; custom_padding=&#8221;||||false|false&#8221; global_colors_info=&#8221;{}&#8221;][et_pb_column type=&#8221;1_2&#8243; _builder_version=&#8221;4.16&#8243; custom_padding=&#8221;|||&#8221; global_colors_info=&#8221;{}&#8221; custom_padding__hover=&#8221;|||&#8221;][et_pb_image src=&#8221;https:\/\/zero-max.dk\/wp-content\/uploads\/2026\/03\/cidepa-Sincron-gear-boxes.jpg&#8221; title_text=&#8221;cidepa-Sincron-gear-boxes&#8221; _builder_version=&#8221;4.27.6&#8243; _module_preset=&#8221;default&#8221; height=&#8221;328px&#8221; global_colors_info=&#8221;{}&#8221;][\/et_pb_image][\/et_pb_column][et_pb_column type=&#8221;1_2&#8243; _builder_version=&#8221;4.16&#8243; custom_padding=&#8221;|||&#8221; global_colors_info=&#8221;{}&#8221; custom_padding__hover=&#8221;|||&#8221;][et_pb_text _builder_version=&#8221;4.27.6&#8243; text_font=&#8221;Oswald||||||||&#8221; text_text_color=&#8221;#013366&#8243; text_font_size=&#8221;26px&#8221; text_letter_spacing=&#8221;4px&#8221; text_line_height=&#8221;1.6em&#8221; header_font_size=&#8221;45px&#8221; text_orientation=&#8221;center&#8221; global_colors_info=&#8221;{}&#8221;]<\/p>\n<h1>Om Cidepa-Sincron<\/h1>\n<p>[\/et_pb_text][\/et_pb_column][\/et_pb_row][\/et_pb_section][et_pb_section fb_built=&#8221;1&#8243; disabled_on=&#8221;on|off|off&#8221; _builder_version=&#8221;4.16&#8243; background_color=&#8221;#ffffff&#8221; custom_padding=&#8221;20px||20px&#8221; global_colors_info=&#8221;{}&#8221;][et_pb_row _builder_version=&#8221;4.27.6&#8243; width=&#8221;60%&#8221; module_alignment=&#8221;center&#8221; global_colors_info=&#8221;{}&#8221;][et_pb_column type=&#8221;4_4&#8243; _builder_version=&#8221;4.16&#8243; custom_padding=&#8221;|||&#8221; global_colors_info=&#8221;{}&#8221; custom_padding__hover=&#8221;|||&#8221;][et_pb_text _builder_version=&#8221;4.27.6&#8243; header_font=&#8221;||||||||&#8221; header_3_font=&#8221;||||||||&#8221; header_3_text_color=&#8221;#003366&#8243; global_colors_info=&#8221;{}&#8221;]<\/p>\n<h1 style=\"text-align: center;\">The company Cidepa-Sincron<\/h1>\n<h2><\/h2>\n<p><span>Cidepa-Sincron er et firma, der er specialiseret i fremstilling af hastighedsreducerende gear til industrien generelt. Ud fra denne id\u00e9 begyndte hr. Antonio Cid de la Paz Lucena sin virksomhed i 1942.<br \/>Gennem \u00e5rene er virksomheden g\u00e5et fra et lille v\u00e6rksted p\u00e5 n\u00e6sten 150 kvadratmeter til den nye produktionsfacilitet med et areal p\u00e5 5.800 kvadratmeter.<img loading=\"lazy\" decoding=\"async\" src=\"https:\/\/zero-max.dk\/wp-content\/uploads\/2026\/03\/IMG_2942-225x300.jpg\" width=\"225\" height=\"300\" alt=\"\" class=\"wp-image-6753 alignright size-medium\" \/> <\/span><\/p>\n<p><span>Virksomhedens filosofi er baseret p\u00e5 tre grundl\u00e6ggende elementer.: <\/span><\/p>\n<p><span>&#x2705; Kunden: Vores m\u00e5l<\/span><\/p>\n<p><span>&#x2705; Kvalitet: Vores eksistensgrundlag<\/span><\/p>\n<p><span>&#x2705; Service: Vores forskel<\/span><\/p>\n<p><span>Disse tre elementer er fundamentet for forretningen, fordi de er de afg\u00f8rende retningslinjer for deres arbejde.<\/span><\/p>\n<p><strong>\u00a0<\/strong><\/p>\n<p><strong>Gr\u00f8n virksomhed, virksomheden der tager ansvar.<\/strong><\/p>\n<p>Cidepa-Sincron er en f\u00f8rende virksomhed inden for service og handel p\u00e5 gearomr\u00e5det.<\/p>\n<p>Virksomheden blev grundlagt i 1994 og er resultatet af sammenl\u00e6gningen af flere forskellige gear-fabrikater. Fra de f\u00f8rste produkter har den arvet en filosofi baseret p\u00e5 kvalitet, rentabilitet og teknisk pr\u00e6cision.<\/p>\n<p>Cidepa-Sincron er til stede p\u00e5 hele det europ\u00e6iske marked gennem et komplet distributionsnetv\u00e6rk best\u00e5ende af de vigtigste akt\u00f8rer p\u00e5 hvert marked.<\/p>\n<p>Cidepa-Sincron er en international virksomhed, der har gjort beskyttelse af milj\u00f8et og socialt velf\u00e6rd til et permanent m\u00e5l i sin ledelsespolitik.<\/p>\n<p>I overensstemmelse med denne filosofi, \u00f8ges rentabiliteten, virksomheden inkorporerer projekter indenfor vedvarende energi, infrastruktur, landbrug, hydraulik og service.<\/p>\n<p>Denne arbejdsmetode skaber synergier mellem de forskellige produkter. Hvis vi tilf\u00f8jer en meget dynamisk og professionel politik, er resultatet en h\u00f8j rentabilitet i strategiske aftaler, som garanterer vores kunders fordel.<\/p>\n<p>Cidepa-Sincron har klart som m\u00e5l at forbedre sig konstant; virksomheden har altid v\u00e6ret en forl\u00f8ber for nye markeder og produktionsteknikker. Vi afs\u00e6tter mere end 6 % af vores overskud og n\u00e6sten 4 % af EBITDA til forskning og udvikling.<\/p>\n<p>Derfor er vi i stand til at tilbyde vores kunder eksklusive specialfremstillede produkter.<\/p>\n<p>Cidepa-Sincrons udfordring er at blive en reference inden for vedvarende forbedringer anvendt p\u00e5 gear og gearmotorer, baseret p\u00e5 vores v\u00e6kst og udvikling i henhold til vores filosofi om Kvalitet-Produkt-Service.<\/p>\n<p>Cidepa-Sincron er certificeret i henhold til ISO 9001 og ISO 14001.<\/p>\n<p>[\/et_pb_text][et_pb_button button_url=&#8221;@ET-DC@eyJkeW5hbWljIjp0cnVlLCJjb250ZW50IjoicG9zdF9saW5rX3VybF9wYWdlIiwic2V0dGluZ3MiOnsicG9zdF9pZCI6IjY3NDAifX0=@&#8221; button_text=&#8221;Cidepa hovedprodukter&#8221; _builder_version=&#8221;4.27.6&#8243; _dynamic_attributes=&#8221;button_url&#8221; custom_button=&#8221;on&#8221; button_text_color=&#8221;#ffffff&#8221; button_bg_color=&#8221;#003366&#8243; button_border_width=&#8221;4px&#8221; button_border_color=&#8221;#003366&#8243; button_border_radius=&#8221;4px&#8221; button_font=&#8221;||||||||&#8221; hover_enabled=&#8221;0&#8243; global_colors_info=&#8221;{}&#8221; sticky_enabled=&#8221;0&#8243;][\/et_pb_button][\/et_pb_column][\/et_pb_row][\/et_pb_section][et_pb_section fb_built=&#8221;1&#8243; disabled_on=&#8221;on|on|on&#8221; _builder_version=&#8221;4.16&#8243; background_color=&#8221;#003366&#8243; custom_padding=&#8221;0px||0px&#8221; disabled=&#8221;on&#8221; global_colors_info=&#8221;{}&#8221;][et_pb_row column_structure=&#8221;1_3,1_3,1_3&#8243; _builder_version=&#8221;4.16&#8243; global_colors_info=&#8221;{}&#8221;][et_pb_column type=&#8221;1_3&#8243; _builder_version=&#8221;4.16&#8243; custom_padding=&#8221;|||&#8221; global_colors_info=&#8221;{}&#8221; custom_padding__hover=&#8221;|||&#8221;][et_pb_text _builder_version=&#8221;4.16&#8243; header_font=&#8221;||||||||&#8221; header_2_font=&#8221;||||||||&#8221; header_2_text_align=&#8221;center&#8221; header_2_text_color=&#8221;#9cf&#8221; header_2_font_size=&#8221;14px&#8221; custom_margin=&#8221;0px||0px&#8221; custom_padding=&#8221;0px||0px&#8221; global_colors_info=&#8221;{}&#8221;]<\/p>\n<h2>Zero Max<\/h2>\n<p>[\/et_pb_text][et_pb_text _builder_version=&#8221;4.16&#8243; text_font=&#8221;||||||||&#8221; header_font=&#8221;||||||||&#8221; background_image=&#8221;https:\/\/zero-max.dk\/wp-content\/uploads\/2020\/08\/Boxes.jpg&#8221; text_orientation=&#8221;center&#8221; custom_margin=&#8221;0px||0px&#8221; custom_padding=&#8221;10px|20px|26px|20px&#8221; border_width_all=&#8221;1px&#8221; border_color_all=&#8221;#ffffff&#8221; global_colors_info=&#8221;{}&#8221;]<\/p>\n<p>Our gobal perspektive makes it possible to provide our customer with quality products at competitive pricing to any location<\/p>\n<p>[\/et_pb_text][\/et_pb_column][et_pb_column type=&#8221;1_3&#8243; _builder_version=&#8221;4.16&#8243; custom_padding=&#8221;|||&#8221; global_colors_info=&#8221;{}&#8221; custom_padding__hover=&#8221;|||&#8221;][et_pb_text _builder_version=&#8221;4.16&#8243; header_font=&#8221;||||||||&#8221; header_2_font=&#8221;||||||||&#8221; header_2_text_align=&#8221;center&#8221; header_2_text_color=&#8221;#9cf&#8221; header_2_font_size=&#8221;14px&#8221; custom_margin=&#8221;0px||0px&#8221; custom_padding=&#8221;0px||0px&#8221; global_colors_info=&#8221;{}&#8221;]<\/p>\n<h2>World-Leading Expert !<\/h2>\n<p>[\/et_pb_text][et_pb_text _builder_version=&#8221;4.16&#8243; text_font=&#8221;||||||||&#8221; header_font=&#8221;||||||||&#8221; background_image=&#8221;https:\/\/zero-max.dk\/wp-content\/uploads\/2020\/08\/Boxes.jpg&#8221; text_orientation=&#8221;center&#8221; custom_margin=&#8221;0px||0px&#8221; custom_padding=&#8221;10px|20px|25px|20px&#8221; border_width_all=&#8221;1px&#8221; border_color_all=&#8221;#ffffff&#8221; global_colors_info=&#8221;{}&#8221;]<\/p>\n<p>Zero-Max combines decades of industry leading experience with unparalleled expertise in motion control solutions<\/p>\n<p>[\/et_pb_text][\/et_pb_column][et_pb_column type=&#8221;1_3&#8243; _builder_version=&#8221;4.16&#8243; custom_padding=&#8221;|||&#8221; global_colors_info=&#8221;{}&#8221; custom_padding__hover=&#8221;|||&#8221;][et_pb_text _builder_version=&#8221;4.16&#8243; header_font=&#8221;||||||||&#8221; header_2_font=&#8221;||||||||&#8221; header_2_text_align=&#8221;center&#8221; header_2_text_color=&#8221;#9cf&#8221; header_2_font_size=&#8221;14px&#8221; custom_margin=&#8221;0px||0px&#8221; custom_padding=&#8221;0px||0px&#8221; global_colors_info=&#8221;{}&#8221;]<\/p>\n<h2>Get in touch !<\/h2>\n<p>[\/et_pb_text][et_pb_text _builder_version=&#8221;4.16&#8243; text_font=&#8221;||||||||&#8221; header_font=&#8221;||||||||&#8221; background_image=&#8221;https:\/\/zero-max.dk\/wp-content\/uploads\/2020\/08\/Boxes.jpg&#8221; text_orientation=&#8221;center&#8221; custom_margin=&#8221;0px||0px&#8221; custom_padding=&#8221;10px|10px|10px|10px&#8221; border_width_all=&#8221;1px&#8221; border_color_all=&#8221;#ffffff&#8221; global_colors_info=&#8221;{}&#8221;]<\/p>\n<p>Zero-Max A\/S<br \/>Mail: ext@zero-max.dk <br \/>Haarup Tvaevej 1<br \/>DK &#8211; 8600 Silkeborg<\/p>\n<p>[\/et_pb_text][\/et_pb_column][\/et_pb_row][\/et_pb_section]<\/p>\n","protected":false},"excerpt":{"rendered":"<p>Om Cidepa-SincronThe company Cidepa-Sincron Cidepa-Sincron er et firma, der er specialiseret i fremstilling af hastighedsreducerende gear til industrien generelt. Ud fra denne id\u00e9 begyndte hr. Antonio Cid de la Paz Lucena sin virksomhed i 1942.Gennem \u00e5rene er virksomheden g\u00e5et fra et lille v\u00e6rksted p\u00e5 n\u00e6sten 150 kvadratmeter til den nye produktionsfacilitet med et areal p\u00e5 [&hellip;]<\/p>\n","protected":false},"author":9,"featured_media":0,"parent":0,"menu_order":0,"comment_status":"closed","ping_status":"closed","template":"","meta":{"_et_pb_use_builder":"on","_et_pb_old_content":"","_et_gb_content_width":"","footnotes":""},"class_list":["post-6738","page","type-page","status-publish","hentry"],"yoast_head":"<!-- This site is optimized with the Yoast SEO plugin v27.5 - https:\/\/yoast.com\/product\/yoast-seo-wordpress\/ -->\n<title>Cidepa-Sincron - Zero-Max A\/S<\/title>\n<meta name=\"robots\" content=\"index, follow, max-snippet:-1, max-image-preview:large, max-video-preview:-1\" \/>\n<link rel=\"canonical\" href=\"https:\/\/zero-max.dk\/sv\/cidepa-sincron\/\" \/>\n<meta property=\"og:locale\" content=\"sv_SE\" \/>\n<meta property=\"og:type\" content=\"article\" \/>\n<meta property=\"og:title\" content=\"Cidepa-Sincron - Zero-Max A\/S\" \/>\n<meta property=\"og:description\" content=\"Om Cidepa-SincronThe company Cidepa-Sincron Cidepa-Sincron er et firma, der er specialiseret i fremstilling af hastighedsreducerende gear til industrien generelt. Ud fra denne id\u00e9 begyndte hr. Antonio Cid de la Paz Lucena sin virksomhed i 1942.Gennem \u00e5rene er virksomheden g\u00e5et fra et lille v\u00e6rksted p\u00e5 n\u00e6sten 150 kvadratmeter til den nye produktionsfacilitet med et areal p\u00e5 [&hellip;]\" \/>\n<meta property=\"og:url\" content=\"https:\/\/zero-max.dk\/sv\/cidepa-sincron\/\" \/>\n<meta property=\"og:site_name\" content=\"Zero-Max A\/S\" \/>\n<meta property=\"article:modified_time\" content=\"2026-03-18T12:32:33+00:00\" \/>\n<meta property=\"og:image\" content=\"https:\/\/zero-max.dk\/wp-content\/uploads\/2026\/03\/IMG_2942-225x300.jpg\" \/>\n<meta name=\"twitter:card\" content=\"summary_large_image\" \/>\n<script type=\"application\/ld+json\" class=\"yoast-schema-graph\">{\"@context\":\"https:\\\/\\\/schema.org\",\"@graph\":[{\"@type\":\"WebPage\",\"@id\":\"https:\\\/\\\/zero-max.dk\\\/cidepa-sincron\\\/\",\"url\":\"https:\\\/\\\/zero-max.dk\\\/cidepa-sincron\\\/\",\"name\":\"Cidepa-Sincron - Zero-Max A\\\/S\",\"isPartOf\":{\"@id\":\"https:\\\/\\\/zero-max.dk\\\/#website\"},\"primaryImageOfPage\":{\"@id\":\"https:\\\/\\\/zero-max.dk\\\/cidepa-sincron\\\/#primaryimage\"},\"image\":{\"@id\":\"https:\\\/\\\/zero-max.dk\\\/cidepa-sincron\\\/#primaryimage\"},\"thumbnailUrl\":\"https:\\\/\\\/zero-max.dk\\\/wp-content\\\/uploads\\\/2026\\\/03\\\/IMG_2942-225x300.jpg\",\"datePublished\":\"2026-03-18T08:42:16+00:00\",\"dateModified\":\"2026-03-18T12:32:33+00:00\",\"breadcrumb\":{\"@id\":\"https:\\\/\\\/zero-max.dk\\\/cidepa-sincron\\\/#breadcrumb\"},\"inLanguage\":\"sv-SE\",\"potentialAction\":[{\"@type\":\"ReadAction\",\"target\":[\"https:\\\/\\\/zero-max.dk\\\/cidepa-sincron\\\/\"]}]},{\"@type\":\"ImageObject\",\"inLanguage\":\"sv-SE\",\"@id\":\"https:\\\/\\\/zero-max.dk\\\/cidepa-sincron\\\/#primaryimage\",\"url\":\"https:\\\/\\\/zero-max.dk\\\/wp-content\\\/uploads\\\/2026\\\/03\\\/IMG_2942-225x300.jpg\",\"contentUrl\":\"https:\\\/\\\/zero-max.dk\\\/wp-content\\\/uploads\\\/2026\\\/03\\\/IMG_2942-225x300.jpg\"},{\"@type\":\"BreadcrumbList\",\"@id\":\"https:\\\/\\\/zero-max.dk\\\/cidepa-sincron\\\/#breadcrumb\",\"itemListElement\":[{\"@type\":\"ListItem\",\"position\":1,\"name\":\"Hjem\",\"item\":\"https:\\\/\\\/zero-max.dk\\\/\"},{\"@type\":\"ListItem\",\"position\":2,\"name\":\"Cidepa-Sincron\"}]},{\"@type\":\"WebSite\",\"@id\":\"https:\\\/\\\/zero-max.dk\\\/#website\",\"url\":\"https:\\\/\\\/zero-max.dk\\\/\",\"name\":\"Zero-Max A\\\/S\",\"description\":\"\",\"potentialAction\":[{\"@type\":\"SearchAction\",\"target\":{\"@type\":\"EntryPoint\",\"urlTemplate\":\"https:\\\/\\\/zero-max.dk\\\/?s={search_term_string}\"},\"query-input\":{\"@type\":\"PropertyValueSpecification\",\"valueRequired\":true,\"valueName\":\"search_term_string\"}}],\"inLanguage\":\"sv-SE\"}]}<\/script>\n<!-- \/ Yoast SEO plugin. -->","yoast_head_json":{"title":"Cidepa-Sincron - Zero-Max A\/S","robots":{"index":"index","follow":"follow","max-snippet":"max-snippet:-1","max-image-preview":"max-image-preview:large","max-video-preview":"max-video-preview:-1"},"canonical":"https:\/\/zero-max.dk\/sv\/cidepa-sincron\/","og_locale":"sv_SE","og_type":"article","og_title":"Cidepa-Sincron - Zero-Max A\/S","og_description":"Om Cidepa-SincronThe company Cidepa-Sincron Cidepa-Sincron er et firma, der er specialiseret i fremstilling af hastighedsreducerende gear til industrien generelt. Ud fra denne id\u00e9 begyndte hr. Antonio Cid de la Paz Lucena sin virksomhed i 1942.Gennem \u00e5rene er virksomheden g\u00e5et fra et lille v\u00e6rksted p\u00e5 n\u00e6sten 150 kvadratmeter til den nye produktionsfacilitet med et areal p\u00e5 [&hellip;]","og_url":"https:\/\/zero-max.dk\/sv\/cidepa-sincron\/","og_site_name":"Zero-Max A\/S","article_modified_time":"2026-03-18T12:32:33+00:00","og_image":[{"url":"https:\/\/zero-max.dk\/wp-content\/uploads\/2026\/03\/IMG_2942-225x300.jpg","type":"","width":"","height":""}],"twitter_card":"summary_large_image","schema":{"@context":"https:\/\/schema.org","@graph":[{"@type":"WebPage","@id":"https:\/\/zero-max.dk\/cidepa-sincron\/","url":"https:\/\/zero-max.dk\/cidepa-sincron\/","name":"Cidepa-Sincron - Zero-Max A\/S","isPartOf":{"@id":"https:\/\/zero-max.dk\/#website"},"primaryImageOfPage":{"@id":"https:\/\/zero-max.dk\/cidepa-sincron\/#primaryimage"},"image":{"@id":"https:\/\/zero-max.dk\/cidepa-sincron\/#primaryimage"},"thumbnailUrl":"https:\/\/zero-max.dk\/wp-content\/uploads\/2026\/03\/IMG_2942-225x300.jpg","datePublished":"2026-03-18T08:42:16+00:00","dateModified":"2026-03-18T12:32:33+00:00","breadcrumb":{"@id":"https:\/\/zero-max.dk\/cidepa-sincron\/#breadcrumb"},"inLanguage":"sv-SE","potentialAction":[{"@type":"ReadAction","target":["https:\/\/zero-max.dk\/cidepa-sincron\/"]}]},{"@type":"ImageObject","inLanguage":"sv-SE","@id":"https:\/\/zero-max.dk\/cidepa-sincron\/#primaryimage","url":"https:\/\/zero-max.dk\/wp-content\/uploads\/2026\/03\/IMG_2942-225x300.jpg","contentUrl":"https:\/\/zero-max.dk\/wp-content\/uploads\/2026\/03\/IMG_2942-225x300.jpg"},{"@type":"BreadcrumbList","@id":"https:\/\/zero-max.dk\/cidepa-sincron\/#breadcrumb","itemListElement":[{"@type":"ListItem","position":1,"name":"Hjem","item":"https:\/\/zero-max.dk\/"},{"@type":"ListItem","position":2,"name":"Cidepa-Sincron"}]},{"@type":"WebSite","@id":"https:\/\/zero-max.dk\/#website","url":"https:\/\/zero-max.dk\/","name":"Zero-Max A\/S","description":"","potentialAction":[{"@type":"SearchAction","target":{"@type":"EntryPoint","urlTemplate":"https:\/\/zero-max.dk\/?s={search_term_string}"},"query-input":{"@type":"PropertyValueSpecification","valueRequired":true,"valueName":"search_term_string"}}],"inLanguage":"sv-SE"}]}},"_links":{"self":[{"href":"https:\/\/zero-max.dk\/sv\/wp-json\/wp\/v2\/pages\/6738","targetHints":{"allow":["GET"]}}],"collection":[{"href":"https:\/\/zero-max.dk\/sv\/wp-json\/wp\/v2\/pages"}],"about":[{"href":"https:\/\/zero-max.dk\/sv\/wp-json\/wp\/v2\/types\/page"}],"author":[{"embeddable":true,"href":"https:\/\/zero-max.dk\/sv\/wp-json\/wp\/v2\/users\/9"}],"replies":[{"embeddable":true,"href":"https:\/\/zero-max.dk\/sv\/wp-json\/wp\/v2\/comments?post=6738"}],"version-history":[{"count":11,"href":"https:\/\/zero-max.dk\/sv\/wp-json\/wp\/v2\/pages\/6738\/revisions"}],"predecessor-version":[{"id":6812,"href":"https:\/\/zero-max.dk\/sv\/wp-json\/wp\/v2\/pages\/6738\/revisions\/6812"}],"wp:attachment":[{"href":"https:\/\/zero-max.dk\/sv\/wp-json\/wp\/v2\/media?parent=6738"}],"curies":[{"name":"wp","href":"https:\/\/api.w.org\/{rel}","templated":true}]}}