{"id":852,"date":"2019-01-02T17:10:00","date_gmt":"2019-01-02T16:10:00","guid":{"rendered":"https:\/\/zero-max.dk\/?page_id=852"},"modified":"2025-12-18T09:41:10","modified_gmt":"2025-12-18T08:41:10","slug":"back-run-sakerhetsmekanismer-da","status":"publish","type":"page","link":"https:\/\/zero-max.dk\/sv\/back-run-safety-mechanisms-da\/","title":{"rendered":"Omv\u00e4nd s\u00e4kerhetsmekanism"},"content":{"rendered":"<p>[et_pb_section fb_built=&#8221;1&#8243; _builder_version=&#8221;4.21.0&#8243; background_image=&#8221;https:\/\/zero-max.dk\/wp-content\/uploads\/2018\/12\/back-run-safety-mechanism_Top.jpg&#8221; background_size=&#8221;contain&#8221; animation_style=&#8221;zoom&#8221; custom_css_main_element=&#8221;height:450px;&#8221; border_width_bottom=&#8221;1px&#8221; border_color_bottom=&#8221;#eee&#8221; locked=&#8221;off&#8221; global_colors_info=&#8221;{}&#8221;][et_pb_row _builder_version=&#8221;4.21.0&#8243; custom_margin=&#8221;6%||&#8221; custom_margin_tablet=&#8221;-3%||||false|false&#8221; custom_margin_phone=&#8221;-3%||||false|false&#8221; custom_margin_last_edited=&#8221;on|tablet&#8221; global_colors_info=&#8221;{}&#8221;][et_pb_column type=&#8221;4_4&#8243; _builder_version=&#8221;4.16&#8243; custom_padding=&#8221;|||&#8221; global_colors_info=&#8221;{}&#8221; custom_padding__hover=&#8221;|||&#8221;][et_pb_text _builder_version=&#8221;4.21.0&#8243; text_font=&#8221;Oswald||||||||&#8221; text_text_color=&#8221;#013366&#8243; text_font_size=&#8221;26px&#8221; text_letter_spacing=&#8221;4px&#8221; text_line_height=&#8221;1.1em&#8221; text_orientation=&#8221;right&#8221; global_colors_info=&#8221;{}&#8221;]<\/p>\n<p>Optimale l\u00f8sninger til drev teknologi<\/p>\n<p>[\/et_pb_text][\/et_pb_column][\/et_pb_row][\/et_pb_section][et_pb_section fb_built=&#8221;1&#8243; disabled_on=&#8221;on|off|off&#8221; _builder_version=&#8221;4.16&#8243; background_color=&#8221;#ffffff&#8221; custom_padding=&#8221;20px||20px&#8221; global_colors_info=&#8221;{}&#8221;][et_pb_row column_structure=&#8221;1_2,1_2&#8243; _builder_version=&#8221;4.16&#8243; global_colors_info=&#8221;{}&#8221;][et_pb_column type=&#8221;1_2&#8243; _builder_version=&#8221;4.16&#8243; custom_padding=&#8221;|||&#8221; global_colors_info=&#8221;{}&#8221; custom_padding__hover=&#8221;|||&#8221;][et_pb_image src=&#8221;https:\/\/zero-max.dk\/wp-content\/uploads\/2018\/12\/back-run-safety-mechanism.jpg&#8221; align=&#8221;center&#8221; align_tablet=&#8221;center&#8221; align_phone=&#8221;center&#8221; align_last_edited=&#8221;on|desktop&#8221; _builder_version=&#8221;4.16&#8243; global_colors_info=&#8221;{}&#8221;]<br \/>\n[\/et_pb_image][\/et_pb_column][et_pb_column type=&#8221;1_2&#8243; _builder_version=&#8221;4.16&#8243; custom_padding=&#8221;|||&#8221; global_colors_info=&#8221;{}&#8221; custom_padding__hover=&#8221;|||&#8221;][et_pb_text _builder_version=&#8221;4.16&#8243; header_font=&#8221;||||||||&#8221; header_3_font=&#8221;||||||||&#8221; header_3_text_color=&#8221;#003366&#8243; global_colors_info=&#8221;{}&#8221;]<\/p>\n<h1>GENNEMTESTET TEKNOLOGI<\/h1>\n<h2><span class=\"textheading2 mobile-undersized-upper\">Back Run Safety Mechanism<\/span><\/h2>\n<p>Optimale l\u00f8sninger for drevteknologi, gennemt\u00e6nkt design og moderne produktionsteknologi.<\/p>\n<p>Tilbagel\u00f8bs-sikkerhedsmekanismer bruges prim\u00e6rt til elevatorer og transportsystemer. De bruges til at forhindre tilbagel\u00f8b i nedlukningssystemer.<\/p>\n<p>[\/et_pb_text][et_pb_button button_text=&#8221;DOWNLOAD &#8211; Back Run Safety Mechanism&#8221; _builder_version=&#8221;4.27.4&#8243; custom_button=&#8221;on&#8221; button_text_color=&#8221;#ffffff&#8221; button_bg_color=&#8221;#003366&#8243; button_border_width=&#8221;4px&#8221; button_border_color=&#8221;#003366&#8243; button_border_radius=&#8221;4px&#8221; button_font=&#8221;||||||||&#8221; hover_enabled=&#8221;0&#8243; global_colors_info=&#8221;{}&#8221; button_url=&#8221;https:\/\/zero-max.dk\/wp-content\/uploads\/2025\/12\/katalog_freilaeufe.pdf&#8221; sticky_enabled=&#8221;0&#8243;]<br \/>\n[\/et_pb_button][\/et_pb_column][\/et_pb_row][\/et_pb_section][et_pb_section fb_built=&#8221;1&#8243; disabled_on=&#8221;on|on|on&#8221; _builder_version=&#8221;4.21.0&#8243; background_color=&#8221;#003366&#8243; custom_padding=&#8221;0px||0px&#8221; disabled=&#8221;on&#8221; global_module=&#8221;1102&#8243; saved_tabs=&#8221;all&#8221; global_colors_info=&#8221;{}&#8221;][et_pb_row column_structure=&#8221;1_3,1_3,1_3&#8243; _builder_version=&#8221;4.16&#8243; global_colors_info=&#8221;{}&#8221;][et_pb_column type=&#8221;1_3&#8243; _builder_version=&#8221;4.16&#8243; custom_padding=&#8221;|||&#8221; global_colors_info=&#8221;{}&#8221; custom_padding__hover=&#8221;|||&#8221;][et_pb_text admin_label=&#8221;Tekst&#8221; _builder_version=&#8221;4.16&#8243; header_2_text_align=&#8221;center&#8221; header_2_text_color=&#8221;#99ccff&#8221; header_2_font_size=&#8221;14px&#8221; custom_margin=&#8221;0px||0px&#8221; custom_padding=&#8221;0px||0px&#8221; global_colors_info=&#8221;{}&#8221;]<\/p>\n<h2>Zero Max &#8211; Industri<\/h2>\n<p>[\/et_pb_text][et_pb_text _builder_version=&#8221;4.16&#8243; background_image=&#8221;https:\/\/zero-max.dk\/wp-content\/uploads\/2018\/12\/Boxes.jpg&#8221; text_orientation=&#8221;center&#8221; custom_margin=&#8221;0px||0px&#8221; custom_padding=&#8221;10px|20px|26px|20px&#8221; border_width_all=&#8221;1px&#8221; border_color_all=&#8221;#ffffff&#8221; global_colors_info=&#8221;{}&#8221;]<\/p>\n<p>Hurtighed, pr\u00e6cision og driftssikkerhed? Overvej en l\u00f8sning fra Zero-Max<\/p>\n<p>[\/et_pb_text][\/et_pb_column][et_pb_column type=&#8221;1_3&#8243; _builder_version=&#8221;4.16&#8243; custom_padding=&#8221;|||&#8221; global_colors_info=&#8221;{}&#8221; custom_padding__hover=&#8221;|||&#8221;][et_pb_text _builder_version=&#8221;4.16&#8243; header_2_text_align=&#8221;center&#8221; header_2_text_color=&#8221;#99ccff&#8221; header_2_font_size=&#8221;14px&#8221; custom_margin=&#8221;0px||0px&#8221; custom_padding=&#8221;0px||0px&#8221; global_colors_info=&#8221;{}&#8221;]<\/p>\n<h2>Zero Max \u2013 Landbrug<\/h2>\n<p>[\/et_pb_text][et_pb_text _builder_version=&#8221;4.16&#8243; background_image=&#8221;https:\/\/zero-max.dk\/wp-content\/uploads\/2018\/12\/Boxes.jpg&#8221; text_orientation=&#8221;center&#8221; custom_margin=&#8221;0px||0px&#8221; custom_padding=&#8221;10px|20px|25px|20px&#8221; border_width_all=&#8221;1px&#8221; border_color_all=&#8221;#ffffff&#8221; global_colors_info=&#8221;{}&#8221;]<\/p>\n<p>St\u00f8rre, tungere, hurtigere? Driftssikker?<br \/>Kundespecifikt designet hos Zero-Max!<\/p>\n<p>[\/et_pb_text][\/et_pb_column][et_pb_column type=&#8221;1_3&#8243; _builder_version=&#8221;4.16&#8243; custom_padding=&#8221;|||&#8221; global_colors_info=&#8221;{}&#8221; custom_padding__hover=&#8221;|||&#8221;][et_pb_text _builder_version=&#8221;4.16&#8243; header_2_text_align=&#8221;center&#8221; header_2_text_color=&#8221;#99ccff&#8221; header_2_font_size=&#8221;14px&#8221; custom_margin=&#8221;0px||0px&#8221; custom_padding=&#8221;0px||0px&#8221; global_colors_info=&#8221;{}&#8221;]<\/p>\n<h2>Zero Max \u2013 Energi<\/h2>\n<p>[\/et_pb_text][et_pb_text admin_label=&#8221;Text&#8221; _builder_version=&#8221;4.16&#8243; background_image=&#8221;https:\/\/zero-max.dk\/wp-content\/uploads\/2018\/12\/Boxes.jpg&#8221; text_orientation=&#8221;center&#8221; custom_margin=&#8221;0px||0px&#8221; custom_padding=&#8221;10px|10px|10px|10px&#8221; border_width_all=&#8221;1px&#8221; border_color_all=&#8221;#ffffff&#8221; global_colors_info=&#8221;{}&#8221;]<\/p>\n<p>St\u00e6rk ydeevne i ekstrem vind? <br \/>Skiftende klimabetingelserne?<br \/>Zero-Max skaber l\u00f8sningen for dig!<\/p>\n<p>[\/et_pb_text][\/et_pb_column][\/et_pb_row][\/et_pb_section]<\/p>\n","protected":false},"excerpt":{"rendered":"<p>Optimale l\u00f8sninger til drev teknologi GENNEMTESTET TEKNOLOGI Back Run Safety Mechanism Optimale l\u00f8sninger for drevteknologi, gennemt\u00e6nkt design og moderne produktionsteknologi. Tilbagel\u00f8bs-sikkerhedsmekanismer bruges prim\u00e6rt til elevatorer og transportsystemer. De bruges til at forhindre tilbagel\u00f8b i nedlukningssystemer. Zero Max &#8211; IndustriHurtighed, pr\u00e6cision og driftssikkerhed? Overvej en l\u00f8sning fra Zero-MaxZero Max \u2013 LandbrugSt\u00f8rre, tungere, hurtigere? Driftssikker?Kundespecifikt designet hos [&hellip;]<\/p>\n","protected":false},"author":7,"featured_media":0,"parent":0,"menu_order":0,"comment_status":"closed","ping_status":"closed","template":"","meta":{"_et_pb_use_builder":"on","_et_pb_old_content":"","_et_gb_content_width":"","footnotes":""},"class_list":["post-852","page","type-page","status-publish","hentry"],"yoast_head":"<!-- This site is optimized with the Yoast SEO plugin v27.5 - https:\/\/yoast.com\/product\/yoast-seo-wordpress\/ -->\n<title>Tilbagel\u00f8bssikring \u2013 Back Run Safety Mechanism til Sikker Drevteknologi- Zero-Max A\/S<\/title>\n<meta name=\"description\" content=\"Undg\u00e5 farligt tilbagel\u00f8b i dine systemer med en Back Run Safety Mechanism. Ideel til elevatorer og transportanl\u00e6g. P\u00e5lidelig, driftssikker og moderne l\u00f8sning.\" \/>\n<meta name=\"robots\" content=\"index, follow, max-snippet:-1, max-image-preview:large, max-video-preview:-1\" \/>\n<link rel=\"canonical\" href=\"https:\/\/zero-max.dk\/sv\/back-run-sakerhetsmekanismer-da\/\" \/>\n<meta property=\"og:locale\" content=\"sv_SE\" \/>\n<meta property=\"og:type\" content=\"article\" \/>\n<meta property=\"og:title\" content=\"Tilbagel\u00f8bssikring \u2013 Back Run Safety Mechanism til Sikker Drevteknologi- Zero-Max A\/S\" \/>\n<meta property=\"og:description\" content=\"Undg\u00e5 farligt tilbagel\u00f8b i dine systemer med en Back Run Safety Mechanism. Ideel til elevatorer og transportanl\u00e6g. P\u00e5lidelig, driftssikker og moderne l\u00f8sning.\" \/>\n<meta property=\"og:url\" content=\"https:\/\/zero-max.dk\/sv\/back-run-sakerhetsmekanismer-da\/\" \/>\n<meta property=\"og:site_name\" content=\"Zero-Max A\/S\" \/>\n<meta property=\"article:modified_time\" content=\"2025-12-18T08:41:10+00:00\" \/>\n<meta name=\"twitter:card\" content=\"summary_large_image\" \/>\n<meta name=\"twitter:label1\" content=\"Ber\u00e4knad l\u00e4stid\" \/>\n\t<meta name=\"twitter:data1\" content=\"1 minut\" \/>\n<script type=\"application\/ld+json\" class=\"yoast-schema-graph\">{\"@context\":\"https:\\\/\\\/schema.org\",\"@graph\":[{\"@type\":\"WebPage\",\"@id\":\"https:\\\/\\\/zero-max.dk\\\/back-run-safety-mechanisms-da\\\/\",\"url\":\"https:\\\/\\\/zero-max.dk\\\/back-run-safety-mechanisms-da\\\/\",\"name\":\"Tilbagel\u00f8bssikring \u2013 Back Run Safety Mechanism til Sikker Drevteknologi- Zero-Max A\\\/S\",\"isPartOf\":{\"@id\":\"https:\\\/\\\/zero-max.dk\\\/#website\"},\"datePublished\":\"2019-01-02T16:10:00+00:00\",\"dateModified\":\"2025-12-18T08:41:10+00:00\",\"description\":\"Undg\u00e5 farligt tilbagel\u00f8b i dine systemer med en Back Run Safety Mechanism. Ideel til elevatorer og transportanl\u00e6g. P\u00e5lidelig, driftssikker og moderne l\u00f8sning.\",\"breadcrumb\":{\"@id\":\"https:\\\/\\\/zero-max.dk\\\/back-run-safety-mechanisms-da\\\/#breadcrumb\"},\"inLanguage\":\"sv-SE\",\"potentialAction\":[{\"@type\":\"ReadAction\",\"target\":[\"https:\\\/\\\/zero-max.dk\\\/back-run-safety-mechanisms-da\\\/\"]}]},{\"@type\":\"BreadcrumbList\",\"@id\":\"https:\\\/\\\/zero-max.dk\\\/back-run-safety-mechanisms-da\\\/#breadcrumb\",\"itemListElement\":[{\"@type\":\"ListItem\",\"position\":1,\"name\":\"Hjem\",\"item\":\"https:\\\/\\\/zero-max.dk\\\/\"},{\"@type\":\"ListItem\",\"position\":2,\"name\":\"Tilbagel\u00f8bs-sikkerhedsmekanisme\"}]},{\"@type\":\"WebSite\",\"@id\":\"https:\\\/\\\/zero-max.dk\\\/#website\",\"url\":\"https:\\\/\\\/zero-max.dk\\\/\",\"name\":\"Zero-Max A\\\/S\",\"description\":\"\",\"potentialAction\":[{\"@type\":\"SearchAction\",\"target\":{\"@type\":\"EntryPoint\",\"urlTemplate\":\"https:\\\/\\\/zero-max.dk\\\/?s={search_term_string}\"},\"query-input\":{\"@type\":\"PropertyValueSpecification\",\"valueRequired\":true,\"valueName\":\"search_term_string\"}}],\"inLanguage\":\"sv-SE\"}]}<\/script>\n<!-- \/ Yoast SEO plugin. -->","yoast_head_json":{"title":"Back Run-s\u00e4kerhetsmekanism f\u00f6r Safe Drive-teknik - Zero-Max A\/S","description":"F\u00f6rhindra farligt \u00e5terfl\u00f6de i dina system med en s\u00e4kerhetsmekanism f\u00f6r \u00e5terfl\u00f6de. Idealisk f\u00f6r hissar och transportsystem. Tillf\u00f6rlitlig, p\u00e5litlig och modern l\u00f6sning.","robots":{"index":"index","follow":"follow","max-snippet":"max-snippet:-1","max-image-preview":"max-image-preview:large","max-video-preview":"max-video-preview:-1"},"canonical":"https:\/\/zero-max.dk\/sv\/back-run-sakerhetsmekanismer-da\/","og_locale":"sv_SE","og_type":"article","og_title":"Tilbagel\u00f8bssikring \u2013 Back Run Safety Mechanism til Sikker Drevteknologi- Zero-Max A\/S","og_description":"Undg\u00e5 farligt tilbagel\u00f8b i dine systemer med en Back Run Safety Mechanism. Ideel til elevatorer og transportanl\u00e6g. P\u00e5lidelig, driftssikker og moderne l\u00f8sning.","og_url":"https:\/\/zero-max.dk\/sv\/back-run-sakerhetsmekanismer-da\/","og_site_name":"Zero-Max A\/S","article_modified_time":"2025-12-18T08:41:10+00:00","twitter_card":"summary_large_image","twitter_misc":{"Ber\u00e4knad l\u00e4stid":"1 minut"},"schema":{"@context":"https:\/\/schema.org","@graph":[{"@type":"WebPage","@id":"https:\/\/zero-max.dk\/back-run-safety-mechanisms-da\/","url":"https:\/\/zero-max.dk\/back-run-safety-mechanisms-da\/","name":"Back Run-s\u00e4kerhetsmekanism f\u00f6r Safe Drive-teknik - Zero-Max A\/S","isPartOf":{"@id":"https:\/\/zero-max.dk\/#website"},"datePublished":"2019-01-02T16:10:00+00:00","dateModified":"2025-12-18T08:41:10+00:00","description":"F\u00f6rhindra farligt \u00e5terfl\u00f6de i dina system med en s\u00e4kerhetsmekanism f\u00f6r \u00e5terfl\u00f6de. Idealisk f\u00f6r hissar och transportsystem. Tillf\u00f6rlitlig, p\u00e5litlig och modern l\u00f6sning.","breadcrumb":{"@id":"https:\/\/zero-max.dk\/back-run-safety-mechanisms-da\/#breadcrumb"},"inLanguage":"sv-SE","potentialAction":[{"@type":"ReadAction","target":["https:\/\/zero-max.dk\/back-run-safety-mechanisms-da\/"]}]},{"@type":"BreadcrumbList","@id":"https:\/\/zero-max.dk\/back-run-safety-mechanisms-da\/#breadcrumb","itemListElement":[{"@type":"ListItem","position":1,"name":"Hjem","item":"https:\/\/zero-max.dk\/"},{"@type":"ListItem","position":2,"name":"Tilbagel\u00f8bs-sikkerhedsmekanisme"}]},{"@type":"WebSite","@id":"https:\/\/zero-max.dk\/#website","url":"https:\/\/zero-max.dk\/","name":"Zero-Max A\/S","description":"","potentialAction":[{"@type":"SearchAction","target":{"@type":"EntryPoint","urlTemplate":"https:\/\/zero-max.dk\/?s={search_term_string}"},"query-input":{"@type":"PropertyValueSpecification","valueRequired":true,"valueName":"search_term_string"}}],"inLanguage":"sv-SE"}]}},"_links":{"self":[{"href":"https:\/\/zero-max.dk\/sv\/wp-json\/wp\/v2\/pages\/852","targetHints":{"allow":["GET"]}}],"collection":[{"href":"https:\/\/zero-max.dk\/sv\/wp-json\/wp\/v2\/pages"}],"about":[{"href":"https:\/\/zero-max.dk\/sv\/wp-json\/wp\/v2\/types\/page"}],"author":[{"embeddable":true,"href":"https:\/\/zero-max.dk\/sv\/wp-json\/wp\/v2\/users\/7"}],"replies":[{"embeddable":true,"href":"https:\/\/zero-max.dk\/sv\/wp-json\/wp\/v2\/comments?post=852"}],"version-history":[{"count":12,"href":"https:\/\/zero-max.dk\/sv\/wp-json\/wp\/v2\/pages\/852\/revisions"}],"predecessor-version":[{"id":6433,"href":"https:\/\/zero-max.dk\/sv\/wp-json\/wp\/v2\/pages\/852\/revisions\/6433"}],"wp:attachment":[{"href":"https:\/\/zero-max.dk\/sv\/wp-json\/wp\/v2\/media?parent=852"}],"curies":[{"name":"wp","href":"https:\/\/api.w.org\/{rel}","templated":true}]}}