{"id":855,"date":"2019-01-02T17:11:20","date_gmt":"2019-01-02T16:11:20","guid":{"rendered":"https:\/\/zero-max.dk\/?page_id=855"},"modified":"2025-04-07T11:55:53","modified_gmt":"2025-04-07T09:55:53","slug":"kardanaxlar-da","status":"publish","type":"page","link":"https:\/\/zero-max.dk\/sv\/cardan-shafts-da\/","title":{"rendered":"Kardanaxlar"},"content":{"rendered":"<p>[et_pb_section fb_built=&#8221;1&#8243; _builder_version=&#8221;4.21.0&#8243; background_image=&#8221;https:\/\/zero-max.dk\/wp-content\/uploads\/2019\/01\/1152-Tops_Cardanshafts.jpg&#8221; custom_padding=&#8221;400px||||false|false&#8221; animation_style=&#8221;zoom&#8221; border_width_bottom=&#8221;1px&#8221; border_color_bottom=&#8221;rgba(51,51,51,0.17)&#8221; global_colors_info=&#8221;{}&#8221;][et_pb_row _builder_version=&#8221;4.16&#8243; global_colors_info=&#8221;{}&#8221;][et_pb_column type=&#8221;4_4&#8243; _builder_version=&#8221;4.16&#8243; custom_padding=&#8221;|||&#8221; global_colors_info=&#8221;{}&#8221; custom_padding__hover=&#8221;|||&#8221;][et_pb_text _builder_version=&#8221;4.16&#8243; text_font=&#8221;Oswald||||||||&#8221; text_text_color=&#8221;#013366&#8243; text_font_size=&#8221;26px&#8221; text_letter_spacing=&#8221;4px&#8221; header_font=&#8221;||||||||&#8221; global_colors_info=&#8221;{}&#8221;]<\/p>\n<p style=\"text-align: right;\"><span class=\"textheading2 mobile-undersized-upper\">Kardanaksler<\/span><\/p>\n<p>[\/et_pb_text][\/et_pb_column][\/et_pb_row][\/et_pb_section][et_pb_section fb_built=&#8221;1&#8243; disabled_on=&#8221;on|off|off&#8221; _builder_version=&#8221;4.16&#8243; background_color=&#8221;#ffffff&#8221; custom_padding=&#8221;20px||20px&#8221; global_colors_info=&#8221;{}&#8221;][et_pb_row column_structure=&#8221;1_2,1_2&#8243; _builder_version=&#8221;4.16&#8243; global_colors_info=&#8221;{}&#8221;][et_pb_column type=&#8221;1_2&#8243; _builder_version=&#8221;4.16&#8243; custom_padding=&#8221;|||&#8221; global_colors_info=&#8221;{}&#8221; custom_padding__hover=&#8221;|||&#8221;][et_pb_image src=&#8221;https:\/\/zero-max.dk\/wp-content\/uploads\/2018\/12\/Cardan2.jpg&#8221; align=&#8221;center&#8221; align_tablet=&#8221;center&#8221; align_phone=&#8221;center&#8221; align_last_edited=&#8221;on|desktop&#8221; _builder_version=&#8221;4.16&#8243; global_colors_info=&#8221;{}&#8221;][\/et_pb_image][\/et_pb_column][et_pb_column type=&#8221;1_2&#8243; _builder_version=&#8221;4.16&#8243; custom_padding=&#8221;75px|||&#8221; global_colors_info=&#8221;{}&#8221; custom_padding__hover=&#8221;|||&#8221;][et_pb_text _builder_version=&#8221;4.16&#8243; header_3_text_color=&#8221;#003366&#8243; global_colors_info=&#8221;{}&#8221;]<\/p>\n<h1>GENNEMTESTET TEKNOLOGI<\/h1>\n<h2><span class=\"textheading2 mobile-undersized-upper\">Kardanaksler<\/span><\/h2>\n<p>Vores brede og alsidige erfaring med forskelligeartede brancher inden for forarbejdsningsindustrien &#8211; lige fra madproduktion til st\u00e5l- og papirm\u00f8ller, fra str\u00f8mforsyninger til station\u00e6re motorer og elektriske motorer, og over turbiner der lever op til branchens krav, g\u00f8r det meget nemt for os at v\u00e6lge vores leverand\u00f8r.<\/p>\n<p>[\/et_pb_text][\/et_pb_column][\/et_pb_row][\/et_pb_section][et_pb_section fb_built=&#8221;1&#8243; _builder_version=&#8221;4.16&#8243; background_color=&#8221;#003366&#8243; global_colors_info=&#8221;{}&#8221;][et_pb_row _builder_version=&#8221;4.16&#8243; custom_margin=&#8221;||0px&#8221; custom_padding=&#8221;||0px&#8221; global_colors_info=&#8221;{}&#8221;][et_pb_column type=&#8221;4_4&#8243; _builder_version=&#8221;4.16&#8243; custom_padding=&#8221;||0px|&#8221; global_colors_info=&#8221;{}&#8221; custom_padding__hover=&#8221;|||&#8221;][et_pb_text _builder_version=&#8221;4.16&#8243; text_text_color=&#8221;#ffffff&#8221; header_2_text_color=&#8221;#ffffff&#8221; header_3_text_color=&#8221;#003366&#8243; global_colors_info=&#8221;{}&#8221;]<\/p>\n<h2><span class=\"textheading2 mobile-undersized-upper\">APPLIKATIONER<\/span><\/h2>\n<h2>Kardanaksler<\/h2>\n<p>&nbsp;<\/p>\n<p><strong>Aksler til alle form\u00e5l:<\/strong><\/p>\n<p>[\/et_pb_text][\/et_pb_column][\/et_pb_row][et_pb_row column_structure=&#8221;1_3,1_3,1_3&#8243; _builder_version=&#8221;4.16&#8243; custom_margin=&#8221;0px||&#8221; custom_padding=&#8221;0px||&#8221; global_colors_info=&#8221;{}&#8221;][et_pb_column type=&#8221;1_3&#8243; _builder_version=&#8221;4.16&#8243; custom_padding=&#8221;|||&#8221; global_colors_info=&#8221;{}&#8221; custom_padding__hover=&#8221;|||&#8221;][et_pb_text _builder_version=&#8221;4.16&#8243; text_text_color=&#8221;#ffffff&#8221; global_colors_info=&#8221;{}&#8221;]<\/p>\n<ul>\n<li>\n<div class=\"\"><span id=\"gmail-E603\" class=\"gmail-qowt-font7-TrebuchetMS\">Fyldemaskiner<\/span><\/div>\n<\/li>\n<li>\n<div class=\"\"><span id=\"gmail-E609\" class=\"gmail-qowt-font7-TrebuchetMS\">Jordkomprim<\/span><span id=\"gmail-E610\" class=\"gmail-qowt-font7-TrebuchetMS\">a<\/span><span id=\"gmail-E611\" class=\"gmail-qowt-font7-TrebuchetMS\">torer<\/span><\/div>\n<\/li>\n<li><span id=\"gmail-E617\" class=\"gmail-qowt-font7-TrebuchetMS\">Pakningsmaskiner<\/span><\/li>\n<li>\n<div class=\"\"><span id=\"gmail-E621\" class=\"gmail-qowt-font7-TrebuchetMS\">V\u00e6rkt\u00f8jsmaskiner<\/span><\/div>\n<\/li>\n<li>\n<div class=\"\"><span id=\"gmail-E627\" class=\"gmail-qowt-font7-TrebuchetMS\">Tekstilmaskiner<\/span><\/div>\n<\/li>\n<\/ul>\n<p>[\/et_pb_text][\/et_pb_column][et_pb_column type=&#8221;1_3&#8243; _builder_version=&#8221;4.16&#8243; custom_padding=&#8221;|||&#8221; global_colors_info=&#8221;{}&#8221; custom_padding__hover=&#8221;|||&#8221;][et_pb_text _builder_version=&#8221;4.16&#8243; text_text_color=&#8221;#ffffff&#8221; global_colors_info=&#8221;{}&#8221;]<\/p>\n<ul>\n<li>\n<div class=\"\"><span id=\"gmail-E629\" class=\"gmail-qowt-font7-TrebuchetMS\">M\u00f8lledrev <\/span><\/div>\n<\/li>\n<li>\n<div class=\"\"><span id=\"gmail-E633\" class=\"gmail-qowt-font7-TrebuchetMS\">Trykmaskiner <\/span><\/div>\n<\/li>\n<li>\n<div class=\"\"><span id=\"gmail-E635\" class=\"gmail-qowt-font7-TrebuchetMS\">Vindturbiner <\/span><\/div>\n<\/li>\n<li>\n<div class=\"\"><span id=\"gmail-E637\" class=\"gmail-qowt-font7-TrebuchetMS\">Pumpedrev <\/span><\/div>\n<\/li>\n<li>\n<div class=\"\"><span id=\"gmail-E643\" class=\"gmail-qowt-font7-TrebuchetMS\">Station\u00e6re cementblandere<\/span><\/div>\n<\/li>\n<\/ul>\n<p>[\/et_pb_text][\/et_pb_column][et_pb_column type=&#8221;1_3&#8243; _builder_version=&#8221;4.16&#8243; custom_padding=&#8221;|||&#8221; global_colors_info=&#8221;{}&#8221; custom_padding__hover=&#8221;|||&#8221;][et_pb_text _builder_version=&#8221;4.16&#8243; text_text_color=&#8221;#ffffff&#8221; global_colors_info=&#8221;{}&#8221;]<\/p>\n<ul>\n<li>\n<div class=\"\"><span id=\"gmail-E647\" class=\"gmail-qowt-font7-TrebuchetMS\">Papirmaskiner <\/span><\/div>\n<\/li>\n<li>\n<div class=\"\"><span id=\"gmail-E649\" class=\"gmail-qowt-font7-TrebuchetMS\">Test<\/span><span id=\"gmail-E650\" class=\"gmail-qowt-font7-TrebuchetMS\">udstyr<\/span><\/div>\n<\/li>\n<li><span id=\"gmail-E-3238\" class=\"\">Tr\u00e5d- og Profilvalsemaskiner<\/span><\/li>\n<li>\n<div class=\"\"><span id=\"gmail-E664\" class=\"gmail-qowt-font7-TrebuchetMS\">Tr\u00e6forarbejdningsmaskiner<\/span><\/div>\n<\/li>\n<\/ul>\n<p>[\/et_pb_text][\/et_pb_column][\/et_pb_row][\/et_pb_section][et_pb_section fb_built=&#8221;1&#8243; _builder_version=&#8221;4.16&#8243; global_colors_info=&#8221;{}&#8221;][et_pb_row column_structure=&#8221;1_3,1_3,1_3&#8243; _builder_version=&#8221;4.16&#8243; global_colors_info=&#8221;{}&#8221;][et_pb_column type=&#8221;1_3&#8243; _builder_version=&#8221;4.16&#8243; custom_padding=&#8221;|||&#8221; global_colors_info=&#8221;{}&#8221; custom_padding__hover=&#8221;|||&#8221;][et_pb_text _builder_version=&#8221;4.16&#8243; text_text_color=&#8221;#000000&#8243; header_2_text_color=&#8221;#000000&#8243; header_3_text_color=&#8221;#003366&#8243; global_colors_info=&#8221;{}&#8221;]<\/p>\n<h2>Egenskaber &#038; Fordele<\/h2>\n<h2>Kardan aksler<\/h2>\n<p>Den lille serie \u2013 til applikationer med lav hastighed med en momentkapacitet p\u00e5 op til 2500 Nm<br \/>\nMedium-serien \u2013 til almen teknologi med en momentkapacitet fra 2,000 til 45,000 Nm.<br \/>\nTung belastningsserien \u2013 fra 40,000 til 580,000 Nm. Aksler med st\u00f8rre kapacitet p\u00e5 eftersp\u00f8rgsel.<\/p>\n<p>Servicedele<br \/>\nAlle reparationer er tilg\u00e6ngelige &#8211; at f\u00e5 genskabt balancen i eksisterende aksler, erstatte UJ, komplet vedligeholdelse og udskiftning.<br \/>\nKomplet support, dele og service til alle typer af aksler.<\/p>\n<p>[\/et_pb_text][\/et_pb_column][et_pb_column type=&#8221;1_3&#8243; _builder_version=&#8221;4.16&#8243; custom_padding=&#8221;|||&#8221; global_colors_info=&#8221;{}&#8221; custom_padding__hover=&#8221;|||&#8221;][et_pb_image src=&#8221;https:\/\/zero-max.dk\/wp-content\/uploads\/2019\/01\/Cardan2.jpg&#8221; align=&#8221;center&#8221; align_tablet=&#8221;center&#8221; align_phone=&#8221;center&#8221; align_last_edited=&#8221;on|desktop&#8221; _builder_version=&#8221;4.16&#8243; global_colors_info=&#8221;{}&#8221;][\/et_pb_image][\/et_pb_column][et_pb_column type=&#8221;1_3&#8243; _builder_version=&#8221;4.16&#8243; custom_padding=&#8221;|||&#8221; global_colors_info=&#8221;{}&#8221; custom_padding__hover=&#8221;|||&#8221;][et_pb_image src=&#8221;https:\/\/zero-max.dk\/wp-content\/uploads\/2019\/01\/Cardan1-1.jpg&#8221; align_tablet=&#8221;center&#8221; align_phone=&#8221;center&#8221; align_last_edited=&#8221;on|desktop&#8221; _builder_version=&#8221;4.16&#8243; custom_margin=&#8221;59px||&#8221; global_colors_info=&#8221;{}&#8221;][\/et_pb_image][\/et_pb_column][\/et_pb_row][\/et_pb_section][et_pb_section fb_built=&#8221;1&#8243; disabled_on=&#8221;on|on|on&#8221; _builder_version=&#8221;4.6.1&#8243; background_color=&#8221;#003366&#8243; custom_padding=&#8221;0px||0px&#8221; disabled=&#8221;on&#8221; global_module=&#8221;1044&#8243; global_colors_info=&#8221;{}&#8221;][et_pb_row column_structure=&#8221;1_3,1_3,1_3&#8243; _builder_version=&#8221;4.16&#8243; max_width=&#8221;1080px&#8221; global_colors_info=&#8221;{}&#8221;][et_pb_column type=&#8221;1_3&#8243; _builder_version=&#8221;4.16&#8243; custom_padding=&#8221;|||&#8221; global_colors_info=&#8221;{}&#8221; custom_padding__hover=&#8221;|||&#8221;][et_pb_text _builder_version=&#8221;4.16&#8243; header_2_text_align=&#8221;center&#8221; header_2_text_color=&#8221;#99ccff&#8221; header_2_font_size=&#8221;14px&#8221; custom_margin=&#8221;0px||0px&#8221; custom_padding=&#8221;0px||0px&#8221; global_colors_info=&#8221;{}&#8221;]<\/p>\n<h2>Zero Max<\/h2>\n<p>[\/et_pb_text][et_pb_text _builder_version=&#8221;4.16&#8243; text_font=&#8221;||||||||&#8221; header_font=&#8221;||||||||&#8221; background_image=&#8221;https:\/\/zero-max.dk\/wp-content\/uploads\/2018\/12\/Boxes.jpg&#8221; text_orientation=&#8221;center&#8221; custom_margin=&#8221;0px||0px&#8221; custom_padding=&#8221;10px|20px|26px|20px&#8221; border_width_all=&#8221;1px&#8221; border_color_all=&#8221;#ffffff&#8221; global_colors_info=&#8221;{}&#8221;]<\/p>\n<p>Our gobal perspektive makes it possible to provide our customer with quality products at competitive pricing to any location<\/p>\n<p>[\/et_pb_text][\/et_pb_column][et_pb_column type=&#8221;1_3&#8243; _builder_version=&#8221;4.16&#8243; custom_padding=&#8221;|||&#8221; global_colors_info=&#8221;{}&#8221; custom_padding__hover=&#8221;|||&#8221;][et_pb_text _builder_version=&#8221;4.16&#8243; header_2_text_align=&#8221;center&#8221; header_2_text_color=&#8221;#99ccff&#8221; header_2_font_size=&#8221;14px&#8221; custom_margin=&#8221;0px||0px&#8221; custom_padding=&#8221;0px||0px&#8221; global_colors_info=&#8221;{}&#8221;]<\/p>\n<h2>World-Leading Expert !<\/h2>\n<p>[\/et_pb_text][et_pb_text _builder_version=&#8221;4.16&#8243; text_font=&#8221;||||||||&#8221; header_font=&#8221;||||||||&#8221; background_image=&#8221;https:\/\/zero-max.dk\/wp-content\/uploads\/2018\/12\/Boxes.jpg&#8221; text_orientation=&#8221;center&#8221; custom_margin=&#8221;0px||0px&#8221; custom_padding=&#8221;10px|20px|25px|20px&#8221; border_width_all=&#8221;1px&#8221; border_color_all=&#8221;#ffffff&#8221; global_colors_info=&#8221;{}&#8221;]<\/p>\n<p>Zero-Max combines decades of industry leading experience with unparalleled expertise in motion control solutions<\/p>\n<p>[\/et_pb_text][\/et_pb_column][et_pb_column type=&#8221;1_3&#8243; _builder_version=&#8221;4.16&#8243; custom_padding=&#8221;|||&#8221; global_colors_info=&#8221;{}&#8221; custom_padding__hover=&#8221;|||&#8221;][et_pb_text _builder_version=&#8221;4.16&#8243; header_2_text_align=&#8221;center&#8221; header_2_text_color=&#8221;#99ccff&#8221; header_2_font_size=&#8221;14px&#8221; custom_margin=&#8221;0px||0px&#8221; custom_padding=&#8221;0px||0px&#8221; global_colors_info=&#8221;{}&#8221;]<\/p>\n<h2>Get in touch!<\/h2>\n<p>[\/et_pb_text][et_pb_text _builder_version=&#8221;4.16&#8243; text_font=&#8221;||||||||&#8221; header_font=&#8221;||||||||&#8221; background_image=&#8221;https:\/\/zero-max.dk\/wp-content\/uploads\/2018\/12\/Boxes.jpg&#8221; text_orientation=&#8221;center&#8221; custom_margin=&#8221;0px||0px&#8221; custom_padding=&#8221;10px|10px|10px|10px&#8221; border_width_all=&#8221;1px&#8221; border_color_all=&#8221;#ffffff&#8221; global_colors_info=&#8221;{}&#8221;]<\/p>\n<p>Zero-Max A\/S<br \/>Mail: ext@zero-max.dk <br \/>Haarup Tvaevej 1<br \/>DK &#8211; 8600 Silkeborg<\/p>\n<p>[\/et_pb_text][\/et_pb_column][\/et_pb_row][\/et_pb_section]<\/p>\n","protected":false},"excerpt":{"rendered":"<p>KardanakslerGENNEMTESTET TEKNOLOGI Kardanaksler Vores brede og alsidige erfaring med forskelligeartede brancher inden for forarbejdsningsindustrien &#8211; lige fra madproduktion til st\u00e5l- og papirm\u00f8ller, fra str\u00f8mforsyninger til station\u00e6re motorer og elektriske motorer, og over turbiner der lever op til branchens krav, g\u00f8r det meget nemt for os at v\u00e6lge vores leverand\u00f8r. APPLIKATIONER Kardanaksler &nbsp; Aksler til alle [&hellip;]<\/p>\n","protected":false},"author":7,"featured_media":0,"parent":0,"menu_order":0,"comment_status":"closed","ping_status":"closed","template":"","meta":{"_et_pb_use_builder":"on","_et_pb_old_content":"","_et_gb_content_width":"","footnotes":""},"class_list":["post-855","page","type-page","status-publish","hentry"],"yoast_head":"<!-- This site is optimized with the Yoast SEO plugin v27.5 - https:\/\/yoast.com\/product\/yoast-seo-wordpress\/ -->\n<title>Kardanaksler til industrielle applikationer \u2013 P\u00e5lidelig kraftoverf\u00f8rsel | Zero-Max A\/S<\/title>\n<meta name=\"description\" content=\"Robuste kardanaksler til alt fra fyldemaskiner til m\u00f8lledrev. V\u00e6lg mellem let, medium og heavy-duty serier. Vi tilbyder ogs\u00e5 reservedele og reparation.\" \/>\n<meta name=\"robots\" content=\"index, follow, max-snippet:-1, max-image-preview:large, max-video-preview:-1\" \/>\n<link rel=\"canonical\" href=\"https:\/\/zero-max.dk\/sv\/kardanaxlar-da\/\" \/>\n<meta property=\"og:locale\" content=\"sv_SE\" \/>\n<meta property=\"og:type\" content=\"article\" \/>\n<meta property=\"og:title\" content=\"Kardanaksler til industrielle applikationer \u2013 P\u00e5lidelig kraftoverf\u00f8rsel | Zero-Max A\/S\" \/>\n<meta property=\"og:description\" content=\"Robuste kardanaksler til alt fra fyldemaskiner til m\u00f8lledrev. V\u00e6lg mellem let, medium og heavy-duty serier. Vi tilbyder ogs\u00e5 reservedele og reparation.\" \/>\n<meta property=\"og:url\" content=\"https:\/\/zero-max.dk\/sv\/kardanaxlar-da\/\" \/>\n<meta property=\"og:site_name\" content=\"Zero-Max A\/S\" \/>\n<meta property=\"article:modified_time\" content=\"2025-04-07T09:55:53+00:00\" \/>\n<meta name=\"twitter:card\" content=\"summary_large_image\" \/>\n<meta name=\"twitter:label1\" content=\"Ber\u00e4knad l\u00e4stid\" \/>\n\t<meta name=\"twitter:data1\" content=\"2 minuter\" \/>\n<script type=\"application\/ld+json\" class=\"yoast-schema-graph\">{\"@context\":\"https:\\\/\\\/schema.org\",\"@graph\":[{\"@type\":\"WebPage\",\"@id\":\"https:\\\/\\\/zero-max.dk\\\/cardan-shafts-da\\\/\",\"url\":\"https:\\\/\\\/zero-max.dk\\\/cardan-shafts-da\\\/\",\"name\":\"Kardanaksler til industrielle applikationer \u2013 P\u00e5lidelig kraftoverf\u00f8rsel | Zero-Max A\\\/S\",\"isPartOf\":{\"@id\":\"https:\\\/\\\/zero-max.dk\\\/#website\"},\"datePublished\":\"2019-01-02T16:11:20+00:00\",\"dateModified\":\"2025-04-07T09:55:53+00:00\",\"description\":\"Robuste kardanaksler til alt fra fyldemaskiner til m\u00f8lledrev. V\u00e6lg mellem let, medium og heavy-duty serier. Vi tilbyder ogs\u00e5 reservedele og reparation.\",\"breadcrumb\":{\"@id\":\"https:\\\/\\\/zero-max.dk\\\/cardan-shafts-da\\\/#breadcrumb\"},\"inLanguage\":\"sv-SE\",\"potentialAction\":[{\"@type\":\"ReadAction\",\"target\":[\"https:\\\/\\\/zero-max.dk\\\/cardan-shafts-da\\\/\"]}]},{\"@type\":\"BreadcrumbList\",\"@id\":\"https:\\\/\\\/zero-max.dk\\\/cardan-shafts-da\\\/#breadcrumb\",\"itemListElement\":[{\"@type\":\"ListItem\",\"position\":1,\"name\":\"Hjem\",\"item\":\"https:\\\/\\\/zero-max.dk\\\/\"},{\"@type\":\"ListItem\",\"position\":2,\"name\":\"Kardanaksler\"}]},{\"@type\":\"WebSite\",\"@id\":\"https:\\\/\\\/zero-max.dk\\\/#website\",\"url\":\"https:\\\/\\\/zero-max.dk\\\/\",\"name\":\"Zero-Max A\\\/S\",\"description\":\"\",\"potentialAction\":[{\"@type\":\"SearchAction\",\"target\":{\"@type\":\"EntryPoint\",\"urlTemplate\":\"https:\\\/\\\/zero-max.dk\\\/?s={search_term_string}\"},\"query-input\":{\"@type\":\"PropertyValueSpecification\",\"valueRequired\":true,\"valueName\":\"search_term_string\"}}],\"inLanguage\":\"sv-SE\"}]}<\/script>\n<!-- \/ Yoast SEO plugin. -->","yoast_head_json":{"title":"Kardanaxlar f\u00f6r industriella applikationer - P\u00e5litlig kraft\u00f6verf\u00f6ring | Zero-Max A\/S","description":"Robusta drivaxlar f\u00f6r allt fr\u00e5n fyllningsmaskiner till kvarndrivningar. V\u00e4lj mellan l\u00e4tta, medeltunga och tunga serier. Vi erbjuder \u00e4ven reservdelar och reparationstj\u00e4nster.","robots":{"index":"index","follow":"follow","max-snippet":"max-snippet:-1","max-image-preview":"max-image-preview:large","max-video-preview":"max-video-preview:-1"},"canonical":"https:\/\/zero-max.dk\/sv\/kardanaxlar-da\/","og_locale":"sv_SE","og_type":"article","og_title":"Kardanaksler til industrielle applikationer \u2013 P\u00e5lidelig kraftoverf\u00f8rsel | Zero-Max A\/S","og_description":"Robuste kardanaksler til alt fra fyldemaskiner til m\u00f8lledrev. V\u00e6lg mellem let, medium og heavy-duty serier. Vi tilbyder ogs\u00e5 reservedele og reparation.","og_url":"https:\/\/zero-max.dk\/sv\/kardanaxlar-da\/","og_site_name":"Zero-Max A\/S","article_modified_time":"2025-04-07T09:55:53+00:00","twitter_card":"summary_large_image","twitter_misc":{"Ber\u00e4knad l\u00e4stid":"2 minuter"},"schema":{"@context":"https:\/\/schema.org","@graph":[{"@type":"WebPage","@id":"https:\/\/zero-max.dk\/cardan-shafts-da\/","url":"https:\/\/zero-max.dk\/cardan-shafts-da\/","name":"Kardanaxlar f\u00f6r industriella applikationer - P\u00e5litlig kraft\u00f6verf\u00f6ring | Zero-Max A\/S","isPartOf":{"@id":"https:\/\/zero-max.dk\/#website"},"datePublished":"2019-01-02T16:11:20+00:00","dateModified":"2025-04-07T09:55:53+00:00","description":"Robusta drivaxlar f\u00f6r allt fr\u00e5n fyllningsmaskiner till kvarndrivningar. V\u00e4lj mellan l\u00e4tta, medeltunga och tunga serier. Vi erbjuder \u00e4ven reservdelar och reparationstj\u00e4nster.","breadcrumb":{"@id":"https:\/\/zero-max.dk\/cardan-shafts-da\/#breadcrumb"},"inLanguage":"sv-SE","potentialAction":[{"@type":"ReadAction","target":["https:\/\/zero-max.dk\/cardan-shafts-da\/"]}]},{"@type":"BreadcrumbList","@id":"https:\/\/zero-max.dk\/cardan-shafts-da\/#breadcrumb","itemListElement":[{"@type":"ListItem","position":1,"name":"Hjem","item":"https:\/\/zero-max.dk\/"},{"@type":"ListItem","position":2,"name":"Kardanaksler"}]},{"@type":"WebSite","@id":"https:\/\/zero-max.dk\/#website","url":"https:\/\/zero-max.dk\/","name":"Zero-Max A\/S","description":"","potentialAction":[{"@type":"SearchAction","target":{"@type":"EntryPoint","urlTemplate":"https:\/\/zero-max.dk\/?s={search_term_string}"},"query-input":{"@type":"PropertyValueSpecification","valueRequired":true,"valueName":"search_term_string"}}],"inLanguage":"sv-SE"}]}},"_links":{"self":[{"href":"https:\/\/zero-max.dk\/sv\/wp-json\/wp\/v2\/pages\/855","targetHints":{"allow":["GET"]}}],"collection":[{"href":"https:\/\/zero-max.dk\/sv\/wp-json\/wp\/v2\/pages"}],"about":[{"href":"https:\/\/zero-max.dk\/sv\/wp-json\/wp\/v2\/types\/page"}],"author":[{"embeddable":true,"href":"https:\/\/zero-max.dk\/sv\/wp-json\/wp\/v2\/users\/7"}],"replies":[{"embeddable":true,"href":"https:\/\/zero-max.dk\/sv\/wp-json\/wp\/v2\/comments?post=855"}],"version-history":[{"count":12,"href":"https:\/\/zero-max.dk\/sv\/wp-json\/wp\/v2\/pages\/855\/revisions"}],"predecessor-version":[{"id":5848,"href":"https:\/\/zero-max.dk\/sv\/wp-json\/wp\/v2\/pages\/855\/revisions\/5848"}],"wp:attachment":[{"href":"https:\/\/zero-max.dk\/sv\/wp-json\/wp\/v2\/media?parent=855"}],"curies":[{"name":"wp","href":"https:\/\/api.w.org\/{rel}","templated":true}]}}