{"id":877,"date":"2019-01-02T17:19:38","date_gmt":"2019-01-02T16:19:38","guid":{"rendered":"https:\/\/zero-max.dk\/?page_id=877"},"modified":"2025-04-07T10:53:45","modified_gmt":"2025-04-07T08:53:45","slug":"drivtillbehor-da","status":"publish","type":"page","link":"https:\/\/zero-max.dk\/sv\/drive-accessories-da\/","title":{"rendered":"Tillbeh\u00f6r f\u00f6r varvtalsreglerare"},"content":{"rendered":"<p>[et_pb_section fb_built=&#8221;1&#8243; _builder_version=&#8221;4.21.0&#8243; background_image=&#8221;https:\/\/zero-max.dk\/wp-content\/uploads\/2018\/12\/1152-Drives-Tops-1.jpg&#8221; custom_padding=&#8221;8%||&#8221; animation_style=&#8221;zoom&#8221; custom_css_main_element=&#8221;height: 450px;&#8221; border_width_bottom=&#8221;1px&#8221; border_color_bottom=&#8221;#e5e5e5&#8243; global_colors_info=&#8221;{}&#8221;][\/et_pb_section][et_pb_section fb_built=&#8221;1&#8243; disabled_on=&#8221;on|off|off&#8221; _builder_version=&#8221;4.16&#8243; background_color=&#8221;#ffffff&#8221; custom_padding=&#8221;20px||20px&#8221; global_colors_info=&#8221;{}&#8221;][et_pb_row _builder_version=&#8221;4.16&#8243; global_colors_info=&#8221;{}&#8221;][et_pb_column type=&#8221;4_4&#8243; _builder_version=&#8221;4.16&#8243; custom_padding=&#8221;|||&#8221; global_colors_info=&#8221;{}&#8221; custom_padding__hover=&#8221;|||&#8221;][et_pb_text _builder_version=&#8221;4.16&#8243; header_text_align=&#8221;center&#8221; header_2_text_align=&#8221;center&#8221; header_3_text_color=&#8221;#003366&#8243; global_colors_info=&#8221;{}&#8221;]<\/p>\n<h1><span class=\"textheading2 mobile-undersized-upper\">JUSTERBARE HASTIGHEDSDREV<\/span><\/h1>\n<h2><span class=\"textheading2 mobile-undersized-upper\">Tilbeh\u00f8r<\/span><\/h2>\n<p>[\/et_pb_text][\/et_pb_column][\/et_pb_row][et_pb_row _builder_version=&#8221;4.27.4&#8243; _module_preset=&#8221;default&#8221; global_colors_info=&#8221;{}&#8221;][et_pb_column type=&#8221;4_4&#8243; _builder_version=&#8221;4.27.4&#8243; _module_preset=&#8221;default&#8221; global_colors_info=&#8221;{}&#8221;][et_pb_text _builder_version=&#8221;4.27.4&#8243; _module_preset=&#8221;default&#8221; width=&#8221;80%&#8221; module_alignment=&#8221;center&#8221; global_colors_info=&#8221;{}&#8221;]<\/p>\n<h3 data-start=\"175\" data-end=\"246\" class=\"\">Optimer din installation med tilbeh\u00f8r til justerbare hastighedsdrev<\/h3>\n<p data-start=\"248\" data-end=\"544\" class=\"\">For at sikre nem integration og maksimal fleksibilitet i dit drevsystem tilbyder Zero-Max en r\u00e6kke <strong data-start=\"347\" data-end=\"391\">praktiske og driftssikre C-Face adapters<\/strong>. Disse adapters g\u00f8r det muligt at tilslutte standardmotorer direkte til dine justerbare hastighedsdrev \u2013 hurtigt, nemt og uden behov for specialv\u00e6rkt\u00f8j.<\/p>\n<p data-start=\"546\" data-end=\"802\" class=\"\">\u2705 <strong data-start=\"548\" data-end=\"565\">Nem montering<\/strong> \u2013 spar tid ved installation<br data-start=\"593\" data-end=\"596\" \/>\u2705 <strong data-start=\"598\" data-end=\"620\">H\u00f8j kompatibilitet<\/strong> \u2013 passer til 56, 143T og 145T motorrammer<br data-start=\"662\" data-end=\"665\" \/>\u2705 <strong data-start=\"667\" data-end=\"684\">Robust design<\/strong> \u2013 bygget til industriel drift og lang levetid<br data-start=\"730\" data-end=\"733\" \/>\u2705 <strong data-start=\"735\" data-end=\"754\">Perfekt pasform<\/strong> \u2013 optimeret til E-, JK-, Y-, QX- og ZX-modeller<\/p>\n<p data-start=\"804\" data-end=\"834\" class=\"\">Vi tilbyder f\u00f8lgende modeller:<\/p>\n<ul data-start=\"836\" data-end=\"1024\">\n<li data-start=\"836\" data-end=\"898\" class=\"\">\n<p data-start=\"838\" data-end=\"898\" class=\"\"><strong data-start=\"838\" data-end=\"851\">Model CFY<\/strong> \u2013 til montering af 56C-motorer p\u00e5 <strong data-start=\"886\" data-end=\"896\">Y-drev<\/strong><\/p>\n<\/li>\n<li data-start=\"899\" data-end=\"962\" class=\"\">\n<p data-start=\"901\" data-end=\"962\" class=\"\"><strong data-start=\"901\" data-end=\"914\">Model CFQ<\/strong> \u2013 til montering af 56C-motorer p\u00e5 <strong data-start=\"949\" data-end=\"960\">QX-drev<\/strong><\/p>\n<\/li>\n<li data-start=\"963\" data-end=\"1024\" class=\"\">\n<p data-start=\"965\" data-end=\"1024\" class=\"\"><strong data-start=\"965\" data-end=\"978\">Model CFZ<\/strong> \u2013 til montering af 56C-motorer p\u00e5 <strong data-start=\"1013\" data-end=\"1024\">ZX-drev<\/strong><\/p>\n<\/li>\n<\/ul>\n<p data-start=\"1026\" data-end=\"1163\" class=\"\">Uanset hvilken applikation du arbejder med, giver disse adapters en effektiv l\u00f8sning til at opn\u00e5 <strong data-start=\"1123\" data-end=\"1160\">kompakt og pr\u00e6cis kraftoverf\u00f8rsel<\/strong>.<\/p>\n<p>[\/et_pb_text][\/et_pb_column][\/et_pb_row][et_pb_row column_structure=&#8221;1_3,1_3,1_3&#8243; _builder_version=&#8221;4.16&#8243; global_colors_info=&#8221;{}&#8221;][et_pb_column type=&#8221;1_3&#8243; _builder_version=&#8221;4.16&#8243; custom_padding=&#8221;|||&#8221; global_colors_info=&#8221;{}&#8221; custom_padding__hover=&#8221;|||&#8221;][et_pb_blurb title=&#8221;Drive Accessories &#8211; Model CFY C-Face Adapter&#8221; image=&#8221;https:\/\/zero-max.dk\/wp-content\/uploads\/2018\/12\/Model-CFY.jpg&#8221; _builder_version=&#8221;4.16&#8243; header_level=&#8221;h2&#8243; text_orientation=&#8221;center&#8221; global_colors_info=&#8221;{}&#8221;]<\/p>\n<p style=\"text-align: center;\">Reservedelsnummer: Model CFY C-Face Adapter<\/p>\n<p>[\/et_pb_blurb][\/et_pb_column][et_pb_column type=&#8221;1_3&#8243; _builder_version=&#8221;4.16&#8243; custom_padding=&#8221;|||&#8221; global_colors_info=&#8221;{}&#8221; custom_padding__hover=&#8221;|||&#8221;][et_pb_blurb title=&#8221;Drive Accessories &#8211; Model CFY C-Face Adapter&#8221; image=&#8221;https:\/\/zero-max.dk\/wp-content\/uploads\/2018\/12\/Model-CFQ.jpg&#8221; _builder_version=&#8221;4.16&#8243; header_level=&#8221;h2&#8243; header_text_align=&#8221;center&#8221; global_colors_info=&#8221;{}&#8221;]<\/p>\n<p style=\"text-align: center;\">Reservedelsnummer: Model CFQ C-Face Adapter<\/p>\n<p>[\/et_pb_blurb][\/et_pb_column][et_pb_column type=&#8221;1_3&#8243; _builder_version=&#8221;4.16&#8243; custom_padding=&#8221;|||&#8221; global_colors_info=&#8221;{}&#8221; custom_padding__hover=&#8221;|||&#8221;][et_pb_blurb title=&#8221;Drive Accessories &#8211; Model CFY C-Face Adapter&#8221; image=&#8221;https:\/\/zero-max.dk\/wp-content\/uploads\/2018\/12\/Model-CFZ.jpg&#8221; _builder_version=&#8221;4.16&#8243; header_level=&#8221;h2&#8243; header_text_align=&#8221;center&#8221; global_colors_info=&#8221;{}&#8221;]<\/p>\n<p style=\"text-align: center;\">Reservedelsnummer: Model CFZ C-Face Adapter<\/p>\n<p>[\/et_pb_blurb][\/et_pb_column][\/et_pb_row][\/et_pb_section][et_pb_section fb_built=&#8221;1&#8243; disabled_on=&#8221;on|on|on&#8221; _builder_version=&#8221;4.6.1&#8243; background_color=&#8221;#003366&#8243; custom_padding=&#8221;0px||0px&#8221; disabled=&#8221;on&#8221; global_module=&#8221;1044&#8243; global_colors_info=&#8221;{}&#8221;][et_pb_row column_structure=&#8221;1_3,1_3,1_3&#8243; _builder_version=&#8221;4.16&#8243; max_width=&#8221;1080px&#8221; global_colors_info=&#8221;{}&#8221;][et_pb_column type=&#8221;1_3&#8243; _builder_version=&#8221;4.16&#8243; custom_padding=&#8221;|||&#8221; global_colors_info=&#8221;{}&#8221; custom_padding__hover=&#8221;|||&#8221;][et_pb_text _builder_version=&#8221;4.16&#8243; header_2_text_align=&#8221;center&#8221; header_2_text_color=&#8221;#99ccff&#8221; header_2_font_size=&#8221;14px&#8221; custom_margin=&#8221;0px||0px&#8221; custom_padding=&#8221;0px||0px&#8221; global_colors_info=&#8221;{}&#8221;]<\/p>\n<h2>Zero Max<\/h2>\n<p>[\/et_pb_text][et_pb_text _builder_version=&#8221;4.16&#8243; text_font=&#8221;||||||||&#8221; header_font=&#8221;||||||||&#8221; background_image=&#8221;https:\/\/zero-max.dk\/wp-content\/uploads\/2018\/12\/Boxes.jpg&#8221; text_orientation=&#8221;center&#8221; custom_margin=&#8221;0px||0px&#8221; custom_padding=&#8221;10px|20px|26px|20px&#8221; border_width_all=&#8221;1px&#8221; border_color_all=&#8221;#ffffff&#8221; global_colors_info=&#8221;{}&#8221;]<\/p>\n<p>Our gobal perspektive makes it possible to provide our customer with quality products at competitive pricing to any location<\/p>\n<p>[\/et_pb_text][\/et_pb_column][et_pb_column type=&#8221;1_3&#8243; _builder_version=&#8221;4.16&#8243; custom_padding=&#8221;|||&#8221; global_colors_info=&#8221;{}&#8221; custom_padding__hover=&#8221;|||&#8221;][et_pb_text _builder_version=&#8221;4.16&#8243; header_2_text_align=&#8221;center&#8221; header_2_text_color=&#8221;#99ccff&#8221; header_2_font_size=&#8221;14px&#8221; custom_margin=&#8221;0px||0px&#8221; custom_padding=&#8221;0px||0px&#8221; global_colors_info=&#8221;{}&#8221;]<\/p>\n<h2>World-Leading Expert !<\/h2>\n<p>[\/et_pb_text][et_pb_text _builder_version=&#8221;4.16&#8243; text_font=&#8221;||||||||&#8221; header_font=&#8221;||||||||&#8221; background_image=&#8221;https:\/\/zero-max.dk\/wp-content\/uploads\/2018\/12\/Boxes.jpg&#8221; text_orientation=&#8221;center&#8221; custom_margin=&#8221;0px||0px&#8221; custom_padding=&#8221;10px|20px|25px|20px&#8221; border_width_all=&#8221;1px&#8221; border_color_all=&#8221;#ffffff&#8221; global_colors_info=&#8221;{}&#8221;]<\/p>\n<p>Zero-Max combines decades of industry leading experience with unparalleled expertise in motion control solutions<\/p>\n<p>[\/et_pb_text][\/et_pb_column][et_pb_column type=&#8221;1_3&#8243; _builder_version=&#8221;4.16&#8243; custom_padding=&#8221;|||&#8221; global_colors_info=&#8221;{}&#8221; custom_padding__hover=&#8221;|||&#8221;][et_pb_text _builder_version=&#8221;4.16&#8243; header_2_text_align=&#8221;center&#8221; header_2_text_color=&#8221;#99ccff&#8221; header_2_font_size=&#8221;14px&#8221; custom_margin=&#8221;0px||0px&#8221; custom_padding=&#8221;0px||0px&#8221; global_colors_info=&#8221;{}&#8221;]<\/p>\n<h2>Get in touch!<\/h2>\n<p>[\/et_pb_text][et_pb_text _builder_version=&#8221;4.16&#8243; text_font=&#8221;||||||||&#8221; header_font=&#8221;||||||||&#8221; background_image=&#8221;https:\/\/zero-max.dk\/wp-content\/uploads\/2018\/12\/Boxes.jpg&#8221; text_orientation=&#8221;center&#8221; custom_margin=&#8221;0px||0px&#8221; custom_padding=&#8221;10px|10px|10px|10px&#8221; border_width_all=&#8221;1px&#8221; border_color_all=&#8221;#ffffff&#8221; global_colors_info=&#8221;{}&#8221;]<\/p>\n<p>Zero-Max A\/S<br \/>Mail: ext@zero-max.dk <br \/>Haarup Tvaevej 1<br \/>DK &#8211; 8600 Silkeborg<\/p>\n<p>[\/et_pb_text][\/et_pb_column][\/et_pb_row][\/et_pb_section]<\/p>\n","protected":false},"excerpt":{"rendered":"<p>JUSTERBARE HASTIGHEDSDREV Tilbeh\u00f8r Optimer din installation med tilbeh\u00f8r til justerbare hastighedsdrev For at sikre nem integration og maksimal fleksibilitet i dit drevsystem tilbyder Zero-Max en r\u00e6kke praktiske og driftssikre C-Face adapters. Disse adapters g\u00f8r det muligt at tilslutte standardmotorer direkte til dine justerbare hastighedsdrev \u2013 hurtigt, nemt og uden behov for specialv\u00e6rkt\u00f8j. \u2705 Nem montering [&hellip;]<\/p>\n","protected":false},"author":7,"featured_media":0,"parent":0,"menu_order":0,"comment_status":"closed","ping_status":"closed","template":"","meta":{"_et_pb_use_builder":"on","_et_pb_old_content":"","_et_gb_content_width":"","footnotes":""},"class_list":["post-877","page","type-page","status-publish","hentry"],"yoast_head":"<!-- This site is optimized with the Yoast SEO plugin v27.5 - https:\/\/yoast.com\/product\/yoast-seo-wordpress\/ -->\n<title>Tilbeh\u00f8r til Justerbare Hastighedsdrev | C-Face Adapters fra Zero-Max<\/title>\n<meta name=\"description\" content=\"F\u00e5 det optimale ud af dine hastighedsdrev med C-Face adapters fra Zero-Max. Nem installation, h\u00f8j kompatibilitet og robust kvalitet til E-, JK-, Y-, QX- og ZX-modeller.\" \/>\n<meta name=\"robots\" content=\"index, follow, max-snippet:-1, max-image-preview:large, max-video-preview:-1\" \/>\n<link rel=\"canonical\" href=\"https:\/\/zero-max.dk\/sv\/drivtillbehor-da\/\" \/>\n<meta property=\"og:locale\" content=\"sv_SE\" \/>\n<meta property=\"og:type\" content=\"article\" \/>\n<meta property=\"og:title\" content=\"Tilbeh\u00f8r til Justerbare Hastighedsdrev | C-Face Adapters fra Zero-Max\" \/>\n<meta property=\"og:description\" content=\"F\u00e5 det optimale ud af dine hastighedsdrev med C-Face adapters fra Zero-Max. Nem installation, h\u00f8j kompatibilitet og robust kvalitet til E-, JK-, Y-, QX- og ZX-modeller.\" \/>\n<meta property=\"og:url\" content=\"https:\/\/zero-max.dk\/sv\/drivtillbehor-da\/\" \/>\n<meta property=\"og:site_name\" content=\"Zero-Max A\/S\" \/>\n<meta property=\"article:modified_time\" content=\"2025-04-07T08:53:45+00:00\" \/>\n<meta name=\"twitter:card\" content=\"summary_large_image\" \/>\n<meta name=\"twitter:label1\" content=\"Ber\u00e4knad l\u00e4stid\" \/>\n\t<meta name=\"twitter:data1\" content=\"2 minuter\" \/>\n<script type=\"application\/ld+json\" class=\"yoast-schema-graph\">{\"@context\":\"https:\\\/\\\/schema.org\",\"@graph\":[{\"@type\":\"WebPage\",\"@id\":\"https:\\\/\\\/zero-max.dk\\\/drive-accessories-da\\\/\",\"url\":\"https:\\\/\\\/zero-max.dk\\\/drive-accessories-da\\\/\",\"name\":\"Tilbeh\u00f8r til Justerbare Hastighedsdrev | C-Face Adapters fra Zero-Max\",\"isPartOf\":{\"@id\":\"https:\\\/\\\/zero-max.dk\\\/#website\"},\"datePublished\":\"2019-01-02T16:19:38+00:00\",\"dateModified\":\"2025-04-07T08:53:45+00:00\",\"description\":\"F\u00e5 det optimale ud af dine hastighedsdrev med C-Face adapters fra Zero-Max. Nem installation, h\u00f8j kompatibilitet og robust kvalitet til E-, JK-, Y-, QX- og ZX-modeller.\",\"breadcrumb\":{\"@id\":\"https:\\\/\\\/zero-max.dk\\\/drive-accessories-da\\\/#breadcrumb\"},\"inLanguage\":\"sv-SE\",\"potentialAction\":[{\"@type\":\"ReadAction\",\"target\":[\"https:\\\/\\\/zero-max.dk\\\/drive-accessories-da\\\/\"]}]},{\"@type\":\"BreadcrumbList\",\"@id\":\"https:\\\/\\\/zero-max.dk\\\/drive-accessories-da\\\/#breadcrumb\",\"itemListElement\":[{\"@type\":\"ListItem\",\"position\":1,\"name\":\"Hjem\",\"item\":\"https:\\\/\\\/zero-max.dk\\\/\"},{\"@type\":\"ListItem\",\"position\":2,\"name\":\"Tilbeh\u00f8r til justerbare hastighedsdrev\"}]},{\"@type\":\"WebSite\",\"@id\":\"https:\\\/\\\/zero-max.dk\\\/#website\",\"url\":\"https:\\\/\\\/zero-max.dk\\\/\",\"name\":\"Zero-Max A\\\/S\",\"description\":\"\",\"potentialAction\":[{\"@type\":\"SearchAction\",\"target\":{\"@type\":\"EntryPoint\",\"urlTemplate\":\"https:\\\/\\\/zero-max.dk\\\/?s={search_term_string}\"},\"query-input\":{\"@type\":\"PropertyValueSpecification\",\"valueRequired\":true,\"valueName\":\"search_term_string\"}}],\"inLanguage\":\"sv-SE\"}]}<\/script>\n<!-- \/ Yoast SEO plugin. -->","yoast_head_json":{"title":"Tillbeh\u00f6r f\u00f6r varvtalsreglerare | C-Face adaptrar fr\u00e5n Zero-Max","description":"F\u00e5 ut mesta m\u00f6jliga av dina frekvensomriktare med C-Face-adaptrar fr\u00e5n Zero-Max. Enkel installation, h\u00f6g kompatibilitet och robust kvalitet f\u00f6r modellerna E, JK, Y, QX och ZX.","robots":{"index":"index","follow":"follow","max-snippet":"max-snippet:-1","max-image-preview":"max-image-preview:large","max-video-preview":"max-video-preview:-1"},"canonical":"https:\/\/zero-max.dk\/sv\/drivtillbehor-da\/","og_locale":"sv_SE","og_type":"article","og_title":"Tilbeh\u00f8r til Justerbare Hastighedsdrev | C-Face Adapters fra Zero-Max","og_description":"F\u00e5 det optimale ud af dine hastighedsdrev med C-Face adapters fra Zero-Max. Nem installation, h\u00f8j kompatibilitet og robust kvalitet til E-, JK-, Y-, QX- og ZX-modeller.","og_url":"https:\/\/zero-max.dk\/sv\/drivtillbehor-da\/","og_site_name":"Zero-Max A\/S","article_modified_time":"2025-04-07T08:53:45+00:00","twitter_card":"summary_large_image","twitter_misc":{"Ber\u00e4knad l\u00e4stid":"2 minuter"},"schema":{"@context":"https:\/\/schema.org","@graph":[{"@type":"WebPage","@id":"https:\/\/zero-max.dk\/drive-accessories-da\/","url":"https:\/\/zero-max.dk\/drive-accessories-da\/","name":"Tillbeh\u00f6r f\u00f6r varvtalsreglerare | C-Face adaptrar fr\u00e5n Zero-Max","isPartOf":{"@id":"https:\/\/zero-max.dk\/#website"},"datePublished":"2019-01-02T16:19:38+00:00","dateModified":"2025-04-07T08:53:45+00:00","description":"F\u00e5 ut mesta m\u00f6jliga av dina frekvensomriktare med C-Face-adaptrar fr\u00e5n Zero-Max. Enkel installation, h\u00f6g kompatibilitet och robust kvalitet f\u00f6r modellerna E, JK, Y, QX och ZX.","breadcrumb":{"@id":"https:\/\/zero-max.dk\/drive-accessories-da\/#breadcrumb"},"inLanguage":"sv-SE","potentialAction":[{"@type":"ReadAction","target":["https:\/\/zero-max.dk\/drive-accessories-da\/"]}]},{"@type":"BreadcrumbList","@id":"https:\/\/zero-max.dk\/drive-accessories-da\/#breadcrumb","itemListElement":[{"@type":"ListItem","position":1,"name":"Hjem","item":"https:\/\/zero-max.dk\/"},{"@type":"ListItem","position":2,"name":"Tilbeh\u00f8r til justerbare hastighedsdrev"}]},{"@type":"WebSite","@id":"https:\/\/zero-max.dk\/#website","url":"https:\/\/zero-max.dk\/","name":"Zero-Max A\/S","description":"","potentialAction":[{"@type":"SearchAction","target":{"@type":"EntryPoint","urlTemplate":"https:\/\/zero-max.dk\/?s={search_term_string}"},"query-input":{"@type":"PropertyValueSpecification","valueRequired":true,"valueName":"search_term_string"}}],"inLanguage":"sv-SE"}]}},"_links":{"self":[{"href":"https:\/\/zero-max.dk\/sv\/wp-json\/wp\/v2\/pages\/877","targetHints":{"allow":["GET"]}}],"collection":[{"href":"https:\/\/zero-max.dk\/sv\/wp-json\/wp\/v2\/pages"}],"about":[{"href":"https:\/\/zero-max.dk\/sv\/wp-json\/wp\/v2\/types\/page"}],"author":[{"embeddable":true,"href":"https:\/\/zero-max.dk\/sv\/wp-json\/wp\/v2\/users\/7"}],"replies":[{"embeddable":true,"href":"https:\/\/zero-max.dk\/sv\/wp-json\/wp\/v2\/comments?post=877"}],"version-history":[{"count":12,"href":"https:\/\/zero-max.dk\/sv\/wp-json\/wp\/v2\/pages\/877\/revisions"}],"predecessor-version":[{"id":6237,"href":"https:\/\/zero-max.dk\/sv\/wp-json\/wp\/v2\/pages\/877\/revisions\/6237"}],"wp:attachment":[{"href":"https:\/\/zero-max.dk\/sv\/wp-json\/wp\/v2\/media?parent=877"}],"curies":[{"name":"wp","href":"https:\/\/api.w.org\/{rel}","templated":true}]}}