{"id":913,"date":"2019-01-02T17:32:38","date_gmt":"2019-01-02T16:32:38","guid":{"rendered":"https:\/\/zero-max.dk\/?page_id=913"},"modified":"2025-04-07T11:53:59","modified_gmt":"2025-04-07T09:53:59","slug":"linjara-stalldon-da","status":"publish","type":"page","link":"https:\/\/zero-max.dk\/sv\/linear-actuators-da\/","title":{"rendered":"Linj\u00e4ra st\u00e4lldon"},"content":{"rendered":"<p>[et_pb_section fb_built=&#8221;1&#8243; _builder_version=&#8221;4.21.0&#8243; background_image=&#8221;https:\/\/zero-max.dk\/wp-content\/uploads\/2018\/12\/1152-Tops_rolix.jpg&#8221; animation_style=&#8221;zoom&#8221; custom_css_main_element=&#8221;height:450px;&#8221; border_width_bottom=&#8221;1px&#8221; border_color_bottom=&#8221;#eee&#8221; locked=&#8221;off&#8221; global_colors_info=&#8221;{}&#8221;][et_pb_row _builder_version=&#8221;4.21.0&#8243; custom_margin=&#8221;16%||&#8221; custom_margin_tablet=&#8221;7%||||false|false&#8221; custom_margin_phone=&#8221;42%||||false|false&#8221; custom_margin_last_edited=&#8221;on|tablet&#8221; global_colors_info=&#8221;{}&#8221;][et_pb_column type=&#8221;4_4&#8243; _builder_version=&#8221;4.16&#8243; custom_padding=&#8221;|||&#8221; global_colors_info=&#8221;{}&#8221; custom_padding__hover=&#8221;|||&#8221;][et_pb_text _builder_version=&#8221;4.21.0&#8243; text_font=&#8221;Oswald||||||||&#8221; text_text_color=&#8221;#013366&#8243; text_font_size=&#8221;26px&#8221; text_letter_spacing=&#8221;4px&#8221; text_line_height=&#8221;1.1em&#8221; global_colors_info=&#8221;{}&#8221;]<\/p>\n<p>Providing intermittent overload protection<\/p>\n<p>[\/et_pb_text][\/et_pb_column][\/et_pb_row][\/et_pb_section][et_pb_section fb_built=&#8221;1&#8243; disabled_on=&#8221;on|off|off&#8221; _builder_version=&#8221;4.16&#8243; background_color=&#8221;#ffffff&#8221; custom_padding=&#8221;20px||20px&#8221; global_colors_info=&#8221;{}&#8221;][et_pb_row column_structure=&#8221;1_2,1_2&#8243; _builder_version=&#8221;4.16&#8243; global_colors_info=&#8221;{}&#8221;][et_pb_column type=&#8221;1_2&#8243; _builder_version=&#8221;4.16&#8243; custom_padding=&#8221;0px|||&#8221; global_colors_info=&#8221;{}&#8221; custom_padding__hover=&#8221;|||&#8221;][et_pb_image src=&#8221;https:\/\/zero-max.dk\/wp-content\/uploads\/2018\/12\/Rolix.jpg&#8221; align=&#8221;center&#8221; align_tablet=&#8221;center&#8221; align_phone=&#8221;center&#8221; align_last_edited=&#8221;on|desktop&#8221; _builder_version=&#8221;4.16&#8243; global_colors_info=&#8221;{}&#8221;]<br \/>\n[\/et_pb_image][\/et_pb_column][et_pb_column type=&#8221;1_2&#8243; _builder_version=&#8221;4.16&#8243; custom_padding=&#8221;53px|||&#8221; global_colors_info=&#8221;{}&#8221; custom_padding__hover=&#8221;|||&#8221;][et_pb_text _builder_version=&#8221;4.16&#8243; header_3_text_color=&#8221;#003366&#8243; global_colors_info=&#8221;{}&#8221;]<\/p>\n<h1>GENNEMTESTET TEKNOLOGI<\/h1>\n<h2>Line\u00e6re aktuatorer<\/h2>\n<p>Zero-Maxs Roh\u00b4Lix\u00ae line\u00e6re aktuatorer er tr\u00e5dl\u00f8se, mekaniske, mekaniske skruetyper skabt til at omdanne roterende bev\u00e6gelser til pr\u00e6cise line\u00e6re bev\u00e6gelser og trykstyringsindstillinger ved at bruge kuglelejer. Disse justerbare automatiske beskyttere mod overbelastning vil glide ved overbelastning og dermed give koblinger uden yderligere koblingsmekanismer.<\/p>\n<p>[\/et_pb_text][et_pb_button button_url=&#8221;https:\/\/zero-max.dk\/wp-content\/uploads\/2019\/01\/ZM-Rohlix-Linear-Actuators-brochure.pdf&#8221; url_new_window=&#8221;on&#8221; button_text=&#8221;DOWNLOAD Katalog &#8211; Linear Actuators Roh&#8217;Lix\u00ae&#8221; _builder_version=&#8221;4.16&#8243; custom_button=&#8221;on&#8221; button_text_color=&#8221;#ffffff&#8221; button_bg_color=&#8221;#003366&#8243; button_border_width=&#8221;4px&#8221; button_border_color=&#8221;#003366&#8243; button_border_radius=&#8221;4px&#8221; global_colors_info=&#8221;{}&#8221;]<br \/>\n[\/et_pb_button][\/et_pb_column][\/et_pb_row][\/et_pb_section][et_pb_section fb_built=&#8221;1&#8243; _builder_version=&#8221;4.16&#8243; background_color=&#8221;#003366&#8243; global_colors_info=&#8221;{}&#8221;][et_pb_row column_structure=&#8221;1_2,1_2&#8243; _builder_version=&#8221;4.16&#8243; global_colors_info=&#8221;{}&#8221;][et_pb_column type=&#8221;1_2&#8243; _builder_version=&#8221;4.16&#8243; custom_padding=&#8221;|||&#8221; global_colors_info=&#8221;{}&#8221; custom_padding__hover=&#8221;|||&#8221;][et_pb_text _builder_version=&#8221;4.16&#8243; text_text_color=&#8221;#ffffff&#8221; header_2_text_color=&#8221;#ffffff&#8221; header_3_text_color=&#8221;#003366&#8243; global_colors_info=&#8221;{}&#8221;]<\/p>\n<h2><span class=\"textheading2 mobile-undersized-upper\">EGENSKABER<\/span><\/h2>\n<h2><span class=\"textheading2 mobile-undersized-upper\">Line\u00e6re aktuatorer<\/span><\/h2>\n<ul>\n<li>\n<p>Den line\u00e6re aktuator Roh\u00b4Lix\u00ae kan f\u00e5s i 2 st\u00f8rrelser; 12,7 cm. og 5 m., hvilket giver en trykkapacitet p\u00e5 mellem 15 og 200 pund<\/p>\n<\/li>\n<li>\n<p>Nem at installere<\/p>\n<\/li>\n<\/ul>\n<p>[\/et_pb_text][\/et_pb_column][et_pb_column type=&#8221;1_2&#8243; _builder_version=&#8221;4.16&#8243; custom_padding=&#8221;|||&#8221; global_colors_info=&#8221;{}&#8221; custom_padding__hover=&#8221;|||&#8221;][et_pb_text _builder_version=&#8221;4.16&#8243; text_text_color=&#8221;#ffffff&#8221; header_2_text_color=&#8221;#ffffff&#8221; header_3_text_color=&#8221;#003366&#8243; global_colors_info=&#8221;{}&#8221;]<\/p>\n<h2><span class=\"textheading2 mobile-undersized-upper\">FORDELE<\/span><\/h2>\n<h2><span class=\"textheading2 mobile-undersized-upper\">Lin\u00e6re aktuatorer Roh&#8217;Lix\u00ae<\/span><\/h2>\n<ul>\n<li>\n<p>Til horisontale eller vertikale aksiale belastningsapplikationer<\/p>\n<\/li>\n<li>\n<p>Designet til at glide ved overbelastning, hvilket giver diskontinuerlig beskyttelse ved overbelastning<\/p>\n<\/li>\n<li>\n<p>Nem justerbare trykstyringsindstillinger<\/p>\n<\/li>\n<li>\n<p>Forventet levetid fra 2 til over 100 millioner tommer line\u00e6re bev\u00e6gelser afh\u00e6ngigt af applikationsvariablerne<\/p>\n<\/li>\n<li>\n<p>To Roh\u00b4Lix \u00ae line\u00e6re aktuatorer-enheder kan bruges i tandem til at forh\u00f8je trykvurderingen<\/p>\n<\/li>\n<li>\n<p>Specielle aksel-diametre, ledninger og blokst\u00f8rrelser til r\u00e5dighed<\/p>\n<\/li>\n<li>\n<p>Det er standard med h\u00f8jreh\u00e5nd; venstreh\u00e5ndede kan f\u00e5s ved foresp\u00f8rgsel<\/p>\n<\/li>\n<li>\n<p>Vedligeholdelsesfrie rullelejer er smurt for livstid og kr\u00e6ver ingen yderligere sm\u00f8ring.<\/p>\n<\/li>\n<\/ul>\n<p>[\/et_pb_text][\/et_pb_column][\/et_pb_row][\/et_pb_section][et_pb_section fb_built=&#8221;1&#8243; _builder_version=&#8221;4.16&#8243; global_colors_info=&#8221;{}&#8221;][et_pb_row column_structure=&#8221;1_2,1_2&#8243; _builder_version=&#8221;4.16&#8243; custom_margin=&#8221;||0px&#8221; custom_padding=&#8221;||0px&#8221; global_colors_info=&#8221;{}&#8221;][et_pb_column type=&#8221;1_2&#8243; _builder_version=&#8221;4.16&#8243; custom_padding=&#8221;|||&#8221; global_colors_info=&#8221;{}&#8221; custom_padding__hover=&#8221;|||&#8221;][et_pb_text _builder_version=&#8221;4.16&#8243; header_3_text_color=&#8221;#003366&#8243; global_colors_info=&#8221;{}&#8221;]<\/p>\n<h2><span class=\"textheading2 mobile-undersized-upper\">APPLIKATIONER<\/span><\/h2>\n<h2><span class=\"textheading2 mobile-undersized-upper\">Line\u00e6rer aktuatorer Roh&#8217;Lix\u00ae<\/span><\/h2>\n<p>Zero-Maxs Roh\u00b4Lix\u00ae line\u00e6re aktuatorer giver en p\u00e5lidelig ydeevne for en lang r\u00e6kke applikationer.<\/p>\n<p>[\/et_pb_text][\/et_pb_column][et_pb_column type=&#8221;1_2&#8243; _builder_version=&#8221;4.16&#8243; custom_padding=&#8221;|||&#8221; global_colors_info=&#8221;{}&#8221; custom_padding__hover=&#8221;|||&#8221;][\/et_pb_column][\/et_pb_row][et_pb_row column_structure=&#8221;1_3,1_3,1_3&#8243; _builder_version=&#8221;4.16&#8243; custom_padding=&#8221;5px||&#8221; global_colors_info=&#8221;{}&#8221;][et_pb_column type=&#8221;1_3&#8243; _builder_version=&#8221;4.16&#8243; custom_padding=&#8221;|||&#8221; global_colors_info=&#8221;{}&#8221; custom_padding__hover=&#8221;|||&#8221;][et_pb_text _builder_version=&#8221;4.25.0&#8243; header_3_text_color=&#8221;#003366&#8243; global_colors_info=&#8221;{}&#8221;]<\/p>\n<ul>\n<li>Pakning<\/li>\n<li>Trykkeri<\/li>\n<li>Omdanne<\/li>\n<li>Materialeh\u00e5ndtering<\/li>\n<li>Fremstilling af halvleder<\/li>\n<li>Testudstyr<\/li>\n<li>Udstyr til tekniske unders\u00f8gelser<\/li>\n<li>Udstyr til kerneboring<\/li>\n<\/ul>\n<p>[\/et_pb_text][\/et_pb_column][et_pb_column type=&#8221;1_3&#8243; _builder_version=&#8221;4.16&#8243; custom_padding=&#8221;|||&#8221; global_colors_info=&#8221;{}&#8221; custom_padding__hover=&#8221;|||&#8221;][et_pb_text _builder_version=&#8221;4.16&#8243; header_3_text_color=&#8221;#003366&#8243; global_colors_info=&#8221;{}&#8221;]<\/p>\n<ul>\n<li>Billedcensorer<\/li>\n<li>Justerbare webguides<\/li>\n<li>Optiske komparatorer<\/li>\n<li>Part Feedere<\/li>\n<li>Line\u00e6re robotter<\/li>\n<li>Medicinsk udstyr<\/li>\n<li>Datakabler<\/li>\n<li>Og mange andre<\/li>\n<\/ul>\n<p>[\/et_pb_text][\/et_pb_column][et_pb_column type=&#8221;1_3&#8243; _builder_version=&#8221;4.16&#8243; custom_padding=&#8221;|||&#8221; global_colors_info=&#8221;{}&#8221; custom_padding__hover=&#8221;|||&#8221;][et_pb_image src=&#8221;https:\/\/zero-max.dk\/wp-content\/uploads\/2018\/12\/Rolix1.jpg&#8221; align_tablet=&#8221;center&#8221; align_phone=&#8221;center&#8221; align_last_edited=&#8221;on|desktop&#8221; _builder_version=&#8221;4.16&#8243; global_colors_info=&#8221;{}&#8221;]<br \/>\n[\/et_pb_image][\/et_pb_column][\/et_pb_row][\/et_pb_section][et_pb_section fb_built=&#8221;1&#8243; disabled_on=&#8221;on|on|on&#8221; _builder_version=&#8221;4.21.0&#8243; background_color=&#8221;#003366&#8243; custom_padding=&#8221;0px||0px&#8221; disabled=&#8221;on&#8221; global_module=&#8221;1102&#8243; saved_tabs=&#8221;all&#8221; global_colors_info=&#8221;{}&#8221;][et_pb_row column_structure=&#8221;1_3,1_3,1_3&#8243; _builder_version=&#8221;4.16&#8243; global_colors_info=&#8221;{}&#8221;][et_pb_column type=&#8221;1_3&#8243; _builder_version=&#8221;4.16&#8243; custom_padding=&#8221;|||&#8221; global_colors_info=&#8221;{}&#8221; custom_padding__hover=&#8221;|||&#8221;][et_pb_text admin_label=&#8221;Tekst&#8221; _builder_version=&#8221;4.16&#8243; header_2_text_align=&#8221;center&#8221; header_2_text_color=&#8221;#99ccff&#8221; header_2_font_size=&#8221;14px&#8221; custom_margin=&#8221;0px||0px&#8221; custom_padding=&#8221;0px||0px&#8221; global_colors_info=&#8221;{}&#8221;]<\/p>\n<h2>Zero Max &#8211; Industri<\/h2>\n<p>[\/et_pb_text][et_pb_text _builder_version=&#8221;4.16&#8243; background_image=&#8221;https:\/\/zero-max.dk\/wp-content\/uploads\/2018\/12\/Boxes.jpg&#8221; text_orientation=&#8221;center&#8221; custom_margin=&#8221;0px||0px&#8221; custom_padding=&#8221;10px|20px|26px|20px&#8221; border_width_all=&#8221;1px&#8221; border_color_all=&#8221;#ffffff&#8221; global_colors_info=&#8221;{}&#8221;]<\/p>\n<p>Hurtighed, pr\u00e6cision og driftssikkerhed? Overvej en l\u00f8sning fra Zero-Max<\/p>\n<p>[\/et_pb_text][\/et_pb_column][et_pb_column type=&#8221;1_3&#8243; _builder_version=&#8221;4.16&#8243; custom_padding=&#8221;|||&#8221; global_colors_info=&#8221;{}&#8221; custom_padding__hover=&#8221;|||&#8221;][et_pb_text _builder_version=&#8221;4.16&#8243; header_2_text_align=&#8221;center&#8221; header_2_text_color=&#8221;#99ccff&#8221; header_2_font_size=&#8221;14px&#8221; custom_margin=&#8221;0px||0px&#8221; custom_padding=&#8221;0px||0px&#8221; global_colors_info=&#8221;{}&#8221;]<\/p>\n<h2>Zero Max \u2013 Landbrug<\/h2>\n<p>[\/et_pb_text][et_pb_text _builder_version=&#8221;4.16&#8243; background_image=&#8221;https:\/\/zero-max.dk\/wp-content\/uploads\/2018\/12\/Boxes.jpg&#8221; text_orientation=&#8221;center&#8221; custom_margin=&#8221;0px||0px&#8221; custom_padding=&#8221;10px|20px|25px|20px&#8221; border_width_all=&#8221;1px&#8221; border_color_all=&#8221;#ffffff&#8221; global_colors_info=&#8221;{}&#8221;]<\/p>\n<p>St\u00f8rre, tungere, hurtigere? Driftssikker?<br \/>Kundespecifikt designet hos Zero-Max!<\/p>\n<p>[\/et_pb_text][\/et_pb_column][et_pb_column type=&#8221;1_3&#8243; _builder_version=&#8221;4.16&#8243; custom_padding=&#8221;|||&#8221; global_colors_info=&#8221;{}&#8221; custom_padding__hover=&#8221;|||&#8221;][et_pb_text _builder_version=&#8221;4.16&#8243; header_2_text_align=&#8221;center&#8221; header_2_text_color=&#8221;#99ccff&#8221; header_2_font_size=&#8221;14px&#8221; custom_margin=&#8221;0px||0px&#8221; custom_padding=&#8221;0px||0px&#8221; global_colors_info=&#8221;{}&#8221;]<\/p>\n<h2>Zero Max \u2013 Energi<\/h2>\n<p>[\/et_pb_text][et_pb_text admin_label=&#8221;Text&#8221; _builder_version=&#8221;4.16&#8243; background_image=&#8221;https:\/\/zero-max.dk\/wp-content\/uploads\/2018\/12\/Boxes.jpg&#8221; text_orientation=&#8221;center&#8221; custom_margin=&#8221;0px||0px&#8221; custom_padding=&#8221;10px|10px|10px|10px&#8221; border_width_all=&#8221;1px&#8221; border_color_all=&#8221;#ffffff&#8221; global_colors_info=&#8221;{}&#8221;]<\/p>\n<p>St\u00e6rk ydeevne i ekstrem vind? <br \/>Skiftende klimabetingelserne?<br \/>Zero-Max skaber l\u00f8sningen for dig!<\/p>\n<p>[\/et_pb_text][\/et_pb_column][\/et_pb_row][\/et_pb_section]<\/p>\n","protected":false},"excerpt":{"rendered":"<p>Providing intermittent overload protection GENNEMTESTET TEKNOLOGI Line\u00e6re aktuatorer Zero-Maxs Roh\u00b4Lix\u00ae line\u00e6re aktuatorer er tr\u00e5dl\u00f8se, mekaniske, mekaniske skruetyper skabt til at omdanne roterende bev\u00e6gelser til pr\u00e6cise line\u00e6re bev\u00e6gelser og trykstyringsindstillinger ved at bruge kuglelejer. Disse justerbare automatiske beskyttere mod overbelastning vil glide ved overbelastning og dermed give koblinger uden yderligere koblingsmekanismer. EGENSKABER Line\u00e6re aktuatorer Den line\u00e6re [&hellip;]<\/p>\n","protected":false},"author":7,"featured_media":0,"parent":0,"menu_order":0,"comment_status":"closed","ping_status":"closed","template":"","meta":{"_et_pb_use_builder":"on","_et_pb_old_content":"","_et_gb_content_width":"","footnotes":""},"class_list":["post-913","page","type-page","status-publish","hentry"],"yoast_head":"<!-- This site is optimized with the Yoast SEO plugin v27.5 - https:\/\/yoast.com\/product\/yoast-seo-wordpress\/ -->\n<title>Roh\u2019Lix\u00ae Line\u00e6re aktuatorer \u2013 Pr\u00e6cis line\u00e6r bev\u00e6gelse uden elektronik | Zero-Max A\/S<\/title>\n<meta name=\"description\" content=\"Zero-Max Roh\u2019Lix\u00ae line\u00e6re aktuatorer giver n\u00f8jagtig og p\u00e5lidelig line\u00e6r bev\u00e6gelse uden elektronik. Overbelastningsbeskyttelse og lang levetid. F\u00e5s i flere st\u00f8rrelser.\" \/>\n<meta name=\"robots\" content=\"index, follow, max-snippet:-1, max-image-preview:large, max-video-preview:-1\" \/>\n<link rel=\"canonical\" href=\"https:\/\/zero-max.dk\/sv\/linjara-stalldon-da\/\" \/>\n<meta property=\"og:locale\" content=\"sv_SE\" \/>\n<meta property=\"og:type\" content=\"article\" \/>\n<meta property=\"og:title\" content=\"Roh\u2019Lix\u00ae Line\u00e6re aktuatorer \u2013 Pr\u00e6cis line\u00e6r bev\u00e6gelse uden elektronik | Zero-Max A\/S\" \/>\n<meta property=\"og:description\" content=\"Zero-Max Roh\u2019Lix\u00ae line\u00e6re aktuatorer giver n\u00f8jagtig og p\u00e5lidelig line\u00e6r bev\u00e6gelse uden elektronik. Overbelastningsbeskyttelse og lang levetid. F\u00e5s i flere st\u00f8rrelser.\" \/>\n<meta property=\"og:url\" content=\"https:\/\/zero-max.dk\/sv\/linjara-stalldon-da\/\" \/>\n<meta property=\"og:site_name\" content=\"Zero-Max A\/S\" \/>\n<meta property=\"article:modified_time\" content=\"2025-04-07T09:53:59+00:00\" \/>\n<meta name=\"twitter:card\" content=\"summary_large_image\" \/>\n<meta name=\"twitter:label1\" content=\"Ber\u00e4knad l\u00e4stid\" \/>\n\t<meta name=\"twitter:data1\" content=\"2 minuter\" \/>\n<script type=\"application\/ld+json\" class=\"yoast-schema-graph\">{\"@context\":\"https:\\\/\\\/schema.org\",\"@graph\":[{\"@type\":\"WebPage\",\"@id\":\"https:\\\/\\\/zero-max.dk\\\/linear-actuators-da\\\/\",\"url\":\"https:\\\/\\\/zero-max.dk\\\/linear-actuators-da\\\/\",\"name\":\"Roh\u2019Lix\u00ae Line\u00e6re aktuatorer \u2013 Pr\u00e6cis line\u00e6r bev\u00e6gelse uden elektronik | Zero-Max A\\\/S\",\"isPartOf\":{\"@id\":\"https:\\\/\\\/zero-max.dk\\\/#website\"},\"datePublished\":\"2019-01-02T16:32:38+00:00\",\"dateModified\":\"2025-04-07T09:53:59+00:00\",\"description\":\"Zero-Max Roh\u2019Lix\u00ae line\u00e6re aktuatorer giver n\u00f8jagtig og p\u00e5lidelig line\u00e6r bev\u00e6gelse uden elektronik. Overbelastningsbeskyttelse og lang levetid. F\u00e5s i flere st\u00f8rrelser.\",\"breadcrumb\":{\"@id\":\"https:\\\/\\\/zero-max.dk\\\/linear-actuators-da\\\/#breadcrumb\"},\"inLanguage\":\"sv-SE\",\"potentialAction\":[{\"@type\":\"ReadAction\",\"target\":[\"https:\\\/\\\/zero-max.dk\\\/linear-actuators-da\\\/\"]}]},{\"@type\":\"BreadcrumbList\",\"@id\":\"https:\\\/\\\/zero-max.dk\\\/linear-actuators-da\\\/#breadcrumb\",\"itemListElement\":[{\"@type\":\"ListItem\",\"position\":1,\"name\":\"Hjem\",\"item\":\"https:\\\/\\\/zero-max.dk\\\/\"},{\"@type\":\"ListItem\",\"position\":2,\"name\":\"Line\u00e6re Aktuatorer\"}]},{\"@type\":\"WebSite\",\"@id\":\"https:\\\/\\\/zero-max.dk\\\/#website\",\"url\":\"https:\\\/\\\/zero-max.dk\\\/\",\"name\":\"Zero-Max A\\\/S\",\"description\":\"\",\"potentialAction\":[{\"@type\":\"SearchAction\",\"target\":{\"@type\":\"EntryPoint\",\"urlTemplate\":\"https:\\\/\\\/zero-max.dk\\\/?s={search_term_string}\"},\"query-input\":{\"@type\":\"PropertyValueSpecification\",\"valueRequired\":true,\"valueName\":\"search_term_string\"}}],\"inLanguage\":\"sv-SE\"}]}<\/script>\n<!-- \/ Yoast SEO plugin. -->","yoast_head_json":{"title":"Roh'Lix\u00ae Linj\u00e4ra st\u00e4lldon - Exakt linj\u00e4r r\u00f6relse utan elektronik | Zero-Max A\/S","description":"Zero-Max Roh'Lix\u00ae linj\u00e4ra st\u00e4lldon ger exakt och tillf\u00f6rlitlig linj\u00e4r r\u00f6relse utan elektronik. \u00d6verbelastningsskydd och l\u00e5ng livsl\u00e4ngd. Finns i flera storlekar.","robots":{"index":"index","follow":"follow","max-snippet":"max-snippet:-1","max-image-preview":"max-image-preview:large","max-video-preview":"max-video-preview:-1"},"canonical":"https:\/\/zero-max.dk\/sv\/linjara-stalldon-da\/","og_locale":"sv_SE","og_type":"article","og_title":"Roh\u2019Lix\u00ae Line\u00e6re aktuatorer \u2013 Pr\u00e6cis line\u00e6r bev\u00e6gelse uden elektronik | Zero-Max A\/S","og_description":"Zero-Max Roh\u2019Lix\u00ae line\u00e6re aktuatorer giver n\u00f8jagtig og p\u00e5lidelig line\u00e6r bev\u00e6gelse uden elektronik. Overbelastningsbeskyttelse og lang levetid. F\u00e5s i flere st\u00f8rrelser.","og_url":"https:\/\/zero-max.dk\/sv\/linjara-stalldon-da\/","og_site_name":"Zero-Max A\/S","article_modified_time":"2025-04-07T09:53:59+00:00","twitter_card":"summary_large_image","twitter_misc":{"Ber\u00e4knad l\u00e4stid":"2 minuter"},"schema":{"@context":"https:\/\/schema.org","@graph":[{"@type":"WebPage","@id":"https:\/\/zero-max.dk\/linear-actuators-da\/","url":"https:\/\/zero-max.dk\/linear-actuators-da\/","name":"Roh'Lix\u00ae Linj\u00e4ra st\u00e4lldon - Exakt linj\u00e4r r\u00f6relse utan elektronik | Zero-Max A\/S","isPartOf":{"@id":"https:\/\/zero-max.dk\/#website"},"datePublished":"2019-01-02T16:32:38+00:00","dateModified":"2025-04-07T09:53:59+00:00","description":"Zero-Max Roh'Lix\u00ae linj\u00e4ra st\u00e4lldon ger exakt och tillf\u00f6rlitlig linj\u00e4r r\u00f6relse utan elektronik. \u00d6verbelastningsskydd och l\u00e5ng livsl\u00e4ngd. Finns i flera storlekar.","breadcrumb":{"@id":"https:\/\/zero-max.dk\/linear-actuators-da\/#breadcrumb"},"inLanguage":"sv-SE","potentialAction":[{"@type":"ReadAction","target":["https:\/\/zero-max.dk\/linear-actuators-da\/"]}]},{"@type":"BreadcrumbList","@id":"https:\/\/zero-max.dk\/linear-actuators-da\/#breadcrumb","itemListElement":[{"@type":"ListItem","position":1,"name":"Hjem","item":"https:\/\/zero-max.dk\/"},{"@type":"ListItem","position":2,"name":"Line\u00e6re Aktuatorer"}]},{"@type":"WebSite","@id":"https:\/\/zero-max.dk\/#website","url":"https:\/\/zero-max.dk\/","name":"Zero-Max A\/S","description":"","potentialAction":[{"@type":"SearchAction","target":{"@type":"EntryPoint","urlTemplate":"https:\/\/zero-max.dk\/?s={search_term_string}"},"query-input":{"@type":"PropertyValueSpecification","valueRequired":true,"valueName":"search_term_string"}}],"inLanguage":"sv-SE"}]}},"_links":{"self":[{"href":"https:\/\/zero-max.dk\/sv\/wp-json\/wp\/v2\/pages\/913","targetHints":{"allow":["GET"]}}],"collection":[{"href":"https:\/\/zero-max.dk\/sv\/wp-json\/wp\/v2\/pages"}],"about":[{"href":"https:\/\/zero-max.dk\/sv\/wp-json\/wp\/v2\/types\/page"}],"author":[{"embeddable":true,"href":"https:\/\/zero-max.dk\/sv\/wp-json\/wp\/v2\/users\/7"}],"replies":[{"embeddable":true,"href":"https:\/\/zero-max.dk\/sv\/wp-json\/wp\/v2\/comments?post=913"}],"version-history":[{"count":15,"href":"https:\/\/zero-max.dk\/sv\/wp-json\/wp\/v2\/pages\/913\/revisions"}],"predecessor-version":[{"id":6257,"href":"https:\/\/zero-max.dk\/sv\/wp-json\/wp\/v2\/pages\/913\/revisions\/6257"}],"wp:attachment":[{"href":"https:\/\/zero-max.dk\/sv\/wp-json\/wp\/v2\/media?parent=913"}],"curies":[{"name":"wp","href":"https:\/\/api.w.org\/{rel}","templated":true}]}}