{"id":956,"date":"2019-01-02T17:49:18","date_gmt":"2019-01-02T16:49:18","guid":{"rendered":"https:\/\/zero-max.dk\/?page_id=956"},"modified":"2026-03-18T13:36:08","modified_gmt":"2026-03-18T12:36:08","slug":"vaxellaador-siti-da","status":"publish","type":"page","link":"https:\/\/zero-max.dk\/sv\/siti-gearsboxes-da\/","title":{"rendered":"SITI V\u00e4xell\u00e5dor"},"content":{"rendered":"<p>[et_pb_section fb_built=&#8221;1&#8243; _builder_version=&#8221;4.21.0&#8243; background_color=&#8221;#ffffff&#8221; background_image=&#8221;https:\/\/zero-max.dk\/wp-content\/uploads\/2018\/12\/1152-Gear_SITI_Tops.jpg&#8221; background_size=&#8221;contain&#8221; height_tablet=&#8221;&#8221; height_phone=&#8221;142px&#8221; height_last_edited=&#8221;on|phone&#8221; custom_margin_tablet=&#8221;&#8221; custom_margin_phone=&#8221;||||false|false&#8221; custom_margin_last_edited=&#8221;on|phone&#8221; custom_padding=&#8221;0px||0px&#8221; animation_style=&#8221;zoom&#8221; custom_css_main_element=&#8221;height:420px&#8221; border_width_bottom=&#8221;1px&#8221; border_color_bottom=&#8221;#eee&#8221; global_colors_info=&#8221;{}&#8221;][et_pb_row _builder_version=&#8221;4.16&#8243; custom_padding=&#8221;0px||0px&#8221; global_colors_info=&#8221;{}&#8221;][et_pb_column type=&#8221;4_4&#8243; _builder_version=&#8221;4.16&#8243; custom_padding=&#8221;|||&#8221; global_colors_info=&#8221;{}&#8221; custom_padding__hover=&#8221;|||&#8221;][et_pb_text _builder_version=&#8221;4.16&#8243; text_text_color=&#8221;#ffffff&#8221; custom_margin=&#8221;||&#8221; custom_padding=&#8221;||&#8221; global_colors_info=&#8221;{}&#8221;][\/et_pb_text][\/et_pb_column][\/et_pb_row][\/et_pb_section][et_pb_section fb_built=&#8221;1&#8243; disabled_on=&#8221;on|off|off&#8221; _builder_version=&#8221;4.16&#8243; background_color=&#8221;#ffffff&#8221; custom_padding=&#8221;20px||20px&#8221; global_colors_info=&#8221;{}&#8221;][et_pb_row _builder_version=&#8221;4.21.0&#8243; width_tablet=&#8221;&#8221; width_phone=&#8221;100%&#8221; width_last_edited=&#8221;on|phone&#8221; global_colors_info=&#8221;{}&#8221;][et_pb_column type=&#8221;4_4&#8243; _builder_version=&#8221;4.16&#8243; custom_padding=&#8221;|||&#8221; global_colors_info=&#8221;{}&#8221; custom_padding__hover=&#8221;|||&#8221;][et_pb_text _builder_version=&#8221;4.21.0&#8243; header_text_color=&#8221;#ffffff&#8221; header_2_text_color=&#8221;#ffffff&#8221; background_color=&#8221;#003366&#8243; custom_margin=&#8221;||11px||false|false&#8221; custom_padding=&#8221;20px|20px|10px|20px&#8221; custom_padding_tablet=&#8221;20px|20px|10px|20px&#8221; custom_padding_phone=&#8221;|7px||7px|false|true&#8221; custom_padding_last_edited=&#8221;on|phone&#8221; global_colors_info=&#8221;{}&#8221;]<\/p>\n<table style=\"font-size: 16px;\">\n<tbody>\n<tr>\n<td>\n<h1><span class=\"textheading2 mobile-undersized-upper\">S.I.T.I Gear<\/span><\/h1>\n<\/td>\n<td>\n<h2><a href=\"https:\/\/zero-max.dk\/wp-content\/uploads\/2020\/03\/Brochure-SITI.pdf\"><span class=\"textheading2 mobile-undersized-upper\">Download\u00a0<\/span><span class=\"textheading2 mobile-undersized-upper\">Katalog<\/span><\/a><\/h2>\n<\/td>\n<\/tr>\n<\/tbody>\n<\/table>\n<p>[\/et_pb_text][et_pb_text _builder_version=&#8221;4.16&#8243; global_colors_info=&#8221;{}&#8221; disabled_on=&#8221;on|on|on&#8221; disabled=&#8221;on&#8221;]<\/p>\n<table>\n<tbody>\n<tr>\n<td>\n<p><strong>I &#8211; Worm Gearkasser<\/strong><\/p>\n<p>Worm gearkasser udviklet til modul\u00e6r samling af flanger og momentarm.<\/p>\n<p>Maksimalt input 55 kW.<br \/>Maksimalt moment 3000 Nm.<br \/>Forhold 100\/1.<\/p>\n<\/td>\n<td>\u00a0<\/td>\n<\/tr>\n<tr>\n<td>\n<p><strong>P+MI &#8211; Worm Gearkasser med prim\u00e6r reduktion<\/strong><\/p>\n<p>Skruesk\u00e5rne gearkasser passende for modul\u00e6r samling af flanger, f\u00f8dder og momentarme.<\/p>\n<p>Maksimalt input 7.5 kW.<br \/>Maksimalt moment 2500 Nm.<br \/>Forhold 404\/1.<\/p>\n<\/td>\n<td>\u00a0<\/td>\n<\/tr>\n<tr>\n<td>\n<p><strong>CMI &#8211; Kombineret Worm Gearkasser<\/strong><\/p>\n<p>Worm gearkasser der passer til modul\u00e6rsamlingen af flanger, f\u00f8dder og momentf\u00f8dder.<\/p>\n<p>Maksimalt input 6.6 kW.<br \/>Maksimalt moment til 4400 Nm.<br \/>Forhold 8000\/1.<\/p>\n<\/td>\n<td>\u00a0<\/td>\n<\/tr>\n<tr>\n<td>\n<p><strong>U &#8211; Worm Gearkasser<\/strong><\/p>\n<p>Worm gearkasser der er passende for modul\u00e6r montering af flanger og momentarme.<\/p>\n<p>Maksimalt input 17.7 kW.<br \/>Maksimalt moment 885 Nm.<br \/>Forhold 100\/1.<\/p>\n<\/td>\n<td>\u00a0<\/td>\n<\/tr>\n<tr>\n<td>\n<p><strong>P+MU &#8211; Worm Gearkasser med Prim\u00e6r reduktion<\/strong><\/p>\n<p>Spiralformede gearkasser der passer til modul\u00e6r samling af flanger og momentarm.<\/p>\n<p>Maksimalt input 3.4 kW.<br \/>Maksimalt moment1053 Nm.<br \/>Forhold 404\/1.<\/p>\n<\/td>\n<td>\u00a0<\/td>\n<\/tr>\n<tr>\n<td>\n<p><strong>CMU-U &#8211; Kombineret Worm Gearkasser<\/strong><\/p>\n<p>Worm gearboxes suitable for the modular assembling of flanges and torque arm.<\/p>\n<p>Worm gearkasser der passer til modul\u00e6r samling af flanger og momentarm.<\/p>\n<p>Maksimalt input 2.1 kW.<br \/>Maksimalt moment op til 885 Nm.<br \/>Forhold 5000\/1.<\/p>\n<\/td>\n<td>\u00a0<\/td>\n<\/tr>\n<tr>\n<td>\n<p><strong>NHL &#8211; Keglehjulsgearkasser<\/strong><\/p>\n<p>Modul\u00e6rt design med kompakte undergrupper for nemt skifte i hastighed.<\/p>\n<p>Montering med fod eller flange.<\/p>\n<p>Maksimalt input 210 kW.<br \/>Maksimalt moment 12000 Nm.<br \/>Forhold 466\/1.<\/p>\n<\/td>\n<td>\u00a0<\/td>\n<\/tr>\n<tr>\n<td>\n<p><strong>BH &#8211; Bevel Spiralformede Gearkasser<\/strong><\/p>\n<p>Modul\u00e6rt design med kompakte undergrupper for nemt skifte i hastighed.<\/p>\n<p>Maksimalt input 291 kW.<br \/>Maksimalt moment 14000 Nm.<br \/>Forhold 226\/1.<\/p>\n<\/td>\n<td>\u00a0<\/td>\n<\/tr>\n<tr>\n<td>\n<p><strong>BH\/4 &#8211; Bevel Skruesk\u00e5rne Gearkasser<\/strong><\/p>\n<p>8 st\u00f8rrelser der giver en r\u00e6kke forskellige monteringspositioner.<\/p>\n<p>Maksimalt input 30 kW.<br \/>Maksimalt moment 14000 Nm.<br \/>Forhold 415\/1.<\/p>\n<\/td>\n<td>\u00a0<\/td>\n<\/tr>\n<tr>\n<td>\n<p><strong>NPL &#8211; Parallel Gearkasser<\/strong><\/p>\n<p>8 st\u00f8rrelser der giver en r\u00e6kke forskellige monteringspositioner.<\/p>\n<p>Maksimalt input 187 kW.<br \/>Maksimalt moment 14000 Nm.<br \/>Forhold 248\/1.<\/p>\n<\/td>\n<td>\u00a0<\/td>\n<\/tr>\n<tr>\n<td>\n<p><strong>NPD Akselmonterede Spiralformede Gearkasser<\/strong><\/p>\n<p>8 st\u00f8rrelser der giver en r\u00e6kke forskellige monteringspositioner.<\/p>\n<p>Maksimalt input 135 kW.<br \/>Maksimalt moment 14000 Nm.<br \/>Forhold 445\/1.<\/p>\n<\/td>\n<td>\u00a0<\/td>\n<\/tr>\n<tr>\n<td>\n<p><strong>R \u2013 Retvinklet gearkasse<\/strong><\/p>\n<p>4 st\u00f8rrelser med 3 forskellige konfigurationer og mange monteringspositioner.<\/p>\n<p>Maksimalt input 8 kW.<br \/>Maksimalt moment 35 Nm.<br \/>Forhold 3\/1.<\/p>\n<\/td>\n<td>\u00a0<\/td>\n<\/tr>\n<\/tbody>\n<\/table>\n<p>[\/et_pb_text][\/et_pb_column][\/et_pb_row][\/et_pb_section][et_pb_section fb_built=&#8221;1&#8243; disabled_on=&#8221;on|on|on&#8221; _builder_version=&#8221;4.21.0&#8243; background_color=&#8221;#003366&#8243; custom_padding=&#8221;0px||0px&#8221; disabled=&#8221;on&#8221; global_module=&#8221;1102&#8243; saved_tabs=&#8221;all&#8221; global_colors_info=&#8221;{}&#8221;][et_pb_row column_structure=&#8221;1_3,1_3,1_3&#8243; _builder_version=&#8221;4.16&#8243; global_colors_info=&#8221;{}&#8221;][et_pb_column type=&#8221;1_3&#8243; _builder_version=&#8221;4.16&#8243; custom_padding=&#8221;|||&#8221; global_colors_info=&#8221;{}&#8221; custom_padding__hover=&#8221;|||&#8221;][et_pb_text admin_label=&#8221;Tekst&#8221; _builder_version=&#8221;4.16&#8243; header_2_text_align=&#8221;center&#8221; header_2_text_color=&#8221;#99ccff&#8221; header_2_font_size=&#8221;14px&#8221; custom_margin=&#8221;0px||0px&#8221; custom_padding=&#8221;0px||0px&#8221; global_colors_info=&#8221;{}&#8221;]<\/p>\n<h2>Zero Max &#8211; Industri<\/h2>\n<p>[\/et_pb_text][et_pb_text _builder_version=&#8221;4.16&#8243; background_image=&#8221;https:\/\/zero-max.dk\/wp-content\/uploads\/2018\/12\/Boxes.jpg&#8221; text_orientation=&#8221;center&#8221; custom_margin=&#8221;0px||0px&#8221; custom_padding=&#8221;10px|20px|26px|20px&#8221; border_width_all=&#8221;1px&#8221; border_color_all=&#8221;#ffffff&#8221; global_colors_info=&#8221;{}&#8221;]<\/p>\n<p>Hurtighed, pr\u00e6cision og driftssikkerhed? Overvej en l\u00f8sning fra Zero-Max<\/p>\n<p>[\/et_pb_text][\/et_pb_column][et_pb_column type=&#8221;1_3&#8243; _builder_version=&#8221;4.16&#8243; custom_padding=&#8221;|||&#8221; global_colors_info=&#8221;{}&#8221; custom_padding__hover=&#8221;|||&#8221;][et_pb_text _builder_version=&#8221;4.16&#8243; header_2_text_align=&#8221;center&#8221; header_2_text_color=&#8221;#99ccff&#8221; header_2_font_size=&#8221;14px&#8221; custom_margin=&#8221;0px||0px&#8221; custom_padding=&#8221;0px||0px&#8221; global_colors_info=&#8221;{}&#8221;]<\/p>\n<h2>Zero Max \u2013 Landbrug<\/h2>\n<p>[\/et_pb_text][et_pb_text _builder_version=&#8221;4.16&#8243; background_image=&#8221;https:\/\/zero-max.dk\/wp-content\/uploads\/2018\/12\/Boxes.jpg&#8221; text_orientation=&#8221;center&#8221; custom_margin=&#8221;0px||0px&#8221; custom_padding=&#8221;10px|20px|25px|20px&#8221; border_width_all=&#8221;1px&#8221; border_color_all=&#8221;#ffffff&#8221; global_colors_info=&#8221;{}&#8221;]<\/p>\n<p>St\u00f8rre, tungere, hurtigere? Driftssikker?<br \/>Kundespecifikt designet hos Zero-Max!<\/p>\n<p>[\/et_pb_text][\/et_pb_column][et_pb_column type=&#8221;1_3&#8243; _builder_version=&#8221;4.16&#8243; custom_padding=&#8221;|||&#8221; global_colors_info=&#8221;{}&#8221; custom_padding__hover=&#8221;|||&#8221;][et_pb_text _builder_version=&#8221;4.16&#8243; header_2_text_align=&#8221;center&#8221; header_2_text_color=&#8221;#99ccff&#8221; header_2_font_size=&#8221;14px&#8221; custom_margin=&#8221;0px||0px&#8221; custom_padding=&#8221;0px||0px&#8221; global_colors_info=&#8221;{}&#8221;]<\/p>\n<h2>Zero Max \u2013 Energi<\/h2>\n<p>[\/et_pb_text][et_pb_text admin_label=&#8221;Text&#8221; _builder_version=&#8221;4.16&#8243; background_image=&#8221;https:\/\/zero-max.dk\/wp-content\/uploads\/2018\/12\/Boxes.jpg&#8221; text_orientation=&#8221;center&#8221; custom_margin=&#8221;0px||0px&#8221; custom_padding=&#8221;10px|10px|10px|10px&#8221; border_width_all=&#8221;1px&#8221; border_color_all=&#8221;#ffffff&#8221; global_colors_info=&#8221;{}&#8221;]<\/p>\n<p>St\u00e6rk ydeevne i ekstrem vind? <br \/>Skiftende klimabetingelserne?<br \/>Zero-Max skaber l\u00f8sningen for dig!<\/p>\n<p>[\/et_pb_text][\/et_pb_column][\/et_pb_row][\/et_pb_section]<\/p>\n","protected":false},"excerpt":{"rendered":"<p>S.I.T.I Gear Download\u00a0Katalog I &#8211; Worm Gearkasser Worm gearkasser udviklet til modul\u00e6r samling af flanger og momentarm. Maksimalt input 55 kW.Maksimalt moment 3000 Nm.Forhold 100\/1. \u00a0 P+MI &#8211; Worm Gearkasser med prim\u00e6r reduktion Skruesk\u00e5rne gearkasser passende for modul\u00e6r samling af flanger, f\u00f8dder og momentarme. Maksimalt input 7.5 kW.Maksimalt moment 2500 Nm.Forhold 404\/1. \u00a0 CMI &#8211; [&hellip;]<\/p>\n","protected":false},"author":7,"featured_media":0,"parent":0,"menu_order":0,"comment_status":"closed","ping_status":"closed","template":"","meta":{"_et_pb_use_builder":"on","_et_pb_old_content":"","_et_gb_content_width":"","footnotes":""},"class_list":["post-956","page","type-page","status-publish","hentry"],"yoast_head":"<!-- This site is optimized with the Yoast SEO plugin v27.5 - https:\/\/yoast.com\/product\/yoast-seo-wordpress\/ -->\n<title>SITI Gearkasser \u2013 Worm, Helical &amp; Bevel Gear | Zero-Max A\/S<\/title>\n<meta name=\"description\" content=\"Udforsk det komplette udvalg af SITI gearkasser: worm gear, bevel gear, spiralformede og parallel gear med moment op til 14.000 Nm. Hurtig levering fra dansk lager hos Zero-Max.\" \/>\n<meta name=\"robots\" content=\"index, follow, max-snippet:-1, max-image-preview:large, max-video-preview:-1\" \/>\n<link rel=\"canonical\" href=\"https:\/\/zero-max.dk\/sv\/vaxellaador-siti-da\/\" \/>\n<meta property=\"og:locale\" content=\"sv_SE\" \/>\n<meta property=\"og:type\" content=\"article\" \/>\n<meta property=\"og:title\" content=\"SITI Gearkasser \u2013 Worm, Helical &amp; Bevel Gear | Zero-Max A\/S\" \/>\n<meta property=\"og:description\" content=\"Udforsk det komplette udvalg af SITI gearkasser: worm gear, bevel gear, spiralformede og parallel gear med moment op til 14.000 Nm. Hurtig levering fra dansk lager hos Zero-Max.\" \/>\n<meta property=\"og:url\" content=\"https:\/\/zero-max.dk\/sv\/vaxellaador-siti-da\/\" \/>\n<meta property=\"og:site_name\" content=\"Zero-Max A\/S\" \/>\n<meta property=\"article:modified_time\" content=\"2026-03-18T12:36:08+00:00\" \/>\n<meta name=\"twitter:card\" content=\"summary_large_image\" \/>\n<meta name=\"twitter:label1\" content=\"Ber\u00e4knad l\u00e4stid\" \/>\n\t<meta name=\"twitter:data1\" content=\"2 minuter\" \/>\n<script type=\"application\/ld+json\" class=\"yoast-schema-graph\">{\"@context\":\"https:\\\/\\\/schema.org\",\"@graph\":[{\"@type\":\"WebPage\",\"@id\":\"https:\\\/\\\/zero-max.dk\\\/siti-gearsboxes-da\\\/\",\"url\":\"https:\\\/\\\/zero-max.dk\\\/siti-gearsboxes-da\\\/\",\"name\":\"SITI Gearkasser \u2013 Worm, Helical & Bevel Gear | Zero-Max A\\\/S\",\"isPartOf\":{\"@id\":\"https:\\\/\\\/zero-max.dk\\\/#website\"},\"datePublished\":\"2019-01-02T16:49:18+00:00\",\"dateModified\":\"2026-03-18T12:36:08+00:00\",\"description\":\"Udforsk det komplette udvalg af SITI gearkasser: worm gear, bevel gear, spiralformede og parallel gear med moment op til 14.000 Nm. Hurtig levering fra dansk lager hos Zero-Max.\",\"breadcrumb\":{\"@id\":\"https:\\\/\\\/zero-max.dk\\\/siti-gearsboxes-da\\\/#breadcrumb\"},\"inLanguage\":\"sv-SE\",\"potentialAction\":[{\"@type\":\"ReadAction\",\"target\":[\"https:\\\/\\\/zero-max.dk\\\/siti-gearsboxes-da\\\/\"]}]},{\"@type\":\"BreadcrumbList\",\"@id\":\"https:\\\/\\\/zero-max.dk\\\/siti-gearsboxes-da\\\/#breadcrumb\",\"itemListElement\":[{\"@type\":\"ListItem\",\"position\":1,\"name\":\"Hjem\",\"item\":\"https:\\\/\\\/zero-max.dk\\\/\"},{\"@type\":\"ListItem\",\"position\":2,\"name\":\"SITI Gearkasser\"}]},{\"@type\":\"WebSite\",\"@id\":\"https:\\\/\\\/zero-max.dk\\\/#website\",\"url\":\"https:\\\/\\\/zero-max.dk\\\/\",\"name\":\"Zero-Max A\\\/S\",\"description\":\"\",\"potentialAction\":[{\"@type\":\"SearchAction\",\"target\":{\"@type\":\"EntryPoint\",\"urlTemplate\":\"https:\\\/\\\/zero-max.dk\\\/?s={search_term_string}\"},\"query-input\":{\"@type\":\"PropertyValueSpecification\",\"valueRequired\":true,\"valueName\":\"search_term_string\"}}],\"inLanguage\":\"sv-SE\"}]}<\/script>\n<!-- \/ Yoast SEO plugin. -->","yoast_head_json":{"title":"SITI V\u00e4xell\u00e5dor - Sn\u00e4ck-, kugg- och vinkelv\u00e4xlar | Zero-Max A\/S","description":"Utforska det kompletta utbudet av SITI-v\u00e4xell\u00e5dor: sn\u00e4ckv\u00e4xel, vinkelv\u00e4xel, spiral- och parallellv\u00e4xel med vridmoment upp till 14.000 Nm. Snabb leverans fr\u00e5n Zero-Max danska lager.","robots":{"index":"index","follow":"follow","max-snippet":"max-snippet:-1","max-image-preview":"max-image-preview:large","max-video-preview":"max-video-preview:-1"},"canonical":"https:\/\/zero-max.dk\/sv\/vaxellaador-siti-da\/","og_locale":"sv_SE","og_type":"article","og_title":"SITI Gearkasser \u2013 Worm, Helical & Bevel Gear | Zero-Max A\/S","og_description":"Udforsk det komplette udvalg af SITI gearkasser: worm gear, bevel gear, spiralformede og parallel gear med moment op til 14.000 Nm. Hurtig levering fra dansk lager hos Zero-Max.","og_url":"https:\/\/zero-max.dk\/sv\/vaxellaador-siti-da\/","og_site_name":"Zero-Max A\/S","article_modified_time":"2026-03-18T12:36:08+00:00","twitter_card":"summary_large_image","twitter_misc":{"Ber\u00e4knad l\u00e4stid":"2 minuter"},"schema":{"@context":"https:\/\/schema.org","@graph":[{"@type":"WebPage","@id":"https:\/\/zero-max.dk\/siti-gearsboxes-da\/","url":"https:\/\/zero-max.dk\/siti-gearsboxes-da\/","name":"SITI V\u00e4xell\u00e5dor - Sn\u00e4ck-, kugg- och vinkelv\u00e4xlar | Zero-Max A\/S","isPartOf":{"@id":"https:\/\/zero-max.dk\/#website"},"datePublished":"2019-01-02T16:49:18+00:00","dateModified":"2026-03-18T12:36:08+00:00","description":"Utforska det kompletta utbudet av SITI-v\u00e4xell\u00e5dor: sn\u00e4ckv\u00e4xel, vinkelv\u00e4xel, spiral- och parallellv\u00e4xel med vridmoment upp till 14.000 Nm. Snabb leverans fr\u00e5n Zero-Max danska lager.","breadcrumb":{"@id":"https:\/\/zero-max.dk\/siti-gearsboxes-da\/#breadcrumb"},"inLanguage":"sv-SE","potentialAction":[{"@type":"ReadAction","target":["https:\/\/zero-max.dk\/siti-gearsboxes-da\/"]}]},{"@type":"BreadcrumbList","@id":"https:\/\/zero-max.dk\/siti-gearsboxes-da\/#breadcrumb","itemListElement":[{"@type":"ListItem","position":1,"name":"Hjem","item":"https:\/\/zero-max.dk\/"},{"@type":"ListItem","position":2,"name":"SITI Gearkasser"}]},{"@type":"WebSite","@id":"https:\/\/zero-max.dk\/#website","url":"https:\/\/zero-max.dk\/","name":"Zero-Max A\/S","description":"","potentialAction":[{"@type":"SearchAction","target":{"@type":"EntryPoint","urlTemplate":"https:\/\/zero-max.dk\/?s={search_term_string}"},"query-input":{"@type":"PropertyValueSpecification","valueRequired":true,"valueName":"search_term_string"}}],"inLanguage":"sv-SE"}]}},"_links":{"self":[{"href":"https:\/\/zero-max.dk\/sv\/wp-json\/wp\/v2\/pages\/956","targetHints":{"allow":["GET"]}}],"collection":[{"href":"https:\/\/zero-max.dk\/sv\/wp-json\/wp\/v2\/pages"}],"about":[{"href":"https:\/\/zero-max.dk\/sv\/wp-json\/wp\/v2\/types\/page"}],"author":[{"embeddable":true,"href":"https:\/\/zero-max.dk\/sv\/wp-json\/wp\/v2\/users\/7"}],"replies":[{"embeddable":true,"href":"https:\/\/zero-max.dk\/sv\/wp-json\/wp\/v2\/comments?post=956"}],"version-history":[{"count":14,"href":"https:\/\/zero-max.dk\/sv\/wp-json\/wp\/v2\/pages\/956\/revisions"}],"predecessor-version":[{"id":6815,"href":"https:\/\/zero-max.dk\/sv\/wp-json\/wp\/v2\/pages\/956\/revisions\/6815"}],"wp:attachment":[{"href":"https:\/\/zero-max.dk\/sv\/wp-json\/wp\/v2\/media?parent=956"}],"curies":[{"name":"wp","href":"https:\/\/api.w.org\/{rel}","templated":true}]}}